{"id":155978,"date":"2022-03-09T12:14:19","date_gmt":"2022-03-09T12:14:19","guid":{"rendered":"http:\/\/guerssen.hl1097.dinaserver.com\/soon\/"},"modified":"2025-04-02T12:01:31","modified_gmt":"2025-04-02T10:01:31","slug":"soon","status":"publish","type":"page","link":"https:\/\/wpguerssen-test.odoo.rgbconsulting.com\/es\/soon\/","title":{"rendered":"Pr\u00f3ximamente"},"content":{"rendered":"<h4 class=\"wp-block-heading\">Estamos preparando un mont\u00f3n de grandes lanzamientos aqu\u00ed, en Guerssen!!!<\/h4><p>\u00a1Aqu\u00ed hay un listado de lo que va a salir pronto!<\/p><p>ROMPEASES  \u00abRompeases\u00bb  LP \/ Digital   (ARG, 1982)<\/p><p>CAPTAIN MARRYAT  \u00abCaptain Marryat\u00bb  LP \/ Digital  (SCO, 1974)<\/p><p>MARIE CELESTE  \u00abAnd then perhaps\u00bb  LP \/Digital  (UK, 1971)<\/p><p>TRUCK  \u00abSurprise, surprise\u00bb  LP \/ Digital   (Malaysia, 1974)<\/p><p>KAHVAS JUTE  \u00abWide open\u00bb   LP \/ Digital   (AU, 1971)<\/p><p>CHURCHILLS, The   \u00abThe Churchills\u00bb   LP  (ISR, 1968)<\/p><p>TWILIGHTS, The   \u00abOnce upon a twilight&#8230;\u00bb   LP   (AUS, 1968)<\/p><p>CHILDREN OF THE MUSHROOM   \u00abLady\u00bb  LP \/ CD \/ Digital  (USA,  1971)<\/p><p>JODO  \u00abGuts\u00bb   LP \/ CD \/ Digital    (UK,  1971)<\/p><p>IT&#8217;S ALL MEAT   \u00abIt&#8217;s all meat\u00bb   LP  (CAN, 1970)<\/p><p>4 LEVELS OF EXISTENCE  \u00abThe 4 levels of existence\u00bb  LP  (GRE, 1976)<\/p><p>TRIPSICHORD MUSIC BOX   \u00abTripsichord Music Box\u00bb  LP   (USA, 1970)<\/p><p>VARIOUS ARTISTS   \u00abFifth Pipe Dream vol. 1\u00bb   LP   (USA, 1968)<\/p><p>BLACK WIDOW \u00abReturn to the Sabbat\u00bb LP (UK, 1969)<\/p><p>THE BOLTON IRON MAIDEN   \u00abMaiden Flight\u00bb  LP \/ CD \/ Digital   (UK, 1971-76)<\/p><p>THE EYES   \u00abMy degeneration\u00bb   LP    (UK, 1965\/66)<\/p><p>DAVE   \u00abWhatever happened to&#8230;?\u00bb   LP \/ Digital   (UK, 2005)<\/p><p>FYTER   \u00abFyter\u00bb   LP   (USA, 1978)<\/p><p>FYTER   \u00abFlying\u00bb   LP   (unreleased, USA)<\/p><p>ROCKETS   \u00abDe mi para ti\u00bb   LP   (Nicaragua, 77)<\/p><p>MUSICA URBANA&nbsp;&nbsp;&nbsp;&nbsp;&nbsp;&nbsp;&nbsp;&nbsp;&nbsp;&nbsp; \u201cM\u00fasica Urbana\u201d&nbsp;&nbsp; LP&nbsp;&nbsp; (CAT, 76)<\/p><p><\/p>","protected":false},"excerpt":{"rendered":"<p>Estamos preparando un mont\u00f3n de grandes lanzamientos aqu\u00ed, en Guerssen!!! \u00a1Aqu\u00ed hay un listado de lo que va a salir pronto! ROMPEASES \u00abRompeases\u00bb LP \/ Digital<a class=\"read\" href=\"https:\/\/wpguerssen-test.odoo.rgbconsulting.com\/es\/soon\/\"> (...)<\/a>","protected":false},"author":1,"featured_media":0,"parent":0,"menu_order":0,"comment_status":"closed","ping_status":"closed","template":"","meta":{"_acf_changed":false,"footnotes":""},"class_list":["post-155978","page","type-page","status-publish","hentry"],"acf":[],"yoast_head":"<!-- This site is optimized with the Yoast SEO plugin v24.9 - https:\/\/yoast.com\/wordpress\/plugins\/seo\/ -->\n<title>Pr\u00f3ximamente - Guerssen records<\/title>\n<meta name=\"robots\" content=\"index, follow, max-snippet:-1, max-image-preview:large, max-video-preview:-1\" \/>\n<link rel=\"canonical\" href=\"https:\/\/wpguerssen-test.odoo.rgbconsulting.com\/es\/soon\/\" \/>\n<meta property=\"og:locale\" content=\"es_ES\" \/>\n<meta property=\"og:type\" content=\"article\" \/>\n<meta property=\"og:title\" content=\"Pr\u00f3ximamente - Guerssen records\" \/>\n<meta property=\"og:description\" content=\"Estamos preparando un mont\u00f3n de grandes lanzamientos aqu\u00ed, en Guerssen!!! \u00a1Aqu\u00ed hay un listado de lo que va a salir pronto! ROMPEASES \u00abRompeases\u00bb LP \/ Digital (ARG, 1982) CAPTAIN MARRYAT \u00abCaptain Marryat\u00bb LP \/ Digital (SCO, 1974) MARIE CELESTE \u00abAnd then perhaps\u00bb LP \/Digital (UK, 1971) TRUCK \u00abSurprise, surprise\u00bb LP \/ Digital (Malaysia, 1974) KAHVAS [&hellip;]\" \/>\n<meta property=\"og:url\" content=\"https:\/\/wpguerssen-test.odoo.rgbconsulting.com\/es\/soon\/\" \/>\n<meta property=\"og:site_name\" content=\"Guerssen records\" \/>\n<meta property=\"article:modified_time\" content=\"2025-04-02T10:01:31+00:00\" \/>\n<meta name=\"twitter:card\" content=\"summary_large_image\" \/>\n<meta name=\"twitter:label1\" content=\"Tiempo de lectura\" \/>\n\t<meta name=\"twitter:data1\" content=\"1 minuto\" \/>\n<script type=\"application\/ld+json\" class=\"yoast-schema-graph\">{\"@context\":\"https:\/\/schema.org\",\"@graph\":[{\"@type\":\"WebPage\",\"@id\":\"https:\/\/wpguerssen-test.odoo.rgbconsulting.com\/es\/soon\/\",\"url\":\"https:\/\/wpguerssen-test.odoo.rgbconsulting.com\/es\/soon\/\",\"name\":\"Pr\u00f3ximamente - Guerssen records\",\"isPartOf\":{\"@id\":\"https:\/\/wpguerssen-test.odoo.rgbconsulting.com\/es\/#website\"},\"datePublished\":\"2022-03-09T12:14:19+00:00\",\"dateModified\":\"2025-04-02T10:01:31+00:00\",\"breadcrumb\":{\"@id\":\"https:\/\/wpguerssen-test.odoo.rgbconsulting.com\/es\/soon\/#breadcrumb\"},\"inLanguage\":\"es\",\"potentialAction\":[{\"@type\":\"ReadAction\",\"target\":[\"https:\/\/wpguerssen-test.odoo.rgbconsulting.com\/es\/soon\/\"]}]},{\"@type\":\"BreadcrumbList\",\"@id\":\"https:\/\/wpguerssen-test.odoo.rgbconsulting.com\/es\/soon\/#breadcrumb\",\"itemListElement\":[{\"@type\":\"ListItem\",\"position\":1,\"name\":\"Inicio\",\"item\":\"https:\/\/wpguerssen-test.odoo.rgbconsulting.com\/es\/\"},{\"@type\":\"ListItem\",\"position\":2,\"name\":\"Pr\u00f3ximamente\"}]},{\"@type\":\"WebSite\",\"@id\":\"https:\/\/wpguerssen-test.odoo.rgbconsulting.com\/es\/#website\",\"url\":\"https:\/\/wpguerssen-test.odoo.rgbconsulting.com\/es\/\",\"name\":\"Guerssen records\",\"description\":\"psychedelia - progressive - folk - garage \",\"publisher\":{\"@id\":\"https:\/\/wpguerssen-test.odoo.rgbconsulting.com\/es\/#organization\"},\"potentialAction\":[{\"@type\":\"SearchAction\",\"target\":{\"@type\":\"EntryPoint\",\"urlTemplate\":\"https:\/\/wpguerssen-test.odoo.rgbconsulting.com\/es\/?s={search_term_string}\"},\"query-input\":{\"@type\":\"PropertyValueSpecification\",\"valueRequired\":true,\"valueName\":\"search_term_string\"}}],\"inLanguage\":\"es\"},{\"@type\":\"Organization\",\"@id\":\"https:\/\/wpguerssen-test.odoo.rgbconsulting.com\/es\/#organization\",\"name\":\"Guerssen records\",\"url\":\"https:\/\/wpguerssen-test.odoo.rgbconsulting.com\/es\/\",\"logo\":{\"@type\":\"ImageObject\",\"inLanguage\":\"es\",\"@id\":\"https:\/\/wpguerssen-test.odoo.rgbconsulting.com\/es\/#\/schema\/logo\/image\/\",\"url\":\"https:\/\/wpguerssen-test.odoo.rgbconsulting.com\/wp-content\/uploads\/2022\/04\/Logo_Guerssen_trans_100.png\",\"contentUrl\":\"https:\/\/wpguerssen-test.odoo.rgbconsulting.com\/wp-content\/uploads\/2022\/04\/Logo_Guerssen_trans_100.png\",\"width\":122,\"height\":100,\"caption\":\"Guerssen records\"},\"image\":{\"@id\":\"https:\/\/wpguerssen-test.odoo.rgbconsulting.com\/es\/#\/schema\/logo\/image\/\"}}]}<\/script>\n<!-- \/ Yoast SEO plugin. -->","yoast_head_json":{"title":"Pr\u00f3ximamente - Guerssen records","robots":{"index":"index","follow":"follow","max-snippet":"max-snippet:-1","max-image-preview":"max-image-preview:large","max-video-preview":"max-video-preview:-1"},"canonical":"https:\/\/wpguerssen-test.odoo.rgbconsulting.com\/es\/soon\/","og_locale":"es_ES","og_type":"article","og_title":"Pr\u00f3ximamente - Guerssen records","og_description":"Estamos preparando un mont\u00f3n de grandes lanzamientos aqu\u00ed, en Guerssen!!! \u00a1Aqu\u00ed hay un listado de lo que va a salir pronto! ROMPEASES \u00abRompeases\u00bb LP \/ Digital (ARG, 1982) CAPTAIN MARRYAT \u00abCaptain Marryat\u00bb LP \/ Digital (SCO, 1974) MARIE CELESTE \u00abAnd then perhaps\u00bb LP \/Digital (UK, 1971) TRUCK \u00abSurprise, surprise\u00bb LP \/ Digital (Malaysia, 1974) KAHVAS [&hellip;]","og_url":"https:\/\/wpguerssen-test.odoo.rgbconsulting.com\/es\/soon\/","og_site_name":"Guerssen records","article_modified_time":"2025-04-02T10:01:31+00:00","twitter_card":"summary_large_image","twitter_misc":{"Tiempo de lectura":"1 minuto"},"schema":{"@context":"https:\/\/schema.org","@graph":[{"@type":"WebPage","@id":"https:\/\/wpguerssen-test.odoo.rgbconsulting.com\/es\/soon\/","url":"https:\/\/wpguerssen-test.odoo.rgbconsulting.com\/es\/soon\/","name":"Pr\u00f3ximamente - Guerssen records","isPartOf":{"@id":"https:\/\/wpguerssen-test.odoo.rgbconsulting.com\/es\/#website"},"datePublished":"2022-03-09T12:14:19+00:00","dateModified":"2025-04-02T10:01:31+00:00","breadcrumb":{"@id":"https:\/\/wpguerssen-test.odoo.rgbconsulting.com\/es\/soon\/#breadcrumb"},"inLanguage":"es","potentialAction":[{"@type":"ReadAction","target":["https:\/\/wpguerssen-test.odoo.rgbconsulting.com\/es\/soon\/"]}]},{"@type":"BreadcrumbList","@id":"https:\/\/wpguerssen-test.odoo.rgbconsulting.com\/es\/soon\/#breadcrumb","itemListElement":[{"@type":"ListItem","position":1,"name":"Inicio","item":"https:\/\/wpguerssen-test.odoo.rgbconsulting.com\/es\/"},{"@type":"ListItem","position":2,"name":"Pr\u00f3ximamente"}]},{"@type":"WebSite","@id":"https:\/\/wpguerssen-test.odoo.rgbconsulting.com\/es\/#website","url":"https:\/\/wpguerssen-test.odoo.rgbconsulting.com\/es\/","name":"Guerssen records","description":"psychedelia - progressive - folk - garage ","publisher":{"@id":"https:\/\/wpguerssen-test.odoo.rgbconsulting.com\/es\/#organization"},"potentialAction":[{"@type":"SearchAction","target":{"@type":"EntryPoint","urlTemplate":"https:\/\/wpguerssen-test.odoo.rgbconsulting.com\/es\/?s={search_term_string}"},"query-input":{"@type":"PropertyValueSpecification","valueRequired":true,"valueName":"search_term_string"}}],"inLanguage":"es"},{"@type":"Organization","@id":"https:\/\/wpguerssen-test.odoo.rgbconsulting.com\/es\/#organization","name":"Guerssen records","url":"https:\/\/wpguerssen-test.odoo.rgbconsulting.com\/es\/","logo":{"@type":"ImageObject","inLanguage":"es","@id":"https:\/\/wpguerssen-test.odoo.rgbconsulting.com\/es\/#\/schema\/logo\/image\/","url":"https:\/\/wpguerssen-test.odoo.rgbconsulting.com\/wp-content\/uploads\/2022\/04\/Logo_Guerssen_trans_100.png","contentUrl":"https:\/\/wpguerssen-test.odoo.rgbconsulting.com\/wp-content\/uploads\/2022\/04\/Logo_Guerssen_trans_100.png","width":122,"height":100,"caption":"Guerssen records"},"image":{"@id":"https:\/\/wpguerssen-test.odoo.rgbconsulting.com\/es\/#\/schema\/logo\/image\/"}}]}},"_links":{"self":[{"href":"https:\/\/wpguerssen-test.odoo.rgbconsulting.com\/es\/wp-json\/wp\/v2\/pages\/155978","targetHints":{"allow":["GET"]}}],"collection":[{"href":"https:\/\/wpguerssen-test.odoo.rgbconsulting.com\/es\/wp-json\/wp\/v2\/pages"}],"about":[{"href":"https:\/\/wpguerssen-test.odoo.rgbconsulting.com\/es\/wp-json\/wp\/v2\/types\/page"}],"author":[{"embeddable":true,"href":"https:\/\/wpguerssen-test.odoo.rgbconsulting.com\/es\/wp-json\/wp\/v2\/users\/1"}],"replies":[{"embeddable":true,"href":"https:\/\/wpguerssen-test.odoo.rgbconsulting.com\/es\/wp-json\/wp\/v2\/comments?post=155978"}],"version-history":[{"count":0,"href":"https:\/\/wpguerssen-test.odoo.rgbconsulting.com\/es\/wp-json\/wp\/v2\/pages\/155978\/revisions"}],"wp:attachment":[{"href":"https:\/\/wpguerssen-test.odoo.rgbconsulting.com\/es\/wp-json\/wp\/v2\/media?parent=155978"}],"curies":[{"name":"wp","href":"https:\/\/api.w.org\/{rel}","templated":true}]}}