{"id":155980,"date":"2022-03-09T12:15:38","date_gmt":"2022-03-09T12:15:38","guid":{"rendered":"http:\/\/guerssen.hl1097.dinaserver.com\/sync-licensing\/"},"modified":"2022-06-23T11:53:20","modified_gmt":"2022-06-23T11:53:20","slug":"sync-licensing","status":"publish","type":"page","link":"https:\/\/wpguerssen-test.odoo.rgbconsulting.com\/es\/sync-licensing\/","title":{"rendered":"Sync \/ licensing"},"content":{"rendered":"<h4 class=\"wp-block-heading\"><strong>Una buena parte de nuestro cat\u00e1logo, y de otros cat\u00e1logos, est\u00e1 disponible para anuncios, series de TV, pel\u00edculas, videojuegos y samples, a trav\u00e9s de nuestro Servicio de Licencias de Sync.<\/strong><\/h4><p>Las licencias de producto f\u00edsico de algunos de nuestros t\u00edtulos tambi\u00e9n est\u00e1n disponibles bajo demanda. Cualquier consulta que puedas tener al respecto, comun\u00edcate con nuestro Departamento de Licencias a trav\u00e9s de <a href=\"mailto:bo@wpguerssen-test.odoo.rgbconsulting.com?subject=SYNC REQUEST\" target=\"_blank\" rel=\"noreferrer noopener nofollow\">AQU\u00cd<\/a><\/p><p>Se a\u00f1aden nuevos t\u00edtulos cont\u00ednuamente. Puedes unirte a nuestra lista de correo de sync <a href=\"mailto:sales@wpguerssen-test.odoo.rgbconsulting.com?subject=Me quiero unir a la lista de correo de sync, por favor\" target=\"_blank\" rel=\"noreferrer noopener nofollow\">AQU\u00cd<\/a> !!!<\/p>","protected":false},"excerpt":{"rendered":"<p>Una buena parte de nuestro cat\u00e1logo, y de otros cat\u00e1logos, est\u00e1 disponible para anuncios, series de TV, pel\u00edculas, videojuegos y samples, a trav\u00e9s de nuestro<a class=\"read\" href=\"https:\/\/wpguerssen-test.odoo.rgbconsulting.com\/es\/sync-licensing\/\"> (...)<\/a>","protected":false},"author":1,"featured_media":0,"parent":0,"menu_order":0,"comment_status":"closed","ping_status":"closed","template":"templates\/sync.php","meta":{"_acf_changed":false,"footnotes":""},"class_list":["post-155980","page","type-page","status-publish","hentry"],"acf":[],"yoast_head":"<!-- This site is optimized with the Yoast SEO plugin v24.9 - https:\/\/yoast.com\/wordpress\/plugins\/seo\/ -->\n<title>Sync \/ licensing - Guerssen records<\/title>\n<meta name=\"robots\" content=\"index, follow, max-snippet:-1, max-image-preview:large, max-video-preview:-1\" \/>\n<link rel=\"canonical\" href=\"https:\/\/wpguerssen-test.odoo.rgbconsulting.com\/es\/sync-licensing\/\" \/>\n<meta property=\"og:locale\" content=\"es_ES\" \/>\n<meta property=\"og:type\" content=\"article\" \/>\n<meta property=\"og:title\" content=\"Sync \/ licensing - Guerssen records\" \/>\n<meta property=\"og:description\" content=\"Una buena parte de nuestro cat\u00e1logo, y de otros cat\u00e1logos, est\u00e1 disponible para anuncios, series de TV, pel\u00edculas, videojuegos y samples, a trav\u00e9s de nuestro Servicio de Licencias de Sync. Las licencias de producto f\u00edsico de algunos de nuestros t\u00edtulos tambi\u00e9n est\u00e1n disponibles bajo demanda. Cualquier consulta que puedas tener al respecto, comun\u00edcate con nuestro [&hellip;]\" \/>\n<meta property=\"og:url\" content=\"https:\/\/wpguerssen-test.odoo.rgbconsulting.com\/es\/sync-licensing\/\" \/>\n<meta property=\"og:site_name\" content=\"Guerssen records\" \/>\n<meta property=\"article:modified_time\" content=\"2022-06-23T11:53:20+00:00\" \/>\n<meta name=\"twitter:card\" content=\"summary_large_image\" \/>\n<meta name=\"twitter:label1\" content=\"Tiempo de lectura\" \/>\n\t<meta name=\"twitter:data1\" content=\"1 minuto\" \/>\n<script type=\"application\/ld+json\" class=\"yoast-schema-graph\">{\"@context\":\"https:\/\/schema.org\",\"@graph\":[{\"@type\":\"WebPage\",\"@id\":\"https:\/\/wpguerssen-test.odoo.rgbconsulting.com\/es\/sync-licensing\/\",\"url\":\"https:\/\/wpguerssen-test.odoo.rgbconsulting.com\/es\/sync-licensing\/\",\"name\":\"Sync \/ licensing - Guerssen records\",\"isPartOf\":{\"@id\":\"https:\/\/wpguerssen-test.odoo.rgbconsulting.com\/es\/#website\"},\"datePublished\":\"2022-03-09T12:15:38+00:00\",\"dateModified\":\"2022-06-23T11:53:20+00:00\",\"breadcrumb\":{\"@id\":\"https:\/\/wpguerssen-test.odoo.rgbconsulting.com\/es\/sync-licensing\/#breadcrumb\"},\"inLanguage\":\"es\",\"potentialAction\":[{\"@type\":\"ReadAction\",\"target\":[\"https:\/\/wpguerssen-test.odoo.rgbconsulting.com\/es\/sync-licensing\/\"]}]},{\"@type\":\"BreadcrumbList\",\"@id\":\"https:\/\/wpguerssen-test.odoo.rgbconsulting.com\/es\/sync-licensing\/#breadcrumb\",\"itemListElement\":[{\"@type\":\"ListItem\",\"position\":1,\"name\":\"Inicio\",\"item\":\"https:\/\/wpguerssen-test.odoo.rgbconsulting.com\/es\/\"},{\"@type\":\"ListItem\",\"position\":2,\"name\":\"Sync \/ licensing\"}]},{\"@type\":\"WebSite\",\"@id\":\"https:\/\/wpguerssen-test.odoo.rgbconsulting.com\/es\/#website\",\"url\":\"https:\/\/wpguerssen-test.odoo.rgbconsulting.com\/es\/\",\"name\":\"Guerssen records\",\"description\":\"psychedelia - progressive - folk - garage \",\"publisher\":{\"@id\":\"https:\/\/wpguerssen-test.odoo.rgbconsulting.com\/es\/#organization\"},\"potentialAction\":[{\"@type\":\"SearchAction\",\"target\":{\"@type\":\"EntryPoint\",\"urlTemplate\":\"https:\/\/wpguerssen-test.odoo.rgbconsulting.com\/es\/?s={search_term_string}\"},\"query-input\":{\"@type\":\"PropertyValueSpecification\",\"valueRequired\":true,\"valueName\":\"search_term_string\"}}],\"inLanguage\":\"es\"},{\"@type\":\"Organization\",\"@id\":\"https:\/\/wpguerssen-test.odoo.rgbconsulting.com\/es\/#organization\",\"name\":\"Guerssen records\",\"url\":\"https:\/\/wpguerssen-test.odoo.rgbconsulting.com\/es\/\",\"logo\":{\"@type\":\"ImageObject\",\"inLanguage\":\"es\",\"@id\":\"https:\/\/wpguerssen-test.odoo.rgbconsulting.com\/es\/#\/schema\/logo\/image\/\",\"url\":\"https:\/\/wpguerssen-test.odoo.rgbconsulting.com\/wp-content\/uploads\/2022\/04\/Logo_Guerssen_trans_100.png\",\"contentUrl\":\"https:\/\/wpguerssen-test.odoo.rgbconsulting.com\/wp-content\/uploads\/2022\/04\/Logo_Guerssen_trans_100.png\",\"width\":122,\"height\":100,\"caption\":\"Guerssen records\"},\"image\":{\"@id\":\"https:\/\/wpguerssen-test.odoo.rgbconsulting.com\/es\/#\/schema\/logo\/image\/\"}}]}<\/script>\n<!-- \/ Yoast SEO plugin. -->","yoast_head_json":{"title":"Sync \/ licensing - Guerssen records","robots":{"index":"index","follow":"follow","max-snippet":"max-snippet:-1","max-image-preview":"max-image-preview:large","max-video-preview":"max-video-preview:-1"},"canonical":"https:\/\/wpguerssen-test.odoo.rgbconsulting.com\/es\/sync-licensing\/","og_locale":"es_ES","og_type":"article","og_title":"Sync \/ licensing - Guerssen records","og_description":"Una buena parte de nuestro cat\u00e1logo, y de otros cat\u00e1logos, est\u00e1 disponible para anuncios, series de TV, pel\u00edculas, videojuegos y samples, a trav\u00e9s de nuestro Servicio de Licencias de Sync. Las licencias de producto f\u00edsico de algunos de nuestros t\u00edtulos tambi\u00e9n est\u00e1n disponibles bajo demanda. Cualquier consulta que puedas tener al respecto, comun\u00edcate con nuestro [&hellip;]","og_url":"https:\/\/wpguerssen-test.odoo.rgbconsulting.com\/es\/sync-licensing\/","og_site_name":"Guerssen records","article_modified_time":"2022-06-23T11:53:20+00:00","twitter_card":"summary_large_image","twitter_misc":{"Tiempo de lectura":"1 minuto"},"schema":{"@context":"https:\/\/schema.org","@graph":[{"@type":"WebPage","@id":"https:\/\/wpguerssen-test.odoo.rgbconsulting.com\/es\/sync-licensing\/","url":"https:\/\/wpguerssen-test.odoo.rgbconsulting.com\/es\/sync-licensing\/","name":"Sync \/ licensing - Guerssen records","isPartOf":{"@id":"https:\/\/wpguerssen-test.odoo.rgbconsulting.com\/es\/#website"},"datePublished":"2022-03-09T12:15:38+00:00","dateModified":"2022-06-23T11:53:20+00:00","breadcrumb":{"@id":"https:\/\/wpguerssen-test.odoo.rgbconsulting.com\/es\/sync-licensing\/#breadcrumb"},"inLanguage":"es","potentialAction":[{"@type":"ReadAction","target":["https:\/\/wpguerssen-test.odoo.rgbconsulting.com\/es\/sync-licensing\/"]}]},{"@type":"BreadcrumbList","@id":"https:\/\/wpguerssen-test.odoo.rgbconsulting.com\/es\/sync-licensing\/#breadcrumb","itemListElement":[{"@type":"ListItem","position":1,"name":"Inicio","item":"https:\/\/wpguerssen-test.odoo.rgbconsulting.com\/es\/"},{"@type":"ListItem","position":2,"name":"Sync \/ licensing"}]},{"@type":"WebSite","@id":"https:\/\/wpguerssen-test.odoo.rgbconsulting.com\/es\/#website","url":"https:\/\/wpguerssen-test.odoo.rgbconsulting.com\/es\/","name":"Guerssen records","description":"psychedelia - progressive - folk - garage ","publisher":{"@id":"https:\/\/wpguerssen-test.odoo.rgbconsulting.com\/es\/#organization"},"potentialAction":[{"@type":"SearchAction","target":{"@type":"EntryPoint","urlTemplate":"https:\/\/wpguerssen-test.odoo.rgbconsulting.com\/es\/?s={search_term_string}"},"query-input":{"@type":"PropertyValueSpecification","valueRequired":true,"valueName":"search_term_string"}}],"inLanguage":"es"},{"@type":"Organization","@id":"https:\/\/wpguerssen-test.odoo.rgbconsulting.com\/es\/#organization","name":"Guerssen records","url":"https:\/\/wpguerssen-test.odoo.rgbconsulting.com\/es\/","logo":{"@type":"ImageObject","inLanguage":"es","@id":"https:\/\/wpguerssen-test.odoo.rgbconsulting.com\/es\/#\/schema\/logo\/image\/","url":"https:\/\/wpguerssen-test.odoo.rgbconsulting.com\/wp-content\/uploads\/2022\/04\/Logo_Guerssen_trans_100.png","contentUrl":"https:\/\/wpguerssen-test.odoo.rgbconsulting.com\/wp-content\/uploads\/2022\/04\/Logo_Guerssen_trans_100.png","width":122,"height":100,"caption":"Guerssen records"},"image":{"@id":"https:\/\/wpguerssen-test.odoo.rgbconsulting.com\/es\/#\/schema\/logo\/image\/"}}]}},"_links":{"self":[{"href":"https:\/\/wpguerssen-test.odoo.rgbconsulting.com\/es\/wp-json\/wp\/v2\/pages\/155980","targetHints":{"allow":["GET"]}}],"collection":[{"href":"https:\/\/wpguerssen-test.odoo.rgbconsulting.com\/es\/wp-json\/wp\/v2\/pages"}],"about":[{"href":"https:\/\/wpguerssen-test.odoo.rgbconsulting.com\/es\/wp-json\/wp\/v2\/types\/page"}],"author":[{"embeddable":true,"href":"https:\/\/wpguerssen-test.odoo.rgbconsulting.com\/es\/wp-json\/wp\/v2\/users\/1"}],"replies":[{"embeddable":true,"href":"https:\/\/wpguerssen-test.odoo.rgbconsulting.com\/es\/wp-json\/wp\/v2\/comments?post=155980"}],"version-history":[{"count":0,"href":"https:\/\/wpguerssen-test.odoo.rgbconsulting.com\/es\/wp-json\/wp\/v2\/pages\/155980\/revisions"}],"wp:attachment":[{"href":"https:\/\/wpguerssen-test.odoo.rgbconsulting.com\/es\/wp-json\/wp\/v2\/media?parent=155980"}],"curies":[{"name":"wp","href":"https:\/\/api.w.org\/{rel}","templated":true}]}}