{"id":211934,"date":"2022-06-14T11:25:10","date_gmt":"2022-06-14T11:25:10","guid":{"rendered":"http:\/\/guerssen.hl1097.dinaserver.com\/terminos-y-condiciones\/"},"modified":"2024-02-01T10:55:19","modified_gmt":"2024-02-01T09:55:19","slug":"terminos-y-condiciones","status":"publish","type":"page","link":"https:\/\/wpguerssen-test.odoo.rgbconsulting.com\/es\/terminos-y-condiciones\/","title":{"rendered":"T\u00e9rminos y condiciones"},"content":{"rendered":"<p class=\"has-black-color has-text-color has-link-color wp-elements-40ccf336f8e03cf2896c2a8bcc0d6f12\"><strong>1.-INFORMACI\u00d3N RELEVANTE<\/strong><\/p><p class=\"has-black-color has-text-color has-link-color wp-elements-b4d3c8c211e9af28935fb088b78d7c9e\">Es requisito necesario para la adquisici\u00f3n de los productos que se ofrecen en este sitio, que lea y acepte los siguientes T\u00e9rminos y Condiciones que a continuaci\u00f3n se detallan.<\/p><p class=\"has-black-color has-text-color has-link-color wp-elements-ecb682c917fdf59cffddf3ce827ee9d9\">&nbsp;1.1- El uso de nuestros servicios, as\u00ed como la compra de nuestros productos implicar\u00e1 que usted ha le\u00eddo y aceptado los T\u00e9rminos y Condiciones de Uso en el presente documento. Todas los productos que son ofrecidos por nuestro sitio web pudieran ser creados, cobrados, enviados o presentados por una p\u00e1gina web tercera y en tal caso estar\u00edan sujetas a sus propios T\u00e9rminos y Condiciones.<\/p><p class=\"has-black-color has-text-color has-link-color wp-elements-fb0635b0ac8941973f527edcd5a3bfef\">1.2.- En algunos casos, para adquirir un producto, ser\u00e1 necesario el registro por parte del usuario, con ingreso de datos personales fidedignos y definici\u00f3n de una contrase\u00f1a. El usuario puede elegir y cambiar la clave para su acceso de administraci\u00f3n de la cuenta en cualquier momento, en caso de que se haya registrado y que sea necesario para la compra de alguno de nuestros productos, GUERSSEN RECORDS no asume la responsabilidad en caso de que entregue dicha clave a terceros.<\/p><p class=\"has-black-color has-text-color has-link-color wp-elements-701004212d2779ebfc6d23d11e11db73\">&nbsp;1.3.- Todas las compras y transacciones que se lleven a cabo por medio de este sitio web, est\u00e1n sujetas a un proceso de confirmaci\u00f3n y verificaci\u00f3n, el cual podr\u00eda incluir la verificaci\u00f3n del stock y disponibilidad de producto, validaci\u00f3n de la forma de pago, validaci\u00f3n de la factura (en caso de existir) y el cumplimiento de las condiciones requeridas por el medio de pago seleccionado. En algunos casos puede que se requiera una verificaci\u00f3n por medio de correo electr\u00f3nico.<\/p><p class=\"has-black-color has-text-color has-link-color wp-elements-7be2b4df9380ccd92ed4fe91d5d6ca6d\">1.4.- Los precios de los productos ofrecidos en GUERSSEN RECORDS son v\u00e1lidos solamente en las compras realizadas en este sitio web.<\/p><p class=\"has-black-color has-text-color has-link-color wp-elements-bb7b356bc91d0543b5cca77c170aa4d2\"><strong>2.- LICENCIA<\/strong><\/p><p class=\"has-black-color has-text-color has-link-color wp-elements-9f1dfb5efba4433ef3820e9b6685429e\">GUERSSEN RECORDS a trav\u00e9s de su sitio web concede una licencia para que los usuarios utilicen los productos que son vendidos en este sitio web de acuerdo a los T\u00e9rminos y Condiciones que se describen en este documento.<\/p><p class=\"has-black-color has-text-color has-link-color wp-elements-34b7c3b2299afbf8d6b4ac00e9e0293d\"><strong>3.- PROPIEDAD<\/strong><\/p><p class=\"has-black-color has-text-color has-link-color wp-elements-fd749a85614d5c05e0aaec19f8dd19e3\">3.1.-Usted no puede declarar propiedad intelectual o exclusiva a ninguno de nuestros productos, modificado o sin modificar. Todos los productos son propiedad de los proveedores del contenido.<\/p><p class=\"has-black-color has-text-color has-link-color wp-elements-0573072a008e8dcbeffae97b12f1d9b5\">&nbsp;3.2.- En caso de que no se especifique lo contrario, nuestros productos se proporcionan sin ning\u00fan tipo de garant\u00eda, expresa o impl\u00edcita. En ning\u00fan caso esta compa\u00f1\u00eda ser\u00e1 responsable de ning\u00fan da\u00f1o incluyendo, pero no limitado a, da\u00f1os directos, indirectos, especiales, fortuitos o consecuentes u otras p\u00e9rdidas resultantes del uso o de la imposibilidad de utilizar nuestros productos.<\/p><p class=\"has-black-color has-text-color has-link-color wp-elements-a145e7693581b61ffe6d4cb0ff5533b3\"><strong>4.- POL\u00cdTICA DE DEVOLUCIONES Y REEMBOLSOS<\/strong><\/p><p class=\"has-black-color has-text-color has-link-color wp-elements-f647d338fa3d47aabb69fd896bc3e618\">4.1 El comprador deber\u00e1 inspeccionar la mercanc\u00eda a la entrega para comprobar si \u00e9sta llega en perfectas condiciones. El comprador est\u00e1 obligado a comunicar a Guerssen, por escrito, cualquier queja sobre la mercanc\u00eda suministrada por nosotros, dentro de 3 (tres) d\u00edas despu\u00e9s de la recepci\u00f3n de la mercanc\u00eda. Esto tambi\u00e9n se aplica a los art\u00edculos no solicitados, pero entregados por error. Si se trata de una mercanc\u00eda da\u00f1ada, sea \u00e9sta visible o no en el embalaje externo, el comprador deber\u00e1 presentar a Guerssen, por escrito, cualquier queja sobre los bienes que entregar, dentro de los tres (3) d\u00edas despu\u00e9s de la recepci\u00f3n de la mercanc\u00eda.<\/p><p class=\"has-black-color has-text-color has-link-color wp-elements-c70cf6bdf43e225162d4473d99a6421f\">GUERSSEN no se hace responsable de da\u00f1os ocasionados por uso indebido de la mercanc\u00eda por parte del comprador.<\/p><p class=\"has-black-color has-text-color has-link-color wp-elements-27101990ef574bbdb793499f3936cd79\">Es importante indicar el n\u00famero de factura en las quejas que se presenten.<\/p><p class=\"has-black-color has-text-color has-link-color wp-elements-6f1677a164790ae451c7d581c622cef8\">A falta de dicha presentaci\u00f3n oportuna de las quejas, cualquier reclamaci\u00f3n contra nosotros quedar\u00e1 anulada.<\/p><p class=\"has-black-color has-text-color has-link-color wp-elements-a617ea8136cdeab5c019c034d8990f09\">4.2 Todas las devoluciones deben ser aprobadas por Guerssen por escrito. El comprador no deber\u00e1 devolver ning\u00fan producto sin esta aprobaci\u00f3n.<\/p><p class=\"has-black-color has-text-color has-link-color wp-elements-f40d752e929e09cc377b6160c16def8f\">4.3 Las mercanc\u00edas devueltas deben ser recibidas por nosotros a m\u00e1s tardar 15 d\u00edas despu\u00e9s de nuestra autorizaci\u00f3n para su devoluci\u00f3n, y deben ser recibidas en las mismas exactas condiciones que fueron enviadas. A menos que se acuerde lo contrario, los costes de la devoluci\u00f3n de la mercanc\u00eda corren por cuenta y riesgo del comprador.<br><br>4.4 Los reembolsos ser\u00e1n efectivos dentro de los ocho (8) d\u00edas despu\u00e9s de que la devoluci\u00f3n haya sido entregada y en la misma plataforma de pago que se efectu\u00f3.<br><br>La comunicaci\u00f3n escrita debe ser enviada a:<br><a href=\"mailto:bo@wpguerssen-test.odoo.rgbconsulting.com\">bo@wpguerssen-test.odoo.rgbconsulting.com<\/a><br><br>Las devoluciones deben ser enviadas a:<br>GUERSSEN<br>Avda. Alcalde Porqueres, 105, baixos<br>25005 LLEIDA<\/p><p class=\"has-black-color has-text-color has-link-color wp-elements-e7ceb1dbdc0c0de2649ef698d4833214\"><strong>5.- COMPROBACI\u00d3N ANTIFRAUDE<\/strong><\/p><p class=\"has-black-color has-text-color has-link-color wp-elements-84e8263f68d5684d0d08df9c9cd4cd92\">&nbsp;La compra del cliente puede ser aplazada para la comprobaci\u00f3n antifraude. Tambi\u00e9n puede ser suspendida por m\u00e1s tiempo para una investigaci\u00f3n m\u00e1s rigurosa, para evitar transacciones fraudulentas.<\/p><p class=\"has-black-color has-text-color has-link-color wp-elements-c602b0a60f903455e91b026b2ab58560\"><strong>6.- DERECHO A MODIFICAR LOS T\u00c9RMINOS Y CONDICIONES DE USO<\/strong><\/p><p class=\"has-black-color has-text-color has-link-color wp-elements-cffafb40ed38d17a95fc341cfbac2b4b\">Nos reservamos el derecho de modificar estos t\u00e9rminos a nuestra entera discreci\u00f3n. Por lo tanto, debe revisar estas p\u00e1ginas peri\u00f3dicamente. Cuando cambiemos los T\u00e9rminos y Condiciones de una manera material, se comunicar\u00e1 por correo electr\u00f3nico a trav\u00e9s de nuestra lista de correo. El uso continuado de la p\u00e1gina web o nuestro servicio despu\u00e9s de dicho cambio constituye su aceptaci\u00f3n de los nuevos T\u00e9rminos y Condiciones. Si no acepta alguno de estos t\u00e9rminos o cualquier versi\u00f3n futura de los T\u00e9rminos y Condiciones, no use o acceda (o contin\u00fae accediendo) a la p\u00e1gina web o al servicio<\/p><p class=\"has-black-color has-text-color has-link-color wp-elements-3388aa3d43e13ede403f1ea7d036f43e\"><strong>7.- LEGISLACI\u00d3N Y RESOLUCI\u00d3N DE DISPUTAS<\/strong><\/p><p class=\"has-black-color has-text-color has-link-color wp-elements-7f07bd97f0ef79020cf1719480845374\">&nbsp;Estos T\u00e9rminos y Condiciones, los derechos y recursos provistos aqu\u00ed, y todos y cada una de las reclamaciones y disputas relacionados con este y\/o los servicios, se regir\u00e1n, interpretar\u00e1n y aplicar\u00e1n en todos los aspectos \u00fanica y exclusivamente de conformidad con las leyes internas de Espa\u00f1a. Todas las reclamaciones y disputas se presentar\u00e1n y usted acepta que sean decididos por un tribunal de jurisdicci\u00f3n competente ubicada en Lleida.<\/p><p class=\"has-black-color has-text-color has-link-color wp-elements-2e3a307f5d009444b5ce42e8774c390c\"><strong>8.- PRIVACIDAD<\/strong><\/p><p class=\"has-black-color has-text-color has-link-color wp-elements-0c861a253cab525d940f00d93e27b0ff\">8.1.- GUERSSEN RECORDS garantiza que la informaci\u00f3n personal que usted env\u00eda cuenta con la seguridad necesaria. Los datos ingresados por usuario o en el caso de requerir una validaci\u00f3n de los pedidos no ser\u00e1n entregados a terceros, salvo que deba ser revelada en cumplimiento a una orden judicial o requerimientos legales.<\/p><p class=\"has-black-color has-text-color has-link-color wp-elements-56a1d951a9fb95380ab7f9301896e1a3\">8.2.- La suscripci\u00f3n a boletines de correos electr\u00f3nicos publicitarios es voluntaria y podr\u00eda ser seleccionada al momento de crear su cuenta.<\/p>","protected":false},"excerpt":{"rendered":"<p>1.-INFORMACI\u00d3N RELEVANTE Es requisito necesario para la adquisici\u00f3n de los productos que se ofrecen en este sitio, que lea y acepte los siguientes T\u00e9rminos y Condiciones<a class=\"read\" href=\"https:\/\/wpguerssen-test.odoo.rgbconsulting.com\/es\/terminos-y-condiciones\/\"> (...)<\/a>","protected":false},"author":1,"featured_media":0,"parent":0,"menu_order":0,"comment_status":"closed","ping_status":"closed","template":"","meta":{"_acf_changed":false,"footnotes":""},"class_list":["post-211934","page","type-page","status-publish","hentry"],"acf":[],"yoast_head":"<!-- This site is optimized with the Yoast SEO plugin v24.9 - https:\/\/yoast.com\/wordpress\/plugins\/seo\/ -->\n<title>T\u00e9rminos y condiciones - Guerssen records<\/title>\n<meta name=\"robots\" content=\"index, follow, max-snippet:-1, max-image-preview:large, max-video-preview:-1\" \/>\n<link rel=\"canonical\" href=\"https:\/\/wpguerssen-test.odoo.rgbconsulting.com\/es\/terminos-y-condiciones\/\" \/>\n<meta property=\"og:locale\" content=\"es_ES\" \/>\n<meta property=\"og:type\" content=\"article\" \/>\n<meta property=\"og:title\" content=\"T\u00e9rminos y condiciones - Guerssen records\" \/>\n<meta property=\"og:description\" content=\"1.-INFORMACI\u00d3N RELEVANTE Es requisito necesario para la adquisici\u00f3n de los productos que se ofrecen en este sitio, que lea y acepte los siguientes T\u00e9rminos y Condiciones que a continuaci\u00f3n se detallan. &nbsp;1.1- El uso de nuestros servicios, as\u00ed como la compra de nuestros productos implicar\u00e1 que usted ha le\u00eddo y aceptado los T\u00e9rminos y Condiciones [&hellip;]\" \/>\n<meta property=\"og:url\" content=\"https:\/\/wpguerssen-test.odoo.rgbconsulting.com\/es\/terminos-y-condiciones\/\" \/>\n<meta property=\"og:site_name\" content=\"Guerssen records\" \/>\n<meta property=\"article:modified_time\" content=\"2024-02-01T09:55:19+00:00\" \/>\n<meta name=\"twitter:card\" content=\"summary_large_image\" \/>\n<meta name=\"twitter:label1\" content=\"Tiempo de lectura\" \/>\n\t<meta name=\"twitter:data1\" content=\"5 minutos\" \/>\n<script type=\"application\/ld+json\" class=\"yoast-schema-graph\">{\"@context\":\"https:\/\/schema.org\",\"@graph\":[{\"@type\":\"WebPage\",\"@id\":\"https:\/\/wpguerssen-test.odoo.rgbconsulting.com\/es\/terminos-y-condiciones\/\",\"url\":\"https:\/\/wpguerssen-test.odoo.rgbconsulting.com\/es\/terminos-y-condiciones\/\",\"name\":\"T\u00e9rminos y condiciones - Guerssen records\",\"isPartOf\":{\"@id\":\"https:\/\/wpguerssen-test.odoo.rgbconsulting.com\/es\/#website\"},\"datePublished\":\"2022-06-14T11:25:10+00:00\",\"dateModified\":\"2024-02-01T09:55:19+00:00\",\"breadcrumb\":{\"@id\":\"https:\/\/wpguerssen-test.odoo.rgbconsulting.com\/es\/terminos-y-condiciones\/#breadcrumb\"},\"inLanguage\":\"es\",\"potentialAction\":[{\"@type\":\"ReadAction\",\"target\":[\"https:\/\/wpguerssen-test.odoo.rgbconsulting.com\/es\/terminos-y-condiciones\/\"]}]},{\"@type\":\"BreadcrumbList\",\"@id\":\"https:\/\/wpguerssen-test.odoo.rgbconsulting.com\/es\/terminos-y-condiciones\/#breadcrumb\",\"itemListElement\":[{\"@type\":\"ListItem\",\"position\":1,\"name\":\"Inicio\",\"item\":\"https:\/\/wpguerssen-test.odoo.rgbconsulting.com\/es\/\"},{\"@type\":\"ListItem\",\"position\":2,\"name\":\"T\u00e9rminos y condiciones\"}]},{\"@type\":\"WebSite\",\"@id\":\"https:\/\/wpguerssen-test.odoo.rgbconsulting.com\/es\/#website\",\"url\":\"https:\/\/wpguerssen-test.odoo.rgbconsulting.com\/es\/\",\"name\":\"Guerssen records\",\"description\":\"psychedelia - progressive - folk - garage \",\"publisher\":{\"@id\":\"https:\/\/wpguerssen-test.odoo.rgbconsulting.com\/es\/#organization\"},\"potentialAction\":[{\"@type\":\"SearchAction\",\"target\":{\"@type\":\"EntryPoint\",\"urlTemplate\":\"https:\/\/wpguerssen-test.odoo.rgbconsulting.com\/es\/?s={search_term_string}\"},\"query-input\":{\"@type\":\"PropertyValueSpecification\",\"valueRequired\":true,\"valueName\":\"search_term_string\"}}],\"inLanguage\":\"es\"},{\"@type\":\"Organization\",\"@id\":\"https:\/\/wpguerssen-test.odoo.rgbconsulting.com\/es\/#organization\",\"name\":\"Guerssen records\",\"url\":\"https:\/\/wpguerssen-test.odoo.rgbconsulting.com\/es\/\",\"logo\":{\"@type\":\"ImageObject\",\"inLanguage\":\"es\",\"@id\":\"https:\/\/wpguerssen-test.odoo.rgbconsulting.com\/es\/#\/schema\/logo\/image\/\",\"url\":\"https:\/\/wpguerssen-test.odoo.rgbconsulting.com\/wp-content\/uploads\/2022\/04\/Logo_Guerssen_trans_100.png\",\"contentUrl\":\"https:\/\/wpguerssen-test.odoo.rgbconsulting.com\/wp-content\/uploads\/2022\/04\/Logo_Guerssen_trans_100.png\",\"width\":122,\"height\":100,\"caption\":\"Guerssen records\"},\"image\":{\"@id\":\"https:\/\/wpguerssen-test.odoo.rgbconsulting.com\/es\/#\/schema\/logo\/image\/\"}}]}<\/script>\n<!-- \/ Yoast SEO plugin. -->","yoast_head_json":{"title":"T\u00e9rminos y condiciones - Guerssen records","robots":{"index":"index","follow":"follow","max-snippet":"max-snippet:-1","max-image-preview":"max-image-preview:large","max-video-preview":"max-video-preview:-1"},"canonical":"https:\/\/wpguerssen-test.odoo.rgbconsulting.com\/es\/terminos-y-condiciones\/","og_locale":"es_ES","og_type":"article","og_title":"T\u00e9rminos y condiciones - Guerssen records","og_description":"1.-INFORMACI\u00d3N RELEVANTE Es requisito necesario para la adquisici\u00f3n de los productos que se ofrecen en este sitio, que lea y acepte los siguientes T\u00e9rminos y Condiciones que a continuaci\u00f3n se detallan. &nbsp;1.1- El uso de nuestros servicios, as\u00ed como la compra de nuestros productos implicar\u00e1 que usted ha le\u00eddo y aceptado los T\u00e9rminos y Condiciones [&hellip;]","og_url":"https:\/\/wpguerssen-test.odoo.rgbconsulting.com\/es\/terminos-y-condiciones\/","og_site_name":"Guerssen records","article_modified_time":"2024-02-01T09:55:19+00:00","twitter_card":"summary_large_image","twitter_misc":{"Tiempo de lectura":"5 minutos"},"schema":{"@context":"https:\/\/schema.org","@graph":[{"@type":"WebPage","@id":"https:\/\/wpguerssen-test.odoo.rgbconsulting.com\/es\/terminos-y-condiciones\/","url":"https:\/\/wpguerssen-test.odoo.rgbconsulting.com\/es\/terminos-y-condiciones\/","name":"T\u00e9rminos y condiciones - Guerssen records","isPartOf":{"@id":"https:\/\/wpguerssen-test.odoo.rgbconsulting.com\/es\/#website"},"datePublished":"2022-06-14T11:25:10+00:00","dateModified":"2024-02-01T09:55:19+00:00","breadcrumb":{"@id":"https:\/\/wpguerssen-test.odoo.rgbconsulting.com\/es\/terminos-y-condiciones\/#breadcrumb"},"inLanguage":"es","potentialAction":[{"@type":"ReadAction","target":["https:\/\/wpguerssen-test.odoo.rgbconsulting.com\/es\/terminos-y-condiciones\/"]}]},{"@type":"BreadcrumbList","@id":"https:\/\/wpguerssen-test.odoo.rgbconsulting.com\/es\/terminos-y-condiciones\/#breadcrumb","itemListElement":[{"@type":"ListItem","position":1,"name":"Inicio","item":"https:\/\/wpguerssen-test.odoo.rgbconsulting.com\/es\/"},{"@type":"ListItem","position":2,"name":"T\u00e9rminos y condiciones"}]},{"@type":"WebSite","@id":"https:\/\/wpguerssen-test.odoo.rgbconsulting.com\/es\/#website","url":"https:\/\/wpguerssen-test.odoo.rgbconsulting.com\/es\/","name":"Guerssen records","description":"psychedelia - progressive - folk - garage ","publisher":{"@id":"https:\/\/wpguerssen-test.odoo.rgbconsulting.com\/es\/#organization"},"potentialAction":[{"@type":"SearchAction","target":{"@type":"EntryPoint","urlTemplate":"https:\/\/wpguerssen-test.odoo.rgbconsulting.com\/es\/?s={search_term_string}"},"query-input":{"@type":"PropertyValueSpecification","valueRequired":true,"valueName":"search_term_string"}}],"inLanguage":"es"},{"@type":"Organization","@id":"https:\/\/wpguerssen-test.odoo.rgbconsulting.com\/es\/#organization","name":"Guerssen records","url":"https:\/\/wpguerssen-test.odoo.rgbconsulting.com\/es\/","logo":{"@type":"ImageObject","inLanguage":"es","@id":"https:\/\/wpguerssen-test.odoo.rgbconsulting.com\/es\/#\/schema\/logo\/image\/","url":"https:\/\/wpguerssen-test.odoo.rgbconsulting.com\/wp-content\/uploads\/2022\/04\/Logo_Guerssen_trans_100.png","contentUrl":"https:\/\/wpguerssen-test.odoo.rgbconsulting.com\/wp-content\/uploads\/2022\/04\/Logo_Guerssen_trans_100.png","width":122,"height":100,"caption":"Guerssen records"},"image":{"@id":"https:\/\/wpguerssen-test.odoo.rgbconsulting.com\/es\/#\/schema\/logo\/image\/"}}]}},"_links":{"self":[{"href":"https:\/\/wpguerssen-test.odoo.rgbconsulting.com\/es\/wp-json\/wp\/v2\/pages\/211934","targetHints":{"allow":["GET"]}}],"collection":[{"href":"https:\/\/wpguerssen-test.odoo.rgbconsulting.com\/es\/wp-json\/wp\/v2\/pages"}],"about":[{"href":"https:\/\/wpguerssen-test.odoo.rgbconsulting.com\/es\/wp-json\/wp\/v2\/types\/page"}],"author":[{"embeddable":true,"href":"https:\/\/wpguerssen-test.odoo.rgbconsulting.com\/es\/wp-json\/wp\/v2\/users\/1"}],"replies":[{"embeddable":true,"href":"https:\/\/wpguerssen-test.odoo.rgbconsulting.com\/es\/wp-json\/wp\/v2\/comments?post=211934"}],"version-history":[{"count":0,"href":"https:\/\/wpguerssen-test.odoo.rgbconsulting.com\/es\/wp-json\/wp\/v2\/pages\/211934\/revisions"}],"wp:attachment":[{"href":"https:\/\/wpguerssen-test.odoo.rgbconsulting.com\/es\/wp-json\/wp\/v2\/media?parent=211934"}],"curies":[{"name":"wp","href":"https:\/\/api.w.org\/{rel}","templated":true}]}}