{"id":282129,"date":"2025-01-27T11:57:15","date_gmt":"2025-01-27T10:57:15","guid":{"rendered":"https:\/\/wpguerssen-test.odoo.rgbconsulting.com\/?page_id=282129"},"modified":"2025-01-27T11:57:22","modified_gmt":"2025-01-27T10:57:22","slug":"politica-de-privacidad","status":"publish","type":"page","link":"https:\/\/wpguerssen-test.odoo.rgbconsulting.com\/es\/politica-de-privacidad\/","title":{"rendered":"POLITICA DE PRIVACIDAD"},"content":{"rendered":"<p>En GUERSSEN MUSICAL ADVENTURES SL nos preocupamos por la privacidad y la transparencia.<\/p><p>A continuaci\u00f3n, le indicamos en detalle los tratamientos de datos personales que realizamos, as\u00ed como toda la informaci\u00f3n relativa a los mismos.<\/p><p>Tratamiento de datos profesionales e im\u00e1genes del personal laboral con fines promocionales<\/p><figure class=\"wp-block-table\"><table class=\"has-fixed-layout\"><tbody><tr><td colspan=\"2\"><strong>Informaci\u00f3n b\u00e1sica sobre Protecci\u00f3n de datos<\/strong><\/td><\/tr><tr><td><strong>Responsable:<\/strong><\/td><td>GUERSSEN MUSICAL ADVENTURES SL<\/td><\/tr><tr><td><strong>Finalidad:<\/strong><\/td><td>Captaci\u00f3n y difusi\u00f3n de datos profesionales e imagen y\/o v\u00eddeo con fines promocionales<\/td><\/tr><tr><td><strong>Legitimaci\u00f3n:<\/strong><\/td><td>Consentimiento del interesado.<\/td><\/tr><tr><td><strong>Destinatarios:<\/strong><\/td><td>Est\u00e1n previstas cesiones de datos a: Internet (redes sociales, plataformas de video y sitios web), p\u00e1gina web de la entidad y otros medios de comunicaci\u00f3n.<br>Est\u00e1n previstas transferencias a terceros pa\u00edses.<\/td><\/tr><tr><td><strong>Derechos:<\/strong><\/td><td>Tiene derecho a acceder, rectificar y suprimir los datos, as\u00ed como otros derechos, indicados en la informaci\u00f3n adicional, que puede ejercer dirigi\u00e9ndose a la direcci\u00f3n del responsable del tratamiento.<\/td><\/tr><tr><td><strong>Procedencia:<\/strong><\/td><td>El propio interesado<\/td><\/tr><\/tbody><\/table><\/figure><p>Informaci\u00f3n completa sobre Protecci\u00f3n de Datos<\/p><ol class=\"wp-block-list\"><li>\u00bfQui\u00e9n es el responsable del tratamiento de sus datos?<\/li><\/ol><p>GUERSSEN MUSICAL ADVENTURES SL<\/p><p>B25608639<\/p><p>Avda. Alcalde Porqueres, 105 &#8211; 25005 &#8211; LLEIDA<\/p><p>973725559<\/p><p>bo@wpguerssen-test.odoo.rgbconsulting.com<\/p><ul class=\"wp-block-list\"><li>\u00bfCon qu\u00e9 finalidad tratamos sus datos personales?<\/li><\/ul><p>En GUERSSEN MUSICAL ADVENTURES SL tratamos la informaci\u00f3n que nos facilitan las personas interesadas con el fin de realizar la captaci\u00f3n, difusi\u00f3n y cesi\u00f3n de datos profesionales e imagen y\/o v\u00eddeo del personal laboral con fines promocionales para su publicaci\u00f3n en Internet (redes sociales, plataformas de video y sitios web), en las publicaciones de la entidad y otros medios de comunicaci\u00f3n. En el caso de que no facilite sus datos personales, no podremos cumplir con las finalidades descritas.<\/p><p>No se van a tomar decisiones automatizadas en base a los datos proporcionados.<\/p><ul class=\"wp-block-list\"><li>\u00bfPor cu\u00e1nto tiempo conservaremos sus datos?<\/li><\/ul><p>Los datos se conservar\u00e1n mientras el interesado no solicite la supresi\u00f3n de los mismos.<\/p><ul class=\"wp-block-list\"><li>\u00bfCu\u00e1l es la legitimaci\u00f3n para el tratamiento de sus datos?<\/li><\/ul><p>Le indicamos la base legal para el tratamiento de sus datos:<\/p><ul class=\"wp-block-list\"><li>Consentimiento del interesado: Captaci\u00f3n, difusi\u00f3n y cesi\u00f3n de datos profesionales y de imagen y\/o v\u00eddeo con fines promocionales para su publicaci\u00f3n en redes sociales, plataformas de v\u00eddeo y sitios web, as\u00ed como en las publicaciones de la entidad y otros medios de comunicaci\u00f3n. (RGPD art. 6.1.a).<\/li>\n\n<li>\u00bfA qu\u00e9 destinatarios se comunicar\u00e1n sus datos?<\/li><\/ul><p>Los datos se comunicar\u00e1n a los siguientes destinatarios:<\/p><ul class=\"wp-block-list\"><li>Internet (redes sociales, plataformas de video y sitios web), p\u00e1gina web de la entidad y otros medios de comunicaci\u00f3n, con la finalidad de cesi\u00f3n y publicaci\u00f3n de los datos personales e im\u00e1genes y\/o v\u00eddeo del personal laboral con fines promocionales.<\/li>\n\n<li>Transferencias de datos a terceros pa\u00edses<\/li><\/ul><p>Est\u00e1n previstas las siguientes transferencias de datos a terceros pa\u00edses:<\/p><ul class=\"wp-block-list\"><li>Redes sociales y sistemas de difusi\u00f3n promocional, con la finalidad de realizar promoci\u00f3n publicitaria de los servicios de la entidad. La garant\u00eda para esta transferencia se ha establecido a trav\u00e9s de: Consentimiento expl\u00edcito del interesado. Puede consultar informaci\u00f3n adicional en: Pol\u00edtica de privacidad de la entidad..<\/li>\n\n<li>\u00bfCu\u00e1les son sus derechos cuando nos facilita sus datos?<\/li><\/ul><p>Cualquier persona tiene derecho a obtener confirmaci\u00f3n sobre si en GUERSSEN MUSICAL ADVENTURES SL estamos tratando, o no, datos personales que les conciernan.<\/p><p>Las personas interesadas tienen derecho a acceder a sus datos personales, as\u00ed como a solicitar la rectificaci\u00f3n de los datos inexactos o, en su caso, solicitar su supresi\u00f3n cuando, entre otros motivos, los datos ya no sean necesarios para los fines que fueron recogidos. Igualmente tiene derecho a la portabilidad de sus datos.<\/p><p>En determinadas circunstancias, los interesados podr\u00e1n solicitar la limitaci\u00f3n del tratamiento de sus datos, en cuyo caso \u00fanicamente los conservaremos para el ejercicio o la defensa de reclamaciones.<\/p><p>En determinadas circunstancias y por motivos relacionados con su situaci\u00f3n particular, los interesados podr\u00e1n oponerse al tratamiento de sus datos. En este caso, GUERSSEN MUSICAL ADVENTURES SL dejar\u00e1 de tratar los datos, salvo por motivos leg\u00edtimos imperiosos, o el ejercicio o la defensa de posibles reclamaciones.<\/p><p>Podr\u00e1 ejercitar materialmente sus derechos de la siguiente forma: dirigi\u00e9ndose a la direcci\u00f3n del responsable del tratamiento.<\/p><p>Cuando se realice el env\u00edo de comunicaciones comerciales utilizando como base jur\u00eddica el inter\u00e9s leg\u00edtimo del responsable, el interesado podr\u00e1 oponerse al tratamiento de sus datos con ese fin.<\/p><p>Si ha otorgado su consentimiento para alguna finalidad concreta, tiene derecho a retirar el consentimiento otorgado en cualquier momento, sin que ello afecte a la licitud del tratamiento basado en el consentimiento previo a su retirada.<\/p><p>En caso de que sienta vulnerados sus derechos en lo concerniente a la protecci\u00f3n de sus datos personales, especialmente cuando no haya obtenido satisfacci\u00f3n en el ejercicio de sus derechos, puede presentar una reclamaci\u00f3n ante la Autoridad de Control en materia de Protecci\u00f3n de Datos competente a trav\u00e9s de su sitio web: www.aepd.es.<\/p><ul class=\"wp-block-list\"><li>\u00bfC\u00f3mo hemos obtenido sus datos?<\/li><\/ul><p>Los datos personales que tratamos en GUERSSEN MUSICAL ADVENTURES SL proceden de: El propio interesado.<\/p>","protected":false},"excerpt":{"rendered":"<p>En GUERSSEN MUSICAL ADVENTURES SL nos preocupamos por la privacidad y la transparencia. A continuaci\u00f3n, le indicamos en detalle los tratamientos de datos personales<a class=\"read\" href=\"https:\/\/wpguerssen-test.odoo.rgbconsulting.com\/es\/politica-de-privacidad\/\"> (...)<\/a>","protected":false},"author":1,"featured_media":0,"parent":0,"menu_order":0,"comment_status":"closed","ping_status":"open","template":"","meta":{"_acf_changed":false,"footnotes":""},"class_list":["post-282129","page","type-page","status-publish","hentry"],"acf":[],"yoast_head":"<!-- This site is optimized with the Yoast SEO plugin v24.9 - https:\/\/yoast.com\/wordpress\/plugins\/seo\/ -->\n<title>POLITICA DE PRIVACIDAD - Guerssen records<\/title>\n<meta name=\"robots\" content=\"index, follow, max-snippet:-1, max-image-preview:large, max-video-preview:-1\" \/>\n<link rel=\"canonical\" href=\"https:\/\/wpguerssen-test.odoo.rgbconsulting.com\/es\/politica-de-privacidad\/\" \/>\n<meta property=\"og:locale\" content=\"es_ES\" \/>\n<meta property=\"og:type\" content=\"article\" \/>\n<meta property=\"og:title\" content=\"POLITICA DE PRIVACIDAD - Guerssen records\" \/>\n<meta property=\"og:description\" content=\"En GUERSSEN MUSICAL ADVENTURES SL nos preocupamos por la privacidad y la transparencia. A continuaci\u00f3n, le indicamos en detalle los tratamientos de datos personales que realizamos, as\u00ed como toda la informaci\u00f3n relativa a los mismos. Tratamiento de datos profesionales e im\u00e1genes del personal laboral con fines promocionales Informaci\u00f3n b\u00e1sica sobre Protecci\u00f3n de datos Responsable: GUERSSEN [&hellip;]\" \/>\n<meta property=\"og:url\" content=\"https:\/\/wpguerssen-test.odoo.rgbconsulting.com\/es\/politica-de-privacidad\/\" \/>\n<meta property=\"og:site_name\" content=\"Guerssen records\" \/>\n<meta property=\"article:modified_time\" content=\"2025-01-27T10:57:22+00:00\" \/>\n<meta name=\"twitter:card\" content=\"summary_large_image\" \/>\n<meta name=\"twitter:label1\" content=\"Tiempo de lectura\" \/>\n\t<meta name=\"twitter:data1\" content=\"4 minutos\" \/>\n<script type=\"application\/ld+json\" class=\"yoast-schema-graph\">{\"@context\":\"https:\/\/schema.org\",\"@graph\":[{\"@type\":\"WebPage\",\"@id\":\"https:\/\/wpguerssen-test.odoo.rgbconsulting.com\/es\/politica-de-privacidad\/\",\"url\":\"https:\/\/wpguerssen-test.odoo.rgbconsulting.com\/es\/politica-de-privacidad\/\",\"name\":\"POLITICA DE PRIVACIDAD - Guerssen records\",\"isPartOf\":{\"@id\":\"https:\/\/wpguerssen-test.odoo.rgbconsulting.com\/es\/#website\"},\"datePublished\":\"2025-01-27T10:57:15+00:00\",\"dateModified\":\"2025-01-27T10:57:22+00:00\",\"breadcrumb\":{\"@id\":\"https:\/\/wpguerssen-test.odoo.rgbconsulting.com\/es\/politica-de-privacidad\/#breadcrumb\"},\"inLanguage\":\"es\",\"potentialAction\":[{\"@type\":\"ReadAction\",\"target\":[\"https:\/\/wpguerssen-test.odoo.rgbconsulting.com\/es\/politica-de-privacidad\/\"]}]},{\"@type\":\"BreadcrumbList\",\"@id\":\"https:\/\/wpguerssen-test.odoo.rgbconsulting.com\/es\/politica-de-privacidad\/#breadcrumb\",\"itemListElement\":[{\"@type\":\"ListItem\",\"position\":1,\"name\":\"Inicio\",\"item\":\"https:\/\/wpguerssen-test.odoo.rgbconsulting.com\/es\/\"},{\"@type\":\"ListItem\",\"position\":2,\"name\":\"POLITICA DE PRIVACIDAD\"}]},{\"@type\":\"WebSite\",\"@id\":\"https:\/\/wpguerssen-test.odoo.rgbconsulting.com\/es\/#website\",\"url\":\"https:\/\/wpguerssen-test.odoo.rgbconsulting.com\/es\/\",\"name\":\"Guerssen records\",\"description\":\"psychedelia - progressive - folk - garage \",\"publisher\":{\"@id\":\"https:\/\/wpguerssen-test.odoo.rgbconsulting.com\/es\/#organization\"},\"potentialAction\":[{\"@type\":\"SearchAction\",\"target\":{\"@type\":\"EntryPoint\",\"urlTemplate\":\"https:\/\/wpguerssen-test.odoo.rgbconsulting.com\/es\/?s={search_term_string}\"},\"query-input\":{\"@type\":\"PropertyValueSpecification\",\"valueRequired\":true,\"valueName\":\"search_term_string\"}}],\"inLanguage\":\"es\"},{\"@type\":\"Organization\",\"@id\":\"https:\/\/wpguerssen-test.odoo.rgbconsulting.com\/es\/#organization\",\"name\":\"Guerssen records\",\"url\":\"https:\/\/wpguerssen-test.odoo.rgbconsulting.com\/es\/\",\"logo\":{\"@type\":\"ImageObject\",\"inLanguage\":\"es\",\"@id\":\"https:\/\/wpguerssen-test.odoo.rgbconsulting.com\/es\/#\/schema\/logo\/image\/\",\"url\":\"https:\/\/wpguerssen-test.odoo.rgbconsulting.com\/wp-content\/uploads\/2022\/04\/Logo_Guerssen_trans_100.png\",\"contentUrl\":\"https:\/\/wpguerssen-test.odoo.rgbconsulting.com\/wp-content\/uploads\/2022\/04\/Logo_Guerssen_trans_100.png\",\"width\":122,\"height\":100,\"caption\":\"Guerssen records\"},\"image\":{\"@id\":\"https:\/\/wpguerssen-test.odoo.rgbconsulting.com\/es\/#\/schema\/logo\/image\/\"}}]}<\/script>\n<!-- \/ Yoast SEO plugin. -->","yoast_head_json":{"title":"POLITICA DE PRIVACIDAD - Guerssen records","robots":{"index":"index","follow":"follow","max-snippet":"max-snippet:-1","max-image-preview":"max-image-preview:large","max-video-preview":"max-video-preview:-1"},"canonical":"https:\/\/wpguerssen-test.odoo.rgbconsulting.com\/es\/politica-de-privacidad\/","og_locale":"es_ES","og_type":"article","og_title":"POLITICA DE PRIVACIDAD - Guerssen records","og_description":"En GUERSSEN MUSICAL ADVENTURES SL nos preocupamos por la privacidad y la transparencia. A continuaci\u00f3n, le indicamos en detalle los tratamientos de datos personales que realizamos, as\u00ed como toda la informaci\u00f3n relativa a los mismos. Tratamiento de datos profesionales e im\u00e1genes del personal laboral con fines promocionales Informaci\u00f3n b\u00e1sica sobre Protecci\u00f3n de datos Responsable: GUERSSEN [&hellip;]","og_url":"https:\/\/wpguerssen-test.odoo.rgbconsulting.com\/es\/politica-de-privacidad\/","og_site_name":"Guerssen records","article_modified_time":"2025-01-27T10:57:22+00:00","twitter_card":"summary_large_image","twitter_misc":{"Tiempo de lectura":"4 minutos"},"schema":{"@context":"https:\/\/schema.org","@graph":[{"@type":"WebPage","@id":"https:\/\/wpguerssen-test.odoo.rgbconsulting.com\/es\/politica-de-privacidad\/","url":"https:\/\/wpguerssen-test.odoo.rgbconsulting.com\/es\/politica-de-privacidad\/","name":"POLITICA DE PRIVACIDAD - Guerssen records","isPartOf":{"@id":"https:\/\/wpguerssen-test.odoo.rgbconsulting.com\/es\/#website"},"datePublished":"2025-01-27T10:57:15+00:00","dateModified":"2025-01-27T10:57:22+00:00","breadcrumb":{"@id":"https:\/\/wpguerssen-test.odoo.rgbconsulting.com\/es\/politica-de-privacidad\/#breadcrumb"},"inLanguage":"es","potentialAction":[{"@type":"ReadAction","target":["https:\/\/wpguerssen-test.odoo.rgbconsulting.com\/es\/politica-de-privacidad\/"]}]},{"@type":"BreadcrumbList","@id":"https:\/\/wpguerssen-test.odoo.rgbconsulting.com\/es\/politica-de-privacidad\/#breadcrumb","itemListElement":[{"@type":"ListItem","position":1,"name":"Inicio","item":"https:\/\/wpguerssen-test.odoo.rgbconsulting.com\/es\/"},{"@type":"ListItem","position":2,"name":"POLITICA DE PRIVACIDAD"}]},{"@type":"WebSite","@id":"https:\/\/wpguerssen-test.odoo.rgbconsulting.com\/es\/#website","url":"https:\/\/wpguerssen-test.odoo.rgbconsulting.com\/es\/","name":"Guerssen records","description":"psychedelia - progressive - folk - garage ","publisher":{"@id":"https:\/\/wpguerssen-test.odoo.rgbconsulting.com\/es\/#organization"},"potentialAction":[{"@type":"SearchAction","target":{"@type":"EntryPoint","urlTemplate":"https:\/\/wpguerssen-test.odoo.rgbconsulting.com\/es\/?s={search_term_string}"},"query-input":{"@type":"PropertyValueSpecification","valueRequired":true,"valueName":"search_term_string"}}],"inLanguage":"es"},{"@type":"Organization","@id":"https:\/\/wpguerssen-test.odoo.rgbconsulting.com\/es\/#organization","name":"Guerssen records","url":"https:\/\/wpguerssen-test.odoo.rgbconsulting.com\/es\/","logo":{"@type":"ImageObject","inLanguage":"es","@id":"https:\/\/wpguerssen-test.odoo.rgbconsulting.com\/es\/#\/schema\/logo\/image\/","url":"https:\/\/wpguerssen-test.odoo.rgbconsulting.com\/wp-content\/uploads\/2022\/04\/Logo_Guerssen_trans_100.png","contentUrl":"https:\/\/wpguerssen-test.odoo.rgbconsulting.com\/wp-content\/uploads\/2022\/04\/Logo_Guerssen_trans_100.png","width":122,"height":100,"caption":"Guerssen records"},"image":{"@id":"https:\/\/wpguerssen-test.odoo.rgbconsulting.com\/es\/#\/schema\/logo\/image\/"}}]}},"_links":{"self":[{"href":"https:\/\/wpguerssen-test.odoo.rgbconsulting.com\/es\/wp-json\/wp\/v2\/pages\/282129","targetHints":{"allow":["GET"]}}],"collection":[{"href":"https:\/\/wpguerssen-test.odoo.rgbconsulting.com\/es\/wp-json\/wp\/v2\/pages"}],"about":[{"href":"https:\/\/wpguerssen-test.odoo.rgbconsulting.com\/es\/wp-json\/wp\/v2\/types\/page"}],"author":[{"embeddable":true,"href":"https:\/\/wpguerssen-test.odoo.rgbconsulting.com\/es\/wp-json\/wp\/v2\/users\/1"}],"replies":[{"embeddable":true,"href":"https:\/\/wpguerssen-test.odoo.rgbconsulting.com\/es\/wp-json\/wp\/v2\/comments?post=282129"}],"version-history":[{"count":0,"href":"https:\/\/wpguerssen-test.odoo.rgbconsulting.com\/es\/wp-json\/wp\/v2\/pages\/282129\/revisions"}],"wp:attachment":[{"href":"https:\/\/wpguerssen-test.odoo.rgbconsulting.com\/es\/wp-json\/wp\/v2\/media?parent=282129"}],"curies":[{"name":"wp","href":"https:\/\/api.w.org\/{rel}","templated":true}]}}