{"id":171894,"date":"2022-05-30T00:00:00","date_gmt":"2022-05-29T22:00:00","guid":{"rendered":"http:\/\/guerssen.hl1097.dinaserver.com\/product\/the-lost-midnight-rock-dubs-chapter-2\/"},"modified":"2024-10-01T18:43:10","modified_gmt":"2024-10-01T16:43:10","slug":"the-lost-midnight-rock-dubs-chapter-2","status":"publish","type":"product","link":"https:\/\/wpguerssen-test.odoo.rgbconsulting.com\/es\/producto\/the-lost-midnight-rock-dubs-chapter-2\/","title":{"rendered":"The Lost Midnight Rock Dubs Chapter 2"},"content":{"rendered":"<p>Los primeros d\u00edas del hombre conocido cari\u00f1osamente por sus compa\u00f1eros como Tubbs se narran con cierto detalle en las notas del volumen predecesor y compa\u00f1ero de este LP, titulado con raz\u00f3n \u00abKing Tubby&#8217;s Classics Chapter 1\u00bb. Es poco probable que cualquiera que compre el Volumen 2 no tenga ya el Volumen 1, pero para los pocos que no lo hacen, es justo que comencemos la nota con un breve resumen de los primeros a\u00f1os de vida y la carrera del ni\u00f1o nacido para ser &#8216;Rey&#8217;. ..el \u00abRey del Dub\u00bb<\/p>\n","protected":false},"excerpt":{"rendered":"<p>Los primeros d\u00edas del hombre conocido cari\u00f1osamente por sus compa\u00f1eros como Tubbs se narran con cierto detalle en las notas del volumen predecesor y compa\u00f1ero<a class=\"read\" href=\"https:\/\/wpguerssen-test.odoo.rgbconsulting.com\/es\/producto\/the-lost-midnight-rock-dubs-chapter-2\/\"> (...)<\/a>","protected":false},"featured_media":219114,"template":"","meta":{"_acf_changed":false},"product_brand":[],"product_cat":[21666],"product_tag":[],"class_list":{"0":"post-171894","1":"product","2":"type-product","3":"status-publish","4":"has-post-thumbnail","6":"product_cat-reggae-ska-dub-es","7":"pa_artist-king-tubby-es","8":"pa_format-lp-es","9":"pa_gender-reggae-ska-dub","10":"pa_label-radiation-roots-es","11":"pa_location-south-america-caribbean-es","12":"pa_other-filters-vinyl-only-es","14":"first","15":"instock","16":"taxable","17":"shipping-taxable","18":"purchasable","19":"product-type-simple"},"acf":[],"yoast_head":"<!-- This site is optimized with the Yoast SEO plugin v24.9 - https:\/\/yoast.com\/wordpress\/plugins\/seo\/ -->\n<title>KING TUBBY - The Lost Midnight Rock Dubs Chapter 2 -  (LP) | Guerssen<\/title>\n<meta name=\"description\" content=\"The early days of the man affectionately known to his peers as Tubbs&#039; are chronicled in some detail in the notes to this LP&#039;s predecessor and companion volume, not unreasonably titled &quot;King Tubby&#039;s Classics Chapter 1&quot;. It&#039;s unlikely that anyone who buys Volume 2 will not already have Volume 1, but for the few who don&#039;t it&#039;s only fair that we start the note with a short pr\u00e9cis of the early life and career of the boy born to be &#039;King ...\" \/>\n<meta name=\"robots\" content=\"index, follow, max-snippet:-1, max-image-preview:large, max-video-preview:-1\" \/>\n<link rel=\"canonical\" href=\"https:\/\/wpguerssen-test.odoo.rgbconsulting.com\/es\/producto\/the-lost-midnight-rock-dubs-chapter-2\/\" \/>\n<meta property=\"og:locale\" content=\"es_ES\" \/>\n<meta property=\"og:type\" content=\"article\" \/>\n<meta property=\"og:title\" content=\"KING TUBBY - The Lost Midnight Rock Dubs Chapter 2 -  (LP) | Guerssen\" \/>\n<meta property=\"og:description\" content=\"The early days of the man affectionately known to his peers as Tubbs&#039; are chronicled in some detail in the notes to this LP&#039;s predecessor and companion volume, not unreasonably titled &quot;King Tubby&#039;s Classics Chapter 1&quot;. It&#039;s unlikely that anyone who buys Volume 2 will not already have Volume 1, but for the few who don&#039;t it&#039;s only fair that we start the note with a short pr\u00e9cis of the early life and career of the boy born to be &#039;King ...\" \/>\n<meta property=\"og:url\" content=\"https:\/\/wpguerssen-test.odoo.rgbconsulting.com\/es\/producto\/the-lost-midnight-rock-dubs-chapter-2\/\" \/>\n<meta property=\"og:site_name\" content=\"Guerssen records\" \/>\n<meta property=\"article:modified_time\" content=\"2024-10-01T16:43:10+00:00\" \/>\n<meta property=\"og:image\" content=\"https:\/\/wpguerssen-test.odoo.rgbconsulting.com\/wp-content\/uploads\/2022\/10\/40958.jpg\" \/>\n\t<meta property=\"og:image:width\" content=\"600\" \/>\n\t<meta property=\"og:image:height\" content=\"611\" \/>\n\t<meta property=\"og:image:type\" content=\"image\/jpeg\" \/>\n<meta name=\"twitter:card\" content=\"summary_large_image\" \/>\n<meta name=\"twitter:title\" content=\"KING TUBBY - The Lost Midnight Rock Dubs Chapter 2 -  (LP) | Guerssen\" \/>\n<script type=\"application\/ld+json\" class=\"yoast-schema-graph\">{\"@context\":\"https:\/\/schema.org\",\"@graph\":[{\"@type\":\"WebPage\",\"@id\":\"https:\/\/wpguerssen-test.odoo.rgbconsulting.com\/es\/producto\/the-lost-midnight-rock-dubs-chapter-2\/\",\"url\":\"https:\/\/wpguerssen-test.odoo.rgbconsulting.com\/es\/producto\/the-lost-midnight-rock-dubs-chapter-2\/\",\"name\":\"KING TUBBY - The Lost Midnight Rock Dubs Chapter 2 - (LP) | Guerssen\",\"isPartOf\":{\"@id\":\"https:\/\/wpguerssen-test.odoo.rgbconsulting.com\/es\/#website\"},\"primaryImageOfPage\":{\"@id\":\"https:\/\/wpguerssen-test.odoo.rgbconsulting.com\/es\/producto\/the-lost-midnight-rock-dubs-chapter-2\/#primaryimage\"},\"image\":{\"@id\":\"https:\/\/wpguerssen-test.odoo.rgbconsulting.com\/es\/producto\/the-lost-midnight-rock-dubs-chapter-2\/#primaryimage\"},\"thumbnailUrl\":\"https:\/\/wpguerssen-test.odoo.rgbconsulting.com\/wp-content\/uploads\/2022\/10\/40958.jpg\",\"datePublished\":\"2022-05-29T22:00:00+00:00\",\"dateModified\":\"2024-10-01T16:43:10+00:00\",\"description\":\"The early days of the man affectionately known to his peers as Tubbs' are chronicled in some detail in the notes to this LP's predecessor and companion volume, not unreasonably titled \\\"King Tubby's Classics Chapter 1\\\". It's unlikely that anyone who buys Volume 2 will not already have Volume 1, but for the few who don't it's only fair that we start the note with a short pr\u00e9cis of the early life and career of the boy born to be 'King ...\",\"breadcrumb\":{\"@id\":\"https:\/\/wpguerssen-test.odoo.rgbconsulting.com\/es\/producto\/the-lost-midnight-rock-dubs-chapter-2\/#breadcrumb\"},\"inLanguage\":\"es\",\"potentialAction\":[{\"@type\":\"ReadAction\",\"target\":[\"https:\/\/wpguerssen-test.odoo.rgbconsulting.com\/es\/producto\/the-lost-midnight-rock-dubs-chapter-2\/\"]}]},{\"@type\":\"ImageObject\",\"inLanguage\":\"es\",\"@id\":\"https:\/\/wpguerssen-test.odoo.rgbconsulting.com\/es\/producto\/the-lost-midnight-rock-dubs-chapter-2\/#primaryimage\",\"url\":\"https:\/\/wpguerssen-test.odoo.rgbconsulting.com\/wp-content\/uploads\/2022\/10\/40958.jpg\",\"contentUrl\":\"https:\/\/wpguerssen-test.odoo.rgbconsulting.com\/wp-content\/uploads\/2022\/10\/40958.jpg\",\"width\":600,\"height\":611},{\"@type\":\"BreadcrumbList\",\"@id\":\"https:\/\/wpguerssen-test.odoo.rgbconsulting.com\/es\/producto\/the-lost-midnight-rock-dubs-chapter-2\/#breadcrumb\",\"itemListElement\":[{\"@type\":\"ListItem\",\"position\":1,\"name\":\"Inicio\",\"item\":\"https:\/\/wpguerssen-test.odoo.rgbconsulting.com\/es\/\"},{\"@type\":\"ListItem\",\"position\":2,\"name\":\"Shop\",\"item\":\"https:\/\/wpguerssen-test.odoo.rgbconsulting.com\/shop\/\"},{\"@type\":\"ListItem\",\"position\":3,\"name\":\"The Lost Midnight Rock Dubs Chapter 2\"}]},{\"@type\":\"WebSite\",\"@id\":\"https:\/\/wpguerssen-test.odoo.rgbconsulting.com\/es\/#website\",\"url\":\"https:\/\/wpguerssen-test.odoo.rgbconsulting.com\/es\/\",\"name\":\"Guerssen records\",\"description\":\"psychedelia - progressive - folk - garage \",\"publisher\":{\"@id\":\"https:\/\/wpguerssen-test.odoo.rgbconsulting.com\/es\/#organization\"},\"potentialAction\":[{\"@type\":\"SearchAction\",\"target\":{\"@type\":\"EntryPoint\",\"urlTemplate\":\"https:\/\/wpguerssen-test.odoo.rgbconsulting.com\/es\/?s={search_term_string}\"},\"query-input\":{\"@type\":\"PropertyValueSpecification\",\"valueRequired\":true,\"valueName\":\"search_term_string\"}}],\"inLanguage\":\"es\"},{\"@type\":\"Organization\",\"@id\":\"https:\/\/wpguerssen-test.odoo.rgbconsulting.com\/es\/#organization\",\"name\":\"Guerssen records\",\"url\":\"https:\/\/wpguerssen-test.odoo.rgbconsulting.com\/es\/\",\"logo\":{\"@type\":\"ImageObject\",\"inLanguage\":\"es\",\"@id\":\"https:\/\/wpguerssen-test.odoo.rgbconsulting.com\/es\/#\/schema\/logo\/image\/\",\"url\":\"https:\/\/wpguerssen-test.odoo.rgbconsulting.com\/wp-content\/uploads\/2022\/04\/Logo_Guerssen_trans_100.png\",\"contentUrl\":\"https:\/\/wpguerssen-test.odoo.rgbconsulting.com\/wp-content\/uploads\/2022\/04\/Logo_Guerssen_trans_100.png\",\"width\":122,\"height\":100,\"caption\":\"Guerssen records\"},\"image\":{\"@id\":\"https:\/\/wpguerssen-test.odoo.rgbconsulting.com\/es\/#\/schema\/logo\/image\/\"}}]}<\/script>\n<!-- \/ Yoast SEO plugin. -->","yoast_head_json":{"title":"KING TUBBY - The Lost Midnight Rock Dubs Chapter 2 -  (LP) | Guerssen","description":"The early days of the man affectionately known to his peers as Tubbs' are chronicled in some detail in the notes to this LP's predecessor and companion volume, not unreasonably titled \"King Tubby's Classics Chapter 1\". It's unlikely that anyone who buys Volume 2 will not already have Volume 1, but for the few who don't it's only fair that we start the note with a short pr\u00e9cis of the early life and career of the boy born to be 'King ...","robots":{"index":"index","follow":"follow","max-snippet":"max-snippet:-1","max-image-preview":"max-image-preview:large","max-video-preview":"max-video-preview:-1"},"canonical":"https:\/\/wpguerssen-test.odoo.rgbconsulting.com\/es\/producto\/the-lost-midnight-rock-dubs-chapter-2\/","og_locale":"es_ES","og_type":"article","og_title":"KING TUBBY - The Lost Midnight Rock Dubs Chapter 2 -  (LP) | Guerssen","og_description":"The early days of the man affectionately known to his peers as Tubbs' are chronicled in some detail in the notes to this LP's predecessor and companion volume, not unreasonably titled \"King Tubby's Classics Chapter 1\". It's unlikely that anyone who buys Volume 2 will not already have Volume 1, but for the few who don't it's only fair that we start the note with a short pr\u00e9cis of the early life and career of the boy born to be 'King ...","og_url":"https:\/\/wpguerssen-test.odoo.rgbconsulting.com\/es\/producto\/the-lost-midnight-rock-dubs-chapter-2\/","og_site_name":"Guerssen records","article_modified_time":"2024-10-01T16:43:10+00:00","og_image":[{"width":600,"height":611,"url":"https:\/\/wpguerssen-test.odoo.rgbconsulting.com\/wp-content\/uploads\/2022\/10\/40958.jpg","type":"image\/jpeg"}],"twitter_card":"summary_large_image","twitter_title":"KING TUBBY - The Lost Midnight Rock Dubs Chapter 2 -  (LP) | Guerssen","schema":{"@context":"https:\/\/schema.org","@graph":[{"@type":"WebPage","@id":"https:\/\/wpguerssen-test.odoo.rgbconsulting.com\/es\/producto\/the-lost-midnight-rock-dubs-chapter-2\/","url":"https:\/\/wpguerssen-test.odoo.rgbconsulting.com\/es\/producto\/the-lost-midnight-rock-dubs-chapter-2\/","name":"KING TUBBY - The Lost Midnight Rock Dubs Chapter 2 - (LP) | Guerssen","isPartOf":{"@id":"https:\/\/wpguerssen-test.odoo.rgbconsulting.com\/es\/#website"},"primaryImageOfPage":{"@id":"https:\/\/wpguerssen-test.odoo.rgbconsulting.com\/es\/producto\/the-lost-midnight-rock-dubs-chapter-2\/#primaryimage"},"image":{"@id":"https:\/\/wpguerssen-test.odoo.rgbconsulting.com\/es\/producto\/the-lost-midnight-rock-dubs-chapter-2\/#primaryimage"},"thumbnailUrl":"https:\/\/wpguerssen-test.odoo.rgbconsulting.com\/wp-content\/uploads\/2022\/10\/40958.jpg","datePublished":"2022-05-29T22:00:00+00:00","dateModified":"2024-10-01T16:43:10+00:00","description":"The early days of the man affectionately known to his peers as Tubbs' are chronicled in some detail in the notes to this LP's predecessor and companion volume, not unreasonably titled \"King Tubby's Classics Chapter 1\". It's unlikely that anyone who buys Volume 2 will not already have Volume 1, but for the few who don't it's only fair that we start the note with a short pr\u00e9cis of the early life and career of the boy born to be 'King ...","breadcrumb":{"@id":"https:\/\/wpguerssen-test.odoo.rgbconsulting.com\/es\/producto\/the-lost-midnight-rock-dubs-chapter-2\/#breadcrumb"},"inLanguage":"es","potentialAction":[{"@type":"ReadAction","target":["https:\/\/wpguerssen-test.odoo.rgbconsulting.com\/es\/producto\/the-lost-midnight-rock-dubs-chapter-2\/"]}]},{"@type":"ImageObject","inLanguage":"es","@id":"https:\/\/wpguerssen-test.odoo.rgbconsulting.com\/es\/producto\/the-lost-midnight-rock-dubs-chapter-2\/#primaryimage","url":"https:\/\/wpguerssen-test.odoo.rgbconsulting.com\/wp-content\/uploads\/2022\/10\/40958.jpg","contentUrl":"https:\/\/wpguerssen-test.odoo.rgbconsulting.com\/wp-content\/uploads\/2022\/10\/40958.jpg","width":600,"height":611},{"@type":"BreadcrumbList","@id":"https:\/\/wpguerssen-test.odoo.rgbconsulting.com\/es\/producto\/the-lost-midnight-rock-dubs-chapter-2\/#breadcrumb","itemListElement":[{"@type":"ListItem","position":1,"name":"Inicio","item":"https:\/\/wpguerssen-test.odoo.rgbconsulting.com\/es\/"},{"@type":"ListItem","position":2,"name":"Shop","item":"https:\/\/wpguerssen-test.odoo.rgbconsulting.com\/shop\/"},{"@type":"ListItem","position":3,"name":"The Lost Midnight Rock Dubs Chapter 2"}]},{"@type":"WebSite","@id":"https:\/\/wpguerssen-test.odoo.rgbconsulting.com\/es\/#website","url":"https:\/\/wpguerssen-test.odoo.rgbconsulting.com\/es\/","name":"Guerssen records","description":"psychedelia - progressive - folk - garage ","publisher":{"@id":"https:\/\/wpguerssen-test.odoo.rgbconsulting.com\/es\/#organization"},"potentialAction":[{"@type":"SearchAction","target":{"@type":"EntryPoint","urlTemplate":"https:\/\/wpguerssen-test.odoo.rgbconsulting.com\/es\/?s={search_term_string}"},"query-input":{"@type":"PropertyValueSpecification","valueRequired":true,"valueName":"search_term_string"}}],"inLanguage":"es"},{"@type":"Organization","@id":"https:\/\/wpguerssen-test.odoo.rgbconsulting.com\/es\/#organization","name":"Guerssen records","url":"https:\/\/wpguerssen-test.odoo.rgbconsulting.com\/es\/","logo":{"@type":"ImageObject","inLanguage":"es","@id":"https:\/\/wpguerssen-test.odoo.rgbconsulting.com\/es\/#\/schema\/logo\/image\/","url":"https:\/\/wpguerssen-test.odoo.rgbconsulting.com\/wp-content\/uploads\/2022\/04\/Logo_Guerssen_trans_100.png","contentUrl":"https:\/\/wpguerssen-test.odoo.rgbconsulting.com\/wp-content\/uploads\/2022\/04\/Logo_Guerssen_trans_100.png","width":122,"height":100,"caption":"Guerssen records"},"image":{"@id":"https:\/\/wpguerssen-test.odoo.rgbconsulting.com\/es\/#\/schema\/logo\/image\/"}}]}},"_links":{"self":[{"href":"https:\/\/wpguerssen-test.odoo.rgbconsulting.com\/es\/wp-json\/wp\/v2\/product\/171894","targetHints":{"allow":["GET"]}}],"collection":[{"href":"https:\/\/wpguerssen-test.odoo.rgbconsulting.com\/es\/wp-json\/wp\/v2\/product"}],"about":[{"href":"https:\/\/wpguerssen-test.odoo.rgbconsulting.com\/es\/wp-json\/wp\/v2\/types\/product"}],"wp:featuredmedia":[{"embeddable":true,"href":"https:\/\/wpguerssen-test.odoo.rgbconsulting.com\/es\/wp-json\/wp\/v2\/media\/219114"}],"wp:attachment":[{"href":"https:\/\/wpguerssen-test.odoo.rgbconsulting.com\/es\/wp-json\/wp\/v2\/media?parent=171894"}],"wp:term":[{"taxonomy":"product_brand","embeddable":true,"href":"https:\/\/wpguerssen-test.odoo.rgbconsulting.com\/es\/wp-json\/wp\/v2\/product_brand?post=171894"},{"taxonomy":"product_cat","embeddable":true,"href":"https:\/\/wpguerssen-test.odoo.rgbconsulting.com\/es\/wp-json\/wp\/v2\/product_cat?post=171894"},{"taxonomy":"product_tag","embeddable":true,"href":"https:\/\/wpguerssen-test.odoo.rgbconsulting.com\/es\/wp-json\/wp\/v2\/product_tag?post=171894"}],"curies":[{"name":"wp","href":"https:\/\/api.w.org\/{rel}","templated":true}]}}