{"id":177160,"date":"2025-02-05T00:00:00","date_gmt":"2025-02-04T23:00:00","guid":{"rendered":"http:\/\/guerssen.hl1097.dinaserver.com\/product\/2001-record-collector-dreams\/"},"modified":"2025-02-05T17:07:17","modified_gmt":"2025-02-05T16:07:17","slug":"2001-record-collector-dreams","status":"publish","type":"product","link":"https:\/\/wpguerssen-test.odoo.rgbconsulting.com\/es\/producto\/2001-record-collector-dreams\/","title":{"rendered":"2001 Record Collector Dreams"},"content":{"rendered":"<p>Un libro indispensable para cualquier serio coleccionista!!! Segunda entrega tras el 1001 RCD, con 1000 portadas m\u00e1s a todo color de los \u00e1lbumes m\u00e1s incre\u00edblemente raros editados en todo el planeta en los 60 y 70 (psicodelia, garage, beat, progresivo y folk), con cuidada informaci\u00f3n sobre origen, sello, valor y rango de rareza de cada pieza. A todo color con papel de alt\u00edsima calidad y portada gruesa.<\/p>\n","protected":false},"excerpt":{"rendered":"<p>Un libro indispensable para cualquier serio coleccionista!!! Segunda entrega tras el 1001 RCD, con 1000 portadas m\u00e1s a todo color de los \u00e1lbumes m\u00e1s incre\u00edblemente<a class=\"read\" href=\"https:\/\/wpguerssen-test.odoo.rgbconsulting.com\/es\/producto\/2001-record-collector-dreams\/\"> (...)<\/a>","protected":false},"featured_media":110247,"template":"","meta":{"_acf_changed":false},"product_brand":[],"product_cat":[23263],"product_tag":[24185],"class_list":{"0":"post-177160","1":"product","2":"type-product","3":"status-publish","4":"has-post-thumbnail","6":"product_cat-books-es","7":"product_tag-de-nuevo-en-existencia","8":"pa_artist-2001-record-collector-dreams-es","9":"pa_format-libros-es","10":"pa_gender-books","11":"pa_label-55-es-2","12":"pa_location-europe-es","14":"first","15":"instock","16":"taxable","17":"shipping-taxable","18":"purchasable","19":"product-type-simple"},"acf":[],"yoast_head":"<!-- This site is optimized with the Yoast SEO plugin v24.9 - https:\/\/yoast.com\/wordpress\/plugins\/seo\/ -->\n<title>2001 RECORD COLLECTOR DREAMS - 2001 Record Collector Dreams -  (LIBROS) | Guerssen<\/title>\n<meta name=\"description\" content=\"An absolute must for any serious collector!!! The follow-up to the great 1001 RCD, with again 1000 sleeves in full colour showing the most incredibly rare albums released all over the planet in the 60&#039;s &amp; 70&#039;s (psychedelia, garage, beat, progressive and folk), with accurate details about origin, label, value and rarity scale. In high-quality paper.\" \/>\n<meta name=\"robots\" content=\"index, follow, max-snippet:-1, max-image-preview:large, max-video-preview:-1\" \/>\n<link rel=\"canonical\" href=\"https:\/\/wpguerssen-test.odoo.rgbconsulting.com\/es\/producto\/2001-record-collector-dreams\/\" \/>\n<meta property=\"og:locale\" content=\"es_ES\" \/>\n<meta property=\"og:type\" content=\"article\" \/>\n<meta property=\"og:title\" content=\"2001 RECORD COLLECTOR DREAMS - 2001 Record Collector Dreams -  (LIBROS) | Guerssen\" \/>\n<meta property=\"og:description\" content=\"An absolute must for any serious collector!!! The follow-up to the great 1001 RCD, with again 1000 sleeves in full colour showing the most incredibly rare albums released all over the planet in the 60&#039;s &amp; 70&#039;s (psychedelia, garage, beat, progressive and folk), with accurate details about origin, label, value and rarity scale. In high-quality paper.\" \/>\n<meta property=\"og:url\" content=\"https:\/\/wpguerssen-test.odoo.rgbconsulting.com\/es\/producto\/2001-record-collector-dreams\/\" \/>\n<meta property=\"og:site_name\" content=\"Guerssen records\" \/>\n<meta property=\"article:modified_time\" content=\"2025-02-05T16:07:17+00:00\" \/>\n<meta property=\"og:image\" content=\"https:\/\/wpguerssen-test.odoo.rgbconsulting.com\/wp-content\/uploads\/2022\/03\/1086.jpg\" \/>\n\t<meta property=\"og:image:width\" content=\"355\" \/>\n\t<meta property=\"og:image:height\" content=\"499\" \/>\n\t<meta property=\"og:image:type\" content=\"image\/jpeg\" \/>\n<meta name=\"twitter:card\" content=\"summary_large_image\" \/>\n<meta name=\"twitter:title\" content=\"2001 RECORD COLLECTOR DREAMS - 2001 Record Collector Dreams -  (LIBROS) | Guerssen\" \/>\n<script type=\"application\/ld+json\" class=\"yoast-schema-graph\">{\"@context\":\"https:\/\/schema.org\",\"@graph\":[{\"@type\":\"WebPage\",\"@id\":\"https:\/\/wpguerssen-test.odoo.rgbconsulting.com\/es\/producto\/2001-record-collector-dreams\/\",\"url\":\"https:\/\/wpguerssen-test.odoo.rgbconsulting.com\/es\/producto\/2001-record-collector-dreams\/\",\"name\":\"2001 RECORD COLLECTOR DREAMS - 2001 Record Collector Dreams - (LIBROS) | Guerssen\",\"isPartOf\":{\"@id\":\"https:\/\/wpguerssen-test.odoo.rgbconsulting.com\/es\/#website\"},\"primaryImageOfPage\":{\"@id\":\"https:\/\/wpguerssen-test.odoo.rgbconsulting.com\/es\/producto\/2001-record-collector-dreams\/#primaryimage\"},\"image\":{\"@id\":\"https:\/\/wpguerssen-test.odoo.rgbconsulting.com\/es\/producto\/2001-record-collector-dreams\/#primaryimage\"},\"thumbnailUrl\":\"https:\/\/wpguerssen-test.odoo.rgbconsulting.com\/wp-content\/uploads\/2022\/03\/1086.jpg\",\"datePublished\":\"2025-02-04T23:00:00+00:00\",\"dateModified\":\"2025-02-05T16:07:17+00:00\",\"description\":\"An absolute must for any serious collector!!! The follow-up to the great 1001 RCD, with again 1000 sleeves in full colour showing the most incredibly rare albums released all over the planet in the 60's & 70's (psychedelia, garage, beat, progressive and folk), with accurate details about origin, label, value and rarity scale. In high-quality paper.\",\"breadcrumb\":{\"@id\":\"https:\/\/wpguerssen-test.odoo.rgbconsulting.com\/es\/producto\/2001-record-collector-dreams\/#breadcrumb\"},\"inLanguage\":\"es\",\"potentialAction\":[{\"@type\":\"ReadAction\",\"target\":[\"https:\/\/wpguerssen-test.odoo.rgbconsulting.com\/es\/producto\/2001-record-collector-dreams\/\"]}]},{\"@type\":\"ImageObject\",\"inLanguage\":\"es\",\"@id\":\"https:\/\/wpguerssen-test.odoo.rgbconsulting.com\/es\/producto\/2001-record-collector-dreams\/#primaryimage\",\"url\":\"https:\/\/wpguerssen-test.odoo.rgbconsulting.com\/wp-content\/uploads\/2022\/03\/1086.jpg\",\"contentUrl\":\"https:\/\/wpguerssen-test.odoo.rgbconsulting.com\/wp-content\/uploads\/2022\/03\/1086.jpg\",\"width\":355,\"height\":499,\"caption\":\"2001 RECORD COLLECTOR DREAMS - 2001 Record Collector Dreams - . (LIBROS) | Guerssen\"},{\"@type\":\"BreadcrumbList\",\"@id\":\"https:\/\/wpguerssen-test.odoo.rgbconsulting.com\/es\/producto\/2001-record-collector-dreams\/#breadcrumb\",\"itemListElement\":[{\"@type\":\"ListItem\",\"position\":1,\"name\":\"Inicio\",\"item\":\"https:\/\/wpguerssen-test.odoo.rgbconsulting.com\/es\/\"},{\"@type\":\"ListItem\",\"position\":2,\"name\":\"Shop\",\"item\":\"https:\/\/wpguerssen-test.odoo.rgbconsulting.com\/shop\/\"},{\"@type\":\"ListItem\",\"position\":3,\"name\":\"2001 Record Collector Dreams\"}]},{\"@type\":\"WebSite\",\"@id\":\"https:\/\/wpguerssen-test.odoo.rgbconsulting.com\/es\/#website\",\"url\":\"https:\/\/wpguerssen-test.odoo.rgbconsulting.com\/es\/\",\"name\":\"Guerssen records\",\"description\":\"psychedelia - progressive - folk - garage \",\"publisher\":{\"@id\":\"https:\/\/wpguerssen-test.odoo.rgbconsulting.com\/es\/#organization\"},\"potentialAction\":[{\"@type\":\"SearchAction\",\"target\":{\"@type\":\"EntryPoint\",\"urlTemplate\":\"https:\/\/wpguerssen-test.odoo.rgbconsulting.com\/es\/?s={search_term_string}\"},\"query-input\":{\"@type\":\"PropertyValueSpecification\",\"valueRequired\":true,\"valueName\":\"search_term_string\"}}],\"inLanguage\":\"es\"},{\"@type\":\"Organization\",\"@id\":\"https:\/\/wpguerssen-test.odoo.rgbconsulting.com\/es\/#organization\",\"name\":\"Guerssen records\",\"url\":\"https:\/\/wpguerssen-test.odoo.rgbconsulting.com\/es\/\",\"logo\":{\"@type\":\"ImageObject\",\"inLanguage\":\"es\",\"@id\":\"https:\/\/wpguerssen-test.odoo.rgbconsulting.com\/es\/#\/schema\/logo\/image\/\",\"url\":\"https:\/\/wpguerssen-test.odoo.rgbconsulting.com\/wp-content\/uploads\/2022\/04\/Logo_Guerssen_trans_100.png\",\"contentUrl\":\"https:\/\/wpguerssen-test.odoo.rgbconsulting.com\/wp-content\/uploads\/2022\/04\/Logo_Guerssen_trans_100.png\",\"width\":122,\"height\":100,\"caption\":\"Guerssen records\"},\"image\":{\"@id\":\"https:\/\/wpguerssen-test.odoo.rgbconsulting.com\/es\/#\/schema\/logo\/image\/\"}}]}<\/script>\n<!-- \/ Yoast SEO plugin. -->","yoast_head_json":{"title":"2001 RECORD COLLECTOR DREAMS - 2001 Record Collector Dreams -  (LIBROS) | Guerssen","description":"An absolute must for any serious collector!!! The follow-up to the great 1001 RCD, with again 1000 sleeves in full colour showing the most incredibly rare albums released all over the planet in the 60's & 70's (psychedelia, garage, beat, progressive and folk), with accurate details about origin, label, value and rarity scale. In high-quality paper.","robots":{"index":"index","follow":"follow","max-snippet":"max-snippet:-1","max-image-preview":"max-image-preview:large","max-video-preview":"max-video-preview:-1"},"canonical":"https:\/\/wpguerssen-test.odoo.rgbconsulting.com\/es\/producto\/2001-record-collector-dreams\/","og_locale":"es_ES","og_type":"article","og_title":"2001 RECORD COLLECTOR DREAMS - 2001 Record Collector Dreams -  (LIBROS) | Guerssen","og_description":"An absolute must for any serious collector!!! The follow-up to the great 1001 RCD, with again 1000 sleeves in full colour showing the most incredibly rare albums released all over the planet in the 60's & 70's (psychedelia, garage, beat, progressive and folk), with accurate details about origin, label, value and rarity scale. In high-quality paper.","og_url":"https:\/\/wpguerssen-test.odoo.rgbconsulting.com\/es\/producto\/2001-record-collector-dreams\/","og_site_name":"Guerssen records","article_modified_time":"2025-02-05T16:07:17+00:00","og_image":[{"width":355,"height":499,"url":"https:\/\/wpguerssen-test.odoo.rgbconsulting.com\/wp-content\/uploads\/2022\/03\/1086.jpg","type":"image\/jpeg"}],"twitter_card":"summary_large_image","twitter_title":"2001 RECORD COLLECTOR DREAMS - 2001 Record Collector Dreams -  (LIBROS) | Guerssen","schema":{"@context":"https:\/\/schema.org","@graph":[{"@type":"WebPage","@id":"https:\/\/wpguerssen-test.odoo.rgbconsulting.com\/es\/producto\/2001-record-collector-dreams\/","url":"https:\/\/wpguerssen-test.odoo.rgbconsulting.com\/es\/producto\/2001-record-collector-dreams\/","name":"2001 RECORD COLLECTOR DREAMS - 2001 Record Collector Dreams - (LIBROS) | Guerssen","isPartOf":{"@id":"https:\/\/wpguerssen-test.odoo.rgbconsulting.com\/es\/#website"},"primaryImageOfPage":{"@id":"https:\/\/wpguerssen-test.odoo.rgbconsulting.com\/es\/producto\/2001-record-collector-dreams\/#primaryimage"},"image":{"@id":"https:\/\/wpguerssen-test.odoo.rgbconsulting.com\/es\/producto\/2001-record-collector-dreams\/#primaryimage"},"thumbnailUrl":"https:\/\/wpguerssen-test.odoo.rgbconsulting.com\/wp-content\/uploads\/2022\/03\/1086.jpg","datePublished":"2025-02-04T23:00:00+00:00","dateModified":"2025-02-05T16:07:17+00:00","description":"An absolute must for any serious collector!!! The follow-up to the great 1001 RCD, with again 1000 sleeves in full colour showing the most incredibly rare albums released all over the planet in the 60's & 70's (psychedelia, garage, beat, progressive and folk), with accurate details about origin, label, value and rarity scale. In high-quality paper.","breadcrumb":{"@id":"https:\/\/wpguerssen-test.odoo.rgbconsulting.com\/es\/producto\/2001-record-collector-dreams\/#breadcrumb"},"inLanguage":"es","potentialAction":[{"@type":"ReadAction","target":["https:\/\/wpguerssen-test.odoo.rgbconsulting.com\/es\/producto\/2001-record-collector-dreams\/"]}]},{"@type":"ImageObject","inLanguage":"es","@id":"https:\/\/wpguerssen-test.odoo.rgbconsulting.com\/es\/producto\/2001-record-collector-dreams\/#primaryimage","url":"https:\/\/wpguerssen-test.odoo.rgbconsulting.com\/wp-content\/uploads\/2022\/03\/1086.jpg","contentUrl":"https:\/\/wpguerssen-test.odoo.rgbconsulting.com\/wp-content\/uploads\/2022\/03\/1086.jpg","width":355,"height":499,"caption":"2001 RECORD COLLECTOR DREAMS - 2001 Record Collector Dreams - . (LIBROS) | Guerssen"},{"@type":"BreadcrumbList","@id":"https:\/\/wpguerssen-test.odoo.rgbconsulting.com\/es\/producto\/2001-record-collector-dreams\/#breadcrumb","itemListElement":[{"@type":"ListItem","position":1,"name":"Inicio","item":"https:\/\/wpguerssen-test.odoo.rgbconsulting.com\/es\/"},{"@type":"ListItem","position":2,"name":"Shop","item":"https:\/\/wpguerssen-test.odoo.rgbconsulting.com\/shop\/"},{"@type":"ListItem","position":3,"name":"2001 Record Collector Dreams"}]},{"@type":"WebSite","@id":"https:\/\/wpguerssen-test.odoo.rgbconsulting.com\/es\/#website","url":"https:\/\/wpguerssen-test.odoo.rgbconsulting.com\/es\/","name":"Guerssen records","description":"psychedelia - progressive - folk - garage ","publisher":{"@id":"https:\/\/wpguerssen-test.odoo.rgbconsulting.com\/es\/#organization"},"potentialAction":[{"@type":"SearchAction","target":{"@type":"EntryPoint","urlTemplate":"https:\/\/wpguerssen-test.odoo.rgbconsulting.com\/es\/?s={search_term_string}"},"query-input":{"@type":"PropertyValueSpecification","valueRequired":true,"valueName":"search_term_string"}}],"inLanguage":"es"},{"@type":"Organization","@id":"https:\/\/wpguerssen-test.odoo.rgbconsulting.com\/es\/#organization","name":"Guerssen records","url":"https:\/\/wpguerssen-test.odoo.rgbconsulting.com\/es\/","logo":{"@type":"ImageObject","inLanguage":"es","@id":"https:\/\/wpguerssen-test.odoo.rgbconsulting.com\/es\/#\/schema\/logo\/image\/","url":"https:\/\/wpguerssen-test.odoo.rgbconsulting.com\/wp-content\/uploads\/2022\/04\/Logo_Guerssen_trans_100.png","contentUrl":"https:\/\/wpguerssen-test.odoo.rgbconsulting.com\/wp-content\/uploads\/2022\/04\/Logo_Guerssen_trans_100.png","width":122,"height":100,"caption":"Guerssen records"},"image":{"@id":"https:\/\/wpguerssen-test.odoo.rgbconsulting.com\/es\/#\/schema\/logo\/image\/"}}]}},"_links":{"self":[{"href":"https:\/\/wpguerssen-test.odoo.rgbconsulting.com\/es\/wp-json\/wp\/v2\/product\/177160","targetHints":{"allow":["GET"]}}],"collection":[{"href":"https:\/\/wpguerssen-test.odoo.rgbconsulting.com\/es\/wp-json\/wp\/v2\/product"}],"about":[{"href":"https:\/\/wpguerssen-test.odoo.rgbconsulting.com\/es\/wp-json\/wp\/v2\/types\/product"}],"wp:featuredmedia":[{"embeddable":true,"href":"https:\/\/wpguerssen-test.odoo.rgbconsulting.com\/es\/wp-json\/wp\/v2\/media\/110247"}],"wp:attachment":[{"href":"https:\/\/wpguerssen-test.odoo.rgbconsulting.com\/es\/wp-json\/wp\/v2\/media?parent=177160"}],"wp:term":[{"taxonomy":"product_brand","embeddable":true,"href":"https:\/\/wpguerssen-test.odoo.rgbconsulting.com\/es\/wp-json\/wp\/v2\/product_brand?post=177160"},{"taxonomy":"product_cat","embeddable":true,"href":"https:\/\/wpguerssen-test.odoo.rgbconsulting.com\/es\/wp-json\/wp\/v2\/product_cat?post=177160"},{"taxonomy":"product_tag","embeddable":true,"href":"https:\/\/wpguerssen-test.odoo.rgbconsulting.com\/es\/wp-json\/wp\/v2\/product_tag?post=177160"}],"curies":[{"name":"wp","href":"https:\/\/api.w.org\/{rel}","templated":true}]}}