{"id":177318,"date":"2004-05-06T00:00:00","date_gmt":"2004-05-05T22:00:00","guid":{"rendered":"http:\/\/guerssen.hl1097.dinaserver.com\/product\/mr-toytown-presents\/"},"modified":"2025-01-07T18:31:42","modified_gmt":"2025-01-07T17:31:42","slug":"mr-toytown-presents","status":"publish","type":"product","link":"https:\/\/wpguerssen-test.odoo.rgbconsulting.com\/es\/producto\/mr-toytown-presents\/","title":{"rendered":"Mr. Toytown presents&#8230;"},"content":{"rendered":"<p>Por fin el esperado lanzamiento de este CD que ha sido calificado por el prestigioso e-zine brit\u00e1nico Sweet Floral Albion como \u00abel equivalente europeo de principios de los 70 de la serie Circus Days&#8230;la mejor, m\u00e1s original y excitante recopilaci\u00f3n de los \u00faltimos 10 a\u00f1os\u00bb. <br \/>\u00abMr. Toytown Presents&#8230;\u00bb se centra en un territorio hasta hace poco inexplorado: la desconocida escena psicod\u00e9lica de los primeros a\u00f1os 70, cubriendo un amplio espectro: Heavy-Psych, Popsyke, Sunshine-Pop, Folk-Pop&#8230; <br \/>21 temas extra\u00eddos de incunables singles editados en Espa\u00f1a por bandas mayormente europeas, en peque\u00f1os sellos de culto como Opalo, Accion, Poplandia, Bocaccio, Top, Goma&#8230; <br \/>Con MIKE &#038; TOTI, BARRY WIGLEY, EDELWEISS, SCHIZO, CHRISTOPHE, BIG CHERRY, JUMBO, TUCKY BUZZARD, CHILDREN OF THE MORNING, PANICS, NAPOLEON, WHITE&#8230; Sonido remasterizado, booklet de 8 p\u00e1ginas con fotos y notas sobre cada artista y tremenda portada psicod\u00e9lica. Edici\u00f3n limitada de 500 copias.<\/p>\n","protected":false},"excerpt":{"rendered":"<p>Por fin el esperado lanzamiento de este CD que ha sido calificado por el prestigioso e-zine brit\u00e1nico Sweet Floral Albion como \u00abel equivalente europeo de principios<a class=\"read\" href=\"https:\/\/wpguerssen-test.odoo.rgbconsulting.com\/es\/producto\/mr-toytown-presents\/\"> (...)<\/a>","protected":false},"featured_media":110697,"template":"","meta":{"_acf_changed":false},"product_brand":[],"product_cat":[21639,23234],"product_tag":[24190],"class_list":{"0":"post-177318","1":"product","2":"type-product","3":"status-publish","4":"has-post-thumbnail","6":"product_cat-psychedelic60s-70s-es","7":"product_cat-pop-rock-es","8":"product_tag-sales-es","9":"pa_artist-various-artists-es","10":"pa_format-cd-2-es","11":"pa_gender-psychedelic60s-70s-pop-rock","12":"pa_label-toytown-recordings","13":"pa_location-uk-ireland-es","15":"first","16":"instock","17":"taxable","18":"shipping-taxable","19":"purchasable","20":"product-type-simple"},"acf":[],"yoast_head":"<!-- This site is optimized with the Yoast SEO plugin v24.9 - https:\/\/yoast.com\/wordpress\/plugins\/seo\/ -->\n<title>VARIOUS ARTISTS - Mr. Toytown presents... -  (CD) | Guerssen<\/title>\n<meta name=\"description\" content=\"&quot;Mr. Toytown Presents...Obscure Psychedelic, Popsyke &amp; Soft-Pop 45s, 1969-1974&quot; (Toytown Recordings TT-1001) With BARRY WIGLEY, MIKE &amp; TOTI, SCHIZO, TUCKY BUZZARD, PANICS, BIG CHERRY, NAPOLEON, SCHIZO, JUMBO, CHILDREN OF THE MORNING, CHRISTOPHE, DORIANS, WHITE, SUNSHINE, BLACK SWAN &amp; many more...All tracks taken from 45s by mostly european bands from the early 70s, released in Spain on small cult labels like Opalo, Accion, Poplandia, Bocaccio, Top, Goma... 21 tracks with remastered sound, 8 page booklet with pictures and informative liner notes in english about each band and amazing sleeve design. Limited edition of 500 copies. &quot;Probably the best, most original, most exciting compilation of the past 10 years!&quot;...&quot;The European early-70s equivalent of &#039;Circus Days.&quot;...&quot;A classic! It easily ranks with the top pop psyke comps of all time.&quot;...&quot;Simply essential to lovers of UK-styled sounds, the materials range from twee pop syke and fluffy whimsy to folky floaters and dippy hippy nonsense, but the full-on psych and heavyweight brain-shaggers are not neglected...they&#039;re all here on one disc&quot; (Sweet Floral Albion e-zine)\" \/>\n<meta name=\"robots\" content=\"index, follow, max-snippet:-1, max-image-preview:large, max-video-preview:-1\" \/>\n<link rel=\"canonical\" href=\"https:\/\/wpguerssen-test.odoo.rgbconsulting.com\/es\/producto\/mr-toytown-presents\/\" \/>\n<meta property=\"og:locale\" content=\"es_ES\" \/>\n<meta property=\"og:type\" content=\"article\" \/>\n<meta property=\"og:title\" content=\"VARIOUS ARTISTS - Mr. Toytown presents... -  (CD) | Guerssen\" \/>\n<meta property=\"og:description\" content=\"&quot;Mr. Toytown Presents...Obscure Psychedelic, Popsyke &amp; Soft-Pop 45s, 1969-1974&quot; (Toytown Recordings TT-1001) With BARRY WIGLEY, MIKE &amp; TOTI, SCHIZO, TUCKY BUZZARD, PANICS, BIG CHERRY, NAPOLEON, SCHIZO, JUMBO, CHILDREN OF THE MORNING, CHRISTOPHE, DORIANS, WHITE, SUNSHINE, BLACK SWAN &amp; many more...All tracks taken from 45s by mostly european bands from the early 70s, released in Spain on small cult labels like Opalo, Accion, Poplandia, Bocaccio, Top, Goma... 21 tracks with remastered sound, 8 page booklet with pictures and informative liner notes in english about each band and amazing sleeve design. Limited edition of 500 copies. &quot;Probably the best, most original, most exciting compilation of the past 10 years!&quot;...&quot;The European early-70s equivalent of &#039;Circus Days.&quot;...&quot;A classic! It easily ranks with the top pop psyke comps of all time.&quot;...&quot;Simply essential to lovers of UK-styled sounds, the materials range from twee pop syke and fluffy whimsy to folky floaters and dippy hippy nonsense, but the full-on psych and heavyweight brain-shaggers are not neglected...they&#039;re all here on one disc&quot; (Sweet Floral Albion e-zine)\" \/>\n<meta property=\"og:url\" content=\"https:\/\/wpguerssen-test.odoo.rgbconsulting.com\/es\/producto\/mr-toytown-presents\/\" \/>\n<meta property=\"og:site_name\" content=\"Guerssen records\" \/>\n<meta property=\"article:modified_time\" content=\"2025-01-07T17:31:42+00:00\" \/>\n<meta property=\"og:image\" content=\"https:\/\/wpguerssen-test.odoo.rgbconsulting.com\/wp-content\/uploads\/2022\/03\/6001.jpg\" \/>\n\t<meta property=\"og:image:width\" content=\"500\" \/>\n\t<meta property=\"og:image:height\" content=\"500\" \/>\n\t<meta property=\"og:image:type\" content=\"image\/jpeg\" \/>\n<meta name=\"twitter:card\" content=\"summary_large_image\" \/>\n<meta name=\"twitter:title\" content=\"VARIOUS ARTISTS - Mr. Toytown presents... -  (CD) | Guerssen\" \/>\n<meta name=\"twitter:label1\" content=\"Tiempo de lectura\" \/>\n\t<meta name=\"twitter:data1\" content=\"1 minuto\" \/>\n<script type=\"application\/ld+json\" class=\"yoast-schema-graph\">{\"@context\":\"https:\/\/schema.org\",\"@graph\":[{\"@type\":\"WebPage\",\"@id\":\"https:\/\/wpguerssen-test.odoo.rgbconsulting.com\/es\/producto\/mr-toytown-presents\/\",\"url\":\"https:\/\/wpguerssen-test.odoo.rgbconsulting.com\/es\/producto\/mr-toytown-presents\/\",\"name\":\"VARIOUS ARTISTS - Mr. Toytown presents... - (CD) | Guerssen\",\"isPartOf\":{\"@id\":\"https:\/\/wpguerssen-test.odoo.rgbconsulting.com\/es\/#website\"},\"primaryImageOfPage\":{\"@id\":\"https:\/\/wpguerssen-test.odoo.rgbconsulting.com\/es\/producto\/mr-toytown-presents\/#primaryimage\"},\"image\":{\"@id\":\"https:\/\/wpguerssen-test.odoo.rgbconsulting.com\/es\/producto\/mr-toytown-presents\/#primaryimage\"},\"thumbnailUrl\":\"https:\/\/wpguerssen-test.odoo.rgbconsulting.com\/wp-content\/uploads\/2022\/03\/6001.jpg\",\"datePublished\":\"2004-05-05T22:00:00+00:00\",\"dateModified\":\"2025-01-07T17:31:42+00:00\",\"description\":\"\\\"Mr. Toytown Presents...Obscure Psychedelic, Popsyke & Soft-Pop 45s, 1969-1974\\\" (Toytown Recordings TT-1001) With BARRY WIGLEY, MIKE & TOTI, SCHIZO, TUCKY BUZZARD, PANICS, BIG CHERRY, NAPOLEON, SCHIZO, JUMBO, CHILDREN OF THE MORNING, CHRISTOPHE, DORIANS, WHITE, SUNSHINE, BLACK SWAN & many more...All tracks taken from 45s by mostly european bands from the early 70s, released in Spain on small cult labels like Opalo, Accion, Poplandia, Bocaccio, Top, Goma... 21 tracks with remastered sound, 8 page booklet with pictures and informative liner notes in english about each band and amazing sleeve design. Limited edition of 500 copies. \\\"Probably the best, most original, most exciting compilation of the past 10 years!\\\"...\\\"The European early-70s equivalent of 'Circus Days.\\\"...\\\"A classic! It easily ranks with the top pop psyke comps of all time.\\\"...\\\"Simply essential to lovers of UK-styled sounds, the materials range from twee pop syke and fluffy whimsy to folky floaters and dippy hippy nonsense, but the full-on psych and heavyweight brain-shaggers are not neglected...they're all here on one disc\\\" (Sweet Floral Albion e-zine)\",\"breadcrumb\":{\"@id\":\"https:\/\/wpguerssen-test.odoo.rgbconsulting.com\/es\/producto\/mr-toytown-presents\/#breadcrumb\"},\"inLanguage\":\"es\",\"potentialAction\":[{\"@type\":\"ReadAction\",\"target\":[\"https:\/\/wpguerssen-test.odoo.rgbconsulting.com\/es\/producto\/mr-toytown-presents\/\"]}]},{\"@type\":\"ImageObject\",\"inLanguage\":\"es\",\"@id\":\"https:\/\/wpguerssen-test.odoo.rgbconsulting.com\/es\/producto\/mr-toytown-presents\/#primaryimage\",\"url\":\"https:\/\/wpguerssen-test.odoo.rgbconsulting.com\/wp-content\/uploads\/2022\/03\/6001.jpg\",\"contentUrl\":\"https:\/\/wpguerssen-test.odoo.rgbconsulting.com\/wp-content\/uploads\/2022\/03\/6001.jpg\",\"width\":500,\"height\":500,\"caption\":\"VARIOUS ARTISTS - Mr. Toytown presents... - TOYTOWN RECORDINGS (CD) | Guerssen\"},{\"@type\":\"BreadcrumbList\",\"@id\":\"https:\/\/wpguerssen-test.odoo.rgbconsulting.com\/es\/producto\/mr-toytown-presents\/#breadcrumb\",\"itemListElement\":[{\"@type\":\"ListItem\",\"position\":1,\"name\":\"Inicio\",\"item\":\"https:\/\/wpguerssen-test.odoo.rgbconsulting.com\/es\/\"},{\"@type\":\"ListItem\",\"position\":2,\"name\":\"Shop\",\"item\":\"https:\/\/wpguerssen-test.odoo.rgbconsulting.com\/shop\/\"},{\"@type\":\"ListItem\",\"position\":3,\"name\":\"Mr. Toytown presents&#8230;\"}]},{\"@type\":\"WebSite\",\"@id\":\"https:\/\/wpguerssen-test.odoo.rgbconsulting.com\/es\/#website\",\"url\":\"https:\/\/wpguerssen-test.odoo.rgbconsulting.com\/es\/\",\"name\":\"Guerssen records\",\"description\":\"psychedelia - progressive - folk - garage \",\"publisher\":{\"@id\":\"https:\/\/wpguerssen-test.odoo.rgbconsulting.com\/es\/#organization\"},\"potentialAction\":[{\"@type\":\"SearchAction\",\"target\":{\"@type\":\"EntryPoint\",\"urlTemplate\":\"https:\/\/wpguerssen-test.odoo.rgbconsulting.com\/es\/?s={search_term_string}\"},\"query-input\":{\"@type\":\"PropertyValueSpecification\",\"valueRequired\":true,\"valueName\":\"search_term_string\"}}],\"inLanguage\":\"es\"},{\"@type\":\"Organization\",\"@id\":\"https:\/\/wpguerssen-test.odoo.rgbconsulting.com\/es\/#organization\",\"name\":\"Guerssen records\",\"url\":\"https:\/\/wpguerssen-test.odoo.rgbconsulting.com\/es\/\",\"logo\":{\"@type\":\"ImageObject\",\"inLanguage\":\"es\",\"@id\":\"https:\/\/wpguerssen-test.odoo.rgbconsulting.com\/es\/#\/schema\/logo\/image\/\",\"url\":\"https:\/\/wpguerssen-test.odoo.rgbconsulting.com\/wp-content\/uploads\/2022\/04\/Logo_Guerssen_trans_100.png\",\"contentUrl\":\"https:\/\/wpguerssen-test.odoo.rgbconsulting.com\/wp-content\/uploads\/2022\/04\/Logo_Guerssen_trans_100.png\",\"width\":122,\"height\":100,\"caption\":\"Guerssen records\"},\"image\":{\"@id\":\"https:\/\/wpguerssen-test.odoo.rgbconsulting.com\/es\/#\/schema\/logo\/image\/\"}}]}<\/script>\n<!-- \/ Yoast SEO plugin. -->","yoast_head_json":{"title":"VARIOUS ARTISTS - Mr. Toytown presents... -  (CD) | Guerssen","description":"\"Mr. Toytown Presents...Obscure Psychedelic, Popsyke & Soft-Pop 45s, 1969-1974\" (Toytown Recordings TT-1001) With BARRY WIGLEY, MIKE & TOTI, SCHIZO, TUCKY BUZZARD, PANICS, BIG CHERRY, NAPOLEON, SCHIZO, JUMBO, CHILDREN OF THE MORNING, CHRISTOPHE, DORIANS, WHITE, SUNSHINE, BLACK SWAN & many more...All tracks taken from 45s by mostly european bands from the early 70s, released in Spain on small cult labels like Opalo, Accion, Poplandia, Bocaccio, Top, Goma... 21 tracks with remastered sound, 8 page booklet with pictures and informative liner notes in english about each band and amazing sleeve design. Limited edition of 500 copies. \"Probably the best, most original, most exciting compilation of the past 10 years!\"...\"The European early-70s equivalent of 'Circus Days.\"...\"A classic! It easily ranks with the top pop psyke comps of all time.\"...\"Simply essential to lovers of UK-styled sounds, the materials range from twee pop syke and fluffy whimsy to folky floaters and dippy hippy nonsense, but the full-on psych and heavyweight brain-shaggers are not neglected...they're all here on one disc\" (Sweet Floral Albion e-zine)","robots":{"index":"index","follow":"follow","max-snippet":"max-snippet:-1","max-image-preview":"max-image-preview:large","max-video-preview":"max-video-preview:-1"},"canonical":"https:\/\/wpguerssen-test.odoo.rgbconsulting.com\/es\/producto\/mr-toytown-presents\/","og_locale":"es_ES","og_type":"article","og_title":"VARIOUS ARTISTS - Mr. Toytown presents... -  (CD) | Guerssen","og_description":"\"Mr. Toytown Presents...Obscure Psychedelic, Popsyke & Soft-Pop 45s, 1969-1974\" (Toytown Recordings TT-1001) With BARRY WIGLEY, MIKE & TOTI, SCHIZO, TUCKY BUZZARD, PANICS, BIG CHERRY, NAPOLEON, SCHIZO, JUMBO, CHILDREN OF THE MORNING, CHRISTOPHE, DORIANS, WHITE, SUNSHINE, BLACK SWAN & many more...All tracks taken from 45s by mostly european bands from the early 70s, released in Spain on small cult labels like Opalo, Accion, Poplandia, Bocaccio, Top, Goma... 21 tracks with remastered sound, 8 page booklet with pictures and informative liner notes in english about each band and amazing sleeve design. Limited edition of 500 copies. \"Probably the best, most original, most exciting compilation of the past 10 years!\"...\"The European early-70s equivalent of 'Circus Days.\"...\"A classic! It easily ranks with the top pop psyke comps of all time.\"...\"Simply essential to lovers of UK-styled sounds, the materials range from twee pop syke and fluffy whimsy to folky floaters and dippy hippy nonsense, but the full-on psych and heavyweight brain-shaggers are not neglected...they're all here on one disc\" (Sweet Floral Albion e-zine)","og_url":"https:\/\/wpguerssen-test.odoo.rgbconsulting.com\/es\/producto\/mr-toytown-presents\/","og_site_name":"Guerssen records","article_modified_time":"2025-01-07T17:31:42+00:00","og_image":[{"width":500,"height":500,"url":"https:\/\/wpguerssen-test.odoo.rgbconsulting.com\/wp-content\/uploads\/2022\/03\/6001.jpg","type":"image\/jpeg"}],"twitter_card":"summary_large_image","twitter_title":"VARIOUS ARTISTS - Mr. Toytown presents... -  (CD) | Guerssen","twitter_misc":{"Tiempo de lectura":"1 minuto"},"schema":{"@context":"https:\/\/schema.org","@graph":[{"@type":"WebPage","@id":"https:\/\/wpguerssen-test.odoo.rgbconsulting.com\/es\/producto\/mr-toytown-presents\/","url":"https:\/\/wpguerssen-test.odoo.rgbconsulting.com\/es\/producto\/mr-toytown-presents\/","name":"VARIOUS ARTISTS - Mr. Toytown presents... - (CD) | Guerssen","isPartOf":{"@id":"https:\/\/wpguerssen-test.odoo.rgbconsulting.com\/es\/#website"},"primaryImageOfPage":{"@id":"https:\/\/wpguerssen-test.odoo.rgbconsulting.com\/es\/producto\/mr-toytown-presents\/#primaryimage"},"image":{"@id":"https:\/\/wpguerssen-test.odoo.rgbconsulting.com\/es\/producto\/mr-toytown-presents\/#primaryimage"},"thumbnailUrl":"https:\/\/wpguerssen-test.odoo.rgbconsulting.com\/wp-content\/uploads\/2022\/03\/6001.jpg","datePublished":"2004-05-05T22:00:00+00:00","dateModified":"2025-01-07T17:31:42+00:00","description":"\"Mr. Toytown Presents...Obscure Psychedelic, Popsyke & Soft-Pop 45s, 1969-1974\" (Toytown Recordings TT-1001) With BARRY WIGLEY, MIKE & TOTI, SCHIZO, TUCKY BUZZARD, PANICS, BIG CHERRY, NAPOLEON, SCHIZO, JUMBO, CHILDREN OF THE MORNING, CHRISTOPHE, DORIANS, WHITE, SUNSHINE, BLACK SWAN & many more...All tracks taken from 45s by mostly european bands from the early 70s, released in Spain on small cult labels like Opalo, Accion, Poplandia, Bocaccio, Top, Goma... 21 tracks with remastered sound, 8 page booklet with pictures and informative liner notes in english about each band and amazing sleeve design. Limited edition of 500 copies. \"Probably the best, most original, most exciting compilation of the past 10 years!\"...\"The European early-70s equivalent of 'Circus Days.\"...\"A classic! It easily ranks with the top pop psyke comps of all time.\"...\"Simply essential to lovers of UK-styled sounds, the materials range from twee pop syke and fluffy whimsy to folky floaters and dippy hippy nonsense, but the full-on psych and heavyweight brain-shaggers are not neglected...they're all here on one disc\" (Sweet Floral Albion e-zine)","breadcrumb":{"@id":"https:\/\/wpguerssen-test.odoo.rgbconsulting.com\/es\/producto\/mr-toytown-presents\/#breadcrumb"},"inLanguage":"es","potentialAction":[{"@type":"ReadAction","target":["https:\/\/wpguerssen-test.odoo.rgbconsulting.com\/es\/producto\/mr-toytown-presents\/"]}]},{"@type":"ImageObject","inLanguage":"es","@id":"https:\/\/wpguerssen-test.odoo.rgbconsulting.com\/es\/producto\/mr-toytown-presents\/#primaryimage","url":"https:\/\/wpguerssen-test.odoo.rgbconsulting.com\/wp-content\/uploads\/2022\/03\/6001.jpg","contentUrl":"https:\/\/wpguerssen-test.odoo.rgbconsulting.com\/wp-content\/uploads\/2022\/03\/6001.jpg","width":500,"height":500,"caption":"VARIOUS ARTISTS - Mr. Toytown presents... - TOYTOWN RECORDINGS (CD) | Guerssen"},{"@type":"BreadcrumbList","@id":"https:\/\/wpguerssen-test.odoo.rgbconsulting.com\/es\/producto\/mr-toytown-presents\/#breadcrumb","itemListElement":[{"@type":"ListItem","position":1,"name":"Inicio","item":"https:\/\/wpguerssen-test.odoo.rgbconsulting.com\/es\/"},{"@type":"ListItem","position":2,"name":"Shop","item":"https:\/\/wpguerssen-test.odoo.rgbconsulting.com\/shop\/"},{"@type":"ListItem","position":3,"name":"Mr. Toytown presents&#8230;"}]},{"@type":"WebSite","@id":"https:\/\/wpguerssen-test.odoo.rgbconsulting.com\/es\/#website","url":"https:\/\/wpguerssen-test.odoo.rgbconsulting.com\/es\/","name":"Guerssen records","description":"psychedelia - progressive - folk - garage ","publisher":{"@id":"https:\/\/wpguerssen-test.odoo.rgbconsulting.com\/es\/#organization"},"potentialAction":[{"@type":"SearchAction","target":{"@type":"EntryPoint","urlTemplate":"https:\/\/wpguerssen-test.odoo.rgbconsulting.com\/es\/?s={search_term_string}"},"query-input":{"@type":"PropertyValueSpecification","valueRequired":true,"valueName":"search_term_string"}}],"inLanguage":"es"},{"@type":"Organization","@id":"https:\/\/wpguerssen-test.odoo.rgbconsulting.com\/es\/#organization","name":"Guerssen records","url":"https:\/\/wpguerssen-test.odoo.rgbconsulting.com\/es\/","logo":{"@type":"ImageObject","inLanguage":"es","@id":"https:\/\/wpguerssen-test.odoo.rgbconsulting.com\/es\/#\/schema\/logo\/image\/","url":"https:\/\/wpguerssen-test.odoo.rgbconsulting.com\/wp-content\/uploads\/2022\/04\/Logo_Guerssen_trans_100.png","contentUrl":"https:\/\/wpguerssen-test.odoo.rgbconsulting.com\/wp-content\/uploads\/2022\/04\/Logo_Guerssen_trans_100.png","width":122,"height":100,"caption":"Guerssen records"},"image":{"@id":"https:\/\/wpguerssen-test.odoo.rgbconsulting.com\/es\/#\/schema\/logo\/image\/"}}]}},"_links":{"self":[{"href":"https:\/\/wpguerssen-test.odoo.rgbconsulting.com\/es\/wp-json\/wp\/v2\/product\/177318","targetHints":{"allow":["GET"]}}],"collection":[{"href":"https:\/\/wpguerssen-test.odoo.rgbconsulting.com\/es\/wp-json\/wp\/v2\/product"}],"about":[{"href":"https:\/\/wpguerssen-test.odoo.rgbconsulting.com\/es\/wp-json\/wp\/v2\/types\/product"}],"wp:featuredmedia":[{"embeddable":true,"href":"https:\/\/wpguerssen-test.odoo.rgbconsulting.com\/es\/wp-json\/wp\/v2\/media\/110697"}],"wp:attachment":[{"href":"https:\/\/wpguerssen-test.odoo.rgbconsulting.com\/es\/wp-json\/wp\/v2\/media?parent=177318"}],"wp:term":[{"taxonomy":"product_brand","embeddable":true,"href":"https:\/\/wpguerssen-test.odoo.rgbconsulting.com\/es\/wp-json\/wp\/v2\/product_brand?post=177318"},{"taxonomy":"product_cat","embeddable":true,"href":"https:\/\/wpguerssen-test.odoo.rgbconsulting.com\/es\/wp-json\/wp\/v2\/product_cat?post=177318"},{"taxonomy":"product_tag","embeddable":true,"href":"https:\/\/wpguerssen-test.odoo.rgbconsulting.com\/es\/wp-json\/wp\/v2\/product_tag?post=177318"}],"curies":[{"name":"wp","href":"https:\/\/api.w.org\/{rel}","templated":true}]}}