{"id":177350,"date":"2005-01-03T00:00:00","date_gmt":"2005-01-02T23:00:00","guid":{"rendered":"http:\/\/guerssen.hl1097.dinaserver.com\/product\/mr-toytown-presents-vol-2\/"},"modified":"2025-01-07T18:31:47","modified_gmt":"2025-01-07T17:31:47","slug":"mr-toytown-presents-vol-2","status":"publish","type":"product","link":"https:\/\/wpguerssen-test.odoo.rgbconsulting.com\/es\/producto\/mr-toytown-presents-vol-2\/","title":{"rendered":"Mr. Toytown presents, vol. 2"},"content":{"rendered":"<p>\u00abNightmares at Toby&#8217;s shop\u00bb. Obscure psychedelic, popsyke &#038; progressive pop 45s, 1968-1974). Esta vez, junto a rarezas europeas editadas en sellos espa\u00f1oles como Poplandia, Opalo, Accion, Goma o Marfer, tambi\u00e9n tenemos singles editados en Francia y Alemania por sellos como Byg, Admiral o Az.<br \/>Impresionante y ecl\u00e9ctica selecci\u00f3n con grupos de Espa\u00f1a, Holanda, UK, Francia, Alemania, Brasil, USA, Yugoslavia, Italia&#8230;Ekseption, Chubby Checker, Francois Wertheimer, Kiss Inc, Nick Garrie, Davey Payne, Dulces A\u00f1os, Spectrum, Papoose, Geebros, Kid Rock, etc.<\/p>\n","protected":false},"excerpt":{"rendered":"<p>\u00abNightmares at Toby&#8217;s shop\u00bb. Obscure psychedelic, popsyke &#038; progressive pop 45s, 1968-1974). Esta vez, junto a rarezas europeas editadas en sellos espa\u00f1oles<a class=\"read\" href=\"https:\/\/wpguerssen-test.odoo.rgbconsulting.com\/es\/producto\/mr-toytown-presents-vol-2\/\"> (...)<\/a>","protected":false},"featured_media":110793,"template":"","meta":{"_acf_changed":false},"product_brand":[],"product_cat":[21639,23234],"product_tag":[24190],"class_list":{"0":"post-177350","1":"product","2":"type-product","3":"status-publish","4":"has-post-thumbnail","6":"product_cat-psychedelic60s-70s-es","7":"product_cat-pop-rock-es","8":"product_tag-sales-es","9":"pa_artist-various-artists-es","10":"pa_format-cd-2-es","11":"pa_gender-psychedelic60s-70s-pop-rock","12":"pa_label-toytown-recordings","13":"pa_location-uk-ireland-es","15":"first","16":"instock","17":"taxable","18":"shipping-taxable","19":"purchasable","20":"product-type-simple"},"acf":[],"yoast_head":"<!-- This site is optimized with the Yoast SEO plugin v24.9 - https:\/\/yoast.com\/wordpress\/plugins\/seo\/ -->\n<title>VARIOUS ARTISTS - Mr. Toytown presents, vol. 2 -  (CD) | Guerssen<\/title>\n<meta name=\"description\" content=\"&quot;Nightmares at Toby&#039;s shop&quot;... Obscure psychedelic, popsyke &amp; progressive pop 45s, 1968-1974. This time, along with euro oddities released on Spanish labels like Poplandia, Opalo, Accion, Goma, Sintonia, Marfer, etc., you can also find some 45s only issued in France &amp; Germany on labels like Byg, Admiral &amp; Az. An impressive and eclectic selection featuring bands from all over the globe but mostly from the old continent: Spain, Netherlands, UK, France, Germany, Switzerland, Yugoslavia, Italy, USA, Brazil... and it features an explosive cocktails of sounds: Over the top Heavy Guitar Psych by EKSEPTION, CHUBBY CHECKER with his euro only &quot;psychedelic&quot; single, &quot;My Mind&quot;, which sounds like Hendrix jamming with Blue Cheer; weird french Acid Psych by FRANCOIS WERTHEIMER, taken from one of the rarest BYG label 45s from the early 70s; amazing late sixties Mod - Psych by KISS INC, NICK GARRIE with a french only 45 track not included on his mega bucks album; Bubblegum insanity by Jumbo, orchestrated Sunshine - Psych by DAVEY PAYNE and THE PANICS, toytown Popsyke by SOFT PILLOW doing a rare Bee Gees composition, JACK GRUNSKY, WITCH WAY, CYAN, DULCES A\u00d1OS with a haunting baroque-harpsichord track sung in spanish; early 70s Progressive Pop by SPECTRUM, PAPOOSE and brazilian band LIGHT REFLECTIONS; yugoslavian band TOP GENERATION with their psych-pop smasher &quot;Stop, Stop&quot;; exploitation 70s psych weirdness by GEEBROS, KID ROCK, A. W KID...and much more!\" \/>\n<meta name=\"robots\" content=\"index, follow, max-snippet:-1, max-image-preview:large, max-video-preview:-1\" \/>\n<link rel=\"canonical\" href=\"https:\/\/wpguerssen-test.odoo.rgbconsulting.com\/es\/producto\/mr-toytown-presents-vol-2\/\" \/>\n<meta property=\"og:locale\" content=\"es_ES\" \/>\n<meta property=\"og:type\" content=\"article\" \/>\n<meta property=\"og:title\" content=\"VARIOUS ARTISTS - Mr. Toytown presents, vol. 2 -  (CD) | Guerssen\" \/>\n<meta property=\"og:description\" content=\"&quot;Nightmares at Toby&#039;s shop&quot;... Obscure psychedelic, popsyke &amp; progressive pop 45s, 1968-1974. This time, along with euro oddities released on Spanish labels like Poplandia, Opalo, Accion, Goma, Sintonia, Marfer, etc., you can also find some 45s only issued in France &amp; Germany on labels like Byg, Admiral &amp; Az. An impressive and eclectic selection featuring bands from all over the globe but mostly from the old continent: Spain, Netherlands, UK, France, Germany, Switzerland, Yugoslavia, Italy, USA, Brazil... and it features an explosive cocktails of sounds: Over the top Heavy Guitar Psych by EKSEPTION, CHUBBY CHECKER with his euro only &quot;psychedelic&quot; single, &quot;My Mind&quot;, which sounds like Hendrix jamming with Blue Cheer; weird french Acid Psych by FRANCOIS WERTHEIMER, taken from one of the rarest BYG label 45s from the early 70s; amazing late sixties Mod - Psych by KISS INC, NICK GARRIE with a french only 45 track not included on his mega bucks album; Bubblegum insanity by Jumbo, orchestrated Sunshine - Psych by DAVEY PAYNE and THE PANICS, toytown Popsyke by SOFT PILLOW doing a rare Bee Gees composition, JACK GRUNSKY, WITCH WAY, CYAN, DULCES A\u00d1OS with a haunting baroque-harpsichord track sung in spanish; early 70s Progressive Pop by SPECTRUM, PAPOOSE and brazilian band LIGHT REFLECTIONS; yugoslavian band TOP GENERATION with their psych-pop smasher &quot;Stop, Stop&quot;; exploitation 70s psych weirdness by GEEBROS, KID ROCK, A. W KID...and much more!\" \/>\n<meta property=\"og:url\" content=\"https:\/\/wpguerssen-test.odoo.rgbconsulting.com\/es\/producto\/mr-toytown-presents-vol-2\/\" \/>\n<meta property=\"og:site_name\" content=\"Guerssen records\" \/>\n<meta property=\"article:modified_time\" content=\"2025-01-07T17:31:47+00:00\" \/>\n<meta property=\"og:image\" content=\"https:\/\/wpguerssen-test.odoo.rgbconsulting.com\/wp-content\/uploads\/2022\/03\/6645.jpg\" \/>\n\t<meta property=\"og:image:width\" content=\"600\" \/>\n\t<meta property=\"og:image:height\" content=\"599\" \/>\n\t<meta property=\"og:image:type\" content=\"image\/jpeg\" \/>\n<meta name=\"twitter:card\" content=\"summary_large_image\" \/>\n<meta name=\"twitter:title\" content=\"VARIOUS ARTISTS - Mr. Toytown presents, vol. 2 -  (CD) | Guerssen\" \/>\n<script type=\"application\/ld+json\" class=\"yoast-schema-graph\">{\"@context\":\"https:\/\/schema.org\",\"@graph\":[{\"@type\":\"WebPage\",\"@id\":\"https:\/\/wpguerssen-test.odoo.rgbconsulting.com\/es\/producto\/mr-toytown-presents-vol-2\/\",\"url\":\"https:\/\/wpguerssen-test.odoo.rgbconsulting.com\/es\/producto\/mr-toytown-presents-vol-2\/\",\"name\":\"VARIOUS ARTISTS - Mr. Toytown presents, vol. 2 - (CD) | Guerssen\",\"isPartOf\":{\"@id\":\"https:\/\/wpguerssen-test.odoo.rgbconsulting.com\/es\/#website\"},\"primaryImageOfPage\":{\"@id\":\"https:\/\/wpguerssen-test.odoo.rgbconsulting.com\/es\/producto\/mr-toytown-presents-vol-2\/#primaryimage\"},\"image\":{\"@id\":\"https:\/\/wpguerssen-test.odoo.rgbconsulting.com\/es\/producto\/mr-toytown-presents-vol-2\/#primaryimage\"},\"thumbnailUrl\":\"https:\/\/wpguerssen-test.odoo.rgbconsulting.com\/wp-content\/uploads\/2022\/03\/6645.jpg\",\"datePublished\":\"2005-01-02T23:00:00+00:00\",\"dateModified\":\"2025-01-07T17:31:47+00:00\",\"description\":\"\\\"Nightmares at Toby's shop\\\"... Obscure psychedelic, popsyke & progressive pop 45s, 1968-1974. This time, along with euro oddities released on Spanish labels like Poplandia, Opalo, Accion, Goma, Sintonia, Marfer, etc., you can also find some 45s only issued in France & Germany on labels like Byg, Admiral & Az. An impressive and eclectic selection featuring bands from all over the globe but mostly from the old continent: Spain, Netherlands, UK, France, Germany, Switzerland, Yugoslavia, Italy, USA, Brazil... and it features an explosive cocktails of sounds: Over the top Heavy Guitar Psych by EKSEPTION, CHUBBY CHECKER with his euro only \\\"psychedelic\\\" single, \\\"My Mind\\\", which sounds like Hendrix jamming with Blue Cheer; weird french Acid Psych by FRANCOIS WERTHEIMER, taken from one of the rarest BYG label 45s from the early 70s; amazing late sixties Mod - Psych by KISS INC, NICK GARRIE with a french only 45 track not included on his mega bucks album; Bubblegum insanity by Jumbo, orchestrated Sunshine - Psych by DAVEY PAYNE and THE PANICS, toytown Popsyke by SOFT PILLOW doing a rare Bee Gees composition, JACK GRUNSKY, WITCH WAY, CYAN, DULCES A\u00d1OS with a haunting baroque-harpsichord track sung in spanish; early 70s Progressive Pop by SPECTRUM, PAPOOSE and brazilian band LIGHT REFLECTIONS; yugoslavian band TOP GENERATION with their psych-pop smasher \\\"Stop, Stop\\\"; exploitation 70s psych weirdness by GEEBROS, KID ROCK, A. W KID...and much more!\",\"breadcrumb\":{\"@id\":\"https:\/\/wpguerssen-test.odoo.rgbconsulting.com\/es\/producto\/mr-toytown-presents-vol-2\/#breadcrumb\"},\"inLanguage\":\"es\",\"potentialAction\":[{\"@type\":\"ReadAction\",\"target\":[\"https:\/\/wpguerssen-test.odoo.rgbconsulting.com\/es\/producto\/mr-toytown-presents-vol-2\/\"]}]},{\"@type\":\"ImageObject\",\"inLanguage\":\"es\",\"@id\":\"https:\/\/wpguerssen-test.odoo.rgbconsulting.com\/es\/producto\/mr-toytown-presents-vol-2\/#primaryimage\",\"url\":\"https:\/\/wpguerssen-test.odoo.rgbconsulting.com\/wp-content\/uploads\/2022\/03\/6645.jpg\",\"contentUrl\":\"https:\/\/wpguerssen-test.odoo.rgbconsulting.com\/wp-content\/uploads\/2022\/03\/6645.jpg\",\"width\":600,\"height\":599,\"caption\":\"vol. 2 - TOYTOWN RECORDINGS (CD) | Guerssen\"},{\"@type\":\"BreadcrumbList\",\"@id\":\"https:\/\/wpguerssen-test.odoo.rgbconsulting.com\/es\/producto\/mr-toytown-presents-vol-2\/#breadcrumb\",\"itemListElement\":[{\"@type\":\"ListItem\",\"position\":1,\"name\":\"Inicio\",\"item\":\"https:\/\/wpguerssen-test.odoo.rgbconsulting.com\/es\/\"},{\"@type\":\"ListItem\",\"position\":2,\"name\":\"Shop\",\"item\":\"https:\/\/wpguerssen-test.odoo.rgbconsulting.com\/shop\/\"},{\"@type\":\"ListItem\",\"position\":3,\"name\":\"Mr. Toytown presents, vol. 2\"}]},{\"@type\":\"WebSite\",\"@id\":\"https:\/\/wpguerssen-test.odoo.rgbconsulting.com\/es\/#website\",\"url\":\"https:\/\/wpguerssen-test.odoo.rgbconsulting.com\/es\/\",\"name\":\"Guerssen records\",\"description\":\"psychedelia - progressive - folk - garage \",\"publisher\":{\"@id\":\"https:\/\/wpguerssen-test.odoo.rgbconsulting.com\/es\/#organization\"},\"potentialAction\":[{\"@type\":\"SearchAction\",\"target\":{\"@type\":\"EntryPoint\",\"urlTemplate\":\"https:\/\/wpguerssen-test.odoo.rgbconsulting.com\/es\/?s={search_term_string}\"},\"query-input\":{\"@type\":\"PropertyValueSpecification\",\"valueRequired\":true,\"valueName\":\"search_term_string\"}}],\"inLanguage\":\"es\"},{\"@type\":\"Organization\",\"@id\":\"https:\/\/wpguerssen-test.odoo.rgbconsulting.com\/es\/#organization\",\"name\":\"Guerssen records\",\"url\":\"https:\/\/wpguerssen-test.odoo.rgbconsulting.com\/es\/\",\"logo\":{\"@type\":\"ImageObject\",\"inLanguage\":\"es\",\"@id\":\"https:\/\/wpguerssen-test.odoo.rgbconsulting.com\/es\/#\/schema\/logo\/image\/\",\"url\":\"https:\/\/wpguerssen-test.odoo.rgbconsulting.com\/wp-content\/uploads\/2022\/04\/Logo_Guerssen_trans_100.png\",\"contentUrl\":\"https:\/\/wpguerssen-test.odoo.rgbconsulting.com\/wp-content\/uploads\/2022\/04\/Logo_Guerssen_trans_100.png\",\"width\":122,\"height\":100,\"caption\":\"Guerssen records\"},\"image\":{\"@id\":\"https:\/\/wpguerssen-test.odoo.rgbconsulting.com\/es\/#\/schema\/logo\/image\/\"}}]}<\/script>\n<!-- \/ Yoast SEO plugin. -->","yoast_head_json":{"title":"VARIOUS ARTISTS - Mr. Toytown presents, vol. 2 -  (CD) | Guerssen","description":"\"Nightmares at Toby's shop\"... Obscure psychedelic, popsyke & progressive pop 45s, 1968-1974. This time, along with euro oddities released on Spanish labels like Poplandia, Opalo, Accion, Goma, Sintonia, Marfer, etc., you can also find some 45s only issued in France & Germany on labels like Byg, Admiral & Az. An impressive and eclectic selection featuring bands from all over the globe but mostly from the old continent: Spain, Netherlands, UK, France, Germany, Switzerland, Yugoslavia, Italy, USA, Brazil... and it features an explosive cocktails of sounds: Over the top Heavy Guitar Psych by EKSEPTION, CHUBBY CHECKER with his euro only \"psychedelic\" single, \"My Mind\", which sounds like Hendrix jamming with Blue Cheer; weird french Acid Psych by FRANCOIS WERTHEIMER, taken from one of the rarest BYG label 45s from the early 70s; amazing late sixties Mod - Psych by KISS INC, NICK GARRIE with a french only 45 track not included on his mega bucks album; Bubblegum insanity by Jumbo, orchestrated Sunshine - Psych by DAVEY PAYNE and THE PANICS, toytown Popsyke by SOFT PILLOW doing a rare Bee Gees composition, JACK GRUNSKY, WITCH WAY, CYAN, DULCES A\u00d1OS with a haunting baroque-harpsichord track sung in spanish; early 70s Progressive Pop by SPECTRUM, PAPOOSE and brazilian band LIGHT REFLECTIONS; yugoslavian band TOP GENERATION with their psych-pop smasher \"Stop, Stop\"; exploitation 70s psych weirdness by GEEBROS, KID ROCK, A. W KID...and much more!","robots":{"index":"index","follow":"follow","max-snippet":"max-snippet:-1","max-image-preview":"max-image-preview:large","max-video-preview":"max-video-preview:-1"},"canonical":"https:\/\/wpguerssen-test.odoo.rgbconsulting.com\/es\/producto\/mr-toytown-presents-vol-2\/","og_locale":"es_ES","og_type":"article","og_title":"VARIOUS ARTISTS - Mr. Toytown presents, vol. 2 -  (CD) | Guerssen","og_description":"\"Nightmares at Toby's shop\"... Obscure psychedelic, popsyke & progressive pop 45s, 1968-1974. This time, along with euro oddities released on Spanish labels like Poplandia, Opalo, Accion, Goma, Sintonia, Marfer, etc., you can also find some 45s only issued in France & Germany on labels like Byg, Admiral & Az. An impressive and eclectic selection featuring bands from all over the globe but mostly from the old continent: Spain, Netherlands, UK, France, Germany, Switzerland, Yugoslavia, Italy, USA, Brazil... and it features an explosive cocktails of sounds: Over the top Heavy Guitar Psych by EKSEPTION, CHUBBY CHECKER with his euro only \"psychedelic\" single, \"My Mind\", which sounds like Hendrix jamming with Blue Cheer; weird french Acid Psych by FRANCOIS WERTHEIMER, taken from one of the rarest BYG label 45s from the early 70s; amazing late sixties Mod - Psych by KISS INC, NICK GARRIE with a french only 45 track not included on his mega bucks album; Bubblegum insanity by Jumbo, orchestrated Sunshine - Psych by DAVEY PAYNE and THE PANICS, toytown Popsyke by SOFT PILLOW doing a rare Bee Gees composition, JACK GRUNSKY, WITCH WAY, CYAN, DULCES A\u00d1OS with a haunting baroque-harpsichord track sung in spanish; early 70s Progressive Pop by SPECTRUM, PAPOOSE and brazilian band LIGHT REFLECTIONS; yugoslavian band TOP GENERATION with their psych-pop smasher \"Stop, Stop\"; exploitation 70s psych weirdness by GEEBROS, KID ROCK, A. W KID...and much more!","og_url":"https:\/\/wpguerssen-test.odoo.rgbconsulting.com\/es\/producto\/mr-toytown-presents-vol-2\/","og_site_name":"Guerssen records","article_modified_time":"2025-01-07T17:31:47+00:00","og_image":[{"width":600,"height":599,"url":"https:\/\/wpguerssen-test.odoo.rgbconsulting.com\/wp-content\/uploads\/2022\/03\/6645.jpg","type":"image\/jpeg"}],"twitter_card":"summary_large_image","twitter_title":"VARIOUS ARTISTS - Mr. Toytown presents, vol. 2 -  (CD) | Guerssen","schema":{"@context":"https:\/\/schema.org","@graph":[{"@type":"WebPage","@id":"https:\/\/wpguerssen-test.odoo.rgbconsulting.com\/es\/producto\/mr-toytown-presents-vol-2\/","url":"https:\/\/wpguerssen-test.odoo.rgbconsulting.com\/es\/producto\/mr-toytown-presents-vol-2\/","name":"VARIOUS ARTISTS - Mr. Toytown presents, vol. 2 - (CD) | Guerssen","isPartOf":{"@id":"https:\/\/wpguerssen-test.odoo.rgbconsulting.com\/es\/#website"},"primaryImageOfPage":{"@id":"https:\/\/wpguerssen-test.odoo.rgbconsulting.com\/es\/producto\/mr-toytown-presents-vol-2\/#primaryimage"},"image":{"@id":"https:\/\/wpguerssen-test.odoo.rgbconsulting.com\/es\/producto\/mr-toytown-presents-vol-2\/#primaryimage"},"thumbnailUrl":"https:\/\/wpguerssen-test.odoo.rgbconsulting.com\/wp-content\/uploads\/2022\/03\/6645.jpg","datePublished":"2005-01-02T23:00:00+00:00","dateModified":"2025-01-07T17:31:47+00:00","description":"\"Nightmares at Toby's shop\"... Obscure psychedelic, popsyke & progressive pop 45s, 1968-1974. This time, along with euro oddities released on Spanish labels like Poplandia, Opalo, Accion, Goma, Sintonia, Marfer, etc., you can also find some 45s only issued in France & Germany on labels like Byg, Admiral & Az. An impressive and eclectic selection featuring bands from all over the globe but mostly from the old continent: Spain, Netherlands, UK, France, Germany, Switzerland, Yugoslavia, Italy, USA, Brazil... and it features an explosive cocktails of sounds: Over the top Heavy Guitar Psych by EKSEPTION, CHUBBY CHECKER with his euro only \"psychedelic\" single, \"My Mind\", which sounds like Hendrix jamming with Blue Cheer; weird french Acid Psych by FRANCOIS WERTHEIMER, taken from one of the rarest BYG label 45s from the early 70s; amazing late sixties Mod - Psych by KISS INC, NICK GARRIE with a french only 45 track not included on his mega bucks album; Bubblegum insanity by Jumbo, orchestrated Sunshine - Psych by DAVEY PAYNE and THE PANICS, toytown Popsyke by SOFT PILLOW doing a rare Bee Gees composition, JACK GRUNSKY, WITCH WAY, CYAN, DULCES A\u00d1OS with a haunting baroque-harpsichord track sung in spanish; early 70s Progressive Pop by SPECTRUM, PAPOOSE and brazilian band LIGHT REFLECTIONS; yugoslavian band TOP GENERATION with their psych-pop smasher \"Stop, Stop\"; exploitation 70s psych weirdness by GEEBROS, KID ROCK, A. W KID...and much more!","breadcrumb":{"@id":"https:\/\/wpguerssen-test.odoo.rgbconsulting.com\/es\/producto\/mr-toytown-presents-vol-2\/#breadcrumb"},"inLanguage":"es","potentialAction":[{"@type":"ReadAction","target":["https:\/\/wpguerssen-test.odoo.rgbconsulting.com\/es\/producto\/mr-toytown-presents-vol-2\/"]}]},{"@type":"ImageObject","inLanguage":"es","@id":"https:\/\/wpguerssen-test.odoo.rgbconsulting.com\/es\/producto\/mr-toytown-presents-vol-2\/#primaryimage","url":"https:\/\/wpguerssen-test.odoo.rgbconsulting.com\/wp-content\/uploads\/2022\/03\/6645.jpg","contentUrl":"https:\/\/wpguerssen-test.odoo.rgbconsulting.com\/wp-content\/uploads\/2022\/03\/6645.jpg","width":600,"height":599,"caption":"vol. 2 - TOYTOWN RECORDINGS (CD) | Guerssen"},{"@type":"BreadcrumbList","@id":"https:\/\/wpguerssen-test.odoo.rgbconsulting.com\/es\/producto\/mr-toytown-presents-vol-2\/#breadcrumb","itemListElement":[{"@type":"ListItem","position":1,"name":"Inicio","item":"https:\/\/wpguerssen-test.odoo.rgbconsulting.com\/es\/"},{"@type":"ListItem","position":2,"name":"Shop","item":"https:\/\/wpguerssen-test.odoo.rgbconsulting.com\/shop\/"},{"@type":"ListItem","position":3,"name":"Mr. Toytown presents, vol. 2"}]},{"@type":"WebSite","@id":"https:\/\/wpguerssen-test.odoo.rgbconsulting.com\/es\/#website","url":"https:\/\/wpguerssen-test.odoo.rgbconsulting.com\/es\/","name":"Guerssen records","description":"psychedelia - progressive - folk - garage ","publisher":{"@id":"https:\/\/wpguerssen-test.odoo.rgbconsulting.com\/es\/#organization"},"potentialAction":[{"@type":"SearchAction","target":{"@type":"EntryPoint","urlTemplate":"https:\/\/wpguerssen-test.odoo.rgbconsulting.com\/es\/?s={search_term_string}"},"query-input":{"@type":"PropertyValueSpecification","valueRequired":true,"valueName":"search_term_string"}}],"inLanguage":"es"},{"@type":"Organization","@id":"https:\/\/wpguerssen-test.odoo.rgbconsulting.com\/es\/#organization","name":"Guerssen records","url":"https:\/\/wpguerssen-test.odoo.rgbconsulting.com\/es\/","logo":{"@type":"ImageObject","inLanguage":"es","@id":"https:\/\/wpguerssen-test.odoo.rgbconsulting.com\/es\/#\/schema\/logo\/image\/","url":"https:\/\/wpguerssen-test.odoo.rgbconsulting.com\/wp-content\/uploads\/2022\/04\/Logo_Guerssen_trans_100.png","contentUrl":"https:\/\/wpguerssen-test.odoo.rgbconsulting.com\/wp-content\/uploads\/2022\/04\/Logo_Guerssen_trans_100.png","width":122,"height":100,"caption":"Guerssen records"},"image":{"@id":"https:\/\/wpguerssen-test.odoo.rgbconsulting.com\/es\/#\/schema\/logo\/image\/"}}]}},"_links":{"self":[{"href":"https:\/\/wpguerssen-test.odoo.rgbconsulting.com\/es\/wp-json\/wp\/v2\/product\/177350","targetHints":{"allow":["GET"]}}],"collection":[{"href":"https:\/\/wpguerssen-test.odoo.rgbconsulting.com\/es\/wp-json\/wp\/v2\/product"}],"about":[{"href":"https:\/\/wpguerssen-test.odoo.rgbconsulting.com\/es\/wp-json\/wp\/v2\/types\/product"}],"wp:featuredmedia":[{"embeddable":true,"href":"https:\/\/wpguerssen-test.odoo.rgbconsulting.com\/es\/wp-json\/wp\/v2\/media\/110793"}],"wp:attachment":[{"href":"https:\/\/wpguerssen-test.odoo.rgbconsulting.com\/es\/wp-json\/wp\/v2\/media?parent=177350"}],"wp:term":[{"taxonomy":"product_brand","embeddable":true,"href":"https:\/\/wpguerssen-test.odoo.rgbconsulting.com\/es\/wp-json\/wp\/v2\/product_brand?post=177350"},{"taxonomy":"product_cat","embeddable":true,"href":"https:\/\/wpguerssen-test.odoo.rgbconsulting.com\/es\/wp-json\/wp\/v2\/product_cat?post=177350"},{"taxonomy":"product_tag","embeddable":true,"href":"https:\/\/wpguerssen-test.odoo.rgbconsulting.com\/es\/wp-json\/wp\/v2\/product_tag?post=177350"}],"curies":[{"name":"wp","href":"https:\/\/api.w.org\/{rel}","templated":true}]}}