{"id":177353,"date":"2005-02-07T00:00:00","date_gmt":"2005-02-06T23:00:00","guid":{"rendered":"http:\/\/guerssen.hl1097.dinaserver.com\/product\/feliu-i-joan-albert\/"},"modified":"2024-11-15T13:21:34","modified_gmt":"2024-11-15T12:21:34","slug":"feliu-i-joan-albert","status":"publish","type":"product","link":"https:\/\/wpguerssen-test.odoo.rgbconsulting.com\/es\/producto\/feliu-i-joan-albert\/","title":{"rendered":"Feliu i Joan Albert"},"content":{"rendered":"<p>\u00danico \u00e1lbum del d\u00fao guitarra espa\u00f1ola \/ piano, post-Musica Urbana, originalmente editado en 1977 en Edigsa y por primera vez reeditado.  Recomendado a amantes de Toti Soler y Musica Urbana, venerados por coleccionistas de progresivo tambi\u00e9n. Perfecto sonido remasterizado, insert con fotos del archivo personal de Feliu Gasull&#8230;<\/p>\n","protected":false},"excerpt":{"rendered":"<p>\u00danico \u00e1lbum del d\u00fao guitarra espa\u00f1ola \/ piano, post-Musica Urbana, originalmente editado en 1977 en Edigsa y por primera vez reeditado.  Recomendado a amantes<a class=\"read\" href=\"https:\/\/wpguerssen-test.odoo.rgbconsulting.com\/es\/producto\/feliu-i-joan-albert\/\"> (...)<\/a>","protected":false},"featured_media":110803,"template":"","meta":{"_acf_changed":false},"product_brand":[],"product_cat":[21639,23271],"product_tag":[],"class_list":{"0":"post-177353","1":"product","2":"type-product","3":"status-publish","4":"has-post-thumbnail","6":"product_cat-psychedelic60s-70s-es","7":"product_cat-folk-60s-70s-es","8":"pa_artist-feliu-i-joan-albert-es","9":"pa_format-cd-2-es","10":"pa_gender-psychedelic60s-70s-folk-60s-70s","11":"pa_label-pdi","12":"pa_location-spain-es","14":"first","15":"instock","16":"taxable","17":"shipping-taxable","18":"purchasable","19":"product-type-simple"},"acf":[],"yoast_head":"<!-- This site is optimized with the Yoast SEO plugin v24.9 - https:\/\/yoast.com\/wordpress\/plugins\/seo\/ -->\n<title>FELIU i JOAN ALBERT - Feliu i Joan Albert -  (CD) | Guerssen<\/title>\n<meta name=\"description\" content=\"Reissue of the sole album of this Catalan duo, Feliu Gasull (Spanish guitar) and Joan Albert Amarg\u00f3s (piano), both cousins. Post-Musica Urbana, originally released by Edigsa in 1977 and never reissued before. Recommended for lovers of Toti Soler, Musica Urbana and progressive in general. Newly remastered sound, and has a booklet with useen photos from Feliu&#039;s personal archives.\" \/>\n<meta name=\"robots\" content=\"index, follow, max-snippet:-1, max-image-preview:large, max-video-preview:-1\" \/>\n<link rel=\"canonical\" href=\"https:\/\/wpguerssen-test.odoo.rgbconsulting.com\/es\/producto\/feliu-i-joan-albert\/\" \/>\n<meta property=\"og:locale\" content=\"es_ES\" \/>\n<meta property=\"og:type\" content=\"article\" \/>\n<meta property=\"og:title\" content=\"FELIU i JOAN ALBERT - Feliu i Joan Albert -  (CD) | Guerssen\" \/>\n<meta property=\"og:description\" content=\"Reissue of the sole album of this Catalan duo, Feliu Gasull (Spanish guitar) and Joan Albert Amarg\u00f3s (piano), both cousins. Post-Musica Urbana, originally released by Edigsa in 1977 and never reissued before. Recommended for lovers of Toti Soler, Musica Urbana and progressive in general. Newly remastered sound, and has a booklet with useen photos from Feliu&#039;s personal archives.\" \/>\n<meta property=\"og:url\" content=\"https:\/\/wpguerssen-test.odoo.rgbconsulting.com\/es\/producto\/feliu-i-joan-albert\/\" \/>\n<meta property=\"og:site_name\" content=\"Guerssen records\" \/>\n<meta property=\"article:modified_time\" content=\"2024-11-15T12:21:34+00:00\" \/>\n<meta property=\"og:image\" content=\"https:\/\/wpguerssen-test.odoo.rgbconsulting.com\/wp-content\/uploads\/2022\/03\/6694.jpg\" \/>\n\t<meta property=\"og:image:width\" content=\"945\" \/>\n\t<meta property=\"og:image:height\" content=\"943\" \/>\n\t<meta property=\"og:image:type\" content=\"image\/jpeg\" \/>\n<meta name=\"twitter:card\" content=\"summary_large_image\" \/>\n<meta name=\"twitter:title\" content=\"FELIU i JOAN ALBERT - Feliu i Joan Albert -  (CD) | Guerssen\" \/>\n<script type=\"application\/ld+json\" class=\"yoast-schema-graph\">{\"@context\":\"https:\/\/schema.org\",\"@graph\":[{\"@type\":\"WebPage\",\"@id\":\"https:\/\/wpguerssen-test.odoo.rgbconsulting.com\/es\/producto\/feliu-i-joan-albert\/\",\"url\":\"https:\/\/wpguerssen-test.odoo.rgbconsulting.com\/es\/producto\/feliu-i-joan-albert\/\",\"name\":\"FELIU i JOAN ALBERT - Feliu i Joan Albert - (CD) | Guerssen\",\"isPartOf\":{\"@id\":\"https:\/\/wpguerssen-test.odoo.rgbconsulting.com\/es\/#website\"},\"primaryImageOfPage\":{\"@id\":\"https:\/\/wpguerssen-test.odoo.rgbconsulting.com\/es\/producto\/feliu-i-joan-albert\/#primaryimage\"},\"image\":{\"@id\":\"https:\/\/wpguerssen-test.odoo.rgbconsulting.com\/es\/producto\/feliu-i-joan-albert\/#primaryimage\"},\"thumbnailUrl\":\"https:\/\/wpguerssen-test.odoo.rgbconsulting.com\/wp-content\/uploads\/2022\/03\/6694.jpg\",\"datePublished\":\"2005-02-06T23:00:00+00:00\",\"dateModified\":\"2024-11-15T12:21:34+00:00\",\"description\":\"Reissue of the sole album of this Catalan duo, Feliu Gasull (Spanish guitar) and Joan Albert Amarg\u00f3s (piano), both cousins. Post-Musica Urbana, originally released by Edigsa in 1977 and never reissued before. Recommended for lovers of Toti Soler, Musica Urbana and progressive in general. Newly remastered sound, and has a booklet with useen photos from Feliu's personal archives.\",\"breadcrumb\":{\"@id\":\"https:\/\/wpguerssen-test.odoo.rgbconsulting.com\/es\/producto\/feliu-i-joan-albert\/#breadcrumb\"},\"inLanguage\":\"es\",\"potentialAction\":[{\"@type\":\"ReadAction\",\"target\":[\"https:\/\/wpguerssen-test.odoo.rgbconsulting.com\/es\/producto\/feliu-i-joan-albert\/\"]}]},{\"@type\":\"ImageObject\",\"inLanguage\":\"es\",\"@id\":\"https:\/\/wpguerssen-test.odoo.rgbconsulting.com\/es\/producto\/feliu-i-joan-albert\/#primaryimage\",\"url\":\"https:\/\/wpguerssen-test.odoo.rgbconsulting.com\/wp-content\/uploads\/2022\/03\/6694.jpg\",\"contentUrl\":\"https:\/\/wpguerssen-test.odoo.rgbconsulting.com\/wp-content\/uploads\/2022\/03\/6694.jpg\",\"width\":945,\"height\":943,\"caption\":\"FELIU i JOAN ALBERT - Feliu i Joan Albert - PDI (CD) | Guerssen\"},{\"@type\":\"BreadcrumbList\",\"@id\":\"https:\/\/wpguerssen-test.odoo.rgbconsulting.com\/es\/producto\/feliu-i-joan-albert\/#breadcrumb\",\"itemListElement\":[{\"@type\":\"ListItem\",\"position\":1,\"name\":\"Inicio\",\"item\":\"https:\/\/wpguerssen-test.odoo.rgbconsulting.com\/es\/\"},{\"@type\":\"ListItem\",\"position\":2,\"name\":\"Shop\",\"item\":\"https:\/\/wpguerssen-test.odoo.rgbconsulting.com\/shop\/\"},{\"@type\":\"ListItem\",\"position\":3,\"name\":\"Feliu i Joan Albert\"}]},{\"@type\":\"WebSite\",\"@id\":\"https:\/\/wpguerssen-test.odoo.rgbconsulting.com\/es\/#website\",\"url\":\"https:\/\/wpguerssen-test.odoo.rgbconsulting.com\/es\/\",\"name\":\"Guerssen records\",\"description\":\"psychedelia - progressive - folk - garage \",\"publisher\":{\"@id\":\"https:\/\/wpguerssen-test.odoo.rgbconsulting.com\/es\/#organization\"},\"potentialAction\":[{\"@type\":\"SearchAction\",\"target\":{\"@type\":\"EntryPoint\",\"urlTemplate\":\"https:\/\/wpguerssen-test.odoo.rgbconsulting.com\/es\/?s={search_term_string}\"},\"query-input\":{\"@type\":\"PropertyValueSpecification\",\"valueRequired\":true,\"valueName\":\"search_term_string\"}}],\"inLanguage\":\"es\"},{\"@type\":\"Organization\",\"@id\":\"https:\/\/wpguerssen-test.odoo.rgbconsulting.com\/es\/#organization\",\"name\":\"Guerssen records\",\"url\":\"https:\/\/wpguerssen-test.odoo.rgbconsulting.com\/es\/\",\"logo\":{\"@type\":\"ImageObject\",\"inLanguage\":\"es\",\"@id\":\"https:\/\/wpguerssen-test.odoo.rgbconsulting.com\/es\/#\/schema\/logo\/image\/\",\"url\":\"https:\/\/wpguerssen-test.odoo.rgbconsulting.com\/wp-content\/uploads\/2022\/04\/Logo_Guerssen_trans_100.png\",\"contentUrl\":\"https:\/\/wpguerssen-test.odoo.rgbconsulting.com\/wp-content\/uploads\/2022\/04\/Logo_Guerssen_trans_100.png\",\"width\":122,\"height\":100,\"caption\":\"Guerssen records\"},\"image\":{\"@id\":\"https:\/\/wpguerssen-test.odoo.rgbconsulting.com\/es\/#\/schema\/logo\/image\/\"}}]}<\/script>\n<!-- \/ Yoast SEO plugin. -->","yoast_head_json":{"title":"FELIU i JOAN ALBERT - Feliu i Joan Albert -  (CD) | Guerssen","description":"Reissue of the sole album of this Catalan duo, Feliu Gasull (Spanish guitar) and Joan Albert Amarg\u00f3s (piano), both cousins. Post-Musica Urbana, originally released by Edigsa in 1977 and never reissued before. Recommended for lovers of Toti Soler, Musica Urbana and progressive in general. Newly remastered sound, and has a booklet with useen photos from Feliu's personal archives.","robots":{"index":"index","follow":"follow","max-snippet":"max-snippet:-1","max-image-preview":"max-image-preview:large","max-video-preview":"max-video-preview:-1"},"canonical":"https:\/\/wpguerssen-test.odoo.rgbconsulting.com\/es\/producto\/feliu-i-joan-albert\/","og_locale":"es_ES","og_type":"article","og_title":"FELIU i JOAN ALBERT - Feliu i Joan Albert -  (CD) | Guerssen","og_description":"Reissue of the sole album of this Catalan duo, Feliu Gasull (Spanish guitar) and Joan Albert Amarg\u00f3s (piano), both cousins. Post-Musica Urbana, originally released by Edigsa in 1977 and never reissued before. Recommended for lovers of Toti Soler, Musica Urbana and progressive in general. Newly remastered sound, and has a booklet with useen photos from Feliu's personal archives.","og_url":"https:\/\/wpguerssen-test.odoo.rgbconsulting.com\/es\/producto\/feliu-i-joan-albert\/","og_site_name":"Guerssen records","article_modified_time":"2024-11-15T12:21:34+00:00","og_image":[{"width":945,"height":943,"url":"https:\/\/wpguerssen-test.odoo.rgbconsulting.com\/wp-content\/uploads\/2022\/03\/6694.jpg","type":"image\/jpeg"}],"twitter_card":"summary_large_image","twitter_title":"FELIU i JOAN ALBERT - Feliu i Joan Albert -  (CD) | Guerssen","schema":{"@context":"https:\/\/schema.org","@graph":[{"@type":"WebPage","@id":"https:\/\/wpguerssen-test.odoo.rgbconsulting.com\/es\/producto\/feliu-i-joan-albert\/","url":"https:\/\/wpguerssen-test.odoo.rgbconsulting.com\/es\/producto\/feliu-i-joan-albert\/","name":"FELIU i JOAN ALBERT - Feliu i Joan Albert - (CD) | Guerssen","isPartOf":{"@id":"https:\/\/wpguerssen-test.odoo.rgbconsulting.com\/es\/#website"},"primaryImageOfPage":{"@id":"https:\/\/wpguerssen-test.odoo.rgbconsulting.com\/es\/producto\/feliu-i-joan-albert\/#primaryimage"},"image":{"@id":"https:\/\/wpguerssen-test.odoo.rgbconsulting.com\/es\/producto\/feliu-i-joan-albert\/#primaryimage"},"thumbnailUrl":"https:\/\/wpguerssen-test.odoo.rgbconsulting.com\/wp-content\/uploads\/2022\/03\/6694.jpg","datePublished":"2005-02-06T23:00:00+00:00","dateModified":"2024-11-15T12:21:34+00:00","description":"Reissue of the sole album of this Catalan duo, Feliu Gasull (Spanish guitar) and Joan Albert Amarg\u00f3s (piano), both cousins. Post-Musica Urbana, originally released by Edigsa in 1977 and never reissued before. Recommended for lovers of Toti Soler, Musica Urbana and progressive in general. Newly remastered sound, and has a booklet with useen photos from Feliu's personal archives.","breadcrumb":{"@id":"https:\/\/wpguerssen-test.odoo.rgbconsulting.com\/es\/producto\/feliu-i-joan-albert\/#breadcrumb"},"inLanguage":"es","potentialAction":[{"@type":"ReadAction","target":["https:\/\/wpguerssen-test.odoo.rgbconsulting.com\/es\/producto\/feliu-i-joan-albert\/"]}]},{"@type":"ImageObject","inLanguage":"es","@id":"https:\/\/wpguerssen-test.odoo.rgbconsulting.com\/es\/producto\/feliu-i-joan-albert\/#primaryimage","url":"https:\/\/wpguerssen-test.odoo.rgbconsulting.com\/wp-content\/uploads\/2022\/03\/6694.jpg","contentUrl":"https:\/\/wpguerssen-test.odoo.rgbconsulting.com\/wp-content\/uploads\/2022\/03\/6694.jpg","width":945,"height":943,"caption":"FELIU i JOAN ALBERT - Feliu i Joan Albert - PDI (CD) | Guerssen"},{"@type":"BreadcrumbList","@id":"https:\/\/wpguerssen-test.odoo.rgbconsulting.com\/es\/producto\/feliu-i-joan-albert\/#breadcrumb","itemListElement":[{"@type":"ListItem","position":1,"name":"Inicio","item":"https:\/\/wpguerssen-test.odoo.rgbconsulting.com\/es\/"},{"@type":"ListItem","position":2,"name":"Shop","item":"https:\/\/wpguerssen-test.odoo.rgbconsulting.com\/shop\/"},{"@type":"ListItem","position":3,"name":"Feliu i Joan Albert"}]},{"@type":"WebSite","@id":"https:\/\/wpguerssen-test.odoo.rgbconsulting.com\/es\/#website","url":"https:\/\/wpguerssen-test.odoo.rgbconsulting.com\/es\/","name":"Guerssen records","description":"psychedelia - progressive - folk - garage ","publisher":{"@id":"https:\/\/wpguerssen-test.odoo.rgbconsulting.com\/es\/#organization"},"potentialAction":[{"@type":"SearchAction","target":{"@type":"EntryPoint","urlTemplate":"https:\/\/wpguerssen-test.odoo.rgbconsulting.com\/es\/?s={search_term_string}"},"query-input":{"@type":"PropertyValueSpecification","valueRequired":true,"valueName":"search_term_string"}}],"inLanguage":"es"},{"@type":"Organization","@id":"https:\/\/wpguerssen-test.odoo.rgbconsulting.com\/es\/#organization","name":"Guerssen records","url":"https:\/\/wpguerssen-test.odoo.rgbconsulting.com\/es\/","logo":{"@type":"ImageObject","inLanguage":"es","@id":"https:\/\/wpguerssen-test.odoo.rgbconsulting.com\/es\/#\/schema\/logo\/image\/","url":"https:\/\/wpguerssen-test.odoo.rgbconsulting.com\/wp-content\/uploads\/2022\/04\/Logo_Guerssen_trans_100.png","contentUrl":"https:\/\/wpguerssen-test.odoo.rgbconsulting.com\/wp-content\/uploads\/2022\/04\/Logo_Guerssen_trans_100.png","width":122,"height":100,"caption":"Guerssen records"},"image":{"@id":"https:\/\/wpguerssen-test.odoo.rgbconsulting.com\/es\/#\/schema\/logo\/image\/"}}]}},"_links":{"self":[{"href":"https:\/\/wpguerssen-test.odoo.rgbconsulting.com\/es\/wp-json\/wp\/v2\/product\/177353","targetHints":{"allow":["GET"]}}],"collection":[{"href":"https:\/\/wpguerssen-test.odoo.rgbconsulting.com\/es\/wp-json\/wp\/v2\/product"}],"about":[{"href":"https:\/\/wpguerssen-test.odoo.rgbconsulting.com\/es\/wp-json\/wp\/v2\/types\/product"}],"wp:featuredmedia":[{"embeddable":true,"href":"https:\/\/wpguerssen-test.odoo.rgbconsulting.com\/es\/wp-json\/wp\/v2\/media\/110803"}],"wp:attachment":[{"href":"https:\/\/wpguerssen-test.odoo.rgbconsulting.com\/es\/wp-json\/wp\/v2\/media?parent=177353"}],"wp:term":[{"taxonomy":"product_brand","embeddable":true,"href":"https:\/\/wpguerssen-test.odoo.rgbconsulting.com\/es\/wp-json\/wp\/v2\/product_brand?post=177353"},{"taxonomy":"product_cat","embeddable":true,"href":"https:\/\/wpguerssen-test.odoo.rgbconsulting.com\/es\/wp-json\/wp\/v2\/product_cat?post=177353"},{"taxonomy":"product_tag","embeddable":true,"href":"https:\/\/wpguerssen-test.odoo.rgbconsulting.com\/es\/wp-json\/wp\/v2\/product_tag?post=177353"}],"curies":[{"name":"wp","href":"https:\/\/api.w.org\/{rel}","templated":true}]}}