{"id":177398,"date":"2005-11-04T00:00:00","date_gmt":"2005-11-03T23:00:00","guid":{"rendered":"http:\/\/guerssen.hl1097.dinaserver.com\/product\/un-gran-dia\/"},"modified":"2024-02-15T17:12:10","modified_gmt":"2024-02-15T16:12:10","slug":"un-gran-dia","status":"publish","type":"product","link":"https:\/\/wpguerssen-test.odoo.rgbconsulting.com\/es\/producto\/un-gran-dia\/","title":{"rendered":"Un gran dia"},"content":{"rendered":"<p>Duo clave de la escena folk catalana, resultado de la uni\u00f3n de fuerzas entre Ia Cl\u00faa (proviniente de \u00ab2+1\u00bb) y Jordi Batiste (alma mater de M\u00e1quina! junto Enric Herrera). <br \/>\u00abUn Gran D\u00eda\u00bb, el primer \u00e1lbum de la pareja, fue grabado a finales de 1972, resultando  un variado y sorprendente tapiz musical, como bien demuestra la primera cara del disco, una larga suite donde cabe desde el folk-pop psicod\u00e9lico con orquestaciones (\u00abUn Gran D\u00eda\u00bb, \u00abMax\u00bb), hard rock (\u00abSleeping Rock\u00bb), cl\u00e1sico rock progresivo (\u00abOliba\u00bb) o inclasificables experimentos que desaf\u00edan toda definici\u00f3n (\u00abReprise\u00bb) y que muestra del grado freakismo alcanzado por la escena catalana de la \u00e9poca (el disco est\u00e1 cantado en catal\u00e1n e ingl\u00e9s).<\/p>\n","protected":false},"excerpt":{"rendered":"<p>Duo clave de la escena folk catalana, resultado de la uni\u00f3n de fuerzas entre Ia Cl\u00faa (proviniente de \u00ab2+1\u00bb) y Jordi Batiste (alma mater de M\u00e1quina! junto Enric<a class=\"read\" href=\"https:\/\/wpguerssen-test.odoo.rgbconsulting.com\/es\/producto\/un-gran-dia\/\"> (...)<\/a>","protected":false},"featured_media":110945,"template":"","meta":{"_acf_changed":false},"product_brand":[],"product_cat":[21639,23271],"product_tag":[],"class_list":{"0":"post-177398","1":"product","2":"type-product","3":"status-publish","4":"has-post-thumbnail","6":"product_cat-psychedelic60s-70s-es","7":"product_cat-folk-60s-70s-es","8":"pa_artist-ia-batiste-es","9":"pa_format-cd-2-es","10":"pa_gender-folk-60s-70s-psychedelic60s-70s","11":"pa_location-spain-es","13":"first","14":"instock","15":"taxable","16":"shipping-taxable","17":"purchasable","18":"product-type-simple"},"acf":[],"yoast_head":"<!-- This site is optimized with the Yoast SEO plugin v24.9 - https:\/\/yoast.com\/wordpress\/plugins\/seo\/ -->\n<title>IA - BATISTE - Un gran dia -  (CD) | Guerssen<\/title>\n<meta name=\"description\" content=\"Key duo from the catalan folk scene, result of the union between Ia Clua (from &quot;2+1&quot;) and Jordi Batiste (one of the leading forces of M\u00e1quina! together with Enric Herrera), after the later one&#039;s return from military service.&quot;Un Gran D\u00eda&quot;, the duo&#039;s first album, was recorded at the end of 1972 with the help of such outstanding musicians as Manel Joseph (ex &quot;2+1&quot;, Ia&#039;s early band)), Joaqu\u00edn &quot;Max&quot; Su\u00f1\u00e9 (V\u00e9rtice, Tapiman, Iceberg and a neverending etc ) &amp; Albert Batiste (Musica Dispersa). The result is an amazing &amp; varied musical tapestry, best heard in the record&#039;s first side, a long suite covering from orchestral folk-pop with some psych leanings (&quot;Un Gran D\u00eda&quot;, &quot;Max&quot;) to straight in-your-face hard rock (&quot;Sleeping Rock&quot;) via typical early 70&#039;s prog rock (&quot;Oliba&quot;) or uncathegorisable experiments which defy all rules (&quot;Reprise&quot;) and show perfectly the freaky stage reached by the catalan scene in it&#039;s early years (as a matter of fact, the record is sung in english and catalan...)This CD release features one bonus track as well (same as on the vinyl release on the great Wah-Wah label), and has 12-page booklet with lyrics and photos.\" \/>\n<meta name=\"robots\" content=\"index, follow, max-snippet:-1, max-image-preview:large, max-video-preview:-1\" \/>\n<link rel=\"canonical\" href=\"https:\/\/wpguerssen-test.odoo.rgbconsulting.com\/es\/producto\/un-gran-dia\/\" \/>\n<meta property=\"og:locale\" content=\"es_ES\" \/>\n<meta property=\"og:type\" content=\"article\" \/>\n<meta property=\"og:title\" content=\"IA - BATISTE - Un gran dia -  (CD) | Guerssen\" \/>\n<meta property=\"og:description\" content=\"Key duo from the catalan folk scene, result of the union between Ia Clua (from &quot;2+1&quot;) and Jordi Batiste (one of the leading forces of M\u00e1quina! together with Enric Herrera), after the later one&#039;s return from military service.&quot;Un Gran D\u00eda&quot;, the duo&#039;s first album, was recorded at the end of 1972 with the help of such outstanding musicians as Manel Joseph (ex &quot;2+1&quot;, Ia&#039;s early band)), Joaqu\u00edn &quot;Max&quot; Su\u00f1\u00e9 (V\u00e9rtice, Tapiman, Iceberg and a neverending etc ) &amp; Albert Batiste (Musica Dispersa). The result is an amazing &amp; varied musical tapestry, best heard in the record&#039;s first side, a long suite covering from orchestral folk-pop with some psych leanings (&quot;Un Gran D\u00eda&quot;, &quot;Max&quot;) to straight in-your-face hard rock (&quot;Sleeping Rock&quot;) via typical early 70&#039;s prog rock (&quot;Oliba&quot;) or uncathegorisable experiments which defy all rules (&quot;Reprise&quot;) and show perfectly the freaky stage reached by the catalan scene in it&#039;s early years (as a matter of fact, the record is sung in english and catalan...)This CD release features one bonus track as well (same as on the vinyl release on the great Wah-Wah label), and has 12-page booklet with lyrics and photos.\" \/>\n<meta property=\"og:url\" content=\"https:\/\/wpguerssen-test.odoo.rgbconsulting.com\/es\/producto\/un-gran-dia\/\" \/>\n<meta property=\"og:site_name\" content=\"Guerssen records\" \/>\n<meta property=\"article:modified_time\" content=\"2024-02-15T16:12:10+00:00\" \/>\n<meta property=\"og:image\" content=\"https:\/\/wpguerssen-test.odoo.rgbconsulting.com\/wp-content\/uploads\/2022\/03\/7454.jpg\" \/>\n\t<meta property=\"og:image:width\" content=\"150\" \/>\n\t<meta property=\"og:image:height\" content=\"150\" \/>\n\t<meta property=\"og:image:type\" content=\"image\/jpeg\" \/>\n<meta name=\"twitter:card\" content=\"summary_large_image\" \/>\n<meta name=\"twitter:title\" content=\"IA - BATISTE - Un gran dia -  (CD) | Guerssen\" \/>\n<meta name=\"twitter:label1\" content=\"Tiempo de lectura\" \/>\n\t<meta name=\"twitter:data1\" content=\"1 minuto\" \/>\n<script type=\"application\/ld+json\" class=\"yoast-schema-graph\">{\"@context\":\"https:\/\/schema.org\",\"@graph\":[{\"@type\":\"WebPage\",\"@id\":\"https:\/\/wpguerssen-test.odoo.rgbconsulting.com\/es\/producto\/un-gran-dia\/\",\"url\":\"https:\/\/wpguerssen-test.odoo.rgbconsulting.com\/es\/producto\/un-gran-dia\/\",\"name\":\"IA - BATISTE - Un gran dia - (CD) | Guerssen\",\"isPartOf\":{\"@id\":\"https:\/\/wpguerssen-test.odoo.rgbconsulting.com\/es\/#website\"},\"primaryImageOfPage\":{\"@id\":\"https:\/\/wpguerssen-test.odoo.rgbconsulting.com\/es\/producto\/un-gran-dia\/#primaryimage\"},\"image\":{\"@id\":\"https:\/\/wpguerssen-test.odoo.rgbconsulting.com\/es\/producto\/un-gran-dia\/#primaryimage\"},\"thumbnailUrl\":\"https:\/\/wpguerssen-test.odoo.rgbconsulting.com\/wp-content\/uploads\/2022\/03\/7454.jpg\",\"datePublished\":\"2005-11-03T23:00:00+00:00\",\"dateModified\":\"2024-02-15T16:12:10+00:00\",\"description\":\"Key duo from the catalan folk scene, result of the union between Ia Clua (from \\\"2+1\\\") and Jordi Batiste (one of the leading forces of M\u00e1quina! together with Enric Herrera), after the later one's return from military service.\\\"Un Gran D\u00eda\\\", the duo's first album, was recorded at the end of 1972 with the help of such outstanding musicians as Manel Joseph (ex \\\"2+1\\\", Ia's early band)), Joaqu\u00edn \\\"Max\\\" Su\u00f1\u00e9 (V\u00e9rtice, Tapiman, Iceberg and a neverending etc ) & Albert Batiste (Musica Dispersa). The result is an amazing & varied musical tapestry, best heard in the record's first side, a long suite covering from orchestral folk-pop with some psych leanings (\\\"Un Gran D\u00eda\\\", \\\"Max\\\") to straight in-your-face hard rock (\\\"Sleeping Rock\\\") via typical early 70's prog rock (\\\"Oliba\\\") or uncathegorisable experiments which defy all rules (\\\"Reprise\\\") and show perfectly the freaky stage reached by the catalan scene in it's early years (as a matter of fact, the record is sung in english and catalan...)This CD release features one bonus track as well (same as on the vinyl release on the great Wah-Wah label), and has 12-page booklet with lyrics and photos.\",\"breadcrumb\":{\"@id\":\"https:\/\/wpguerssen-test.odoo.rgbconsulting.com\/es\/producto\/un-gran-dia\/#breadcrumb\"},\"inLanguage\":\"es\",\"potentialAction\":[{\"@type\":\"ReadAction\",\"target\":[\"https:\/\/wpguerssen-test.odoo.rgbconsulting.com\/es\/producto\/un-gran-dia\/\"]}]},{\"@type\":\"ImageObject\",\"inLanguage\":\"es\",\"@id\":\"https:\/\/wpguerssen-test.odoo.rgbconsulting.com\/es\/producto\/un-gran-dia\/#primaryimage\",\"url\":\"https:\/\/wpguerssen-test.odoo.rgbconsulting.com\/wp-content\/uploads\/2022\/03\/7454.jpg\",\"contentUrl\":\"https:\/\/wpguerssen-test.odoo.rgbconsulting.com\/wp-content\/uploads\/2022\/03\/7454.jpg\",\"width\":150,\"height\":150,\"caption\":\"IA - BATISTE - Un gran dia - PICAP (CD) | Guerssen\"},{\"@type\":\"BreadcrumbList\",\"@id\":\"https:\/\/wpguerssen-test.odoo.rgbconsulting.com\/es\/producto\/un-gran-dia\/#breadcrumb\",\"itemListElement\":[{\"@type\":\"ListItem\",\"position\":1,\"name\":\"Inicio\",\"item\":\"https:\/\/wpguerssen-test.odoo.rgbconsulting.com\/es\/\"},{\"@type\":\"ListItem\",\"position\":2,\"name\":\"Shop\",\"item\":\"https:\/\/wpguerssen-test.odoo.rgbconsulting.com\/shop\/\"},{\"@type\":\"ListItem\",\"position\":3,\"name\":\"Un gran dia\"}]},{\"@type\":\"WebSite\",\"@id\":\"https:\/\/wpguerssen-test.odoo.rgbconsulting.com\/es\/#website\",\"url\":\"https:\/\/wpguerssen-test.odoo.rgbconsulting.com\/es\/\",\"name\":\"Guerssen records\",\"description\":\"psychedelia - progressive - folk - garage \",\"publisher\":{\"@id\":\"https:\/\/wpguerssen-test.odoo.rgbconsulting.com\/es\/#organization\"},\"potentialAction\":[{\"@type\":\"SearchAction\",\"target\":{\"@type\":\"EntryPoint\",\"urlTemplate\":\"https:\/\/wpguerssen-test.odoo.rgbconsulting.com\/es\/?s={search_term_string}\"},\"query-input\":{\"@type\":\"PropertyValueSpecification\",\"valueRequired\":true,\"valueName\":\"search_term_string\"}}],\"inLanguage\":\"es\"},{\"@type\":\"Organization\",\"@id\":\"https:\/\/wpguerssen-test.odoo.rgbconsulting.com\/es\/#organization\",\"name\":\"Guerssen records\",\"url\":\"https:\/\/wpguerssen-test.odoo.rgbconsulting.com\/es\/\",\"logo\":{\"@type\":\"ImageObject\",\"inLanguage\":\"es\",\"@id\":\"https:\/\/wpguerssen-test.odoo.rgbconsulting.com\/es\/#\/schema\/logo\/image\/\",\"url\":\"https:\/\/wpguerssen-test.odoo.rgbconsulting.com\/wp-content\/uploads\/2022\/04\/Logo_Guerssen_trans_100.png\",\"contentUrl\":\"https:\/\/wpguerssen-test.odoo.rgbconsulting.com\/wp-content\/uploads\/2022\/04\/Logo_Guerssen_trans_100.png\",\"width\":122,\"height\":100,\"caption\":\"Guerssen records\"},\"image\":{\"@id\":\"https:\/\/wpguerssen-test.odoo.rgbconsulting.com\/es\/#\/schema\/logo\/image\/\"}}]}<\/script>\n<!-- \/ Yoast SEO plugin. -->","yoast_head_json":{"title":"IA - BATISTE - Un gran dia -  (CD) | Guerssen","description":"Key duo from the catalan folk scene, result of the union between Ia Clua (from \"2+1\") and Jordi Batiste (one of the leading forces of M\u00e1quina! together with Enric Herrera), after the later one's return from military service.\"Un Gran D\u00eda\", the duo's first album, was recorded at the end of 1972 with the help of such outstanding musicians as Manel Joseph (ex \"2+1\", Ia's early band)), Joaqu\u00edn \"Max\" Su\u00f1\u00e9 (V\u00e9rtice, Tapiman, Iceberg and a neverending etc ) & Albert Batiste (Musica Dispersa). The result is an amazing & varied musical tapestry, best heard in the record's first side, a long suite covering from orchestral folk-pop with some psych leanings (\"Un Gran D\u00eda\", \"Max\") to straight in-your-face hard rock (\"Sleeping Rock\") via typical early 70's prog rock (\"Oliba\") or uncathegorisable experiments which defy all rules (\"Reprise\") and show perfectly the freaky stage reached by the catalan scene in it's early years (as a matter of fact, the record is sung in english and catalan...)This CD release features one bonus track as well (same as on the vinyl release on the great Wah-Wah label), and has 12-page booklet with lyrics and photos.","robots":{"index":"index","follow":"follow","max-snippet":"max-snippet:-1","max-image-preview":"max-image-preview:large","max-video-preview":"max-video-preview:-1"},"canonical":"https:\/\/wpguerssen-test.odoo.rgbconsulting.com\/es\/producto\/un-gran-dia\/","og_locale":"es_ES","og_type":"article","og_title":"IA - BATISTE - Un gran dia -  (CD) | Guerssen","og_description":"Key duo from the catalan folk scene, result of the union between Ia Clua (from \"2+1\") and Jordi Batiste (one of the leading forces of M\u00e1quina! together with Enric Herrera), after the later one's return from military service.\"Un Gran D\u00eda\", the duo's first album, was recorded at the end of 1972 with the help of such outstanding musicians as Manel Joseph (ex \"2+1\", Ia's early band)), Joaqu\u00edn \"Max\" Su\u00f1\u00e9 (V\u00e9rtice, Tapiman, Iceberg and a neverending etc ) & Albert Batiste (Musica Dispersa). The result is an amazing & varied musical tapestry, best heard in the record's first side, a long suite covering from orchestral folk-pop with some psych leanings (\"Un Gran D\u00eda\", \"Max\") to straight in-your-face hard rock (\"Sleeping Rock\") via typical early 70's prog rock (\"Oliba\") or uncathegorisable experiments which defy all rules (\"Reprise\") and show perfectly the freaky stage reached by the catalan scene in it's early years (as a matter of fact, the record is sung in english and catalan...)This CD release features one bonus track as well (same as on the vinyl release on the great Wah-Wah label), and has 12-page booklet with lyrics and photos.","og_url":"https:\/\/wpguerssen-test.odoo.rgbconsulting.com\/es\/producto\/un-gran-dia\/","og_site_name":"Guerssen records","article_modified_time":"2024-02-15T16:12:10+00:00","og_image":[{"width":150,"height":150,"url":"https:\/\/wpguerssen-test.odoo.rgbconsulting.com\/wp-content\/uploads\/2022\/03\/7454.jpg","type":"image\/jpeg"}],"twitter_card":"summary_large_image","twitter_title":"IA - BATISTE - Un gran dia -  (CD) | Guerssen","twitter_misc":{"Tiempo de lectura":"1 minuto"},"schema":{"@context":"https:\/\/schema.org","@graph":[{"@type":"WebPage","@id":"https:\/\/wpguerssen-test.odoo.rgbconsulting.com\/es\/producto\/un-gran-dia\/","url":"https:\/\/wpguerssen-test.odoo.rgbconsulting.com\/es\/producto\/un-gran-dia\/","name":"IA - BATISTE - Un gran dia - (CD) | Guerssen","isPartOf":{"@id":"https:\/\/wpguerssen-test.odoo.rgbconsulting.com\/es\/#website"},"primaryImageOfPage":{"@id":"https:\/\/wpguerssen-test.odoo.rgbconsulting.com\/es\/producto\/un-gran-dia\/#primaryimage"},"image":{"@id":"https:\/\/wpguerssen-test.odoo.rgbconsulting.com\/es\/producto\/un-gran-dia\/#primaryimage"},"thumbnailUrl":"https:\/\/wpguerssen-test.odoo.rgbconsulting.com\/wp-content\/uploads\/2022\/03\/7454.jpg","datePublished":"2005-11-03T23:00:00+00:00","dateModified":"2024-02-15T16:12:10+00:00","description":"Key duo from the catalan folk scene, result of the union between Ia Clua (from \"2+1\") and Jordi Batiste (one of the leading forces of M\u00e1quina! together with Enric Herrera), after the later one's return from military service.\"Un Gran D\u00eda\", the duo's first album, was recorded at the end of 1972 with the help of such outstanding musicians as Manel Joseph (ex \"2+1\", Ia's early band)), Joaqu\u00edn \"Max\" Su\u00f1\u00e9 (V\u00e9rtice, Tapiman, Iceberg and a neverending etc ) & Albert Batiste (Musica Dispersa). The result is an amazing & varied musical tapestry, best heard in the record's first side, a long suite covering from orchestral folk-pop with some psych leanings (\"Un Gran D\u00eda\", \"Max\") to straight in-your-face hard rock (\"Sleeping Rock\") via typical early 70's prog rock (\"Oliba\") or uncathegorisable experiments which defy all rules (\"Reprise\") and show perfectly the freaky stage reached by the catalan scene in it's early years (as a matter of fact, the record is sung in english and catalan...)This CD release features one bonus track as well (same as on the vinyl release on the great Wah-Wah label), and has 12-page booklet with lyrics and photos.","breadcrumb":{"@id":"https:\/\/wpguerssen-test.odoo.rgbconsulting.com\/es\/producto\/un-gran-dia\/#breadcrumb"},"inLanguage":"es","potentialAction":[{"@type":"ReadAction","target":["https:\/\/wpguerssen-test.odoo.rgbconsulting.com\/es\/producto\/un-gran-dia\/"]}]},{"@type":"ImageObject","inLanguage":"es","@id":"https:\/\/wpguerssen-test.odoo.rgbconsulting.com\/es\/producto\/un-gran-dia\/#primaryimage","url":"https:\/\/wpguerssen-test.odoo.rgbconsulting.com\/wp-content\/uploads\/2022\/03\/7454.jpg","contentUrl":"https:\/\/wpguerssen-test.odoo.rgbconsulting.com\/wp-content\/uploads\/2022\/03\/7454.jpg","width":150,"height":150,"caption":"IA - BATISTE - Un gran dia - PICAP (CD) | Guerssen"},{"@type":"BreadcrumbList","@id":"https:\/\/wpguerssen-test.odoo.rgbconsulting.com\/es\/producto\/un-gran-dia\/#breadcrumb","itemListElement":[{"@type":"ListItem","position":1,"name":"Inicio","item":"https:\/\/wpguerssen-test.odoo.rgbconsulting.com\/es\/"},{"@type":"ListItem","position":2,"name":"Shop","item":"https:\/\/wpguerssen-test.odoo.rgbconsulting.com\/shop\/"},{"@type":"ListItem","position":3,"name":"Un gran dia"}]},{"@type":"WebSite","@id":"https:\/\/wpguerssen-test.odoo.rgbconsulting.com\/es\/#website","url":"https:\/\/wpguerssen-test.odoo.rgbconsulting.com\/es\/","name":"Guerssen records","description":"psychedelia - progressive - folk - garage ","publisher":{"@id":"https:\/\/wpguerssen-test.odoo.rgbconsulting.com\/es\/#organization"},"potentialAction":[{"@type":"SearchAction","target":{"@type":"EntryPoint","urlTemplate":"https:\/\/wpguerssen-test.odoo.rgbconsulting.com\/es\/?s={search_term_string}"},"query-input":{"@type":"PropertyValueSpecification","valueRequired":true,"valueName":"search_term_string"}}],"inLanguage":"es"},{"@type":"Organization","@id":"https:\/\/wpguerssen-test.odoo.rgbconsulting.com\/es\/#organization","name":"Guerssen records","url":"https:\/\/wpguerssen-test.odoo.rgbconsulting.com\/es\/","logo":{"@type":"ImageObject","inLanguage":"es","@id":"https:\/\/wpguerssen-test.odoo.rgbconsulting.com\/es\/#\/schema\/logo\/image\/","url":"https:\/\/wpguerssen-test.odoo.rgbconsulting.com\/wp-content\/uploads\/2022\/04\/Logo_Guerssen_trans_100.png","contentUrl":"https:\/\/wpguerssen-test.odoo.rgbconsulting.com\/wp-content\/uploads\/2022\/04\/Logo_Guerssen_trans_100.png","width":122,"height":100,"caption":"Guerssen records"},"image":{"@id":"https:\/\/wpguerssen-test.odoo.rgbconsulting.com\/es\/#\/schema\/logo\/image\/"}}]}},"_links":{"self":[{"href":"https:\/\/wpguerssen-test.odoo.rgbconsulting.com\/es\/wp-json\/wp\/v2\/product\/177398","targetHints":{"allow":["GET"]}}],"collection":[{"href":"https:\/\/wpguerssen-test.odoo.rgbconsulting.com\/es\/wp-json\/wp\/v2\/product"}],"about":[{"href":"https:\/\/wpguerssen-test.odoo.rgbconsulting.com\/es\/wp-json\/wp\/v2\/types\/product"}],"wp:featuredmedia":[{"embeddable":true,"href":"https:\/\/wpguerssen-test.odoo.rgbconsulting.com\/es\/wp-json\/wp\/v2\/media\/110945"}],"wp:attachment":[{"href":"https:\/\/wpguerssen-test.odoo.rgbconsulting.com\/es\/wp-json\/wp\/v2\/media?parent=177398"}],"wp:term":[{"taxonomy":"product_brand","embeddable":true,"href":"https:\/\/wpguerssen-test.odoo.rgbconsulting.com\/es\/wp-json\/wp\/v2\/product_brand?post=177398"},{"taxonomy":"product_cat","embeddable":true,"href":"https:\/\/wpguerssen-test.odoo.rgbconsulting.com\/es\/wp-json\/wp\/v2\/product_cat?post=177398"},{"taxonomy":"product_tag","embeddable":true,"href":"https:\/\/wpguerssen-test.odoo.rgbconsulting.com\/es\/wp-json\/wp\/v2\/product_tag?post=177398"}],"curies":[{"name":"wp","href":"https:\/\/api.w.org\/{rel}","templated":true}]}}