{"id":177412,"date":"2006-07-06T00:00:00","date_gmt":"2006-07-05T22:00:00","guid":{"rendered":"http:\/\/guerssen.hl1097.dinaserver.com\/product\/childhoods-end-cd\/"},"modified":"2025-01-24T13:16:59","modified_gmt":"2025-01-24T12:16:59","slug":"childhoods-end-cd","status":"publish","type":"product","link":"https:\/\/wpguerssen-test.odoo.rgbconsulting.com\/es\/producto\/childhoods-end-cd\/","title":{"rendered":"Childhood&#8217;s end (CD)"},"content":{"rendered":"<p>M\u00e1gico descubrimiento dentro de la escena psicod\u00e9lica 70&#8217;s australiana. Este disco de 1971, originalmente editado en el peque\u00f1o sello Sweet Peach, se mantiene fuera del conocimiento de la mayor\u00eda de los coleccionistas del g\u00e9nero en todo el mundo&#8230;.injustamente.<br \/>Este es un precioso \u00e1lbum que debe satisfacer por igual a amantes de la psicodelia, el rock y el folk. Plenamente el\u00e9ctrico, con excelsa producci\u00f3n para la \u00e9poca, buenas composiciones y la voz ineducada de Phil que le da un cierto looser feel en muchos momentos, record\u00e1ndonos algunos oscuros cl\u00e1sicos del folk-psicod\u00e9lico americano de ra\u00edces de los 70. El disco contiene varias baladas de el\u00e9ctrico y psicod\u00e9lico folk-rock, y el tema que da t\u00edtulo al disco es una aut\u00e9ntica barbaridad de pura psicodelia con ecos en la voz y multitud de efectos psicod\u00e9licos.<br \/>Un rar\u00edsimo y coleccionable disco que en su edici\u00f3n original te costar\u00eda el sueldo, ahora por primera vez reeditado, licenciado directamente del sello original y sacando el sonido directamente de los masters. En slimcase.<\/p>\n","protected":false},"excerpt":{"rendered":"<p>M\u00e1gico descubrimiento dentro de la escena psicod\u00e9lica 70&#8217;s australiana. Este disco de 1971, originalmente editado en el peque\u00f1o sello Sweet Peach, se mantiene<a class=\"read\" href=\"https:\/\/wpguerssen-test.odoo.rgbconsulting.com\/es\/producto\/childhoods-end-cd\/\"> (...)<\/a>","protected":false},"featured_media":110984,"template":"","meta":{"_acf_changed":false},"product_brand":[],"product_cat":[21639],"product_tag":[29138,24190],"class_list":{"0":"post-177412","1":"product","2":"type-product","3":"status-publish","4":"has-post-thumbnail","6":"product_cat-psychedelic60s-70s-es","7":"product_tag-cd-es","8":"product_tag-sales-es","9":"pa_artist-sawyer-phil-es","10":"pa_format-cd-2-es","11":"pa_gender-psychedelic60s-70s","12":"pa_label-guerssen-es","13":"pa_location-australia-nz-es","15":"first","16":"instock","17":"taxable","18":"shipping-taxable","19":"purchasable","20":"product-type-simple"},"acf":[],"yoast_head":"<!-- This site is optimized with the Yoast SEO plugin v24.9 - https:\/\/yoast.com\/wordpress\/plugins\/seo\/ -->\n<title>SAWYER, Phil - Childhood&#039;s end (CD) -  (CD) | Guerssen<\/title>\n<meta name=\"description\" content=\"A magical discovery from the downunder 70&#039;s psychedelic scene. Phil Sawyer&#039;s 1971 album &quot;Childhood&#039;s end&quot;, originally released in Australia on the Sweet Peach label, remains pretty unknown yet to most of collectors around. No justice.This is a wonderful album that will please anyone into psychedelia, rock and folk. Totally electric, great production, great songwriting, warm uneducated voice by Phil himself that gives a slight looser feel to it at times... the album contains some fantastic mid-tempo psychedelic folk-rock ballads, and the song that gives name to the album is an incredible slice of pure psychedelia with lots of tasty psychedelic sound effects.This is a very rare and collectable item in original (Hans Pokora gives 5 discs to it in his books). This first ever reissue is licensed from the original label and the sound is taken from the mastertapes. Slimcase.\" \/>\n<meta name=\"robots\" content=\"index, follow, max-snippet:-1, max-image-preview:large, max-video-preview:-1\" \/>\n<link rel=\"canonical\" href=\"https:\/\/wpguerssen-test.odoo.rgbconsulting.com\/es\/producto\/childhoods-end-cd\/\" \/>\n<meta property=\"og:locale\" content=\"es_ES\" \/>\n<meta property=\"og:type\" content=\"article\" \/>\n<meta property=\"og:title\" content=\"SAWYER, Phil - Childhood&#039;s end (CD) -  (CD) | Guerssen\" \/>\n<meta property=\"og:description\" content=\"A magical discovery from the downunder 70&#039;s psychedelic scene. Phil Sawyer&#039;s 1971 album &quot;Childhood&#039;s end&quot;, originally released in Australia on the Sweet Peach label, remains pretty unknown yet to most of collectors around. No justice.This is a wonderful album that will please anyone into psychedelia, rock and folk. Totally electric, great production, great songwriting, warm uneducated voice by Phil himself that gives a slight looser feel to it at times... the album contains some fantastic mid-tempo psychedelic folk-rock ballads, and the song that gives name to the album is an incredible slice of pure psychedelia with lots of tasty psychedelic sound effects.This is a very rare and collectable item in original (Hans Pokora gives 5 discs to it in his books). This first ever reissue is licensed from the original label and the sound is taken from the mastertapes. Slimcase.\" \/>\n<meta property=\"og:url\" content=\"https:\/\/wpguerssen-test.odoo.rgbconsulting.com\/es\/producto\/childhoods-end-cd\/\" \/>\n<meta property=\"og:site_name\" content=\"Guerssen records\" \/>\n<meta property=\"article:modified_time\" content=\"2025-01-24T12:16:59+00:00\" \/>\n<meta property=\"og:image\" content=\"https:\/\/wpguerssen-test.odoo.rgbconsulting.com\/wp-content\/uploads\/2022\/03\/7628.jpg\" \/>\n\t<meta property=\"og:image:width\" content=\"500\" \/>\n\t<meta property=\"og:image:height\" content=\"500\" \/>\n\t<meta property=\"og:image:type\" content=\"image\/jpeg\" \/>\n<meta name=\"twitter:card\" content=\"summary_large_image\" \/>\n<meta name=\"twitter:title\" content=\"SAWYER, Phil - Childhood&#039;s end (CD) -  (CD) | Guerssen\" \/>\n<meta name=\"twitter:label1\" content=\"Tiempo de lectura\" \/>\n\t<meta name=\"twitter:data1\" content=\"1 minuto\" \/>\n<script type=\"application\/ld+json\" class=\"yoast-schema-graph\">{\"@context\":\"https:\/\/schema.org\",\"@graph\":[{\"@type\":\"WebPage\",\"@id\":\"https:\/\/wpguerssen-test.odoo.rgbconsulting.com\/es\/producto\/childhoods-end-cd\/\",\"url\":\"https:\/\/wpguerssen-test.odoo.rgbconsulting.com\/es\/producto\/childhoods-end-cd\/\",\"name\":\"SAWYER, Phil - Childhood's end (CD) - (CD) | Guerssen\",\"isPartOf\":{\"@id\":\"https:\/\/wpguerssen-test.odoo.rgbconsulting.com\/es\/#website\"},\"primaryImageOfPage\":{\"@id\":\"https:\/\/wpguerssen-test.odoo.rgbconsulting.com\/es\/producto\/childhoods-end-cd\/#primaryimage\"},\"image\":{\"@id\":\"https:\/\/wpguerssen-test.odoo.rgbconsulting.com\/es\/producto\/childhoods-end-cd\/#primaryimage\"},\"thumbnailUrl\":\"https:\/\/wpguerssen-test.odoo.rgbconsulting.com\/wp-content\/uploads\/2022\/03\/7628.jpg\",\"datePublished\":\"2006-07-05T22:00:00+00:00\",\"dateModified\":\"2025-01-24T12:16:59+00:00\",\"description\":\"A magical discovery from the downunder 70's psychedelic scene. Phil Sawyer's 1971 album \\\"Childhood's end\\\", originally released in Australia on the Sweet Peach label, remains pretty unknown yet to most of collectors around. No justice.This is a wonderful album that will please anyone into psychedelia, rock and folk. Totally electric, great production, great songwriting, warm uneducated voice by Phil himself that gives a slight looser feel to it at times... the album contains some fantastic mid-tempo psychedelic folk-rock ballads, and the song that gives name to the album is an incredible slice of pure psychedelia with lots of tasty psychedelic sound effects.This is a very rare and collectable item in original (Hans Pokora gives 5 discs to it in his books). This first ever reissue is licensed from the original label and the sound is taken from the mastertapes. Slimcase.\",\"breadcrumb\":{\"@id\":\"https:\/\/wpguerssen-test.odoo.rgbconsulting.com\/es\/producto\/childhoods-end-cd\/#breadcrumb\"},\"inLanguage\":\"es\",\"potentialAction\":[{\"@type\":\"ReadAction\",\"target\":[\"https:\/\/wpguerssen-test.odoo.rgbconsulting.com\/es\/producto\/childhoods-end-cd\/\"]}]},{\"@type\":\"ImageObject\",\"inLanguage\":\"es\",\"@id\":\"https:\/\/wpguerssen-test.odoo.rgbconsulting.com\/es\/producto\/childhoods-end-cd\/#primaryimage\",\"url\":\"https:\/\/wpguerssen-test.odoo.rgbconsulting.com\/wp-content\/uploads\/2022\/03\/7628.jpg\",\"contentUrl\":\"https:\/\/wpguerssen-test.odoo.rgbconsulting.com\/wp-content\/uploads\/2022\/03\/7628.jpg\",\"width\":500,\"height\":500,\"caption\":\"Phil - Childhood's end (CD) - GUERSSEN (CD) | Guerssen\"},{\"@type\":\"BreadcrumbList\",\"@id\":\"https:\/\/wpguerssen-test.odoo.rgbconsulting.com\/es\/producto\/childhoods-end-cd\/#breadcrumb\",\"itemListElement\":[{\"@type\":\"ListItem\",\"position\":1,\"name\":\"Inicio\",\"item\":\"https:\/\/wpguerssen-test.odoo.rgbconsulting.com\/es\/\"},{\"@type\":\"ListItem\",\"position\":2,\"name\":\"Shop\",\"item\":\"https:\/\/wpguerssen-test.odoo.rgbconsulting.com\/shop\/\"},{\"@type\":\"ListItem\",\"position\":3,\"name\":\"Childhood&#8217;s end (CD)\"}]},{\"@type\":\"WebSite\",\"@id\":\"https:\/\/wpguerssen-test.odoo.rgbconsulting.com\/es\/#website\",\"url\":\"https:\/\/wpguerssen-test.odoo.rgbconsulting.com\/es\/\",\"name\":\"Guerssen records\",\"description\":\"psychedelia - progressive - folk - garage \",\"publisher\":{\"@id\":\"https:\/\/wpguerssen-test.odoo.rgbconsulting.com\/es\/#organization\"},\"potentialAction\":[{\"@type\":\"SearchAction\",\"target\":{\"@type\":\"EntryPoint\",\"urlTemplate\":\"https:\/\/wpguerssen-test.odoo.rgbconsulting.com\/es\/?s={search_term_string}\"},\"query-input\":{\"@type\":\"PropertyValueSpecification\",\"valueRequired\":true,\"valueName\":\"search_term_string\"}}],\"inLanguage\":\"es\"},{\"@type\":\"Organization\",\"@id\":\"https:\/\/wpguerssen-test.odoo.rgbconsulting.com\/es\/#organization\",\"name\":\"Guerssen records\",\"url\":\"https:\/\/wpguerssen-test.odoo.rgbconsulting.com\/es\/\",\"logo\":{\"@type\":\"ImageObject\",\"inLanguage\":\"es\",\"@id\":\"https:\/\/wpguerssen-test.odoo.rgbconsulting.com\/es\/#\/schema\/logo\/image\/\",\"url\":\"https:\/\/wpguerssen-test.odoo.rgbconsulting.com\/wp-content\/uploads\/2022\/04\/Logo_Guerssen_trans_100.png\",\"contentUrl\":\"https:\/\/wpguerssen-test.odoo.rgbconsulting.com\/wp-content\/uploads\/2022\/04\/Logo_Guerssen_trans_100.png\",\"width\":122,\"height\":100,\"caption\":\"Guerssen records\"},\"image\":{\"@id\":\"https:\/\/wpguerssen-test.odoo.rgbconsulting.com\/es\/#\/schema\/logo\/image\/\"}}]}<\/script>\n<!-- \/ Yoast SEO plugin. -->","yoast_head_json":{"title":"SAWYER, Phil - Childhood's end (CD) -  (CD) | Guerssen","description":"A magical discovery from the downunder 70's psychedelic scene. Phil Sawyer's 1971 album \"Childhood's end\", originally released in Australia on the Sweet Peach label, remains pretty unknown yet to most of collectors around. No justice.This is a wonderful album that will please anyone into psychedelia, rock and folk. Totally electric, great production, great songwriting, warm uneducated voice by Phil himself that gives a slight looser feel to it at times... the album contains some fantastic mid-tempo psychedelic folk-rock ballads, and the song that gives name to the album is an incredible slice of pure psychedelia with lots of tasty psychedelic sound effects.This is a very rare and collectable item in original (Hans Pokora gives 5 discs to it in his books). This first ever reissue is licensed from the original label and the sound is taken from the mastertapes. Slimcase.","robots":{"index":"index","follow":"follow","max-snippet":"max-snippet:-1","max-image-preview":"max-image-preview:large","max-video-preview":"max-video-preview:-1"},"canonical":"https:\/\/wpguerssen-test.odoo.rgbconsulting.com\/es\/producto\/childhoods-end-cd\/","og_locale":"es_ES","og_type":"article","og_title":"SAWYER, Phil - Childhood's end (CD) -  (CD) | Guerssen","og_description":"A magical discovery from the downunder 70's psychedelic scene. Phil Sawyer's 1971 album \"Childhood's end\", originally released in Australia on the Sweet Peach label, remains pretty unknown yet to most of collectors around. No justice.This is a wonderful album that will please anyone into psychedelia, rock and folk. Totally electric, great production, great songwriting, warm uneducated voice by Phil himself that gives a slight looser feel to it at times... the album contains some fantastic mid-tempo psychedelic folk-rock ballads, and the song that gives name to the album is an incredible slice of pure psychedelia with lots of tasty psychedelic sound effects.This is a very rare and collectable item in original (Hans Pokora gives 5 discs to it in his books). This first ever reissue is licensed from the original label and the sound is taken from the mastertapes. Slimcase.","og_url":"https:\/\/wpguerssen-test.odoo.rgbconsulting.com\/es\/producto\/childhoods-end-cd\/","og_site_name":"Guerssen records","article_modified_time":"2025-01-24T12:16:59+00:00","og_image":[{"width":500,"height":500,"url":"https:\/\/wpguerssen-test.odoo.rgbconsulting.com\/wp-content\/uploads\/2022\/03\/7628.jpg","type":"image\/jpeg"}],"twitter_card":"summary_large_image","twitter_title":"SAWYER, Phil - Childhood's end (CD) -  (CD) | Guerssen","twitter_misc":{"Tiempo de lectura":"1 minuto"},"schema":{"@context":"https:\/\/schema.org","@graph":[{"@type":"WebPage","@id":"https:\/\/wpguerssen-test.odoo.rgbconsulting.com\/es\/producto\/childhoods-end-cd\/","url":"https:\/\/wpguerssen-test.odoo.rgbconsulting.com\/es\/producto\/childhoods-end-cd\/","name":"SAWYER, Phil - Childhood's end (CD) - (CD) | Guerssen","isPartOf":{"@id":"https:\/\/wpguerssen-test.odoo.rgbconsulting.com\/es\/#website"},"primaryImageOfPage":{"@id":"https:\/\/wpguerssen-test.odoo.rgbconsulting.com\/es\/producto\/childhoods-end-cd\/#primaryimage"},"image":{"@id":"https:\/\/wpguerssen-test.odoo.rgbconsulting.com\/es\/producto\/childhoods-end-cd\/#primaryimage"},"thumbnailUrl":"https:\/\/wpguerssen-test.odoo.rgbconsulting.com\/wp-content\/uploads\/2022\/03\/7628.jpg","datePublished":"2006-07-05T22:00:00+00:00","dateModified":"2025-01-24T12:16:59+00:00","description":"A magical discovery from the downunder 70's psychedelic scene. Phil Sawyer's 1971 album \"Childhood's end\", originally released in Australia on the Sweet Peach label, remains pretty unknown yet to most of collectors around. No justice.This is a wonderful album that will please anyone into psychedelia, rock and folk. Totally electric, great production, great songwriting, warm uneducated voice by Phil himself that gives a slight looser feel to it at times... the album contains some fantastic mid-tempo psychedelic folk-rock ballads, and the song that gives name to the album is an incredible slice of pure psychedelia with lots of tasty psychedelic sound effects.This is a very rare and collectable item in original (Hans Pokora gives 5 discs to it in his books). This first ever reissue is licensed from the original label and the sound is taken from the mastertapes. Slimcase.","breadcrumb":{"@id":"https:\/\/wpguerssen-test.odoo.rgbconsulting.com\/es\/producto\/childhoods-end-cd\/#breadcrumb"},"inLanguage":"es","potentialAction":[{"@type":"ReadAction","target":["https:\/\/wpguerssen-test.odoo.rgbconsulting.com\/es\/producto\/childhoods-end-cd\/"]}]},{"@type":"ImageObject","inLanguage":"es","@id":"https:\/\/wpguerssen-test.odoo.rgbconsulting.com\/es\/producto\/childhoods-end-cd\/#primaryimage","url":"https:\/\/wpguerssen-test.odoo.rgbconsulting.com\/wp-content\/uploads\/2022\/03\/7628.jpg","contentUrl":"https:\/\/wpguerssen-test.odoo.rgbconsulting.com\/wp-content\/uploads\/2022\/03\/7628.jpg","width":500,"height":500,"caption":"Phil - Childhood's end (CD) - GUERSSEN (CD) | Guerssen"},{"@type":"BreadcrumbList","@id":"https:\/\/wpguerssen-test.odoo.rgbconsulting.com\/es\/producto\/childhoods-end-cd\/#breadcrumb","itemListElement":[{"@type":"ListItem","position":1,"name":"Inicio","item":"https:\/\/wpguerssen-test.odoo.rgbconsulting.com\/es\/"},{"@type":"ListItem","position":2,"name":"Shop","item":"https:\/\/wpguerssen-test.odoo.rgbconsulting.com\/shop\/"},{"@type":"ListItem","position":3,"name":"Childhood&#8217;s end (CD)"}]},{"@type":"WebSite","@id":"https:\/\/wpguerssen-test.odoo.rgbconsulting.com\/es\/#website","url":"https:\/\/wpguerssen-test.odoo.rgbconsulting.com\/es\/","name":"Guerssen records","description":"psychedelia - progressive - folk - garage ","publisher":{"@id":"https:\/\/wpguerssen-test.odoo.rgbconsulting.com\/es\/#organization"},"potentialAction":[{"@type":"SearchAction","target":{"@type":"EntryPoint","urlTemplate":"https:\/\/wpguerssen-test.odoo.rgbconsulting.com\/es\/?s={search_term_string}"},"query-input":{"@type":"PropertyValueSpecification","valueRequired":true,"valueName":"search_term_string"}}],"inLanguage":"es"},{"@type":"Organization","@id":"https:\/\/wpguerssen-test.odoo.rgbconsulting.com\/es\/#organization","name":"Guerssen records","url":"https:\/\/wpguerssen-test.odoo.rgbconsulting.com\/es\/","logo":{"@type":"ImageObject","inLanguage":"es","@id":"https:\/\/wpguerssen-test.odoo.rgbconsulting.com\/es\/#\/schema\/logo\/image\/","url":"https:\/\/wpguerssen-test.odoo.rgbconsulting.com\/wp-content\/uploads\/2022\/04\/Logo_Guerssen_trans_100.png","contentUrl":"https:\/\/wpguerssen-test.odoo.rgbconsulting.com\/wp-content\/uploads\/2022\/04\/Logo_Guerssen_trans_100.png","width":122,"height":100,"caption":"Guerssen records"},"image":{"@id":"https:\/\/wpguerssen-test.odoo.rgbconsulting.com\/es\/#\/schema\/logo\/image\/"}}]}},"_links":{"self":[{"href":"https:\/\/wpguerssen-test.odoo.rgbconsulting.com\/es\/wp-json\/wp\/v2\/product\/177412","targetHints":{"allow":["GET"]}}],"collection":[{"href":"https:\/\/wpguerssen-test.odoo.rgbconsulting.com\/es\/wp-json\/wp\/v2\/product"}],"about":[{"href":"https:\/\/wpguerssen-test.odoo.rgbconsulting.com\/es\/wp-json\/wp\/v2\/types\/product"}],"wp:featuredmedia":[{"embeddable":true,"href":"https:\/\/wpguerssen-test.odoo.rgbconsulting.com\/es\/wp-json\/wp\/v2\/media\/110984"}],"wp:attachment":[{"href":"https:\/\/wpguerssen-test.odoo.rgbconsulting.com\/es\/wp-json\/wp\/v2\/media?parent=177412"}],"wp:term":[{"taxonomy":"product_brand","embeddable":true,"href":"https:\/\/wpguerssen-test.odoo.rgbconsulting.com\/es\/wp-json\/wp\/v2\/product_brand?post=177412"},{"taxonomy":"product_cat","embeddable":true,"href":"https:\/\/wpguerssen-test.odoo.rgbconsulting.com\/es\/wp-json\/wp\/v2\/product_cat?post=177412"},{"taxonomy":"product_tag","embeddable":true,"href":"https:\/\/wpguerssen-test.odoo.rgbconsulting.com\/es\/wp-json\/wp\/v2\/product_tag?post=177412"}],"curies":[{"name":"wp","href":"https:\/\/api.w.org\/{rel}","templated":true}]}}