{"id":177422,"date":"2007-01-31T00:00:00","date_gmt":"2007-01-30T23:00:00","guid":{"rendered":"http:\/\/guerssen.hl1097.dinaserver.com\/product\/los-4-jinetes-del-apocalipsis-cd\/"},"modified":"2025-04-15T13:44:05","modified_gmt":"2025-04-15T11:44:05","slug":"los-4-jinetes-del-apocalipsis-cd","status":"publish","type":"product","link":"https:\/\/wpguerssen-test.odoo.rgbconsulting.com\/es\/producto\/los-4-jinetes-del-apocalipsis-cd\/","title":{"rendered":"Los 4 jinetes del apocalipsis (CD)"},"content":{"rendered":"<p>\u00abLos Cuatro Jinetes del Apocalipsis\u00bb, el legendario primer \u00e1lbum de la banda Zarpa. Sin duda el disco m\u00e1s raro y buscado de hard rock editado en Espa\u00f1a, una aut\u00e9ntica bestia negra para coleccionistas de heavy metal de todo el mundo, conseguir una copia original es literalmente imposible, incluso se dudaba de su existencia pues nadie hab\u00eda visto jam\u00e1s una original. Estamos hablando de un disco que a nivel de rareza, superar\u00eda incluso al primer \u00e1lbum de los progresivos Atila! <\/p>\n<p> Editado en 1978 de forma privada y con una tirada muy peque\u00f1a, el disco fue grabado por cuatro j\u00f3venes m\u00fasicos melenudos de Mislata, Valencia, en una sola toma y tocando todos a la vez, por lo que el sonido es crudo y agresivo, totalmente underground y mucho m\u00e1s cerca del hard rock 70s de grupos como Tapiman que del heavy metal que practicar\u00edan poco despu\u00e9s y los convertir\u00eda en uno de los grandes nombre del metal actual.<br \/>Contiene cinco largos temas, unidos por el concepto que da t\u00edtulo al disco, con brutal guitarra fuzz y wah wah y poderosa voz con efectos. Salvando las distancias, estar\u00edamos hablando del equivalente espa\u00f1ol a otros discos privados como \u00abRound The Edges\u00bb de los brit\u00e1nicos Dark. Ahora Iberian Rocks! echa luz sobre el asunto, corroborando la existencia de este megararo artefacto y poni\u00e9ndolo en circulaci\u00f3n en formato CD, con la colaboraci\u00f3n de Vicente Feijo\u00f3, cantante y guitarrista de la formaci\u00f3n original de Zarpa. <br \/>Sonido remasterizado de las cintas originales, booklet con notas informativas a cargo del experto Jose Luis Granado, fotos y las letras de las canciones. Altamente recomendable tanto para aficionados al heavy metal como a los que disfrutan con el hard rock y la psicodelia de los 70.<\/p>\n","protected":false},"excerpt":{"rendered":"<p>\u00abLos Cuatro Jinetes del Apocalipsis\u00bb, el legendario primer \u00e1lbum de la banda Zarpa. Sin duda el disco m\u00e1s raro y buscado de hard rock editado en Espa\u00f1a, una aut\u00e9ntica<a class=\"read\" href=\"https:\/\/wpguerssen-test.odoo.rgbconsulting.com\/es\/producto\/los-4-jinetes-del-apocalipsis-cd\/\"> (...)<\/a>","protected":false},"featured_media":111023,"template":"","meta":{"_acf_changed":false},"product_brand":[],"product_cat":[23224],"product_tag":[24190],"class_list":{"0":"post-177422","1":"product","2":"type-product","3":"status-publish","4":"has-post-thumbnail","6":"product_cat-hard-rock-60s-70s-es","7":"product_tag-sales-es","8":"pa_artist-zarpa-es","9":"pa_format-cd-2-es","10":"pa_gender-hard-rock-60s-70s","11":"pa_label-iberian-rocks","12":"pa_location-spain-es","14":"first","15":"instock","16":"taxable","17":"shipping-taxable","18":"purchasable","19":"product-type-simple"},"acf":[],"yoast_head":"<!-- This site is optimized with the Yoast SEO plugin v24.9 - https:\/\/yoast.com\/wordpress\/plugins\/seo\/ -->\n<title>ZARPA - Los 4 jinetes del apocalipsis (CD) -  (CD) | Guerssen<\/title>\n<meta name=\"description\" content=\"&quot;Los Cuatro Jinetes del Apocalipsis&quot; by Zarpa is definitely the rarest Spanish hard rock \/ metal album ever released. It appears on top of want lists of heavy metal collectors worldwide and original copies are impossible to find (tough collectors in Spain even doubt its existence!) being even rarer than the first album by Spanish progsters Atila! It was recorded by four young long-haired musicians from Mislata, Valencia, in a budget studio and in only one take and released in 1978 on a tiny private label. It&#039;s a conceptual album featuring five long tracks with raw in-your-face sound and production, over-charged fuzz &amp; wah wah guitar, powerful vocals and studio effects, in a similar vein to other Spanish underground hard rock bands from the 70s like Tapiman. This is must for any hard rock \/ metal \/ heavy psych afficionado, reissued for the first time and remastered from original master tapes, including a booklet with liner notes by Spanish heavy metal expert Jos\u00e9 Luis Granado and rare pictures from the archive of Vicente Feijo\u00f3 , the original guitarist &amp; vocalist from Zarpa.\" \/>\n<meta name=\"robots\" content=\"index, follow, max-snippet:-1, max-image-preview:large, max-video-preview:-1\" \/>\n<link rel=\"canonical\" href=\"https:\/\/wpguerssen-test.odoo.rgbconsulting.com\/es\/producto\/los-4-jinetes-del-apocalipsis-cd\/\" \/>\n<meta property=\"og:locale\" content=\"es_ES\" \/>\n<meta property=\"og:type\" content=\"article\" \/>\n<meta property=\"og:title\" content=\"ZARPA - Los 4 jinetes del apocalipsis (CD) -  (CD) | Guerssen\" \/>\n<meta property=\"og:description\" content=\"&quot;Los Cuatro Jinetes del Apocalipsis&quot; by Zarpa is definitely the rarest Spanish hard rock \/ metal album ever released. It appears on top of want lists of heavy metal collectors worldwide and original copies are impossible to find (tough collectors in Spain even doubt its existence!) being even rarer than the first album by Spanish progsters Atila! It was recorded by four young long-haired musicians from Mislata, Valencia, in a budget studio and in only one take and released in 1978 on a tiny private label. It&#039;s a conceptual album featuring five long tracks with raw in-your-face sound and production, over-charged fuzz &amp; wah wah guitar, powerful vocals and studio effects, in a similar vein to other Spanish underground hard rock bands from the 70s like Tapiman. This is must for any hard rock \/ metal \/ heavy psych afficionado, reissued for the first time and remastered from original master tapes, including a booklet with liner notes by Spanish heavy metal expert Jos\u00e9 Luis Granado and rare pictures from the archive of Vicente Feijo\u00f3 , the original guitarist &amp; vocalist from Zarpa.\" \/>\n<meta property=\"og:url\" content=\"https:\/\/wpguerssen-test.odoo.rgbconsulting.com\/es\/producto\/los-4-jinetes-del-apocalipsis-cd\/\" \/>\n<meta property=\"og:site_name\" content=\"Guerssen records\" \/>\n<meta property=\"article:modified_time\" content=\"2025-04-15T11:44:05+00:00\" \/>\n<meta property=\"og:image\" content=\"https:\/\/wpguerssen-test.odoo.rgbconsulting.com\/wp-content\/uploads\/2022\/03\/7778.jpg\" \/>\n\t<meta property=\"og:image:width\" content=\"482\" \/>\n\t<meta property=\"og:image:height\" content=\"482\" \/>\n\t<meta property=\"og:image:type\" content=\"image\/jpeg\" \/>\n<meta name=\"twitter:card\" content=\"summary_large_image\" \/>\n<meta name=\"twitter:title\" content=\"ZARPA - Los 4 jinetes del apocalipsis (CD) -  (CD) | Guerssen\" \/>\n<meta name=\"twitter:label1\" content=\"Tiempo de lectura\" \/>\n\t<meta name=\"twitter:data1\" content=\"2 minutos\" \/>\n<script type=\"application\/ld+json\" class=\"yoast-schema-graph\">{\"@context\":\"https:\/\/schema.org\",\"@graph\":[{\"@type\":\"WebPage\",\"@id\":\"https:\/\/wpguerssen-test.odoo.rgbconsulting.com\/es\/producto\/los-4-jinetes-del-apocalipsis-cd\/\",\"url\":\"https:\/\/wpguerssen-test.odoo.rgbconsulting.com\/es\/producto\/los-4-jinetes-del-apocalipsis-cd\/\",\"name\":\"ZARPA - Los 4 jinetes del apocalipsis (CD) - (CD) | Guerssen\",\"isPartOf\":{\"@id\":\"https:\/\/wpguerssen-test.odoo.rgbconsulting.com\/es\/#website\"},\"primaryImageOfPage\":{\"@id\":\"https:\/\/wpguerssen-test.odoo.rgbconsulting.com\/es\/producto\/los-4-jinetes-del-apocalipsis-cd\/#primaryimage\"},\"image\":{\"@id\":\"https:\/\/wpguerssen-test.odoo.rgbconsulting.com\/es\/producto\/los-4-jinetes-del-apocalipsis-cd\/#primaryimage\"},\"thumbnailUrl\":\"https:\/\/wpguerssen-test.odoo.rgbconsulting.com\/wp-content\/uploads\/2022\/03\/7778.jpg\",\"datePublished\":\"2007-01-30T23:00:00+00:00\",\"dateModified\":\"2025-04-15T11:44:05+00:00\",\"description\":\"\\\"Los Cuatro Jinetes del Apocalipsis\\\" by Zarpa is definitely the rarest Spanish hard rock \/ metal album ever released. It appears on top of want lists of heavy metal collectors worldwide and original copies are impossible to find (tough collectors in Spain even doubt its existence!) being even rarer than the first album by Spanish progsters Atila! It was recorded by four young long-haired musicians from Mislata, Valencia, in a budget studio and in only one take and released in 1978 on a tiny private label. It's a conceptual album featuring five long tracks with raw in-your-face sound and production, over-charged fuzz & wah wah guitar, powerful vocals and studio effects, in a similar vein to other Spanish underground hard rock bands from the 70s like Tapiman. This is must for any hard rock \/ metal \/ heavy psych afficionado, reissued for the first time and remastered from original master tapes, including a booklet with liner notes by Spanish heavy metal expert Jos\u00e9 Luis Granado and rare pictures from the archive of Vicente Feijo\u00f3 , the original guitarist & vocalist from Zarpa.\",\"breadcrumb\":{\"@id\":\"https:\/\/wpguerssen-test.odoo.rgbconsulting.com\/es\/producto\/los-4-jinetes-del-apocalipsis-cd\/#breadcrumb\"},\"inLanguage\":\"es\",\"potentialAction\":[{\"@type\":\"ReadAction\",\"target\":[\"https:\/\/wpguerssen-test.odoo.rgbconsulting.com\/es\/producto\/los-4-jinetes-del-apocalipsis-cd\/\"]}]},{\"@type\":\"ImageObject\",\"inLanguage\":\"es\",\"@id\":\"https:\/\/wpguerssen-test.odoo.rgbconsulting.com\/es\/producto\/los-4-jinetes-del-apocalipsis-cd\/#primaryimage\",\"url\":\"https:\/\/wpguerssen-test.odoo.rgbconsulting.com\/wp-content\/uploads\/2022\/03\/7778.jpg\",\"contentUrl\":\"https:\/\/wpguerssen-test.odoo.rgbconsulting.com\/wp-content\/uploads\/2022\/03\/7778.jpg\",\"width\":482,\"height\":482,\"caption\":\"ZARPA - Los 4 jinetes del apocalipsis (CD) - IBERIAN ROCKS (CD) | Guerssen\"},{\"@type\":\"BreadcrumbList\",\"@id\":\"https:\/\/wpguerssen-test.odoo.rgbconsulting.com\/es\/producto\/los-4-jinetes-del-apocalipsis-cd\/#breadcrumb\",\"itemListElement\":[{\"@type\":\"ListItem\",\"position\":1,\"name\":\"Inicio\",\"item\":\"https:\/\/wpguerssen-test.odoo.rgbconsulting.com\/es\/\"},{\"@type\":\"ListItem\",\"position\":2,\"name\":\"Shop\",\"item\":\"https:\/\/wpguerssen-test.odoo.rgbconsulting.com\/shop\/\"},{\"@type\":\"ListItem\",\"position\":3,\"name\":\"Los 4 jinetes del apocalipsis (CD)\"}]},{\"@type\":\"WebSite\",\"@id\":\"https:\/\/wpguerssen-test.odoo.rgbconsulting.com\/es\/#website\",\"url\":\"https:\/\/wpguerssen-test.odoo.rgbconsulting.com\/es\/\",\"name\":\"Guerssen records\",\"description\":\"psychedelia - progressive - folk - garage \",\"publisher\":{\"@id\":\"https:\/\/wpguerssen-test.odoo.rgbconsulting.com\/es\/#organization\"},\"potentialAction\":[{\"@type\":\"SearchAction\",\"target\":{\"@type\":\"EntryPoint\",\"urlTemplate\":\"https:\/\/wpguerssen-test.odoo.rgbconsulting.com\/es\/?s={search_term_string}\"},\"query-input\":{\"@type\":\"PropertyValueSpecification\",\"valueRequired\":true,\"valueName\":\"search_term_string\"}}],\"inLanguage\":\"es\"},{\"@type\":\"Organization\",\"@id\":\"https:\/\/wpguerssen-test.odoo.rgbconsulting.com\/es\/#organization\",\"name\":\"Guerssen records\",\"url\":\"https:\/\/wpguerssen-test.odoo.rgbconsulting.com\/es\/\",\"logo\":{\"@type\":\"ImageObject\",\"inLanguage\":\"es\",\"@id\":\"https:\/\/wpguerssen-test.odoo.rgbconsulting.com\/es\/#\/schema\/logo\/image\/\",\"url\":\"https:\/\/wpguerssen-test.odoo.rgbconsulting.com\/wp-content\/uploads\/2022\/04\/Logo_Guerssen_trans_100.png\",\"contentUrl\":\"https:\/\/wpguerssen-test.odoo.rgbconsulting.com\/wp-content\/uploads\/2022\/04\/Logo_Guerssen_trans_100.png\",\"width\":122,\"height\":100,\"caption\":\"Guerssen records\"},\"image\":{\"@id\":\"https:\/\/wpguerssen-test.odoo.rgbconsulting.com\/es\/#\/schema\/logo\/image\/\"}}]}<\/script>\n<!-- \/ Yoast SEO plugin. -->","yoast_head_json":{"title":"ZARPA - Los 4 jinetes del apocalipsis (CD) -  (CD) | Guerssen","description":"\"Los Cuatro Jinetes del Apocalipsis\" by Zarpa is definitely the rarest Spanish hard rock \/ metal album ever released. It appears on top of want lists of heavy metal collectors worldwide and original copies are impossible to find (tough collectors in Spain even doubt its existence!) being even rarer than the first album by Spanish progsters Atila! It was recorded by four young long-haired musicians from Mislata, Valencia, in a budget studio and in only one take and released in 1978 on a tiny private label. It's a conceptual album featuring five long tracks with raw in-your-face sound and production, over-charged fuzz & wah wah guitar, powerful vocals and studio effects, in a similar vein to other Spanish underground hard rock bands from the 70s like Tapiman. This is must for any hard rock \/ metal \/ heavy psych afficionado, reissued for the first time and remastered from original master tapes, including a booklet with liner notes by Spanish heavy metal expert Jos\u00e9 Luis Granado and rare pictures from the archive of Vicente Feijo\u00f3 , the original guitarist & vocalist from Zarpa.","robots":{"index":"index","follow":"follow","max-snippet":"max-snippet:-1","max-image-preview":"max-image-preview:large","max-video-preview":"max-video-preview:-1"},"canonical":"https:\/\/wpguerssen-test.odoo.rgbconsulting.com\/es\/producto\/los-4-jinetes-del-apocalipsis-cd\/","og_locale":"es_ES","og_type":"article","og_title":"ZARPA - Los 4 jinetes del apocalipsis (CD) -  (CD) | Guerssen","og_description":"\"Los Cuatro Jinetes del Apocalipsis\" by Zarpa is definitely the rarest Spanish hard rock \/ metal album ever released. It appears on top of want lists of heavy metal collectors worldwide and original copies are impossible to find (tough collectors in Spain even doubt its existence!) being even rarer than the first album by Spanish progsters Atila! It was recorded by four young long-haired musicians from Mislata, Valencia, in a budget studio and in only one take and released in 1978 on a tiny private label. It's a conceptual album featuring five long tracks with raw in-your-face sound and production, over-charged fuzz & wah wah guitar, powerful vocals and studio effects, in a similar vein to other Spanish underground hard rock bands from the 70s like Tapiman. This is must for any hard rock \/ metal \/ heavy psych afficionado, reissued for the first time and remastered from original master tapes, including a booklet with liner notes by Spanish heavy metal expert Jos\u00e9 Luis Granado and rare pictures from the archive of Vicente Feijo\u00f3 , the original guitarist & vocalist from Zarpa.","og_url":"https:\/\/wpguerssen-test.odoo.rgbconsulting.com\/es\/producto\/los-4-jinetes-del-apocalipsis-cd\/","og_site_name":"Guerssen records","article_modified_time":"2025-04-15T11:44:05+00:00","og_image":[{"width":482,"height":482,"url":"https:\/\/wpguerssen-test.odoo.rgbconsulting.com\/wp-content\/uploads\/2022\/03\/7778.jpg","type":"image\/jpeg"}],"twitter_card":"summary_large_image","twitter_title":"ZARPA - Los 4 jinetes del apocalipsis (CD) -  (CD) | Guerssen","twitter_misc":{"Tiempo de lectura":"2 minutos"},"schema":{"@context":"https:\/\/schema.org","@graph":[{"@type":"WebPage","@id":"https:\/\/wpguerssen-test.odoo.rgbconsulting.com\/es\/producto\/los-4-jinetes-del-apocalipsis-cd\/","url":"https:\/\/wpguerssen-test.odoo.rgbconsulting.com\/es\/producto\/los-4-jinetes-del-apocalipsis-cd\/","name":"ZARPA - Los 4 jinetes del apocalipsis (CD) - (CD) | Guerssen","isPartOf":{"@id":"https:\/\/wpguerssen-test.odoo.rgbconsulting.com\/es\/#website"},"primaryImageOfPage":{"@id":"https:\/\/wpguerssen-test.odoo.rgbconsulting.com\/es\/producto\/los-4-jinetes-del-apocalipsis-cd\/#primaryimage"},"image":{"@id":"https:\/\/wpguerssen-test.odoo.rgbconsulting.com\/es\/producto\/los-4-jinetes-del-apocalipsis-cd\/#primaryimage"},"thumbnailUrl":"https:\/\/wpguerssen-test.odoo.rgbconsulting.com\/wp-content\/uploads\/2022\/03\/7778.jpg","datePublished":"2007-01-30T23:00:00+00:00","dateModified":"2025-04-15T11:44:05+00:00","description":"\"Los Cuatro Jinetes del Apocalipsis\" by Zarpa is definitely the rarest Spanish hard rock \/ metal album ever released. It appears on top of want lists of heavy metal collectors worldwide and original copies are impossible to find (tough collectors in Spain even doubt its existence!) being even rarer than the first album by Spanish progsters Atila! It was recorded by four young long-haired musicians from Mislata, Valencia, in a budget studio and in only one take and released in 1978 on a tiny private label. It's a conceptual album featuring five long tracks with raw in-your-face sound and production, over-charged fuzz & wah wah guitar, powerful vocals and studio effects, in a similar vein to other Spanish underground hard rock bands from the 70s like Tapiman. This is must for any hard rock \/ metal \/ heavy psych afficionado, reissued for the first time and remastered from original master tapes, including a booklet with liner notes by Spanish heavy metal expert Jos\u00e9 Luis Granado and rare pictures from the archive of Vicente Feijo\u00f3 , the original guitarist & vocalist from Zarpa.","breadcrumb":{"@id":"https:\/\/wpguerssen-test.odoo.rgbconsulting.com\/es\/producto\/los-4-jinetes-del-apocalipsis-cd\/#breadcrumb"},"inLanguage":"es","potentialAction":[{"@type":"ReadAction","target":["https:\/\/wpguerssen-test.odoo.rgbconsulting.com\/es\/producto\/los-4-jinetes-del-apocalipsis-cd\/"]}]},{"@type":"ImageObject","inLanguage":"es","@id":"https:\/\/wpguerssen-test.odoo.rgbconsulting.com\/es\/producto\/los-4-jinetes-del-apocalipsis-cd\/#primaryimage","url":"https:\/\/wpguerssen-test.odoo.rgbconsulting.com\/wp-content\/uploads\/2022\/03\/7778.jpg","contentUrl":"https:\/\/wpguerssen-test.odoo.rgbconsulting.com\/wp-content\/uploads\/2022\/03\/7778.jpg","width":482,"height":482,"caption":"ZARPA - Los 4 jinetes del apocalipsis (CD) - IBERIAN ROCKS (CD) | Guerssen"},{"@type":"BreadcrumbList","@id":"https:\/\/wpguerssen-test.odoo.rgbconsulting.com\/es\/producto\/los-4-jinetes-del-apocalipsis-cd\/#breadcrumb","itemListElement":[{"@type":"ListItem","position":1,"name":"Inicio","item":"https:\/\/wpguerssen-test.odoo.rgbconsulting.com\/es\/"},{"@type":"ListItem","position":2,"name":"Shop","item":"https:\/\/wpguerssen-test.odoo.rgbconsulting.com\/shop\/"},{"@type":"ListItem","position":3,"name":"Los 4 jinetes del apocalipsis (CD)"}]},{"@type":"WebSite","@id":"https:\/\/wpguerssen-test.odoo.rgbconsulting.com\/es\/#website","url":"https:\/\/wpguerssen-test.odoo.rgbconsulting.com\/es\/","name":"Guerssen records","description":"psychedelia - progressive - folk - garage ","publisher":{"@id":"https:\/\/wpguerssen-test.odoo.rgbconsulting.com\/es\/#organization"},"potentialAction":[{"@type":"SearchAction","target":{"@type":"EntryPoint","urlTemplate":"https:\/\/wpguerssen-test.odoo.rgbconsulting.com\/es\/?s={search_term_string}"},"query-input":{"@type":"PropertyValueSpecification","valueRequired":true,"valueName":"search_term_string"}}],"inLanguage":"es"},{"@type":"Organization","@id":"https:\/\/wpguerssen-test.odoo.rgbconsulting.com\/es\/#organization","name":"Guerssen records","url":"https:\/\/wpguerssen-test.odoo.rgbconsulting.com\/es\/","logo":{"@type":"ImageObject","inLanguage":"es","@id":"https:\/\/wpguerssen-test.odoo.rgbconsulting.com\/es\/#\/schema\/logo\/image\/","url":"https:\/\/wpguerssen-test.odoo.rgbconsulting.com\/wp-content\/uploads\/2022\/04\/Logo_Guerssen_trans_100.png","contentUrl":"https:\/\/wpguerssen-test.odoo.rgbconsulting.com\/wp-content\/uploads\/2022\/04\/Logo_Guerssen_trans_100.png","width":122,"height":100,"caption":"Guerssen records"},"image":{"@id":"https:\/\/wpguerssen-test.odoo.rgbconsulting.com\/es\/#\/schema\/logo\/image\/"}}]}},"_links":{"self":[{"href":"https:\/\/wpguerssen-test.odoo.rgbconsulting.com\/es\/wp-json\/wp\/v2\/product\/177422","targetHints":{"allow":["GET"]}}],"collection":[{"href":"https:\/\/wpguerssen-test.odoo.rgbconsulting.com\/es\/wp-json\/wp\/v2\/product"}],"about":[{"href":"https:\/\/wpguerssen-test.odoo.rgbconsulting.com\/es\/wp-json\/wp\/v2\/types\/product"}],"wp:featuredmedia":[{"embeddable":true,"href":"https:\/\/wpguerssen-test.odoo.rgbconsulting.com\/es\/wp-json\/wp\/v2\/media\/111023"}],"wp:attachment":[{"href":"https:\/\/wpguerssen-test.odoo.rgbconsulting.com\/es\/wp-json\/wp\/v2\/media?parent=177422"}],"wp:term":[{"taxonomy":"product_brand","embeddable":true,"href":"https:\/\/wpguerssen-test.odoo.rgbconsulting.com\/es\/wp-json\/wp\/v2\/product_brand?post=177422"},{"taxonomy":"product_cat","embeddable":true,"href":"https:\/\/wpguerssen-test.odoo.rgbconsulting.com\/es\/wp-json\/wp\/v2\/product_cat?post=177422"},{"taxonomy":"product_tag","embeddable":true,"href":"https:\/\/wpguerssen-test.odoo.rgbconsulting.com\/es\/wp-json\/wp\/v2\/product_tag?post=177422"}],"curies":[{"name":"wp","href":"https:\/\/api.w.org\/{rel}","templated":true}]}}