{"id":177467,"date":"2007-02-15T00:00:00","date_gmt":"2007-02-14T23:00:00","guid":{"rendered":"http:\/\/guerssen.hl1097.dinaserver.com\/product\/5001-record-collector-dreams\/"},"modified":"2024-10-15T15:30:07","modified_gmt":"2024-10-15T13:30:07","slug":"5001-record-collector-dreams","status":"publish","type":"product","link":"https:\/\/wpguerssen-test.odoo.rgbconsulting.com\/es\/producto\/5001-record-collector-dreams\/","title":{"rendered":"5001 Record Collector Dreams"},"content":{"rendered":"<p>El nuevo y esperado libro de esta ya legendaria serie! 144 p\u00e1ginas con 59 de ellas dedicadas a prensajes raros de bandas brit\u00e1nicas. En total 1200 fotos de portadas de los m\u00e1s raros y coleccionables discos de psicodelia, progresivo, folk, beat, garage, etc, desde los 60 hasta principios de los 80. Como siempre, edici\u00f3n de lujo en carton duro, papel de alta calidad couch\u00e9 y a todo color. Porno duro para los coleccionistas!!<\/p>\n","protected":false},"excerpt":{"rendered":"<p>El nuevo y esperado libro de esta ya legendaria serie! 144 p\u00e1ginas con 59 de ellas dedicadas a prensajes raros de bandas brit\u00e1nicas. En total 1200 fotos de portadas<a class=\"read\" href=\"https:\/\/wpguerssen-test.odoo.rgbconsulting.com\/es\/producto\/5001-record-collector-dreams\/\"> (...)<\/a>","protected":false},"featured_media":111165,"template":"","meta":{"_acf_changed":false},"product_brand":[],"product_cat":[23263],"product_tag":[],"class_list":{"0":"post-177467","1":"product","2":"type-product","3":"status-publish","4":"has-post-thumbnail","6":"product_cat-books-es","7":"pa_artist-5001-record-collector-dreams-es-2","8":"pa_format-libros-es","9":"pa_gender-books","10":"pa_label-55-es-2","11":"pa_location-europe-es","13":"first","14":"instock","15":"taxable","16":"shipping-taxable","17":"purchasable","18":"product-type-simple"},"acf":[],"yoast_head":"<!-- This site is optimized with the Yoast SEO plugin v24.9 - https:\/\/yoast.com\/wordpress\/plugins\/seo\/ -->\n<title>5001 RECORD COLLECTOR DREAMS - 5001 Record Collector Dreams -  (LIBROS) | Guerssen<\/title>\n<meta name=\"description\" content=\"New and last in the book series that has shown the way to hundreds of collectors around the world. This new one has 144 pages, with 59 pages all about UK collectable items. The book has around 1200 pictures of sleeves of highly collectable albums of psychedelia, progressive, folk, beat and garage from the 60&#039;s to early 80&#039;s. Like always, first class quality book, in thick carton cover, high quality couche paper, and full colour!!!\" \/>\n<meta name=\"robots\" content=\"index, follow, max-snippet:-1, max-image-preview:large, max-video-preview:-1\" \/>\n<link rel=\"canonical\" href=\"https:\/\/wpguerssen-test.odoo.rgbconsulting.com\/es\/producto\/5001-record-collector-dreams\/\" \/>\n<meta property=\"og:locale\" content=\"es_ES\" \/>\n<meta property=\"og:type\" content=\"article\" \/>\n<meta property=\"og:title\" content=\"5001 RECORD COLLECTOR DREAMS - 5001 Record Collector Dreams -  (LIBROS) | Guerssen\" \/>\n<meta property=\"og:description\" content=\"New and last in the book series that has shown the way to hundreds of collectors around the world. This new one has 144 pages, with 59 pages all about UK collectable items. The book has around 1200 pictures of sleeves of highly collectable albums of psychedelia, progressive, folk, beat and garage from the 60&#039;s to early 80&#039;s. Like always, first class quality book, in thick carton cover, high quality couche paper, and full colour!!!\" \/>\n<meta property=\"og:url\" content=\"https:\/\/wpguerssen-test.odoo.rgbconsulting.com\/es\/producto\/5001-record-collector-dreams\/\" \/>\n<meta property=\"og:site_name\" content=\"Guerssen records\" \/>\n<meta property=\"article:modified_time\" content=\"2024-10-15T13:30:07+00:00\" \/>\n<meta name=\"twitter:card\" content=\"summary_large_image\" \/>\n<meta name=\"twitter:title\" content=\"5001 RECORD COLLECTOR DREAMS - 5001 Record Collector Dreams -  (LIBROS) | Guerssen\" \/>\n<script type=\"application\/ld+json\" class=\"yoast-schema-graph\">{\"@context\":\"https:\/\/schema.org\",\"@graph\":[{\"@type\":\"WebPage\",\"@id\":\"https:\/\/wpguerssen-test.odoo.rgbconsulting.com\/es\/producto\/5001-record-collector-dreams\/\",\"url\":\"https:\/\/wpguerssen-test.odoo.rgbconsulting.com\/es\/producto\/5001-record-collector-dreams\/\",\"name\":\"5001 RECORD COLLECTOR DREAMS - 5001 Record Collector Dreams - (LIBROS) | Guerssen\",\"isPartOf\":{\"@id\":\"https:\/\/wpguerssen-test.odoo.rgbconsulting.com\/es\/#website\"},\"primaryImageOfPage\":{\"@id\":\"https:\/\/wpguerssen-test.odoo.rgbconsulting.com\/es\/producto\/5001-record-collector-dreams\/#primaryimage\"},\"image\":{\"@id\":\"https:\/\/wpguerssen-test.odoo.rgbconsulting.com\/es\/producto\/5001-record-collector-dreams\/#primaryimage\"},\"thumbnailUrl\":\"https:\/\/wpguerssen-test.odoo.rgbconsulting.com\/wp-content\/uploads\/2022\/03\/8365.jpg\",\"datePublished\":\"2007-02-14T23:00:00+00:00\",\"dateModified\":\"2024-10-15T13:30:07+00:00\",\"description\":\"New and last in the book series that has shown the way to hundreds of collectors around the world. This new one has 144 pages, with 59 pages all about UK collectable items. The book has around 1200 pictures of sleeves of highly collectable albums of psychedelia, progressive, folk, beat and garage from the 60's to early 80's. Like always, first class quality book, in thick carton cover, high quality couche paper, and full colour!!!\",\"breadcrumb\":{\"@id\":\"https:\/\/wpguerssen-test.odoo.rgbconsulting.com\/es\/producto\/5001-record-collector-dreams\/#breadcrumb\"},\"inLanguage\":\"es\",\"potentialAction\":[{\"@type\":\"ReadAction\",\"target\":[\"https:\/\/wpguerssen-test.odoo.rgbconsulting.com\/es\/producto\/5001-record-collector-dreams\/\"]}]},{\"@type\":\"ImageObject\",\"inLanguage\":\"es\",\"@id\":\"https:\/\/wpguerssen-test.odoo.rgbconsulting.com\/es\/producto\/5001-record-collector-dreams\/#primaryimage\",\"url\":\"https:\/\/wpguerssen-test.odoo.rgbconsulting.com\/wp-content\/uploads\/2022\/03\/8365.jpg\",\"contentUrl\":\"https:\/\/wpguerssen-test.odoo.rgbconsulting.com\/wp-content\/uploads\/2022\/03\/8365.jpg\",\"width\":602,\"height\":415,\"caption\":\"5001 RECORD COLLECTOR DREAMS - 5001 Record Collector Dreams - . (LIBROS) | Guerssen\"},{\"@type\":\"BreadcrumbList\",\"@id\":\"https:\/\/wpguerssen-test.odoo.rgbconsulting.com\/es\/producto\/5001-record-collector-dreams\/#breadcrumb\",\"itemListElement\":[{\"@type\":\"ListItem\",\"position\":1,\"name\":\"Inicio\",\"item\":\"https:\/\/wpguerssen-test.odoo.rgbconsulting.com\/es\/\"},{\"@type\":\"ListItem\",\"position\":2,\"name\":\"Shop\",\"item\":\"https:\/\/wpguerssen-test.odoo.rgbconsulting.com\/shop\/\"},{\"@type\":\"ListItem\",\"position\":3,\"name\":\"5001 Record Collector Dreams\"}]},{\"@type\":\"WebSite\",\"@id\":\"https:\/\/wpguerssen-test.odoo.rgbconsulting.com\/es\/#website\",\"url\":\"https:\/\/wpguerssen-test.odoo.rgbconsulting.com\/es\/\",\"name\":\"Guerssen records\",\"description\":\"psychedelia - progressive - folk - garage \",\"publisher\":{\"@id\":\"https:\/\/wpguerssen-test.odoo.rgbconsulting.com\/es\/#organization\"},\"potentialAction\":[{\"@type\":\"SearchAction\",\"target\":{\"@type\":\"EntryPoint\",\"urlTemplate\":\"https:\/\/wpguerssen-test.odoo.rgbconsulting.com\/es\/?s={search_term_string}\"},\"query-input\":{\"@type\":\"PropertyValueSpecification\",\"valueRequired\":true,\"valueName\":\"search_term_string\"}}],\"inLanguage\":\"es\"},{\"@type\":\"Organization\",\"@id\":\"https:\/\/wpguerssen-test.odoo.rgbconsulting.com\/es\/#organization\",\"name\":\"Guerssen records\",\"url\":\"https:\/\/wpguerssen-test.odoo.rgbconsulting.com\/es\/\",\"logo\":{\"@type\":\"ImageObject\",\"inLanguage\":\"es\",\"@id\":\"https:\/\/wpguerssen-test.odoo.rgbconsulting.com\/es\/#\/schema\/logo\/image\/\",\"url\":\"https:\/\/wpguerssen-test.odoo.rgbconsulting.com\/wp-content\/uploads\/2022\/04\/Logo_Guerssen_trans_100.png\",\"contentUrl\":\"https:\/\/wpguerssen-test.odoo.rgbconsulting.com\/wp-content\/uploads\/2022\/04\/Logo_Guerssen_trans_100.png\",\"width\":122,\"height\":100,\"caption\":\"Guerssen records\"},\"image\":{\"@id\":\"https:\/\/wpguerssen-test.odoo.rgbconsulting.com\/es\/#\/schema\/logo\/image\/\"}}]}<\/script>\n<!-- \/ Yoast SEO plugin. -->","yoast_head_json":{"title":"5001 RECORD COLLECTOR DREAMS - 5001 Record Collector Dreams -  (LIBROS) | Guerssen","description":"New and last in the book series that has shown the way to hundreds of collectors around the world. This new one has 144 pages, with 59 pages all about UK collectable items. The book has around 1200 pictures of sleeves of highly collectable albums of psychedelia, progressive, folk, beat and garage from the 60's to early 80's. Like always, first class quality book, in thick carton cover, high quality couche paper, and full colour!!!","robots":{"index":"index","follow":"follow","max-snippet":"max-snippet:-1","max-image-preview":"max-image-preview:large","max-video-preview":"max-video-preview:-1"},"canonical":"https:\/\/wpguerssen-test.odoo.rgbconsulting.com\/es\/producto\/5001-record-collector-dreams\/","og_locale":"es_ES","og_type":"article","og_title":"5001 RECORD COLLECTOR DREAMS - 5001 Record Collector Dreams -  (LIBROS) | Guerssen","og_description":"New and last in the book series that has shown the way to hundreds of collectors around the world. This new one has 144 pages, with 59 pages all about UK collectable items. The book has around 1200 pictures of sleeves of highly collectable albums of psychedelia, progressive, folk, beat and garage from the 60's to early 80's. Like always, first class quality book, in thick carton cover, high quality couche paper, and full colour!!!","og_url":"https:\/\/wpguerssen-test.odoo.rgbconsulting.com\/es\/producto\/5001-record-collector-dreams\/","og_site_name":"Guerssen records","article_modified_time":"2024-10-15T13:30:07+00:00","twitter_card":"summary_large_image","twitter_title":"5001 RECORD COLLECTOR DREAMS - 5001 Record Collector Dreams -  (LIBROS) | Guerssen","schema":{"@context":"https:\/\/schema.org","@graph":[{"@type":"WebPage","@id":"https:\/\/wpguerssen-test.odoo.rgbconsulting.com\/es\/producto\/5001-record-collector-dreams\/","url":"https:\/\/wpguerssen-test.odoo.rgbconsulting.com\/es\/producto\/5001-record-collector-dreams\/","name":"5001 RECORD COLLECTOR DREAMS - 5001 Record Collector Dreams - (LIBROS) | Guerssen","isPartOf":{"@id":"https:\/\/wpguerssen-test.odoo.rgbconsulting.com\/es\/#website"},"primaryImageOfPage":{"@id":"https:\/\/wpguerssen-test.odoo.rgbconsulting.com\/es\/producto\/5001-record-collector-dreams\/#primaryimage"},"image":{"@id":"https:\/\/wpguerssen-test.odoo.rgbconsulting.com\/es\/producto\/5001-record-collector-dreams\/#primaryimage"},"thumbnailUrl":"https:\/\/wpguerssen-test.odoo.rgbconsulting.com\/wp-content\/uploads\/2022\/03\/8365.jpg","datePublished":"2007-02-14T23:00:00+00:00","dateModified":"2024-10-15T13:30:07+00:00","description":"New and last in the book series that has shown the way to hundreds of collectors around the world. This new one has 144 pages, with 59 pages all about UK collectable items. The book has around 1200 pictures of sleeves of highly collectable albums of psychedelia, progressive, folk, beat and garage from the 60's to early 80's. Like always, first class quality book, in thick carton cover, high quality couche paper, and full colour!!!","breadcrumb":{"@id":"https:\/\/wpguerssen-test.odoo.rgbconsulting.com\/es\/producto\/5001-record-collector-dreams\/#breadcrumb"},"inLanguage":"es","potentialAction":[{"@type":"ReadAction","target":["https:\/\/wpguerssen-test.odoo.rgbconsulting.com\/es\/producto\/5001-record-collector-dreams\/"]}]},{"@type":"ImageObject","inLanguage":"es","@id":"https:\/\/wpguerssen-test.odoo.rgbconsulting.com\/es\/producto\/5001-record-collector-dreams\/#primaryimage","url":"https:\/\/wpguerssen-test.odoo.rgbconsulting.com\/wp-content\/uploads\/2022\/03\/8365.jpg","contentUrl":"https:\/\/wpguerssen-test.odoo.rgbconsulting.com\/wp-content\/uploads\/2022\/03\/8365.jpg","width":602,"height":415,"caption":"5001 RECORD COLLECTOR DREAMS - 5001 Record Collector Dreams - . (LIBROS) | Guerssen"},{"@type":"BreadcrumbList","@id":"https:\/\/wpguerssen-test.odoo.rgbconsulting.com\/es\/producto\/5001-record-collector-dreams\/#breadcrumb","itemListElement":[{"@type":"ListItem","position":1,"name":"Inicio","item":"https:\/\/wpguerssen-test.odoo.rgbconsulting.com\/es\/"},{"@type":"ListItem","position":2,"name":"Shop","item":"https:\/\/wpguerssen-test.odoo.rgbconsulting.com\/shop\/"},{"@type":"ListItem","position":3,"name":"5001 Record Collector Dreams"}]},{"@type":"WebSite","@id":"https:\/\/wpguerssen-test.odoo.rgbconsulting.com\/es\/#website","url":"https:\/\/wpguerssen-test.odoo.rgbconsulting.com\/es\/","name":"Guerssen records","description":"psychedelia - progressive - folk - garage ","publisher":{"@id":"https:\/\/wpguerssen-test.odoo.rgbconsulting.com\/es\/#organization"},"potentialAction":[{"@type":"SearchAction","target":{"@type":"EntryPoint","urlTemplate":"https:\/\/wpguerssen-test.odoo.rgbconsulting.com\/es\/?s={search_term_string}"},"query-input":{"@type":"PropertyValueSpecification","valueRequired":true,"valueName":"search_term_string"}}],"inLanguage":"es"},{"@type":"Organization","@id":"https:\/\/wpguerssen-test.odoo.rgbconsulting.com\/es\/#organization","name":"Guerssen records","url":"https:\/\/wpguerssen-test.odoo.rgbconsulting.com\/es\/","logo":{"@type":"ImageObject","inLanguage":"es","@id":"https:\/\/wpguerssen-test.odoo.rgbconsulting.com\/es\/#\/schema\/logo\/image\/","url":"https:\/\/wpguerssen-test.odoo.rgbconsulting.com\/wp-content\/uploads\/2022\/04\/Logo_Guerssen_trans_100.png","contentUrl":"https:\/\/wpguerssen-test.odoo.rgbconsulting.com\/wp-content\/uploads\/2022\/04\/Logo_Guerssen_trans_100.png","width":122,"height":100,"caption":"Guerssen records"},"image":{"@id":"https:\/\/wpguerssen-test.odoo.rgbconsulting.com\/es\/#\/schema\/logo\/image\/"}}]}},"_links":{"self":[{"href":"https:\/\/wpguerssen-test.odoo.rgbconsulting.com\/es\/wp-json\/wp\/v2\/product\/177467","targetHints":{"allow":["GET"]}}],"collection":[{"href":"https:\/\/wpguerssen-test.odoo.rgbconsulting.com\/es\/wp-json\/wp\/v2\/product"}],"about":[{"href":"https:\/\/wpguerssen-test.odoo.rgbconsulting.com\/es\/wp-json\/wp\/v2\/types\/product"}],"wp:featuredmedia":[{"embeddable":true,"href":"https:\/\/wpguerssen-test.odoo.rgbconsulting.com\/es\/wp-json\/wp\/v2\/media\/111165"}],"wp:attachment":[{"href":"https:\/\/wpguerssen-test.odoo.rgbconsulting.com\/es\/wp-json\/wp\/v2\/media?parent=177467"}],"wp:term":[{"taxonomy":"product_brand","embeddable":true,"href":"https:\/\/wpguerssen-test.odoo.rgbconsulting.com\/es\/wp-json\/wp\/v2\/product_brand?post=177467"},{"taxonomy":"product_cat","embeddable":true,"href":"https:\/\/wpguerssen-test.odoo.rgbconsulting.com\/es\/wp-json\/wp\/v2\/product_cat?post=177467"},{"taxonomy":"product_tag","embeddable":true,"href":"https:\/\/wpguerssen-test.odoo.rgbconsulting.com\/es\/wp-json\/wp\/v2\/product_tag?post=177467"}],"curies":[{"name":"wp","href":"https:\/\/api.w.org\/{rel}","templated":true}]}}