{"id":177493,"date":"2007-07-10T00:00:00","date_gmt":"2007-07-09T22:00:00","guid":{"rendered":"http:\/\/guerssen.hl1097.dinaserver.com\/product\/some-songs-stuck-in-my-mind\/"},"modified":"2024-11-25T14:42:20","modified_gmt":"2024-11-25T13:42:20","slug":"some-songs-stuck-in-my-mind","status":"publish","type":"product","link":"https:\/\/wpguerssen-test.odoo.rgbconsulting.com\/es\/producto\/some-songs-stuck-in-my-mind\/","title":{"rendered":"Some songs stuck in my mind"},"content":{"rendered":"<p>Tremenda nueva recopilaci\u00f3n por el mismo sello que nos trajo el \u00abNeurotic Reactions\u00bb.  18 temas sacados de rar\u00edsimos singles de los 60 y 70 por grupos de todo el mundo&#8230;.Brazil fuzz a go-go, freakbeat espa\u00f1ol, mod smashers, psyche-sound franc\u00e9s, euro hard-rock, moody 60&#8217;s USA garage&#8230; un buen n\u00famero de llenapistas y hits de verano y primavera! Recomendad\u00edsimo!<br \/>Recopilado por LEO, este magn\u00edfico CD viene con sonido remasterizado, booklet a color con fotos y notas.<br \/>TRACKLIST:<br \/>SPRINGWELL: It s for you <br \/>MANOLO Y RAMON: Lina<br \/>DON CURTIS: In the corners<br \/>THE COMFORTS: Take one fear at a time <br \/>MICHAEL: Some things just stick in your mind <br \/>T. M. L: Should have done better <br \/>EDUARDO ARAUJO: Salve nossa senhora <br \/>BLUEBEARD: Sly willy <br \/>ANTONIO CARLOS &#038; JOCAFI: Quem vem la <br \/>SERGE ET CHRISTINE: Marilyn <br \/>LA METAMORFOSI: Scussaeh!<br \/>ADRIANO CELENTANO: Er kommt nie wieder <br \/>PUZZLE: Hey medusa<br \/>LITTLE SAMMY GAHA: Heavy head <br \/>FRANCOIS DE LOUVILLE: Hot pot <br \/>THE PLAYBOYS: I&#8217;m the looser <br \/>VINCENT: Freedom&#8217;s coming <br \/>INJUN JOE: Indian priest<\/p>\n","protected":false},"excerpt":{"rendered":"<p>Tremenda nueva recopilaci\u00f3n por el mismo sello que nos trajo el \u00abNeurotic Reactions\u00bb.  18 temas sacados de rar\u00edsimos singles de los 60 y 70 por grupos de todo<a class=\"read\" href=\"https:\/\/wpguerssen-test.odoo.rgbconsulting.com\/es\/producto\/some-songs-stuck-in-my-mind\/\"> (...)<\/a>","protected":false},"featured_media":111233,"template":"","meta":{"_acf_changed":false},"product_brand":[],"product_cat":[21639],"product_tag":[24190],"class_list":{"0":"post-177493","1":"product","2":"type-product","3":"status-publish","4":"has-post-thumbnail","6":"product_cat-psychedelic60s-70s-es","7":"product_tag-sales-es","8":"pa_artist-various-artists-es","9":"pa_format-cd-2-es","10":"pa_gender-psychedelic60s-70s","11":"pa_label-crazy-apple-boutique","12":"pa_location-europe-es","14":"first","15":"instock","16":"taxable","17":"shipping-taxable","18":"purchasable","19":"product-type-simple"},"acf":[],"yoast_head":"<!-- This site is optimized with the Yoast SEO plugin v24.9 - https:\/\/yoast.com\/wordpress\/plugins\/seo\/ -->\n<title>VARIOUS ARTISTS - Some songs stuck in my mind -  (CD) | Guerssen<\/title>\n<meta name=\"description\" content=\"Fantastic new compilation on the same label who released the great Neurotic Reactions comp last year, Some Songs Stuck In My Mind features 18 rare tracks taken from obscure 45s by worldwide bands from the 60s &amp; 70s that will satisfy the most hardcore crate-diggers, compiled for the first time.Brazilian fuzzed-out insanity, psychedelic grooves, Spanish freakbeat, Mod dancefloor smashers, French psyche-sound, Italian groove-a-delic, moody USA garage, euro hard-rock funkiness, raw garage-psych...it&#039;s all here! Listen to the frantic cover of It s for you by The Beatles from Canadian band Springwell, Italian star Celentano offering an ultra-groovy dancefloor bomb, Swedish singer Michael with a killer garage cover of Some things just stick in your mind , originally recorded by Vasthi Bunyan, moody USA garage by The Comforts, fantastic garage-psych by Puzzle, T.M.L and Don Curtis; tremendous Brazilian psych by Eduardo Araujo and Antonio Carlos &amp; Jocafi; hard psychedelic grooves by Vincent, Bluebeard&amp;mod freakbeat smashers by Manolo y Ramon, The Playboys&amp;and more!As usual, CD features colour booklet with info and pictures and professional remastered sound. #nl# TRACKLIST:SPRINGWELL: It s for you MANOLO Y RAMON: LinaDON CURTIS: In the corners THE COMFORTS: Take one fear at a time MICHAEL: Some things just stick in your mind T. M. L: Should have done better EDUARDO ARAUJO: Salve nossa senhora BLUEBEARD: Sly willy ANTONIO CARLOS &amp; JOCAFI: Quem vem la SERGE ET CHRISTINE: Marilyn LA METAMORFOSI: Scussaeh!ADRIANO CELENTANO: Er kommt nie wieder PUZZLE: Hey medusaLITTLE SAMMY GAHA: Heavy head FRANCOIS DE LOUVILLE: Hot pot THE PLAYBOYS: I&#039;m the looser VINCENT: Freedom&#039;s coming INJUN JOE: Indian priest\" \/>\n<meta name=\"robots\" content=\"index, follow, max-snippet:-1, max-image-preview:large, max-video-preview:-1\" \/>\n<link rel=\"canonical\" href=\"https:\/\/wpguerssen-test.odoo.rgbconsulting.com\/es\/producto\/some-songs-stuck-in-my-mind\/\" \/>\n<meta property=\"og:locale\" content=\"es_ES\" \/>\n<meta property=\"og:type\" content=\"article\" \/>\n<meta property=\"og:title\" content=\"VARIOUS ARTISTS - Some songs stuck in my mind -  (CD) | Guerssen\" \/>\n<meta property=\"og:description\" content=\"Fantastic new compilation on the same label who released the great Neurotic Reactions comp last year, Some Songs Stuck In My Mind features 18 rare tracks taken from obscure 45s by worldwide bands from the 60s &amp; 70s that will satisfy the most hardcore crate-diggers, compiled for the first time.Brazilian fuzzed-out insanity, psychedelic grooves, Spanish freakbeat, Mod dancefloor smashers, French psyche-sound, Italian groove-a-delic, moody USA garage, euro hard-rock funkiness, raw garage-psych...it&#039;s all here! Listen to the frantic cover of It s for you by The Beatles from Canadian band Springwell, Italian star Celentano offering an ultra-groovy dancefloor bomb, Swedish singer Michael with a killer garage cover of Some things just stick in your mind , originally recorded by Vasthi Bunyan, moody USA garage by The Comforts, fantastic garage-psych by Puzzle, T.M.L and Don Curtis; tremendous Brazilian psych by Eduardo Araujo and Antonio Carlos &amp; Jocafi; hard psychedelic grooves by Vincent, Bluebeard&amp;mod freakbeat smashers by Manolo y Ramon, The Playboys&amp;and more!As usual, CD features colour booklet with info and pictures and professional remastered sound. #nl# TRACKLIST:SPRINGWELL: It s for you MANOLO Y RAMON: LinaDON CURTIS: In the corners THE COMFORTS: Take one fear at a time MICHAEL: Some things just stick in your mind T. M. L: Should have done better EDUARDO ARAUJO: Salve nossa senhora BLUEBEARD: Sly willy ANTONIO CARLOS &amp; JOCAFI: Quem vem la SERGE ET CHRISTINE: Marilyn LA METAMORFOSI: Scussaeh!ADRIANO CELENTANO: Er kommt nie wieder PUZZLE: Hey medusaLITTLE SAMMY GAHA: Heavy head FRANCOIS DE LOUVILLE: Hot pot THE PLAYBOYS: I&#039;m the looser VINCENT: Freedom&#039;s coming INJUN JOE: Indian priest\" \/>\n<meta property=\"og:url\" content=\"https:\/\/wpguerssen-test.odoo.rgbconsulting.com\/es\/producto\/some-songs-stuck-in-my-mind\/\" \/>\n<meta property=\"og:site_name\" content=\"Guerssen records\" \/>\n<meta property=\"article:modified_time\" content=\"2024-11-25T13:42:20+00:00\" \/>\n<meta property=\"og:image\" content=\"https:\/\/wpguerssen-test.odoo.rgbconsulting.com\/wp-content\/uploads\/2022\/03\/8651.jpg\" \/>\n\t<meta property=\"og:image:width\" content=\"600\" \/>\n\t<meta property=\"og:image:height\" content=\"600\" \/>\n\t<meta property=\"og:image:type\" content=\"image\/jpeg\" \/>\n<meta name=\"twitter:card\" content=\"summary_large_image\" \/>\n<meta name=\"twitter:title\" content=\"VARIOUS ARTISTS - Some songs stuck in my mind -  (CD) | Guerssen\" \/>\n<meta name=\"twitter:label1\" content=\"Tiempo de lectura\" \/>\n\t<meta name=\"twitter:data1\" content=\"1 minuto\" \/>\n<script type=\"application\/ld+json\" class=\"yoast-schema-graph\">{\"@context\":\"https:\/\/schema.org\",\"@graph\":[{\"@type\":\"WebPage\",\"@id\":\"https:\/\/wpguerssen-test.odoo.rgbconsulting.com\/es\/producto\/some-songs-stuck-in-my-mind\/\",\"url\":\"https:\/\/wpguerssen-test.odoo.rgbconsulting.com\/es\/producto\/some-songs-stuck-in-my-mind\/\",\"name\":\"VARIOUS ARTISTS - Some songs stuck in my mind - (CD) | Guerssen\",\"isPartOf\":{\"@id\":\"https:\/\/wpguerssen-test.odoo.rgbconsulting.com\/es\/#website\"},\"primaryImageOfPage\":{\"@id\":\"https:\/\/wpguerssen-test.odoo.rgbconsulting.com\/es\/producto\/some-songs-stuck-in-my-mind\/#primaryimage\"},\"image\":{\"@id\":\"https:\/\/wpguerssen-test.odoo.rgbconsulting.com\/es\/producto\/some-songs-stuck-in-my-mind\/#primaryimage\"},\"thumbnailUrl\":\"https:\/\/wpguerssen-test.odoo.rgbconsulting.com\/wp-content\/uploads\/2022\/03\/8651.jpg\",\"datePublished\":\"2007-07-09T22:00:00+00:00\",\"dateModified\":\"2024-11-25T13:42:20+00:00\",\"description\":\"Fantastic new compilation on the same label who released the great Neurotic Reactions comp last year, Some Songs Stuck In My Mind features 18 rare tracks taken from obscure 45s by worldwide bands from the 60s & 70s that will satisfy the most hardcore crate-diggers, compiled for the first time.Brazilian fuzzed-out insanity, psychedelic grooves, Spanish freakbeat, Mod dancefloor smashers, French psyche-sound, Italian groove-a-delic, moody USA garage, euro hard-rock funkiness, raw garage-psych...it's all here! Listen to the frantic cover of It s for you by The Beatles from Canadian band Springwell, Italian star Celentano offering an ultra-groovy dancefloor bomb, Swedish singer Michael with a killer garage cover of Some things just stick in your mind , originally recorded by Vasthi Bunyan, moody USA garage by The Comforts, fantastic garage-psych by Puzzle, T.M.L and Don Curtis; tremendous Brazilian psych by Eduardo Araujo and Antonio Carlos & Jocafi; hard psychedelic grooves by Vincent, Bluebeard&mod freakbeat smashers by Manolo y Ramon, The Playboys&and more!As usual, CD features colour booklet with info and pictures and professional remastered sound. #nl# TRACKLIST:SPRINGWELL: It s for you MANOLO Y RAMON: LinaDON CURTIS: In the corners THE COMFORTS: Take one fear at a time MICHAEL: Some things just stick in your mind T. M. L: Should have done better EDUARDO ARAUJO: Salve nossa senhora BLUEBEARD: Sly willy ANTONIO CARLOS & JOCAFI: Quem vem la SERGE ET CHRISTINE: Marilyn LA METAMORFOSI: Scussaeh!ADRIANO CELENTANO: Er kommt nie wieder PUZZLE: Hey medusaLITTLE SAMMY GAHA: Heavy head FRANCOIS DE LOUVILLE: Hot pot THE PLAYBOYS: I'm the looser VINCENT: Freedom's coming INJUN JOE: Indian priest\",\"breadcrumb\":{\"@id\":\"https:\/\/wpguerssen-test.odoo.rgbconsulting.com\/es\/producto\/some-songs-stuck-in-my-mind\/#breadcrumb\"},\"inLanguage\":\"es\",\"potentialAction\":[{\"@type\":\"ReadAction\",\"target\":[\"https:\/\/wpguerssen-test.odoo.rgbconsulting.com\/es\/producto\/some-songs-stuck-in-my-mind\/\"]}]},{\"@type\":\"ImageObject\",\"inLanguage\":\"es\",\"@id\":\"https:\/\/wpguerssen-test.odoo.rgbconsulting.com\/es\/producto\/some-songs-stuck-in-my-mind\/#primaryimage\",\"url\":\"https:\/\/wpguerssen-test.odoo.rgbconsulting.com\/wp-content\/uploads\/2022\/03\/8651.jpg\",\"contentUrl\":\"https:\/\/wpguerssen-test.odoo.rgbconsulting.com\/wp-content\/uploads\/2022\/03\/8651.jpg\",\"width\":600,\"height\":600,\"caption\":\"VARIOUS ARTISTS - Some songs stuck in my mind - CRAZY APPLE BOUTIQUE (CD) | Guerssen\"},{\"@type\":\"BreadcrumbList\",\"@id\":\"https:\/\/wpguerssen-test.odoo.rgbconsulting.com\/es\/producto\/some-songs-stuck-in-my-mind\/#breadcrumb\",\"itemListElement\":[{\"@type\":\"ListItem\",\"position\":1,\"name\":\"Inicio\",\"item\":\"https:\/\/wpguerssen-test.odoo.rgbconsulting.com\/es\/\"},{\"@type\":\"ListItem\",\"position\":2,\"name\":\"Shop\",\"item\":\"https:\/\/wpguerssen-test.odoo.rgbconsulting.com\/shop\/\"},{\"@type\":\"ListItem\",\"position\":3,\"name\":\"Some songs stuck in my mind\"}]},{\"@type\":\"WebSite\",\"@id\":\"https:\/\/wpguerssen-test.odoo.rgbconsulting.com\/es\/#website\",\"url\":\"https:\/\/wpguerssen-test.odoo.rgbconsulting.com\/es\/\",\"name\":\"Guerssen records\",\"description\":\"psychedelia - progressive - folk - garage \",\"publisher\":{\"@id\":\"https:\/\/wpguerssen-test.odoo.rgbconsulting.com\/es\/#organization\"},\"potentialAction\":[{\"@type\":\"SearchAction\",\"target\":{\"@type\":\"EntryPoint\",\"urlTemplate\":\"https:\/\/wpguerssen-test.odoo.rgbconsulting.com\/es\/?s={search_term_string}\"},\"query-input\":{\"@type\":\"PropertyValueSpecification\",\"valueRequired\":true,\"valueName\":\"search_term_string\"}}],\"inLanguage\":\"es\"},{\"@type\":\"Organization\",\"@id\":\"https:\/\/wpguerssen-test.odoo.rgbconsulting.com\/es\/#organization\",\"name\":\"Guerssen records\",\"url\":\"https:\/\/wpguerssen-test.odoo.rgbconsulting.com\/es\/\",\"logo\":{\"@type\":\"ImageObject\",\"inLanguage\":\"es\",\"@id\":\"https:\/\/wpguerssen-test.odoo.rgbconsulting.com\/es\/#\/schema\/logo\/image\/\",\"url\":\"https:\/\/wpguerssen-test.odoo.rgbconsulting.com\/wp-content\/uploads\/2022\/04\/Logo_Guerssen_trans_100.png\",\"contentUrl\":\"https:\/\/wpguerssen-test.odoo.rgbconsulting.com\/wp-content\/uploads\/2022\/04\/Logo_Guerssen_trans_100.png\",\"width\":122,\"height\":100,\"caption\":\"Guerssen records\"},\"image\":{\"@id\":\"https:\/\/wpguerssen-test.odoo.rgbconsulting.com\/es\/#\/schema\/logo\/image\/\"}}]}<\/script>\n<!-- \/ Yoast SEO plugin. -->","yoast_head_json":{"title":"VARIOUS ARTISTS - Some songs stuck in my mind -  (CD) | Guerssen","description":"Fantastic new compilation on the same label who released the great Neurotic Reactions comp last year, Some Songs Stuck In My Mind features 18 rare tracks taken from obscure 45s by worldwide bands from the 60s & 70s that will satisfy the most hardcore crate-diggers, compiled for the first time.Brazilian fuzzed-out insanity, psychedelic grooves, Spanish freakbeat, Mod dancefloor smashers, French psyche-sound, Italian groove-a-delic, moody USA garage, euro hard-rock funkiness, raw garage-psych...it's all here! Listen to the frantic cover of It s for you by The Beatles from Canadian band Springwell, Italian star Celentano offering an ultra-groovy dancefloor bomb, Swedish singer Michael with a killer garage cover of Some things just stick in your mind , originally recorded by Vasthi Bunyan, moody USA garage by The Comforts, fantastic garage-psych by Puzzle, T.M.L and Don Curtis; tremendous Brazilian psych by Eduardo Araujo and Antonio Carlos & Jocafi; hard psychedelic grooves by Vincent, Bluebeard&mod freakbeat smashers by Manolo y Ramon, The Playboys&and more!As usual, CD features colour booklet with info and pictures and professional remastered sound. #nl# TRACKLIST:SPRINGWELL: It s for you MANOLO Y RAMON: LinaDON CURTIS: In the corners THE COMFORTS: Take one fear at a time MICHAEL: Some things just stick in your mind T. M. L: Should have done better EDUARDO ARAUJO: Salve nossa senhora BLUEBEARD: Sly willy ANTONIO CARLOS & JOCAFI: Quem vem la SERGE ET CHRISTINE: Marilyn LA METAMORFOSI: Scussaeh!ADRIANO CELENTANO: Er kommt nie wieder PUZZLE: Hey medusaLITTLE SAMMY GAHA: Heavy head FRANCOIS DE LOUVILLE: Hot pot THE PLAYBOYS: I'm the looser VINCENT: Freedom's coming INJUN JOE: Indian priest","robots":{"index":"index","follow":"follow","max-snippet":"max-snippet:-1","max-image-preview":"max-image-preview:large","max-video-preview":"max-video-preview:-1"},"canonical":"https:\/\/wpguerssen-test.odoo.rgbconsulting.com\/es\/producto\/some-songs-stuck-in-my-mind\/","og_locale":"es_ES","og_type":"article","og_title":"VARIOUS ARTISTS - Some songs stuck in my mind -  (CD) | Guerssen","og_description":"Fantastic new compilation on the same label who released the great Neurotic Reactions comp last year, Some Songs Stuck In My Mind features 18 rare tracks taken from obscure 45s by worldwide bands from the 60s & 70s that will satisfy the most hardcore crate-diggers, compiled for the first time.Brazilian fuzzed-out insanity, psychedelic grooves, Spanish freakbeat, Mod dancefloor smashers, French psyche-sound, Italian groove-a-delic, moody USA garage, euro hard-rock funkiness, raw garage-psych...it's all here! Listen to the frantic cover of It s for you by The Beatles from Canadian band Springwell, Italian star Celentano offering an ultra-groovy dancefloor bomb, Swedish singer Michael with a killer garage cover of Some things just stick in your mind , originally recorded by Vasthi Bunyan, moody USA garage by The Comforts, fantastic garage-psych by Puzzle, T.M.L and Don Curtis; tremendous Brazilian psych by Eduardo Araujo and Antonio Carlos & Jocafi; hard psychedelic grooves by Vincent, Bluebeard&mod freakbeat smashers by Manolo y Ramon, The Playboys&and more!As usual, CD features colour booklet with info and pictures and professional remastered sound. #nl# TRACKLIST:SPRINGWELL: It s for you MANOLO Y RAMON: LinaDON CURTIS: In the corners THE COMFORTS: Take one fear at a time MICHAEL: Some things just stick in your mind T. M. L: Should have done better EDUARDO ARAUJO: Salve nossa senhora BLUEBEARD: Sly willy ANTONIO CARLOS & JOCAFI: Quem vem la SERGE ET CHRISTINE: Marilyn LA METAMORFOSI: Scussaeh!ADRIANO CELENTANO: Er kommt nie wieder PUZZLE: Hey medusaLITTLE SAMMY GAHA: Heavy head FRANCOIS DE LOUVILLE: Hot pot THE PLAYBOYS: I'm the looser VINCENT: Freedom's coming INJUN JOE: Indian priest","og_url":"https:\/\/wpguerssen-test.odoo.rgbconsulting.com\/es\/producto\/some-songs-stuck-in-my-mind\/","og_site_name":"Guerssen records","article_modified_time":"2024-11-25T13:42:20+00:00","og_image":[{"width":600,"height":600,"url":"https:\/\/wpguerssen-test.odoo.rgbconsulting.com\/wp-content\/uploads\/2022\/03\/8651.jpg","type":"image\/jpeg"}],"twitter_card":"summary_large_image","twitter_title":"VARIOUS ARTISTS - Some songs stuck in my mind -  (CD) | Guerssen","twitter_misc":{"Tiempo de lectura":"1 minuto"},"schema":{"@context":"https:\/\/schema.org","@graph":[{"@type":"WebPage","@id":"https:\/\/wpguerssen-test.odoo.rgbconsulting.com\/es\/producto\/some-songs-stuck-in-my-mind\/","url":"https:\/\/wpguerssen-test.odoo.rgbconsulting.com\/es\/producto\/some-songs-stuck-in-my-mind\/","name":"VARIOUS ARTISTS - Some songs stuck in my mind - (CD) | Guerssen","isPartOf":{"@id":"https:\/\/wpguerssen-test.odoo.rgbconsulting.com\/es\/#website"},"primaryImageOfPage":{"@id":"https:\/\/wpguerssen-test.odoo.rgbconsulting.com\/es\/producto\/some-songs-stuck-in-my-mind\/#primaryimage"},"image":{"@id":"https:\/\/wpguerssen-test.odoo.rgbconsulting.com\/es\/producto\/some-songs-stuck-in-my-mind\/#primaryimage"},"thumbnailUrl":"https:\/\/wpguerssen-test.odoo.rgbconsulting.com\/wp-content\/uploads\/2022\/03\/8651.jpg","datePublished":"2007-07-09T22:00:00+00:00","dateModified":"2024-11-25T13:42:20+00:00","description":"Fantastic new compilation on the same label who released the great Neurotic Reactions comp last year, Some Songs Stuck In My Mind features 18 rare tracks taken from obscure 45s by worldwide bands from the 60s & 70s that will satisfy the most hardcore crate-diggers, compiled for the first time.Brazilian fuzzed-out insanity, psychedelic grooves, Spanish freakbeat, Mod dancefloor smashers, French psyche-sound, Italian groove-a-delic, moody USA garage, euro hard-rock funkiness, raw garage-psych...it's all here! Listen to the frantic cover of It s for you by The Beatles from Canadian band Springwell, Italian star Celentano offering an ultra-groovy dancefloor bomb, Swedish singer Michael with a killer garage cover of Some things just stick in your mind , originally recorded by Vasthi Bunyan, moody USA garage by The Comforts, fantastic garage-psych by Puzzle, T.M.L and Don Curtis; tremendous Brazilian psych by Eduardo Araujo and Antonio Carlos & Jocafi; hard psychedelic grooves by Vincent, Bluebeard&mod freakbeat smashers by Manolo y Ramon, The Playboys&and more!As usual, CD features colour booklet with info and pictures and professional remastered sound. #nl# TRACKLIST:SPRINGWELL: It s for you MANOLO Y RAMON: LinaDON CURTIS: In the corners THE COMFORTS: Take one fear at a time MICHAEL: Some things just stick in your mind T. M. L: Should have done better EDUARDO ARAUJO: Salve nossa senhora BLUEBEARD: Sly willy ANTONIO CARLOS & JOCAFI: Quem vem la SERGE ET CHRISTINE: Marilyn LA METAMORFOSI: Scussaeh!ADRIANO CELENTANO: Er kommt nie wieder PUZZLE: Hey medusaLITTLE SAMMY GAHA: Heavy head FRANCOIS DE LOUVILLE: Hot pot THE PLAYBOYS: I'm the looser VINCENT: Freedom's coming INJUN JOE: Indian priest","breadcrumb":{"@id":"https:\/\/wpguerssen-test.odoo.rgbconsulting.com\/es\/producto\/some-songs-stuck-in-my-mind\/#breadcrumb"},"inLanguage":"es","potentialAction":[{"@type":"ReadAction","target":["https:\/\/wpguerssen-test.odoo.rgbconsulting.com\/es\/producto\/some-songs-stuck-in-my-mind\/"]}]},{"@type":"ImageObject","inLanguage":"es","@id":"https:\/\/wpguerssen-test.odoo.rgbconsulting.com\/es\/producto\/some-songs-stuck-in-my-mind\/#primaryimage","url":"https:\/\/wpguerssen-test.odoo.rgbconsulting.com\/wp-content\/uploads\/2022\/03\/8651.jpg","contentUrl":"https:\/\/wpguerssen-test.odoo.rgbconsulting.com\/wp-content\/uploads\/2022\/03\/8651.jpg","width":600,"height":600,"caption":"VARIOUS ARTISTS - Some songs stuck in my mind - CRAZY APPLE BOUTIQUE (CD) | Guerssen"},{"@type":"BreadcrumbList","@id":"https:\/\/wpguerssen-test.odoo.rgbconsulting.com\/es\/producto\/some-songs-stuck-in-my-mind\/#breadcrumb","itemListElement":[{"@type":"ListItem","position":1,"name":"Inicio","item":"https:\/\/wpguerssen-test.odoo.rgbconsulting.com\/es\/"},{"@type":"ListItem","position":2,"name":"Shop","item":"https:\/\/wpguerssen-test.odoo.rgbconsulting.com\/shop\/"},{"@type":"ListItem","position":3,"name":"Some songs stuck in my mind"}]},{"@type":"WebSite","@id":"https:\/\/wpguerssen-test.odoo.rgbconsulting.com\/es\/#website","url":"https:\/\/wpguerssen-test.odoo.rgbconsulting.com\/es\/","name":"Guerssen records","description":"psychedelia - progressive - folk - garage ","publisher":{"@id":"https:\/\/wpguerssen-test.odoo.rgbconsulting.com\/es\/#organization"},"potentialAction":[{"@type":"SearchAction","target":{"@type":"EntryPoint","urlTemplate":"https:\/\/wpguerssen-test.odoo.rgbconsulting.com\/es\/?s={search_term_string}"},"query-input":{"@type":"PropertyValueSpecification","valueRequired":true,"valueName":"search_term_string"}}],"inLanguage":"es"},{"@type":"Organization","@id":"https:\/\/wpguerssen-test.odoo.rgbconsulting.com\/es\/#organization","name":"Guerssen records","url":"https:\/\/wpguerssen-test.odoo.rgbconsulting.com\/es\/","logo":{"@type":"ImageObject","inLanguage":"es","@id":"https:\/\/wpguerssen-test.odoo.rgbconsulting.com\/es\/#\/schema\/logo\/image\/","url":"https:\/\/wpguerssen-test.odoo.rgbconsulting.com\/wp-content\/uploads\/2022\/04\/Logo_Guerssen_trans_100.png","contentUrl":"https:\/\/wpguerssen-test.odoo.rgbconsulting.com\/wp-content\/uploads\/2022\/04\/Logo_Guerssen_trans_100.png","width":122,"height":100,"caption":"Guerssen records"},"image":{"@id":"https:\/\/wpguerssen-test.odoo.rgbconsulting.com\/es\/#\/schema\/logo\/image\/"}}]}},"_links":{"self":[{"href":"https:\/\/wpguerssen-test.odoo.rgbconsulting.com\/es\/wp-json\/wp\/v2\/product\/177493","targetHints":{"allow":["GET"]}}],"collection":[{"href":"https:\/\/wpguerssen-test.odoo.rgbconsulting.com\/es\/wp-json\/wp\/v2\/product"}],"about":[{"href":"https:\/\/wpguerssen-test.odoo.rgbconsulting.com\/es\/wp-json\/wp\/v2\/types\/product"}],"wp:featuredmedia":[{"embeddable":true,"href":"https:\/\/wpguerssen-test.odoo.rgbconsulting.com\/es\/wp-json\/wp\/v2\/media\/111233"}],"wp:attachment":[{"href":"https:\/\/wpguerssen-test.odoo.rgbconsulting.com\/es\/wp-json\/wp\/v2\/media?parent=177493"}],"wp:term":[{"taxonomy":"product_brand","embeddable":true,"href":"https:\/\/wpguerssen-test.odoo.rgbconsulting.com\/es\/wp-json\/wp\/v2\/product_brand?post=177493"},{"taxonomy":"product_cat","embeddable":true,"href":"https:\/\/wpguerssen-test.odoo.rgbconsulting.com\/es\/wp-json\/wp\/v2\/product_cat?post=177493"},{"taxonomy":"product_tag","embeddable":true,"href":"https:\/\/wpguerssen-test.odoo.rgbconsulting.com\/es\/wp-json\/wp\/v2\/product_tag?post=177493"}],"curies":[{"name":"wp","href":"https:\/\/api.w.org\/{rel}","templated":true}]}}