{"id":177523,"date":"2007-11-05T00:00:00","date_gmt":"2007-11-04T23:00:00","guid":{"rendered":"http:\/\/guerssen.hl1097.dinaserver.com\/product\/intencion-cd\/"},"modified":"2024-02-15T17:18:58","modified_gmt":"2024-02-15T16:18:58","slug":"intencion-cd","status":"publish","type":"product","link":"https:\/\/wpguerssen-test.odoo.rgbconsulting.com\/es\/producto\/intencion-cd\/","title":{"rendered":"Intenci\u00f3n (CD)"},"content":{"rendered":"<p>INTENCI\u00d3N, el fant\u00e1stico segundo LP grabado por Atila nunca ha alcanzado las sumas que se pagan por su predecesor EL PRINCIPIO DEL FIN, pero raramente se ve por debajo de los 400 euros y para muchos es mejor que su primer LP. A la hora de realizar esta grabaci\u00f3n el grupo dispuso de mejores medios, tanto a nivel de producci\u00f3n de sonido como a la hora de enfundar el disco en una preciosa portada doble a todo color que la reedici\u00f3n de Wah Wah reproducir\u00e1 a la perfecci\u00f3n y mejora con la inclusi\u00f3n de un libreto de 16 p\u00e1ginas lleno de informaci\u00f3n de la banda.<br \/>Originalmente editado en 1976 en el sello BASF, INTENCI\u00d3N ofrece m\u00e1s desarollos progresivos conducidos por la fabulosa guitarra de Eduardo Niebla, el \u00f3rgano y Moog de Benet Nogu\u00e9 y la bater\u00eda de Joan Punyet, con algunos pasajes a los que a\u00f1aden coros vocales, y d\u00e1ndole a la mezcla un toque sinf\u00f3nico. La cara A presenta tres nuevas composiciones de la banda, mientras en la B una nueva versi\u00f3n del tema estrella del grupo, EL PRINCIPIO DEL FIN, hace las delicias de propios y extra\u00f1os con un sonido mejorado respecto a la versi\u00f3n de su \u00e1lbum de debut.<br \/>La presente edici\u00f3n en CD a\u00f1ade alos temas del LP original un bonus track grabado en 1999, a\u00f1o en el que la banda -a\u00fan en activo actualmente- decidi\u00f3 reunirse por primera vez desde su separaci\u00f3n a finales de los setenta.<br \/>La edici\u00f3n de Wah Wah ofrece sonido remasterizado  por el mago del sonido Denis Blackham @ SkyeMastering, a partir de las cintas m\u00e1ster originales.<\/p>\n","protected":false},"excerpt":{"rendered":"<p>INTENCI\u00d3N, el fant\u00e1stico segundo LP grabado por Atila nunca ha alcanzado las sumas que se pagan por su predecesor EL PRINCIPIO DEL FIN, pero raramente se ve por<a class=\"read\" href=\"https:\/\/wpguerssen-test.odoo.rgbconsulting.com\/es\/producto\/intencion-cd\/\"> (...)<\/a>","protected":false},"featured_media":111318,"template":"","meta":{"_acf_changed":false},"product_brand":[],"product_cat":[21639,23215],"product_tag":[],"class_list":{"0":"post-177523","1":"product","2":"type-product","3":"status-publish","4":"has-post-thumbnail","6":"product_cat-psychedelic60s-70s-es","7":"product_cat-progressive60s-70s-es","8":"pa_artist-atila-es","9":"pa_format-cd-2-es","10":"pa_gender-psychedelic60s-70s-progressive60s-70s","11":"pa_label-wah-wah-es-2","12":"pa_location-spain-es","14":"first","15":"instock","16":"taxable","17":"shipping-taxable","18":"purchasable","19":"product-type-simple"},"acf":[],"yoast_head":"<!-- This site is optimized with the Yoast SEO plugin v24.9 - https:\/\/yoast.com\/wordpress\/plugins\/seo\/ -->\n<title>ATILA - Intenci\u00f3n (CD) -  (CD) | Guerssen<\/title>\n<meta name=\"description\" content=\"Hey, here&#039;s some great news : we have reached an agreement for the reissue in CD format of the glorious second LP by this killer Spanish hard prog psychedelic band !!! INTENCI\u00d3N, the sensational second LP recorded by Atila, has never fetched the high amounts their debut album THE BEGINNING OF THE END (Wah Wah LPS022) does exchange hands for in the collectors&#039; market, but it is still a mega rare LP hardly seen below the 400 euros tag, and is considered by many to be better than their previous output.At the time of recording this album, the band was already considered one of the top stage acts from Spain, which led to their signing for the BASF label, where they were had access to a better production, which not only resulted in a better sound but also in a much more visually attractive full colour gatefold sleeve, which the Wah Wah reissue will reproduce to perfection and outgrade to a gorgeous 16 page booklet full of info on the band.Originally issued in 1976, INTENCI\u00d3N is the perfect follow-up to THE BEGINNING OF THE END, with Atila offering further pieces led by the strong guitar licks of Eduardo Niebla, Benet Nogu\u00e9&#039;s organ &amp; Moog, and Joan Punyet&#039;s drums melting in top progressive freakouts, plus the addition of wordless vocal parts and even some catalan sung parts, besides adding a symphonic edge to the general sound. Side A offers three killer tracks in that vein, while B side is a new recording of the bands&#039; signature theme EL PRINCIPIO DEL FIN, with updated overtones, Moog passages and a much better recorded sound than the one appearing on their debut LP.In addition to the original &quot;Intenci\u00f3n&quot; LP this CD edition will feature one bonus track recorded back in 1999, the year of the band&#039;s first come back after they disbanded in the late seventies.The Wah Wah release comes with remastered sound worked from the original master tapes, as usual marvelously treated by sound wizard Denis Blackham @ SkyMastering.\" \/>\n<meta name=\"robots\" content=\"index, follow, max-snippet:-1, max-image-preview:large, max-video-preview:-1\" \/>\n<link rel=\"canonical\" href=\"https:\/\/wpguerssen-test.odoo.rgbconsulting.com\/es\/producto\/intencion-cd\/\" \/>\n<meta property=\"og:locale\" content=\"es_ES\" \/>\n<meta property=\"og:type\" content=\"article\" \/>\n<meta property=\"og:title\" content=\"ATILA - Intenci\u00f3n (CD) -  (CD) | Guerssen\" \/>\n<meta property=\"og:description\" content=\"Hey, here&#039;s some great news : we have reached an agreement for the reissue in CD format of the glorious second LP by this killer Spanish hard prog psychedelic band !!! INTENCI\u00d3N, the sensational second LP recorded by Atila, has never fetched the high amounts their debut album THE BEGINNING OF THE END (Wah Wah LPS022) does exchange hands for in the collectors&#039; market, but it is still a mega rare LP hardly seen below the 400 euros tag, and is considered by many to be better than their previous output.At the time of recording this album, the band was already considered one of the top stage acts from Spain, which led to their signing for the BASF label, where they were had access to a better production, which not only resulted in a better sound but also in a much more visually attractive full colour gatefold sleeve, which the Wah Wah reissue will reproduce to perfection and outgrade to a gorgeous 16 page booklet full of info on the band.Originally issued in 1976, INTENCI\u00d3N is the perfect follow-up to THE BEGINNING OF THE END, with Atila offering further pieces led by the strong guitar licks of Eduardo Niebla, Benet Nogu\u00e9&#039;s organ &amp; Moog, and Joan Punyet&#039;s drums melting in top progressive freakouts, plus the addition of wordless vocal parts and even some catalan sung parts, besides adding a symphonic edge to the general sound. Side A offers three killer tracks in that vein, while B side is a new recording of the bands&#039; signature theme EL PRINCIPIO DEL FIN, with updated overtones, Moog passages and a much better recorded sound than the one appearing on their debut LP.In addition to the original &quot;Intenci\u00f3n&quot; LP this CD edition will feature one bonus track recorded back in 1999, the year of the band&#039;s first come back after they disbanded in the late seventies.The Wah Wah release comes with remastered sound worked from the original master tapes, as usual marvelously treated by sound wizard Denis Blackham @ SkyMastering.\" \/>\n<meta property=\"og:url\" content=\"https:\/\/wpguerssen-test.odoo.rgbconsulting.com\/es\/producto\/intencion-cd\/\" \/>\n<meta property=\"og:site_name\" content=\"Guerssen records\" \/>\n<meta property=\"article:modified_time\" content=\"2024-02-15T16:18:58+00:00\" \/>\n<meta name=\"twitter:card\" content=\"summary_large_image\" \/>\n<meta name=\"twitter:title\" content=\"ATILA - Intenci\u00f3n (CD) -  (CD) | Guerssen\" \/>\n<meta name=\"twitter:label1\" content=\"Tiempo de lectura\" \/>\n\t<meta name=\"twitter:data1\" content=\"1 minuto\" \/>\n<script type=\"application\/ld+json\" class=\"yoast-schema-graph\">{\"@context\":\"https:\/\/schema.org\",\"@graph\":[{\"@type\":\"WebPage\",\"@id\":\"https:\/\/wpguerssen-test.odoo.rgbconsulting.com\/es\/producto\/intencion-cd\/\",\"url\":\"https:\/\/wpguerssen-test.odoo.rgbconsulting.com\/es\/producto\/intencion-cd\/\",\"name\":\"ATILA - Intenci\u00f3n (CD) - (CD) | Guerssen\",\"isPartOf\":{\"@id\":\"https:\/\/wpguerssen-test.odoo.rgbconsulting.com\/es\/#website\"},\"primaryImageOfPage\":{\"@id\":\"https:\/\/wpguerssen-test.odoo.rgbconsulting.com\/es\/producto\/intencion-cd\/#primaryimage\"},\"image\":{\"@id\":\"https:\/\/wpguerssen-test.odoo.rgbconsulting.com\/es\/producto\/intencion-cd\/#primaryimage\"},\"thumbnailUrl\":\"https:\/\/wpguerssen-test.odoo.rgbconsulting.com\/wp-content\/uploads\/2022\/03\/8901.jpg\",\"datePublished\":\"2007-11-04T23:00:00+00:00\",\"dateModified\":\"2024-02-15T16:18:58+00:00\",\"description\":\"Hey, here's some great news : we have reached an agreement for the reissue in CD format of the glorious second LP by this killer Spanish hard prog psychedelic band !!! INTENCI\u00d3N, the sensational second LP recorded by Atila, has never fetched the high amounts their debut album THE BEGINNING OF THE END (Wah Wah LPS022) does exchange hands for in the collectors' market, but it is still a mega rare LP hardly seen below the 400 euros tag, and is considered by many to be better than their previous output.At the time of recording this album, the band was already considered one of the top stage acts from Spain, which led to their signing for the BASF label, where they were had access to a better production, which not only resulted in a better sound but also in a much more visually attractive full colour gatefold sleeve, which the Wah Wah reissue will reproduce to perfection and outgrade to a gorgeous 16 page booklet full of info on the band.Originally issued in 1976, INTENCI\u00d3N is the perfect follow-up to THE BEGINNING OF THE END, with Atila offering further pieces led by the strong guitar licks of Eduardo Niebla, Benet Nogu\u00e9's organ & Moog, and Joan Punyet's drums melting in top progressive freakouts, plus the addition of wordless vocal parts and even some catalan sung parts, besides adding a symphonic edge to the general sound. Side A offers three killer tracks in that vein, while B side is a new recording of the bands' signature theme EL PRINCIPIO DEL FIN, with updated overtones, Moog passages and a much better recorded sound than the one appearing on their debut LP.In addition to the original \\\"Intenci\u00f3n\\\" LP this CD edition will feature one bonus track recorded back in 1999, the year of the band's first come back after they disbanded in the late seventies.The Wah Wah release comes with remastered sound worked from the original master tapes, as usual marvelously treated by sound wizard Denis Blackham @ SkyMastering.\",\"breadcrumb\":{\"@id\":\"https:\/\/wpguerssen-test.odoo.rgbconsulting.com\/es\/producto\/intencion-cd\/#breadcrumb\"},\"inLanguage\":\"es\",\"potentialAction\":[{\"@type\":\"ReadAction\",\"target\":[\"https:\/\/wpguerssen-test.odoo.rgbconsulting.com\/es\/producto\/intencion-cd\/\"]}]},{\"@type\":\"ImageObject\",\"inLanguage\":\"es\",\"@id\":\"https:\/\/wpguerssen-test.odoo.rgbconsulting.com\/es\/producto\/intencion-cd\/#primaryimage\",\"url\":\"https:\/\/wpguerssen-test.odoo.rgbconsulting.com\/wp-content\/uploads\/2022\/03\/8901.jpg\",\"contentUrl\":\"https:\/\/wpguerssen-test.odoo.rgbconsulting.com\/wp-content\/uploads\/2022\/03\/8901.jpg\",\"width\":400,\"height\":400,\"caption\":\"ATILA - Intenci\u00f3n (CD) - WAH WAH (CD) | Guerssen\"},{\"@type\":\"BreadcrumbList\",\"@id\":\"https:\/\/wpguerssen-test.odoo.rgbconsulting.com\/es\/producto\/intencion-cd\/#breadcrumb\",\"itemListElement\":[{\"@type\":\"ListItem\",\"position\":1,\"name\":\"Inicio\",\"item\":\"https:\/\/wpguerssen-test.odoo.rgbconsulting.com\/es\/\"},{\"@type\":\"ListItem\",\"position\":2,\"name\":\"Shop\",\"item\":\"https:\/\/wpguerssen-test.odoo.rgbconsulting.com\/shop\/\"},{\"@type\":\"ListItem\",\"position\":3,\"name\":\"Intenci\u00f3n (CD)\"}]},{\"@type\":\"WebSite\",\"@id\":\"https:\/\/wpguerssen-test.odoo.rgbconsulting.com\/es\/#website\",\"url\":\"https:\/\/wpguerssen-test.odoo.rgbconsulting.com\/es\/\",\"name\":\"Guerssen records\",\"description\":\"psychedelia - progressive - folk - garage \",\"publisher\":{\"@id\":\"https:\/\/wpguerssen-test.odoo.rgbconsulting.com\/es\/#organization\"},\"potentialAction\":[{\"@type\":\"SearchAction\",\"target\":{\"@type\":\"EntryPoint\",\"urlTemplate\":\"https:\/\/wpguerssen-test.odoo.rgbconsulting.com\/es\/?s={search_term_string}\"},\"query-input\":{\"@type\":\"PropertyValueSpecification\",\"valueRequired\":true,\"valueName\":\"search_term_string\"}}],\"inLanguage\":\"es\"},{\"@type\":\"Organization\",\"@id\":\"https:\/\/wpguerssen-test.odoo.rgbconsulting.com\/es\/#organization\",\"name\":\"Guerssen records\",\"url\":\"https:\/\/wpguerssen-test.odoo.rgbconsulting.com\/es\/\",\"logo\":{\"@type\":\"ImageObject\",\"inLanguage\":\"es\",\"@id\":\"https:\/\/wpguerssen-test.odoo.rgbconsulting.com\/es\/#\/schema\/logo\/image\/\",\"url\":\"https:\/\/wpguerssen-test.odoo.rgbconsulting.com\/wp-content\/uploads\/2022\/04\/Logo_Guerssen_trans_100.png\",\"contentUrl\":\"https:\/\/wpguerssen-test.odoo.rgbconsulting.com\/wp-content\/uploads\/2022\/04\/Logo_Guerssen_trans_100.png\",\"width\":122,\"height\":100,\"caption\":\"Guerssen records\"},\"image\":{\"@id\":\"https:\/\/wpguerssen-test.odoo.rgbconsulting.com\/es\/#\/schema\/logo\/image\/\"}}]}<\/script>\n<!-- \/ Yoast SEO plugin. -->","yoast_head_json":{"title":"ATILA - Intenci\u00f3n (CD) -  (CD) | Guerssen","description":"Hey, here's some great news : we have reached an agreement for the reissue in CD format of the glorious second LP by this killer Spanish hard prog psychedelic band !!! INTENCI\u00d3N, the sensational second LP recorded by Atila, has never fetched the high amounts their debut album THE BEGINNING OF THE END (Wah Wah LPS022) does exchange hands for in the collectors' market, but it is still a mega rare LP hardly seen below the 400 euros tag, and is considered by many to be better than their previous output.At the time of recording this album, the band was already considered one of the top stage acts from Spain, which led to their signing for the BASF label, where they were had access to a better production, which not only resulted in a better sound but also in a much more visually attractive full colour gatefold sleeve, which the Wah Wah reissue will reproduce to perfection and outgrade to a gorgeous 16 page booklet full of info on the band.Originally issued in 1976, INTENCI\u00d3N is the perfect follow-up to THE BEGINNING OF THE END, with Atila offering further pieces led by the strong guitar licks of Eduardo Niebla, Benet Nogu\u00e9's organ & Moog, and Joan Punyet's drums melting in top progressive freakouts, plus the addition of wordless vocal parts and even some catalan sung parts, besides adding a symphonic edge to the general sound. Side A offers three killer tracks in that vein, while B side is a new recording of the bands' signature theme EL PRINCIPIO DEL FIN, with updated overtones, Moog passages and a much better recorded sound than the one appearing on their debut LP.In addition to the original \"Intenci\u00f3n\" LP this CD edition will feature one bonus track recorded back in 1999, the year of the band's first come back after they disbanded in the late seventies.The Wah Wah release comes with remastered sound worked from the original master tapes, as usual marvelously treated by sound wizard Denis Blackham @ SkyMastering.","robots":{"index":"index","follow":"follow","max-snippet":"max-snippet:-1","max-image-preview":"max-image-preview:large","max-video-preview":"max-video-preview:-1"},"canonical":"https:\/\/wpguerssen-test.odoo.rgbconsulting.com\/es\/producto\/intencion-cd\/","og_locale":"es_ES","og_type":"article","og_title":"ATILA - Intenci\u00f3n (CD) -  (CD) | Guerssen","og_description":"Hey, here's some great news : we have reached an agreement for the reissue in CD format of the glorious second LP by this killer Spanish hard prog psychedelic band !!! INTENCI\u00d3N, the sensational second LP recorded by Atila, has never fetched the high amounts their debut album THE BEGINNING OF THE END (Wah Wah LPS022) does exchange hands for in the collectors' market, but it is still a mega rare LP hardly seen below the 400 euros tag, and is considered by many to be better than their previous output.At the time of recording this album, the band was already considered one of the top stage acts from Spain, which led to their signing for the BASF label, where they were had access to a better production, which not only resulted in a better sound but also in a much more visually attractive full colour gatefold sleeve, which the Wah Wah reissue will reproduce to perfection and outgrade to a gorgeous 16 page booklet full of info on the band.Originally issued in 1976, INTENCI\u00d3N is the perfect follow-up to THE BEGINNING OF THE END, with Atila offering further pieces led by the strong guitar licks of Eduardo Niebla, Benet Nogu\u00e9's organ & Moog, and Joan Punyet's drums melting in top progressive freakouts, plus the addition of wordless vocal parts and even some catalan sung parts, besides adding a symphonic edge to the general sound. Side A offers three killer tracks in that vein, while B side is a new recording of the bands' signature theme EL PRINCIPIO DEL FIN, with updated overtones, Moog passages and a much better recorded sound than the one appearing on their debut LP.In addition to the original \"Intenci\u00f3n\" LP this CD edition will feature one bonus track recorded back in 1999, the year of the band's first come back after they disbanded in the late seventies.The Wah Wah release comes with remastered sound worked from the original master tapes, as usual marvelously treated by sound wizard Denis Blackham @ SkyMastering.","og_url":"https:\/\/wpguerssen-test.odoo.rgbconsulting.com\/es\/producto\/intencion-cd\/","og_site_name":"Guerssen records","article_modified_time":"2024-02-15T16:18:58+00:00","twitter_card":"summary_large_image","twitter_title":"ATILA - Intenci\u00f3n (CD) -  (CD) | Guerssen","twitter_misc":{"Tiempo de lectura":"1 minuto"},"schema":{"@context":"https:\/\/schema.org","@graph":[{"@type":"WebPage","@id":"https:\/\/wpguerssen-test.odoo.rgbconsulting.com\/es\/producto\/intencion-cd\/","url":"https:\/\/wpguerssen-test.odoo.rgbconsulting.com\/es\/producto\/intencion-cd\/","name":"ATILA - Intenci\u00f3n (CD) - (CD) | Guerssen","isPartOf":{"@id":"https:\/\/wpguerssen-test.odoo.rgbconsulting.com\/es\/#website"},"primaryImageOfPage":{"@id":"https:\/\/wpguerssen-test.odoo.rgbconsulting.com\/es\/producto\/intencion-cd\/#primaryimage"},"image":{"@id":"https:\/\/wpguerssen-test.odoo.rgbconsulting.com\/es\/producto\/intencion-cd\/#primaryimage"},"thumbnailUrl":"https:\/\/wpguerssen-test.odoo.rgbconsulting.com\/wp-content\/uploads\/2022\/03\/8901.jpg","datePublished":"2007-11-04T23:00:00+00:00","dateModified":"2024-02-15T16:18:58+00:00","description":"Hey, here's some great news : we have reached an agreement for the reissue in CD format of the glorious second LP by this killer Spanish hard prog psychedelic band !!! INTENCI\u00d3N, the sensational second LP recorded by Atila, has never fetched the high amounts their debut album THE BEGINNING OF THE END (Wah Wah LPS022) does exchange hands for in the collectors' market, but it is still a mega rare LP hardly seen below the 400 euros tag, and is considered by many to be better than their previous output.At the time of recording this album, the band was already considered one of the top stage acts from Spain, which led to their signing for the BASF label, where they were had access to a better production, which not only resulted in a better sound but also in a much more visually attractive full colour gatefold sleeve, which the Wah Wah reissue will reproduce to perfection and outgrade to a gorgeous 16 page booklet full of info on the band.Originally issued in 1976, INTENCI\u00d3N is the perfect follow-up to THE BEGINNING OF THE END, with Atila offering further pieces led by the strong guitar licks of Eduardo Niebla, Benet Nogu\u00e9's organ & Moog, and Joan Punyet's drums melting in top progressive freakouts, plus the addition of wordless vocal parts and even some catalan sung parts, besides adding a symphonic edge to the general sound. Side A offers three killer tracks in that vein, while B side is a new recording of the bands' signature theme EL PRINCIPIO DEL FIN, with updated overtones, Moog passages and a much better recorded sound than the one appearing on their debut LP.In addition to the original \"Intenci\u00f3n\" LP this CD edition will feature one bonus track recorded back in 1999, the year of the band's first come back after they disbanded in the late seventies.The Wah Wah release comes with remastered sound worked from the original master tapes, as usual marvelously treated by sound wizard Denis Blackham @ SkyMastering.","breadcrumb":{"@id":"https:\/\/wpguerssen-test.odoo.rgbconsulting.com\/es\/producto\/intencion-cd\/#breadcrumb"},"inLanguage":"es","potentialAction":[{"@type":"ReadAction","target":["https:\/\/wpguerssen-test.odoo.rgbconsulting.com\/es\/producto\/intencion-cd\/"]}]},{"@type":"ImageObject","inLanguage":"es","@id":"https:\/\/wpguerssen-test.odoo.rgbconsulting.com\/es\/producto\/intencion-cd\/#primaryimage","url":"https:\/\/wpguerssen-test.odoo.rgbconsulting.com\/wp-content\/uploads\/2022\/03\/8901.jpg","contentUrl":"https:\/\/wpguerssen-test.odoo.rgbconsulting.com\/wp-content\/uploads\/2022\/03\/8901.jpg","width":400,"height":400,"caption":"ATILA - Intenci\u00f3n (CD) - WAH WAH (CD) | Guerssen"},{"@type":"BreadcrumbList","@id":"https:\/\/wpguerssen-test.odoo.rgbconsulting.com\/es\/producto\/intencion-cd\/#breadcrumb","itemListElement":[{"@type":"ListItem","position":1,"name":"Inicio","item":"https:\/\/wpguerssen-test.odoo.rgbconsulting.com\/es\/"},{"@type":"ListItem","position":2,"name":"Shop","item":"https:\/\/wpguerssen-test.odoo.rgbconsulting.com\/shop\/"},{"@type":"ListItem","position":3,"name":"Intenci\u00f3n (CD)"}]},{"@type":"WebSite","@id":"https:\/\/wpguerssen-test.odoo.rgbconsulting.com\/es\/#website","url":"https:\/\/wpguerssen-test.odoo.rgbconsulting.com\/es\/","name":"Guerssen records","description":"psychedelia - progressive - folk - garage ","publisher":{"@id":"https:\/\/wpguerssen-test.odoo.rgbconsulting.com\/es\/#organization"},"potentialAction":[{"@type":"SearchAction","target":{"@type":"EntryPoint","urlTemplate":"https:\/\/wpguerssen-test.odoo.rgbconsulting.com\/es\/?s={search_term_string}"},"query-input":{"@type":"PropertyValueSpecification","valueRequired":true,"valueName":"search_term_string"}}],"inLanguage":"es"},{"@type":"Organization","@id":"https:\/\/wpguerssen-test.odoo.rgbconsulting.com\/es\/#organization","name":"Guerssen records","url":"https:\/\/wpguerssen-test.odoo.rgbconsulting.com\/es\/","logo":{"@type":"ImageObject","inLanguage":"es","@id":"https:\/\/wpguerssen-test.odoo.rgbconsulting.com\/es\/#\/schema\/logo\/image\/","url":"https:\/\/wpguerssen-test.odoo.rgbconsulting.com\/wp-content\/uploads\/2022\/04\/Logo_Guerssen_trans_100.png","contentUrl":"https:\/\/wpguerssen-test.odoo.rgbconsulting.com\/wp-content\/uploads\/2022\/04\/Logo_Guerssen_trans_100.png","width":122,"height":100,"caption":"Guerssen records"},"image":{"@id":"https:\/\/wpguerssen-test.odoo.rgbconsulting.com\/es\/#\/schema\/logo\/image\/"}}]}},"_links":{"self":[{"href":"https:\/\/wpguerssen-test.odoo.rgbconsulting.com\/es\/wp-json\/wp\/v2\/product\/177523","targetHints":{"allow":["GET"]}}],"collection":[{"href":"https:\/\/wpguerssen-test.odoo.rgbconsulting.com\/es\/wp-json\/wp\/v2\/product"}],"about":[{"href":"https:\/\/wpguerssen-test.odoo.rgbconsulting.com\/es\/wp-json\/wp\/v2\/types\/product"}],"wp:featuredmedia":[{"embeddable":true,"href":"https:\/\/wpguerssen-test.odoo.rgbconsulting.com\/es\/wp-json\/wp\/v2\/media\/111318"}],"wp:attachment":[{"href":"https:\/\/wpguerssen-test.odoo.rgbconsulting.com\/es\/wp-json\/wp\/v2\/media?parent=177523"}],"wp:term":[{"taxonomy":"product_brand","embeddable":true,"href":"https:\/\/wpguerssen-test.odoo.rgbconsulting.com\/es\/wp-json\/wp\/v2\/product_brand?post=177523"},{"taxonomy":"product_cat","embeddable":true,"href":"https:\/\/wpguerssen-test.odoo.rgbconsulting.com\/es\/wp-json\/wp\/v2\/product_cat?post=177523"},{"taxonomy":"product_tag","embeddable":true,"href":"https:\/\/wpguerssen-test.odoo.rgbconsulting.com\/es\/wp-json\/wp\/v2\/product_tag?post=177523"}],"curies":[{"name":"wp","href":"https:\/\/api.w.org\/{rel}","templated":true}]}}