{"id":177527,"date":"2008-01-16T00:00:00","date_gmt":"2008-01-15T23:00:00","guid":{"rendered":"http:\/\/guerssen.hl1097.dinaserver.com\/product\/maravillosa-gente\/"},"modified":"2025-03-25T16:18:58","modified_gmt":"2025-03-25T15:18:58","slug":"maravillosa-gente","status":"publish","type":"product","link":"https:\/\/wpguerssen-test.odoo.rgbconsulting.com\/es\/producto\/maravillosa-gente\/","title":{"rendered":"Maravillosa gente"},"content":{"rendered":"<p>El misterioso Bill Quick&#8230; hijo de norte-americano y venezolana, aterriz\u00f3 en Madrid a primeros de los 70, donde pasaba su tiempo tocando su guitarra y fabricando complementos y cinturones de cuero que luego vend\u00eda en el Rastro madrile\u00f1o, punto de encuentro de los hippies madrile\u00f1os del momento.<br \/>De alguna forma entr\u00f3 en contacto con EL productor, Alain Milhaud, quien le ofreci\u00f3 registrar un \u00e1lbum para ser editado en su sello Explosi\u00f3n. R\u00e1pidamente, Bill reclut\u00f3 a algunos de los mejores m\u00fasicos de estudio del momento, y varios amigos extranjeros que resid\u00edan en Madrid por entonces; la lista de nombres que tocan en el disco es impresionante: Salvador Dominguez &#038; Chema Pellic\u00f3 (ex-Cerebrum), Rafa G\u00e1lvez (pronto en la banda que acompa\u00f1aba a Vainica Doble), Frank Rojas (Sangre), Jess Lam (Jess &#038; James)&#8230;y hasta once m\u00fasicos en total. <\/p>\n<p> El resultado de esas sesiones fue el espl\u00e9ndido \u00abMaravillosa gente\u00bb. Contiene varios preciosos, introspectivos y ac\u00fasticos temas como \u00abBeautiful people\u00bb, \u00abOnly the weather\u00bb o el acid-folk de \u00abWinter&#8217;s gonna come\u00bb, junto con el folk-rock de \u00abWith you, Lord\u00bb o \u00abI sing this song\u00bb, y temas m\u00e1s rotundos como \u00abTake me away\u00bb o \u00abSomebody\u00bb. El sonido y la producci\u00f3n son espectaculares, las canciones inigualables y el nivel instrumental alt\u00edsimo.  Como seguro imagin\u00e1is, el disco pas\u00f3 totalmente desapercibido, e incluso hoy dia es un aut\u00e9ntico desconocido en el panorama de coleccionismo estatal.<br \/>Curiosamente, \u00abMaravillosa gente\u00bb fue editado en Brasil tambi\u00e9n, con portada diferente y cosechando un nuevo fracaso comercial. <\/p>\n<p> Ahora por fin, esta joya es reeditada por primera vez y de la forma que merece. Con sonido cuidadosamente remasterizado, un booklet que incluye fotos y detalladas notas, y con la habitual faja de cart\u00f3n exterior de todas nuestras ediciones.<\/p>\n","protected":false},"excerpt":{"rendered":"<p>El misterioso Bill Quick&#8230; hijo de norte-americano y venezolana, aterriz\u00f3 en Madrid a primeros de los 70, donde pasaba su tiempo tocando su guitarra y fabricando<a class=\"read\" href=\"https:\/\/wpguerssen-test.odoo.rgbconsulting.com\/es\/producto\/maravillosa-gente\/\"> (...)<\/a>","protected":false},"featured_media":111328,"template":"","meta":{"_acf_changed":false},"product_brand":[],"product_cat":[21639,23271],"product_tag":[29138,24190],"class_list":{"0":"post-177527","1":"product","2":"type-product","3":"status-publish","4":"has-post-thumbnail","6":"product_cat-psychedelic60s-70s-es","7":"product_cat-folk-60s-70s-es","8":"product_tag-cd-es","9":"product_tag-sales-es","10":"pa_artist-quick-bill-es","11":"pa_format-cd-2-es","12":"pa_gender-folk-60s-70s-psychedelic60s-70s","13":"pa_label-guerssen-es","14":"pa_location-north-america-es","16":"first","17":"instock","18":"taxable","19":"shipping-taxable","20":"purchasable","21":"product-type-simple"},"acf":[],"yoast_head":"<!-- This site is optimized with the Yoast SEO plugin v24.9 - https:\/\/yoast.com\/wordpress\/plugins\/seo\/ -->\n<title>QUICK, Bill - Maravillosa gente -  (CD) | Guerssen<\/title>\n<meta name=\"description\" content=\"Mysterious Bill Quick....this guy was son of North-American dad and Venezuelan mum, and landed in Madrid in the early 70&#039;s, spending most of his time playing music and manufacturing leather belts and other stuff that he later sold at the popular Rastro flea market in Madrid, meeting point for all hippies of the time.He somehow got in touch with famous producer Alain Milhaud, who got really impressed by his work and quickly offered him a deal for recording a long-play to be released in Milhaud&#039;s own Explosion label. Then Bill recruited some of top studio musicians and foreign friends who were also living in Madrid at the time; the list of people who play on the recordings is impressive: Salvador Dominguez &amp; Chema Pellic\u00f3 (ex-Cerebrum), Rafa G\u00e1lvez (later on Vainica Doble&#039;s backing band), Frank Rojas (Sangre), Jess Lam (Jess &amp; James)...and up to eleven musicians joined Bill in the recording studio. #nl# As a result, &quot;Maravillosa gente&quot; (Beautiful people) was recorded. Ranging from beautiful, introspective, acoustic solo tracks like &quot;Beautiful People&quot;, &quot;Only the weather&quot; or the acid-folk of &quot;Winter&#039;s gonna come&quot; to full backing-band hard-edged ones like &quot;Take me away&quot;, &quot;Somebody&quot; and the folk-rock sounding of &quot;With you, Lord&quot; or &quot;I sing this song&quot;, the album is a real treat from start to finish. It has an awesome sound and amazing production (it was recorded at one of the most advanced Spanish recording studios at the time), along with top musicianship and Bill&#039;s amazing songwriting. A real big ticket that was absolutely ignored in Spain at the time, and even today remains unknown to most of folk-rock collectors and fans. Curious enough, the album got released in Brazil as well (with poor sales again), with a different cover artwork. #nl# Now this is reissued for the first time, including a booklet with pictures and detailed liner notes telling the wonderful and strange story of this mysterious musician and carefully remastered sound. Outer carton slimcase.\" \/>\n<meta name=\"robots\" content=\"index, follow, max-snippet:-1, max-image-preview:large, max-video-preview:-1\" \/>\n<link rel=\"canonical\" href=\"https:\/\/wpguerssen-test.odoo.rgbconsulting.com\/es\/producto\/maravillosa-gente\/\" \/>\n<meta property=\"og:locale\" content=\"es_ES\" \/>\n<meta property=\"og:type\" content=\"article\" \/>\n<meta property=\"og:title\" content=\"QUICK, Bill - Maravillosa gente -  (CD) | Guerssen\" \/>\n<meta property=\"og:description\" content=\"Mysterious Bill Quick....this guy was son of North-American dad and Venezuelan mum, and landed in Madrid in the early 70&#039;s, spending most of his time playing music and manufacturing leather belts and other stuff that he later sold at the popular Rastro flea market in Madrid, meeting point for all hippies of the time.He somehow got in touch with famous producer Alain Milhaud, who got really impressed by his work and quickly offered him a deal for recording a long-play to be released in Milhaud&#039;s own Explosion label. Then Bill recruited some of top studio musicians and foreign friends who were also living in Madrid at the time; the list of people who play on the recordings is impressive: Salvador Dominguez &amp; Chema Pellic\u00f3 (ex-Cerebrum), Rafa G\u00e1lvez (later on Vainica Doble&#039;s backing band), Frank Rojas (Sangre), Jess Lam (Jess &amp; James)...and up to eleven musicians joined Bill in the recording studio. #nl# As a result, &quot;Maravillosa gente&quot; (Beautiful people) was recorded. Ranging from beautiful, introspective, acoustic solo tracks like &quot;Beautiful People&quot;, &quot;Only the weather&quot; or the acid-folk of &quot;Winter&#039;s gonna come&quot; to full backing-band hard-edged ones like &quot;Take me away&quot;, &quot;Somebody&quot; and the folk-rock sounding of &quot;With you, Lord&quot; or &quot;I sing this song&quot;, the album is a real treat from start to finish. It has an awesome sound and amazing production (it was recorded at one of the most advanced Spanish recording studios at the time), along with top musicianship and Bill&#039;s amazing songwriting. A real big ticket that was absolutely ignored in Spain at the time, and even today remains unknown to most of folk-rock collectors and fans. Curious enough, the album got released in Brazil as well (with poor sales again), with a different cover artwork. #nl# Now this is reissued for the first time, including a booklet with pictures and detailed liner notes telling the wonderful and strange story of this mysterious musician and carefully remastered sound. Outer carton slimcase.\" \/>\n<meta property=\"og:url\" content=\"https:\/\/wpguerssen-test.odoo.rgbconsulting.com\/es\/producto\/maravillosa-gente\/\" \/>\n<meta property=\"og:site_name\" content=\"Guerssen records\" \/>\n<meta property=\"article:modified_time\" content=\"2025-03-25T15:18:58+00:00\" \/>\n<meta property=\"og:image\" content=\"https:\/\/wpguerssen-test.odoo.rgbconsulting.com\/wp-content\/uploads\/2022\/03\/8938.jpg\" \/>\n\t<meta property=\"og:image:width\" content=\"591\" \/>\n\t<meta property=\"og:image:height\" content=\"591\" \/>\n\t<meta property=\"og:image:type\" content=\"image\/jpeg\" \/>\n<meta name=\"twitter:card\" content=\"summary_large_image\" \/>\n<meta name=\"twitter:title\" content=\"QUICK, Bill - Maravillosa gente -  (CD) | Guerssen\" \/>\n<meta name=\"twitter:label1\" content=\"Tiempo de lectura\" \/>\n\t<meta name=\"twitter:data1\" content=\"1 minuto\" \/>\n<script type=\"application\/ld+json\" class=\"yoast-schema-graph\">{\"@context\":\"https:\/\/schema.org\",\"@graph\":[{\"@type\":\"WebPage\",\"@id\":\"https:\/\/wpguerssen-test.odoo.rgbconsulting.com\/es\/producto\/maravillosa-gente\/\",\"url\":\"https:\/\/wpguerssen-test.odoo.rgbconsulting.com\/es\/producto\/maravillosa-gente\/\",\"name\":\"QUICK, Bill - Maravillosa gente - (CD) | Guerssen\",\"isPartOf\":{\"@id\":\"https:\/\/wpguerssen-test.odoo.rgbconsulting.com\/es\/#website\"},\"primaryImageOfPage\":{\"@id\":\"https:\/\/wpguerssen-test.odoo.rgbconsulting.com\/es\/producto\/maravillosa-gente\/#primaryimage\"},\"image\":{\"@id\":\"https:\/\/wpguerssen-test.odoo.rgbconsulting.com\/es\/producto\/maravillosa-gente\/#primaryimage\"},\"thumbnailUrl\":\"https:\/\/wpguerssen-test.odoo.rgbconsulting.com\/wp-content\/uploads\/2022\/03\/8938.jpg\",\"datePublished\":\"2008-01-15T23:00:00+00:00\",\"dateModified\":\"2025-03-25T15:18:58+00:00\",\"description\":\"Mysterious Bill Quick....this guy was son of North-American dad and Venezuelan mum, and landed in Madrid in the early 70's, spending most of his time playing music and manufacturing leather belts and other stuff that he later sold at the popular Rastro flea market in Madrid, meeting point for all hippies of the time.He somehow got in touch with famous producer Alain Milhaud, who got really impressed by his work and quickly offered him a deal for recording a long-play to be released in Milhaud's own Explosion label. Then Bill recruited some of top studio musicians and foreign friends who were also living in Madrid at the time; the list of people who play on the recordings is impressive: Salvador Dominguez & Chema Pellic\u00f3 (ex-Cerebrum), Rafa G\u00e1lvez (later on Vainica Doble's backing band), Frank Rojas (Sangre), Jess Lam (Jess & James)...and up to eleven musicians joined Bill in the recording studio. #nl# As a result, \\\"Maravillosa gente\\\" (Beautiful people) was recorded. Ranging from beautiful, introspective, acoustic solo tracks like \\\"Beautiful People\\\", \\\"Only the weather\\\" or the acid-folk of \\\"Winter's gonna come\\\" to full backing-band hard-edged ones like \\\"Take me away\\\", \\\"Somebody\\\" and the folk-rock sounding of \\\"With you, Lord\\\" or \\\"I sing this song\\\", the album is a real treat from start to finish. It has an awesome sound and amazing production (it was recorded at one of the most advanced Spanish recording studios at the time), along with top musicianship and Bill's amazing songwriting. A real big ticket that was absolutely ignored in Spain at the time, and even today remains unknown to most of folk-rock collectors and fans. Curious enough, the album got released in Brazil as well (with poor sales again), with a different cover artwork. #nl# Now this is reissued for the first time, including a booklet with pictures and detailed liner notes telling the wonderful and strange story of this mysterious musician and carefully remastered sound. Outer carton slimcase.\",\"breadcrumb\":{\"@id\":\"https:\/\/wpguerssen-test.odoo.rgbconsulting.com\/es\/producto\/maravillosa-gente\/#breadcrumb\"},\"inLanguage\":\"es\",\"potentialAction\":[{\"@type\":\"ReadAction\",\"target\":[\"https:\/\/wpguerssen-test.odoo.rgbconsulting.com\/es\/producto\/maravillosa-gente\/\"]}]},{\"@type\":\"ImageObject\",\"inLanguage\":\"es\",\"@id\":\"https:\/\/wpguerssen-test.odoo.rgbconsulting.com\/es\/producto\/maravillosa-gente\/#primaryimage\",\"url\":\"https:\/\/wpguerssen-test.odoo.rgbconsulting.com\/wp-content\/uploads\/2022\/03\/8938.jpg\",\"contentUrl\":\"https:\/\/wpguerssen-test.odoo.rgbconsulting.com\/wp-content\/uploads\/2022\/03\/8938.jpg\",\"width\":591,\"height\":591,\"caption\":\"Bill - Maravillosa gente - GUERSSEN (CD) | Guerssen\"},{\"@type\":\"BreadcrumbList\",\"@id\":\"https:\/\/wpguerssen-test.odoo.rgbconsulting.com\/es\/producto\/maravillosa-gente\/#breadcrumb\",\"itemListElement\":[{\"@type\":\"ListItem\",\"position\":1,\"name\":\"Inicio\",\"item\":\"https:\/\/wpguerssen-test.odoo.rgbconsulting.com\/es\/\"},{\"@type\":\"ListItem\",\"position\":2,\"name\":\"Shop\",\"item\":\"https:\/\/wpguerssen-test.odoo.rgbconsulting.com\/shop\/\"},{\"@type\":\"ListItem\",\"position\":3,\"name\":\"Maravillosa gente\"}]},{\"@type\":\"WebSite\",\"@id\":\"https:\/\/wpguerssen-test.odoo.rgbconsulting.com\/es\/#website\",\"url\":\"https:\/\/wpguerssen-test.odoo.rgbconsulting.com\/es\/\",\"name\":\"Guerssen records\",\"description\":\"psychedelia - progressive - folk - garage \",\"publisher\":{\"@id\":\"https:\/\/wpguerssen-test.odoo.rgbconsulting.com\/es\/#organization\"},\"potentialAction\":[{\"@type\":\"SearchAction\",\"target\":{\"@type\":\"EntryPoint\",\"urlTemplate\":\"https:\/\/wpguerssen-test.odoo.rgbconsulting.com\/es\/?s={search_term_string}\"},\"query-input\":{\"@type\":\"PropertyValueSpecification\",\"valueRequired\":true,\"valueName\":\"search_term_string\"}}],\"inLanguage\":\"es\"},{\"@type\":\"Organization\",\"@id\":\"https:\/\/wpguerssen-test.odoo.rgbconsulting.com\/es\/#organization\",\"name\":\"Guerssen records\",\"url\":\"https:\/\/wpguerssen-test.odoo.rgbconsulting.com\/es\/\",\"logo\":{\"@type\":\"ImageObject\",\"inLanguage\":\"es\",\"@id\":\"https:\/\/wpguerssen-test.odoo.rgbconsulting.com\/es\/#\/schema\/logo\/image\/\",\"url\":\"https:\/\/wpguerssen-test.odoo.rgbconsulting.com\/wp-content\/uploads\/2022\/04\/Logo_Guerssen_trans_100.png\",\"contentUrl\":\"https:\/\/wpguerssen-test.odoo.rgbconsulting.com\/wp-content\/uploads\/2022\/04\/Logo_Guerssen_trans_100.png\",\"width\":122,\"height\":100,\"caption\":\"Guerssen records\"},\"image\":{\"@id\":\"https:\/\/wpguerssen-test.odoo.rgbconsulting.com\/es\/#\/schema\/logo\/image\/\"}}]}<\/script>\n<!-- \/ Yoast SEO plugin. -->","yoast_head_json":{"title":"QUICK, Bill - Maravillosa gente -  (CD) | Guerssen","description":"Mysterious Bill Quick....this guy was son of North-American dad and Venezuelan mum, and landed in Madrid in the early 70's, spending most of his time playing music and manufacturing leather belts and other stuff that he later sold at the popular Rastro flea market in Madrid, meeting point for all hippies of the time.He somehow got in touch with famous producer Alain Milhaud, who got really impressed by his work and quickly offered him a deal for recording a long-play to be released in Milhaud's own Explosion label. Then Bill recruited some of top studio musicians and foreign friends who were also living in Madrid at the time; the list of people who play on the recordings is impressive: Salvador Dominguez & Chema Pellic\u00f3 (ex-Cerebrum), Rafa G\u00e1lvez (later on Vainica Doble's backing band), Frank Rojas (Sangre), Jess Lam (Jess & James)...and up to eleven musicians joined Bill in the recording studio. #nl# As a result, \"Maravillosa gente\" (Beautiful people) was recorded. Ranging from beautiful, introspective, acoustic solo tracks like \"Beautiful People\", \"Only the weather\" or the acid-folk of \"Winter's gonna come\" to full backing-band hard-edged ones like \"Take me away\", \"Somebody\" and the folk-rock sounding of \"With you, Lord\" or \"I sing this song\", the album is a real treat from start to finish. It has an awesome sound and amazing production (it was recorded at one of the most advanced Spanish recording studios at the time), along with top musicianship and Bill's amazing songwriting. A real big ticket that was absolutely ignored in Spain at the time, and even today remains unknown to most of folk-rock collectors and fans. Curious enough, the album got released in Brazil as well (with poor sales again), with a different cover artwork. #nl# Now this is reissued for the first time, including a booklet with pictures and detailed liner notes telling the wonderful and strange story of this mysterious musician and carefully remastered sound. Outer carton slimcase.","robots":{"index":"index","follow":"follow","max-snippet":"max-snippet:-1","max-image-preview":"max-image-preview:large","max-video-preview":"max-video-preview:-1"},"canonical":"https:\/\/wpguerssen-test.odoo.rgbconsulting.com\/es\/producto\/maravillosa-gente\/","og_locale":"es_ES","og_type":"article","og_title":"QUICK, Bill - Maravillosa gente -  (CD) | Guerssen","og_description":"Mysterious Bill Quick....this guy was son of North-American dad and Venezuelan mum, and landed in Madrid in the early 70's, spending most of his time playing music and manufacturing leather belts and other stuff that he later sold at the popular Rastro flea market in Madrid, meeting point for all hippies of the time.He somehow got in touch with famous producer Alain Milhaud, who got really impressed by his work and quickly offered him a deal for recording a long-play to be released in Milhaud's own Explosion label. Then Bill recruited some of top studio musicians and foreign friends who were also living in Madrid at the time; the list of people who play on the recordings is impressive: Salvador Dominguez & Chema Pellic\u00f3 (ex-Cerebrum), Rafa G\u00e1lvez (later on Vainica Doble's backing band), Frank Rojas (Sangre), Jess Lam (Jess & James)...and up to eleven musicians joined Bill in the recording studio. #nl# As a result, \"Maravillosa gente\" (Beautiful people) was recorded. Ranging from beautiful, introspective, acoustic solo tracks like \"Beautiful People\", \"Only the weather\" or the acid-folk of \"Winter's gonna come\" to full backing-band hard-edged ones like \"Take me away\", \"Somebody\" and the folk-rock sounding of \"With you, Lord\" or \"I sing this song\", the album is a real treat from start to finish. It has an awesome sound and amazing production (it was recorded at one of the most advanced Spanish recording studios at the time), along with top musicianship and Bill's amazing songwriting. A real big ticket that was absolutely ignored in Spain at the time, and even today remains unknown to most of folk-rock collectors and fans. Curious enough, the album got released in Brazil as well (with poor sales again), with a different cover artwork. #nl# Now this is reissued for the first time, including a booklet with pictures and detailed liner notes telling the wonderful and strange story of this mysterious musician and carefully remastered sound. Outer carton slimcase.","og_url":"https:\/\/wpguerssen-test.odoo.rgbconsulting.com\/es\/producto\/maravillosa-gente\/","og_site_name":"Guerssen records","article_modified_time":"2025-03-25T15:18:58+00:00","og_image":[{"width":591,"height":591,"url":"https:\/\/wpguerssen-test.odoo.rgbconsulting.com\/wp-content\/uploads\/2022\/03\/8938.jpg","type":"image\/jpeg"}],"twitter_card":"summary_large_image","twitter_title":"QUICK, Bill - Maravillosa gente -  (CD) | Guerssen","twitter_misc":{"Tiempo de lectura":"1 minuto"},"schema":{"@context":"https:\/\/schema.org","@graph":[{"@type":"WebPage","@id":"https:\/\/wpguerssen-test.odoo.rgbconsulting.com\/es\/producto\/maravillosa-gente\/","url":"https:\/\/wpguerssen-test.odoo.rgbconsulting.com\/es\/producto\/maravillosa-gente\/","name":"QUICK, Bill - Maravillosa gente - (CD) | Guerssen","isPartOf":{"@id":"https:\/\/wpguerssen-test.odoo.rgbconsulting.com\/es\/#website"},"primaryImageOfPage":{"@id":"https:\/\/wpguerssen-test.odoo.rgbconsulting.com\/es\/producto\/maravillosa-gente\/#primaryimage"},"image":{"@id":"https:\/\/wpguerssen-test.odoo.rgbconsulting.com\/es\/producto\/maravillosa-gente\/#primaryimage"},"thumbnailUrl":"https:\/\/wpguerssen-test.odoo.rgbconsulting.com\/wp-content\/uploads\/2022\/03\/8938.jpg","datePublished":"2008-01-15T23:00:00+00:00","dateModified":"2025-03-25T15:18:58+00:00","description":"Mysterious Bill Quick....this guy was son of North-American dad and Venezuelan mum, and landed in Madrid in the early 70's, spending most of his time playing music and manufacturing leather belts and other stuff that he later sold at the popular Rastro flea market in Madrid, meeting point for all hippies of the time.He somehow got in touch with famous producer Alain Milhaud, who got really impressed by his work and quickly offered him a deal for recording a long-play to be released in Milhaud's own Explosion label. Then Bill recruited some of top studio musicians and foreign friends who were also living in Madrid at the time; the list of people who play on the recordings is impressive: Salvador Dominguez & Chema Pellic\u00f3 (ex-Cerebrum), Rafa G\u00e1lvez (later on Vainica Doble's backing band), Frank Rojas (Sangre), Jess Lam (Jess & James)...and up to eleven musicians joined Bill in the recording studio. #nl# As a result, \"Maravillosa gente\" (Beautiful people) was recorded. Ranging from beautiful, introspective, acoustic solo tracks like \"Beautiful People\", \"Only the weather\" or the acid-folk of \"Winter's gonna come\" to full backing-band hard-edged ones like \"Take me away\", \"Somebody\" and the folk-rock sounding of \"With you, Lord\" or \"I sing this song\", the album is a real treat from start to finish. It has an awesome sound and amazing production (it was recorded at one of the most advanced Spanish recording studios at the time), along with top musicianship and Bill's amazing songwriting. A real big ticket that was absolutely ignored in Spain at the time, and even today remains unknown to most of folk-rock collectors and fans. Curious enough, the album got released in Brazil as well (with poor sales again), with a different cover artwork. #nl# Now this is reissued for the first time, including a booklet with pictures and detailed liner notes telling the wonderful and strange story of this mysterious musician and carefully remastered sound. Outer carton slimcase.","breadcrumb":{"@id":"https:\/\/wpguerssen-test.odoo.rgbconsulting.com\/es\/producto\/maravillosa-gente\/#breadcrumb"},"inLanguage":"es","potentialAction":[{"@type":"ReadAction","target":["https:\/\/wpguerssen-test.odoo.rgbconsulting.com\/es\/producto\/maravillosa-gente\/"]}]},{"@type":"ImageObject","inLanguage":"es","@id":"https:\/\/wpguerssen-test.odoo.rgbconsulting.com\/es\/producto\/maravillosa-gente\/#primaryimage","url":"https:\/\/wpguerssen-test.odoo.rgbconsulting.com\/wp-content\/uploads\/2022\/03\/8938.jpg","contentUrl":"https:\/\/wpguerssen-test.odoo.rgbconsulting.com\/wp-content\/uploads\/2022\/03\/8938.jpg","width":591,"height":591,"caption":"Bill - Maravillosa gente - GUERSSEN (CD) | Guerssen"},{"@type":"BreadcrumbList","@id":"https:\/\/wpguerssen-test.odoo.rgbconsulting.com\/es\/producto\/maravillosa-gente\/#breadcrumb","itemListElement":[{"@type":"ListItem","position":1,"name":"Inicio","item":"https:\/\/wpguerssen-test.odoo.rgbconsulting.com\/es\/"},{"@type":"ListItem","position":2,"name":"Shop","item":"https:\/\/wpguerssen-test.odoo.rgbconsulting.com\/shop\/"},{"@type":"ListItem","position":3,"name":"Maravillosa gente"}]},{"@type":"WebSite","@id":"https:\/\/wpguerssen-test.odoo.rgbconsulting.com\/es\/#website","url":"https:\/\/wpguerssen-test.odoo.rgbconsulting.com\/es\/","name":"Guerssen records","description":"psychedelia - progressive - folk - garage ","publisher":{"@id":"https:\/\/wpguerssen-test.odoo.rgbconsulting.com\/es\/#organization"},"potentialAction":[{"@type":"SearchAction","target":{"@type":"EntryPoint","urlTemplate":"https:\/\/wpguerssen-test.odoo.rgbconsulting.com\/es\/?s={search_term_string}"},"query-input":{"@type":"PropertyValueSpecification","valueRequired":true,"valueName":"search_term_string"}}],"inLanguage":"es"},{"@type":"Organization","@id":"https:\/\/wpguerssen-test.odoo.rgbconsulting.com\/es\/#organization","name":"Guerssen records","url":"https:\/\/wpguerssen-test.odoo.rgbconsulting.com\/es\/","logo":{"@type":"ImageObject","inLanguage":"es","@id":"https:\/\/wpguerssen-test.odoo.rgbconsulting.com\/es\/#\/schema\/logo\/image\/","url":"https:\/\/wpguerssen-test.odoo.rgbconsulting.com\/wp-content\/uploads\/2022\/04\/Logo_Guerssen_trans_100.png","contentUrl":"https:\/\/wpguerssen-test.odoo.rgbconsulting.com\/wp-content\/uploads\/2022\/04\/Logo_Guerssen_trans_100.png","width":122,"height":100,"caption":"Guerssen records"},"image":{"@id":"https:\/\/wpguerssen-test.odoo.rgbconsulting.com\/es\/#\/schema\/logo\/image\/"}}]}},"_links":{"self":[{"href":"https:\/\/wpguerssen-test.odoo.rgbconsulting.com\/es\/wp-json\/wp\/v2\/product\/177527","targetHints":{"allow":["GET"]}}],"collection":[{"href":"https:\/\/wpguerssen-test.odoo.rgbconsulting.com\/es\/wp-json\/wp\/v2\/product"}],"about":[{"href":"https:\/\/wpguerssen-test.odoo.rgbconsulting.com\/es\/wp-json\/wp\/v2\/types\/product"}],"wp:featuredmedia":[{"embeddable":true,"href":"https:\/\/wpguerssen-test.odoo.rgbconsulting.com\/es\/wp-json\/wp\/v2\/media\/111328"}],"wp:attachment":[{"href":"https:\/\/wpguerssen-test.odoo.rgbconsulting.com\/es\/wp-json\/wp\/v2\/media?parent=177527"}],"wp:term":[{"taxonomy":"product_brand","embeddable":true,"href":"https:\/\/wpguerssen-test.odoo.rgbconsulting.com\/es\/wp-json\/wp\/v2\/product_brand?post=177527"},{"taxonomy":"product_cat","embeddable":true,"href":"https:\/\/wpguerssen-test.odoo.rgbconsulting.com\/es\/wp-json\/wp\/v2\/product_cat?post=177527"},{"taxonomy":"product_tag","embeddable":true,"href":"https:\/\/wpguerssen-test.odoo.rgbconsulting.com\/es\/wp-json\/wp\/v2\/product_tag?post=177527"}],"curies":[{"name":"wp","href":"https:\/\/api.w.org\/{rel}","templated":true}]}}