{"id":177528,"date":"2008-01-14T00:00:00","date_gmt":"2008-01-13T23:00:00","guid":{"rendered":"http:\/\/guerssen.hl1097.dinaserver.com\/product\/paloma-mensajera-cd\/"},"modified":"2025-02-24T14:28:38","modified_gmt":"2025-02-24T13:28:38","slug":"paloma-mensajera-cd","status":"publish","type":"product","link":"https:\/\/wpguerssen-test.odoo.rgbconsulting.com\/es\/producto\/paloma-mensajera-cd\/","title":{"rendered":"Paloma mensajera (CD)"},"content":{"rendered":"<p>Originalmente editado como demo en 1973, \u00abPaloma Mensajera\u00bb de los peruanos Grupo Amigos es, sin duda, uno de los m\u00e1s raros discos de la escena psicod\u00e9lica sudamericana. S\u00f3lo unas pocas copias se prensaron y sobra decir que es pr\u00e1cticamente imposible encontrar una copia actualmente.<br \/>El grupo lo formaron viejos amigos de Sa\u00fal y Manuel Cornejo, ambos de las legendarias bandas peruanas Laghonia y We All Together. Manuel toc\u00f3 la bater\u00eda en el disco, y Sa\u00fal fue el ingeniero de sonido.<br \/>Influenciados por grupos como Beatles, Byrds, Stones, Badfinger, Shakers y como no, Laghonia y We All Together, la m\u00fasica var\u00eda desde brutal psych-rock como \u00abDirty Girl\u00bb (que podr\u00eda ser inclu\u00edda perfectamente en el primer \u00e1lbum de Laghonia y cuela seguro!), a pop-psych de escuela brit\u00e1nica (Mr. Taylor&#8217;s Train\u00bb o \u00abPsychiatrist\u00bb), harmony pop ala Byrds en \u00abLooking for home\u00bb, y algunos preciosos midtempos que evidencian su influencia de We All Together. Todo ello alternando ingl\u00e9s y castellano en las letras.<br \/>En esta primera reedici\u00f3n en vinilo, puedes encontrar las grabaciones completas del Grupo Amigos, con el \u00e1lbum entero y dos temas de su arrollador single del mismo a\u00f1o. Acompa\u00f1a un booklet con notas y raras fotos, y la habitual faja de cart\u00f3n exterior. Sonido remasterizado de las cintas originales.<\/p>\n","protected":false},"excerpt":{"rendered":"<p>Originalmente editado como demo en 1973, \u00abPaloma Mensajera\u00bb de los peruanos Grupo Amigos es, sin duda, uno de los m\u00e1s raros discos de la escena psicod\u00e9lica sudamericana.<a class=\"read\" href=\"https:\/\/wpguerssen-test.odoo.rgbconsulting.com\/es\/producto\/paloma-mensajera-cd\/\"> (...)<\/a>","protected":false},"featured_media":111331,"template":"","meta":{"_acf_changed":false},"product_brand":[],"product_cat":[21639,23234],"product_tag":[29138,24190],"class_list":{"0":"post-177528","1":"product","2":"type-product","3":"status-publish","4":"has-post-thumbnail","6":"product_cat-psychedelic60s-70s-es","7":"product_cat-pop-rock-es","8":"product_tag-cd-es","9":"product_tag-sales-es","10":"pa_artist-grupo-amigos-es","11":"pa_format-cd-2-es","12":"pa_gender-psychedelic60s-70s-pop-rock","13":"pa_label-guerssen-es","14":"pa_location-south-america-caribbean-es","16":"first","17":"instock","18":"taxable","19":"shipping-taxable","20":"purchasable","21":"product-type-simple"},"acf":[],"yoast_head":"<!-- This site is optimized with the Yoast SEO plugin v24.9 - https:\/\/yoast.com\/wordpress\/plugins\/seo\/ -->\n<title>GRUPO AMIGOS - Paloma mensajera (CD) -  (CD) | Guerssen<\/title>\n<meta name=\"description\" content=\"Originally released as a demo pressing in 1973, &quot;Paloma Mensajera&quot; by Peruvian band Grupo Amigos is without doubt one of the rarest albums from the South American psych scene. Only a handful of copies were pressed for the band members and needless to say, an original copy is impossible to find now. The band was formed by some long-time friends of Sa\u00fal and Manuel Cornejo, both from legendary Peruvian bands Laghonia and We All Together. Manuel Cornejo played drums on the album recordings and Sa\u00fal was the session engineer.Influenced by groups like Beatles, Byrds, Stones, Badfinger, Shakers and of course Laghonia and We All Together, the music ranges from terrific guitar psych-rock like &quot;Dirty Girl&quot; (which sounds like an outtake from Laghonia&#039;s first album) to British sounding pop-psych (&quot;Mr. Taylor&#039;s Train&quot;, &quot;Psychiatrist&quot;) harmony pop \u00e1 la Byrds on &quot;Looking for home&quot;, a few rockin&#039; tunes and some beautiful mid-tempos which show their We All Together influence. They alternate English &amp; Spanish in their lyrics.On this Guerssen reissue, you&#039;ll find the complete recordings of Grupo Amigos, including their only album and a killer non-LP 45 recorded the same year. Features a booklet with liner notes and rare pictures. Taken from the original master tapes.\" \/>\n<meta name=\"robots\" content=\"index, follow, max-snippet:-1, max-image-preview:large, max-video-preview:-1\" \/>\n<link rel=\"canonical\" href=\"https:\/\/wpguerssen-test.odoo.rgbconsulting.com\/es\/producto\/paloma-mensajera-cd\/\" \/>\n<meta property=\"og:locale\" content=\"es_ES\" \/>\n<meta property=\"og:type\" content=\"article\" \/>\n<meta property=\"og:title\" content=\"GRUPO AMIGOS - Paloma mensajera (CD) -  (CD) | Guerssen\" \/>\n<meta property=\"og:description\" content=\"Originally released as a demo pressing in 1973, &quot;Paloma Mensajera&quot; by Peruvian band Grupo Amigos is without doubt one of the rarest albums from the South American psych scene. Only a handful of copies were pressed for the band members and needless to say, an original copy is impossible to find now. The band was formed by some long-time friends of Sa\u00fal and Manuel Cornejo, both from legendary Peruvian bands Laghonia and We All Together. Manuel Cornejo played drums on the album recordings and Sa\u00fal was the session engineer.Influenced by groups like Beatles, Byrds, Stones, Badfinger, Shakers and of course Laghonia and We All Together, the music ranges from terrific guitar psych-rock like &quot;Dirty Girl&quot; (which sounds like an outtake from Laghonia&#039;s first album) to British sounding pop-psych (&quot;Mr. Taylor&#039;s Train&quot;, &quot;Psychiatrist&quot;) harmony pop \u00e1 la Byrds on &quot;Looking for home&quot;, a few rockin&#039; tunes and some beautiful mid-tempos which show their We All Together influence. They alternate English &amp; Spanish in their lyrics.On this Guerssen reissue, you&#039;ll find the complete recordings of Grupo Amigos, including their only album and a killer non-LP 45 recorded the same year. Features a booklet with liner notes and rare pictures. Taken from the original master tapes.\" \/>\n<meta property=\"og:url\" content=\"https:\/\/wpguerssen-test.odoo.rgbconsulting.com\/es\/producto\/paloma-mensajera-cd\/\" \/>\n<meta property=\"og:site_name\" content=\"Guerssen records\" \/>\n<meta property=\"article:modified_time\" content=\"2025-02-24T13:28:38+00:00\" \/>\n<meta property=\"og:image\" content=\"https:\/\/wpguerssen-test.odoo.rgbconsulting.com\/wp-content\/uploads\/2022\/03\/8939.jpg\" \/>\n\t<meta property=\"og:image:width\" content=\"200\" \/>\n\t<meta property=\"og:image:height\" content=\"200\" \/>\n\t<meta property=\"og:image:type\" content=\"image\/jpeg\" \/>\n<meta name=\"twitter:card\" content=\"summary_large_image\" \/>\n<meta name=\"twitter:title\" content=\"GRUPO AMIGOS - Paloma mensajera (CD) -  (CD) | Guerssen\" \/>\n<meta name=\"twitter:label1\" content=\"Tiempo de lectura\" \/>\n\t<meta name=\"twitter:data1\" content=\"1 minuto\" \/>\n<script type=\"application\/ld+json\" class=\"yoast-schema-graph\">{\"@context\":\"https:\/\/schema.org\",\"@graph\":[{\"@type\":\"WebPage\",\"@id\":\"https:\/\/wpguerssen-test.odoo.rgbconsulting.com\/es\/producto\/paloma-mensajera-cd\/\",\"url\":\"https:\/\/wpguerssen-test.odoo.rgbconsulting.com\/es\/producto\/paloma-mensajera-cd\/\",\"name\":\"GRUPO AMIGOS - Paloma mensajera (CD) - (CD) | Guerssen\",\"isPartOf\":{\"@id\":\"https:\/\/wpguerssen-test.odoo.rgbconsulting.com\/es\/#website\"},\"primaryImageOfPage\":{\"@id\":\"https:\/\/wpguerssen-test.odoo.rgbconsulting.com\/es\/producto\/paloma-mensajera-cd\/#primaryimage\"},\"image\":{\"@id\":\"https:\/\/wpguerssen-test.odoo.rgbconsulting.com\/es\/producto\/paloma-mensajera-cd\/#primaryimage\"},\"thumbnailUrl\":\"https:\/\/wpguerssen-test.odoo.rgbconsulting.com\/wp-content\/uploads\/2022\/03\/8939.jpg\",\"datePublished\":\"2008-01-13T23:00:00+00:00\",\"dateModified\":\"2025-02-24T13:28:38+00:00\",\"description\":\"Originally released as a demo pressing in 1973, \\\"Paloma Mensajera\\\" by Peruvian band Grupo Amigos is without doubt one of the rarest albums from the South American psych scene. Only a handful of copies were pressed for the band members and needless to say, an original copy is impossible to find now. The band was formed by some long-time friends of Sa\u00fal and Manuel Cornejo, both from legendary Peruvian bands Laghonia and We All Together. Manuel Cornejo played drums on the album recordings and Sa\u00fal was the session engineer.Influenced by groups like Beatles, Byrds, Stones, Badfinger, Shakers and of course Laghonia and We All Together, the music ranges from terrific guitar psych-rock like \\\"Dirty Girl\\\" (which sounds like an outtake from Laghonia's first album) to British sounding pop-psych (\\\"Mr. Taylor's Train\\\", \\\"Psychiatrist\\\") harmony pop \u00e1 la Byrds on \\\"Looking for home\\\", a few rockin' tunes and some beautiful mid-tempos which show their We All Together influence. They alternate English & Spanish in their lyrics.On this Guerssen reissue, you'll find the complete recordings of Grupo Amigos, including their only album and a killer non-LP 45 recorded the same year. Features a booklet with liner notes and rare pictures. Taken from the original master tapes.\",\"breadcrumb\":{\"@id\":\"https:\/\/wpguerssen-test.odoo.rgbconsulting.com\/es\/producto\/paloma-mensajera-cd\/#breadcrumb\"},\"inLanguage\":\"es\",\"potentialAction\":[{\"@type\":\"ReadAction\",\"target\":[\"https:\/\/wpguerssen-test.odoo.rgbconsulting.com\/es\/producto\/paloma-mensajera-cd\/\"]}]},{\"@type\":\"ImageObject\",\"inLanguage\":\"es\",\"@id\":\"https:\/\/wpguerssen-test.odoo.rgbconsulting.com\/es\/producto\/paloma-mensajera-cd\/#primaryimage\",\"url\":\"https:\/\/wpguerssen-test.odoo.rgbconsulting.com\/wp-content\/uploads\/2022\/03\/8939.jpg\",\"contentUrl\":\"https:\/\/wpguerssen-test.odoo.rgbconsulting.com\/wp-content\/uploads\/2022\/03\/8939.jpg\",\"width\":200,\"height\":200,\"caption\":\"GRUPO AMIGOS - Paloma mensajera (CD) - GUERSSEN (CD) | Guerssen\"},{\"@type\":\"BreadcrumbList\",\"@id\":\"https:\/\/wpguerssen-test.odoo.rgbconsulting.com\/es\/producto\/paloma-mensajera-cd\/#breadcrumb\",\"itemListElement\":[{\"@type\":\"ListItem\",\"position\":1,\"name\":\"Inicio\",\"item\":\"https:\/\/wpguerssen-test.odoo.rgbconsulting.com\/es\/\"},{\"@type\":\"ListItem\",\"position\":2,\"name\":\"Shop\",\"item\":\"https:\/\/wpguerssen-test.odoo.rgbconsulting.com\/shop\/\"},{\"@type\":\"ListItem\",\"position\":3,\"name\":\"Paloma mensajera (CD)\"}]},{\"@type\":\"WebSite\",\"@id\":\"https:\/\/wpguerssen-test.odoo.rgbconsulting.com\/es\/#website\",\"url\":\"https:\/\/wpguerssen-test.odoo.rgbconsulting.com\/es\/\",\"name\":\"Guerssen records\",\"description\":\"psychedelia - progressive - folk - garage \",\"publisher\":{\"@id\":\"https:\/\/wpguerssen-test.odoo.rgbconsulting.com\/es\/#organization\"},\"potentialAction\":[{\"@type\":\"SearchAction\",\"target\":{\"@type\":\"EntryPoint\",\"urlTemplate\":\"https:\/\/wpguerssen-test.odoo.rgbconsulting.com\/es\/?s={search_term_string}\"},\"query-input\":{\"@type\":\"PropertyValueSpecification\",\"valueRequired\":true,\"valueName\":\"search_term_string\"}}],\"inLanguage\":\"es\"},{\"@type\":\"Organization\",\"@id\":\"https:\/\/wpguerssen-test.odoo.rgbconsulting.com\/es\/#organization\",\"name\":\"Guerssen records\",\"url\":\"https:\/\/wpguerssen-test.odoo.rgbconsulting.com\/es\/\",\"logo\":{\"@type\":\"ImageObject\",\"inLanguage\":\"es\",\"@id\":\"https:\/\/wpguerssen-test.odoo.rgbconsulting.com\/es\/#\/schema\/logo\/image\/\",\"url\":\"https:\/\/wpguerssen-test.odoo.rgbconsulting.com\/wp-content\/uploads\/2022\/04\/Logo_Guerssen_trans_100.png\",\"contentUrl\":\"https:\/\/wpguerssen-test.odoo.rgbconsulting.com\/wp-content\/uploads\/2022\/04\/Logo_Guerssen_trans_100.png\",\"width\":122,\"height\":100,\"caption\":\"Guerssen records\"},\"image\":{\"@id\":\"https:\/\/wpguerssen-test.odoo.rgbconsulting.com\/es\/#\/schema\/logo\/image\/\"}}]}<\/script>\n<!-- \/ Yoast SEO plugin. -->","yoast_head_json":{"title":"GRUPO AMIGOS - Paloma mensajera (CD) -  (CD) | Guerssen","description":"Originally released as a demo pressing in 1973, \"Paloma Mensajera\" by Peruvian band Grupo Amigos is without doubt one of the rarest albums from the South American psych scene. Only a handful of copies were pressed for the band members and needless to say, an original copy is impossible to find now. The band was formed by some long-time friends of Sa\u00fal and Manuel Cornejo, both from legendary Peruvian bands Laghonia and We All Together. Manuel Cornejo played drums on the album recordings and Sa\u00fal was the session engineer.Influenced by groups like Beatles, Byrds, Stones, Badfinger, Shakers and of course Laghonia and We All Together, the music ranges from terrific guitar psych-rock like \"Dirty Girl\" (which sounds like an outtake from Laghonia's first album) to British sounding pop-psych (\"Mr. Taylor's Train\", \"Psychiatrist\") harmony pop \u00e1 la Byrds on \"Looking for home\", a few rockin' tunes and some beautiful mid-tempos which show their We All Together influence. They alternate English & Spanish in their lyrics.On this Guerssen reissue, you'll find the complete recordings of Grupo Amigos, including their only album and a killer non-LP 45 recorded the same year. Features a booklet with liner notes and rare pictures. Taken from the original master tapes.","robots":{"index":"index","follow":"follow","max-snippet":"max-snippet:-1","max-image-preview":"max-image-preview:large","max-video-preview":"max-video-preview:-1"},"canonical":"https:\/\/wpguerssen-test.odoo.rgbconsulting.com\/es\/producto\/paloma-mensajera-cd\/","og_locale":"es_ES","og_type":"article","og_title":"GRUPO AMIGOS - Paloma mensajera (CD) -  (CD) | Guerssen","og_description":"Originally released as a demo pressing in 1973, \"Paloma Mensajera\" by Peruvian band Grupo Amigos is without doubt one of the rarest albums from the South American psych scene. Only a handful of copies were pressed for the band members and needless to say, an original copy is impossible to find now. The band was formed by some long-time friends of Sa\u00fal and Manuel Cornejo, both from legendary Peruvian bands Laghonia and We All Together. Manuel Cornejo played drums on the album recordings and Sa\u00fal was the session engineer.Influenced by groups like Beatles, Byrds, Stones, Badfinger, Shakers and of course Laghonia and We All Together, the music ranges from terrific guitar psych-rock like \"Dirty Girl\" (which sounds like an outtake from Laghonia's first album) to British sounding pop-psych (\"Mr. Taylor's Train\", \"Psychiatrist\") harmony pop \u00e1 la Byrds on \"Looking for home\", a few rockin' tunes and some beautiful mid-tempos which show their We All Together influence. They alternate English & Spanish in their lyrics.On this Guerssen reissue, you'll find the complete recordings of Grupo Amigos, including their only album and a killer non-LP 45 recorded the same year. Features a booklet with liner notes and rare pictures. Taken from the original master tapes.","og_url":"https:\/\/wpguerssen-test.odoo.rgbconsulting.com\/es\/producto\/paloma-mensajera-cd\/","og_site_name":"Guerssen records","article_modified_time":"2025-02-24T13:28:38+00:00","og_image":[{"width":200,"height":200,"url":"https:\/\/wpguerssen-test.odoo.rgbconsulting.com\/wp-content\/uploads\/2022\/03\/8939.jpg","type":"image\/jpeg"}],"twitter_card":"summary_large_image","twitter_title":"GRUPO AMIGOS - Paloma mensajera (CD) -  (CD) | Guerssen","twitter_misc":{"Tiempo de lectura":"1 minuto"},"schema":{"@context":"https:\/\/schema.org","@graph":[{"@type":"WebPage","@id":"https:\/\/wpguerssen-test.odoo.rgbconsulting.com\/es\/producto\/paloma-mensajera-cd\/","url":"https:\/\/wpguerssen-test.odoo.rgbconsulting.com\/es\/producto\/paloma-mensajera-cd\/","name":"GRUPO AMIGOS - Paloma mensajera (CD) - (CD) | Guerssen","isPartOf":{"@id":"https:\/\/wpguerssen-test.odoo.rgbconsulting.com\/es\/#website"},"primaryImageOfPage":{"@id":"https:\/\/wpguerssen-test.odoo.rgbconsulting.com\/es\/producto\/paloma-mensajera-cd\/#primaryimage"},"image":{"@id":"https:\/\/wpguerssen-test.odoo.rgbconsulting.com\/es\/producto\/paloma-mensajera-cd\/#primaryimage"},"thumbnailUrl":"https:\/\/wpguerssen-test.odoo.rgbconsulting.com\/wp-content\/uploads\/2022\/03\/8939.jpg","datePublished":"2008-01-13T23:00:00+00:00","dateModified":"2025-02-24T13:28:38+00:00","description":"Originally released as a demo pressing in 1973, \"Paloma Mensajera\" by Peruvian band Grupo Amigos is without doubt one of the rarest albums from the South American psych scene. Only a handful of copies were pressed for the band members and needless to say, an original copy is impossible to find now. The band was formed by some long-time friends of Sa\u00fal and Manuel Cornejo, both from legendary Peruvian bands Laghonia and We All Together. Manuel Cornejo played drums on the album recordings and Sa\u00fal was the session engineer.Influenced by groups like Beatles, Byrds, Stones, Badfinger, Shakers and of course Laghonia and We All Together, the music ranges from terrific guitar psych-rock like \"Dirty Girl\" (which sounds like an outtake from Laghonia's first album) to British sounding pop-psych (\"Mr. Taylor's Train\", \"Psychiatrist\") harmony pop \u00e1 la Byrds on \"Looking for home\", a few rockin' tunes and some beautiful mid-tempos which show their We All Together influence. They alternate English & Spanish in their lyrics.On this Guerssen reissue, you'll find the complete recordings of Grupo Amigos, including their only album and a killer non-LP 45 recorded the same year. Features a booklet with liner notes and rare pictures. Taken from the original master tapes.","breadcrumb":{"@id":"https:\/\/wpguerssen-test.odoo.rgbconsulting.com\/es\/producto\/paloma-mensajera-cd\/#breadcrumb"},"inLanguage":"es","potentialAction":[{"@type":"ReadAction","target":["https:\/\/wpguerssen-test.odoo.rgbconsulting.com\/es\/producto\/paloma-mensajera-cd\/"]}]},{"@type":"ImageObject","inLanguage":"es","@id":"https:\/\/wpguerssen-test.odoo.rgbconsulting.com\/es\/producto\/paloma-mensajera-cd\/#primaryimage","url":"https:\/\/wpguerssen-test.odoo.rgbconsulting.com\/wp-content\/uploads\/2022\/03\/8939.jpg","contentUrl":"https:\/\/wpguerssen-test.odoo.rgbconsulting.com\/wp-content\/uploads\/2022\/03\/8939.jpg","width":200,"height":200,"caption":"GRUPO AMIGOS - Paloma mensajera (CD) - GUERSSEN (CD) | Guerssen"},{"@type":"BreadcrumbList","@id":"https:\/\/wpguerssen-test.odoo.rgbconsulting.com\/es\/producto\/paloma-mensajera-cd\/#breadcrumb","itemListElement":[{"@type":"ListItem","position":1,"name":"Inicio","item":"https:\/\/wpguerssen-test.odoo.rgbconsulting.com\/es\/"},{"@type":"ListItem","position":2,"name":"Shop","item":"https:\/\/wpguerssen-test.odoo.rgbconsulting.com\/shop\/"},{"@type":"ListItem","position":3,"name":"Paloma mensajera (CD)"}]},{"@type":"WebSite","@id":"https:\/\/wpguerssen-test.odoo.rgbconsulting.com\/es\/#website","url":"https:\/\/wpguerssen-test.odoo.rgbconsulting.com\/es\/","name":"Guerssen records","description":"psychedelia - progressive - folk - garage ","publisher":{"@id":"https:\/\/wpguerssen-test.odoo.rgbconsulting.com\/es\/#organization"},"potentialAction":[{"@type":"SearchAction","target":{"@type":"EntryPoint","urlTemplate":"https:\/\/wpguerssen-test.odoo.rgbconsulting.com\/es\/?s={search_term_string}"},"query-input":{"@type":"PropertyValueSpecification","valueRequired":true,"valueName":"search_term_string"}}],"inLanguage":"es"},{"@type":"Organization","@id":"https:\/\/wpguerssen-test.odoo.rgbconsulting.com\/es\/#organization","name":"Guerssen records","url":"https:\/\/wpguerssen-test.odoo.rgbconsulting.com\/es\/","logo":{"@type":"ImageObject","inLanguage":"es","@id":"https:\/\/wpguerssen-test.odoo.rgbconsulting.com\/es\/#\/schema\/logo\/image\/","url":"https:\/\/wpguerssen-test.odoo.rgbconsulting.com\/wp-content\/uploads\/2022\/04\/Logo_Guerssen_trans_100.png","contentUrl":"https:\/\/wpguerssen-test.odoo.rgbconsulting.com\/wp-content\/uploads\/2022\/04\/Logo_Guerssen_trans_100.png","width":122,"height":100,"caption":"Guerssen records"},"image":{"@id":"https:\/\/wpguerssen-test.odoo.rgbconsulting.com\/es\/#\/schema\/logo\/image\/"}}]}},"_links":{"self":[{"href":"https:\/\/wpguerssen-test.odoo.rgbconsulting.com\/es\/wp-json\/wp\/v2\/product\/177528","targetHints":{"allow":["GET"]}}],"collection":[{"href":"https:\/\/wpguerssen-test.odoo.rgbconsulting.com\/es\/wp-json\/wp\/v2\/product"}],"about":[{"href":"https:\/\/wpguerssen-test.odoo.rgbconsulting.com\/es\/wp-json\/wp\/v2\/types\/product"}],"wp:featuredmedia":[{"embeddable":true,"href":"https:\/\/wpguerssen-test.odoo.rgbconsulting.com\/es\/wp-json\/wp\/v2\/media\/111331"}],"wp:attachment":[{"href":"https:\/\/wpguerssen-test.odoo.rgbconsulting.com\/es\/wp-json\/wp\/v2\/media?parent=177528"}],"wp:term":[{"taxonomy":"product_brand","embeddable":true,"href":"https:\/\/wpguerssen-test.odoo.rgbconsulting.com\/es\/wp-json\/wp\/v2\/product_brand?post=177528"},{"taxonomy":"product_cat","embeddable":true,"href":"https:\/\/wpguerssen-test.odoo.rgbconsulting.com\/es\/wp-json\/wp\/v2\/product_cat?post=177528"},{"taxonomy":"product_tag","embeddable":true,"href":"https:\/\/wpguerssen-test.odoo.rgbconsulting.com\/es\/wp-json\/wp\/v2\/product_tag?post=177528"}],"curies":[{"name":"wp","href":"https:\/\/api.w.org\/{rel}","templated":true}]}}