{"id":177538,"date":"2008-02-29T00:00:00","date_gmt":"2008-02-28T23:00:00","guid":{"rendered":"http:\/\/guerssen.hl1097.dinaserver.com\/product\/in-debt-cd\/"},"modified":"2025-04-01T17:38:25","modified_gmt":"2025-04-01T15:38:25","slug":"in-debt-cd","status":"publish","type":"product","link":"https:\/\/wpguerssen-test.odoo.rgbconsulting.com\/es\/producto\/in-debt-cd\/","title":{"rendered":"In debt (CD)"},"content":{"rendered":"<p>Bill Cooley y Alan Munson eran dos amigos en Santa Barbara, California, disfrutando de su reci\u00e9n estrenados 20s, y pasaban su tiempo escribiendo canciones de folk-rock para su propio placer. Eso era en 1972, y tras unos meses decidieron meterse en estudio y autoproducirse el  \u00e1lbum, fabricar 500 copias esperando que eso les ayudase a obtener un contrato con un sello grande. Eso nunca ocurri\u00f3, como puedes imaginar, y est\u00e1 claro que eso ayud\u00f3 a hacer de su \u00abIn debt\u00bb un codiciado coleccionable entre los aficionados y coleccionistas de folk-rock y rock psicod\u00e9lico. <\/p>\n<p> Siendo un prensaje privado, puedes f\u00e1cilmente suponer que no es ninguna super-producci\u00f3n, pero da igual. Precisamente ese es parte de su encanto, y no necesitar\u00e1s mucho m\u00e1s para hacer de este uno de tus recientes favoritos. Es folk-rock, pero varios temas son psicod\u00e9licos tambi\u00e9n, a su manera. De todas formas, no busques influencias, te va a costar&#8230;. Bill y Alan ten\u00edan su propio estilo de folk-rock psicod\u00e9lico, y la rudeza y amauterismo que tienen estas grabaciones le dan un toque distintivo encantador. <\/p>\n<p> Nunca reeditado antes en ning\u00fan formato, aqu\u00ed estamos con una espl\u00e9ndida reedici\u00f3n, con la colaboraci\u00f3n de los m\u00fasicos. Remasterizado a partir de las cintas originales, incluyendo un insert con notas y fotos in\u00e9ditas. Naturalmente, reproduciendo el genial arte original. La versi\u00f3n CD viene con booklet y nuestra habitual faja de cart\u00f3n.<br \/>Alan Munson sigui\u00f3 la senda del folk-rock, y grab\u00f3 dos excelentes discos m\u00e1s durante los 70, los cuales tambi\u00e9n reeditamos al mismo tiempo que \u00abIn debt\u00bb.<\/p>\n","protected":false},"excerpt":{"rendered":"<p>Bill Cooley y Alan Munson eran dos amigos en Santa Barbara, California, disfrutando de su reci\u00e9n estrenados 20s, y pasaban su tiempo escribiendo canciones de folk-rock<a class=\"read\" href=\"https:\/\/wpguerssen-test.odoo.rgbconsulting.com\/es\/producto\/in-debt-cd\/\"> (...)<\/a>","protected":false},"featured_media":111367,"template":"","meta":{"_acf_changed":false},"product_brand":[],"product_cat":[21639,23274],"product_tag":[29138,24190],"class_list":{"0":"post-177538","1":"product","2":"type-product","3":"status-publish","4":"has-post-thumbnail","6":"product_cat-psychedelic60s-70s-es","7":"product_cat-folk-rock-60s-70s-es","8":"product_tag-cd-es","9":"product_tag-sales-es","10":"pa_artist-cooley-munson-es","11":"pa_format-cd-2-es","12":"pa_gender-folk-rock-60s-70s-psychedelic60s-70s","13":"pa_label-guerssen-es","14":"pa_location-north-america-es","16":"first","17":"instock","18":"taxable","19":"shipping-taxable","20":"purchasable","21":"product-type-simple"},"acf":[],"yoast_head":"<!-- This site is optimized with the Yoast SEO plugin v24.9 - https:\/\/yoast.com\/wordpress\/plugins\/seo\/ -->\n<title>COOLEY - MUNSON - In debt (CD) -  (CD) | Guerssen<\/title>\n<meta name=\"description\" content=\"Bill Cooley and Alan Munson were two friends in Santa Barbara, California, living their early twenties writing folk-rock songs for their pleasure. That was 1972, and they decided to put these songs into studio, autoproduce the album and press a tiny quantity of 500 pieces hoping it could help getting a contract with a major company. This never happened, and as you would have guessed, this fact helped to make their sole album, &quot;In Debt&quot;, a major collectable item with the folk-rock and psychedelic rock listeners and collectors. Today, original copies of this record fetch quite interesting sums when changing hands in record fairs or internet auctions. #nl# Being a private pressing, you can easily imagine it&#039;s not a big production, but no care. This album has the right feel and you won&#039;t need anything else to make it one of your recent faves. All tracks are original compositions, and the style is very personal. It&#039;s folk-rock, but many tracks are quite psychedelic too, in their own way. But don&#039;t look close for influences, they will not come to mind that easily.... Bill and Alan had their own psychedelic folk-rock style, and the raw, sometimes amateurish feel that these recordings have, give the album the final distinctive touch.Never reissued before in any format, now here we come with a splendid reissue, with the collaboration of the guys. Remastered sound taken from the original mastertapes, and including an insert with linernotes and unseen pictures. Dig that amazing artwork too! A must! CD version comes with booklet and outer slimcase.Alan Munson kept going the folk-rock way and released two solo albums during the 70&#039;s too, which we are also re-releasing along with &quot;In Debt&quot;.\" \/>\n<meta name=\"robots\" content=\"index, follow, max-snippet:-1, max-image-preview:large, max-video-preview:-1\" \/>\n<link rel=\"canonical\" href=\"https:\/\/wpguerssen-test.odoo.rgbconsulting.com\/es\/producto\/in-debt-cd\/\" \/>\n<meta property=\"og:locale\" content=\"es_ES\" \/>\n<meta property=\"og:type\" content=\"article\" \/>\n<meta property=\"og:title\" content=\"COOLEY - MUNSON - In debt (CD) -  (CD) | Guerssen\" \/>\n<meta property=\"og:description\" content=\"Bill Cooley and Alan Munson were two friends in Santa Barbara, California, living their early twenties writing folk-rock songs for their pleasure. That was 1972, and they decided to put these songs into studio, autoproduce the album and press a tiny quantity of 500 pieces hoping it could help getting a contract with a major company. This never happened, and as you would have guessed, this fact helped to make their sole album, &quot;In Debt&quot;, a major collectable item with the folk-rock and psychedelic rock listeners and collectors. Today, original copies of this record fetch quite interesting sums when changing hands in record fairs or internet auctions. #nl# Being a private pressing, you can easily imagine it&#039;s not a big production, but no care. This album has the right feel and you won&#039;t need anything else to make it one of your recent faves. All tracks are original compositions, and the style is very personal. It&#039;s folk-rock, but many tracks are quite psychedelic too, in their own way. But don&#039;t look close for influences, they will not come to mind that easily.... Bill and Alan had their own psychedelic folk-rock style, and the raw, sometimes amateurish feel that these recordings have, give the album the final distinctive touch.Never reissued before in any format, now here we come with a splendid reissue, with the collaboration of the guys. Remastered sound taken from the original mastertapes, and including an insert with linernotes and unseen pictures. Dig that amazing artwork too! A must! CD version comes with booklet and outer slimcase.Alan Munson kept going the folk-rock way and released two solo albums during the 70&#039;s too, which we are also re-releasing along with &quot;In Debt&quot;.\" \/>\n<meta property=\"og:url\" content=\"https:\/\/wpguerssen-test.odoo.rgbconsulting.com\/es\/producto\/in-debt-cd\/\" \/>\n<meta property=\"og:site_name\" content=\"Guerssen records\" \/>\n<meta property=\"article:modified_time\" content=\"2025-04-01T15:38:25+00:00\" \/>\n<meta name=\"twitter:card\" content=\"summary_large_image\" \/>\n<meta name=\"twitter:title\" content=\"COOLEY - MUNSON - In debt (CD) -  (CD) | Guerssen\" \/>\n<meta name=\"twitter:label1\" content=\"Tiempo de lectura\" \/>\n\t<meta name=\"twitter:data1\" content=\"1 minuto\" \/>\n<script type=\"application\/ld+json\" class=\"yoast-schema-graph\">{\"@context\":\"https:\/\/schema.org\",\"@graph\":[{\"@type\":\"WebPage\",\"@id\":\"https:\/\/wpguerssen-test.odoo.rgbconsulting.com\/es\/producto\/in-debt-cd\/\",\"url\":\"https:\/\/wpguerssen-test.odoo.rgbconsulting.com\/es\/producto\/in-debt-cd\/\",\"name\":\"COOLEY - MUNSON - In debt (CD) - (CD) | Guerssen\",\"isPartOf\":{\"@id\":\"https:\/\/wpguerssen-test.odoo.rgbconsulting.com\/es\/#website\"},\"primaryImageOfPage\":{\"@id\":\"https:\/\/wpguerssen-test.odoo.rgbconsulting.com\/es\/producto\/in-debt-cd\/#primaryimage\"},\"image\":{\"@id\":\"https:\/\/wpguerssen-test.odoo.rgbconsulting.com\/es\/producto\/in-debt-cd\/#primaryimage\"},\"thumbnailUrl\":\"https:\/\/wpguerssen-test.odoo.rgbconsulting.com\/wp-content\/uploads\/2022\/03\/9101.jpg\",\"datePublished\":\"2008-02-28T23:00:00+00:00\",\"dateModified\":\"2025-04-01T15:38:25+00:00\",\"description\":\"Bill Cooley and Alan Munson were two friends in Santa Barbara, California, living their early twenties writing folk-rock songs for their pleasure. That was 1972, and they decided to put these songs into studio, autoproduce the album and press a tiny quantity of 500 pieces hoping it could help getting a contract with a major company. This never happened, and as you would have guessed, this fact helped to make their sole album, \\\"In Debt\\\", a major collectable item with the folk-rock and psychedelic rock listeners and collectors. Today, original copies of this record fetch quite interesting sums when changing hands in record fairs or internet auctions. #nl# Being a private pressing, you can easily imagine it's not a big production, but no care. This album has the right feel and you won't need anything else to make it one of your recent faves. All tracks are original compositions, and the style is very personal. It's folk-rock, but many tracks are quite psychedelic too, in their own way. But don't look close for influences, they will not come to mind that easily.... Bill and Alan had their own psychedelic folk-rock style, and the raw, sometimes amateurish feel that these recordings have, give the album the final distinctive touch.Never reissued before in any format, now here we come with a splendid reissue, with the collaboration of the guys. Remastered sound taken from the original mastertapes, and including an insert with linernotes and unseen pictures. Dig that amazing artwork too! A must! CD version comes with booklet and outer slimcase.Alan Munson kept going the folk-rock way and released two solo albums during the 70's too, which we are also re-releasing along with \\\"In Debt\\\".\",\"breadcrumb\":{\"@id\":\"https:\/\/wpguerssen-test.odoo.rgbconsulting.com\/es\/producto\/in-debt-cd\/#breadcrumb\"},\"inLanguage\":\"es\",\"potentialAction\":[{\"@type\":\"ReadAction\",\"target\":[\"https:\/\/wpguerssen-test.odoo.rgbconsulting.com\/es\/producto\/in-debt-cd\/\"]}]},{\"@type\":\"ImageObject\",\"inLanguage\":\"es\",\"@id\":\"https:\/\/wpguerssen-test.odoo.rgbconsulting.com\/es\/producto\/in-debt-cd\/#primaryimage\",\"url\":\"https:\/\/wpguerssen-test.odoo.rgbconsulting.com\/wp-content\/uploads\/2022\/03\/9101.jpg\",\"contentUrl\":\"https:\/\/wpguerssen-test.odoo.rgbconsulting.com\/wp-content\/uploads\/2022\/03\/9101.jpg\",\"width\":180,\"height\":180,\"caption\":\"COOLEY - MUNSON - In debt (CD) - GUERSSEN (CD) | Guerssen\"},{\"@type\":\"BreadcrumbList\",\"@id\":\"https:\/\/wpguerssen-test.odoo.rgbconsulting.com\/es\/producto\/in-debt-cd\/#breadcrumb\",\"itemListElement\":[{\"@type\":\"ListItem\",\"position\":1,\"name\":\"Inicio\",\"item\":\"https:\/\/wpguerssen-test.odoo.rgbconsulting.com\/es\/\"},{\"@type\":\"ListItem\",\"position\":2,\"name\":\"Shop\",\"item\":\"https:\/\/wpguerssen-test.odoo.rgbconsulting.com\/shop\/\"},{\"@type\":\"ListItem\",\"position\":3,\"name\":\"In debt (CD)\"}]},{\"@type\":\"WebSite\",\"@id\":\"https:\/\/wpguerssen-test.odoo.rgbconsulting.com\/es\/#website\",\"url\":\"https:\/\/wpguerssen-test.odoo.rgbconsulting.com\/es\/\",\"name\":\"Guerssen records\",\"description\":\"psychedelia - progressive - folk - garage \",\"publisher\":{\"@id\":\"https:\/\/wpguerssen-test.odoo.rgbconsulting.com\/es\/#organization\"},\"potentialAction\":[{\"@type\":\"SearchAction\",\"target\":{\"@type\":\"EntryPoint\",\"urlTemplate\":\"https:\/\/wpguerssen-test.odoo.rgbconsulting.com\/es\/?s={search_term_string}\"},\"query-input\":{\"@type\":\"PropertyValueSpecification\",\"valueRequired\":true,\"valueName\":\"search_term_string\"}}],\"inLanguage\":\"es\"},{\"@type\":\"Organization\",\"@id\":\"https:\/\/wpguerssen-test.odoo.rgbconsulting.com\/es\/#organization\",\"name\":\"Guerssen records\",\"url\":\"https:\/\/wpguerssen-test.odoo.rgbconsulting.com\/es\/\",\"logo\":{\"@type\":\"ImageObject\",\"inLanguage\":\"es\",\"@id\":\"https:\/\/wpguerssen-test.odoo.rgbconsulting.com\/es\/#\/schema\/logo\/image\/\",\"url\":\"https:\/\/wpguerssen-test.odoo.rgbconsulting.com\/wp-content\/uploads\/2022\/04\/Logo_Guerssen_trans_100.png\",\"contentUrl\":\"https:\/\/wpguerssen-test.odoo.rgbconsulting.com\/wp-content\/uploads\/2022\/04\/Logo_Guerssen_trans_100.png\",\"width\":122,\"height\":100,\"caption\":\"Guerssen records\"},\"image\":{\"@id\":\"https:\/\/wpguerssen-test.odoo.rgbconsulting.com\/es\/#\/schema\/logo\/image\/\"}}]}<\/script>\n<!-- \/ Yoast SEO plugin. -->","yoast_head_json":{"title":"COOLEY - MUNSON - In debt (CD) -  (CD) | Guerssen","description":"Bill Cooley and Alan Munson were two friends in Santa Barbara, California, living their early twenties writing folk-rock songs for their pleasure. That was 1972, and they decided to put these songs into studio, autoproduce the album and press a tiny quantity of 500 pieces hoping it could help getting a contract with a major company. This never happened, and as you would have guessed, this fact helped to make their sole album, \"In Debt\", a major collectable item with the folk-rock and psychedelic rock listeners and collectors. Today, original copies of this record fetch quite interesting sums when changing hands in record fairs or internet auctions. #nl# Being a private pressing, you can easily imagine it's not a big production, but no care. This album has the right feel and you won't need anything else to make it one of your recent faves. All tracks are original compositions, and the style is very personal. It's folk-rock, but many tracks are quite psychedelic too, in their own way. But don't look close for influences, they will not come to mind that easily.... Bill and Alan had their own psychedelic folk-rock style, and the raw, sometimes amateurish feel that these recordings have, give the album the final distinctive touch.Never reissued before in any format, now here we come with a splendid reissue, with the collaboration of the guys. Remastered sound taken from the original mastertapes, and including an insert with linernotes and unseen pictures. Dig that amazing artwork too! A must! CD version comes with booklet and outer slimcase.Alan Munson kept going the folk-rock way and released two solo albums during the 70's too, which we are also re-releasing along with \"In Debt\".","robots":{"index":"index","follow":"follow","max-snippet":"max-snippet:-1","max-image-preview":"max-image-preview:large","max-video-preview":"max-video-preview:-1"},"canonical":"https:\/\/wpguerssen-test.odoo.rgbconsulting.com\/es\/producto\/in-debt-cd\/","og_locale":"es_ES","og_type":"article","og_title":"COOLEY - MUNSON - In debt (CD) -  (CD) | Guerssen","og_description":"Bill Cooley and Alan Munson were two friends in Santa Barbara, California, living their early twenties writing folk-rock songs for their pleasure. That was 1972, and they decided to put these songs into studio, autoproduce the album and press a tiny quantity of 500 pieces hoping it could help getting a contract with a major company. This never happened, and as you would have guessed, this fact helped to make their sole album, \"In Debt\", a major collectable item with the folk-rock and psychedelic rock listeners and collectors. Today, original copies of this record fetch quite interesting sums when changing hands in record fairs or internet auctions. #nl# Being a private pressing, you can easily imagine it's not a big production, but no care. This album has the right feel and you won't need anything else to make it one of your recent faves. All tracks are original compositions, and the style is very personal. It's folk-rock, but many tracks are quite psychedelic too, in their own way. But don't look close for influences, they will not come to mind that easily.... Bill and Alan had their own psychedelic folk-rock style, and the raw, sometimes amateurish feel that these recordings have, give the album the final distinctive touch.Never reissued before in any format, now here we come with a splendid reissue, with the collaboration of the guys. Remastered sound taken from the original mastertapes, and including an insert with linernotes and unseen pictures. Dig that amazing artwork too! A must! CD version comes with booklet and outer slimcase.Alan Munson kept going the folk-rock way and released two solo albums during the 70's too, which we are also re-releasing along with \"In Debt\".","og_url":"https:\/\/wpguerssen-test.odoo.rgbconsulting.com\/es\/producto\/in-debt-cd\/","og_site_name":"Guerssen records","article_modified_time":"2025-04-01T15:38:25+00:00","twitter_card":"summary_large_image","twitter_title":"COOLEY - MUNSON - In debt (CD) -  (CD) | Guerssen","twitter_misc":{"Tiempo de lectura":"1 minuto"},"schema":{"@context":"https:\/\/schema.org","@graph":[{"@type":"WebPage","@id":"https:\/\/wpguerssen-test.odoo.rgbconsulting.com\/es\/producto\/in-debt-cd\/","url":"https:\/\/wpguerssen-test.odoo.rgbconsulting.com\/es\/producto\/in-debt-cd\/","name":"COOLEY - MUNSON - In debt (CD) - (CD) | Guerssen","isPartOf":{"@id":"https:\/\/wpguerssen-test.odoo.rgbconsulting.com\/es\/#website"},"primaryImageOfPage":{"@id":"https:\/\/wpguerssen-test.odoo.rgbconsulting.com\/es\/producto\/in-debt-cd\/#primaryimage"},"image":{"@id":"https:\/\/wpguerssen-test.odoo.rgbconsulting.com\/es\/producto\/in-debt-cd\/#primaryimage"},"thumbnailUrl":"https:\/\/wpguerssen-test.odoo.rgbconsulting.com\/wp-content\/uploads\/2022\/03\/9101.jpg","datePublished":"2008-02-28T23:00:00+00:00","dateModified":"2025-04-01T15:38:25+00:00","description":"Bill Cooley and Alan Munson were two friends in Santa Barbara, California, living their early twenties writing folk-rock songs for their pleasure. That was 1972, and they decided to put these songs into studio, autoproduce the album and press a tiny quantity of 500 pieces hoping it could help getting a contract with a major company. This never happened, and as you would have guessed, this fact helped to make their sole album, \"In Debt\", a major collectable item with the folk-rock and psychedelic rock listeners and collectors. Today, original copies of this record fetch quite interesting sums when changing hands in record fairs or internet auctions. #nl# Being a private pressing, you can easily imagine it's not a big production, but no care. This album has the right feel and you won't need anything else to make it one of your recent faves. All tracks are original compositions, and the style is very personal. It's folk-rock, but many tracks are quite psychedelic too, in their own way. But don't look close for influences, they will not come to mind that easily.... Bill and Alan had their own psychedelic folk-rock style, and the raw, sometimes amateurish feel that these recordings have, give the album the final distinctive touch.Never reissued before in any format, now here we come with a splendid reissue, with the collaboration of the guys. Remastered sound taken from the original mastertapes, and including an insert with linernotes and unseen pictures. Dig that amazing artwork too! A must! CD version comes with booklet and outer slimcase.Alan Munson kept going the folk-rock way and released two solo albums during the 70's too, which we are also re-releasing along with \"In Debt\".","breadcrumb":{"@id":"https:\/\/wpguerssen-test.odoo.rgbconsulting.com\/es\/producto\/in-debt-cd\/#breadcrumb"},"inLanguage":"es","potentialAction":[{"@type":"ReadAction","target":["https:\/\/wpguerssen-test.odoo.rgbconsulting.com\/es\/producto\/in-debt-cd\/"]}]},{"@type":"ImageObject","inLanguage":"es","@id":"https:\/\/wpguerssen-test.odoo.rgbconsulting.com\/es\/producto\/in-debt-cd\/#primaryimage","url":"https:\/\/wpguerssen-test.odoo.rgbconsulting.com\/wp-content\/uploads\/2022\/03\/9101.jpg","contentUrl":"https:\/\/wpguerssen-test.odoo.rgbconsulting.com\/wp-content\/uploads\/2022\/03\/9101.jpg","width":180,"height":180,"caption":"COOLEY - MUNSON - In debt (CD) - GUERSSEN (CD) | Guerssen"},{"@type":"BreadcrumbList","@id":"https:\/\/wpguerssen-test.odoo.rgbconsulting.com\/es\/producto\/in-debt-cd\/#breadcrumb","itemListElement":[{"@type":"ListItem","position":1,"name":"Inicio","item":"https:\/\/wpguerssen-test.odoo.rgbconsulting.com\/es\/"},{"@type":"ListItem","position":2,"name":"Shop","item":"https:\/\/wpguerssen-test.odoo.rgbconsulting.com\/shop\/"},{"@type":"ListItem","position":3,"name":"In debt (CD)"}]},{"@type":"WebSite","@id":"https:\/\/wpguerssen-test.odoo.rgbconsulting.com\/es\/#website","url":"https:\/\/wpguerssen-test.odoo.rgbconsulting.com\/es\/","name":"Guerssen records","description":"psychedelia - progressive - folk - garage ","publisher":{"@id":"https:\/\/wpguerssen-test.odoo.rgbconsulting.com\/es\/#organization"},"potentialAction":[{"@type":"SearchAction","target":{"@type":"EntryPoint","urlTemplate":"https:\/\/wpguerssen-test.odoo.rgbconsulting.com\/es\/?s={search_term_string}"},"query-input":{"@type":"PropertyValueSpecification","valueRequired":true,"valueName":"search_term_string"}}],"inLanguage":"es"},{"@type":"Organization","@id":"https:\/\/wpguerssen-test.odoo.rgbconsulting.com\/es\/#organization","name":"Guerssen records","url":"https:\/\/wpguerssen-test.odoo.rgbconsulting.com\/es\/","logo":{"@type":"ImageObject","inLanguage":"es","@id":"https:\/\/wpguerssen-test.odoo.rgbconsulting.com\/es\/#\/schema\/logo\/image\/","url":"https:\/\/wpguerssen-test.odoo.rgbconsulting.com\/wp-content\/uploads\/2022\/04\/Logo_Guerssen_trans_100.png","contentUrl":"https:\/\/wpguerssen-test.odoo.rgbconsulting.com\/wp-content\/uploads\/2022\/04\/Logo_Guerssen_trans_100.png","width":122,"height":100,"caption":"Guerssen records"},"image":{"@id":"https:\/\/wpguerssen-test.odoo.rgbconsulting.com\/es\/#\/schema\/logo\/image\/"}}]}},"_links":{"self":[{"href":"https:\/\/wpguerssen-test.odoo.rgbconsulting.com\/es\/wp-json\/wp\/v2\/product\/177538","targetHints":{"allow":["GET"]}}],"collection":[{"href":"https:\/\/wpguerssen-test.odoo.rgbconsulting.com\/es\/wp-json\/wp\/v2\/product"}],"about":[{"href":"https:\/\/wpguerssen-test.odoo.rgbconsulting.com\/es\/wp-json\/wp\/v2\/types\/product"}],"wp:featuredmedia":[{"embeddable":true,"href":"https:\/\/wpguerssen-test.odoo.rgbconsulting.com\/es\/wp-json\/wp\/v2\/media\/111367"}],"wp:attachment":[{"href":"https:\/\/wpguerssen-test.odoo.rgbconsulting.com\/es\/wp-json\/wp\/v2\/media?parent=177538"}],"wp:term":[{"taxonomy":"product_brand","embeddable":true,"href":"https:\/\/wpguerssen-test.odoo.rgbconsulting.com\/es\/wp-json\/wp\/v2\/product_brand?post=177538"},{"taxonomy":"product_cat","embeddable":true,"href":"https:\/\/wpguerssen-test.odoo.rgbconsulting.com\/es\/wp-json\/wp\/v2\/product_cat?post=177538"},{"taxonomy":"product_tag","embeddable":true,"href":"https:\/\/wpguerssen-test.odoo.rgbconsulting.com\/es\/wp-json\/wp\/v2\/product_tag?post=177538"}],"curies":[{"name":"wp","href":"https:\/\/api.w.org\/{rel}","templated":true}]}}