{"id":177539,"date":"2008-02-29T00:00:00","date_gmt":"2008-02-28T23:00:00","guid":{"rendered":"http:\/\/guerssen.hl1097.dinaserver.com\/product\/first-light-cd\/"},"modified":"2024-10-28T15:25:09","modified_gmt":"2024-10-28T14:25:09","slug":"first-light-cd","status":"publish","type":"product","link":"https:\/\/wpguerssen-test.odoo.rgbconsulting.com\/es\/producto\/first-light-cd\/","title":{"rendered":"First light (CD)"},"content":{"rendered":"<p>Y aqu\u00ed est\u00e1 el ultimo de los trabajos de nuestro amigo Munson en los 70! Este fue editado en 1979, de nuevo en micro-cantidades, en el sello californiano Parallax.<br \/>\u00abFirst light\u00bb no encaja f\u00e1cilmente en ninguna categor\u00eda musical&#8230;.las canciones varias desde psych rock hasta \u00ablaid-back\u00bb folk-rock, e incluso un tema con aires country rock. Guitarras ac\u00fasticas y el\u00e9ctricas, bajo y bater\u00eda, demostrando su afici\u00f3n por arreglar las canciones a base de solos, a la vez que us\u00f3 tambi\u00e9n efectos de guitarra en los temas m\u00e1s psych-rock. Excelente voz principal acompa\u00f1ada de harmon\u00edas de fondo.<br \/>En resumen, otro excelente album que har\u00e1 las delicias de los aficionados al folk-rock norteamericano. Adem\u00e1s, con un bonus track in\u00e9dito, y todo masterizado de las cintas originales. Incluye un booklet tambi\u00e9n, adem\u00e1s de la habitual faja exterior de cart\u00f3n.<\/p>\n","protected":false},"excerpt":{"rendered":"<p>Y aqu\u00ed est\u00e1 el ultimo de los trabajos de nuestro amigo Munson en los 70! Este fue editado en 1979, de nuevo en micro-cantidades, en el sello californiano Parallax.<br<a class=\"read\" href=\"https:\/\/wpguerssen-test.odoo.rgbconsulting.com\/es\/producto\/first-light-cd\/\"> (...)<\/a>","protected":false},"featured_media":111370,"template":"","meta":{"_acf_changed":false},"product_brand":[],"product_cat":[21639,23271],"product_tag":[29138,24190],"class_list":{"0":"post-177539","1":"product","2":"type-product","3":"status-publish","4":"has-post-thumbnail","6":"product_cat-psychedelic60s-70s-es","7":"product_cat-folk-60s-70s-es","8":"product_tag-cd-es","9":"product_tag-sales-es","10":"pa_artist-munson-alan-es","11":"pa_format-cd-2-es","12":"pa_gender-psychedelic60s-70s-folk-60s-70s","13":"pa_label-guerssen-es","14":"pa_location-north-america-es","16":"first","17":"instock","18":"taxable","19":"shipping-taxable","20":"purchasable","21":"product-type-simple"},"acf":[],"yoast_head":"<!-- This site is optimized with the Yoast SEO plugin v24.9 - https:\/\/yoast.com\/wordpress\/plugins\/seo\/ -->\n<title>MUNSON, Alan - First light (CD) -  (CD) | Guerssen<\/title>\n<meta name=\"description\" content=\"And here&#039;s the last of the 70&#039;s works by our friend Munson! This one got released in 1979, again in small quantities, on the Parallax label in California.The &quot;First light&quot; album doesn&#039;t easily fit into a music category box. The songs range from psych rock, to some fairly &quot;laid back&quot; folk-rock, and even a song with a country rock feel. Instruments played on the record include electric and acoustic guitars, electric bass and drums. Lead solos are all played on electric guitar; a &quot;clean&quot; sound on the acoustic based songs and guitar effects were used on the psych rock songs. Strong lead vocals and background harmony vocals, making this another excellent album as a result. Also one unreleased bonus track is added, all remastered from the original tapes.First time ever reissue as well, the CD comes with a booklet, and outer carton slimcase.\" \/>\n<meta name=\"robots\" content=\"index, follow, max-snippet:-1, max-image-preview:large, max-video-preview:-1\" \/>\n<link rel=\"canonical\" href=\"https:\/\/wpguerssen-test.odoo.rgbconsulting.com\/es\/producto\/first-light-cd\/\" \/>\n<meta property=\"og:locale\" content=\"es_ES\" \/>\n<meta property=\"og:type\" content=\"article\" \/>\n<meta property=\"og:title\" content=\"MUNSON, Alan - First light (CD) -  (CD) | Guerssen\" \/>\n<meta property=\"og:description\" content=\"And here&#039;s the last of the 70&#039;s works by our friend Munson! This one got released in 1979, again in small quantities, on the Parallax label in California.The &quot;First light&quot; album doesn&#039;t easily fit into a music category box. The songs range from psych rock, to some fairly &quot;laid back&quot; folk-rock, and even a song with a country rock feel. Instruments played on the record include electric and acoustic guitars, electric bass and drums. Lead solos are all played on electric guitar; a &quot;clean&quot; sound on the acoustic based songs and guitar effects were used on the psych rock songs. Strong lead vocals and background harmony vocals, making this another excellent album as a result. Also one unreleased bonus track is added, all remastered from the original tapes.First time ever reissue as well, the CD comes with a booklet, and outer carton slimcase.\" \/>\n<meta property=\"og:url\" content=\"https:\/\/wpguerssen-test.odoo.rgbconsulting.com\/es\/producto\/first-light-cd\/\" \/>\n<meta property=\"og:site_name\" content=\"Guerssen records\" \/>\n<meta property=\"article:modified_time\" content=\"2024-10-28T14:25:09+00:00\" \/>\n<meta name=\"twitter:card\" content=\"summary_large_image\" \/>\n<meta name=\"twitter:title\" content=\"MUNSON, Alan - First light (CD) -  (CD) | Guerssen\" \/>\n<meta name=\"twitter:label1\" content=\"Tiempo de lectura\" \/>\n\t<meta name=\"twitter:data1\" content=\"1 minuto\" \/>\n<script type=\"application\/ld+json\" class=\"yoast-schema-graph\">{\"@context\":\"https:\/\/schema.org\",\"@graph\":[{\"@type\":\"WebPage\",\"@id\":\"https:\/\/wpguerssen-test.odoo.rgbconsulting.com\/es\/producto\/first-light-cd\/\",\"url\":\"https:\/\/wpguerssen-test.odoo.rgbconsulting.com\/es\/producto\/first-light-cd\/\",\"name\":\"MUNSON, Alan - First light (CD) - (CD) | Guerssen\",\"isPartOf\":{\"@id\":\"https:\/\/wpguerssen-test.odoo.rgbconsulting.com\/es\/#website\"},\"primaryImageOfPage\":{\"@id\":\"https:\/\/wpguerssen-test.odoo.rgbconsulting.com\/es\/producto\/first-light-cd\/#primaryimage\"},\"image\":{\"@id\":\"https:\/\/wpguerssen-test.odoo.rgbconsulting.com\/es\/producto\/first-light-cd\/#primaryimage\"},\"thumbnailUrl\":\"https:\/\/wpguerssen-test.odoo.rgbconsulting.com\/wp-content\/uploads\/2022\/03\/9102.jpg\",\"datePublished\":\"2008-02-28T23:00:00+00:00\",\"dateModified\":\"2024-10-28T14:25:09+00:00\",\"description\":\"And here's the last of the 70's works by our friend Munson! This one got released in 1979, again in small quantities, on the Parallax label in California.The \\\"First light\\\" album doesn't easily fit into a music category box. The songs range from psych rock, to some fairly \\\"laid back\\\" folk-rock, and even a song with a country rock feel. Instruments played on the record include electric and acoustic guitars, electric bass and drums. Lead solos are all played on electric guitar; a \\\"clean\\\" sound on the acoustic based songs and guitar effects were used on the psych rock songs. Strong lead vocals and background harmony vocals, making this another excellent album as a result. Also one unreleased bonus track is added, all remastered from the original tapes.First time ever reissue as well, the CD comes with a booklet, and outer carton slimcase.\",\"breadcrumb\":{\"@id\":\"https:\/\/wpguerssen-test.odoo.rgbconsulting.com\/es\/producto\/first-light-cd\/#breadcrumb\"},\"inLanguage\":\"es\",\"potentialAction\":[{\"@type\":\"ReadAction\",\"target\":[\"https:\/\/wpguerssen-test.odoo.rgbconsulting.com\/es\/producto\/first-light-cd\/\"]}]},{\"@type\":\"ImageObject\",\"inLanguage\":\"es\",\"@id\":\"https:\/\/wpguerssen-test.odoo.rgbconsulting.com\/es\/producto\/first-light-cd\/#primaryimage\",\"url\":\"https:\/\/wpguerssen-test.odoo.rgbconsulting.com\/wp-content\/uploads\/2022\/03\/9102.jpg\",\"contentUrl\":\"https:\/\/wpguerssen-test.odoo.rgbconsulting.com\/wp-content\/uploads\/2022\/03\/9102.jpg\",\"width\":180,\"height\":180,\"caption\":\"Alan - First light (CD) - GUERSSEN (CD) | Guerssen\"},{\"@type\":\"BreadcrumbList\",\"@id\":\"https:\/\/wpguerssen-test.odoo.rgbconsulting.com\/es\/producto\/first-light-cd\/#breadcrumb\",\"itemListElement\":[{\"@type\":\"ListItem\",\"position\":1,\"name\":\"Inicio\",\"item\":\"https:\/\/wpguerssen-test.odoo.rgbconsulting.com\/es\/\"},{\"@type\":\"ListItem\",\"position\":2,\"name\":\"Shop\",\"item\":\"https:\/\/wpguerssen-test.odoo.rgbconsulting.com\/shop\/\"},{\"@type\":\"ListItem\",\"position\":3,\"name\":\"First light (CD)\"}]},{\"@type\":\"WebSite\",\"@id\":\"https:\/\/wpguerssen-test.odoo.rgbconsulting.com\/es\/#website\",\"url\":\"https:\/\/wpguerssen-test.odoo.rgbconsulting.com\/es\/\",\"name\":\"Guerssen records\",\"description\":\"psychedelia - progressive - folk - garage \",\"publisher\":{\"@id\":\"https:\/\/wpguerssen-test.odoo.rgbconsulting.com\/es\/#organization\"},\"potentialAction\":[{\"@type\":\"SearchAction\",\"target\":{\"@type\":\"EntryPoint\",\"urlTemplate\":\"https:\/\/wpguerssen-test.odoo.rgbconsulting.com\/es\/?s={search_term_string}\"},\"query-input\":{\"@type\":\"PropertyValueSpecification\",\"valueRequired\":true,\"valueName\":\"search_term_string\"}}],\"inLanguage\":\"es\"},{\"@type\":\"Organization\",\"@id\":\"https:\/\/wpguerssen-test.odoo.rgbconsulting.com\/es\/#organization\",\"name\":\"Guerssen records\",\"url\":\"https:\/\/wpguerssen-test.odoo.rgbconsulting.com\/es\/\",\"logo\":{\"@type\":\"ImageObject\",\"inLanguage\":\"es\",\"@id\":\"https:\/\/wpguerssen-test.odoo.rgbconsulting.com\/es\/#\/schema\/logo\/image\/\",\"url\":\"https:\/\/wpguerssen-test.odoo.rgbconsulting.com\/wp-content\/uploads\/2022\/04\/Logo_Guerssen_trans_100.png\",\"contentUrl\":\"https:\/\/wpguerssen-test.odoo.rgbconsulting.com\/wp-content\/uploads\/2022\/04\/Logo_Guerssen_trans_100.png\",\"width\":122,\"height\":100,\"caption\":\"Guerssen records\"},\"image\":{\"@id\":\"https:\/\/wpguerssen-test.odoo.rgbconsulting.com\/es\/#\/schema\/logo\/image\/\"}}]}<\/script>\n<!-- \/ Yoast SEO plugin. -->","yoast_head_json":{"title":"MUNSON, Alan - First light (CD) -  (CD) | Guerssen","description":"And here's the last of the 70's works by our friend Munson! This one got released in 1979, again in small quantities, on the Parallax label in California.The \"First light\" album doesn't easily fit into a music category box. The songs range from psych rock, to some fairly \"laid back\" folk-rock, and even a song with a country rock feel. Instruments played on the record include electric and acoustic guitars, electric bass and drums. Lead solos are all played on electric guitar; a \"clean\" sound on the acoustic based songs and guitar effects were used on the psych rock songs. Strong lead vocals and background harmony vocals, making this another excellent album as a result. Also one unreleased bonus track is added, all remastered from the original tapes.First time ever reissue as well, the CD comes with a booklet, and outer carton slimcase.","robots":{"index":"index","follow":"follow","max-snippet":"max-snippet:-1","max-image-preview":"max-image-preview:large","max-video-preview":"max-video-preview:-1"},"canonical":"https:\/\/wpguerssen-test.odoo.rgbconsulting.com\/es\/producto\/first-light-cd\/","og_locale":"es_ES","og_type":"article","og_title":"MUNSON, Alan - First light (CD) -  (CD) | Guerssen","og_description":"And here's the last of the 70's works by our friend Munson! This one got released in 1979, again in small quantities, on the Parallax label in California.The \"First light\" album doesn't easily fit into a music category box. The songs range from psych rock, to some fairly \"laid back\" folk-rock, and even a song with a country rock feel. Instruments played on the record include electric and acoustic guitars, electric bass and drums. Lead solos are all played on electric guitar; a \"clean\" sound on the acoustic based songs and guitar effects were used on the psych rock songs. Strong lead vocals and background harmony vocals, making this another excellent album as a result. Also one unreleased bonus track is added, all remastered from the original tapes.First time ever reissue as well, the CD comes with a booklet, and outer carton slimcase.","og_url":"https:\/\/wpguerssen-test.odoo.rgbconsulting.com\/es\/producto\/first-light-cd\/","og_site_name":"Guerssen records","article_modified_time":"2024-10-28T14:25:09+00:00","twitter_card":"summary_large_image","twitter_title":"MUNSON, Alan - First light (CD) -  (CD) | Guerssen","twitter_misc":{"Tiempo de lectura":"1 minuto"},"schema":{"@context":"https:\/\/schema.org","@graph":[{"@type":"WebPage","@id":"https:\/\/wpguerssen-test.odoo.rgbconsulting.com\/es\/producto\/first-light-cd\/","url":"https:\/\/wpguerssen-test.odoo.rgbconsulting.com\/es\/producto\/first-light-cd\/","name":"MUNSON, Alan - First light (CD) - (CD) | Guerssen","isPartOf":{"@id":"https:\/\/wpguerssen-test.odoo.rgbconsulting.com\/es\/#website"},"primaryImageOfPage":{"@id":"https:\/\/wpguerssen-test.odoo.rgbconsulting.com\/es\/producto\/first-light-cd\/#primaryimage"},"image":{"@id":"https:\/\/wpguerssen-test.odoo.rgbconsulting.com\/es\/producto\/first-light-cd\/#primaryimage"},"thumbnailUrl":"https:\/\/wpguerssen-test.odoo.rgbconsulting.com\/wp-content\/uploads\/2022\/03\/9102.jpg","datePublished":"2008-02-28T23:00:00+00:00","dateModified":"2024-10-28T14:25:09+00:00","description":"And here's the last of the 70's works by our friend Munson! This one got released in 1979, again in small quantities, on the Parallax label in California.The \"First light\" album doesn't easily fit into a music category box. The songs range from psych rock, to some fairly \"laid back\" folk-rock, and even a song with a country rock feel. Instruments played on the record include electric and acoustic guitars, electric bass and drums. Lead solos are all played on electric guitar; a \"clean\" sound on the acoustic based songs and guitar effects were used on the psych rock songs. Strong lead vocals and background harmony vocals, making this another excellent album as a result. Also one unreleased bonus track is added, all remastered from the original tapes.First time ever reissue as well, the CD comes with a booklet, and outer carton slimcase.","breadcrumb":{"@id":"https:\/\/wpguerssen-test.odoo.rgbconsulting.com\/es\/producto\/first-light-cd\/#breadcrumb"},"inLanguage":"es","potentialAction":[{"@type":"ReadAction","target":["https:\/\/wpguerssen-test.odoo.rgbconsulting.com\/es\/producto\/first-light-cd\/"]}]},{"@type":"ImageObject","inLanguage":"es","@id":"https:\/\/wpguerssen-test.odoo.rgbconsulting.com\/es\/producto\/first-light-cd\/#primaryimage","url":"https:\/\/wpguerssen-test.odoo.rgbconsulting.com\/wp-content\/uploads\/2022\/03\/9102.jpg","contentUrl":"https:\/\/wpguerssen-test.odoo.rgbconsulting.com\/wp-content\/uploads\/2022\/03\/9102.jpg","width":180,"height":180,"caption":"Alan - First light (CD) - GUERSSEN (CD) | Guerssen"},{"@type":"BreadcrumbList","@id":"https:\/\/wpguerssen-test.odoo.rgbconsulting.com\/es\/producto\/first-light-cd\/#breadcrumb","itemListElement":[{"@type":"ListItem","position":1,"name":"Inicio","item":"https:\/\/wpguerssen-test.odoo.rgbconsulting.com\/es\/"},{"@type":"ListItem","position":2,"name":"Shop","item":"https:\/\/wpguerssen-test.odoo.rgbconsulting.com\/shop\/"},{"@type":"ListItem","position":3,"name":"First light (CD)"}]},{"@type":"WebSite","@id":"https:\/\/wpguerssen-test.odoo.rgbconsulting.com\/es\/#website","url":"https:\/\/wpguerssen-test.odoo.rgbconsulting.com\/es\/","name":"Guerssen records","description":"psychedelia - progressive - folk - garage ","publisher":{"@id":"https:\/\/wpguerssen-test.odoo.rgbconsulting.com\/es\/#organization"},"potentialAction":[{"@type":"SearchAction","target":{"@type":"EntryPoint","urlTemplate":"https:\/\/wpguerssen-test.odoo.rgbconsulting.com\/es\/?s={search_term_string}"},"query-input":{"@type":"PropertyValueSpecification","valueRequired":true,"valueName":"search_term_string"}}],"inLanguage":"es"},{"@type":"Organization","@id":"https:\/\/wpguerssen-test.odoo.rgbconsulting.com\/es\/#organization","name":"Guerssen records","url":"https:\/\/wpguerssen-test.odoo.rgbconsulting.com\/es\/","logo":{"@type":"ImageObject","inLanguage":"es","@id":"https:\/\/wpguerssen-test.odoo.rgbconsulting.com\/es\/#\/schema\/logo\/image\/","url":"https:\/\/wpguerssen-test.odoo.rgbconsulting.com\/wp-content\/uploads\/2022\/04\/Logo_Guerssen_trans_100.png","contentUrl":"https:\/\/wpguerssen-test.odoo.rgbconsulting.com\/wp-content\/uploads\/2022\/04\/Logo_Guerssen_trans_100.png","width":122,"height":100,"caption":"Guerssen records"},"image":{"@id":"https:\/\/wpguerssen-test.odoo.rgbconsulting.com\/es\/#\/schema\/logo\/image\/"}}]}},"_links":{"self":[{"href":"https:\/\/wpguerssen-test.odoo.rgbconsulting.com\/es\/wp-json\/wp\/v2\/product\/177539","targetHints":{"allow":["GET"]}}],"collection":[{"href":"https:\/\/wpguerssen-test.odoo.rgbconsulting.com\/es\/wp-json\/wp\/v2\/product"}],"about":[{"href":"https:\/\/wpguerssen-test.odoo.rgbconsulting.com\/es\/wp-json\/wp\/v2\/types\/product"}],"wp:featuredmedia":[{"embeddable":true,"href":"https:\/\/wpguerssen-test.odoo.rgbconsulting.com\/es\/wp-json\/wp\/v2\/media\/111370"}],"wp:attachment":[{"href":"https:\/\/wpguerssen-test.odoo.rgbconsulting.com\/es\/wp-json\/wp\/v2\/media?parent=177539"}],"wp:term":[{"taxonomy":"product_brand","embeddable":true,"href":"https:\/\/wpguerssen-test.odoo.rgbconsulting.com\/es\/wp-json\/wp\/v2\/product_brand?post=177539"},{"taxonomy":"product_cat","embeddable":true,"href":"https:\/\/wpguerssen-test.odoo.rgbconsulting.com\/es\/wp-json\/wp\/v2\/product_cat?post=177539"},{"taxonomy":"product_tag","embeddable":true,"href":"https:\/\/wpguerssen-test.odoo.rgbconsulting.com\/es\/wp-json\/wp\/v2\/product_tag?post=177539"}],"curies":[{"name":"wp","href":"https:\/\/api.w.org\/{rel}","templated":true}]}}