{"id":177544,"date":"2008-02-29T00:00:00","date_gmt":"2008-02-28T23:00:00","guid":{"rendered":"http:\/\/guerssen.hl1097.dinaserver.com\/product\/good-morning-world-cd\/"},"modified":"2025-03-05T15:55:01","modified_gmt":"2025-03-05T14:55:01","slug":"good-morning-world-cd","status":"publish","type":"product","link":"https:\/\/wpguerssen-test.odoo.rgbconsulting.com\/es\/producto\/good-morning-world-cd\/","title":{"rendered":"Good morning world (CD)"},"content":{"rendered":"<p>Alan Munson, el 50% del duo Cooley-Munson, sigui\u00f3 la senda del folk-rock tras la separaci\u00f3n del duo. Se tom\u00f3 su tiempo, pero en 1975 estaba listo para el que es (para \u00e9l y tambi\u00e9n para m\u00ed), su mejor trabajo en los 70.<br \/>Incre\u00edble pero cierto, \u00abGood morning world\u00bb s\u00f3lo se edit\u00f3 en formato casete, y en tirada muy corta&#8230;.as\u00ed que me juego un duro a que ninguno de vosotros lo tiene todav\u00eda!  Bajo estas circunstancias, estamos orgullosos de poder poner en circulaci\u00f3n esta maravilla de la forma que siempre debi\u00f3 haber sido, en formato LP&#8230;.y de paso, contentar a todos los dem\u00e1s con el CD. Estoy seguro de que vosotros, queridos clientes, apreciar\u00e9is este discazo tanto como nosotros. <\/p>\n<p> \u00abGood morning world\u00bb contiene nueve temas originales, b\u00e1sicamente ac\u00fasticos, con un sonido de folk rock y suave psicodelia. Guitarras ac\u00fasticas de 6 y 12 cuerdas, bajo el\u00e9ctrico y percusi\u00f3n, con arreglos que comportan multitud de solos y detalles de guitarra. Incluye booklet adem\u00e1s de la habitual faja exterior de cart\u00f3n.<\/p>\n","protected":false},"excerpt":{"rendered":"<p>Alan Munson, el 50% del duo Cooley-Munson, sigui\u00f3 la senda del folk-rock tras la separaci\u00f3n del duo. Se tom\u00f3 su tiempo, pero en 1975 estaba listo para el que es<a class=\"read\" href=\"https:\/\/wpguerssen-test.odoo.rgbconsulting.com\/es\/producto\/good-morning-world-cd\/\"> (...)<\/a>","protected":false},"featured_media":111404,"template":"","meta":{"_acf_changed":false},"product_brand":[],"product_cat":[21639,23274],"product_tag":[29138,24190],"class_list":{"0":"post-177544","1":"product","2":"type-product","3":"status-publish","4":"has-post-thumbnail","6":"product_cat-psychedelic60s-70s-es","7":"product_cat-folk-rock-60s-70s-es","8":"product_tag-cd-es","9":"product_tag-sales-es","10":"pa_artist-munson-alan-es","11":"pa_format-cd-2-es","12":"pa_gender-psychedelic60s-70s-folk-rock-60s-70s","13":"pa_label-guerssen-es","14":"pa_location-north-america-es","16":"first","17":"instock","18":"taxable","19":"shipping-taxable","20":"purchasable","21":"product-type-simple"},"acf":[],"yoast_head":"<!-- This site is optimized with the Yoast SEO plugin v24.9 - https:\/\/yoast.com\/wordpress\/plugins\/seo\/ -->\n<title>MUNSON, Alan - Good morning world (CD) -  (CD) | Guerssen<\/title>\n<meta name=\"description\" content=\"Alan Munson, the songwriter of Cooley-Munson duo, continued the folk-rock way. It took him some time, but in 1975 he was ready for what is (for him, and for me too), his best 70&#039;s work. We at Guerssen believe this is a killer album!!!Incredibly, &quot;Good morning world&quot; was only released in cassette, and in a limited run....so I bet no one of you has this yet! Under these circumstances, I&#039;m so glad to put this out at last the way it should be (and also on CD, fine), and I&#039;m sure you our beloved customers will appreciate this too!!! #nl# &quot;Good morning world&quot; includes nine original, acoustic based songs with a mellow psych and folk rock sound across this album. Meaningful and understandable lyrics, delivered by &quot;close-up&quot; lead vocals, and background harmony vocals. Instruments played on the album include 6 string acoustic guitar, 12 string acoustic guitar, electric bass and percussion. Song arrangements include multiple guitar harmony lead solos and fills.CD version with nice booklet with the same info and notes, as well as the outer carton slimcase.\" \/>\n<meta name=\"robots\" content=\"index, follow, max-snippet:-1, max-image-preview:large, max-video-preview:-1\" \/>\n<link rel=\"canonical\" href=\"https:\/\/wpguerssen-test.odoo.rgbconsulting.com\/es\/producto\/good-morning-world-cd\/\" \/>\n<meta property=\"og:locale\" content=\"es_ES\" \/>\n<meta property=\"og:type\" content=\"article\" \/>\n<meta property=\"og:title\" content=\"MUNSON, Alan - Good morning world (CD) -  (CD) | Guerssen\" \/>\n<meta property=\"og:description\" content=\"Alan Munson, the songwriter of Cooley-Munson duo, continued the folk-rock way. It took him some time, but in 1975 he was ready for what is (for him, and for me too), his best 70&#039;s work. We at Guerssen believe this is a killer album!!!Incredibly, &quot;Good morning world&quot; was only released in cassette, and in a limited run....so I bet no one of you has this yet! Under these circumstances, I&#039;m so glad to put this out at last the way it should be (and also on CD, fine), and I&#039;m sure you our beloved customers will appreciate this too!!! #nl# &quot;Good morning world&quot; includes nine original, acoustic based songs with a mellow psych and folk rock sound across this album. Meaningful and understandable lyrics, delivered by &quot;close-up&quot; lead vocals, and background harmony vocals. Instruments played on the album include 6 string acoustic guitar, 12 string acoustic guitar, electric bass and percussion. Song arrangements include multiple guitar harmony lead solos and fills.CD version with nice booklet with the same info and notes, as well as the outer carton slimcase.\" \/>\n<meta property=\"og:url\" content=\"https:\/\/wpguerssen-test.odoo.rgbconsulting.com\/es\/producto\/good-morning-world-cd\/\" \/>\n<meta property=\"og:site_name\" content=\"Guerssen records\" \/>\n<meta property=\"article:modified_time\" content=\"2025-03-05T14:55:01+00:00\" \/>\n<meta name=\"twitter:card\" content=\"summary_large_image\" \/>\n<meta name=\"twitter:title\" content=\"MUNSON, Alan - Good morning world (CD) -  (CD) | Guerssen\" \/>\n<meta name=\"twitter:label1\" content=\"Tiempo de lectura\" \/>\n\t<meta name=\"twitter:data1\" content=\"1 minuto\" \/>\n<script type=\"application\/ld+json\" class=\"yoast-schema-graph\">{\"@context\":\"https:\/\/schema.org\",\"@graph\":[{\"@type\":\"WebPage\",\"@id\":\"https:\/\/wpguerssen-test.odoo.rgbconsulting.com\/es\/producto\/good-morning-world-cd\/\",\"url\":\"https:\/\/wpguerssen-test.odoo.rgbconsulting.com\/es\/producto\/good-morning-world-cd\/\",\"name\":\"MUNSON, Alan - Good morning world (CD) - (CD) | Guerssen\",\"isPartOf\":{\"@id\":\"https:\/\/wpguerssen-test.odoo.rgbconsulting.com\/es\/#website\"},\"primaryImageOfPage\":{\"@id\":\"https:\/\/wpguerssen-test.odoo.rgbconsulting.com\/es\/producto\/good-morning-world-cd\/#primaryimage\"},\"image\":{\"@id\":\"https:\/\/wpguerssen-test.odoo.rgbconsulting.com\/es\/producto\/good-morning-world-cd\/#primaryimage\"},\"thumbnailUrl\":\"https:\/\/wpguerssen-test.odoo.rgbconsulting.com\/wp-content\/uploads\/2022\/03\/9292.jpg\",\"datePublished\":\"2008-02-28T23:00:00+00:00\",\"dateModified\":\"2025-03-05T14:55:01+00:00\",\"description\":\"Alan Munson, the songwriter of Cooley-Munson duo, continued the folk-rock way. It took him some time, but in 1975 he was ready for what is (for him, and for me too), his best 70's work. We at Guerssen believe this is a killer album!!!Incredibly, \\\"Good morning world\\\" was only released in cassette, and in a limited run....so I bet no one of you has this yet! Under these circumstances, I'm so glad to put this out at last the way it should be (and also on CD, fine), and I'm sure you our beloved customers will appreciate this too!!! #nl# \\\"Good morning world\\\" includes nine original, acoustic based songs with a mellow psych and folk rock sound across this album. Meaningful and understandable lyrics, delivered by \\\"close-up\\\" lead vocals, and background harmony vocals. Instruments played on the album include 6 string acoustic guitar, 12 string acoustic guitar, electric bass and percussion. Song arrangements include multiple guitar harmony lead solos and fills.CD version with nice booklet with the same info and notes, as well as the outer carton slimcase.\",\"breadcrumb\":{\"@id\":\"https:\/\/wpguerssen-test.odoo.rgbconsulting.com\/es\/producto\/good-morning-world-cd\/#breadcrumb\"},\"inLanguage\":\"es\",\"potentialAction\":[{\"@type\":\"ReadAction\",\"target\":[\"https:\/\/wpguerssen-test.odoo.rgbconsulting.com\/es\/producto\/good-morning-world-cd\/\"]}]},{\"@type\":\"ImageObject\",\"inLanguage\":\"es\",\"@id\":\"https:\/\/wpguerssen-test.odoo.rgbconsulting.com\/es\/producto\/good-morning-world-cd\/#primaryimage\",\"url\":\"https:\/\/wpguerssen-test.odoo.rgbconsulting.com\/wp-content\/uploads\/2022\/03\/9292.jpg\",\"contentUrl\":\"https:\/\/wpguerssen-test.odoo.rgbconsulting.com\/wp-content\/uploads\/2022\/03\/9292.jpg\",\"width\":192,\"height\":192,\"caption\":\"Alan - Good morning world (CD) - GUERSSEN (CD) | Guerssen\"},{\"@type\":\"BreadcrumbList\",\"@id\":\"https:\/\/wpguerssen-test.odoo.rgbconsulting.com\/es\/producto\/good-morning-world-cd\/#breadcrumb\",\"itemListElement\":[{\"@type\":\"ListItem\",\"position\":1,\"name\":\"Inicio\",\"item\":\"https:\/\/wpguerssen-test.odoo.rgbconsulting.com\/es\/\"},{\"@type\":\"ListItem\",\"position\":2,\"name\":\"Shop\",\"item\":\"https:\/\/wpguerssen-test.odoo.rgbconsulting.com\/shop\/\"},{\"@type\":\"ListItem\",\"position\":3,\"name\":\"Good morning world (CD)\"}]},{\"@type\":\"WebSite\",\"@id\":\"https:\/\/wpguerssen-test.odoo.rgbconsulting.com\/es\/#website\",\"url\":\"https:\/\/wpguerssen-test.odoo.rgbconsulting.com\/es\/\",\"name\":\"Guerssen records\",\"description\":\"psychedelia - progressive - folk - garage \",\"publisher\":{\"@id\":\"https:\/\/wpguerssen-test.odoo.rgbconsulting.com\/es\/#organization\"},\"potentialAction\":[{\"@type\":\"SearchAction\",\"target\":{\"@type\":\"EntryPoint\",\"urlTemplate\":\"https:\/\/wpguerssen-test.odoo.rgbconsulting.com\/es\/?s={search_term_string}\"},\"query-input\":{\"@type\":\"PropertyValueSpecification\",\"valueRequired\":true,\"valueName\":\"search_term_string\"}}],\"inLanguage\":\"es\"},{\"@type\":\"Organization\",\"@id\":\"https:\/\/wpguerssen-test.odoo.rgbconsulting.com\/es\/#organization\",\"name\":\"Guerssen records\",\"url\":\"https:\/\/wpguerssen-test.odoo.rgbconsulting.com\/es\/\",\"logo\":{\"@type\":\"ImageObject\",\"inLanguage\":\"es\",\"@id\":\"https:\/\/wpguerssen-test.odoo.rgbconsulting.com\/es\/#\/schema\/logo\/image\/\",\"url\":\"https:\/\/wpguerssen-test.odoo.rgbconsulting.com\/wp-content\/uploads\/2022\/04\/Logo_Guerssen_trans_100.png\",\"contentUrl\":\"https:\/\/wpguerssen-test.odoo.rgbconsulting.com\/wp-content\/uploads\/2022\/04\/Logo_Guerssen_trans_100.png\",\"width\":122,\"height\":100,\"caption\":\"Guerssen records\"},\"image\":{\"@id\":\"https:\/\/wpguerssen-test.odoo.rgbconsulting.com\/es\/#\/schema\/logo\/image\/\"}}]}<\/script>\n<!-- \/ Yoast SEO plugin. -->","yoast_head_json":{"title":"MUNSON, Alan - Good morning world (CD) -  (CD) | Guerssen","description":"Alan Munson, the songwriter of Cooley-Munson duo, continued the folk-rock way. It took him some time, but in 1975 he was ready for what is (for him, and for me too), his best 70's work. We at Guerssen believe this is a killer album!!!Incredibly, \"Good morning world\" was only released in cassette, and in a limited run....so I bet no one of you has this yet! Under these circumstances, I'm so glad to put this out at last the way it should be (and also on CD, fine), and I'm sure you our beloved customers will appreciate this too!!! #nl# \"Good morning world\" includes nine original, acoustic based songs with a mellow psych and folk rock sound across this album. Meaningful and understandable lyrics, delivered by \"close-up\" lead vocals, and background harmony vocals. Instruments played on the album include 6 string acoustic guitar, 12 string acoustic guitar, electric bass and percussion. Song arrangements include multiple guitar harmony lead solos and fills.CD version with nice booklet with the same info and notes, as well as the outer carton slimcase.","robots":{"index":"index","follow":"follow","max-snippet":"max-snippet:-1","max-image-preview":"max-image-preview:large","max-video-preview":"max-video-preview:-1"},"canonical":"https:\/\/wpguerssen-test.odoo.rgbconsulting.com\/es\/producto\/good-morning-world-cd\/","og_locale":"es_ES","og_type":"article","og_title":"MUNSON, Alan - Good morning world (CD) -  (CD) | Guerssen","og_description":"Alan Munson, the songwriter of Cooley-Munson duo, continued the folk-rock way. It took him some time, but in 1975 he was ready for what is (for him, and for me too), his best 70's work. We at Guerssen believe this is a killer album!!!Incredibly, \"Good morning world\" was only released in cassette, and in a limited run....so I bet no one of you has this yet! Under these circumstances, I'm so glad to put this out at last the way it should be (and also on CD, fine), and I'm sure you our beloved customers will appreciate this too!!! #nl# \"Good morning world\" includes nine original, acoustic based songs with a mellow psych and folk rock sound across this album. Meaningful and understandable lyrics, delivered by \"close-up\" lead vocals, and background harmony vocals. Instruments played on the album include 6 string acoustic guitar, 12 string acoustic guitar, electric bass and percussion. Song arrangements include multiple guitar harmony lead solos and fills.CD version with nice booklet with the same info and notes, as well as the outer carton slimcase.","og_url":"https:\/\/wpguerssen-test.odoo.rgbconsulting.com\/es\/producto\/good-morning-world-cd\/","og_site_name":"Guerssen records","article_modified_time":"2025-03-05T14:55:01+00:00","twitter_card":"summary_large_image","twitter_title":"MUNSON, Alan - Good morning world (CD) -  (CD) | Guerssen","twitter_misc":{"Tiempo de lectura":"1 minuto"},"schema":{"@context":"https:\/\/schema.org","@graph":[{"@type":"WebPage","@id":"https:\/\/wpguerssen-test.odoo.rgbconsulting.com\/es\/producto\/good-morning-world-cd\/","url":"https:\/\/wpguerssen-test.odoo.rgbconsulting.com\/es\/producto\/good-morning-world-cd\/","name":"MUNSON, Alan - Good morning world (CD) - (CD) | Guerssen","isPartOf":{"@id":"https:\/\/wpguerssen-test.odoo.rgbconsulting.com\/es\/#website"},"primaryImageOfPage":{"@id":"https:\/\/wpguerssen-test.odoo.rgbconsulting.com\/es\/producto\/good-morning-world-cd\/#primaryimage"},"image":{"@id":"https:\/\/wpguerssen-test.odoo.rgbconsulting.com\/es\/producto\/good-morning-world-cd\/#primaryimage"},"thumbnailUrl":"https:\/\/wpguerssen-test.odoo.rgbconsulting.com\/wp-content\/uploads\/2022\/03\/9292.jpg","datePublished":"2008-02-28T23:00:00+00:00","dateModified":"2025-03-05T14:55:01+00:00","description":"Alan Munson, the songwriter of Cooley-Munson duo, continued the folk-rock way. It took him some time, but in 1975 he was ready for what is (for him, and for me too), his best 70's work. We at Guerssen believe this is a killer album!!!Incredibly, \"Good morning world\" was only released in cassette, and in a limited run....so I bet no one of you has this yet! Under these circumstances, I'm so glad to put this out at last the way it should be (and also on CD, fine), and I'm sure you our beloved customers will appreciate this too!!! #nl# \"Good morning world\" includes nine original, acoustic based songs with a mellow psych and folk rock sound across this album. Meaningful and understandable lyrics, delivered by \"close-up\" lead vocals, and background harmony vocals. Instruments played on the album include 6 string acoustic guitar, 12 string acoustic guitar, electric bass and percussion. Song arrangements include multiple guitar harmony lead solos and fills.CD version with nice booklet with the same info and notes, as well as the outer carton slimcase.","breadcrumb":{"@id":"https:\/\/wpguerssen-test.odoo.rgbconsulting.com\/es\/producto\/good-morning-world-cd\/#breadcrumb"},"inLanguage":"es","potentialAction":[{"@type":"ReadAction","target":["https:\/\/wpguerssen-test.odoo.rgbconsulting.com\/es\/producto\/good-morning-world-cd\/"]}]},{"@type":"ImageObject","inLanguage":"es","@id":"https:\/\/wpguerssen-test.odoo.rgbconsulting.com\/es\/producto\/good-morning-world-cd\/#primaryimage","url":"https:\/\/wpguerssen-test.odoo.rgbconsulting.com\/wp-content\/uploads\/2022\/03\/9292.jpg","contentUrl":"https:\/\/wpguerssen-test.odoo.rgbconsulting.com\/wp-content\/uploads\/2022\/03\/9292.jpg","width":192,"height":192,"caption":"Alan - Good morning world (CD) - GUERSSEN (CD) | Guerssen"},{"@type":"BreadcrumbList","@id":"https:\/\/wpguerssen-test.odoo.rgbconsulting.com\/es\/producto\/good-morning-world-cd\/#breadcrumb","itemListElement":[{"@type":"ListItem","position":1,"name":"Inicio","item":"https:\/\/wpguerssen-test.odoo.rgbconsulting.com\/es\/"},{"@type":"ListItem","position":2,"name":"Shop","item":"https:\/\/wpguerssen-test.odoo.rgbconsulting.com\/shop\/"},{"@type":"ListItem","position":3,"name":"Good morning world (CD)"}]},{"@type":"WebSite","@id":"https:\/\/wpguerssen-test.odoo.rgbconsulting.com\/es\/#website","url":"https:\/\/wpguerssen-test.odoo.rgbconsulting.com\/es\/","name":"Guerssen records","description":"psychedelia - progressive - folk - garage ","publisher":{"@id":"https:\/\/wpguerssen-test.odoo.rgbconsulting.com\/es\/#organization"},"potentialAction":[{"@type":"SearchAction","target":{"@type":"EntryPoint","urlTemplate":"https:\/\/wpguerssen-test.odoo.rgbconsulting.com\/es\/?s={search_term_string}"},"query-input":{"@type":"PropertyValueSpecification","valueRequired":true,"valueName":"search_term_string"}}],"inLanguage":"es"},{"@type":"Organization","@id":"https:\/\/wpguerssen-test.odoo.rgbconsulting.com\/es\/#organization","name":"Guerssen records","url":"https:\/\/wpguerssen-test.odoo.rgbconsulting.com\/es\/","logo":{"@type":"ImageObject","inLanguage":"es","@id":"https:\/\/wpguerssen-test.odoo.rgbconsulting.com\/es\/#\/schema\/logo\/image\/","url":"https:\/\/wpguerssen-test.odoo.rgbconsulting.com\/wp-content\/uploads\/2022\/04\/Logo_Guerssen_trans_100.png","contentUrl":"https:\/\/wpguerssen-test.odoo.rgbconsulting.com\/wp-content\/uploads\/2022\/04\/Logo_Guerssen_trans_100.png","width":122,"height":100,"caption":"Guerssen records"},"image":{"@id":"https:\/\/wpguerssen-test.odoo.rgbconsulting.com\/es\/#\/schema\/logo\/image\/"}}]}},"_links":{"self":[{"href":"https:\/\/wpguerssen-test.odoo.rgbconsulting.com\/es\/wp-json\/wp\/v2\/product\/177544","targetHints":{"allow":["GET"]}}],"collection":[{"href":"https:\/\/wpguerssen-test.odoo.rgbconsulting.com\/es\/wp-json\/wp\/v2\/product"}],"about":[{"href":"https:\/\/wpguerssen-test.odoo.rgbconsulting.com\/es\/wp-json\/wp\/v2\/types\/product"}],"wp:featuredmedia":[{"embeddable":true,"href":"https:\/\/wpguerssen-test.odoo.rgbconsulting.com\/es\/wp-json\/wp\/v2\/media\/111404"}],"wp:attachment":[{"href":"https:\/\/wpguerssen-test.odoo.rgbconsulting.com\/es\/wp-json\/wp\/v2\/media?parent=177544"}],"wp:term":[{"taxonomy":"product_brand","embeddable":true,"href":"https:\/\/wpguerssen-test.odoo.rgbconsulting.com\/es\/wp-json\/wp\/v2\/product_brand?post=177544"},{"taxonomy":"product_cat","embeddable":true,"href":"https:\/\/wpguerssen-test.odoo.rgbconsulting.com\/es\/wp-json\/wp\/v2\/product_cat?post=177544"},{"taxonomy":"product_tag","embeddable":true,"href":"https:\/\/wpguerssen-test.odoo.rgbconsulting.com\/es\/wp-json\/wp\/v2\/product_tag?post=177544"}],"curies":[{"name":"wp","href":"https:\/\/api.w.org\/{rel}","templated":true}]}}