{"id":177545,"date":"2008-02-26T00:00:00","date_gmt":"2008-02-25T23:00:00","guid":{"rendered":"http:\/\/guerssen.hl1097.dinaserver.com\/product\/cilibrinas-do-eden\/"},"modified":"2025-03-31T18:15:32","modified_gmt":"2025-03-31T16:15:32","slug":"cilibrinas-do-eden","status":"publish","type":"product","link":"https:\/\/wpguerssen-test.odoo.rgbconsulting.com\/es\/producto\/cilibrinas-do-eden\/","title":{"rendered":"Cilibrinas do Eden"},"content":{"rendered":"<p>NOTA: Nuevo prensaje, segunda edici\u00f3n.<br \/>Proyecto de Rita Lee de OS MUTANTES junto a su amiga L\u00facia TurnBull, que bajo este nombre, grabaron un LP para Philips en el a\u00f1o 1973 que nunca lleg\u00f3 a editarse. Incluso llegaron a actuar ese mismo a\u00f1o con Mutantes como banda de acompa\u00f1amiento en un show tremendamente psicod\u00e9lico, con Rita y L\u00facia vestidas como aliens.<br \/>Nunca antes editado, ahora por fin un sello formado por fans brasile\u00f1os con residencia en Europa, han conseguido las grabaciones y las editan en formato LP. Se incluyen 2 bonus tracks de Os Mutantes.<br \/>Recomendado a fans de Mutantes, este disco suena como una mezcla de sus momentos m\u00e1s psicod\u00e9licos con dosis de glam-rock y locura general.<br \/>Sonido remasterizado profesionalmente, sin duda un aut\u00e9ntico cl\u00e1sico perdido del sonido Tropicalia!!<\/p>\n","protected":false},"excerpt":{"rendered":"<p>NOTA: Nuevo prensaje, segunda edici\u00f3n.<br \/>Proyecto de Rita Lee de OS MUTANTES junto a su amiga L\u00facia TurnBull, que bajo este nombre, grabaron un LP para Philips<a class=\"read\" href=\"https:\/\/wpguerssen-test.odoo.rgbconsulting.com\/es\/producto\/cilibrinas-do-eden\/\"> (...)<\/a>","protected":false},"featured_media":111407,"template":"","meta":{"_acf_changed":false},"product_brand":[],"product_cat":[21639,23274],"product_tag":[],"class_list":{"0":"post-177545","1":"product","2":"type-product","3":"status-publish","4":"has-post-thumbnail","6":"product_cat-psychedelic60s-70s-es","7":"product_cat-folk-rock-60s-70s-es","8":"pa_artist-cilibrinas-do-eden-es","9":"pa_format-lp-es","10":"pa_gender-psychedelic60s-70s-folk-rock-60s-70s","11":"pa_label-nosmokerecords","12":"pa_location-south-america-caribbean-es","13":"pa_other-filters-vinyl-only-es","15":"first","16":"instock","17":"taxable","18":"shipping-taxable","19":"purchasable","20":"product-type-simple"},"acf":[],"yoast_head":"<!-- This site is optimized with the Yoast SEO plugin v24.9 - https:\/\/yoast.com\/wordpress\/plugins\/seo\/ -->\n<title>CILIBRINAS DO EDEN - Cilibrinas do Eden -  (LP) | Guerssen<\/title>\n<meta name=\"description\" content=\"SECOND PRESSING. Rita Lee of OS MUTANTES, and her friend L\u00facia TurnBull first outside project, these recordings were done for PHILIPS in 1973. CILIBRINAS DO \u00c9DEN have played at OS MUTANTES show in MAY 1973, at Pal\u00e1cio de Conven\u00e7\u00f5es do Anhembi, in S\u00e3o Paulo. It was CILIBRINAS first gig. At this show Rita and L\u00facia played with all the OS MUTANTES backline, the show appeared to be a psychedelic edge with Rita and L\u00facia dressed like some outside Aliens for that time. #nl# They also dressed coloured clothes and feathers like a progressive rock band. Never officially released in vinyl or CD, Now a group of Brazilian fans with European residence pick the recordings and put them in vinyl format. This release contain also 2 rare outtakes from OS MUTANTES.You will certainly dig this if you like Mutantes: these recordings are a mix of the psychedelic OS MUTANTES with some glam-rock freakness. Fantastic proffessionally remastered sound, unbelievable material for all the OS MUTANTES fans, and one of the best lost albums of Brazilian psychedelia!!!\" \/>\n<meta name=\"robots\" content=\"index, follow, max-snippet:-1, max-image-preview:large, max-video-preview:-1\" \/>\n<link rel=\"canonical\" href=\"https:\/\/wpguerssen-test.odoo.rgbconsulting.com\/es\/producto\/cilibrinas-do-eden\/\" \/>\n<meta property=\"og:locale\" content=\"es_ES\" \/>\n<meta property=\"og:type\" content=\"article\" \/>\n<meta property=\"og:title\" content=\"CILIBRINAS DO EDEN - Cilibrinas do Eden -  (LP) | Guerssen\" \/>\n<meta property=\"og:description\" content=\"SECOND PRESSING. Rita Lee of OS MUTANTES, and her friend L\u00facia TurnBull first outside project, these recordings were done for PHILIPS in 1973. CILIBRINAS DO \u00c9DEN have played at OS MUTANTES show in MAY 1973, at Pal\u00e1cio de Conven\u00e7\u00f5es do Anhembi, in S\u00e3o Paulo. It was CILIBRINAS first gig. At this show Rita and L\u00facia played with all the OS MUTANTES backline, the show appeared to be a psychedelic edge with Rita and L\u00facia dressed like some outside Aliens for that time. #nl# They also dressed coloured clothes and feathers like a progressive rock band. Never officially released in vinyl or CD, Now a group of Brazilian fans with European residence pick the recordings and put them in vinyl format. This release contain also 2 rare outtakes from OS MUTANTES.You will certainly dig this if you like Mutantes: these recordings are a mix of the psychedelic OS MUTANTES with some glam-rock freakness. Fantastic proffessionally remastered sound, unbelievable material for all the OS MUTANTES fans, and one of the best lost albums of Brazilian psychedelia!!!\" \/>\n<meta property=\"og:url\" content=\"https:\/\/wpguerssen-test.odoo.rgbconsulting.com\/es\/producto\/cilibrinas-do-eden\/\" \/>\n<meta property=\"og:site_name\" content=\"Guerssen records\" \/>\n<meta property=\"article:modified_time\" content=\"2025-03-31T16:15:32+00:00\" \/>\n<meta name=\"twitter:card\" content=\"summary_large_image\" \/>\n<meta name=\"twitter:title\" content=\"CILIBRINAS DO EDEN - Cilibrinas do Eden -  (LP) | Guerssen\" \/>\n<meta name=\"twitter:label1\" content=\"Tiempo de lectura\" \/>\n\t<meta name=\"twitter:data1\" content=\"1 minuto\" \/>\n<script type=\"application\/ld+json\" class=\"yoast-schema-graph\">{\"@context\":\"https:\/\/schema.org\",\"@graph\":[{\"@type\":\"WebPage\",\"@id\":\"https:\/\/wpguerssen-test.odoo.rgbconsulting.com\/es\/producto\/cilibrinas-do-eden\/\",\"url\":\"https:\/\/wpguerssen-test.odoo.rgbconsulting.com\/es\/producto\/cilibrinas-do-eden\/\",\"name\":\"CILIBRINAS DO EDEN - Cilibrinas do Eden - (LP) | Guerssen\",\"isPartOf\":{\"@id\":\"https:\/\/wpguerssen-test.odoo.rgbconsulting.com\/es\/#website\"},\"primaryImageOfPage\":{\"@id\":\"https:\/\/wpguerssen-test.odoo.rgbconsulting.com\/es\/producto\/cilibrinas-do-eden\/#primaryimage\"},\"image\":{\"@id\":\"https:\/\/wpguerssen-test.odoo.rgbconsulting.com\/es\/producto\/cilibrinas-do-eden\/#primaryimage\"},\"thumbnailUrl\":\"https:\/\/wpguerssen-test.odoo.rgbconsulting.com\/wp-content\/uploads\/2022\/03\/9295.jpg\",\"datePublished\":\"2008-02-25T23:00:00+00:00\",\"dateModified\":\"2025-03-31T16:15:32+00:00\",\"description\":\"SECOND PRESSING. Rita Lee of OS MUTANTES, and her friend L\u00facia TurnBull first outside project, these recordings were done for PHILIPS in 1973. CILIBRINAS DO \u00c9DEN have played at OS MUTANTES show in MAY 1973, at Pal\u00e1cio de Conven\u00e7\u00f5es do Anhembi, in S\u00e3o Paulo. It was CILIBRINAS first gig. At this show Rita and L\u00facia played with all the OS MUTANTES backline, the show appeared to be a psychedelic edge with Rita and L\u00facia dressed like some outside Aliens for that time. #nl# They also dressed coloured clothes and feathers like a progressive rock band. Never officially released in vinyl or CD, Now a group of Brazilian fans with European residence pick the recordings and put them in vinyl format. This release contain also 2 rare outtakes from OS MUTANTES.You will certainly dig this if you like Mutantes: these recordings are a mix of the psychedelic OS MUTANTES with some glam-rock freakness. Fantastic proffessionally remastered sound, unbelievable material for all the OS MUTANTES fans, and one of the best lost albums of Brazilian psychedelia!!!\",\"breadcrumb\":{\"@id\":\"https:\/\/wpguerssen-test.odoo.rgbconsulting.com\/es\/producto\/cilibrinas-do-eden\/#breadcrumb\"},\"inLanguage\":\"es\",\"potentialAction\":[{\"@type\":\"ReadAction\",\"target\":[\"https:\/\/wpguerssen-test.odoo.rgbconsulting.com\/es\/producto\/cilibrinas-do-eden\/\"]}]},{\"@type\":\"ImageObject\",\"inLanguage\":\"es\",\"@id\":\"https:\/\/wpguerssen-test.odoo.rgbconsulting.com\/es\/producto\/cilibrinas-do-eden\/#primaryimage\",\"url\":\"https:\/\/wpguerssen-test.odoo.rgbconsulting.com\/wp-content\/uploads\/2022\/03\/9295.jpg\",\"contentUrl\":\"https:\/\/wpguerssen-test.odoo.rgbconsulting.com\/wp-content\/uploads\/2022\/03\/9295.jpg\",\"width\":425,\"height\":425,\"caption\":\"CILIBRINAS DO EDEN - Cilibrinas do Eden - NOSMOKERECORDS (LP) | Guerssen\"},{\"@type\":\"BreadcrumbList\",\"@id\":\"https:\/\/wpguerssen-test.odoo.rgbconsulting.com\/es\/producto\/cilibrinas-do-eden\/#breadcrumb\",\"itemListElement\":[{\"@type\":\"ListItem\",\"position\":1,\"name\":\"Inicio\",\"item\":\"https:\/\/wpguerssen-test.odoo.rgbconsulting.com\/es\/\"},{\"@type\":\"ListItem\",\"position\":2,\"name\":\"Shop\",\"item\":\"https:\/\/wpguerssen-test.odoo.rgbconsulting.com\/shop\/\"},{\"@type\":\"ListItem\",\"position\":3,\"name\":\"Cilibrinas do Eden\"}]},{\"@type\":\"WebSite\",\"@id\":\"https:\/\/wpguerssen-test.odoo.rgbconsulting.com\/es\/#website\",\"url\":\"https:\/\/wpguerssen-test.odoo.rgbconsulting.com\/es\/\",\"name\":\"Guerssen records\",\"description\":\"psychedelia - progressive - folk - garage \",\"publisher\":{\"@id\":\"https:\/\/wpguerssen-test.odoo.rgbconsulting.com\/es\/#organization\"},\"potentialAction\":[{\"@type\":\"SearchAction\",\"target\":{\"@type\":\"EntryPoint\",\"urlTemplate\":\"https:\/\/wpguerssen-test.odoo.rgbconsulting.com\/es\/?s={search_term_string}\"},\"query-input\":{\"@type\":\"PropertyValueSpecification\",\"valueRequired\":true,\"valueName\":\"search_term_string\"}}],\"inLanguage\":\"es\"},{\"@type\":\"Organization\",\"@id\":\"https:\/\/wpguerssen-test.odoo.rgbconsulting.com\/es\/#organization\",\"name\":\"Guerssen records\",\"url\":\"https:\/\/wpguerssen-test.odoo.rgbconsulting.com\/es\/\",\"logo\":{\"@type\":\"ImageObject\",\"inLanguage\":\"es\",\"@id\":\"https:\/\/wpguerssen-test.odoo.rgbconsulting.com\/es\/#\/schema\/logo\/image\/\",\"url\":\"https:\/\/wpguerssen-test.odoo.rgbconsulting.com\/wp-content\/uploads\/2022\/04\/Logo_Guerssen_trans_100.png\",\"contentUrl\":\"https:\/\/wpguerssen-test.odoo.rgbconsulting.com\/wp-content\/uploads\/2022\/04\/Logo_Guerssen_trans_100.png\",\"width\":122,\"height\":100,\"caption\":\"Guerssen records\"},\"image\":{\"@id\":\"https:\/\/wpguerssen-test.odoo.rgbconsulting.com\/es\/#\/schema\/logo\/image\/\"}}]}<\/script>\n<!-- \/ Yoast SEO plugin. -->","yoast_head_json":{"title":"CILIBRINAS DO EDEN - Cilibrinas do Eden -  (LP) | Guerssen","description":"SECOND PRESSING. Rita Lee of OS MUTANTES, and her friend L\u00facia TurnBull first outside project, these recordings were done for PHILIPS in 1973. CILIBRINAS DO \u00c9DEN have played at OS MUTANTES show in MAY 1973, at Pal\u00e1cio de Conven\u00e7\u00f5es do Anhembi, in S\u00e3o Paulo. It was CILIBRINAS first gig. At this show Rita and L\u00facia played with all the OS MUTANTES backline, the show appeared to be a psychedelic edge with Rita and L\u00facia dressed like some outside Aliens for that time. #nl# They also dressed coloured clothes and feathers like a progressive rock band. Never officially released in vinyl or CD, Now a group of Brazilian fans with European residence pick the recordings and put them in vinyl format. This release contain also 2 rare outtakes from OS MUTANTES.You will certainly dig this if you like Mutantes: these recordings are a mix of the psychedelic OS MUTANTES with some glam-rock freakness. Fantastic proffessionally remastered sound, unbelievable material for all the OS MUTANTES fans, and one of the best lost albums of Brazilian psychedelia!!!","robots":{"index":"index","follow":"follow","max-snippet":"max-snippet:-1","max-image-preview":"max-image-preview:large","max-video-preview":"max-video-preview:-1"},"canonical":"https:\/\/wpguerssen-test.odoo.rgbconsulting.com\/es\/producto\/cilibrinas-do-eden\/","og_locale":"es_ES","og_type":"article","og_title":"CILIBRINAS DO EDEN - Cilibrinas do Eden -  (LP) | Guerssen","og_description":"SECOND PRESSING. Rita Lee of OS MUTANTES, and her friend L\u00facia TurnBull first outside project, these recordings were done for PHILIPS in 1973. CILIBRINAS DO \u00c9DEN have played at OS MUTANTES show in MAY 1973, at Pal\u00e1cio de Conven\u00e7\u00f5es do Anhembi, in S\u00e3o Paulo. It was CILIBRINAS first gig. At this show Rita and L\u00facia played with all the OS MUTANTES backline, the show appeared to be a psychedelic edge with Rita and L\u00facia dressed like some outside Aliens for that time. #nl# They also dressed coloured clothes and feathers like a progressive rock band. Never officially released in vinyl or CD, Now a group of Brazilian fans with European residence pick the recordings and put them in vinyl format. This release contain also 2 rare outtakes from OS MUTANTES.You will certainly dig this if you like Mutantes: these recordings are a mix of the psychedelic OS MUTANTES with some glam-rock freakness. Fantastic proffessionally remastered sound, unbelievable material for all the OS MUTANTES fans, and one of the best lost albums of Brazilian psychedelia!!!","og_url":"https:\/\/wpguerssen-test.odoo.rgbconsulting.com\/es\/producto\/cilibrinas-do-eden\/","og_site_name":"Guerssen records","article_modified_time":"2025-03-31T16:15:32+00:00","twitter_card":"summary_large_image","twitter_title":"CILIBRINAS DO EDEN - Cilibrinas do Eden -  (LP) | Guerssen","twitter_misc":{"Tiempo de lectura":"1 minuto"},"schema":{"@context":"https:\/\/schema.org","@graph":[{"@type":"WebPage","@id":"https:\/\/wpguerssen-test.odoo.rgbconsulting.com\/es\/producto\/cilibrinas-do-eden\/","url":"https:\/\/wpguerssen-test.odoo.rgbconsulting.com\/es\/producto\/cilibrinas-do-eden\/","name":"CILIBRINAS DO EDEN - Cilibrinas do Eden - (LP) | Guerssen","isPartOf":{"@id":"https:\/\/wpguerssen-test.odoo.rgbconsulting.com\/es\/#website"},"primaryImageOfPage":{"@id":"https:\/\/wpguerssen-test.odoo.rgbconsulting.com\/es\/producto\/cilibrinas-do-eden\/#primaryimage"},"image":{"@id":"https:\/\/wpguerssen-test.odoo.rgbconsulting.com\/es\/producto\/cilibrinas-do-eden\/#primaryimage"},"thumbnailUrl":"https:\/\/wpguerssen-test.odoo.rgbconsulting.com\/wp-content\/uploads\/2022\/03\/9295.jpg","datePublished":"2008-02-25T23:00:00+00:00","dateModified":"2025-03-31T16:15:32+00:00","description":"SECOND PRESSING. Rita Lee of OS MUTANTES, and her friend L\u00facia TurnBull first outside project, these recordings were done for PHILIPS in 1973. CILIBRINAS DO \u00c9DEN have played at OS MUTANTES show in MAY 1973, at Pal\u00e1cio de Conven\u00e7\u00f5es do Anhembi, in S\u00e3o Paulo. It was CILIBRINAS first gig. At this show Rita and L\u00facia played with all the OS MUTANTES backline, the show appeared to be a psychedelic edge with Rita and L\u00facia dressed like some outside Aliens for that time. #nl# They also dressed coloured clothes and feathers like a progressive rock band. Never officially released in vinyl or CD, Now a group of Brazilian fans with European residence pick the recordings and put them in vinyl format. This release contain also 2 rare outtakes from OS MUTANTES.You will certainly dig this if you like Mutantes: these recordings are a mix of the psychedelic OS MUTANTES with some glam-rock freakness. Fantastic proffessionally remastered sound, unbelievable material for all the OS MUTANTES fans, and one of the best lost albums of Brazilian psychedelia!!!","breadcrumb":{"@id":"https:\/\/wpguerssen-test.odoo.rgbconsulting.com\/es\/producto\/cilibrinas-do-eden\/#breadcrumb"},"inLanguage":"es","potentialAction":[{"@type":"ReadAction","target":["https:\/\/wpguerssen-test.odoo.rgbconsulting.com\/es\/producto\/cilibrinas-do-eden\/"]}]},{"@type":"ImageObject","inLanguage":"es","@id":"https:\/\/wpguerssen-test.odoo.rgbconsulting.com\/es\/producto\/cilibrinas-do-eden\/#primaryimage","url":"https:\/\/wpguerssen-test.odoo.rgbconsulting.com\/wp-content\/uploads\/2022\/03\/9295.jpg","contentUrl":"https:\/\/wpguerssen-test.odoo.rgbconsulting.com\/wp-content\/uploads\/2022\/03\/9295.jpg","width":425,"height":425,"caption":"CILIBRINAS DO EDEN - Cilibrinas do Eden - NOSMOKERECORDS (LP) | Guerssen"},{"@type":"BreadcrumbList","@id":"https:\/\/wpguerssen-test.odoo.rgbconsulting.com\/es\/producto\/cilibrinas-do-eden\/#breadcrumb","itemListElement":[{"@type":"ListItem","position":1,"name":"Inicio","item":"https:\/\/wpguerssen-test.odoo.rgbconsulting.com\/es\/"},{"@type":"ListItem","position":2,"name":"Shop","item":"https:\/\/wpguerssen-test.odoo.rgbconsulting.com\/shop\/"},{"@type":"ListItem","position":3,"name":"Cilibrinas do Eden"}]},{"@type":"WebSite","@id":"https:\/\/wpguerssen-test.odoo.rgbconsulting.com\/es\/#website","url":"https:\/\/wpguerssen-test.odoo.rgbconsulting.com\/es\/","name":"Guerssen records","description":"psychedelia - progressive - folk - garage ","publisher":{"@id":"https:\/\/wpguerssen-test.odoo.rgbconsulting.com\/es\/#organization"},"potentialAction":[{"@type":"SearchAction","target":{"@type":"EntryPoint","urlTemplate":"https:\/\/wpguerssen-test.odoo.rgbconsulting.com\/es\/?s={search_term_string}"},"query-input":{"@type":"PropertyValueSpecification","valueRequired":true,"valueName":"search_term_string"}}],"inLanguage":"es"},{"@type":"Organization","@id":"https:\/\/wpguerssen-test.odoo.rgbconsulting.com\/es\/#organization","name":"Guerssen records","url":"https:\/\/wpguerssen-test.odoo.rgbconsulting.com\/es\/","logo":{"@type":"ImageObject","inLanguage":"es","@id":"https:\/\/wpguerssen-test.odoo.rgbconsulting.com\/es\/#\/schema\/logo\/image\/","url":"https:\/\/wpguerssen-test.odoo.rgbconsulting.com\/wp-content\/uploads\/2022\/04\/Logo_Guerssen_trans_100.png","contentUrl":"https:\/\/wpguerssen-test.odoo.rgbconsulting.com\/wp-content\/uploads\/2022\/04\/Logo_Guerssen_trans_100.png","width":122,"height":100,"caption":"Guerssen records"},"image":{"@id":"https:\/\/wpguerssen-test.odoo.rgbconsulting.com\/es\/#\/schema\/logo\/image\/"}}]}},"_links":{"self":[{"href":"https:\/\/wpguerssen-test.odoo.rgbconsulting.com\/es\/wp-json\/wp\/v2\/product\/177545","targetHints":{"allow":["GET"]}}],"collection":[{"href":"https:\/\/wpguerssen-test.odoo.rgbconsulting.com\/es\/wp-json\/wp\/v2\/product"}],"about":[{"href":"https:\/\/wpguerssen-test.odoo.rgbconsulting.com\/es\/wp-json\/wp\/v2\/types\/product"}],"wp:featuredmedia":[{"embeddable":true,"href":"https:\/\/wpguerssen-test.odoo.rgbconsulting.com\/es\/wp-json\/wp\/v2\/media\/111407"}],"wp:attachment":[{"href":"https:\/\/wpguerssen-test.odoo.rgbconsulting.com\/es\/wp-json\/wp\/v2\/media?parent=177545"}],"wp:term":[{"taxonomy":"product_brand","embeddable":true,"href":"https:\/\/wpguerssen-test.odoo.rgbconsulting.com\/es\/wp-json\/wp\/v2\/product_brand?post=177545"},{"taxonomy":"product_cat","embeddable":true,"href":"https:\/\/wpguerssen-test.odoo.rgbconsulting.com\/es\/wp-json\/wp\/v2\/product_cat?post=177545"},{"taxonomy":"product_tag","embeddable":true,"href":"https:\/\/wpguerssen-test.odoo.rgbconsulting.com\/es\/wp-json\/wp\/v2\/product_tag?post=177545"}],"curies":[{"name":"wp","href":"https:\/\/api.w.org\/{rel}","templated":true}]}}