{"id":177583,"date":"2008-05-19T00:00:00","date_gmt":"2008-05-18T22:00:00","guid":{"rendered":"http:\/\/guerssen.hl1097.dinaserver.com\/product\/in-my-ladys-chamber-ltd-digipack\/"},"modified":"2024-05-24T13:50:47","modified_gmt":"2024-05-24T11:50:47","slug":"in-my-ladys-chamber-ltd-digipack","status":"publish","type":"product","link":"https:\/\/wpguerssen-test.odoo.rgbconsulting.com\/es\/producto\/in-my-ladys-chamber-ltd-digipack\/","title":{"rendered":"In my lady&#8217;s chamber (ltd digipack)"},"content":{"rendered":"<p>Top-level psych-folk de 1977, prensaje privado hecho en California, aunque el sonido tiene m\u00e1s que ver con el sonido brit\u00e1nico, y tiene influencia Eastern tambi\u00e9n. Joseph Pusey, exYellow Autumn, es un guitarrista espectacular, su trabajo en este \u00e1lbum es simplemente de otro mundo y especialmente las partes instrumentales te dejar\u00e1n anonadado.<br \/>S\u00f3lo hay guitarras ac\u00fasticas, gong, flauta, campanillas y suaves percusiones, pero no necesitar\u00e1s nada m\u00e1s. Un brillant\u00edsimo disco que seguro impresionar\u00e1 a cualquier psych-folk fan! S\u00f3lo 350 copias!<\/p>\n","protected":false},"excerpt":{"rendered":"<p>Top-level psych-folk de 1977, prensaje privado hecho en California, aunque el sonido tiene m\u00e1s que ver con el sonido brit\u00e1nico, y tiene influencia Eastern tambi\u00e9n.<a class=\"read\" href=\"https:\/\/wpguerssen-test.odoo.rgbconsulting.com\/es\/producto\/in-my-ladys-chamber-ltd-digipack\/\"> (...)<\/a>","protected":false},"featured_media":111492,"template":"","meta":{"_acf_changed":false},"product_brand":[],"product_cat":[21639,23271],"product_tag":[24190],"class_list":{"0":"post-177583","1":"product","2":"type-product","3":"status-publish","4":"has-post-thumbnail","6":"product_cat-psychedelic60s-70s-es","7":"product_cat-folk-60s-70s-es","8":"product_tag-sales-es","9":"pa_artist-pusey-joseph-es","10":"pa_format-cd-2-es","11":"pa_gender-psychedelic60s-70s-folk-60s-70s","12":"pa_location-north-america-es","14":"first","15":"instock","16":"taxable","17":"shipping-taxable","18":"purchasable","19":"product-type-simple"},"acf":[],"yoast_head":"<!-- This site is optimized with the Yoast SEO plugin v24.9 - https:\/\/yoast.com\/wordpress\/plugins\/seo\/ -->\n<title>PUSEY, Joseph - In my lady&#039;s chamber (ltd digipack) -  (CD) | Guerssen<\/title>\n<meta name=\"description\" content=\"High level psyche-folk from 1977, Californian private release but with a sound that has more to do with UK stuff, with some Eastern influenced parts as well. Pusey, ex-Yellow Autumn, is certainly a very impressive guitar player, his playing in this album is simply incredible and especially the instrumental parts of the album will knock you out. There&#039;s only acoustic guitars, bells, gong, flute and slight percussions....but you won&#039;t need anything else. A brilliant record this is, sure to impress any psychedelic folk fan. 350 copies only!\" \/>\n<meta name=\"robots\" content=\"index, follow, max-snippet:-1, max-image-preview:large, max-video-preview:-1\" \/>\n<link rel=\"canonical\" href=\"https:\/\/wpguerssen-test.odoo.rgbconsulting.com\/es\/producto\/in-my-ladys-chamber-ltd-digipack\/\" \/>\n<meta property=\"og:locale\" content=\"es_ES\" \/>\n<meta property=\"og:type\" content=\"article\" \/>\n<meta property=\"og:title\" content=\"PUSEY, Joseph - In my lady&#039;s chamber (ltd digipack) -  (CD) | Guerssen\" \/>\n<meta property=\"og:description\" content=\"High level psyche-folk from 1977, Californian private release but with a sound that has more to do with UK stuff, with some Eastern influenced parts as well. Pusey, ex-Yellow Autumn, is certainly a very impressive guitar player, his playing in this album is simply incredible and especially the instrumental parts of the album will knock you out. There&#039;s only acoustic guitars, bells, gong, flute and slight percussions....but you won&#039;t need anything else. A brilliant record this is, sure to impress any psychedelic folk fan. 350 copies only!\" \/>\n<meta property=\"og:url\" content=\"https:\/\/wpguerssen-test.odoo.rgbconsulting.com\/es\/producto\/in-my-ladys-chamber-ltd-digipack\/\" \/>\n<meta property=\"og:site_name\" content=\"Guerssen records\" \/>\n<meta property=\"article:modified_time\" content=\"2024-05-24T11:50:47+00:00\" \/>\n<meta property=\"og:image\" content=\"https:\/\/wpguerssen-test.odoo.rgbconsulting.com\/wp-content\/uploads\/2022\/03\/9492.jpg\" \/>\n\t<meta property=\"og:image:width\" content=\"1784\" \/>\n\t<meta property=\"og:image:height\" content=\"1975\" \/>\n\t<meta property=\"og:image:type\" content=\"image\/jpeg\" \/>\n<meta name=\"twitter:card\" content=\"summary_large_image\" \/>\n<meta name=\"twitter:title\" content=\"PUSEY, Joseph - In my lady&#039;s chamber (ltd digipack) -  (CD) | Guerssen\" \/>\n<script type=\"application\/ld+json\" class=\"yoast-schema-graph\">{\"@context\":\"https:\/\/schema.org\",\"@graph\":[{\"@type\":\"WebPage\",\"@id\":\"https:\/\/wpguerssen-test.odoo.rgbconsulting.com\/es\/producto\/in-my-ladys-chamber-ltd-digipack\/\",\"url\":\"https:\/\/wpguerssen-test.odoo.rgbconsulting.com\/es\/producto\/in-my-ladys-chamber-ltd-digipack\/\",\"name\":\"PUSEY, Joseph - In my lady's chamber (ltd digipack) - (CD) | Guerssen\",\"isPartOf\":{\"@id\":\"https:\/\/wpguerssen-test.odoo.rgbconsulting.com\/es\/#website\"},\"primaryImageOfPage\":{\"@id\":\"https:\/\/wpguerssen-test.odoo.rgbconsulting.com\/es\/producto\/in-my-ladys-chamber-ltd-digipack\/#primaryimage\"},\"image\":{\"@id\":\"https:\/\/wpguerssen-test.odoo.rgbconsulting.com\/es\/producto\/in-my-ladys-chamber-ltd-digipack\/#primaryimage\"},\"thumbnailUrl\":\"https:\/\/wpguerssen-test.odoo.rgbconsulting.com\/wp-content\/uploads\/2022\/03\/9492.jpg\",\"datePublished\":\"2008-05-18T22:00:00+00:00\",\"dateModified\":\"2024-05-24T11:50:47+00:00\",\"description\":\"High level psyche-folk from 1977, Californian private release but with a sound that has more to do with UK stuff, with some Eastern influenced parts as well. Pusey, ex-Yellow Autumn, is certainly a very impressive guitar player, his playing in this album is simply incredible and especially the instrumental parts of the album will knock you out. There's only acoustic guitars, bells, gong, flute and slight percussions....but you won't need anything else. A brilliant record this is, sure to impress any psychedelic folk fan. 350 copies only!\",\"breadcrumb\":{\"@id\":\"https:\/\/wpguerssen-test.odoo.rgbconsulting.com\/es\/producto\/in-my-ladys-chamber-ltd-digipack\/#breadcrumb\"},\"inLanguage\":\"es\",\"potentialAction\":[{\"@type\":\"ReadAction\",\"target\":[\"https:\/\/wpguerssen-test.odoo.rgbconsulting.com\/es\/producto\/in-my-ladys-chamber-ltd-digipack\/\"]}]},{\"@type\":\"ImageObject\",\"inLanguage\":\"es\",\"@id\":\"https:\/\/wpguerssen-test.odoo.rgbconsulting.com\/es\/producto\/in-my-ladys-chamber-ltd-digipack\/#primaryimage\",\"url\":\"https:\/\/wpguerssen-test.odoo.rgbconsulting.com\/wp-content\/uploads\/2022\/03\/9492.jpg\",\"contentUrl\":\"https:\/\/wpguerssen-test.odoo.rgbconsulting.com\/wp-content\/uploads\/2022\/03\/9492.jpg\",\"width\":1784,\"height\":1975,\"caption\":\"Joseph - In my lady's chamber (ltd digipack) - MANDRAX (CD) | Guerssen\"},{\"@type\":\"BreadcrumbList\",\"@id\":\"https:\/\/wpguerssen-test.odoo.rgbconsulting.com\/es\/producto\/in-my-ladys-chamber-ltd-digipack\/#breadcrumb\",\"itemListElement\":[{\"@type\":\"ListItem\",\"position\":1,\"name\":\"Inicio\",\"item\":\"https:\/\/wpguerssen-test.odoo.rgbconsulting.com\/es\/\"},{\"@type\":\"ListItem\",\"position\":2,\"name\":\"Shop\",\"item\":\"https:\/\/wpguerssen-test.odoo.rgbconsulting.com\/shop\/\"},{\"@type\":\"ListItem\",\"position\":3,\"name\":\"In my lady&#8217;s chamber (ltd digipack)\"}]},{\"@type\":\"WebSite\",\"@id\":\"https:\/\/wpguerssen-test.odoo.rgbconsulting.com\/es\/#website\",\"url\":\"https:\/\/wpguerssen-test.odoo.rgbconsulting.com\/es\/\",\"name\":\"Guerssen records\",\"description\":\"psychedelia - progressive - folk - garage \",\"publisher\":{\"@id\":\"https:\/\/wpguerssen-test.odoo.rgbconsulting.com\/es\/#organization\"},\"potentialAction\":[{\"@type\":\"SearchAction\",\"target\":{\"@type\":\"EntryPoint\",\"urlTemplate\":\"https:\/\/wpguerssen-test.odoo.rgbconsulting.com\/es\/?s={search_term_string}\"},\"query-input\":{\"@type\":\"PropertyValueSpecification\",\"valueRequired\":true,\"valueName\":\"search_term_string\"}}],\"inLanguage\":\"es\"},{\"@type\":\"Organization\",\"@id\":\"https:\/\/wpguerssen-test.odoo.rgbconsulting.com\/es\/#organization\",\"name\":\"Guerssen records\",\"url\":\"https:\/\/wpguerssen-test.odoo.rgbconsulting.com\/es\/\",\"logo\":{\"@type\":\"ImageObject\",\"inLanguage\":\"es\",\"@id\":\"https:\/\/wpguerssen-test.odoo.rgbconsulting.com\/es\/#\/schema\/logo\/image\/\",\"url\":\"https:\/\/wpguerssen-test.odoo.rgbconsulting.com\/wp-content\/uploads\/2022\/04\/Logo_Guerssen_trans_100.png\",\"contentUrl\":\"https:\/\/wpguerssen-test.odoo.rgbconsulting.com\/wp-content\/uploads\/2022\/04\/Logo_Guerssen_trans_100.png\",\"width\":122,\"height\":100,\"caption\":\"Guerssen records\"},\"image\":{\"@id\":\"https:\/\/wpguerssen-test.odoo.rgbconsulting.com\/es\/#\/schema\/logo\/image\/\"}}]}<\/script>\n<!-- \/ Yoast SEO plugin. -->","yoast_head_json":{"title":"PUSEY, Joseph - In my lady's chamber (ltd digipack) -  (CD) | Guerssen","description":"High level psyche-folk from 1977, Californian private release but with a sound that has more to do with UK stuff, with some Eastern influenced parts as well. Pusey, ex-Yellow Autumn, is certainly a very impressive guitar player, his playing in this album is simply incredible and especially the instrumental parts of the album will knock you out. There's only acoustic guitars, bells, gong, flute and slight percussions....but you won't need anything else. A brilliant record this is, sure to impress any psychedelic folk fan. 350 copies only!","robots":{"index":"index","follow":"follow","max-snippet":"max-snippet:-1","max-image-preview":"max-image-preview:large","max-video-preview":"max-video-preview:-1"},"canonical":"https:\/\/wpguerssen-test.odoo.rgbconsulting.com\/es\/producto\/in-my-ladys-chamber-ltd-digipack\/","og_locale":"es_ES","og_type":"article","og_title":"PUSEY, Joseph - In my lady's chamber (ltd digipack) -  (CD) | Guerssen","og_description":"High level psyche-folk from 1977, Californian private release but with a sound that has more to do with UK stuff, with some Eastern influenced parts as well. Pusey, ex-Yellow Autumn, is certainly a very impressive guitar player, his playing in this album is simply incredible and especially the instrumental parts of the album will knock you out. There's only acoustic guitars, bells, gong, flute and slight percussions....but you won't need anything else. A brilliant record this is, sure to impress any psychedelic folk fan. 350 copies only!","og_url":"https:\/\/wpguerssen-test.odoo.rgbconsulting.com\/es\/producto\/in-my-ladys-chamber-ltd-digipack\/","og_site_name":"Guerssen records","article_modified_time":"2024-05-24T11:50:47+00:00","og_image":[{"width":1784,"height":1975,"url":"https:\/\/wpguerssen-test.odoo.rgbconsulting.com\/wp-content\/uploads\/2022\/03\/9492.jpg","type":"image\/jpeg"}],"twitter_card":"summary_large_image","twitter_title":"PUSEY, Joseph - In my lady's chamber (ltd digipack) -  (CD) | Guerssen","schema":{"@context":"https:\/\/schema.org","@graph":[{"@type":"WebPage","@id":"https:\/\/wpguerssen-test.odoo.rgbconsulting.com\/es\/producto\/in-my-ladys-chamber-ltd-digipack\/","url":"https:\/\/wpguerssen-test.odoo.rgbconsulting.com\/es\/producto\/in-my-ladys-chamber-ltd-digipack\/","name":"PUSEY, Joseph - In my lady's chamber (ltd digipack) - (CD) | Guerssen","isPartOf":{"@id":"https:\/\/wpguerssen-test.odoo.rgbconsulting.com\/es\/#website"},"primaryImageOfPage":{"@id":"https:\/\/wpguerssen-test.odoo.rgbconsulting.com\/es\/producto\/in-my-ladys-chamber-ltd-digipack\/#primaryimage"},"image":{"@id":"https:\/\/wpguerssen-test.odoo.rgbconsulting.com\/es\/producto\/in-my-ladys-chamber-ltd-digipack\/#primaryimage"},"thumbnailUrl":"https:\/\/wpguerssen-test.odoo.rgbconsulting.com\/wp-content\/uploads\/2022\/03\/9492.jpg","datePublished":"2008-05-18T22:00:00+00:00","dateModified":"2024-05-24T11:50:47+00:00","description":"High level psyche-folk from 1977, Californian private release but with a sound that has more to do with UK stuff, with some Eastern influenced parts as well. Pusey, ex-Yellow Autumn, is certainly a very impressive guitar player, his playing in this album is simply incredible and especially the instrumental parts of the album will knock you out. There's only acoustic guitars, bells, gong, flute and slight percussions....but you won't need anything else. A brilliant record this is, sure to impress any psychedelic folk fan. 350 copies only!","breadcrumb":{"@id":"https:\/\/wpguerssen-test.odoo.rgbconsulting.com\/es\/producto\/in-my-ladys-chamber-ltd-digipack\/#breadcrumb"},"inLanguage":"es","potentialAction":[{"@type":"ReadAction","target":["https:\/\/wpguerssen-test.odoo.rgbconsulting.com\/es\/producto\/in-my-ladys-chamber-ltd-digipack\/"]}]},{"@type":"ImageObject","inLanguage":"es","@id":"https:\/\/wpguerssen-test.odoo.rgbconsulting.com\/es\/producto\/in-my-ladys-chamber-ltd-digipack\/#primaryimage","url":"https:\/\/wpguerssen-test.odoo.rgbconsulting.com\/wp-content\/uploads\/2022\/03\/9492.jpg","contentUrl":"https:\/\/wpguerssen-test.odoo.rgbconsulting.com\/wp-content\/uploads\/2022\/03\/9492.jpg","width":1784,"height":1975,"caption":"Joseph - In my lady's chamber (ltd digipack) - MANDRAX (CD) | Guerssen"},{"@type":"BreadcrumbList","@id":"https:\/\/wpguerssen-test.odoo.rgbconsulting.com\/es\/producto\/in-my-ladys-chamber-ltd-digipack\/#breadcrumb","itemListElement":[{"@type":"ListItem","position":1,"name":"Inicio","item":"https:\/\/wpguerssen-test.odoo.rgbconsulting.com\/es\/"},{"@type":"ListItem","position":2,"name":"Shop","item":"https:\/\/wpguerssen-test.odoo.rgbconsulting.com\/shop\/"},{"@type":"ListItem","position":3,"name":"In my lady&#8217;s chamber (ltd digipack)"}]},{"@type":"WebSite","@id":"https:\/\/wpguerssen-test.odoo.rgbconsulting.com\/es\/#website","url":"https:\/\/wpguerssen-test.odoo.rgbconsulting.com\/es\/","name":"Guerssen records","description":"psychedelia - progressive - folk - garage ","publisher":{"@id":"https:\/\/wpguerssen-test.odoo.rgbconsulting.com\/es\/#organization"},"potentialAction":[{"@type":"SearchAction","target":{"@type":"EntryPoint","urlTemplate":"https:\/\/wpguerssen-test.odoo.rgbconsulting.com\/es\/?s={search_term_string}"},"query-input":{"@type":"PropertyValueSpecification","valueRequired":true,"valueName":"search_term_string"}}],"inLanguage":"es"},{"@type":"Organization","@id":"https:\/\/wpguerssen-test.odoo.rgbconsulting.com\/es\/#organization","name":"Guerssen records","url":"https:\/\/wpguerssen-test.odoo.rgbconsulting.com\/es\/","logo":{"@type":"ImageObject","inLanguage":"es","@id":"https:\/\/wpguerssen-test.odoo.rgbconsulting.com\/es\/#\/schema\/logo\/image\/","url":"https:\/\/wpguerssen-test.odoo.rgbconsulting.com\/wp-content\/uploads\/2022\/04\/Logo_Guerssen_trans_100.png","contentUrl":"https:\/\/wpguerssen-test.odoo.rgbconsulting.com\/wp-content\/uploads\/2022\/04\/Logo_Guerssen_trans_100.png","width":122,"height":100,"caption":"Guerssen records"},"image":{"@id":"https:\/\/wpguerssen-test.odoo.rgbconsulting.com\/es\/#\/schema\/logo\/image\/"}}]}},"_links":{"self":[{"href":"https:\/\/wpguerssen-test.odoo.rgbconsulting.com\/es\/wp-json\/wp\/v2\/product\/177583","targetHints":{"allow":["GET"]}}],"collection":[{"href":"https:\/\/wpguerssen-test.odoo.rgbconsulting.com\/es\/wp-json\/wp\/v2\/product"}],"about":[{"href":"https:\/\/wpguerssen-test.odoo.rgbconsulting.com\/es\/wp-json\/wp\/v2\/types\/product"}],"wp:featuredmedia":[{"embeddable":true,"href":"https:\/\/wpguerssen-test.odoo.rgbconsulting.com\/es\/wp-json\/wp\/v2\/media\/111492"}],"wp:attachment":[{"href":"https:\/\/wpguerssen-test.odoo.rgbconsulting.com\/es\/wp-json\/wp\/v2\/media?parent=177583"}],"wp:term":[{"taxonomy":"product_brand","embeddable":true,"href":"https:\/\/wpguerssen-test.odoo.rgbconsulting.com\/es\/wp-json\/wp\/v2\/product_brand?post=177583"},{"taxonomy":"product_cat","embeddable":true,"href":"https:\/\/wpguerssen-test.odoo.rgbconsulting.com\/es\/wp-json\/wp\/v2\/product_cat?post=177583"},{"taxonomy":"product_tag","embeddable":true,"href":"https:\/\/wpguerssen-test.odoo.rgbconsulting.com\/es\/wp-json\/wp\/v2\/product_tag?post=177583"}],"curies":[{"name":"wp","href":"https:\/\/api.w.org\/{rel}","templated":true}]}}