{"id":177599,"date":"2025-04-07T00:00:00","date_gmt":"2025-04-06T22:00:00","guid":{"rendered":"http:\/\/guerssen.hl1097.dinaserver.com\/product\/the-light-is-dark-enough\/"},"modified":"2025-04-22T15:44:44","modified_gmt":"2025-04-22T13:44:44","slug":"the-light-is-dark-enough","status":"publish","type":"product","link":"https:\/\/wpguerssen-test.odoo.rgbconsulting.com\/es\/producto\/the-light-is-dark-enough\/","title":{"rendered":"The light is dark enough"},"content":{"rendered":"<p>Grupo ingl\u00e9s formado en 1967 y que impact\u00f3 en toda Europa mientras en UK se les ignoraba. \u00c9ste es su \u00fanico LP, de 1970, mezcla de Swingin&#8217; London pop-psych y pop progresivo con temazos como \u00abNodnol\u00bb, \u00abGlory\u00bb y el instrumental con Hammond \u00abThe warlus &#038; the horse\u00bb. <\/p>\n<p> Adem\u00e1s, se incluyen cuatro bonus tracks extra\u00eddos de sus m\u00e1s psicod\u00e9licos singles: el temazo pop-sike \u00abSamantha&#8217;s mine\u00bb, el mod-dancer \u00abLondon bridge is coming down\u00bb, \u00abMusic shootes the savage breast\u00bb y \u00abComes the dawn\u00bb. Sonido remasterizado.<\/p>\n","protected":false},"excerpt":{"rendered":"<p>Grupo ingl\u00e9s formado en 1967 y que impact\u00f3 en toda Europa mientras en UK se les ignoraba. \u00c9ste es su \u00fanico LP, de 1970, mezcla de Swingin&#8217; London pop-psych<a class=\"read\" href=\"https:\/\/wpguerssen-test.odoo.rgbconsulting.com\/es\/producto\/the-light-is-dark-enough\/\"> (...)<\/a>","protected":false},"featured_media":111537,"template":"","meta":{"_acf_changed":false},"product_brand":[],"product_cat":[21639],"product_tag":[24185,24190],"class_list":{"0":"post-177599","1":"product","2":"type-product","3":"status-publish","4":"has-post-thumbnail","6":"product_cat-psychedelic60s-70s-es","7":"product_tag-de-nuevo-en-existencia","8":"product_tag-sales-es","9":"pa_artist-spectrum-es","10":"pa_format-lp-es","11":"pa_gender-psychedelic60s-70s","12":"pa_label-subway","13":"pa_location-uk-ireland-es","14":"pa_other-filters-vinyl-only-es","16":"first","17":"instock","18":"taxable","19":"shipping-taxable","20":"purchasable","21":"product-type-simple"},"acf":[],"yoast_head":"<!-- This site is optimized with the Yoast SEO plugin v24.9 - https:\/\/yoast.com\/wordpress\/plugins\/seo\/ -->\n<title>SPECTRUM - The light is dark enough -  (LP) | Guerssen<\/title>\n<meta name=\"description\" content=\"Reissue of the sole album by this excellent British pop-psych outfit, originally released in 1970. A nice mix of progressive pop and Swingin London pop-psych with killer tracks such as &quot;Nodnol&quot;, &quot;Glory&quot; and the groovy Hammond instrumental &quot;Walrus and the horse&quot;. Great production, vocals, organ. #nl# Featuring four non -LP bonus tracks taken from their previous 45s, including the pop-sike smasher &quot;Samanthas Mine&quot;, the organ mod dancer &quot;London bridge is coming down&quot;, the toytown sounding &quot;Music shootes the savage breast&quot; and &quot;Comes the dawn&quot;. Remastered sound.\" \/>\n<meta name=\"robots\" content=\"index, follow, max-snippet:-1, max-image-preview:large, max-video-preview:-1\" \/>\n<link rel=\"canonical\" href=\"https:\/\/wpguerssen-test.odoo.rgbconsulting.com\/es\/producto\/the-light-is-dark-enough\/\" \/>\n<meta property=\"og:locale\" content=\"es_ES\" \/>\n<meta property=\"og:type\" content=\"article\" \/>\n<meta property=\"og:title\" content=\"SPECTRUM - The light is dark enough -  (LP) | Guerssen\" \/>\n<meta property=\"og:description\" content=\"Reissue of the sole album by this excellent British pop-psych outfit, originally released in 1970. A nice mix of progressive pop and Swingin London pop-psych with killer tracks such as &quot;Nodnol&quot;, &quot;Glory&quot; and the groovy Hammond instrumental &quot;Walrus and the horse&quot;. Great production, vocals, organ. #nl# Featuring four non -LP bonus tracks taken from their previous 45s, including the pop-sike smasher &quot;Samanthas Mine&quot;, the organ mod dancer &quot;London bridge is coming down&quot;, the toytown sounding &quot;Music shootes the savage breast&quot; and &quot;Comes the dawn&quot;. Remastered sound.\" \/>\n<meta property=\"og:url\" content=\"https:\/\/wpguerssen-test.odoo.rgbconsulting.com\/es\/producto\/the-light-is-dark-enough\/\" \/>\n<meta property=\"og:site_name\" content=\"Guerssen records\" \/>\n<meta property=\"article:modified_time\" content=\"2025-04-22T13:44:44+00:00\" \/>\n<meta property=\"og:image\" content=\"https:\/\/wpguerssen-test.odoo.rgbconsulting.com\/wp-content\/uploads\/2022\/03\/9631.jpg\" \/>\n\t<meta property=\"og:image:width\" content=\"706\" \/>\n\t<meta property=\"og:image:height\" content=\"686\" \/>\n\t<meta property=\"og:image:type\" content=\"image\/jpeg\" \/>\n<meta name=\"twitter:card\" content=\"summary_large_image\" \/>\n<meta name=\"twitter:title\" content=\"SPECTRUM - The light is dark enough -  (LP) | Guerssen\" \/>\n<script type=\"application\/ld+json\" class=\"yoast-schema-graph\">{\"@context\":\"https:\/\/schema.org\",\"@graph\":[{\"@type\":\"WebPage\",\"@id\":\"https:\/\/wpguerssen-test.odoo.rgbconsulting.com\/es\/producto\/the-light-is-dark-enough\/\",\"url\":\"https:\/\/wpguerssen-test.odoo.rgbconsulting.com\/es\/producto\/the-light-is-dark-enough\/\",\"name\":\"SPECTRUM - The light is dark enough - (LP) | Guerssen\",\"isPartOf\":{\"@id\":\"https:\/\/wpguerssen-test.odoo.rgbconsulting.com\/es\/#website\"},\"primaryImageOfPage\":{\"@id\":\"https:\/\/wpguerssen-test.odoo.rgbconsulting.com\/es\/producto\/the-light-is-dark-enough\/#primaryimage\"},\"image\":{\"@id\":\"https:\/\/wpguerssen-test.odoo.rgbconsulting.com\/es\/producto\/the-light-is-dark-enough\/#primaryimage\"},\"thumbnailUrl\":\"https:\/\/wpguerssen-test.odoo.rgbconsulting.com\/wp-content\/uploads\/2022\/03\/9631.jpg\",\"datePublished\":\"2025-04-06T22:00:00+00:00\",\"dateModified\":\"2025-04-22T13:44:44+00:00\",\"description\":\"Reissue of the sole album by this excellent British pop-psych outfit, originally released in 1970. A nice mix of progressive pop and Swingin London pop-psych with killer tracks such as \\\"Nodnol\\\", \\\"Glory\\\" and the groovy Hammond instrumental \\\"Walrus and the horse\\\". Great production, vocals, organ. #nl# Featuring four non -LP bonus tracks taken from their previous 45s, including the pop-sike smasher \\\"Samanthas Mine\\\", the organ mod dancer \\\"London bridge is coming down\\\", the toytown sounding \\\"Music shootes the savage breast\\\" and \\\"Comes the dawn\\\". Remastered sound.\",\"breadcrumb\":{\"@id\":\"https:\/\/wpguerssen-test.odoo.rgbconsulting.com\/es\/producto\/the-light-is-dark-enough\/#breadcrumb\"},\"inLanguage\":\"es\",\"potentialAction\":[{\"@type\":\"ReadAction\",\"target\":[\"https:\/\/wpguerssen-test.odoo.rgbconsulting.com\/es\/producto\/the-light-is-dark-enough\/\"]}]},{\"@type\":\"ImageObject\",\"inLanguage\":\"es\",\"@id\":\"https:\/\/wpguerssen-test.odoo.rgbconsulting.com\/es\/producto\/the-light-is-dark-enough\/#primaryimage\",\"url\":\"https:\/\/wpguerssen-test.odoo.rgbconsulting.com\/wp-content\/uploads\/2022\/03\/9631.jpg\",\"contentUrl\":\"https:\/\/wpguerssen-test.odoo.rgbconsulting.com\/wp-content\/uploads\/2022\/03\/9631.jpg\",\"width\":706,\"height\":686,\"caption\":\"SPECTRUM - The light is dark enough - SUBWAY (LP) | Guerssen\"},{\"@type\":\"BreadcrumbList\",\"@id\":\"https:\/\/wpguerssen-test.odoo.rgbconsulting.com\/es\/producto\/the-light-is-dark-enough\/#breadcrumb\",\"itemListElement\":[{\"@type\":\"ListItem\",\"position\":1,\"name\":\"Inicio\",\"item\":\"https:\/\/wpguerssen-test.odoo.rgbconsulting.com\/es\/\"},{\"@type\":\"ListItem\",\"position\":2,\"name\":\"Shop\",\"item\":\"https:\/\/wpguerssen-test.odoo.rgbconsulting.com\/shop\/\"},{\"@type\":\"ListItem\",\"position\":3,\"name\":\"The light is dark enough\"}]},{\"@type\":\"WebSite\",\"@id\":\"https:\/\/wpguerssen-test.odoo.rgbconsulting.com\/es\/#website\",\"url\":\"https:\/\/wpguerssen-test.odoo.rgbconsulting.com\/es\/\",\"name\":\"Guerssen records\",\"description\":\"psychedelia - progressive - folk - garage \",\"publisher\":{\"@id\":\"https:\/\/wpguerssen-test.odoo.rgbconsulting.com\/es\/#organization\"},\"potentialAction\":[{\"@type\":\"SearchAction\",\"target\":{\"@type\":\"EntryPoint\",\"urlTemplate\":\"https:\/\/wpguerssen-test.odoo.rgbconsulting.com\/es\/?s={search_term_string}\"},\"query-input\":{\"@type\":\"PropertyValueSpecification\",\"valueRequired\":true,\"valueName\":\"search_term_string\"}}],\"inLanguage\":\"es\"},{\"@type\":\"Organization\",\"@id\":\"https:\/\/wpguerssen-test.odoo.rgbconsulting.com\/es\/#organization\",\"name\":\"Guerssen records\",\"url\":\"https:\/\/wpguerssen-test.odoo.rgbconsulting.com\/es\/\",\"logo\":{\"@type\":\"ImageObject\",\"inLanguage\":\"es\",\"@id\":\"https:\/\/wpguerssen-test.odoo.rgbconsulting.com\/es\/#\/schema\/logo\/image\/\",\"url\":\"https:\/\/wpguerssen-test.odoo.rgbconsulting.com\/wp-content\/uploads\/2022\/04\/Logo_Guerssen_trans_100.png\",\"contentUrl\":\"https:\/\/wpguerssen-test.odoo.rgbconsulting.com\/wp-content\/uploads\/2022\/04\/Logo_Guerssen_trans_100.png\",\"width\":122,\"height\":100,\"caption\":\"Guerssen records\"},\"image\":{\"@id\":\"https:\/\/wpguerssen-test.odoo.rgbconsulting.com\/es\/#\/schema\/logo\/image\/\"}}]}<\/script>\n<!-- \/ Yoast SEO plugin. -->","yoast_head_json":{"title":"SPECTRUM - The light is dark enough -  (LP) | Guerssen","description":"Reissue of the sole album by this excellent British pop-psych outfit, originally released in 1970. A nice mix of progressive pop and Swingin London pop-psych with killer tracks such as \"Nodnol\", \"Glory\" and the groovy Hammond instrumental \"Walrus and the horse\". Great production, vocals, organ. #nl# Featuring four non -LP bonus tracks taken from their previous 45s, including the pop-sike smasher \"Samanthas Mine\", the organ mod dancer \"London bridge is coming down\", the toytown sounding \"Music shootes the savage breast\" and \"Comes the dawn\". Remastered sound.","robots":{"index":"index","follow":"follow","max-snippet":"max-snippet:-1","max-image-preview":"max-image-preview:large","max-video-preview":"max-video-preview:-1"},"canonical":"https:\/\/wpguerssen-test.odoo.rgbconsulting.com\/es\/producto\/the-light-is-dark-enough\/","og_locale":"es_ES","og_type":"article","og_title":"SPECTRUM - The light is dark enough -  (LP) | Guerssen","og_description":"Reissue of the sole album by this excellent British pop-psych outfit, originally released in 1970. A nice mix of progressive pop and Swingin London pop-psych with killer tracks such as \"Nodnol\", \"Glory\" and the groovy Hammond instrumental \"Walrus and the horse\". Great production, vocals, organ. #nl# Featuring four non -LP bonus tracks taken from their previous 45s, including the pop-sike smasher \"Samanthas Mine\", the organ mod dancer \"London bridge is coming down\", the toytown sounding \"Music shootes the savage breast\" and \"Comes the dawn\". Remastered sound.","og_url":"https:\/\/wpguerssen-test.odoo.rgbconsulting.com\/es\/producto\/the-light-is-dark-enough\/","og_site_name":"Guerssen records","article_modified_time":"2025-04-22T13:44:44+00:00","og_image":[{"width":706,"height":686,"url":"https:\/\/wpguerssen-test.odoo.rgbconsulting.com\/wp-content\/uploads\/2022\/03\/9631.jpg","type":"image\/jpeg"}],"twitter_card":"summary_large_image","twitter_title":"SPECTRUM - The light is dark enough -  (LP) | Guerssen","schema":{"@context":"https:\/\/schema.org","@graph":[{"@type":"WebPage","@id":"https:\/\/wpguerssen-test.odoo.rgbconsulting.com\/es\/producto\/the-light-is-dark-enough\/","url":"https:\/\/wpguerssen-test.odoo.rgbconsulting.com\/es\/producto\/the-light-is-dark-enough\/","name":"SPECTRUM - The light is dark enough - (LP) | Guerssen","isPartOf":{"@id":"https:\/\/wpguerssen-test.odoo.rgbconsulting.com\/es\/#website"},"primaryImageOfPage":{"@id":"https:\/\/wpguerssen-test.odoo.rgbconsulting.com\/es\/producto\/the-light-is-dark-enough\/#primaryimage"},"image":{"@id":"https:\/\/wpguerssen-test.odoo.rgbconsulting.com\/es\/producto\/the-light-is-dark-enough\/#primaryimage"},"thumbnailUrl":"https:\/\/wpguerssen-test.odoo.rgbconsulting.com\/wp-content\/uploads\/2022\/03\/9631.jpg","datePublished":"2025-04-06T22:00:00+00:00","dateModified":"2025-04-22T13:44:44+00:00","description":"Reissue of the sole album by this excellent British pop-psych outfit, originally released in 1970. A nice mix of progressive pop and Swingin London pop-psych with killer tracks such as \"Nodnol\", \"Glory\" and the groovy Hammond instrumental \"Walrus and the horse\". Great production, vocals, organ. #nl# Featuring four non -LP bonus tracks taken from their previous 45s, including the pop-sike smasher \"Samanthas Mine\", the organ mod dancer \"London bridge is coming down\", the toytown sounding \"Music shootes the savage breast\" and \"Comes the dawn\". Remastered sound.","breadcrumb":{"@id":"https:\/\/wpguerssen-test.odoo.rgbconsulting.com\/es\/producto\/the-light-is-dark-enough\/#breadcrumb"},"inLanguage":"es","potentialAction":[{"@type":"ReadAction","target":["https:\/\/wpguerssen-test.odoo.rgbconsulting.com\/es\/producto\/the-light-is-dark-enough\/"]}]},{"@type":"ImageObject","inLanguage":"es","@id":"https:\/\/wpguerssen-test.odoo.rgbconsulting.com\/es\/producto\/the-light-is-dark-enough\/#primaryimage","url":"https:\/\/wpguerssen-test.odoo.rgbconsulting.com\/wp-content\/uploads\/2022\/03\/9631.jpg","contentUrl":"https:\/\/wpguerssen-test.odoo.rgbconsulting.com\/wp-content\/uploads\/2022\/03\/9631.jpg","width":706,"height":686,"caption":"SPECTRUM - The light is dark enough - SUBWAY (LP) | Guerssen"},{"@type":"BreadcrumbList","@id":"https:\/\/wpguerssen-test.odoo.rgbconsulting.com\/es\/producto\/the-light-is-dark-enough\/#breadcrumb","itemListElement":[{"@type":"ListItem","position":1,"name":"Inicio","item":"https:\/\/wpguerssen-test.odoo.rgbconsulting.com\/es\/"},{"@type":"ListItem","position":2,"name":"Shop","item":"https:\/\/wpguerssen-test.odoo.rgbconsulting.com\/shop\/"},{"@type":"ListItem","position":3,"name":"The light is dark enough"}]},{"@type":"WebSite","@id":"https:\/\/wpguerssen-test.odoo.rgbconsulting.com\/es\/#website","url":"https:\/\/wpguerssen-test.odoo.rgbconsulting.com\/es\/","name":"Guerssen records","description":"psychedelia - progressive - folk - garage ","publisher":{"@id":"https:\/\/wpguerssen-test.odoo.rgbconsulting.com\/es\/#organization"},"potentialAction":[{"@type":"SearchAction","target":{"@type":"EntryPoint","urlTemplate":"https:\/\/wpguerssen-test.odoo.rgbconsulting.com\/es\/?s={search_term_string}"},"query-input":{"@type":"PropertyValueSpecification","valueRequired":true,"valueName":"search_term_string"}}],"inLanguage":"es"},{"@type":"Organization","@id":"https:\/\/wpguerssen-test.odoo.rgbconsulting.com\/es\/#organization","name":"Guerssen records","url":"https:\/\/wpguerssen-test.odoo.rgbconsulting.com\/es\/","logo":{"@type":"ImageObject","inLanguage":"es","@id":"https:\/\/wpguerssen-test.odoo.rgbconsulting.com\/es\/#\/schema\/logo\/image\/","url":"https:\/\/wpguerssen-test.odoo.rgbconsulting.com\/wp-content\/uploads\/2022\/04\/Logo_Guerssen_trans_100.png","contentUrl":"https:\/\/wpguerssen-test.odoo.rgbconsulting.com\/wp-content\/uploads\/2022\/04\/Logo_Guerssen_trans_100.png","width":122,"height":100,"caption":"Guerssen records"},"image":{"@id":"https:\/\/wpguerssen-test.odoo.rgbconsulting.com\/es\/#\/schema\/logo\/image\/"}}]}},"_links":{"self":[{"href":"https:\/\/wpguerssen-test.odoo.rgbconsulting.com\/es\/wp-json\/wp\/v2\/product\/177599","targetHints":{"allow":["GET"]}}],"collection":[{"href":"https:\/\/wpguerssen-test.odoo.rgbconsulting.com\/es\/wp-json\/wp\/v2\/product"}],"about":[{"href":"https:\/\/wpguerssen-test.odoo.rgbconsulting.com\/es\/wp-json\/wp\/v2\/types\/product"}],"wp:featuredmedia":[{"embeddable":true,"href":"https:\/\/wpguerssen-test.odoo.rgbconsulting.com\/es\/wp-json\/wp\/v2\/media\/111537"}],"wp:attachment":[{"href":"https:\/\/wpguerssen-test.odoo.rgbconsulting.com\/es\/wp-json\/wp\/v2\/media?parent=177599"}],"wp:term":[{"taxonomy":"product_brand","embeddable":true,"href":"https:\/\/wpguerssen-test.odoo.rgbconsulting.com\/es\/wp-json\/wp\/v2\/product_brand?post=177599"},{"taxonomy":"product_cat","embeddable":true,"href":"https:\/\/wpguerssen-test.odoo.rgbconsulting.com\/es\/wp-json\/wp\/v2\/product_cat?post=177599"},{"taxonomy":"product_tag","embeddable":true,"href":"https:\/\/wpguerssen-test.odoo.rgbconsulting.com\/es\/wp-json\/wp\/v2\/product_tag?post=177599"}],"curies":[{"name":"wp","href":"https:\/\/api.w.org\/{rel}","templated":true}]}}