{"id":177605,"date":"2009-09-28T00:00:00","date_gmt":"2009-09-27T22:00:00","guid":{"rendered":"http:\/\/guerssen.hl1097.dinaserver.com\/product\/mammut-cd\/"},"modified":"2024-06-12T16:42:51","modified_gmt":"2024-06-12T14:42:51","slug":"mammut-cd","status":"publish","type":"product","link":"https:\/\/wpguerssen-test.odoo.rgbconsulting.com\/es\/producto\/mammut-cd\/","title":{"rendered":"Mammut (CD)"},"content":{"rendered":"<p>Primera reedici\u00f3n oficial de este rar\u00edsimo disco alem\u00e1n de 1971. Dura guitarra fuzz, free-rock e influencia cl\u00e1sica en un curioso disco conceptual psicod\u00e9lico-kraut. Remasterizado, dos bonus tracks y libreto con notas y fotos.<\/p>\n","protected":false},"excerpt":{"rendered":"<p>Primera reedici\u00f3n oficial de este rar\u00edsimo disco alem\u00e1n de 1971. Dura guitarra fuzz, free-rock e influencia cl\u00e1sica en un curioso disco conceptual psicod\u00e9lico-kraut.<a class=\"read\" href=\"https:\/\/wpguerssen-test.odoo.rgbconsulting.com\/es\/producto\/mammut-cd\/\"> (...)<\/a>","protected":false},"featured_media":111553,"template":"","meta":{"_acf_changed":false},"product_brand":[],"product_cat":[21639,23230],"product_tag":[],"class_list":{"0":"post-177605","1":"product","2":"type-product","3":"status-publish","4":"has-post-thumbnail","6":"product_cat-psychedelic60s-70s-es","7":"product_cat-krautrock-es-2","8":"pa_artist-mammut-es","9":"pa_format-cd-2-es","10":"pa_gender-krautrock-psychedelic60s-70s","11":"pa_label-long-hair-es","12":"pa_location-europe-es","14":"first","15":"instock","16":"taxable","17":"shipping-taxable","18":"purchasable","19":"product-type-simple"},"acf":[],"yoast_head":"<!-- This site is optimized with the Yoast SEO plugin v24.9 - https:\/\/yoast.com\/wordpress\/plugins\/seo\/ -->\n<title>MAMMUT - Mammut (CD) -  (CD) | Guerssen<\/title>\n<meta name=\"description\" content=\"1st official CD release of one of the most legendary German small label pressed albums. Originally released in 1971, this album is an intense and bombastic hybrid between heavy fuzz acid guitar, instinctive free rock improvisations and some lyrical, classical influenced interludes\/fragmentes. Mammut played in an impressive and comvincing manner their conception of an psychedelic rock opera. For that each title includes the name Mammut. #nl# The opening track ,Bird Mammut&quot; is a groovy, percussive, crazy psychedelic affair featuring an avalanche of drums, trippy organs, bluesy e-guitar and wistfull flute passages. ,Classical Mammut&quot; delivers a short piano interlude, a pleasant melodic moment. ,Mammut ecstacy&quot; is a fuzzy heavy psychedelic composition with furious rhythms, an efficient bass guitar leading theme and some nice keyboard moves. ,Foot Machine Mammut&quot; alternates a bluesy popsong with free guitar jams accompanied by Hammond organ. Perhaps parts of the first Embryo album are comparable to this. ,Nahgarn Mammut&quot; is their attempt to be more lyrical and melodic, while the album closes with 14 minutes of ,Mammut opera&quot;, which show Mammut at their best. #nl# Dark sounds with hints of Amon Duul II, heavy blues rock with all sorts of strange, ethnic and gothic touches combined in their music. Altough the band themselves quoted Deep Purple in Rock as a major influence, their spirit was purely krautrock.Their sole album is a legendary rarity. CD comes with 2 Bonus Tracks, comprehensive booklet, digitally remastered.\" \/>\n<meta name=\"robots\" content=\"index, follow, max-snippet:-1, max-image-preview:large, max-video-preview:-1\" \/>\n<link rel=\"canonical\" href=\"https:\/\/wpguerssen-test.odoo.rgbconsulting.com\/es\/producto\/mammut-cd\/\" \/>\n<meta property=\"og:locale\" content=\"es_ES\" \/>\n<meta property=\"og:type\" content=\"article\" \/>\n<meta property=\"og:title\" content=\"MAMMUT - Mammut (CD) -  (CD) | Guerssen\" \/>\n<meta property=\"og:description\" content=\"1st official CD release of one of the most legendary German small label pressed albums. Originally released in 1971, this album is an intense and bombastic hybrid between heavy fuzz acid guitar, instinctive free rock improvisations and some lyrical, classical influenced interludes\/fragmentes. Mammut played in an impressive and comvincing manner their conception of an psychedelic rock opera. For that each title includes the name Mammut. #nl# The opening track ,Bird Mammut&quot; is a groovy, percussive, crazy psychedelic affair featuring an avalanche of drums, trippy organs, bluesy e-guitar and wistfull flute passages. ,Classical Mammut&quot; delivers a short piano interlude, a pleasant melodic moment. ,Mammut ecstacy&quot; is a fuzzy heavy psychedelic composition with furious rhythms, an efficient bass guitar leading theme and some nice keyboard moves. ,Foot Machine Mammut&quot; alternates a bluesy popsong with free guitar jams accompanied by Hammond organ. Perhaps parts of the first Embryo album are comparable to this. ,Nahgarn Mammut&quot; is their attempt to be more lyrical and melodic, while the album closes with 14 minutes of ,Mammut opera&quot;, which show Mammut at their best. #nl# Dark sounds with hints of Amon Duul II, heavy blues rock with all sorts of strange, ethnic and gothic touches combined in their music. Altough the band themselves quoted Deep Purple in Rock as a major influence, their spirit was purely krautrock.Their sole album is a legendary rarity. CD comes with 2 Bonus Tracks, comprehensive booklet, digitally remastered.\" \/>\n<meta property=\"og:url\" content=\"https:\/\/wpguerssen-test.odoo.rgbconsulting.com\/es\/producto\/mammut-cd\/\" \/>\n<meta property=\"og:site_name\" content=\"Guerssen records\" \/>\n<meta property=\"article:modified_time\" content=\"2024-06-12T14:42:51+00:00\" \/>\n<meta name=\"twitter:card\" content=\"summary_large_image\" \/>\n<meta name=\"twitter:title\" content=\"MAMMUT - Mammut (CD) -  (CD) | Guerssen\" \/>\n<script type=\"application\/ld+json\" class=\"yoast-schema-graph\">{\"@context\":\"https:\/\/schema.org\",\"@graph\":[{\"@type\":\"WebPage\",\"@id\":\"https:\/\/wpguerssen-test.odoo.rgbconsulting.com\/es\/producto\/mammut-cd\/\",\"url\":\"https:\/\/wpguerssen-test.odoo.rgbconsulting.com\/es\/producto\/mammut-cd\/\",\"name\":\"MAMMUT - Mammut (CD) - (CD) | Guerssen\",\"isPartOf\":{\"@id\":\"https:\/\/wpguerssen-test.odoo.rgbconsulting.com\/es\/#website\"},\"primaryImageOfPage\":{\"@id\":\"https:\/\/wpguerssen-test.odoo.rgbconsulting.com\/es\/producto\/mammut-cd\/#primaryimage\"},\"image\":{\"@id\":\"https:\/\/wpguerssen-test.odoo.rgbconsulting.com\/es\/producto\/mammut-cd\/#primaryimage\"},\"thumbnailUrl\":\"https:\/\/wpguerssen-test.odoo.rgbconsulting.com\/wp-content\/uploads\/2022\/03\/9674.jpg\",\"datePublished\":\"2009-09-27T22:00:00+00:00\",\"dateModified\":\"2024-06-12T14:42:51+00:00\",\"description\":\"1st official CD release of one of the most legendary German small label pressed albums. Originally released in 1971, this album is an intense and bombastic hybrid between heavy fuzz acid guitar, instinctive free rock improvisations and some lyrical, classical influenced interludes\/fragmentes. Mammut played in an impressive and comvincing manner their conception of an psychedelic rock opera. For that each title includes the name Mammut. #nl# The opening track ,Bird Mammut\\\" is a groovy, percussive, crazy psychedelic affair featuring an avalanche of drums, trippy organs, bluesy e-guitar and wistfull flute passages. ,Classical Mammut\\\" delivers a short piano interlude, a pleasant melodic moment. ,Mammut ecstacy\\\" is a fuzzy heavy psychedelic composition with furious rhythms, an efficient bass guitar leading theme and some nice keyboard moves. ,Foot Machine Mammut\\\" alternates a bluesy popsong with free guitar jams accompanied by Hammond organ. Perhaps parts of the first Embryo album are comparable to this. ,Nahgarn Mammut\\\" is their attempt to be more lyrical and melodic, while the album closes with 14 minutes of ,Mammut opera\\\", which show Mammut at their best. #nl# Dark sounds with hints of Amon Duul II, heavy blues rock with all sorts of strange, ethnic and gothic touches combined in their music. Altough the band themselves quoted Deep Purple in Rock as a major influence, their spirit was purely krautrock.Their sole album is a legendary rarity. CD comes with 2 Bonus Tracks, comprehensive booklet, digitally remastered.\",\"breadcrumb\":{\"@id\":\"https:\/\/wpguerssen-test.odoo.rgbconsulting.com\/es\/producto\/mammut-cd\/#breadcrumb\"},\"inLanguage\":\"es\",\"potentialAction\":[{\"@type\":\"ReadAction\",\"target\":[\"https:\/\/wpguerssen-test.odoo.rgbconsulting.com\/es\/producto\/mammut-cd\/\"]}]},{\"@type\":\"ImageObject\",\"inLanguage\":\"es\",\"@id\":\"https:\/\/wpguerssen-test.odoo.rgbconsulting.com\/es\/producto\/mammut-cd\/#primaryimage\",\"url\":\"https:\/\/wpguerssen-test.odoo.rgbconsulting.com\/wp-content\/uploads\/2022\/03\/9674.jpg\",\"contentUrl\":\"https:\/\/wpguerssen-test.odoo.rgbconsulting.com\/wp-content\/uploads\/2022\/03\/9674.jpg\",\"width\":198,\"height\":202,\"caption\":\"MAMMUT - Mammut (CD) - LONG HAIR (CD) | Guerssen\"},{\"@type\":\"BreadcrumbList\",\"@id\":\"https:\/\/wpguerssen-test.odoo.rgbconsulting.com\/es\/producto\/mammut-cd\/#breadcrumb\",\"itemListElement\":[{\"@type\":\"ListItem\",\"position\":1,\"name\":\"Inicio\",\"item\":\"https:\/\/wpguerssen-test.odoo.rgbconsulting.com\/es\/\"},{\"@type\":\"ListItem\",\"position\":2,\"name\":\"Shop\",\"item\":\"https:\/\/wpguerssen-test.odoo.rgbconsulting.com\/shop\/\"},{\"@type\":\"ListItem\",\"position\":3,\"name\":\"Mammut (CD)\"}]},{\"@type\":\"WebSite\",\"@id\":\"https:\/\/wpguerssen-test.odoo.rgbconsulting.com\/es\/#website\",\"url\":\"https:\/\/wpguerssen-test.odoo.rgbconsulting.com\/es\/\",\"name\":\"Guerssen records\",\"description\":\"psychedelia - progressive - folk - garage \",\"publisher\":{\"@id\":\"https:\/\/wpguerssen-test.odoo.rgbconsulting.com\/es\/#organization\"},\"potentialAction\":[{\"@type\":\"SearchAction\",\"target\":{\"@type\":\"EntryPoint\",\"urlTemplate\":\"https:\/\/wpguerssen-test.odoo.rgbconsulting.com\/es\/?s={search_term_string}\"},\"query-input\":{\"@type\":\"PropertyValueSpecification\",\"valueRequired\":true,\"valueName\":\"search_term_string\"}}],\"inLanguage\":\"es\"},{\"@type\":\"Organization\",\"@id\":\"https:\/\/wpguerssen-test.odoo.rgbconsulting.com\/es\/#organization\",\"name\":\"Guerssen records\",\"url\":\"https:\/\/wpguerssen-test.odoo.rgbconsulting.com\/es\/\",\"logo\":{\"@type\":\"ImageObject\",\"inLanguage\":\"es\",\"@id\":\"https:\/\/wpguerssen-test.odoo.rgbconsulting.com\/es\/#\/schema\/logo\/image\/\",\"url\":\"https:\/\/wpguerssen-test.odoo.rgbconsulting.com\/wp-content\/uploads\/2022\/04\/Logo_Guerssen_trans_100.png\",\"contentUrl\":\"https:\/\/wpguerssen-test.odoo.rgbconsulting.com\/wp-content\/uploads\/2022\/04\/Logo_Guerssen_trans_100.png\",\"width\":122,\"height\":100,\"caption\":\"Guerssen records\"},\"image\":{\"@id\":\"https:\/\/wpguerssen-test.odoo.rgbconsulting.com\/es\/#\/schema\/logo\/image\/\"}}]}<\/script>\n<!-- \/ Yoast SEO plugin. -->","yoast_head_json":{"title":"MAMMUT - Mammut (CD) -  (CD) | Guerssen","description":"1st official CD release of one of the most legendary German small label pressed albums. Originally released in 1971, this album is an intense and bombastic hybrid between heavy fuzz acid guitar, instinctive free rock improvisations and some lyrical, classical influenced interludes\/fragmentes. Mammut played in an impressive and comvincing manner their conception of an psychedelic rock opera. For that each title includes the name Mammut. #nl# The opening track ,Bird Mammut\" is a groovy, percussive, crazy psychedelic affair featuring an avalanche of drums, trippy organs, bluesy e-guitar and wistfull flute passages. ,Classical Mammut\" delivers a short piano interlude, a pleasant melodic moment. ,Mammut ecstacy\" is a fuzzy heavy psychedelic composition with furious rhythms, an efficient bass guitar leading theme and some nice keyboard moves. ,Foot Machine Mammut\" alternates a bluesy popsong with free guitar jams accompanied by Hammond organ. Perhaps parts of the first Embryo album are comparable to this. ,Nahgarn Mammut\" is their attempt to be more lyrical and melodic, while the album closes with 14 minutes of ,Mammut opera\", which show Mammut at their best. #nl# Dark sounds with hints of Amon Duul II, heavy blues rock with all sorts of strange, ethnic and gothic touches combined in their music. Altough the band themselves quoted Deep Purple in Rock as a major influence, their spirit was purely krautrock.Their sole album is a legendary rarity. CD comes with 2 Bonus Tracks, comprehensive booklet, digitally remastered.","robots":{"index":"index","follow":"follow","max-snippet":"max-snippet:-1","max-image-preview":"max-image-preview:large","max-video-preview":"max-video-preview:-1"},"canonical":"https:\/\/wpguerssen-test.odoo.rgbconsulting.com\/es\/producto\/mammut-cd\/","og_locale":"es_ES","og_type":"article","og_title":"MAMMUT - Mammut (CD) -  (CD) | Guerssen","og_description":"1st official CD release of one of the most legendary German small label pressed albums. Originally released in 1971, this album is an intense and bombastic hybrid between heavy fuzz acid guitar, instinctive free rock improvisations and some lyrical, classical influenced interludes\/fragmentes. Mammut played in an impressive and comvincing manner their conception of an psychedelic rock opera. For that each title includes the name Mammut. #nl# The opening track ,Bird Mammut\" is a groovy, percussive, crazy psychedelic affair featuring an avalanche of drums, trippy organs, bluesy e-guitar and wistfull flute passages. ,Classical Mammut\" delivers a short piano interlude, a pleasant melodic moment. ,Mammut ecstacy\" is a fuzzy heavy psychedelic composition with furious rhythms, an efficient bass guitar leading theme and some nice keyboard moves. ,Foot Machine Mammut\" alternates a bluesy popsong with free guitar jams accompanied by Hammond organ. Perhaps parts of the first Embryo album are comparable to this. ,Nahgarn Mammut\" is their attempt to be more lyrical and melodic, while the album closes with 14 minutes of ,Mammut opera\", which show Mammut at their best. #nl# Dark sounds with hints of Amon Duul II, heavy blues rock with all sorts of strange, ethnic and gothic touches combined in their music. Altough the band themselves quoted Deep Purple in Rock as a major influence, their spirit was purely krautrock.Their sole album is a legendary rarity. CD comes with 2 Bonus Tracks, comprehensive booklet, digitally remastered.","og_url":"https:\/\/wpguerssen-test.odoo.rgbconsulting.com\/es\/producto\/mammut-cd\/","og_site_name":"Guerssen records","article_modified_time":"2024-06-12T14:42:51+00:00","twitter_card":"summary_large_image","twitter_title":"MAMMUT - Mammut (CD) -  (CD) | Guerssen","schema":{"@context":"https:\/\/schema.org","@graph":[{"@type":"WebPage","@id":"https:\/\/wpguerssen-test.odoo.rgbconsulting.com\/es\/producto\/mammut-cd\/","url":"https:\/\/wpguerssen-test.odoo.rgbconsulting.com\/es\/producto\/mammut-cd\/","name":"MAMMUT - Mammut (CD) - (CD) | Guerssen","isPartOf":{"@id":"https:\/\/wpguerssen-test.odoo.rgbconsulting.com\/es\/#website"},"primaryImageOfPage":{"@id":"https:\/\/wpguerssen-test.odoo.rgbconsulting.com\/es\/producto\/mammut-cd\/#primaryimage"},"image":{"@id":"https:\/\/wpguerssen-test.odoo.rgbconsulting.com\/es\/producto\/mammut-cd\/#primaryimage"},"thumbnailUrl":"https:\/\/wpguerssen-test.odoo.rgbconsulting.com\/wp-content\/uploads\/2022\/03\/9674.jpg","datePublished":"2009-09-27T22:00:00+00:00","dateModified":"2024-06-12T14:42:51+00:00","description":"1st official CD release of one of the most legendary German small label pressed albums. Originally released in 1971, this album is an intense and bombastic hybrid between heavy fuzz acid guitar, instinctive free rock improvisations and some lyrical, classical influenced interludes\/fragmentes. Mammut played in an impressive and comvincing manner their conception of an psychedelic rock opera. For that each title includes the name Mammut. #nl# The opening track ,Bird Mammut\" is a groovy, percussive, crazy psychedelic affair featuring an avalanche of drums, trippy organs, bluesy e-guitar and wistfull flute passages. ,Classical Mammut\" delivers a short piano interlude, a pleasant melodic moment. ,Mammut ecstacy\" is a fuzzy heavy psychedelic composition with furious rhythms, an efficient bass guitar leading theme and some nice keyboard moves. ,Foot Machine Mammut\" alternates a bluesy popsong with free guitar jams accompanied by Hammond organ. Perhaps parts of the first Embryo album are comparable to this. ,Nahgarn Mammut\" is their attempt to be more lyrical and melodic, while the album closes with 14 minutes of ,Mammut opera\", which show Mammut at their best. #nl# Dark sounds with hints of Amon Duul II, heavy blues rock with all sorts of strange, ethnic and gothic touches combined in their music. Altough the band themselves quoted Deep Purple in Rock as a major influence, their spirit was purely krautrock.Their sole album is a legendary rarity. CD comes with 2 Bonus Tracks, comprehensive booklet, digitally remastered.","breadcrumb":{"@id":"https:\/\/wpguerssen-test.odoo.rgbconsulting.com\/es\/producto\/mammut-cd\/#breadcrumb"},"inLanguage":"es","potentialAction":[{"@type":"ReadAction","target":["https:\/\/wpguerssen-test.odoo.rgbconsulting.com\/es\/producto\/mammut-cd\/"]}]},{"@type":"ImageObject","inLanguage":"es","@id":"https:\/\/wpguerssen-test.odoo.rgbconsulting.com\/es\/producto\/mammut-cd\/#primaryimage","url":"https:\/\/wpguerssen-test.odoo.rgbconsulting.com\/wp-content\/uploads\/2022\/03\/9674.jpg","contentUrl":"https:\/\/wpguerssen-test.odoo.rgbconsulting.com\/wp-content\/uploads\/2022\/03\/9674.jpg","width":198,"height":202,"caption":"MAMMUT - Mammut (CD) - LONG HAIR (CD) | Guerssen"},{"@type":"BreadcrumbList","@id":"https:\/\/wpguerssen-test.odoo.rgbconsulting.com\/es\/producto\/mammut-cd\/#breadcrumb","itemListElement":[{"@type":"ListItem","position":1,"name":"Inicio","item":"https:\/\/wpguerssen-test.odoo.rgbconsulting.com\/es\/"},{"@type":"ListItem","position":2,"name":"Shop","item":"https:\/\/wpguerssen-test.odoo.rgbconsulting.com\/shop\/"},{"@type":"ListItem","position":3,"name":"Mammut (CD)"}]},{"@type":"WebSite","@id":"https:\/\/wpguerssen-test.odoo.rgbconsulting.com\/es\/#website","url":"https:\/\/wpguerssen-test.odoo.rgbconsulting.com\/es\/","name":"Guerssen records","description":"psychedelia - progressive - folk - garage ","publisher":{"@id":"https:\/\/wpguerssen-test.odoo.rgbconsulting.com\/es\/#organization"},"potentialAction":[{"@type":"SearchAction","target":{"@type":"EntryPoint","urlTemplate":"https:\/\/wpguerssen-test.odoo.rgbconsulting.com\/es\/?s={search_term_string}"},"query-input":{"@type":"PropertyValueSpecification","valueRequired":true,"valueName":"search_term_string"}}],"inLanguage":"es"},{"@type":"Organization","@id":"https:\/\/wpguerssen-test.odoo.rgbconsulting.com\/es\/#organization","name":"Guerssen records","url":"https:\/\/wpguerssen-test.odoo.rgbconsulting.com\/es\/","logo":{"@type":"ImageObject","inLanguage":"es","@id":"https:\/\/wpguerssen-test.odoo.rgbconsulting.com\/es\/#\/schema\/logo\/image\/","url":"https:\/\/wpguerssen-test.odoo.rgbconsulting.com\/wp-content\/uploads\/2022\/04\/Logo_Guerssen_trans_100.png","contentUrl":"https:\/\/wpguerssen-test.odoo.rgbconsulting.com\/wp-content\/uploads\/2022\/04\/Logo_Guerssen_trans_100.png","width":122,"height":100,"caption":"Guerssen records"},"image":{"@id":"https:\/\/wpguerssen-test.odoo.rgbconsulting.com\/es\/#\/schema\/logo\/image\/"}}]}},"_links":{"self":[{"href":"https:\/\/wpguerssen-test.odoo.rgbconsulting.com\/es\/wp-json\/wp\/v2\/product\/177605","targetHints":{"allow":["GET"]}}],"collection":[{"href":"https:\/\/wpguerssen-test.odoo.rgbconsulting.com\/es\/wp-json\/wp\/v2\/product"}],"about":[{"href":"https:\/\/wpguerssen-test.odoo.rgbconsulting.com\/es\/wp-json\/wp\/v2\/types\/product"}],"wp:featuredmedia":[{"embeddable":true,"href":"https:\/\/wpguerssen-test.odoo.rgbconsulting.com\/es\/wp-json\/wp\/v2\/media\/111553"}],"wp:attachment":[{"href":"https:\/\/wpguerssen-test.odoo.rgbconsulting.com\/es\/wp-json\/wp\/v2\/media?parent=177605"}],"wp:term":[{"taxonomy":"product_brand","embeddable":true,"href":"https:\/\/wpguerssen-test.odoo.rgbconsulting.com\/es\/wp-json\/wp\/v2\/product_brand?post=177605"},{"taxonomy":"product_cat","embeddable":true,"href":"https:\/\/wpguerssen-test.odoo.rgbconsulting.com\/es\/wp-json\/wp\/v2\/product_cat?post=177605"},{"taxonomy":"product_tag","embeddable":true,"href":"https:\/\/wpguerssen-test.odoo.rgbconsulting.com\/es\/wp-json\/wp\/v2\/product_tag?post=177605"}],"curies":[{"name":"wp","href":"https:\/\/api.w.org\/{rel}","templated":true}]}}