{"id":177625,"date":"2008-09-17T00:00:00","date_gmt":"2008-09-16T22:00:00","guid":{"rendered":"http:\/\/guerssen.hl1097.dinaserver.com\/product\/cazumbi-vol-1-african-sixties-garage\/"},"modified":"2025-03-26T16:23:34","modified_gmt":"2025-03-26T15:23:34","slug":"cazumbi-vol-1-african-sixties-garage","status":"publish","type":"product","link":"https:\/\/wpguerssen-test.odoo.rgbconsulting.com\/es\/producto\/cazumbi-vol-1-african-sixties-garage\/","title":{"rendered":"Cazumbi Vol. 1 &#8211; African sixties garage"},"content":{"rendered":"<p>AVISO!!  Esta no es una recopilaci\u00f3n de afro-beat o afro-rock, la m\u00fasica aqu\u00ed contenida es puro garage 60s!! \u00abFantasmas y almas de otro planeta\u00bb, ese es el significado en africano de \u00abCazumbi\u00bb. <\/p>\n<p> Si pensabas que \u00fainicamente Sud\u00e1frica tuvo su escena garagera en los 60,  esper a oir estas aut\u00e9nticas rarezas extra\u00eddas de ignotos 45s editados en Congo, Angola, Mozambique y Sud\u00e1frica! <\/p>\n<p> Garage rock, garage surf, powerful 60&#8217;s R&#038;B&#8230;una incre\u00edble selecci\u00f3n con grupos como  H20 (Mozambique), que utilizaban cajas de cart\u00f3n como instrumentos, una rareza de los sudafricanos A-Cads, los rar\u00edsimos Kriptons de Angola, Conjunto Oliveira Muge (Mozambique) con una versi\u00f3n cantada en italiano de \u00abI had too much to dream\u00bb de los Electric Prunes,  la inquietante \u00abEh bien mon ami\u00bb de African Fiesta&#8230;  <\/p>\n<p> Cuidada edici\u00f3n con sonido remasterizado e insert con fotos y notas.<\/p>\n","protected":false},"excerpt":{"rendered":"<p>AVISO!!  Esta no es una recopilaci\u00f3n de afro-beat o afro-rock, la m\u00fasica aqu\u00ed contenida es puro garage 60s!! \u00abFantasmas y almas de otro planeta\u00bb, ese es el significado<a class=\"read\" href=\"https:\/\/wpguerssen-test.odoo.rgbconsulting.com\/es\/producto\/cazumbi-vol-1-african-sixties-garage\/\"> (...)<\/a>","protected":false},"featured_media":111620,"template":"","meta":{"_acf_changed":false},"product_brand":[],"product_cat":[23281],"product_tag":[],"class_list":{"0":"post-177625","1":"product","2":"type-product","3":"status-publish","4":"has-post-thumbnail","6":"product_cat-garagebeatrnb60-70-es","7":"pa_artist-various-artists-es","8":"pa_format-lp-es","9":"pa_gender-garage-beat-rnb60-70-garagebeatrnb60-70","10":"pa_label-nosmokerecords","11":"pa_location-africa-es","12":"pa_other-filters-vinyl-only-es","14":"first","15":"instock","16":"taxable","17":"shipping-taxable","18":"purchasable","19":"product-type-simple"},"acf":[],"yoast_head":"<!-- This site is optimized with the Yoast SEO plugin v24.9 - https:\/\/yoast.com\/wordpress\/plugins\/seo\/ -->\n<title>VARIOUS ARTISTS - Cazumbi Vol. 1 - African sixties garage -  (LP) | Guerssen<\/title>\n<meta name=\"description\" content=\"WARNING! This not an Afro Beat or Afro Rock compilation, the music on this record is strictly 60&#039;s garage as you might expect of it!!! Dwarf, Ghost, Soul From Another world, it&#039;s the African definition for CAZUMBI! #nl# You probably always thought such countries, except South Africa, had nothing to contribute the 60&#039;s garage scene.....but seems our little world still has virgin places for the obscure garage 45s diggers before going to Mars!!! Here you have a surprising compilation of very, very rare tracks taken from 45s released in Congo, Angola, Mozambique and South Africa. #nl# Garage rock, garage surf, powerful 60&#039;s R&amp;B... an amazing collection with groups such as H20 (Mozambique) who had even carton boxes among their instruments, a rare track by the A-Cads, the incredibly rare Kriptons from Angola, an Italian sung (!!!) great cover of the Prunes&#039; &quot;I had too much to dream&quot; by Conjunto Oliveira Muge in Mozambique, the eerie French sung &quot;Eh bien mon ami&quot; by African Fiesta... #nl# Nicely done release with remastered sound, and an insert with rare and obviously unseen photos and liners!\" \/>\n<meta name=\"robots\" content=\"index, follow, max-snippet:-1, max-image-preview:large, max-video-preview:-1\" \/>\n<link rel=\"canonical\" href=\"https:\/\/wpguerssen-test.odoo.rgbconsulting.com\/es\/producto\/cazumbi-vol-1-african-sixties-garage\/\" \/>\n<meta property=\"og:locale\" content=\"es_ES\" \/>\n<meta property=\"og:type\" content=\"article\" \/>\n<meta property=\"og:title\" content=\"VARIOUS ARTISTS - Cazumbi Vol. 1 - African sixties garage -  (LP) | Guerssen\" \/>\n<meta property=\"og:description\" content=\"WARNING! This not an Afro Beat or Afro Rock compilation, the music on this record is strictly 60&#039;s garage as you might expect of it!!! Dwarf, Ghost, Soul From Another world, it&#039;s the African definition for CAZUMBI! #nl# You probably always thought such countries, except South Africa, had nothing to contribute the 60&#039;s garage scene.....but seems our little world still has virgin places for the obscure garage 45s diggers before going to Mars!!! Here you have a surprising compilation of very, very rare tracks taken from 45s released in Congo, Angola, Mozambique and South Africa. #nl# Garage rock, garage surf, powerful 60&#039;s R&amp;B... an amazing collection with groups such as H20 (Mozambique) who had even carton boxes among their instruments, a rare track by the A-Cads, the incredibly rare Kriptons from Angola, an Italian sung (!!!) great cover of the Prunes&#039; &quot;I had too much to dream&quot; by Conjunto Oliveira Muge in Mozambique, the eerie French sung &quot;Eh bien mon ami&quot; by African Fiesta... #nl# Nicely done release with remastered sound, and an insert with rare and obviously unseen photos and liners!\" \/>\n<meta property=\"og:url\" content=\"https:\/\/wpguerssen-test.odoo.rgbconsulting.com\/es\/producto\/cazumbi-vol-1-african-sixties-garage\/\" \/>\n<meta property=\"og:site_name\" content=\"Guerssen records\" \/>\n<meta property=\"article:modified_time\" content=\"2025-03-26T15:23:34+00:00\" \/>\n<meta name=\"twitter:card\" content=\"summary_large_image\" \/>\n<meta name=\"twitter:title\" content=\"VARIOUS ARTISTS - Cazumbi Vol. 1 - African sixties garage -  (LP) | Guerssen\" \/>\n<meta name=\"twitter:label1\" content=\"Tiempo de lectura\" \/>\n\t<meta name=\"twitter:data1\" content=\"1 minuto\" \/>\n<script type=\"application\/ld+json\" class=\"yoast-schema-graph\">{\"@context\":\"https:\/\/schema.org\",\"@graph\":[{\"@type\":\"WebPage\",\"@id\":\"https:\/\/wpguerssen-test.odoo.rgbconsulting.com\/es\/producto\/cazumbi-vol-1-african-sixties-garage\/\",\"url\":\"https:\/\/wpguerssen-test.odoo.rgbconsulting.com\/es\/producto\/cazumbi-vol-1-african-sixties-garage\/\",\"name\":\"VARIOUS ARTISTS - Cazumbi Vol. 1 - African sixties garage - (LP) | Guerssen\",\"isPartOf\":{\"@id\":\"https:\/\/wpguerssen-test.odoo.rgbconsulting.com\/es\/#website\"},\"primaryImageOfPage\":{\"@id\":\"https:\/\/wpguerssen-test.odoo.rgbconsulting.com\/es\/producto\/cazumbi-vol-1-african-sixties-garage\/#primaryimage\"},\"image\":{\"@id\":\"https:\/\/wpguerssen-test.odoo.rgbconsulting.com\/es\/producto\/cazumbi-vol-1-african-sixties-garage\/#primaryimage\"},\"thumbnailUrl\":\"https:\/\/wpguerssen-test.odoo.rgbconsulting.com\/wp-content\/uploads\/2022\/03\/9799.jpg\",\"datePublished\":\"2008-09-16T22:00:00+00:00\",\"dateModified\":\"2025-03-26T15:23:34+00:00\",\"description\":\"WARNING! This not an Afro Beat or Afro Rock compilation, the music on this record is strictly 60's garage as you might expect of it!!! Dwarf, Ghost, Soul From Another world, it's the African definition for CAZUMBI! #nl# You probably always thought such countries, except South Africa, had nothing to contribute the 60's garage scene.....but seems our little world still has virgin places for the obscure garage 45s diggers before going to Mars!!! Here you have a surprising compilation of very, very rare tracks taken from 45s released in Congo, Angola, Mozambique and South Africa. #nl# Garage rock, garage surf, powerful 60's R&B... an amazing collection with groups such as H20 (Mozambique) who had even carton boxes among their instruments, a rare track by the A-Cads, the incredibly rare Kriptons from Angola, an Italian sung (!!!) great cover of the Prunes' \\\"I had too much to dream\\\" by Conjunto Oliveira Muge in Mozambique, the eerie French sung \\\"Eh bien mon ami\\\" by African Fiesta... #nl# Nicely done release with remastered sound, and an insert with rare and obviously unseen photos and liners!\",\"breadcrumb\":{\"@id\":\"https:\/\/wpguerssen-test.odoo.rgbconsulting.com\/es\/producto\/cazumbi-vol-1-african-sixties-garage\/#breadcrumb\"},\"inLanguage\":\"es\",\"potentialAction\":[{\"@type\":\"ReadAction\",\"target\":[\"https:\/\/wpguerssen-test.odoo.rgbconsulting.com\/es\/producto\/cazumbi-vol-1-african-sixties-garage\/\"]}]},{\"@type\":\"ImageObject\",\"inLanguage\":\"es\",\"@id\":\"https:\/\/wpguerssen-test.odoo.rgbconsulting.com\/es\/producto\/cazumbi-vol-1-african-sixties-garage\/#primaryimage\",\"url\":\"https:\/\/wpguerssen-test.odoo.rgbconsulting.com\/wp-content\/uploads\/2022\/03\/9799.jpg\",\"contentUrl\":\"https:\/\/wpguerssen-test.odoo.rgbconsulting.com\/wp-content\/uploads\/2022\/03\/9799.jpg\",\"width\":425,\"height\":425,\"caption\":\"VARIOUS ARTISTS - Cazumbi Vol. 1 - African sixties garage - NOSMOKERECORDS (LP) | Guerssen\"},{\"@type\":\"BreadcrumbList\",\"@id\":\"https:\/\/wpguerssen-test.odoo.rgbconsulting.com\/es\/producto\/cazumbi-vol-1-african-sixties-garage\/#breadcrumb\",\"itemListElement\":[{\"@type\":\"ListItem\",\"position\":1,\"name\":\"Inicio\",\"item\":\"https:\/\/wpguerssen-test.odoo.rgbconsulting.com\/es\/\"},{\"@type\":\"ListItem\",\"position\":2,\"name\":\"Shop\",\"item\":\"https:\/\/wpguerssen-test.odoo.rgbconsulting.com\/shop\/\"},{\"@type\":\"ListItem\",\"position\":3,\"name\":\"Cazumbi Vol. 1 &#8211; African sixties garage\"}]},{\"@type\":\"WebSite\",\"@id\":\"https:\/\/wpguerssen-test.odoo.rgbconsulting.com\/es\/#website\",\"url\":\"https:\/\/wpguerssen-test.odoo.rgbconsulting.com\/es\/\",\"name\":\"Guerssen records\",\"description\":\"psychedelia - progressive - folk - garage \",\"publisher\":{\"@id\":\"https:\/\/wpguerssen-test.odoo.rgbconsulting.com\/es\/#organization\"},\"potentialAction\":[{\"@type\":\"SearchAction\",\"target\":{\"@type\":\"EntryPoint\",\"urlTemplate\":\"https:\/\/wpguerssen-test.odoo.rgbconsulting.com\/es\/?s={search_term_string}\"},\"query-input\":{\"@type\":\"PropertyValueSpecification\",\"valueRequired\":true,\"valueName\":\"search_term_string\"}}],\"inLanguage\":\"es\"},{\"@type\":\"Organization\",\"@id\":\"https:\/\/wpguerssen-test.odoo.rgbconsulting.com\/es\/#organization\",\"name\":\"Guerssen records\",\"url\":\"https:\/\/wpguerssen-test.odoo.rgbconsulting.com\/es\/\",\"logo\":{\"@type\":\"ImageObject\",\"inLanguage\":\"es\",\"@id\":\"https:\/\/wpguerssen-test.odoo.rgbconsulting.com\/es\/#\/schema\/logo\/image\/\",\"url\":\"https:\/\/wpguerssen-test.odoo.rgbconsulting.com\/wp-content\/uploads\/2022\/04\/Logo_Guerssen_trans_100.png\",\"contentUrl\":\"https:\/\/wpguerssen-test.odoo.rgbconsulting.com\/wp-content\/uploads\/2022\/04\/Logo_Guerssen_trans_100.png\",\"width\":122,\"height\":100,\"caption\":\"Guerssen records\"},\"image\":{\"@id\":\"https:\/\/wpguerssen-test.odoo.rgbconsulting.com\/es\/#\/schema\/logo\/image\/\"}}]}<\/script>\n<!-- \/ Yoast SEO plugin. -->","yoast_head_json":{"title":"VARIOUS ARTISTS - Cazumbi Vol. 1 - African sixties garage -  (LP) | Guerssen","description":"WARNING! This not an Afro Beat or Afro Rock compilation, the music on this record is strictly 60's garage as you might expect of it!!! Dwarf, Ghost, Soul From Another world, it's the African definition for CAZUMBI! #nl# You probably always thought such countries, except South Africa, had nothing to contribute the 60's garage scene.....but seems our little world still has virgin places for the obscure garage 45s diggers before going to Mars!!! Here you have a surprising compilation of very, very rare tracks taken from 45s released in Congo, Angola, Mozambique and South Africa. #nl# Garage rock, garage surf, powerful 60's R&B... an amazing collection with groups such as H20 (Mozambique) who had even carton boxes among their instruments, a rare track by the A-Cads, the incredibly rare Kriptons from Angola, an Italian sung (!!!) great cover of the Prunes' \"I had too much to dream\" by Conjunto Oliveira Muge in Mozambique, the eerie French sung \"Eh bien mon ami\" by African Fiesta... #nl# Nicely done release with remastered sound, and an insert with rare and obviously unseen photos and liners!","robots":{"index":"index","follow":"follow","max-snippet":"max-snippet:-1","max-image-preview":"max-image-preview:large","max-video-preview":"max-video-preview:-1"},"canonical":"https:\/\/wpguerssen-test.odoo.rgbconsulting.com\/es\/producto\/cazumbi-vol-1-african-sixties-garage\/","og_locale":"es_ES","og_type":"article","og_title":"VARIOUS ARTISTS - Cazumbi Vol. 1 - African sixties garage -  (LP) | Guerssen","og_description":"WARNING! This not an Afro Beat or Afro Rock compilation, the music on this record is strictly 60's garage as you might expect of it!!! Dwarf, Ghost, Soul From Another world, it's the African definition for CAZUMBI! #nl# You probably always thought such countries, except South Africa, had nothing to contribute the 60's garage scene.....but seems our little world still has virgin places for the obscure garage 45s diggers before going to Mars!!! Here you have a surprising compilation of very, very rare tracks taken from 45s released in Congo, Angola, Mozambique and South Africa. #nl# Garage rock, garage surf, powerful 60's R&B... an amazing collection with groups such as H20 (Mozambique) who had even carton boxes among their instruments, a rare track by the A-Cads, the incredibly rare Kriptons from Angola, an Italian sung (!!!) great cover of the Prunes' \"I had too much to dream\" by Conjunto Oliveira Muge in Mozambique, the eerie French sung \"Eh bien mon ami\" by African Fiesta... #nl# Nicely done release with remastered sound, and an insert with rare and obviously unseen photos and liners!","og_url":"https:\/\/wpguerssen-test.odoo.rgbconsulting.com\/es\/producto\/cazumbi-vol-1-african-sixties-garage\/","og_site_name":"Guerssen records","article_modified_time":"2025-03-26T15:23:34+00:00","twitter_card":"summary_large_image","twitter_title":"VARIOUS ARTISTS - Cazumbi Vol. 1 - African sixties garage -  (LP) | Guerssen","twitter_misc":{"Tiempo de lectura":"1 minuto"},"schema":{"@context":"https:\/\/schema.org","@graph":[{"@type":"WebPage","@id":"https:\/\/wpguerssen-test.odoo.rgbconsulting.com\/es\/producto\/cazumbi-vol-1-african-sixties-garage\/","url":"https:\/\/wpguerssen-test.odoo.rgbconsulting.com\/es\/producto\/cazumbi-vol-1-african-sixties-garage\/","name":"VARIOUS ARTISTS - Cazumbi Vol. 1 - African sixties garage - (LP) | Guerssen","isPartOf":{"@id":"https:\/\/wpguerssen-test.odoo.rgbconsulting.com\/es\/#website"},"primaryImageOfPage":{"@id":"https:\/\/wpguerssen-test.odoo.rgbconsulting.com\/es\/producto\/cazumbi-vol-1-african-sixties-garage\/#primaryimage"},"image":{"@id":"https:\/\/wpguerssen-test.odoo.rgbconsulting.com\/es\/producto\/cazumbi-vol-1-african-sixties-garage\/#primaryimage"},"thumbnailUrl":"https:\/\/wpguerssen-test.odoo.rgbconsulting.com\/wp-content\/uploads\/2022\/03\/9799.jpg","datePublished":"2008-09-16T22:00:00+00:00","dateModified":"2025-03-26T15:23:34+00:00","description":"WARNING! This not an Afro Beat or Afro Rock compilation, the music on this record is strictly 60's garage as you might expect of it!!! Dwarf, Ghost, Soul From Another world, it's the African definition for CAZUMBI! #nl# You probably always thought such countries, except South Africa, had nothing to contribute the 60's garage scene.....but seems our little world still has virgin places for the obscure garage 45s diggers before going to Mars!!! Here you have a surprising compilation of very, very rare tracks taken from 45s released in Congo, Angola, Mozambique and South Africa. #nl# Garage rock, garage surf, powerful 60's R&B... an amazing collection with groups such as H20 (Mozambique) who had even carton boxes among their instruments, a rare track by the A-Cads, the incredibly rare Kriptons from Angola, an Italian sung (!!!) great cover of the Prunes' \"I had too much to dream\" by Conjunto Oliveira Muge in Mozambique, the eerie French sung \"Eh bien mon ami\" by African Fiesta... #nl# Nicely done release with remastered sound, and an insert with rare and obviously unseen photos and liners!","breadcrumb":{"@id":"https:\/\/wpguerssen-test.odoo.rgbconsulting.com\/es\/producto\/cazumbi-vol-1-african-sixties-garage\/#breadcrumb"},"inLanguage":"es","potentialAction":[{"@type":"ReadAction","target":["https:\/\/wpguerssen-test.odoo.rgbconsulting.com\/es\/producto\/cazumbi-vol-1-african-sixties-garage\/"]}]},{"@type":"ImageObject","inLanguage":"es","@id":"https:\/\/wpguerssen-test.odoo.rgbconsulting.com\/es\/producto\/cazumbi-vol-1-african-sixties-garage\/#primaryimage","url":"https:\/\/wpguerssen-test.odoo.rgbconsulting.com\/wp-content\/uploads\/2022\/03\/9799.jpg","contentUrl":"https:\/\/wpguerssen-test.odoo.rgbconsulting.com\/wp-content\/uploads\/2022\/03\/9799.jpg","width":425,"height":425,"caption":"VARIOUS ARTISTS - Cazumbi Vol. 1 - African sixties garage - NOSMOKERECORDS (LP) | Guerssen"},{"@type":"BreadcrumbList","@id":"https:\/\/wpguerssen-test.odoo.rgbconsulting.com\/es\/producto\/cazumbi-vol-1-african-sixties-garage\/#breadcrumb","itemListElement":[{"@type":"ListItem","position":1,"name":"Inicio","item":"https:\/\/wpguerssen-test.odoo.rgbconsulting.com\/es\/"},{"@type":"ListItem","position":2,"name":"Shop","item":"https:\/\/wpguerssen-test.odoo.rgbconsulting.com\/shop\/"},{"@type":"ListItem","position":3,"name":"Cazumbi Vol. 1 &#8211; African sixties garage"}]},{"@type":"WebSite","@id":"https:\/\/wpguerssen-test.odoo.rgbconsulting.com\/es\/#website","url":"https:\/\/wpguerssen-test.odoo.rgbconsulting.com\/es\/","name":"Guerssen records","description":"psychedelia - progressive - folk - garage ","publisher":{"@id":"https:\/\/wpguerssen-test.odoo.rgbconsulting.com\/es\/#organization"},"potentialAction":[{"@type":"SearchAction","target":{"@type":"EntryPoint","urlTemplate":"https:\/\/wpguerssen-test.odoo.rgbconsulting.com\/es\/?s={search_term_string}"},"query-input":{"@type":"PropertyValueSpecification","valueRequired":true,"valueName":"search_term_string"}}],"inLanguage":"es"},{"@type":"Organization","@id":"https:\/\/wpguerssen-test.odoo.rgbconsulting.com\/es\/#organization","name":"Guerssen records","url":"https:\/\/wpguerssen-test.odoo.rgbconsulting.com\/es\/","logo":{"@type":"ImageObject","inLanguage":"es","@id":"https:\/\/wpguerssen-test.odoo.rgbconsulting.com\/es\/#\/schema\/logo\/image\/","url":"https:\/\/wpguerssen-test.odoo.rgbconsulting.com\/wp-content\/uploads\/2022\/04\/Logo_Guerssen_trans_100.png","contentUrl":"https:\/\/wpguerssen-test.odoo.rgbconsulting.com\/wp-content\/uploads\/2022\/04\/Logo_Guerssen_trans_100.png","width":122,"height":100,"caption":"Guerssen records"},"image":{"@id":"https:\/\/wpguerssen-test.odoo.rgbconsulting.com\/es\/#\/schema\/logo\/image\/"}}]}},"_links":{"self":[{"href":"https:\/\/wpguerssen-test.odoo.rgbconsulting.com\/es\/wp-json\/wp\/v2\/product\/177625","targetHints":{"allow":["GET"]}}],"collection":[{"href":"https:\/\/wpguerssen-test.odoo.rgbconsulting.com\/es\/wp-json\/wp\/v2\/product"}],"about":[{"href":"https:\/\/wpguerssen-test.odoo.rgbconsulting.com\/es\/wp-json\/wp\/v2\/types\/product"}],"wp:featuredmedia":[{"embeddable":true,"href":"https:\/\/wpguerssen-test.odoo.rgbconsulting.com\/es\/wp-json\/wp\/v2\/media\/111620"}],"wp:attachment":[{"href":"https:\/\/wpguerssen-test.odoo.rgbconsulting.com\/es\/wp-json\/wp\/v2\/media?parent=177625"}],"wp:term":[{"taxonomy":"product_brand","embeddable":true,"href":"https:\/\/wpguerssen-test.odoo.rgbconsulting.com\/es\/wp-json\/wp\/v2\/product_brand?post=177625"},{"taxonomy":"product_cat","embeddable":true,"href":"https:\/\/wpguerssen-test.odoo.rgbconsulting.com\/es\/wp-json\/wp\/v2\/product_cat?post=177625"},{"taxonomy":"product_tag","embeddable":true,"href":"https:\/\/wpguerssen-test.odoo.rgbconsulting.com\/es\/wp-json\/wp\/v2\/product_tag?post=177625"}],"curies":[{"name":"wp","href":"https:\/\/api.w.org\/{rel}","templated":true}]}}