{"id":177635,"date":"2025-02-19T00:00:00","date_gmt":"2025-02-18T23:00:00","guid":{"rendered":"http:\/\/guerssen.hl1097.dinaserver.com\/product\/limonada-ltd-vinyl\/"},"modified":"2025-03-24T17:27:24","modified_gmt":"2025-03-24T16:27:24","slug":"limonada-ltd-vinyl","status":"publish","type":"product","link":"https:\/\/wpguerssen-test.odoo.rgbconsulting.com\/es\/producto\/limonada-ltd-vinyl\/","title":{"rendered":"Limonada (ltd. vinyl)"},"content":{"rendered":"<p>Rar\u00edsimo disco uruguayo de 1970 (ex- El Kinto), con Eduardo Mateo como cerebro. Estil\u00edsticamente extra\u00f1o, con abruptos cambios de ritmo pero a la vez totalmente accesible, groovy e incluso con un aire a Tropicalismo y Sgt. Pepper. Aqu\u00ed est\u00e1 por primera vez reeditado directo de mastersy con libreto cargado de infos y fotos.<\/p>\n","protected":false},"excerpt":{"rendered":"<p>Rar\u00edsimo disco uruguayo de 1970 (ex- El Kinto), con Eduardo Mateo como cerebro. Estil\u00edsticamente extra\u00f1o, con abruptos cambios de ritmo pero a la vez totalmente<a class=\"read\" href=\"https:\/\/wpguerssen-test.odoo.rgbconsulting.com\/es\/producto\/limonada-ltd-vinyl\/\"> (...)<\/a>","protected":false},"featured_media":111659,"template":"","meta":{"_acf_changed":false},"product_brand":[],"product_cat":[23281,23215],"product_tag":[24185,24190],"class_list":{"0":"post-177635","1":"product","2":"type-product","3":"status-publish","4":"has-post-thumbnail","6":"product_cat-garagebeatrnb60-70-es","7":"product_cat-progressive60s-70s-es","8":"product_tag-de-nuevo-en-existencia","9":"product_tag-sales-es","10":"pa_artist-limonada-es","11":"pa_format-lp-es","12":"pa_gender-garagebeatrnb60-70-progressive60s-70s","13":"pa_label-lion-es","14":"pa_location-south-america-caribbean-es","15":"pa_other-filters-vinyl-only-es","17":"first","18":"instock","19":"taxable","20":"shipping-taxable","21":"purchasable","22":"product-type-simple"},"acf":[],"yoast_head":"<!-- This site is optimized with the Yoast SEO plugin v24.9 - https:\/\/yoast.com\/wordpress\/plugins\/seo\/ -->\n<title>LIMONADA - Limonada (ltd. vinyl) -  (LP) | Guerssen<\/title>\n<meta name=\"description\" content=\"Although they sprung ready-made from of the ashes of legendary candombe\/beat group El Kinto, one of the best-kept secrets from Uruguay&#039;s musical mythology is nevertheless the group of musicians who recorded one album as Limonada. So what happened? #nl# The story starts with the end of El Kinto, when band leader and iconoclastic maniac Eduardo Mateo decided to embark on a solo career (see our Lion Productions collection of his early music for more details), and the other members of El Kinto said &quot;let&#039;s do something together.&quot; And so it was that in the middle of 1970, Limonada recorded their one and only album, &quot;LimoNada&quot; (Sondor 33.111). #nl# It is a strange record, with backwards tape splices and abrupt song changes, that remains at the same time absolutely accessible and very groovy, in a Tropicalia sort of way, which might explain why it was an immediate success. In truth, it&#039;s a profound mystery why the Limonada LP--one of the ten best sellers of its time within three weeks of its release--seems to have vanished from the consciousness of even the most devoted fans of obscure music. Until now, of course. #nl# Now, on to the presentation--the highest quality mastering and pressing (done at Acoustech Mastering\/RTI in California, the same people who master and press every title that audiophile label Classic Records makes); the resulting LP is housed in a poly-lined sleeve, inside an ultra-heavy 1960&#039;s style jacket, which is housed in a loose-fitting plastic sleeve.Inside you will find an insert with historical background on the Uruguayan scene, details of the band&#039;s past, plenty of photos, as well as a brief overview of the legendary Sondor label, printed on 100% recycled paper.The LP labels are replicas of the Sondor originals. A top of the line pressing all the way. Limited edition of 500 copies\" \/>\n<meta name=\"robots\" content=\"index, follow, max-snippet:-1, max-image-preview:large, max-video-preview:-1\" \/>\n<link rel=\"canonical\" href=\"https:\/\/wpguerssen-test.odoo.rgbconsulting.com\/es\/producto\/limonada-ltd-vinyl\/\" \/>\n<meta property=\"og:locale\" content=\"es_ES\" \/>\n<meta property=\"og:type\" content=\"article\" \/>\n<meta property=\"og:title\" content=\"LIMONADA - Limonada (ltd. vinyl) -  (LP) | Guerssen\" \/>\n<meta property=\"og:description\" content=\"Although they sprung ready-made from of the ashes of legendary candombe\/beat group El Kinto, one of the best-kept secrets from Uruguay&#039;s musical mythology is nevertheless the group of musicians who recorded one album as Limonada. So what happened? #nl# The story starts with the end of El Kinto, when band leader and iconoclastic maniac Eduardo Mateo decided to embark on a solo career (see our Lion Productions collection of his early music for more details), and the other members of El Kinto said &quot;let&#039;s do something together.&quot; And so it was that in the middle of 1970, Limonada recorded their one and only album, &quot;LimoNada&quot; (Sondor 33.111). #nl# It is a strange record, with backwards tape splices and abrupt song changes, that remains at the same time absolutely accessible and very groovy, in a Tropicalia sort of way, which might explain why it was an immediate success. In truth, it&#039;s a profound mystery why the Limonada LP--one of the ten best sellers of its time within three weeks of its release--seems to have vanished from the consciousness of even the most devoted fans of obscure music. Until now, of course. #nl# Now, on to the presentation--the highest quality mastering and pressing (done at Acoustech Mastering\/RTI in California, the same people who master and press every title that audiophile label Classic Records makes); the resulting LP is housed in a poly-lined sleeve, inside an ultra-heavy 1960&#039;s style jacket, which is housed in a loose-fitting plastic sleeve.Inside you will find an insert with historical background on the Uruguayan scene, details of the band&#039;s past, plenty of photos, as well as a brief overview of the legendary Sondor label, printed on 100% recycled paper.The LP labels are replicas of the Sondor originals. A top of the line pressing all the way. Limited edition of 500 copies\" \/>\n<meta property=\"og:url\" content=\"https:\/\/wpguerssen-test.odoo.rgbconsulting.com\/es\/producto\/limonada-ltd-vinyl\/\" \/>\n<meta property=\"og:site_name\" content=\"Guerssen records\" \/>\n<meta property=\"article:modified_time\" content=\"2025-03-24T16:27:24+00:00\" \/>\n<meta property=\"og:image\" content=\"https:\/\/wpguerssen-test.odoo.rgbconsulting.com\/wp-content\/uploads\/2022\/03\/9896.jpg\" \/>\n\t<meta property=\"og:image:width\" content=\"180\" \/>\n\t<meta property=\"og:image:height\" content=\"180\" \/>\n\t<meta property=\"og:image:type\" content=\"image\/jpeg\" \/>\n<meta name=\"twitter:card\" content=\"summary_large_image\" \/>\n<meta name=\"twitter:title\" content=\"LIMONADA - Limonada (ltd. vinyl) -  (LP) | Guerssen\" \/>\n<script type=\"application\/ld+json\" class=\"yoast-schema-graph\">{\"@context\":\"https:\/\/schema.org\",\"@graph\":[{\"@type\":\"WebPage\",\"@id\":\"https:\/\/wpguerssen-test.odoo.rgbconsulting.com\/es\/producto\/limonada-ltd-vinyl\/\",\"url\":\"https:\/\/wpguerssen-test.odoo.rgbconsulting.com\/es\/producto\/limonada-ltd-vinyl\/\",\"name\":\"LIMONADA - Limonada (ltd. vinyl) - (LP) | Guerssen\",\"isPartOf\":{\"@id\":\"https:\/\/wpguerssen-test.odoo.rgbconsulting.com\/es\/#website\"},\"primaryImageOfPage\":{\"@id\":\"https:\/\/wpguerssen-test.odoo.rgbconsulting.com\/es\/producto\/limonada-ltd-vinyl\/#primaryimage\"},\"image\":{\"@id\":\"https:\/\/wpguerssen-test.odoo.rgbconsulting.com\/es\/producto\/limonada-ltd-vinyl\/#primaryimage\"},\"thumbnailUrl\":\"https:\/\/wpguerssen-test.odoo.rgbconsulting.com\/wp-content\/uploads\/2022\/03\/9896.jpg\",\"datePublished\":\"2025-02-18T23:00:00+00:00\",\"dateModified\":\"2025-03-24T16:27:24+00:00\",\"description\":\"Although they sprung ready-made from of the ashes of legendary candombe\/beat group El Kinto, one of the best-kept secrets from Uruguay's musical mythology is nevertheless the group of musicians who recorded one album as Limonada. So what happened? #nl# The story starts with the end of El Kinto, when band leader and iconoclastic maniac Eduardo Mateo decided to embark on a solo career (see our Lion Productions collection of his early music for more details), and the other members of El Kinto said \\\"let's do something together.\\\" And so it was that in the middle of 1970, Limonada recorded their one and only album, \\\"LimoNada\\\" (Sondor 33.111). #nl# It is a strange record, with backwards tape splices and abrupt song changes, that remains at the same time absolutely accessible and very groovy, in a Tropicalia sort of way, which might explain why it was an immediate success. In truth, it's a profound mystery why the Limonada LP--one of the ten best sellers of its time within three weeks of its release--seems to have vanished from the consciousness of even the most devoted fans of obscure music. Until now, of course. #nl# Now, on to the presentation--the highest quality mastering and pressing (done at Acoustech Mastering\/RTI in California, the same people who master and press every title that audiophile label Classic Records makes); the resulting LP is housed in a poly-lined sleeve, inside an ultra-heavy 1960's style jacket, which is housed in a loose-fitting plastic sleeve.Inside you will find an insert with historical background on the Uruguayan scene, details of the band's past, plenty of photos, as well as a brief overview of the legendary Sondor label, printed on 100% recycled paper.The LP labels are replicas of the Sondor originals. A top of the line pressing all the way. Limited edition of 500 copies\",\"breadcrumb\":{\"@id\":\"https:\/\/wpguerssen-test.odoo.rgbconsulting.com\/es\/producto\/limonada-ltd-vinyl\/#breadcrumb\"},\"inLanguage\":\"es\",\"potentialAction\":[{\"@type\":\"ReadAction\",\"target\":[\"https:\/\/wpguerssen-test.odoo.rgbconsulting.com\/es\/producto\/limonada-ltd-vinyl\/\"]}]},{\"@type\":\"ImageObject\",\"inLanguage\":\"es\",\"@id\":\"https:\/\/wpguerssen-test.odoo.rgbconsulting.com\/es\/producto\/limonada-ltd-vinyl\/#primaryimage\",\"url\":\"https:\/\/wpguerssen-test.odoo.rgbconsulting.com\/wp-content\/uploads\/2022\/03\/9896.jpg\",\"contentUrl\":\"https:\/\/wpguerssen-test.odoo.rgbconsulting.com\/wp-content\/uploads\/2022\/03\/9896.jpg\",\"width\":180,\"height\":180,\"caption\":\"LIMONADA - Limonada (ltd. vinyl) - LION (LP) | Guerssen\"},{\"@type\":\"BreadcrumbList\",\"@id\":\"https:\/\/wpguerssen-test.odoo.rgbconsulting.com\/es\/producto\/limonada-ltd-vinyl\/#breadcrumb\",\"itemListElement\":[{\"@type\":\"ListItem\",\"position\":1,\"name\":\"Inicio\",\"item\":\"https:\/\/wpguerssen-test.odoo.rgbconsulting.com\/es\/\"},{\"@type\":\"ListItem\",\"position\":2,\"name\":\"Shop\",\"item\":\"https:\/\/wpguerssen-test.odoo.rgbconsulting.com\/shop\/\"},{\"@type\":\"ListItem\",\"position\":3,\"name\":\"Limonada (ltd. vinyl)\"}]},{\"@type\":\"WebSite\",\"@id\":\"https:\/\/wpguerssen-test.odoo.rgbconsulting.com\/es\/#website\",\"url\":\"https:\/\/wpguerssen-test.odoo.rgbconsulting.com\/es\/\",\"name\":\"Guerssen records\",\"description\":\"psychedelia - progressive - folk - garage \",\"publisher\":{\"@id\":\"https:\/\/wpguerssen-test.odoo.rgbconsulting.com\/es\/#organization\"},\"potentialAction\":[{\"@type\":\"SearchAction\",\"target\":{\"@type\":\"EntryPoint\",\"urlTemplate\":\"https:\/\/wpguerssen-test.odoo.rgbconsulting.com\/es\/?s={search_term_string}\"},\"query-input\":{\"@type\":\"PropertyValueSpecification\",\"valueRequired\":true,\"valueName\":\"search_term_string\"}}],\"inLanguage\":\"es\"},{\"@type\":\"Organization\",\"@id\":\"https:\/\/wpguerssen-test.odoo.rgbconsulting.com\/es\/#organization\",\"name\":\"Guerssen records\",\"url\":\"https:\/\/wpguerssen-test.odoo.rgbconsulting.com\/es\/\",\"logo\":{\"@type\":\"ImageObject\",\"inLanguage\":\"es\",\"@id\":\"https:\/\/wpguerssen-test.odoo.rgbconsulting.com\/es\/#\/schema\/logo\/image\/\",\"url\":\"https:\/\/wpguerssen-test.odoo.rgbconsulting.com\/wp-content\/uploads\/2022\/04\/Logo_Guerssen_trans_100.png\",\"contentUrl\":\"https:\/\/wpguerssen-test.odoo.rgbconsulting.com\/wp-content\/uploads\/2022\/04\/Logo_Guerssen_trans_100.png\",\"width\":122,\"height\":100,\"caption\":\"Guerssen records\"},\"image\":{\"@id\":\"https:\/\/wpguerssen-test.odoo.rgbconsulting.com\/es\/#\/schema\/logo\/image\/\"}}]}<\/script>\n<!-- \/ Yoast SEO plugin. -->","yoast_head_json":{"title":"LIMONADA - Limonada (ltd. vinyl) -  (LP) | Guerssen","description":"Although they sprung ready-made from of the ashes of legendary candombe\/beat group El Kinto, one of the best-kept secrets from Uruguay's musical mythology is nevertheless the group of musicians who recorded one album as Limonada. So what happened? #nl# The story starts with the end of El Kinto, when band leader and iconoclastic maniac Eduardo Mateo decided to embark on a solo career (see our Lion Productions collection of his early music for more details), and the other members of El Kinto said \"let's do something together.\" And so it was that in the middle of 1970, Limonada recorded their one and only album, \"LimoNada\" (Sondor 33.111). #nl# It is a strange record, with backwards tape splices and abrupt song changes, that remains at the same time absolutely accessible and very groovy, in a Tropicalia sort of way, which might explain why it was an immediate success. In truth, it's a profound mystery why the Limonada LP--one of the ten best sellers of its time within three weeks of its release--seems to have vanished from the consciousness of even the most devoted fans of obscure music. Until now, of course. #nl# Now, on to the presentation--the highest quality mastering and pressing (done at Acoustech Mastering\/RTI in California, the same people who master and press every title that audiophile label Classic Records makes); the resulting LP is housed in a poly-lined sleeve, inside an ultra-heavy 1960's style jacket, which is housed in a loose-fitting plastic sleeve.Inside you will find an insert with historical background on the Uruguayan scene, details of the band's past, plenty of photos, as well as a brief overview of the legendary Sondor label, printed on 100% recycled paper.The LP labels are replicas of the Sondor originals. A top of the line pressing all the way. Limited edition of 500 copies","robots":{"index":"index","follow":"follow","max-snippet":"max-snippet:-1","max-image-preview":"max-image-preview:large","max-video-preview":"max-video-preview:-1"},"canonical":"https:\/\/wpguerssen-test.odoo.rgbconsulting.com\/es\/producto\/limonada-ltd-vinyl\/","og_locale":"es_ES","og_type":"article","og_title":"LIMONADA - Limonada (ltd. vinyl) -  (LP) | Guerssen","og_description":"Although they sprung ready-made from of the ashes of legendary candombe\/beat group El Kinto, one of the best-kept secrets from Uruguay's musical mythology is nevertheless the group of musicians who recorded one album as Limonada. So what happened? #nl# The story starts with the end of El Kinto, when band leader and iconoclastic maniac Eduardo Mateo decided to embark on a solo career (see our Lion Productions collection of his early music for more details), and the other members of El Kinto said \"let's do something together.\" And so it was that in the middle of 1970, Limonada recorded their one and only album, \"LimoNada\" (Sondor 33.111). #nl# It is a strange record, with backwards tape splices and abrupt song changes, that remains at the same time absolutely accessible and very groovy, in a Tropicalia sort of way, which might explain why it was an immediate success. In truth, it's a profound mystery why the Limonada LP--one of the ten best sellers of its time within three weeks of its release--seems to have vanished from the consciousness of even the most devoted fans of obscure music. Until now, of course. #nl# Now, on to the presentation--the highest quality mastering and pressing (done at Acoustech Mastering\/RTI in California, the same people who master and press every title that audiophile label Classic Records makes); the resulting LP is housed in a poly-lined sleeve, inside an ultra-heavy 1960's style jacket, which is housed in a loose-fitting plastic sleeve.Inside you will find an insert with historical background on the Uruguayan scene, details of the band's past, plenty of photos, as well as a brief overview of the legendary Sondor label, printed on 100% recycled paper.The LP labels are replicas of the Sondor originals. A top of the line pressing all the way. Limited edition of 500 copies","og_url":"https:\/\/wpguerssen-test.odoo.rgbconsulting.com\/es\/producto\/limonada-ltd-vinyl\/","og_site_name":"Guerssen records","article_modified_time":"2025-03-24T16:27:24+00:00","og_image":[{"width":180,"height":180,"url":"https:\/\/wpguerssen-test.odoo.rgbconsulting.com\/wp-content\/uploads\/2022\/03\/9896.jpg","type":"image\/jpeg"}],"twitter_card":"summary_large_image","twitter_title":"LIMONADA - Limonada (ltd. vinyl) -  (LP) | Guerssen","schema":{"@context":"https:\/\/schema.org","@graph":[{"@type":"WebPage","@id":"https:\/\/wpguerssen-test.odoo.rgbconsulting.com\/es\/producto\/limonada-ltd-vinyl\/","url":"https:\/\/wpguerssen-test.odoo.rgbconsulting.com\/es\/producto\/limonada-ltd-vinyl\/","name":"LIMONADA - Limonada (ltd. vinyl) - (LP) | Guerssen","isPartOf":{"@id":"https:\/\/wpguerssen-test.odoo.rgbconsulting.com\/es\/#website"},"primaryImageOfPage":{"@id":"https:\/\/wpguerssen-test.odoo.rgbconsulting.com\/es\/producto\/limonada-ltd-vinyl\/#primaryimage"},"image":{"@id":"https:\/\/wpguerssen-test.odoo.rgbconsulting.com\/es\/producto\/limonada-ltd-vinyl\/#primaryimage"},"thumbnailUrl":"https:\/\/wpguerssen-test.odoo.rgbconsulting.com\/wp-content\/uploads\/2022\/03\/9896.jpg","datePublished":"2025-02-18T23:00:00+00:00","dateModified":"2025-03-24T16:27:24+00:00","description":"Although they sprung ready-made from of the ashes of legendary candombe\/beat group El Kinto, one of the best-kept secrets from Uruguay's musical mythology is nevertheless the group of musicians who recorded one album as Limonada. So what happened? #nl# The story starts with the end of El Kinto, when band leader and iconoclastic maniac Eduardo Mateo decided to embark on a solo career (see our Lion Productions collection of his early music for more details), and the other members of El Kinto said \"let's do something together.\" And so it was that in the middle of 1970, Limonada recorded their one and only album, \"LimoNada\" (Sondor 33.111). #nl# It is a strange record, with backwards tape splices and abrupt song changes, that remains at the same time absolutely accessible and very groovy, in a Tropicalia sort of way, which might explain why it was an immediate success. In truth, it's a profound mystery why the Limonada LP--one of the ten best sellers of its time within three weeks of its release--seems to have vanished from the consciousness of even the most devoted fans of obscure music. Until now, of course. #nl# Now, on to the presentation--the highest quality mastering and pressing (done at Acoustech Mastering\/RTI in California, the same people who master and press every title that audiophile label Classic Records makes); the resulting LP is housed in a poly-lined sleeve, inside an ultra-heavy 1960's style jacket, which is housed in a loose-fitting plastic sleeve.Inside you will find an insert with historical background on the Uruguayan scene, details of the band's past, plenty of photos, as well as a brief overview of the legendary Sondor label, printed on 100% recycled paper.The LP labels are replicas of the Sondor originals. A top of the line pressing all the way. Limited edition of 500 copies","breadcrumb":{"@id":"https:\/\/wpguerssen-test.odoo.rgbconsulting.com\/es\/producto\/limonada-ltd-vinyl\/#breadcrumb"},"inLanguage":"es","potentialAction":[{"@type":"ReadAction","target":["https:\/\/wpguerssen-test.odoo.rgbconsulting.com\/es\/producto\/limonada-ltd-vinyl\/"]}]},{"@type":"ImageObject","inLanguage":"es","@id":"https:\/\/wpguerssen-test.odoo.rgbconsulting.com\/es\/producto\/limonada-ltd-vinyl\/#primaryimage","url":"https:\/\/wpguerssen-test.odoo.rgbconsulting.com\/wp-content\/uploads\/2022\/03\/9896.jpg","contentUrl":"https:\/\/wpguerssen-test.odoo.rgbconsulting.com\/wp-content\/uploads\/2022\/03\/9896.jpg","width":180,"height":180,"caption":"LIMONADA - Limonada (ltd. vinyl) - LION (LP) | Guerssen"},{"@type":"BreadcrumbList","@id":"https:\/\/wpguerssen-test.odoo.rgbconsulting.com\/es\/producto\/limonada-ltd-vinyl\/#breadcrumb","itemListElement":[{"@type":"ListItem","position":1,"name":"Inicio","item":"https:\/\/wpguerssen-test.odoo.rgbconsulting.com\/es\/"},{"@type":"ListItem","position":2,"name":"Shop","item":"https:\/\/wpguerssen-test.odoo.rgbconsulting.com\/shop\/"},{"@type":"ListItem","position":3,"name":"Limonada (ltd. vinyl)"}]},{"@type":"WebSite","@id":"https:\/\/wpguerssen-test.odoo.rgbconsulting.com\/es\/#website","url":"https:\/\/wpguerssen-test.odoo.rgbconsulting.com\/es\/","name":"Guerssen records","description":"psychedelia - progressive - folk - garage ","publisher":{"@id":"https:\/\/wpguerssen-test.odoo.rgbconsulting.com\/es\/#organization"},"potentialAction":[{"@type":"SearchAction","target":{"@type":"EntryPoint","urlTemplate":"https:\/\/wpguerssen-test.odoo.rgbconsulting.com\/es\/?s={search_term_string}"},"query-input":{"@type":"PropertyValueSpecification","valueRequired":true,"valueName":"search_term_string"}}],"inLanguage":"es"},{"@type":"Organization","@id":"https:\/\/wpguerssen-test.odoo.rgbconsulting.com\/es\/#organization","name":"Guerssen records","url":"https:\/\/wpguerssen-test.odoo.rgbconsulting.com\/es\/","logo":{"@type":"ImageObject","inLanguage":"es","@id":"https:\/\/wpguerssen-test.odoo.rgbconsulting.com\/es\/#\/schema\/logo\/image\/","url":"https:\/\/wpguerssen-test.odoo.rgbconsulting.com\/wp-content\/uploads\/2022\/04\/Logo_Guerssen_trans_100.png","contentUrl":"https:\/\/wpguerssen-test.odoo.rgbconsulting.com\/wp-content\/uploads\/2022\/04\/Logo_Guerssen_trans_100.png","width":122,"height":100,"caption":"Guerssen records"},"image":{"@id":"https:\/\/wpguerssen-test.odoo.rgbconsulting.com\/es\/#\/schema\/logo\/image\/"}}]}},"_links":{"self":[{"href":"https:\/\/wpguerssen-test.odoo.rgbconsulting.com\/es\/wp-json\/wp\/v2\/product\/177635","targetHints":{"allow":["GET"]}}],"collection":[{"href":"https:\/\/wpguerssen-test.odoo.rgbconsulting.com\/es\/wp-json\/wp\/v2\/product"}],"about":[{"href":"https:\/\/wpguerssen-test.odoo.rgbconsulting.com\/es\/wp-json\/wp\/v2\/types\/product"}],"wp:featuredmedia":[{"embeddable":true,"href":"https:\/\/wpguerssen-test.odoo.rgbconsulting.com\/es\/wp-json\/wp\/v2\/media\/111659"}],"wp:attachment":[{"href":"https:\/\/wpguerssen-test.odoo.rgbconsulting.com\/es\/wp-json\/wp\/v2\/media?parent=177635"}],"wp:term":[{"taxonomy":"product_brand","embeddable":true,"href":"https:\/\/wpguerssen-test.odoo.rgbconsulting.com\/es\/wp-json\/wp\/v2\/product_brand?post=177635"},{"taxonomy":"product_cat","embeddable":true,"href":"https:\/\/wpguerssen-test.odoo.rgbconsulting.com\/es\/wp-json\/wp\/v2\/product_cat?post=177635"},{"taxonomy":"product_tag","embeddable":true,"href":"https:\/\/wpguerssen-test.odoo.rgbconsulting.com\/es\/wp-json\/wp\/v2\/product_tag?post=177635"}],"curies":[{"name":"wp","href":"https:\/\/api.w.org\/{rel}","templated":true}]}}