{"id":177655,"date":"2008-12-10T00:00:00","date_gmt":"2008-12-09T23:00:00","guid":{"rendered":"http:\/\/guerssen.hl1097.dinaserver.com\/product\/per-una-scultura-di-ceschia\/"},"modified":"2025-01-09T16:07:12","modified_gmt":"2025-01-09T15:07:12","slug":"per-una-scultura-di-ceschia","status":"publish","type":"product","link":"https:\/\/wpguerssen-test.odoo.rgbconsulting.com\/es\/producto\/per-una-scultura-di-ceschia\/","title":{"rendered":"Per una scultura di ceschia"},"content":{"rendered":"<p>Grupo de m\u00fasicos de estudio que el compositor y teclista Carlo Barbiera reclut\u00f3 para la grabaci\u00f3n de este disco dedicado a la vida y trabajos del escultor Luciano Ceschia (1926-1991). Este raro \u00e1lbum es una original muestra de estilo progresivo electro-ac\u00fastico con un aire experimental, basado en efectos de sintetizador y guitarras ac\u00fasticas a menudo reminiscentes de los primeros trabajos de Franco Battiato. <\/p>\n<p> A pesar de la presencia de 5 vocalistas, las partes vocales son cortas y habladas m\u00e1s que cantadas. 19 temas conforman el disco, pero est\u00e1n conectadas entre s\u00ed formando dos largos temas, uno por cara. Interesante \u00e1lbum, un reto para los que busqu\u00e9is algo diferente. Portada abierta, vinilo 180g.<\/p>\n","protected":false},"excerpt":{"rendered":"<p>Grupo de m\u00fasicos de estudio que el compositor y teclista Carlo Barbiera reclut\u00f3 para la grabaci\u00f3n de este disco dedicado a la vida y trabajos del escultor Luciano<a class=\"read\" href=\"https:\/\/wpguerssen-test.odoo.rgbconsulting.com\/es\/producto\/per-una-scultura-di-ceschia\/\"> (...)<\/a>","protected":false},"featured_media":111717,"template":"","meta":{"_acf_changed":false},"product_brand":[],"product_cat":[23215,23266],"product_tag":[24190],"class_list":{"0":"post-177655","1":"product","2":"type-product","3":"status-publish","4":"has-post-thumbnail","6":"product_cat-progressive60s-70s-es","7":"product_cat-electronic-es","8":"product_tag-sales-es","9":"pa_artist-nascita-della-sfera-es","10":"pa_format-lp-es","11":"pa_gender-progressive60s-70s-electronic","12":"pa_label-ams","13":"pa_location-europe-es","14":"pa_other-filters-vinyl-only-es","16":"first","17":"instock","18":"taxable","19":"shipping-taxable","20":"purchasable","21":"product-type-simple"},"acf":[],"yoast_head":"<!-- This site is optimized with the Yoast SEO plugin v24.9 - https:\/\/yoast.com\/wordpress\/plugins\/seo\/ -->\n<title>NASCITA DELLA SFERA - Per una scultura di ceschia -  (LP) | Guerssen<\/title>\n<meta name=\"description\" content=\"Nascita della Sfera was a group of session musicians assembled by a composer to record a single LP, in this case composer and keyboardist Carlo Barbiera dedicated a full album to the life and works of sculptor Luciano Ceschia (1926-1991), both coming from near Udine, Friuli Venezia Giulia, in the north-east of Italy.The rare album is a rather original example of experimental electro-acoustic progressive style, mainly based on synth effects and acoustic guitars and often reminding some of Battiato&#039;s early works. #nl# Despite the presence of five singers in the line-up, the vocal parts are short, spoken rather than sung. 19 tracks are listed on the cover, but these are connected to form two long suites. All in all an interesting album for the adventurous listeners in search of something different. Gatefold sleeve 180gr. vinyl! (Italianprog.com)\" \/>\n<meta name=\"robots\" content=\"index, follow, max-snippet:-1, max-image-preview:large, max-video-preview:-1\" \/>\n<link rel=\"canonical\" href=\"https:\/\/wpguerssen-test.odoo.rgbconsulting.com\/es\/producto\/per-una-scultura-di-ceschia\/\" \/>\n<meta property=\"og:locale\" content=\"es_ES\" \/>\n<meta property=\"og:type\" content=\"article\" \/>\n<meta property=\"og:title\" content=\"NASCITA DELLA SFERA - Per una scultura di ceschia -  (LP) | Guerssen\" \/>\n<meta property=\"og:description\" content=\"Nascita della Sfera was a group of session musicians assembled by a composer to record a single LP, in this case composer and keyboardist Carlo Barbiera dedicated a full album to the life and works of sculptor Luciano Ceschia (1926-1991), both coming from near Udine, Friuli Venezia Giulia, in the north-east of Italy.The rare album is a rather original example of experimental electro-acoustic progressive style, mainly based on synth effects and acoustic guitars and often reminding some of Battiato&#039;s early works. #nl# Despite the presence of five singers in the line-up, the vocal parts are short, spoken rather than sung. 19 tracks are listed on the cover, but these are connected to form two long suites. All in all an interesting album for the adventurous listeners in search of something different. Gatefold sleeve 180gr. vinyl! (Italianprog.com)\" \/>\n<meta property=\"og:url\" content=\"https:\/\/wpguerssen-test.odoo.rgbconsulting.com\/es\/producto\/per-una-scultura-di-ceschia\/\" \/>\n<meta property=\"og:site_name\" content=\"Guerssen records\" \/>\n<meta property=\"article:modified_time\" content=\"2025-01-09T15:07:12+00:00\" \/>\n<meta name=\"twitter:card\" content=\"summary_large_image\" \/>\n<meta name=\"twitter:title\" content=\"NASCITA DELLA SFERA - Per una scultura di ceschia -  (LP) | Guerssen\" \/>\n<meta name=\"twitter:label1\" content=\"Tiempo de lectura\" \/>\n\t<meta name=\"twitter:data1\" content=\"1 minuto\" \/>\n<script type=\"application\/ld+json\" class=\"yoast-schema-graph\">{\"@context\":\"https:\/\/schema.org\",\"@graph\":[{\"@type\":\"WebPage\",\"@id\":\"https:\/\/wpguerssen-test.odoo.rgbconsulting.com\/es\/producto\/per-una-scultura-di-ceschia\/\",\"url\":\"https:\/\/wpguerssen-test.odoo.rgbconsulting.com\/es\/producto\/per-una-scultura-di-ceschia\/\",\"name\":\"NASCITA DELLA SFERA - Per una scultura di ceschia - (LP) | Guerssen\",\"isPartOf\":{\"@id\":\"https:\/\/wpguerssen-test.odoo.rgbconsulting.com\/es\/#website\"},\"primaryImageOfPage\":{\"@id\":\"https:\/\/wpguerssen-test.odoo.rgbconsulting.com\/es\/producto\/per-una-scultura-di-ceschia\/#primaryimage\"},\"image\":{\"@id\":\"https:\/\/wpguerssen-test.odoo.rgbconsulting.com\/es\/producto\/per-una-scultura-di-ceschia\/#primaryimage\"},\"thumbnailUrl\":\"https:\/\/wpguerssen-test.odoo.rgbconsulting.com\/wp-content\/uploads\/2022\/03\/10047.jpg\",\"datePublished\":\"2008-12-09T23:00:00+00:00\",\"dateModified\":\"2025-01-09T15:07:12+00:00\",\"description\":\"Nascita della Sfera was a group of session musicians assembled by a composer to record a single LP, in this case composer and keyboardist Carlo Barbiera dedicated a full album to the life and works of sculptor Luciano Ceschia (1926-1991), both coming from near Udine, Friuli Venezia Giulia, in the north-east of Italy.The rare album is a rather original example of experimental electro-acoustic progressive style, mainly based on synth effects and acoustic guitars and often reminding some of Battiato's early works. #nl# Despite the presence of five singers in the line-up, the vocal parts are short, spoken rather than sung. 19 tracks are listed on the cover, but these are connected to form two long suites. All in all an interesting album for the adventurous listeners in search of something different. Gatefold sleeve 180gr. vinyl! (Italianprog.com)\",\"breadcrumb\":{\"@id\":\"https:\/\/wpguerssen-test.odoo.rgbconsulting.com\/es\/producto\/per-una-scultura-di-ceschia\/#breadcrumb\"},\"inLanguage\":\"es\",\"potentialAction\":[{\"@type\":\"ReadAction\",\"target\":[\"https:\/\/wpguerssen-test.odoo.rgbconsulting.com\/es\/producto\/per-una-scultura-di-ceschia\/\"]}]},{\"@type\":\"ImageObject\",\"inLanguage\":\"es\",\"@id\":\"https:\/\/wpguerssen-test.odoo.rgbconsulting.com\/es\/producto\/per-una-scultura-di-ceschia\/#primaryimage\",\"url\":\"https:\/\/wpguerssen-test.odoo.rgbconsulting.com\/wp-content\/uploads\/2022\/03\/10047.jpg\",\"contentUrl\":\"https:\/\/wpguerssen-test.odoo.rgbconsulting.com\/wp-content\/uploads\/2022\/03\/10047.jpg\",\"width\":160,\"height\":156,\"caption\":\"NASCITA DELLA SFERA - Per una scultura di ceschia - AMS (LP) | Guerssen\"},{\"@type\":\"BreadcrumbList\",\"@id\":\"https:\/\/wpguerssen-test.odoo.rgbconsulting.com\/es\/producto\/per-una-scultura-di-ceschia\/#breadcrumb\",\"itemListElement\":[{\"@type\":\"ListItem\",\"position\":1,\"name\":\"Inicio\",\"item\":\"https:\/\/wpguerssen-test.odoo.rgbconsulting.com\/es\/\"},{\"@type\":\"ListItem\",\"position\":2,\"name\":\"Shop\",\"item\":\"https:\/\/wpguerssen-test.odoo.rgbconsulting.com\/shop\/\"},{\"@type\":\"ListItem\",\"position\":3,\"name\":\"Per una scultura di ceschia\"}]},{\"@type\":\"WebSite\",\"@id\":\"https:\/\/wpguerssen-test.odoo.rgbconsulting.com\/es\/#website\",\"url\":\"https:\/\/wpguerssen-test.odoo.rgbconsulting.com\/es\/\",\"name\":\"Guerssen records\",\"description\":\"psychedelia - progressive - folk - garage \",\"publisher\":{\"@id\":\"https:\/\/wpguerssen-test.odoo.rgbconsulting.com\/es\/#organization\"},\"potentialAction\":[{\"@type\":\"SearchAction\",\"target\":{\"@type\":\"EntryPoint\",\"urlTemplate\":\"https:\/\/wpguerssen-test.odoo.rgbconsulting.com\/es\/?s={search_term_string}\"},\"query-input\":{\"@type\":\"PropertyValueSpecification\",\"valueRequired\":true,\"valueName\":\"search_term_string\"}}],\"inLanguage\":\"es\"},{\"@type\":\"Organization\",\"@id\":\"https:\/\/wpguerssen-test.odoo.rgbconsulting.com\/es\/#organization\",\"name\":\"Guerssen records\",\"url\":\"https:\/\/wpguerssen-test.odoo.rgbconsulting.com\/es\/\",\"logo\":{\"@type\":\"ImageObject\",\"inLanguage\":\"es\",\"@id\":\"https:\/\/wpguerssen-test.odoo.rgbconsulting.com\/es\/#\/schema\/logo\/image\/\",\"url\":\"https:\/\/wpguerssen-test.odoo.rgbconsulting.com\/wp-content\/uploads\/2022\/04\/Logo_Guerssen_trans_100.png\",\"contentUrl\":\"https:\/\/wpguerssen-test.odoo.rgbconsulting.com\/wp-content\/uploads\/2022\/04\/Logo_Guerssen_trans_100.png\",\"width\":122,\"height\":100,\"caption\":\"Guerssen records\"},\"image\":{\"@id\":\"https:\/\/wpguerssen-test.odoo.rgbconsulting.com\/es\/#\/schema\/logo\/image\/\"}}]}<\/script>\n<!-- \/ Yoast SEO plugin. -->","yoast_head_json":{"title":"NASCITA DELLA SFERA - Per una scultura di ceschia -  (LP) | Guerssen","description":"Nascita della Sfera was a group of session musicians assembled by a composer to record a single LP, in this case composer and keyboardist Carlo Barbiera dedicated a full album to the life and works of sculptor Luciano Ceschia (1926-1991), both coming from near Udine, Friuli Venezia Giulia, in the north-east of Italy.The rare album is a rather original example of experimental electro-acoustic progressive style, mainly based on synth effects and acoustic guitars and often reminding some of Battiato's early works. #nl# Despite the presence of five singers in the line-up, the vocal parts are short, spoken rather than sung. 19 tracks are listed on the cover, but these are connected to form two long suites. All in all an interesting album for the adventurous listeners in search of something different. Gatefold sleeve 180gr. vinyl! (Italianprog.com)","robots":{"index":"index","follow":"follow","max-snippet":"max-snippet:-1","max-image-preview":"max-image-preview:large","max-video-preview":"max-video-preview:-1"},"canonical":"https:\/\/wpguerssen-test.odoo.rgbconsulting.com\/es\/producto\/per-una-scultura-di-ceschia\/","og_locale":"es_ES","og_type":"article","og_title":"NASCITA DELLA SFERA - Per una scultura di ceschia -  (LP) | Guerssen","og_description":"Nascita della Sfera was a group of session musicians assembled by a composer to record a single LP, in this case composer and keyboardist Carlo Barbiera dedicated a full album to the life and works of sculptor Luciano Ceschia (1926-1991), both coming from near Udine, Friuli Venezia Giulia, in the north-east of Italy.The rare album is a rather original example of experimental electro-acoustic progressive style, mainly based on synth effects and acoustic guitars and often reminding some of Battiato's early works. #nl# Despite the presence of five singers in the line-up, the vocal parts are short, spoken rather than sung. 19 tracks are listed on the cover, but these are connected to form two long suites. All in all an interesting album for the adventurous listeners in search of something different. Gatefold sleeve 180gr. vinyl! (Italianprog.com)","og_url":"https:\/\/wpguerssen-test.odoo.rgbconsulting.com\/es\/producto\/per-una-scultura-di-ceschia\/","og_site_name":"Guerssen records","article_modified_time":"2025-01-09T15:07:12+00:00","twitter_card":"summary_large_image","twitter_title":"NASCITA DELLA SFERA - Per una scultura di ceschia -  (LP) | Guerssen","twitter_misc":{"Tiempo de lectura":"1 minuto"},"schema":{"@context":"https:\/\/schema.org","@graph":[{"@type":"WebPage","@id":"https:\/\/wpguerssen-test.odoo.rgbconsulting.com\/es\/producto\/per-una-scultura-di-ceschia\/","url":"https:\/\/wpguerssen-test.odoo.rgbconsulting.com\/es\/producto\/per-una-scultura-di-ceschia\/","name":"NASCITA DELLA SFERA - Per una scultura di ceschia - (LP) | Guerssen","isPartOf":{"@id":"https:\/\/wpguerssen-test.odoo.rgbconsulting.com\/es\/#website"},"primaryImageOfPage":{"@id":"https:\/\/wpguerssen-test.odoo.rgbconsulting.com\/es\/producto\/per-una-scultura-di-ceschia\/#primaryimage"},"image":{"@id":"https:\/\/wpguerssen-test.odoo.rgbconsulting.com\/es\/producto\/per-una-scultura-di-ceschia\/#primaryimage"},"thumbnailUrl":"https:\/\/wpguerssen-test.odoo.rgbconsulting.com\/wp-content\/uploads\/2022\/03\/10047.jpg","datePublished":"2008-12-09T23:00:00+00:00","dateModified":"2025-01-09T15:07:12+00:00","description":"Nascita della Sfera was a group of session musicians assembled by a composer to record a single LP, in this case composer and keyboardist Carlo Barbiera dedicated a full album to the life and works of sculptor Luciano Ceschia (1926-1991), both coming from near Udine, Friuli Venezia Giulia, in the north-east of Italy.The rare album is a rather original example of experimental electro-acoustic progressive style, mainly based on synth effects and acoustic guitars and often reminding some of Battiato's early works. #nl# Despite the presence of five singers in the line-up, the vocal parts are short, spoken rather than sung. 19 tracks are listed on the cover, but these are connected to form two long suites. All in all an interesting album for the adventurous listeners in search of something different. Gatefold sleeve 180gr. vinyl! (Italianprog.com)","breadcrumb":{"@id":"https:\/\/wpguerssen-test.odoo.rgbconsulting.com\/es\/producto\/per-una-scultura-di-ceschia\/#breadcrumb"},"inLanguage":"es","potentialAction":[{"@type":"ReadAction","target":["https:\/\/wpguerssen-test.odoo.rgbconsulting.com\/es\/producto\/per-una-scultura-di-ceschia\/"]}]},{"@type":"ImageObject","inLanguage":"es","@id":"https:\/\/wpguerssen-test.odoo.rgbconsulting.com\/es\/producto\/per-una-scultura-di-ceschia\/#primaryimage","url":"https:\/\/wpguerssen-test.odoo.rgbconsulting.com\/wp-content\/uploads\/2022\/03\/10047.jpg","contentUrl":"https:\/\/wpguerssen-test.odoo.rgbconsulting.com\/wp-content\/uploads\/2022\/03\/10047.jpg","width":160,"height":156,"caption":"NASCITA DELLA SFERA - Per una scultura di ceschia - AMS (LP) | Guerssen"},{"@type":"BreadcrumbList","@id":"https:\/\/wpguerssen-test.odoo.rgbconsulting.com\/es\/producto\/per-una-scultura-di-ceschia\/#breadcrumb","itemListElement":[{"@type":"ListItem","position":1,"name":"Inicio","item":"https:\/\/wpguerssen-test.odoo.rgbconsulting.com\/es\/"},{"@type":"ListItem","position":2,"name":"Shop","item":"https:\/\/wpguerssen-test.odoo.rgbconsulting.com\/shop\/"},{"@type":"ListItem","position":3,"name":"Per una scultura di ceschia"}]},{"@type":"WebSite","@id":"https:\/\/wpguerssen-test.odoo.rgbconsulting.com\/es\/#website","url":"https:\/\/wpguerssen-test.odoo.rgbconsulting.com\/es\/","name":"Guerssen records","description":"psychedelia - progressive - folk - garage ","publisher":{"@id":"https:\/\/wpguerssen-test.odoo.rgbconsulting.com\/es\/#organization"},"potentialAction":[{"@type":"SearchAction","target":{"@type":"EntryPoint","urlTemplate":"https:\/\/wpguerssen-test.odoo.rgbconsulting.com\/es\/?s={search_term_string}"},"query-input":{"@type":"PropertyValueSpecification","valueRequired":true,"valueName":"search_term_string"}}],"inLanguage":"es"},{"@type":"Organization","@id":"https:\/\/wpguerssen-test.odoo.rgbconsulting.com\/es\/#organization","name":"Guerssen records","url":"https:\/\/wpguerssen-test.odoo.rgbconsulting.com\/es\/","logo":{"@type":"ImageObject","inLanguage":"es","@id":"https:\/\/wpguerssen-test.odoo.rgbconsulting.com\/es\/#\/schema\/logo\/image\/","url":"https:\/\/wpguerssen-test.odoo.rgbconsulting.com\/wp-content\/uploads\/2022\/04\/Logo_Guerssen_trans_100.png","contentUrl":"https:\/\/wpguerssen-test.odoo.rgbconsulting.com\/wp-content\/uploads\/2022\/04\/Logo_Guerssen_trans_100.png","width":122,"height":100,"caption":"Guerssen records"},"image":{"@id":"https:\/\/wpguerssen-test.odoo.rgbconsulting.com\/es\/#\/schema\/logo\/image\/"}}]}},"_links":{"self":[{"href":"https:\/\/wpguerssen-test.odoo.rgbconsulting.com\/es\/wp-json\/wp\/v2\/product\/177655","targetHints":{"allow":["GET"]}}],"collection":[{"href":"https:\/\/wpguerssen-test.odoo.rgbconsulting.com\/es\/wp-json\/wp\/v2\/product"}],"about":[{"href":"https:\/\/wpguerssen-test.odoo.rgbconsulting.com\/es\/wp-json\/wp\/v2\/types\/product"}],"wp:featuredmedia":[{"embeddable":true,"href":"https:\/\/wpguerssen-test.odoo.rgbconsulting.com\/es\/wp-json\/wp\/v2\/media\/111717"}],"wp:attachment":[{"href":"https:\/\/wpguerssen-test.odoo.rgbconsulting.com\/es\/wp-json\/wp\/v2\/media?parent=177655"}],"wp:term":[{"taxonomy":"product_brand","embeddable":true,"href":"https:\/\/wpguerssen-test.odoo.rgbconsulting.com\/es\/wp-json\/wp\/v2\/product_brand?post=177655"},{"taxonomy":"product_cat","embeddable":true,"href":"https:\/\/wpguerssen-test.odoo.rgbconsulting.com\/es\/wp-json\/wp\/v2\/product_cat?post=177655"},{"taxonomy":"product_tag","embeddable":true,"href":"https:\/\/wpguerssen-test.odoo.rgbconsulting.com\/es\/wp-json\/wp\/v2\/product_tag?post=177655"}],"curies":[{"name":"wp","href":"https:\/\/api.w.org\/{rel}","templated":true}]}}