{"id":177662,"date":"2009-03-13T00:00:00","date_gmt":"2009-03-12T23:00:00","guid":{"rendered":"http:\/\/guerssen.hl1097.dinaserver.com\/product\/pronto-viviremos-un-mundo-mucho-mejor\/"},"modified":"2025-02-24T14:28:56","modified_gmt":"2025-02-24T13:28:56","slug":"pronto-viviremos-un-mundo-mucho-mejor","status":"publish","type":"product","link":"https:\/\/wpguerssen-test.odoo.rgbconsulting.com\/es\/producto\/pronto-viviremos-un-mundo-mucho-mejor\/","title":{"rendered":"Pronto viviremos un mundo mucho mejor"},"content":{"rendered":"<p>Uno de los m\u00e1s conocidos grupos colombianos son Los Flippers, pero poca gente fuera de Colombia sabe de este bonito disco que grabaron en 1973. Probablemente sea por el hecho de que fuera autoeditado en el sello de su l\u00edder Arturo Astudillo en lugar de hacerlo con sellos relativamente importantes como hicieron con sus anteriores discos. <\/p>\n<p> La m\u00fasica en este disco es especial, puesto que mezcla psicodelia con sonido progresivo y soul tambi\u00e9n. Con muy buena producci\u00f3n, aqu\u00ed tenemos a Los Flippers en su punto \u00e1lgido de inspiraci\u00f3n y experiencia instrumental, y el resultado es mucho m\u00e1s maduro que sus anteriores grabaciones.<br \/>Con todas las canciones originales a excepci\u00f3n de un cover de Buddy Miles, Los Flippers usaron varios efectos psicod\u00e9licos adem\u00e1s de algo de viento.<br \/>En esta primera reedici\u00f3n de \u00abPronto viviremos&#8230;\u00bb, inclu\u00edmos tambi\u00e9n un tema extra sacado de un raro single anterior, con un temazo en onda Iron Butterfly. <br \/>Remasterizado a partir de masters (excepto el bonus track), incluye adem\u00e1s un booklet con extensas notas del propio Arturo Astudillo.<\/p>\n","protected":false},"excerpt":{"rendered":"<p>Uno de los m\u00e1s conocidos grupos colombianos son Los Flippers, pero poca gente fuera de Colombia sabe de este bonito disco que grabaron en 1973. Probablemente sea<a class=\"read\" href=\"https:\/\/wpguerssen-test.odoo.rgbconsulting.com\/es\/producto\/pronto-viviremos-un-mundo-mucho-mejor\/\"> (...)<\/a>","protected":false},"featured_media":111732,"template":"","meta":{"_acf_changed":false},"product_brand":[],"product_cat":[21639,23215],"product_tag":[29138,24190],"class_list":{"0":"post-177662","1":"product","2":"type-product","3":"status-publish","4":"has-post-thumbnail","6":"product_cat-psychedelic60s-70s-es","7":"product_cat-progressive60s-70s-es","8":"product_tag-cd-es","9":"product_tag-sales-es","10":"pa_artist-flippers-the-es","11":"pa_format-cd-2-es","12":"pa_gender-psychedelic60s-70s-progressive60s-70s","13":"pa_label-guerssen-es","14":"pa_location-south-america-caribbean-es","16":"first","17":"instock","18":"taxable","19":"shipping-taxable","20":"purchasable","21":"product-type-simple"},"acf":[],"yoast_head":"<!-- This site is optimized with the Yoast SEO plugin v24.9 - https:\/\/yoast.com\/wordpress\/plugins\/seo\/ -->\n<title>FLIPPERS, The - Pronto viviremos un mundo mucho mejor -  (CD) | Guerssen<\/title>\n<meta name=\"description\" content=\"One of Colombia&#039;s better known 60&#039;s &amp; 70&#039;s groups is Los Flippers. But few people outside Colombia knows about this wonderful 1973 album they did. It&#039;s probably because it was self-released by their leader Arturo Astudillo&#039;s own label rather than the bigger labels they used before, hence low sales. But in any case, it&#039;s no doubt a great album that must be heard. #nl# The music on this album is quite special, as it blends psychedelia with progressive sound and soul as well. With a very good production, here we find Los Flippers at their peak of inspiration and being now a bunch of very experimented musicians. The result is much more mature than any of their previous works of course, and they really achieved a sound that ranges with any supergroup. With all original compositions except a Buddy Miles cover, they used a good dose of psychedelic effects and some tasty horns as well. As an addition, this first ever reissue comes with a killer bonus track from an earlier 45, with a killer sound reminiscent of Iron Butterfly. Remastered sound from tapes (except the bonus track), and booklet with extensive liners by Arturo Astudillo.\" \/>\n<meta name=\"robots\" content=\"index, follow, max-snippet:-1, max-image-preview:large, max-video-preview:-1\" \/>\n<link rel=\"canonical\" href=\"https:\/\/wpguerssen-test.odoo.rgbconsulting.com\/es\/producto\/pronto-viviremos-un-mundo-mucho-mejor\/\" \/>\n<meta property=\"og:locale\" content=\"es_ES\" \/>\n<meta property=\"og:type\" content=\"article\" \/>\n<meta property=\"og:title\" content=\"FLIPPERS, The - Pronto viviremos un mundo mucho mejor -  (CD) | Guerssen\" \/>\n<meta property=\"og:description\" content=\"One of Colombia&#039;s better known 60&#039;s &amp; 70&#039;s groups is Los Flippers. But few people outside Colombia knows about this wonderful 1973 album they did. It&#039;s probably because it was self-released by their leader Arturo Astudillo&#039;s own label rather than the bigger labels they used before, hence low sales. But in any case, it&#039;s no doubt a great album that must be heard. #nl# The music on this album is quite special, as it blends psychedelia with progressive sound and soul as well. With a very good production, here we find Los Flippers at their peak of inspiration and being now a bunch of very experimented musicians. The result is much more mature than any of their previous works of course, and they really achieved a sound that ranges with any supergroup. With all original compositions except a Buddy Miles cover, they used a good dose of psychedelic effects and some tasty horns as well. As an addition, this first ever reissue comes with a killer bonus track from an earlier 45, with a killer sound reminiscent of Iron Butterfly. Remastered sound from tapes (except the bonus track), and booklet with extensive liners by Arturo Astudillo.\" \/>\n<meta property=\"og:url\" content=\"https:\/\/wpguerssen-test.odoo.rgbconsulting.com\/es\/producto\/pronto-viviremos-un-mundo-mucho-mejor\/\" \/>\n<meta property=\"og:site_name\" content=\"Guerssen records\" \/>\n<meta property=\"article:modified_time\" content=\"2025-02-24T13:28:56+00:00\" \/>\n<meta property=\"og:image\" content=\"https:\/\/wpguerssen-test.odoo.rgbconsulting.com\/wp-content\/uploads\/2022\/03\/10088.jpg\" \/>\n\t<meta property=\"og:image:width\" content=\"200\" \/>\n\t<meta property=\"og:image:height\" content=\"198\" \/>\n\t<meta property=\"og:image:type\" content=\"image\/jpeg\" \/>\n<meta name=\"twitter:card\" content=\"summary_large_image\" \/>\n<meta name=\"twitter:title\" content=\"FLIPPERS, The - Pronto viviremos un mundo mucho mejor -  (CD) | Guerssen\" \/>\n<meta name=\"twitter:label1\" content=\"Tiempo de lectura\" \/>\n\t<meta name=\"twitter:data1\" content=\"1 minuto\" \/>\n<script type=\"application\/ld+json\" class=\"yoast-schema-graph\">{\"@context\":\"https:\/\/schema.org\",\"@graph\":[{\"@type\":\"WebPage\",\"@id\":\"https:\/\/wpguerssen-test.odoo.rgbconsulting.com\/es\/producto\/pronto-viviremos-un-mundo-mucho-mejor\/\",\"url\":\"https:\/\/wpguerssen-test.odoo.rgbconsulting.com\/es\/producto\/pronto-viviremos-un-mundo-mucho-mejor\/\",\"name\":\"FLIPPERS, The - Pronto viviremos un mundo mucho mejor - (CD) | Guerssen\",\"isPartOf\":{\"@id\":\"https:\/\/wpguerssen-test.odoo.rgbconsulting.com\/es\/#website\"},\"primaryImageOfPage\":{\"@id\":\"https:\/\/wpguerssen-test.odoo.rgbconsulting.com\/es\/producto\/pronto-viviremos-un-mundo-mucho-mejor\/#primaryimage\"},\"image\":{\"@id\":\"https:\/\/wpguerssen-test.odoo.rgbconsulting.com\/es\/producto\/pronto-viviremos-un-mundo-mucho-mejor\/#primaryimage\"},\"thumbnailUrl\":\"https:\/\/wpguerssen-test.odoo.rgbconsulting.com\/wp-content\/uploads\/2022\/03\/10088.jpg\",\"datePublished\":\"2009-03-12T23:00:00+00:00\",\"dateModified\":\"2025-02-24T13:28:56+00:00\",\"description\":\"One of Colombia's better known 60's & 70's groups is Los Flippers. But few people outside Colombia knows about this wonderful 1973 album they did. It's probably because it was self-released by their leader Arturo Astudillo's own label rather than the bigger labels they used before, hence low sales. But in any case, it's no doubt a great album that must be heard. #nl# The music on this album is quite special, as it blends psychedelia with progressive sound and soul as well. With a very good production, here we find Los Flippers at their peak of inspiration and being now a bunch of very experimented musicians. The result is much more mature than any of their previous works of course, and they really achieved a sound that ranges with any supergroup. With all original compositions except a Buddy Miles cover, they used a good dose of psychedelic effects and some tasty horns as well. As an addition, this first ever reissue comes with a killer bonus track from an earlier 45, with a killer sound reminiscent of Iron Butterfly. Remastered sound from tapes (except the bonus track), and booklet with extensive liners by Arturo Astudillo.\",\"breadcrumb\":{\"@id\":\"https:\/\/wpguerssen-test.odoo.rgbconsulting.com\/es\/producto\/pronto-viviremos-un-mundo-mucho-mejor\/#breadcrumb\"},\"inLanguage\":\"es\",\"potentialAction\":[{\"@type\":\"ReadAction\",\"target\":[\"https:\/\/wpguerssen-test.odoo.rgbconsulting.com\/es\/producto\/pronto-viviremos-un-mundo-mucho-mejor\/\"]}]},{\"@type\":\"ImageObject\",\"inLanguage\":\"es\",\"@id\":\"https:\/\/wpguerssen-test.odoo.rgbconsulting.com\/es\/producto\/pronto-viviremos-un-mundo-mucho-mejor\/#primaryimage\",\"url\":\"https:\/\/wpguerssen-test.odoo.rgbconsulting.com\/wp-content\/uploads\/2022\/03\/10088.jpg\",\"contentUrl\":\"https:\/\/wpguerssen-test.odoo.rgbconsulting.com\/wp-content\/uploads\/2022\/03\/10088.jpg\",\"width\":200,\"height\":198,\"caption\":\"The - Pronto viviremos un mundo mucho mejor - GUERSSEN (CD) | Guerssen\"},{\"@type\":\"BreadcrumbList\",\"@id\":\"https:\/\/wpguerssen-test.odoo.rgbconsulting.com\/es\/producto\/pronto-viviremos-un-mundo-mucho-mejor\/#breadcrumb\",\"itemListElement\":[{\"@type\":\"ListItem\",\"position\":1,\"name\":\"Inicio\",\"item\":\"https:\/\/wpguerssen-test.odoo.rgbconsulting.com\/es\/\"},{\"@type\":\"ListItem\",\"position\":2,\"name\":\"Shop\",\"item\":\"https:\/\/wpguerssen-test.odoo.rgbconsulting.com\/shop\/\"},{\"@type\":\"ListItem\",\"position\":3,\"name\":\"Pronto viviremos un mundo mucho mejor\"}]},{\"@type\":\"WebSite\",\"@id\":\"https:\/\/wpguerssen-test.odoo.rgbconsulting.com\/es\/#website\",\"url\":\"https:\/\/wpguerssen-test.odoo.rgbconsulting.com\/es\/\",\"name\":\"Guerssen records\",\"description\":\"psychedelia - progressive - folk - garage \",\"publisher\":{\"@id\":\"https:\/\/wpguerssen-test.odoo.rgbconsulting.com\/es\/#organization\"},\"potentialAction\":[{\"@type\":\"SearchAction\",\"target\":{\"@type\":\"EntryPoint\",\"urlTemplate\":\"https:\/\/wpguerssen-test.odoo.rgbconsulting.com\/es\/?s={search_term_string}\"},\"query-input\":{\"@type\":\"PropertyValueSpecification\",\"valueRequired\":true,\"valueName\":\"search_term_string\"}}],\"inLanguage\":\"es\"},{\"@type\":\"Organization\",\"@id\":\"https:\/\/wpguerssen-test.odoo.rgbconsulting.com\/es\/#organization\",\"name\":\"Guerssen records\",\"url\":\"https:\/\/wpguerssen-test.odoo.rgbconsulting.com\/es\/\",\"logo\":{\"@type\":\"ImageObject\",\"inLanguage\":\"es\",\"@id\":\"https:\/\/wpguerssen-test.odoo.rgbconsulting.com\/es\/#\/schema\/logo\/image\/\",\"url\":\"https:\/\/wpguerssen-test.odoo.rgbconsulting.com\/wp-content\/uploads\/2022\/04\/Logo_Guerssen_trans_100.png\",\"contentUrl\":\"https:\/\/wpguerssen-test.odoo.rgbconsulting.com\/wp-content\/uploads\/2022\/04\/Logo_Guerssen_trans_100.png\",\"width\":122,\"height\":100,\"caption\":\"Guerssen records\"},\"image\":{\"@id\":\"https:\/\/wpguerssen-test.odoo.rgbconsulting.com\/es\/#\/schema\/logo\/image\/\"}}]}<\/script>\n<!-- \/ Yoast SEO plugin. -->","yoast_head_json":{"title":"FLIPPERS, The - Pronto viviremos un mundo mucho mejor -  (CD) | Guerssen","description":"One of Colombia's better known 60's & 70's groups is Los Flippers. But few people outside Colombia knows about this wonderful 1973 album they did. It's probably because it was self-released by their leader Arturo Astudillo's own label rather than the bigger labels they used before, hence low sales. But in any case, it's no doubt a great album that must be heard. #nl# The music on this album is quite special, as it blends psychedelia with progressive sound and soul as well. With a very good production, here we find Los Flippers at their peak of inspiration and being now a bunch of very experimented musicians. The result is much more mature than any of their previous works of course, and they really achieved a sound that ranges with any supergroup. With all original compositions except a Buddy Miles cover, they used a good dose of psychedelic effects and some tasty horns as well. As an addition, this first ever reissue comes with a killer bonus track from an earlier 45, with a killer sound reminiscent of Iron Butterfly. Remastered sound from tapes (except the bonus track), and booklet with extensive liners by Arturo Astudillo.","robots":{"index":"index","follow":"follow","max-snippet":"max-snippet:-1","max-image-preview":"max-image-preview:large","max-video-preview":"max-video-preview:-1"},"canonical":"https:\/\/wpguerssen-test.odoo.rgbconsulting.com\/es\/producto\/pronto-viviremos-un-mundo-mucho-mejor\/","og_locale":"es_ES","og_type":"article","og_title":"FLIPPERS, The - Pronto viviremos un mundo mucho mejor -  (CD) | Guerssen","og_description":"One of Colombia's better known 60's & 70's groups is Los Flippers. But few people outside Colombia knows about this wonderful 1973 album they did. It's probably because it was self-released by their leader Arturo Astudillo's own label rather than the bigger labels they used before, hence low sales. But in any case, it's no doubt a great album that must be heard. #nl# The music on this album is quite special, as it blends psychedelia with progressive sound and soul as well. With a very good production, here we find Los Flippers at their peak of inspiration and being now a bunch of very experimented musicians. The result is much more mature than any of their previous works of course, and they really achieved a sound that ranges with any supergroup. With all original compositions except a Buddy Miles cover, they used a good dose of psychedelic effects and some tasty horns as well. As an addition, this first ever reissue comes with a killer bonus track from an earlier 45, with a killer sound reminiscent of Iron Butterfly. Remastered sound from tapes (except the bonus track), and booklet with extensive liners by Arturo Astudillo.","og_url":"https:\/\/wpguerssen-test.odoo.rgbconsulting.com\/es\/producto\/pronto-viviremos-un-mundo-mucho-mejor\/","og_site_name":"Guerssen records","article_modified_time":"2025-02-24T13:28:56+00:00","og_image":[{"width":200,"height":198,"url":"https:\/\/wpguerssen-test.odoo.rgbconsulting.com\/wp-content\/uploads\/2022\/03\/10088.jpg","type":"image\/jpeg"}],"twitter_card":"summary_large_image","twitter_title":"FLIPPERS, The - Pronto viviremos un mundo mucho mejor -  (CD) | Guerssen","twitter_misc":{"Tiempo de lectura":"1 minuto"},"schema":{"@context":"https:\/\/schema.org","@graph":[{"@type":"WebPage","@id":"https:\/\/wpguerssen-test.odoo.rgbconsulting.com\/es\/producto\/pronto-viviremos-un-mundo-mucho-mejor\/","url":"https:\/\/wpguerssen-test.odoo.rgbconsulting.com\/es\/producto\/pronto-viviremos-un-mundo-mucho-mejor\/","name":"FLIPPERS, The - Pronto viviremos un mundo mucho mejor - (CD) | Guerssen","isPartOf":{"@id":"https:\/\/wpguerssen-test.odoo.rgbconsulting.com\/es\/#website"},"primaryImageOfPage":{"@id":"https:\/\/wpguerssen-test.odoo.rgbconsulting.com\/es\/producto\/pronto-viviremos-un-mundo-mucho-mejor\/#primaryimage"},"image":{"@id":"https:\/\/wpguerssen-test.odoo.rgbconsulting.com\/es\/producto\/pronto-viviremos-un-mundo-mucho-mejor\/#primaryimage"},"thumbnailUrl":"https:\/\/wpguerssen-test.odoo.rgbconsulting.com\/wp-content\/uploads\/2022\/03\/10088.jpg","datePublished":"2009-03-12T23:00:00+00:00","dateModified":"2025-02-24T13:28:56+00:00","description":"One of Colombia's better known 60's & 70's groups is Los Flippers. But few people outside Colombia knows about this wonderful 1973 album they did. It's probably because it was self-released by their leader Arturo Astudillo's own label rather than the bigger labels they used before, hence low sales. But in any case, it's no doubt a great album that must be heard. #nl# The music on this album is quite special, as it blends psychedelia with progressive sound and soul as well. With a very good production, here we find Los Flippers at their peak of inspiration and being now a bunch of very experimented musicians. The result is much more mature than any of their previous works of course, and they really achieved a sound that ranges with any supergroup. With all original compositions except a Buddy Miles cover, they used a good dose of psychedelic effects and some tasty horns as well. As an addition, this first ever reissue comes with a killer bonus track from an earlier 45, with a killer sound reminiscent of Iron Butterfly. Remastered sound from tapes (except the bonus track), and booklet with extensive liners by Arturo Astudillo.","breadcrumb":{"@id":"https:\/\/wpguerssen-test.odoo.rgbconsulting.com\/es\/producto\/pronto-viviremos-un-mundo-mucho-mejor\/#breadcrumb"},"inLanguage":"es","potentialAction":[{"@type":"ReadAction","target":["https:\/\/wpguerssen-test.odoo.rgbconsulting.com\/es\/producto\/pronto-viviremos-un-mundo-mucho-mejor\/"]}]},{"@type":"ImageObject","inLanguage":"es","@id":"https:\/\/wpguerssen-test.odoo.rgbconsulting.com\/es\/producto\/pronto-viviremos-un-mundo-mucho-mejor\/#primaryimage","url":"https:\/\/wpguerssen-test.odoo.rgbconsulting.com\/wp-content\/uploads\/2022\/03\/10088.jpg","contentUrl":"https:\/\/wpguerssen-test.odoo.rgbconsulting.com\/wp-content\/uploads\/2022\/03\/10088.jpg","width":200,"height":198,"caption":"The - Pronto viviremos un mundo mucho mejor - GUERSSEN (CD) | Guerssen"},{"@type":"BreadcrumbList","@id":"https:\/\/wpguerssen-test.odoo.rgbconsulting.com\/es\/producto\/pronto-viviremos-un-mundo-mucho-mejor\/#breadcrumb","itemListElement":[{"@type":"ListItem","position":1,"name":"Inicio","item":"https:\/\/wpguerssen-test.odoo.rgbconsulting.com\/es\/"},{"@type":"ListItem","position":2,"name":"Shop","item":"https:\/\/wpguerssen-test.odoo.rgbconsulting.com\/shop\/"},{"@type":"ListItem","position":3,"name":"Pronto viviremos un mundo mucho mejor"}]},{"@type":"WebSite","@id":"https:\/\/wpguerssen-test.odoo.rgbconsulting.com\/es\/#website","url":"https:\/\/wpguerssen-test.odoo.rgbconsulting.com\/es\/","name":"Guerssen records","description":"psychedelia - progressive - folk - garage ","publisher":{"@id":"https:\/\/wpguerssen-test.odoo.rgbconsulting.com\/es\/#organization"},"potentialAction":[{"@type":"SearchAction","target":{"@type":"EntryPoint","urlTemplate":"https:\/\/wpguerssen-test.odoo.rgbconsulting.com\/es\/?s={search_term_string}"},"query-input":{"@type":"PropertyValueSpecification","valueRequired":true,"valueName":"search_term_string"}}],"inLanguage":"es"},{"@type":"Organization","@id":"https:\/\/wpguerssen-test.odoo.rgbconsulting.com\/es\/#organization","name":"Guerssen records","url":"https:\/\/wpguerssen-test.odoo.rgbconsulting.com\/es\/","logo":{"@type":"ImageObject","inLanguage":"es","@id":"https:\/\/wpguerssen-test.odoo.rgbconsulting.com\/es\/#\/schema\/logo\/image\/","url":"https:\/\/wpguerssen-test.odoo.rgbconsulting.com\/wp-content\/uploads\/2022\/04\/Logo_Guerssen_trans_100.png","contentUrl":"https:\/\/wpguerssen-test.odoo.rgbconsulting.com\/wp-content\/uploads\/2022\/04\/Logo_Guerssen_trans_100.png","width":122,"height":100,"caption":"Guerssen records"},"image":{"@id":"https:\/\/wpguerssen-test.odoo.rgbconsulting.com\/es\/#\/schema\/logo\/image\/"}}]}},"_links":{"self":[{"href":"https:\/\/wpguerssen-test.odoo.rgbconsulting.com\/es\/wp-json\/wp\/v2\/product\/177662","targetHints":{"allow":["GET"]}}],"collection":[{"href":"https:\/\/wpguerssen-test.odoo.rgbconsulting.com\/es\/wp-json\/wp\/v2\/product"}],"about":[{"href":"https:\/\/wpguerssen-test.odoo.rgbconsulting.com\/es\/wp-json\/wp\/v2\/types\/product"}],"wp:featuredmedia":[{"embeddable":true,"href":"https:\/\/wpguerssen-test.odoo.rgbconsulting.com\/es\/wp-json\/wp\/v2\/media\/111732"}],"wp:attachment":[{"href":"https:\/\/wpguerssen-test.odoo.rgbconsulting.com\/es\/wp-json\/wp\/v2\/media?parent=177662"}],"wp:term":[{"taxonomy":"product_brand","embeddable":true,"href":"https:\/\/wpguerssen-test.odoo.rgbconsulting.com\/es\/wp-json\/wp\/v2\/product_brand?post=177662"},{"taxonomy":"product_cat","embeddable":true,"href":"https:\/\/wpguerssen-test.odoo.rgbconsulting.com\/es\/wp-json\/wp\/v2\/product_cat?post=177662"},{"taxonomy":"product_tag","embeddable":true,"href":"https:\/\/wpguerssen-test.odoo.rgbconsulting.com\/es\/wp-json\/wp\/v2\/product_tag?post=177662"}],"curies":[{"name":"wp","href":"https:\/\/api.w.org\/{rel}","templated":true}]}}