{"id":177680,"date":"2009-05-20T00:00:00","date_gmt":"2009-05-19T22:00:00","guid":{"rendered":"http:\/\/guerssen.hl1097.dinaserver.com\/product\/second-coming-cd\/"},"modified":"2025-03-21T12:22:40","modified_gmt":"2025-03-21T11:22:40","slug":"second-coming-cd","status":"publish","type":"product","link":"https:\/\/wpguerssen-test.odoo.rgbconsulting.com\/es\/producto\/second-coming-cd\/","title":{"rendered":"Second coming (CD)"},"content":{"rendered":"<p>Uno de los mayores descubrimientos de los \u00faltimos a\u00f1os ha sido este segundo disco grabado por Dave Bixby bajo el nombre de Harbinger. Desconocido por la mayor\u00eda de coleccionistas de folk-rock 60s-70s, \u00abSecond Coming\u00bb se grab\u00f3 y edit\u00f3 durante la misma \u00e9poca que su primer disco, el ya legendario \u00abOde to Quetzalcoatl\u00bb. Musicalmente es en la misma l\u00ednea y para muchos igual de bueno o mejor!! <\/p>\n<p> Esta vez la grabaci\u00f3n se realiz\u00f3 en un estudio profesional, por lo que el sonido mejora. Bixby es ayudado por Brian MacInness a la guitarra, la cantante Sandy Johnson a las voces y Don DeGraaf al bajo. Este \u00faltimo era el l\u00edder-gur\u00fa de la secta\/grupo religioso \u00abThe Group\u00bb, de la que Dave y Brian formaron parte y afortunadamente salieron vivos.<br \/>La atm\u00f3sfera es ligeramente m\u00e1s optimista que en su primer disco, hay cantidad de guitarras ac\u00fasticas de 12 cuerdas con influencia oriental, buen\u00edsimas armonias vocales y canciones. La letras hablan de simbolog\u00eda c\u00f3smica, religiosa y psicod\u00e9lica pero ser\u00eda injusto clasificarlo como disco un disco de Xian-folk, pues \u00abSecond Coming\u00bb va mucho m\u00e1s all\u00e1 y agradar\u00e1 a cualquier aficionado al folk-rock psicod\u00e9lico.<br \/>Por primera vez reeditado, licenciado del propio Dave Bixby. Sonido cuidadosamente remasterizado de vinilo (no existen m\u00e1sters) en Shadoks Studios, incluye booklet con extensas notas por Matvei Procak &#8211; la persona que localiz\u00f3 a Bixby en 2006 &#8211; y fotos in\u00e9ditas.<\/p>\n","protected":false},"excerpt":{"rendered":"<p>Uno de los mayores descubrimientos de los \u00faltimos a\u00f1os ha sido este segundo disco grabado por Dave Bixby bajo el nombre de Harbinger. Desconocido por la mayor\u00eda<a class=\"read\" href=\"https:\/\/wpguerssen-test.odoo.rgbconsulting.com\/es\/producto\/second-coming-cd\/\"> (...)<\/a>","protected":false},"featured_media":111785,"template":"","meta":{"_acf_changed":false},"product_brand":[],"product_cat":[21639,23274],"product_tag":[29138,24190],"class_list":{"0":"post-177680","1":"product","2":"type-product","3":"status-publish","4":"has-post-thumbnail","6":"product_cat-psychedelic60s-70s-es","7":"product_cat-folk-rock-60s-70s-es","8":"product_tag-cd-es","9":"product_tag-sales-es","10":"pa_artist-harbinger-es","11":"pa_format-cd-2-es","12":"pa_gender-folk-rock-60s-70s-psychedelic60s-70s","13":"pa_label-guerssen-es","14":"pa_location-north-america-es","16":"first","17":"instock","18":"taxable","19":"shipping-taxable","20":"purchasable","21":"product-type-simple"},"acf":[],"yoast_head":"<!-- This site is optimized with the Yoast SEO plugin v24.9 - https:\/\/yoast.com\/wordpress\/plugins\/seo\/ -->\n<title>HARBINGER - Second coming (CD) -  (CD) | Guerssen<\/title>\n<meta name=\"description\" content=\"Unknown to most 60s\/70s collectors until its discovery a few years ago, this is the beyond rare second album released by loner\/downer folk legend Dave Bixby, recorded around the same year as his first one, the now famous &quot;Ode to Quetzalcoatl&quot;. #nl# Musically is equally as good and very similar to the first one but this time the recording took place in a professional studio, so the sound is improved. Bixby is joined by Brian MacInness on guitar, Sandy Johnson on vocals and Don DeGraaf on bass and production duties. Don was in fact leader of the, in the end, religious destructive cult known as &quot;The Group&quot;, of which Bixby and Brian were part of. #nl# The sound is more up-front and the songs are slightly optimistic compared to the ones on &quot;Ode to Quetzalcoatl&quot;. There&#039;s plenty of acoustic 12-string raga guitars and harmony male\/female vocals. The lyrics deal with cosmic imagery, psychedelics and religious\/biblical references but this goes much deeper than any Xian record. Features titles like &quot;Cosmic energy&quot;, &quot;Time to clear your mind&quot;, &quot;Rainbow&quot;, &quot;Circus World&quot;... #nl# Reissued for the first time under license from Dave Bixby. Features carefully remastered sound from a clean vinyl (no master tapes exists) done at Shadoks Music Studios, and a booklet with extensive and detailed liner notes by Matvei Procak - the guy who found Bixby in 2006 - plus some rare pictures.\" \/>\n<meta name=\"robots\" content=\"index, follow, max-snippet:-1, max-image-preview:large, max-video-preview:-1\" \/>\n<link rel=\"canonical\" href=\"https:\/\/wpguerssen-test.odoo.rgbconsulting.com\/es\/producto\/second-coming-cd\/\" \/>\n<meta property=\"og:locale\" content=\"es_ES\" \/>\n<meta property=\"og:type\" content=\"article\" \/>\n<meta property=\"og:title\" content=\"HARBINGER - Second coming (CD) -  (CD) | Guerssen\" \/>\n<meta property=\"og:description\" content=\"Unknown to most 60s\/70s collectors until its discovery a few years ago, this is the beyond rare second album released by loner\/downer folk legend Dave Bixby, recorded around the same year as his first one, the now famous &quot;Ode to Quetzalcoatl&quot;. #nl# Musically is equally as good and very similar to the first one but this time the recording took place in a professional studio, so the sound is improved. Bixby is joined by Brian MacInness on guitar, Sandy Johnson on vocals and Don DeGraaf on bass and production duties. Don was in fact leader of the, in the end, religious destructive cult known as &quot;The Group&quot;, of which Bixby and Brian were part of. #nl# The sound is more up-front and the songs are slightly optimistic compared to the ones on &quot;Ode to Quetzalcoatl&quot;. There&#039;s plenty of acoustic 12-string raga guitars and harmony male\/female vocals. The lyrics deal with cosmic imagery, psychedelics and religious\/biblical references but this goes much deeper than any Xian record. Features titles like &quot;Cosmic energy&quot;, &quot;Time to clear your mind&quot;, &quot;Rainbow&quot;, &quot;Circus World&quot;... #nl# Reissued for the first time under license from Dave Bixby. Features carefully remastered sound from a clean vinyl (no master tapes exists) done at Shadoks Music Studios, and a booklet with extensive and detailed liner notes by Matvei Procak - the guy who found Bixby in 2006 - plus some rare pictures.\" \/>\n<meta property=\"og:url\" content=\"https:\/\/wpguerssen-test.odoo.rgbconsulting.com\/es\/producto\/second-coming-cd\/\" \/>\n<meta property=\"og:site_name\" content=\"Guerssen records\" \/>\n<meta property=\"article:modified_time\" content=\"2025-03-21T11:22:40+00:00\" \/>\n<meta property=\"og:image\" content=\"https:\/\/wpguerssen-test.odoo.rgbconsulting.com\/wp-content\/uploads\/2022\/03\/10314.jpg\" \/>\n\t<meta property=\"og:image:width\" content=\"200\" \/>\n\t<meta property=\"og:image:height\" content=\"200\" \/>\n\t<meta property=\"og:image:type\" content=\"image\/jpeg\" \/>\n<meta name=\"twitter:card\" content=\"summary_large_image\" \/>\n<meta name=\"twitter:title\" content=\"HARBINGER - Second coming (CD) -  (CD) | Guerssen\" \/>\n<meta name=\"twitter:label1\" content=\"Tiempo de lectura\" \/>\n\t<meta name=\"twitter:data1\" content=\"1 minuto\" \/>\n<script type=\"application\/ld+json\" class=\"yoast-schema-graph\">{\"@context\":\"https:\/\/schema.org\",\"@graph\":[{\"@type\":\"WebPage\",\"@id\":\"https:\/\/wpguerssen-test.odoo.rgbconsulting.com\/es\/producto\/second-coming-cd\/\",\"url\":\"https:\/\/wpguerssen-test.odoo.rgbconsulting.com\/es\/producto\/second-coming-cd\/\",\"name\":\"HARBINGER - Second coming (CD) - (CD) | Guerssen\",\"isPartOf\":{\"@id\":\"https:\/\/wpguerssen-test.odoo.rgbconsulting.com\/es\/#website\"},\"primaryImageOfPage\":{\"@id\":\"https:\/\/wpguerssen-test.odoo.rgbconsulting.com\/es\/producto\/second-coming-cd\/#primaryimage\"},\"image\":{\"@id\":\"https:\/\/wpguerssen-test.odoo.rgbconsulting.com\/es\/producto\/second-coming-cd\/#primaryimage\"},\"thumbnailUrl\":\"https:\/\/wpguerssen-test.odoo.rgbconsulting.com\/wp-content\/uploads\/2022\/03\/10314.jpg\",\"datePublished\":\"2009-05-19T22:00:00+00:00\",\"dateModified\":\"2025-03-21T11:22:40+00:00\",\"description\":\"Unknown to most 60s\/70s collectors until its discovery a few years ago, this is the beyond rare second album released by loner\/downer folk legend Dave Bixby, recorded around the same year as his first one, the now famous \\\"Ode to Quetzalcoatl\\\". #nl# Musically is equally as good and very similar to the first one but this time the recording took place in a professional studio, so the sound is improved. Bixby is joined by Brian MacInness on guitar, Sandy Johnson on vocals and Don DeGraaf on bass and production duties. Don was in fact leader of the, in the end, religious destructive cult known as \\\"The Group\\\", of which Bixby and Brian were part of. #nl# The sound is more up-front and the songs are slightly optimistic compared to the ones on \\\"Ode to Quetzalcoatl\\\". There's plenty of acoustic 12-string raga guitars and harmony male\/female vocals. The lyrics deal with cosmic imagery, psychedelics and religious\/biblical references but this goes much deeper than any Xian record. Features titles like \\\"Cosmic energy\\\", \\\"Time to clear your mind\\\", \\\"Rainbow\\\", \\\"Circus World\\\"... #nl# Reissued for the first time under license from Dave Bixby. Features carefully remastered sound from a clean vinyl (no master tapes exists) done at Shadoks Music Studios, and a booklet with extensive and detailed liner notes by Matvei Procak - the guy who found Bixby in 2006 - plus some rare pictures.\",\"breadcrumb\":{\"@id\":\"https:\/\/wpguerssen-test.odoo.rgbconsulting.com\/es\/producto\/second-coming-cd\/#breadcrumb\"},\"inLanguage\":\"es\",\"potentialAction\":[{\"@type\":\"ReadAction\",\"target\":[\"https:\/\/wpguerssen-test.odoo.rgbconsulting.com\/es\/producto\/second-coming-cd\/\"]}]},{\"@type\":\"ImageObject\",\"inLanguage\":\"es\",\"@id\":\"https:\/\/wpguerssen-test.odoo.rgbconsulting.com\/es\/producto\/second-coming-cd\/#primaryimage\",\"url\":\"https:\/\/wpguerssen-test.odoo.rgbconsulting.com\/wp-content\/uploads\/2022\/03\/10314.jpg\",\"contentUrl\":\"https:\/\/wpguerssen-test.odoo.rgbconsulting.com\/wp-content\/uploads\/2022\/03\/10314.jpg\",\"width\":200,\"height\":200,\"caption\":\"HARBINGER - Second coming (CD) - GUERSSEN (CD) | Guerssen\"},{\"@type\":\"BreadcrumbList\",\"@id\":\"https:\/\/wpguerssen-test.odoo.rgbconsulting.com\/es\/producto\/second-coming-cd\/#breadcrumb\",\"itemListElement\":[{\"@type\":\"ListItem\",\"position\":1,\"name\":\"Inicio\",\"item\":\"https:\/\/wpguerssen-test.odoo.rgbconsulting.com\/es\/\"},{\"@type\":\"ListItem\",\"position\":2,\"name\":\"Shop\",\"item\":\"https:\/\/wpguerssen-test.odoo.rgbconsulting.com\/shop\/\"},{\"@type\":\"ListItem\",\"position\":3,\"name\":\"Second coming (CD)\"}]},{\"@type\":\"WebSite\",\"@id\":\"https:\/\/wpguerssen-test.odoo.rgbconsulting.com\/es\/#website\",\"url\":\"https:\/\/wpguerssen-test.odoo.rgbconsulting.com\/es\/\",\"name\":\"Guerssen records\",\"description\":\"psychedelia - progressive - folk - garage \",\"publisher\":{\"@id\":\"https:\/\/wpguerssen-test.odoo.rgbconsulting.com\/es\/#organization\"},\"potentialAction\":[{\"@type\":\"SearchAction\",\"target\":{\"@type\":\"EntryPoint\",\"urlTemplate\":\"https:\/\/wpguerssen-test.odoo.rgbconsulting.com\/es\/?s={search_term_string}\"},\"query-input\":{\"@type\":\"PropertyValueSpecification\",\"valueRequired\":true,\"valueName\":\"search_term_string\"}}],\"inLanguage\":\"es\"},{\"@type\":\"Organization\",\"@id\":\"https:\/\/wpguerssen-test.odoo.rgbconsulting.com\/es\/#organization\",\"name\":\"Guerssen records\",\"url\":\"https:\/\/wpguerssen-test.odoo.rgbconsulting.com\/es\/\",\"logo\":{\"@type\":\"ImageObject\",\"inLanguage\":\"es\",\"@id\":\"https:\/\/wpguerssen-test.odoo.rgbconsulting.com\/es\/#\/schema\/logo\/image\/\",\"url\":\"https:\/\/wpguerssen-test.odoo.rgbconsulting.com\/wp-content\/uploads\/2022\/04\/Logo_Guerssen_trans_100.png\",\"contentUrl\":\"https:\/\/wpguerssen-test.odoo.rgbconsulting.com\/wp-content\/uploads\/2022\/04\/Logo_Guerssen_trans_100.png\",\"width\":122,\"height\":100,\"caption\":\"Guerssen records\"},\"image\":{\"@id\":\"https:\/\/wpguerssen-test.odoo.rgbconsulting.com\/es\/#\/schema\/logo\/image\/\"}}]}<\/script>\n<!-- \/ Yoast SEO plugin. -->","yoast_head_json":{"title":"HARBINGER - Second coming (CD) -  (CD) | Guerssen","description":"Unknown to most 60s\/70s collectors until its discovery a few years ago, this is the beyond rare second album released by loner\/downer folk legend Dave Bixby, recorded around the same year as his first one, the now famous \"Ode to Quetzalcoatl\". #nl# Musically is equally as good and very similar to the first one but this time the recording took place in a professional studio, so the sound is improved. Bixby is joined by Brian MacInness on guitar, Sandy Johnson on vocals and Don DeGraaf on bass and production duties. Don was in fact leader of the, in the end, religious destructive cult known as \"The Group\", of which Bixby and Brian were part of. #nl# The sound is more up-front and the songs are slightly optimistic compared to the ones on \"Ode to Quetzalcoatl\". There's plenty of acoustic 12-string raga guitars and harmony male\/female vocals. The lyrics deal with cosmic imagery, psychedelics and religious\/biblical references but this goes much deeper than any Xian record. Features titles like \"Cosmic energy\", \"Time to clear your mind\", \"Rainbow\", \"Circus World\"... #nl# Reissued for the first time under license from Dave Bixby. Features carefully remastered sound from a clean vinyl (no master tapes exists) done at Shadoks Music Studios, and a booklet with extensive and detailed liner notes by Matvei Procak - the guy who found Bixby in 2006 - plus some rare pictures.","robots":{"index":"index","follow":"follow","max-snippet":"max-snippet:-1","max-image-preview":"max-image-preview:large","max-video-preview":"max-video-preview:-1"},"canonical":"https:\/\/wpguerssen-test.odoo.rgbconsulting.com\/es\/producto\/second-coming-cd\/","og_locale":"es_ES","og_type":"article","og_title":"HARBINGER - Second coming (CD) -  (CD) | Guerssen","og_description":"Unknown to most 60s\/70s collectors until its discovery a few years ago, this is the beyond rare second album released by loner\/downer folk legend Dave Bixby, recorded around the same year as his first one, the now famous \"Ode to Quetzalcoatl\". #nl# Musically is equally as good and very similar to the first one but this time the recording took place in a professional studio, so the sound is improved. Bixby is joined by Brian MacInness on guitar, Sandy Johnson on vocals and Don DeGraaf on bass and production duties. Don was in fact leader of the, in the end, religious destructive cult known as \"The Group\", of which Bixby and Brian were part of. #nl# The sound is more up-front and the songs are slightly optimistic compared to the ones on \"Ode to Quetzalcoatl\". There's plenty of acoustic 12-string raga guitars and harmony male\/female vocals. The lyrics deal with cosmic imagery, psychedelics and religious\/biblical references but this goes much deeper than any Xian record. Features titles like \"Cosmic energy\", \"Time to clear your mind\", \"Rainbow\", \"Circus World\"... #nl# Reissued for the first time under license from Dave Bixby. Features carefully remastered sound from a clean vinyl (no master tapes exists) done at Shadoks Music Studios, and a booklet with extensive and detailed liner notes by Matvei Procak - the guy who found Bixby in 2006 - plus some rare pictures.","og_url":"https:\/\/wpguerssen-test.odoo.rgbconsulting.com\/es\/producto\/second-coming-cd\/","og_site_name":"Guerssen records","article_modified_time":"2025-03-21T11:22:40+00:00","og_image":[{"width":200,"height":200,"url":"https:\/\/wpguerssen-test.odoo.rgbconsulting.com\/wp-content\/uploads\/2022\/03\/10314.jpg","type":"image\/jpeg"}],"twitter_card":"summary_large_image","twitter_title":"HARBINGER - Second coming (CD) -  (CD) | Guerssen","twitter_misc":{"Tiempo de lectura":"1 minuto"},"schema":{"@context":"https:\/\/schema.org","@graph":[{"@type":"WebPage","@id":"https:\/\/wpguerssen-test.odoo.rgbconsulting.com\/es\/producto\/second-coming-cd\/","url":"https:\/\/wpguerssen-test.odoo.rgbconsulting.com\/es\/producto\/second-coming-cd\/","name":"HARBINGER - Second coming (CD) - (CD) | Guerssen","isPartOf":{"@id":"https:\/\/wpguerssen-test.odoo.rgbconsulting.com\/es\/#website"},"primaryImageOfPage":{"@id":"https:\/\/wpguerssen-test.odoo.rgbconsulting.com\/es\/producto\/second-coming-cd\/#primaryimage"},"image":{"@id":"https:\/\/wpguerssen-test.odoo.rgbconsulting.com\/es\/producto\/second-coming-cd\/#primaryimage"},"thumbnailUrl":"https:\/\/wpguerssen-test.odoo.rgbconsulting.com\/wp-content\/uploads\/2022\/03\/10314.jpg","datePublished":"2009-05-19T22:00:00+00:00","dateModified":"2025-03-21T11:22:40+00:00","description":"Unknown to most 60s\/70s collectors until its discovery a few years ago, this is the beyond rare second album released by loner\/downer folk legend Dave Bixby, recorded around the same year as his first one, the now famous \"Ode to Quetzalcoatl\". #nl# Musically is equally as good and very similar to the first one but this time the recording took place in a professional studio, so the sound is improved. Bixby is joined by Brian MacInness on guitar, Sandy Johnson on vocals and Don DeGraaf on bass and production duties. Don was in fact leader of the, in the end, religious destructive cult known as \"The Group\", of which Bixby and Brian were part of. #nl# The sound is more up-front and the songs are slightly optimistic compared to the ones on \"Ode to Quetzalcoatl\". There's plenty of acoustic 12-string raga guitars and harmony male\/female vocals. The lyrics deal with cosmic imagery, psychedelics and religious\/biblical references but this goes much deeper than any Xian record. Features titles like \"Cosmic energy\", \"Time to clear your mind\", \"Rainbow\", \"Circus World\"... #nl# Reissued for the first time under license from Dave Bixby. Features carefully remastered sound from a clean vinyl (no master tapes exists) done at Shadoks Music Studios, and a booklet with extensive and detailed liner notes by Matvei Procak - the guy who found Bixby in 2006 - plus some rare pictures.","breadcrumb":{"@id":"https:\/\/wpguerssen-test.odoo.rgbconsulting.com\/es\/producto\/second-coming-cd\/#breadcrumb"},"inLanguage":"es","potentialAction":[{"@type":"ReadAction","target":["https:\/\/wpguerssen-test.odoo.rgbconsulting.com\/es\/producto\/second-coming-cd\/"]}]},{"@type":"ImageObject","inLanguage":"es","@id":"https:\/\/wpguerssen-test.odoo.rgbconsulting.com\/es\/producto\/second-coming-cd\/#primaryimage","url":"https:\/\/wpguerssen-test.odoo.rgbconsulting.com\/wp-content\/uploads\/2022\/03\/10314.jpg","contentUrl":"https:\/\/wpguerssen-test.odoo.rgbconsulting.com\/wp-content\/uploads\/2022\/03\/10314.jpg","width":200,"height":200,"caption":"HARBINGER - Second coming (CD) - GUERSSEN (CD) | Guerssen"},{"@type":"BreadcrumbList","@id":"https:\/\/wpguerssen-test.odoo.rgbconsulting.com\/es\/producto\/second-coming-cd\/#breadcrumb","itemListElement":[{"@type":"ListItem","position":1,"name":"Inicio","item":"https:\/\/wpguerssen-test.odoo.rgbconsulting.com\/es\/"},{"@type":"ListItem","position":2,"name":"Shop","item":"https:\/\/wpguerssen-test.odoo.rgbconsulting.com\/shop\/"},{"@type":"ListItem","position":3,"name":"Second coming (CD)"}]},{"@type":"WebSite","@id":"https:\/\/wpguerssen-test.odoo.rgbconsulting.com\/es\/#website","url":"https:\/\/wpguerssen-test.odoo.rgbconsulting.com\/es\/","name":"Guerssen records","description":"psychedelia - progressive - folk - garage ","publisher":{"@id":"https:\/\/wpguerssen-test.odoo.rgbconsulting.com\/es\/#organization"},"potentialAction":[{"@type":"SearchAction","target":{"@type":"EntryPoint","urlTemplate":"https:\/\/wpguerssen-test.odoo.rgbconsulting.com\/es\/?s={search_term_string}"},"query-input":{"@type":"PropertyValueSpecification","valueRequired":true,"valueName":"search_term_string"}}],"inLanguage":"es"},{"@type":"Organization","@id":"https:\/\/wpguerssen-test.odoo.rgbconsulting.com\/es\/#organization","name":"Guerssen records","url":"https:\/\/wpguerssen-test.odoo.rgbconsulting.com\/es\/","logo":{"@type":"ImageObject","inLanguage":"es","@id":"https:\/\/wpguerssen-test.odoo.rgbconsulting.com\/es\/#\/schema\/logo\/image\/","url":"https:\/\/wpguerssen-test.odoo.rgbconsulting.com\/wp-content\/uploads\/2022\/04\/Logo_Guerssen_trans_100.png","contentUrl":"https:\/\/wpguerssen-test.odoo.rgbconsulting.com\/wp-content\/uploads\/2022\/04\/Logo_Guerssen_trans_100.png","width":122,"height":100,"caption":"Guerssen records"},"image":{"@id":"https:\/\/wpguerssen-test.odoo.rgbconsulting.com\/es\/#\/schema\/logo\/image\/"}}]}},"_links":{"self":[{"href":"https:\/\/wpguerssen-test.odoo.rgbconsulting.com\/es\/wp-json\/wp\/v2\/product\/177680","targetHints":{"allow":["GET"]}}],"collection":[{"href":"https:\/\/wpguerssen-test.odoo.rgbconsulting.com\/es\/wp-json\/wp\/v2\/product"}],"about":[{"href":"https:\/\/wpguerssen-test.odoo.rgbconsulting.com\/es\/wp-json\/wp\/v2\/types\/product"}],"wp:featuredmedia":[{"embeddable":true,"href":"https:\/\/wpguerssen-test.odoo.rgbconsulting.com\/es\/wp-json\/wp\/v2\/media\/111785"}],"wp:attachment":[{"href":"https:\/\/wpguerssen-test.odoo.rgbconsulting.com\/es\/wp-json\/wp\/v2\/media?parent=177680"}],"wp:term":[{"taxonomy":"product_brand","embeddable":true,"href":"https:\/\/wpguerssen-test.odoo.rgbconsulting.com\/es\/wp-json\/wp\/v2\/product_brand?post=177680"},{"taxonomy":"product_cat","embeddable":true,"href":"https:\/\/wpguerssen-test.odoo.rgbconsulting.com\/es\/wp-json\/wp\/v2\/product_cat?post=177680"},{"taxonomy":"product_tag","embeddable":true,"href":"https:\/\/wpguerssen-test.odoo.rgbconsulting.com\/es\/wp-json\/wp\/v2\/product_tag?post=177680"}],"curies":[{"name":"wp","href":"https:\/\/api.w.org\/{rel}","templated":true}]}}