{"id":177681,"date":"2009-05-20T00:00:00","date_gmt":"2009-05-19T22:00:00","guid":{"rendered":"http:\/\/guerssen.hl1097.dinaserver.com\/product\/human-voices-cd\/"},"modified":"2025-02-24T14:29:01","modified_gmt":"2025-02-24T13:29:01","slug":"human-voices-cd","status":"publish","type":"product","link":"https:\/\/wpguerssen-test.odoo.rgbconsulting.com\/es\/producto\/human-voices-cd\/","title":{"rendered":"Human voices (CD)"},"content":{"rendered":"<p>Atenci\u00f3n a esta rareza. Ya conoc\u00e9is a Tree People, grupo USA de finales de los 70 predecesor de todo el movimiento actual de nuevo folk underground americano. Su disco de 1979 est\u00e1 considerado una obra maestra del g\u00e9nero&#8230;pero sab\u00edais que existe un segundo disco? Probablemente no, pues se edit\u00f3 en una tirada limitada solo en cassette. <\/p>\n<p> Afortunadamente, el grupo guard\u00f3 el m\u00e1ster y ahora estamos orgullosos de poder reeditarlo con perfecto sonido, primero en CD y dentro de poco tambi\u00e9n en vinilo.<br \/>La m\u00fasica es igual de buena, si no mejor, que su primer disco y es altamente recomendado para cualquier amante del folk psicod\u00e9lico. Guitarras ac\u00fasticas, percusi\u00f3n, flauta, delicadas voces&#8230;todo con una alta calidad y con un sonido que se anticipa a su tiempo, precioso! El CD incluye libreto con notas por Stephen Cohen, fotos&#8230;<\/p>\n","protected":false},"excerpt":{"rendered":"<p>Atenci\u00f3n a esta rareza. Ya conoc\u00e9is a Tree People, grupo USA de finales de los 70 predecesor de todo el movimiento actual de nuevo folk underground americano. Su<a class=\"read\" href=\"https:\/\/wpguerssen-test.odoo.rgbconsulting.com\/es\/producto\/human-voices-cd\/\"> (...)<\/a>","protected":false},"featured_media":111788,"template":"","meta":{"_acf_changed":false},"product_brand":[],"product_cat":[21639,23274],"product_tag":[29138,24190],"class_list":{"0":"post-177681","1":"product","2":"type-product","3":"status-publish","4":"has-post-thumbnail","6":"product_cat-psychedelic60s-70s-es","7":"product_cat-folk-rock-60s-70s-es","8":"product_tag-cd-es","9":"product_tag-sales-es","10":"pa_artist-tree-people-es","11":"pa_format-cd-2-es","12":"pa_gender-folk-rock-60s-70s-psychedelic60s-70s","13":"pa_label-guerssen-es","14":"pa_location-north-america-es","16":"first","17":"instock","18":"taxable","19":"shipping-taxable","20":"purchasable","21":"product-type-simple"},"acf":[],"yoast_head":"<!-- This site is optimized with the Yoast SEO plugin v24.9 - https:\/\/yoast.com\/wordpress\/plugins\/seo\/ -->\n<title>TREE PEOPLE - Human voices (CD) -  (CD) | Guerssen<\/title>\n<meta name=\"description\" content=\"Watch out for this rarity. You know the Tree People, late 70s predecessors of the ongoing new folk movement in the USA. You know their 1979 debut album and you know it&#039;s a masterpiece..... but oh well, did you know about their second album??? Surely not, especially because it was a cassette only release at the time with a very short print. #nl# Luckily enough, the Tree People guys kept the mastertapes of these recordings and we&#039;re proud to be making this wonderful music available now. Vinyl version will come later, here&#039;s the CD with splendid sound quality. The music here is equally as good, if not better, than the self-titled debut and a real must for any folk and psych-folk lover. Acoustic guitars, subtile percussions, wonderful flute work and some warm vocals, but overall a real big dose of quality and originality that makes the Tree People music be absolutely ahead of its time and therefore so much admired today. A real beauty!The CD comes with a booklet including liners by the band&#039;s leader Stephen Cohen, as well as some pictures.\" \/>\n<meta name=\"robots\" content=\"index, follow, max-snippet:-1, max-image-preview:large, max-video-preview:-1\" \/>\n<link rel=\"canonical\" href=\"https:\/\/wpguerssen-test.odoo.rgbconsulting.com\/es\/producto\/human-voices-cd\/\" \/>\n<meta property=\"og:locale\" content=\"es_ES\" \/>\n<meta property=\"og:type\" content=\"article\" \/>\n<meta property=\"og:title\" content=\"TREE PEOPLE - Human voices (CD) -  (CD) | Guerssen\" \/>\n<meta property=\"og:description\" content=\"Watch out for this rarity. You know the Tree People, late 70s predecessors of the ongoing new folk movement in the USA. You know their 1979 debut album and you know it&#039;s a masterpiece..... but oh well, did you know about their second album??? Surely not, especially because it was a cassette only release at the time with a very short print. #nl# Luckily enough, the Tree People guys kept the mastertapes of these recordings and we&#039;re proud to be making this wonderful music available now. Vinyl version will come later, here&#039;s the CD with splendid sound quality. The music here is equally as good, if not better, than the self-titled debut and a real must for any folk and psych-folk lover. Acoustic guitars, subtile percussions, wonderful flute work and some warm vocals, but overall a real big dose of quality and originality that makes the Tree People music be absolutely ahead of its time and therefore so much admired today. A real beauty!The CD comes with a booklet including liners by the band&#039;s leader Stephen Cohen, as well as some pictures.\" \/>\n<meta property=\"og:url\" content=\"https:\/\/wpguerssen-test.odoo.rgbconsulting.com\/es\/producto\/human-voices-cd\/\" \/>\n<meta property=\"og:site_name\" content=\"Guerssen records\" \/>\n<meta property=\"article:modified_time\" content=\"2025-02-24T13:29:01+00:00\" \/>\n<meta name=\"twitter:card\" content=\"summary_large_image\" \/>\n<meta name=\"twitter:title\" content=\"TREE PEOPLE - Human voices (CD) -  (CD) | Guerssen\" \/>\n<meta name=\"twitter:label1\" content=\"Tiempo de lectura\" \/>\n\t<meta name=\"twitter:data1\" content=\"1 minuto\" \/>\n<script type=\"application\/ld+json\" class=\"yoast-schema-graph\">{\"@context\":\"https:\/\/schema.org\",\"@graph\":[{\"@type\":\"WebPage\",\"@id\":\"https:\/\/wpguerssen-test.odoo.rgbconsulting.com\/es\/producto\/human-voices-cd\/\",\"url\":\"https:\/\/wpguerssen-test.odoo.rgbconsulting.com\/es\/producto\/human-voices-cd\/\",\"name\":\"TREE PEOPLE - Human voices (CD) - (CD) | Guerssen\",\"isPartOf\":{\"@id\":\"https:\/\/wpguerssen-test.odoo.rgbconsulting.com\/es\/#website\"},\"primaryImageOfPage\":{\"@id\":\"https:\/\/wpguerssen-test.odoo.rgbconsulting.com\/es\/producto\/human-voices-cd\/#primaryimage\"},\"image\":{\"@id\":\"https:\/\/wpguerssen-test.odoo.rgbconsulting.com\/es\/producto\/human-voices-cd\/#primaryimage\"},\"thumbnailUrl\":\"https:\/\/wpguerssen-test.odoo.rgbconsulting.com\/wp-content\/uploads\/2022\/03\/10315.jpg\",\"datePublished\":\"2009-05-19T22:00:00+00:00\",\"dateModified\":\"2025-02-24T13:29:01+00:00\",\"description\":\"Watch out for this rarity. You know the Tree People, late 70s predecessors of the ongoing new folk movement in the USA. You know their 1979 debut album and you know it's a masterpiece..... but oh well, did you know about their second album??? Surely not, especially because it was a cassette only release at the time with a very short print. #nl# Luckily enough, the Tree People guys kept the mastertapes of these recordings and we're proud to be making this wonderful music available now. Vinyl version will come later, here's the CD with splendid sound quality. The music here is equally as good, if not better, than the self-titled debut and a real must for any folk and psych-folk lover. Acoustic guitars, subtile percussions, wonderful flute work and some warm vocals, but overall a real big dose of quality and originality that makes the Tree People music be absolutely ahead of its time and therefore so much admired today. A real beauty!The CD comes with a booklet including liners by the band's leader Stephen Cohen, as well as some pictures.\",\"breadcrumb\":{\"@id\":\"https:\/\/wpguerssen-test.odoo.rgbconsulting.com\/es\/producto\/human-voices-cd\/#breadcrumb\"},\"inLanguage\":\"es\",\"potentialAction\":[{\"@type\":\"ReadAction\",\"target\":[\"https:\/\/wpguerssen-test.odoo.rgbconsulting.com\/es\/producto\/human-voices-cd\/\"]}]},{\"@type\":\"ImageObject\",\"inLanguage\":\"es\",\"@id\":\"https:\/\/wpguerssen-test.odoo.rgbconsulting.com\/es\/producto\/human-voices-cd\/#primaryimage\",\"url\":\"https:\/\/wpguerssen-test.odoo.rgbconsulting.com\/wp-content\/uploads\/2022\/03\/10315.jpg\",\"contentUrl\":\"https:\/\/wpguerssen-test.odoo.rgbconsulting.com\/wp-content\/uploads\/2022\/03\/10315.jpg\",\"width\":600,\"height\":600,\"caption\":\"TREE PEOPLE - Human voices (CD) - GUERSSEN (CD) | Guerssen\"},{\"@type\":\"BreadcrumbList\",\"@id\":\"https:\/\/wpguerssen-test.odoo.rgbconsulting.com\/es\/producto\/human-voices-cd\/#breadcrumb\",\"itemListElement\":[{\"@type\":\"ListItem\",\"position\":1,\"name\":\"Inicio\",\"item\":\"https:\/\/wpguerssen-test.odoo.rgbconsulting.com\/es\/\"},{\"@type\":\"ListItem\",\"position\":2,\"name\":\"Shop\",\"item\":\"https:\/\/wpguerssen-test.odoo.rgbconsulting.com\/shop\/\"},{\"@type\":\"ListItem\",\"position\":3,\"name\":\"Human voices (CD)\"}]},{\"@type\":\"WebSite\",\"@id\":\"https:\/\/wpguerssen-test.odoo.rgbconsulting.com\/es\/#website\",\"url\":\"https:\/\/wpguerssen-test.odoo.rgbconsulting.com\/es\/\",\"name\":\"Guerssen records\",\"description\":\"psychedelia - progressive - folk - garage \",\"publisher\":{\"@id\":\"https:\/\/wpguerssen-test.odoo.rgbconsulting.com\/es\/#organization\"},\"potentialAction\":[{\"@type\":\"SearchAction\",\"target\":{\"@type\":\"EntryPoint\",\"urlTemplate\":\"https:\/\/wpguerssen-test.odoo.rgbconsulting.com\/es\/?s={search_term_string}\"},\"query-input\":{\"@type\":\"PropertyValueSpecification\",\"valueRequired\":true,\"valueName\":\"search_term_string\"}}],\"inLanguage\":\"es\"},{\"@type\":\"Organization\",\"@id\":\"https:\/\/wpguerssen-test.odoo.rgbconsulting.com\/es\/#organization\",\"name\":\"Guerssen records\",\"url\":\"https:\/\/wpguerssen-test.odoo.rgbconsulting.com\/es\/\",\"logo\":{\"@type\":\"ImageObject\",\"inLanguage\":\"es\",\"@id\":\"https:\/\/wpguerssen-test.odoo.rgbconsulting.com\/es\/#\/schema\/logo\/image\/\",\"url\":\"https:\/\/wpguerssen-test.odoo.rgbconsulting.com\/wp-content\/uploads\/2022\/04\/Logo_Guerssen_trans_100.png\",\"contentUrl\":\"https:\/\/wpguerssen-test.odoo.rgbconsulting.com\/wp-content\/uploads\/2022\/04\/Logo_Guerssen_trans_100.png\",\"width\":122,\"height\":100,\"caption\":\"Guerssen records\"},\"image\":{\"@id\":\"https:\/\/wpguerssen-test.odoo.rgbconsulting.com\/es\/#\/schema\/logo\/image\/\"}}]}<\/script>\n<!-- \/ Yoast SEO plugin. -->","yoast_head_json":{"title":"TREE PEOPLE - Human voices (CD) -  (CD) | Guerssen","description":"Watch out for this rarity. You know the Tree People, late 70s predecessors of the ongoing new folk movement in the USA. You know their 1979 debut album and you know it's a masterpiece..... but oh well, did you know about their second album??? Surely not, especially because it was a cassette only release at the time with a very short print. #nl# Luckily enough, the Tree People guys kept the mastertapes of these recordings and we're proud to be making this wonderful music available now. Vinyl version will come later, here's the CD with splendid sound quality. The music here is equally as good, if not better, than the self-titled debut and a real must for any folk and psych-folk lover. Acoustic guitars, subtile percussions, wonderful flute work and some warm vocals, but overall a real big dose of quality and originality that makes the Tree People music be absolutely ahead of its time and therefore so much admired today. A real beauty!The CD comes with a booklet including liners by the band's leader Stephen Cohen, as well as some pictures.","robots":{"index":"index","follow":"follow","max-snippet":"max-snippet:-1","max-image-preview":"max-image-preview:large","max-video-preview":"max-video-preview:-1"},"canonical":"https:\/\/wpguerssen-test.odoo.rgbconsulting.com\/es\/producto\/human-voices-cd\/","og_locale":"es_ES","og_type":"article","og_title":"TREE PEOPLE - Human voices (CD) -  (CD) | Guerssen","og_description":"Watch out for this rarity. You know the Tree People, late 70s predecessors of the ongoing new folk movement in the USA. You know their 1979 debut album and you know it's a masterpiece..... but oh well, did you know about their second album??? Surely not, especially because it was a cassette only release at the time with a very short print. #nl# Luckily enough, the Tree People guys kept the mastertapes of these recordings and we're proud to be making this wonderful music available now. Vinyl version will come later, here's the CD with splendid sound quality. The music here is equally as good, if not better, than the self-titled debut and a real must for any folk and psych-folk lover. Acoustic guitars, subtile percussions, wonderful flute work and some warm vocals, but overall a real big dose of quality and originality that makes the Tree People music be absolutely ahead of its time and therefore so much admired today. A real beauty!The CD comes with a booklet including liners by the band's leader Stephen Cohen, as well as some pictures.","og_url":"https:\/\/wpguerssen-test.odoo.rgbconsulting.com\/es\/producto\/human-voices-cd\/","og_site_name":"Guerssen records","article_modified_time":"2025-02-24T13:29:01+00:00","twitter_card":"summary_large_image","twitter_title":"TREE PEOPLE - Human voices (CD) -  (CD) | Guerssen","twitter_misc":{"Tiempo de lectura":"1 minuto"},"schema":{"@context":"https:\/\/schema.org","@graph":[{"@type":"WebPage","@id":"https:\/\/wpguerssen-test.odoo.rgbconsulting.com\/es\/producto\/human-voices-cd\/","url":"https:\/\/wpguerssen-test.odoo.rgbconsulting.com\/es\/producto\/human-voices-cd\/","name":"TREE PEOPLE - Human voices (CD) - (CD) | Guerssen","isPartOf":{"@id":"https:\/\/wpguerssen-test.odoo.rgbconsulting.com\/es\/#website"},"primaryImageOfPage":{"@id":"https:\/\/wpguerssen-test.odoo.rgbconsulting.com\/es\/producto\/human-voices-cd\/#primaryimage"},"image":{"@id":"https:\/\/wpguerssen-test.odoo.rgbconsulting.com\/es\/producto\/human-voices-cd\/#primaryimage"},"thumbnailUrl":"https:\/\/wpguerssen-test.odoo.rgbconsulting.com\/wp-content\/uploads\/2022\/03\/10315.jpg","datePublished":"2009-05-19T22:00:00+00:00","dateModified":"2025-02-24T13:29:01+00:00","description":"Watch out for this rarity. You know the Tree People, late 70s predecessors of the ongoing new folk movement in the USA. You know their 1979 debut album and you know it's a masterpiece..... but oh well, did you know about their second album??? Surely not, especially because it was a cassette only release at the time with a very short print. #nl# Luckily enough, the Tree People guys kept the mastertapes of these recordings and we're proud to be making this wonderful music available now. Vinyl version will come later, here's the CD with splendid sound quality. The music here is equally as good, if not better, than the self-titled debut and a real must for any folk and psych-folk lover. Acoustic guitars, subtile percussions, wonderful flute work and some warm vocals, but overall a real big dose of quality and originality that makes the Tree People music be absolutely ahead of its time and therefore so much admired today. A real beauty!The CD comes with a booklet including liners by the band's leader Stephen Cohen, as well as some pictures.","breadcrumb":{"@id":"https:\/\/wpguerssen-test.odoo.rgbconsulting.com\/es\/producto\/human-voices-cd\/#breadcrumb"},"inLanguage":"es","potentialAction":[{"@type":"ReadAction","target":["https:\/\/wpguerssen-test.odoo.rgbconsulting.com\/es\/producto\/human-voices-cd\/"]}]},{"@type":"ImageObject","inLanguage":"es","@id":"https:\/\/wpguerssen-test.odoo.rgbconsulting.com\/es\/producto\/human-voices-cd\/#primaryimage","url":"https:\/\/wpguerssen-test.odoo.rgbconsulting.com\/wp-content\/uploads\/2022\/03\/10315.jpg","contentUrl":"https:\/\/wpguerssen-test.odoo.rgbconsulting.com\/wp-content\/uploads\/2022\/03\/10315.jpg","width":600,"height":600,"caption":"TREE PEOPLE - Human voices (CD) - GUERSSEN (CD) | Guerssen"},{"@type":"BreadcrumbList","@id":"https:\/\/wpguerssen-test.odoo.rgbconsulting.com\/es\/producto\/human-voices-cd\/#breadcrumb","itemListElement":[{"@type":"ListItem","position":1,"name":"Inicio","item":"https:\/\/wpguerssen-test.odoo.rgbconsulting.com\/es\/"},{"@type":"ListItem","position":2,"name":"Shop","item":"https:\/\/wpguerssen-test.odoo.rgbconsulting.com\/shop\/"},{"@type":"ListItem","position":3,"name":"Human voices (CD)"}]},{"@type":"WebSite","@id":"https:\/\/wpguerssen-test.odoo.rgbconsulting.com\/es\/#website","url":"https:\/\/wpguerssen-test.odoo.rgbconsulting.com\/es\/","name":"Guerssen records","description":"psychedelia - progressive - folk - garage ","publisher":{"@id":"https:\/\/wpguerssen-test.odoo.rgbconsulting.com\/es\/#organization"},"potentialAction":[{"@type":"SearchAction","target":{"@type":"EntryPoint","urlTemplate":"https:\/\/wpguerssen-test.odoo.rgbconsulting.com\/es\/?s={search_term_string}"},"query-input":{"@type":"PropertyValueSpecification","valueRequired":true,"valueName":"search_term_string"}}],"inLanguage":"es"},{"@type":"Organization","@id":"https:\/\/wpguerssen-test.odoo.rgbconsulting.com\/es\/#organization","name":"Guerssen records","url":"https:\/\/wpguerssen-test.odoo.rgbconsulting.com\/es\/","logo":{"@type":"ImageObject","inLanguage":"es","@id":"https:\/\/wpguerssen-test.odoo.rgbconsulting.com\/es\/#\/schema\/logo\/image\/","url":"https:\/\/wpguerssen-test.odoo.rgbconsulting.com\/wp-content\/uploads\/2022\/04\/Logo_Guerssen_trans_100.png","contentUrl":"https:\/\/wpguerssen-test.odoo.rgbconsulting.com\/wp-content\/uploads\/2022\/04\/Logo_Guerssen_trans_100.png","width":122,"height":100,"caption":"Guerssen records"},"image":{"@id":"https:\/\/wpguerssen-test.odoo.rgbconsulting.com\/es\/#\/schema\/logo\/image\/"}}]}},"_links":{"self":[{"href":"https:\/\/wpguerssen-test.odoo.rgbconsulting.com\/es\/wp-json\/wp\/v2\/product\/177681","targetHints":{"allow":["GET"]}}],"collection":[{"href":"https:\/\/wpguerssen-test.odoo.rgbconsulting.com\/es\/wp-json\/wp\/v2\/product"}],"about":[{"href":"https:\/\/wpguerssen-test.odoo.rgbconsulting.com\/es\/wp-json\/wp\/v2\/types\/product"}],"wp:featuredmedia":[{"embeddable":true,"href":"https:\/\/wpguerssen-test.odoo.rgbconsulting.com\/es\/wp-json\/wp\/v2\/media\/111788"}],"wp:attachment":[{"href":"https:\/\/wpguerssen-test.odoo.rgbconsulting.com\/es\/wp-json\/wp\/v2\/media?parent=177681"}],"wp:term":[{"taxonomy":"product_brand","embeddable":true,"href":"https:\/\/wpguerssen-test.odoo.rgbconsulting.com\/es\/wp-json\/wp\/v2\/product_brand?post=177681"},{"taxonomy":"product_cat","embeddable":true,"href":"https:\/\/wpguerssen-test.odoo.rgbconsulting.com\/es\/wp-json\/wp\/v2\/product_cat?post=177681"},{"taxonomy":"product_tag","embeddable":true,"href":"https:\/\/wpguerssen-test.odoo.rgbconsulting.com\/es\/wp-json\/wp\/v2\/product_tag?post=177681"}],"curies":[{"name":"wp","href":"https:\/\/api.w.org\/{rel}","templated":true}]}}