{"id":177692,"date":"2009-06-08T00:00:00","date_gmt":"2009-06-07T22:00:00","guid":{"rendered":"http:\/\/guerssen.hl1097.dinaserver.com\/product\/brother\/"},"modified":"2024-06-03T18:32:42","modified_gmt":"2024-06-03T16:32:42","slug":"brother","status":"publish","type":"product","link":"https:\/\/wpguerssen-test.odoo.rgbconsulting.com\/es\/producto\/brother\/","title":{"rendered":"Brother"},"content":{"rendered":"<p>Tercer \u00e1lbum editado en 1970. En la onda de su disco debut, canciones en las que predomina el \u00f3rgano con buenas voces y guitarra, con un excelente trabajo de bajo y bater\u00eda.. Limitado a 500 copia, portada de cart\u00f3n duro, insert, vinilo de 180 gr.<\/p>\n","protected":false},"excerpt":{"rendered":"<p>Tercer \u00e1lbum editado en 1970. En la onda de su disco debut, canciones en las que predomina el \u00f3rgano con buenas voces y guitarra, con un excelente trabajo de bajo<a class=\"read\" href=\"https:\/\/wpguerssen-test.odoo.rgbconsulting.com\/es\/producto\/brother\/\"> (...)<\/a>","protected":false},"featured_media":111824,"template":"","meta":{"_acf_changed":false},"product_brand":[],"product_cat":[21639],"product_tag":[],"class_list":{"0":"post-177692","1":"product","2":"type-product","3":"status-publish","4":"has-post-thumbnail","6":"product_cat-psychedelic60s-70s-es","7":"pa_artist-third-eye-the-es","8":"pa_format-lp-es","9":"pa_gender-psychedelic60s-70s","10":"pa_location-africa-es","11":"pa_other-filters-vinyl-only-es","13":"first","14":"instock","15":"taxable","16":"shipping-taxable","17":"purchasable","18":"product-type-simple"},"acf":[],"yoast_head":"<!-- This site is optimized with the Yoast SEO plugin v24.9 - https:\/\/yoast.com\/wordpress\/plugins\/seo\/ -->\n<title>THIRD EYE, The - Brother -  (LP) | Guerssen<\/title>\n<meta name=\"description\" content=\"The album BROTHER followed the same year in 1970 after SEARCHING. The music is closer to the album AWAKENING without the brass arrangements. More organ based compositions with beautiful vocals and guitars. We must mention here the amazing drumming and bass which holds the complete tracks together and drives them forwards. #nl# As musical comparison we would mention again the bands from the US and UK underground such as Electric Flag, Chicago and Keef Hartley Band. But we must say, if bands from South Africa where not banned in Europe and USA at the time the albums by THE THIRD EYE came out, they would have become as popular and even more as the mentioned bands from USA and UK.All 3 albums are killer albums and we would not want to miss one of them. 500 numbered \/ glossy heavy sleeve \/ 180 gram pressing \/ insert\" \/>\n<meta name=\"robots\" content=\"index, follow, max-snippet:-1, max-image-preview:large, max-video-preview:-1\" \/>\n<link rel=\"canonical\" href=\"https:\/\/wpguerssen-test.odoo.rgbconsulting.com\/es\/producto\/brother\/\" \/>\n<meta property=\"og:locale\" content=\"es_ES\" \/>\n<meta property=\"og:type\" content=\"article\" \/>\n<meta property=\"og:title\" content=\"THIRD EYE, The - Brother -  (LP) | Guerssen\" \/>\n<meta property=\"og:description\" content=\"The album BROTHER followed the same year in 1970 after SEARCHING. The music is closer to the album AWAKENING without the brass arrangements. More organ based compositions with beautiful vocals and guitars. We must mention here the amazing drumming and bass which holds the complete tracks together and drives them forwards. #nl# As musical comparison we would mention again the bands from the US and UK underground such as Electric Flag, Chicago and Keef Hartley Band. But we must say, if bands from South Africa where not banned in Europe and USA at the time the albums by THE THIRD EYE came out, they would have become as popular and even more as the mentioned bands from USA and UK.All 3 albums are killer albums and we would not want to miss one of them. 500 numbered \/ glossy heavy sleeve \/ 180 gram pressing \/ insert\" \/>\n<meta property=\"og:url\" content=\"https:\/\/wpguerssen-test.odoo.rgbconsulting.com\/es\/producto\/brother\/\" \/>\n<meta property=\"og:site_name\" content=\"Guerssen records\" \/>\n<meta property=\"article:modified_time\" content=\"2024-06-03T16:32:42+00:00\" \/>\n<meta name=\"twitter:card\" content=\"summary_large_image\" \/>\n<meta name=\"twitter:title\" content=\"THIRD EYE, The - Brother -  (LP) | Guerssen\" \/>\n<script type=\"application\/ld+json\" class=\"yoast-schema-graph\">{\"@context\":\"https:\/\/schema.org\",\"@graph\":[{\"@type\":\"WebPage\",\"@id\":\"https:\/\/wpguerssen-test.odoo.rgbconsulting.com\/es\/producto\/brother\/\",\"url\":\"https:\/\/wpguerssen-test.odoo.rgbconsulting.com\/es\/producto\/brother\/\",\"name\":\"THIRD EYE, The - Brother - (LP) | Guerssen\",\"isPartOf\":{\"@id\":\"https:\/\/wpguerssen-test.odoo.rgbconsulting.com\/es\/#website\"},\"primaryImageOfPage\":{\"@id\":\"https:\/\/wpguerssen-test.odoo.rgbconsulting.com\/es\/producto\/brother\/#primaryimage\"},\"image\":{\"@id\":\"https:\/\/wpguerssen-test.odoo.rgbconsulting.com\/es\/producto\/brother\/#primaryimage\"},\"thumbnailUrl\":\"https:\/\/wpguerssen-test.odoo.rgbconsulting.com\/wp-content\/uploads\/2022\/03\/10362.jpg\",\"datePublished\":\"2009-06-07T22:00:00+00:00\",\"dateModified\":\"2024-06-03T16:32:42+00:00\",\"description\":\"The album BROTHER followed the same year in 1970 after SEARCHING. The music is closer to the album AWAKENING without the brass arrangements. More organ based compositions with beautiful vocals and guitars. We must mention here the amazing drumming and bass which holds the complete tracks together and drives them forwards. #nl# As musical comparison we would mention again the bands from the US and UK underground such as Electric Flag, Chicago and Keef Hartley Band. But we must say, if bands from South Africa where not banned in Europe and USA at the time the albums by THE THIRD EYE came out, they would have become as popular and even more as the mentioned bands from USA and UK.All 3 albums are killer albums and we would not want to miss one of them. 500 numbered \/ glossy heavy sleeve \/ 180 gram pressing \/ insert\",\"breadcrumb\":{\"@id\":\"https:\/\/wpguerssen-test.odoo.rgbconsulting.com\/es\/producto\/brother\/#breadcrumb\"},\"inLanguage\":\"es\",\"potentialAction\":[{\"@type\":\"ReadAction\",\"target\":[\"https:\/\/wpguerssen-test.odoo.rgbconsulting.com\/es\/producto\/brother\/\"]}]},{\"@type\":\"ImageObject\",\"inLanguage\":\"es\",\"@id\":\"https:\/\/wpguerssen-test.odoo.rgbconsulting.com\/es\/producto\/brother\/#primaryimage\",\"url\":\"https:\/\/wpguerssen-test.odoo.rgbconsulting.com\/wp-content\/uploads\/2022\/03\/10362.jpg\",\"contentUrl\":\"https:\/\/wpguerssen-test.odoo.rgbconsulting.com\/wp-content\/uploads\/2022\/03\/10362.jpg\",\"width\":282,\"height\":283,\"caption\":\"The - Brother - SHADOKS (LP) | Guerssen\"},{\"@type\":\"BreadcrumbList\",\"@id\":\"https:\/\/wpguerssen-test.odoo.rgbconsulting.com\/es\/producto\/brother\/#breadcrumb\",\"itemListElement\":[{\"@type\":\"ListItem\",\"position\":1,\"name\":\"Inicio\",\"item\":\"https:\/\/wpguerssen-test.odoo.rgbconsulting.com\/es\/\"},{\"@type\":\"ListItem\",\"position\":2,\"name\":\"Shop\",\"item\":\"https:\/\/wpguerssen-test.odoo.rgbconsulting.com\/shop\/\"},{\"@type\":\"ListItem\",\"position\":3,\"name\":\"Brother\"}]},{\"@type\":\"WebSite\",\"@id\":\"https:\/\/wpguerssen-test.odoo.rgbconsulting.com\/es\/#website\",\"url\":\"https:\/\/wpguerssen-test.odoo.rgbconsulting.com\/es\/\",\"name\":\"Guerssen records\",\"description\":\"psychedelia - progressive - folk - garage \",\"publisher\":{\"@id\":\"https:\/\/wpguerssen-test.odoo.rgbconsulting.com\/es\/#organization\"},\"potentialAction\":[{\"@type\":\"SearchAction\",\"target\":{\"@type\":\"EntryPoint\",\"urlTemplate\":\"https:\/\/wpguerssen-test.odoo.rgbconsulting.com\/es\/?s={search_term_string}\"},\"query-input\":{\"@type\":\"PropertyValueSpecification\",\"valueRequired\":true,\"valueName\":\"search_term_string\"}}],\"inLanguage\":\"es\"},{\"@type\":\"Organization\",\"@id\":\"https:\/\/wpguerssen-test.odoo.rgbconsulting.com\/es\/#organization\",\"name\":\"Guerssen records\",\"url\":\"https:\/\/wpguerssen-test.odoo.rgbconsulting.com\/es\/\",\"logo\":{\"@type\":\"ImageObject\",\"inLanguage\":\"es\",\"@id\":\"https:\/\/wpguerssen-test.odoo.rgbconsulting.com\/es\/#\/schema\/logo\/image\/\",\"url\":\"https:\/\/wpguerssen-test.odoo.rgbconsulting.com\/wp-content\/uploads\/2022\/04\/Logo_Guerssen_trans_100.png\",\"contentUrl\":\"https:\/\/wpguerssen-test.odoo.rgbconsulting.com\/wp-content\/uploads\/2022\/04\/Logo_Guerssen_trans_100.png\",\"width\":122,\"height\":100,\"caption\":\"Guerssen records\"},\"image\":{\"@id\":\"https:\/\/wpguerssen-test.odoo.rgbconsulting.com\/es\/#\/schema\/logo\/image\/\"}}]}<\/script>\n<!-- \/ Yoast SEO plugin. -->","yoast_head_json":{"title":"THIRD EYE, The - Brother -  (LP) | Guerssen","description":"The album BROTHER followed the same year in 1970 after SEARCHING. The music is closer to the album AWAKENING without the brass arrangements. More organ based compositions with beautiful vocals and guitars. We must mention here the amazing drumming and bass which holds the complete tracks together and drives them forwards. #nl# As musical comparison we would mention again the bands from the US and UK underground such as Electric Flag, Chicago and Keef Hartley Band. But we must say, if bands from South Africa where not banned in Europe and USA at the time the albums by THE THIRD EYE came out, they would have become as popular and even more as the mentioned bands from USA and UK.All 3 albums are killer albums and we would not want to miss one of them. 500 numbered \/ glossy heavy sleeve \/ 180 gram pressing \/ insert","robots":{"index":"index","follow":"follow","max-snippet":"max-snippet:-1","max-image-preview":"max-image-preview:large","max-video-preview":"max-video-preview:-1"},"canonical":"https:\/\/wpguerssen-test.odoo.rgbconsulting.com\/es\/producto\/brother\/","og_locale":"es_ES","og_type":"article","og_title":"THIRD EYE, The - Brother -  (LP) | Guerssen","og_description":"The album BROTHER followed the same year in 1970 after SEARCHING. The music is closer to the album AWAKENING without the brass arrangements. More organ based compositions with beautiful vocals and guitars. We must mention here the amazing drumming and bass which holds the complete tracks together and drives them forwards. #nl# As musical comparison we would mention again the bands from the US and UK underground such as Electric Flag, Chicago and Keef Hartley Band. But we must say, if bands from South Africa where not banned in Europe and USA at the time the albums by THE THIRD EYE came out, they would have become as popular and even more as the mentioned bands from USA and UK.All 3 albums are killer albums and we would not want to miss one of them. 500 numbered \/ glossy heavy sleeve \/ 180 gram pressing \/ insert","og_url":"https:\/\/wpguerssen-test.odoo.rgbconsulting.com\/es\/producto\/brother\/","og_site_name":"Guerssen records","article_modified_time":"2024-06-03T16:32:42+00:00","twitter_card":"summary_large_image","twitter_title":"THIRD EYE, The - Brother -  (LP) | Guerssen","schema":{"@context":"https:\/\/schema.org","@graph":[{"@type":"WebPage","@id":"https:\/\/wpguerssen-test.odoo.rgbconsulting.com\/es\/producto\/brother\/","url":"https:\/\/wpguerssen-test.odoo.rgbconsulting.com\/es\/producto\/brother\/","name":"THIRD EYE, The - Brother - (LP) | Guerssen","isPartOf":{"@id":"https:\/\/wpguerssen-test.odoo.rgbconsulting.com\/es\/#website"},"primaryImageOfPage":{"@id":"https:\/\/wpguerssen-test.odoo.rgbconsulting.com\/es\/producto\/brother\/#primaryimage"},"image":{"@id":"https:\/\/wpguerssen-test.odoo.rgbconsulting.com\/es\/producto\/brother\/#primaryimage"},"thumbnailUrl":"https:\/\/wpguerssen-test.odoo.rgbconsulting.com\/wp-content\/uploads\/2022\/03\/10362.jpg","datePublished":"2009-06-07T22:00:00+00:00","dateModified":"2024-06-03T16:32:42+00:00","description":"The album BROTHER followed the same year in 1970 after SEARCHING. The music is closer to the album AWAKENING without the brass arrangements. More organ based compositions with beautiful vocals and guitars. We must mention here the amazing drumming and bass which holds the complete tracks together and drives them forwards. #nl# As musical comparison we would mention again the bands from the US and UK underground such as Electric Flag, Chicago and Keef Hartley Band. But we must say, if bands from South Africa where not banned in Europe and USA at the time the albums by THE THIRD EYE came out, they would have become as popular and even more as the mentioned bands from USA and UK.All 3 albums are killer albums and we would not want to miss one of them. 500 numbered \/ glossy heavy sleeve \/ 180 gram pressing \/ insert","breadcrumb":{"@id":"https:\/\/wpguerssen-test.odoo.rgbconsulting.com\/es\/producto\/brother\/#breadcrumb"},"inLanguage":"es","potentialAction":[{"@type":"ReadAction","target":["https:\/\/wpguerssen-test.odoo.rgbconsulting.com\/es\/producto\/brother\/"]}]},{"@type":"ImageObject","inLanguage":"es","@id":"https:\/\/wpguerssen-test.odoo.rgbconsulting.com\/es\/producto\/brother\/#primaryimage","url":"https:\/\/wpguerssen-test.odoo.rgbconsulting.com\/wp-content\/uploads\/2022\/03\/10362.jpg","contentUrl":"https:\/\/wpguerssen-test.odoo.rgbconsulting.com\/wp-content\/uploads\/2022\/03\/10362.jpg","width":282,"height":283,"caption":"The - Brother - SHADOKS (LP) | Guerssen"},{"@type":"BreadcrumbList","@id":"https:\/\/wpguerssen-test.odoo.rgbconsulting.com\/es\/producto\/brother\/#breadcrumb","itemListElement":[{"@type":"ListItem","position":1,"name":"Inicio","item":"https:\/\/wpguerssen-test.odoo.rgbconsulting.com\/es\/"},{"@type":"ListItem","position":2,"name":"Shop","item":"https:\/\/wpguerssen-test.odoo.rgbconsulting.com\/shop\/"},{"@type":"ListItem","position":3,"name":"Brother"}]},{"@type":"WebSite","@id":"https:\/\/wpguerssen-test.odoo.rgbconsulting.com\/es\/#website","url":"https:\/\/wpguerssen-test.odoo.rgbconsulting.com\/es\/","name":"Guerssen records","description":"psychedelia - progressive - folk - garage ","publisher":{"@id":"https:\/\/wpguerssen-test.odoo.rgbconsulting.com\/es\/#organization"},"potentialAction":[{"@type":"SearchAction","target":{"@type":"EntryPoint","urlTemplate":"https:\/\/wpguerssen-test.odoo.rgbconsulting.com\/es\/?s={search_term_string}"},"query-input":{"@type":"PropertyValueSpecification","valueRequired":true,"valueName":"search_term_string"}}],"inLanguage":"es"},{"@type":"Organization","@id":"https:\/\/wpguerssen-test.odoo.rgbconsulting.com\/es\/#organization","name":"Guerssen records","url":"https:\/\/wpguerssen-test.odoo.rgbconsulting.com\/es\/","logo":{"@type":"ImageObject","inLanguage":"es","@id":"https:\/\/wpguerssen-test.odoo.rgbconsulting.com\/es\/#\/schema\/logo\/image\/","url":"https:\/\/wpguerssen-test.odoo.rgbconsulting.com\/wp-content\/uploads\/2022\/04\/Logo_Guerssen_trans_100.png","contentUrl":"https:\/\/wpguerssen-test.odoo.rgbconsulting.com\/wp-content\/uploads\/2022\/04\/Logo_Guerssen_trans_100.png","width":122,"height":100,"caption":"Guerssen records"},"image":{"@id":"https:\/\/wpguerssen-test.odoo.rgbconsulting.com\/es\/#\/schema\/logo\/image\/"}}]}},"_links":{"self":[{"href":"https:\/\/wpguerssen-test.odoo.rgbconsulting.com\/es\/wp-json\/wp\/v2\/product\/177692","targetHints":{"allow":["GET"]}}],"collection":[{"href":"https:\/\/wpguerssen-test.odoo.rgbconsulting.com\/es\/wp-json\/wp\/v2\/product"}],"about":[{"href":"https:\/\/wpguerssen-test.odoo.rgbconsulting.com\/es\/wp-json\/wp\/v2\/types\/product"}],"wp:featuredmedia":[{"embeddable":true,"href":"https:\/\/wpguerssen-test.odoo.rgbconsulting.com\/es\/wp-json\/wp\/v2\/media\/111824"}],"wp:attachment":[{"href":"https:\/\/wpguerssen-test.odoo.rgbconsulting.com\/es\/wp-json\/wp\/v2\/media?parent=177692"}],"wp:term":[{"taxonomy":"product_brand","embeddable":true,"href":"https:\/\/wpguerssen-test.odoo.rgbconsulting.com\/es\/wp-json\/wp\/v2\/product_brand?post=177692"},{"taxonomy":"product_cat","embeddable":true,"href":"https:\/\/wpguerssen-test.odoo.rgbconsulting.com\/es\/wp-json\/wp\/v2\/product_cat?post=177692"},{"taxonomy":"product_tag","embeddable":true,"href":"https:\/\/wpguerssen-test.odoo.rgbconsulting.com\/es\/wp-json\/wp\/v2\/product_tag?post=177692"}],"curies":[{"name":"wp","href":"https:\/\/api.w.org\/{rel}","templated":true}]}}