{"id":177700,"date":"2009-05-27T00:00:00","date_gmt":"2009-05-26T22:00:00","guid":{"rendered":"http:\/\/guerssen.hl1097.dinaserver.com\/product\/artificial-faces-cd\/"},"modified":"2025-01-31T13:53:02","modified_gmt":"2025-01-31T12:53:02","slug":"artificial-faces-cd","status":"publish","type":"product","link":"https:\/\/wpguerssen-test.odoo.rgbconsulting.com\/es\/producto\/artificial-faces-cd\/","title":{"rendered":"Artificial faces (CD)"},"content":{"rendered":"<p>Primero fue \u00abNeurotic Reactions\u00bb, luego \u00abSome Songs Stuck In My Mind\u00bb&#8230;y ahora llega \u00abArtificial Faces\u00bb!! Subtitulada \u00abMutant freak-a-delic sounds for the now psych generation\u00bb, esta es otra ecl\u00e9ctica recopilaci\u00f3n en uno de lo sellos m\u00e1s excitantes actuales. 16 temas underground 60s\/70s de baile: psicodelia, garage-freakbeat, funky-rock grooves&#8230;como siempre, repleto de fuzz, Hammond, breaks de bater\u00eda&#8230;Con bandas y cantantes de USA, Francia, Sudam\u00e9rica&#8230;Incluye sonidos electro-psicod\u00e9licos por ERASMO CARLOS, garage ye-ye espa\u00f1ol por SONIA, freakbeat franc\u00e9s por BRYAN DUNKETTLE y BERNARD JAMET, garage-psych en onda Elevators por THE HOBBITS, soul-freakbeat por NINO BRAVO, el temazo funk-fuzz de (ejem!) CAMILO SESTO, psicodelia llena de phasing por GIANT CRAB y m\u00e1s! Sonido remasterizado, libreto a color con notas y fotos.<Br><br \/>Tracklist: GIANT CRAB: E.S.P \/  ERASMO CARLOS: Agora ningu\u00e9m chora mais \/ PACIFIC OCEAN: I can&#8217;t stand it  \/  NINO BRAVO: Te amar\u00e9  \/ ENCHANTED FOREST: The word is love  \/  JOHN WONDERLING: Midway down \/  THE HOBBITS: Artificial face \/   CAMELEON: Le chemin de la descente  \/  BRYAN DUNKETTLE : I don&#8217;t follow war no more  \/  BERNARD JAMET: Raison l\u00e9gale  \/  EDUARDO ARAUJO: Nem sim nem nao  \/  SONIA: Aqu\u00ed en mi nube \/  FABULOUS FARQUAHR: Nite people  \/  THE BAG: Red, purple &#038; blue  \/  SKINS: Equiana  \/  CAMILO SESTO: To be a man<\/p>\n","protected":false},"excerpt":{"rendered":"<p>Primero fue \u00abNeurotic Reactions\u00bb, luego \u00abSome Songs Stuck In My Mind\u00bb&#8230;y ahora llega \u00abArtificial Faces\u00bb!! Subtitulada \u00abMutant freak-a-delic sounds for<a class=\"read\" href=\"https:\/\/wpguerssen-test.odoo.rgbconsulting.com\/es\/producto\/artificial-faces-cd\/\"> (...)<\/a>","protected":false},"featured_media":111847,"template":"","meta":{"_acf_changed":false},"product_brand":[],"product_cat":[23281,21639],"product_tag":[24190],"class_list":{"0":"post-177700","1":"product","2":"type-product","3":"status-publish","4":"has-post-thumbnail","6":"product_cat-garagebeatrnb60-70-es","7":"product_cat-psychedelic60s-70s-es","8":"product_tag-sales-es","9":"pa_artist-various-artists-es","10":"pa_format-cd-2-es","11":"pa_gender-garagebeatrnb60-70-psychedelic60s-70s","12":"pa_label-crazy-apple-boutique","13":"pa_location-europe-es","15":"first","16":"instock","17":"taxable","18":"shipping-taxable","19":"purchasable","20":"product-type-simple"},"acf":[],"yoast_head":"<!-- This site is optimized with the Yoast SEO plugin v24.9 - https:\/\/yoast.com\/wordpress\/plugins\/seo\/ -->\n<title>VARIOUS ARTISTS - Artificial faces (CD) -  (CD) | Guerssen<\/title>\n<meta name=\"description\" content=\"First was &quot;Neurotic Reactions&quot;, then &quot;Some Songs Stuck In My Mind&quot; and now it&#039;s &quot;Artificial Faces&quot;!! One of the most exciting and higher quality compilation labels is back with another eclectic comp featuring 16 underground dancefloor tracks from the late 60s \/ early 70s. #nl# Groovy psychedelia, freakbeat, garage, hard funky-rock grooves...you can expect the usual dose of fuzz guitars, Hammond organs, drum breaks and psychedelic effects!! Including bands and artists from USA, South America, France, Spain... #nl# Listen to the crazy electro-psych sounds from ERASMO CARLOS, Elevators influenced garage-psych by THE HOBBITS, female garage by SONIA and ENCHANTED FOREST, Spanish soul-freakbeat by NINO BRAVO, JOHN WONDERLING with the original pop-sike version of &quot;Midway Down&quot;, later popularised by The Creation, heavy phasing-psych by GIANT CRAB, brazilian fuzz-freakbeat by EDUARDO ARAUJO, hard psychedelic grooves by SKINS, THE BAG... and more! #nl# Fully remastered sound, great artwork, booklet with detailed liner notes and pictures. #nl# Tracklist: GIANT CRAB: E.S.P \/ ERASMO CARLOS: Agora ningu\u00e9m chora mais \/ PACIFIC OCEAN: I can&#039;t stand it \/ NINO BRAVO: Te amar\u00e9 \/ ENCHANTED FOREST: The word is love \/ JOHN WONDERLING: Midway down \/ THE HOBBITS: Artificial face \/ CAMELEON: Le chemin de la descente \/ BRYAN DUNKETTLE : I don&#039;t follow war no more \/ BERNARD JAMET: Raison l\u00e9gale \/ EDUARDO ARAUJO: Nem sim nem nao \/ SONIA: Aqu\u00ed en mi nube \/ FABULOUS FARQUAHR: Nite people \/ THE BAG: Red, purple &amp; blue \/ SKINS: Equiana \/ CAMILO SESTO: To be a man\" \/>\n<meta name=\"robots\" content=\"index, follow, max-snippet:-1, max-image-preview:large, max-video-preview:-1\" \/>\n<link rel=\"canonical\" href=\"https:\/\/wpguerssen-test.odoo.rgbconsulting.com\/es\/producto\/artificial-faces-cd\/\" \/>\n<meta property=\"og:locale\" content=\"es_ES\" \/>\n<meta property=\"og:type\" content=\"article\" \/>\n<meta property=\"og:title\" content=\"VARIOUS ARTISTS - Artificial faces (CD) -  (CD) | Guerssen\" \/>\n<meta property=\"og:description\" content=\"First was &quot;Neurotic Reactions&quot;, then &quot;Some Songs Stuck In My Mind&quot; and now it&#039;s &quot;Artificial Faces&quot;!! One of the most exciting and higher quality compilation labels is back with another eclectic comp featuring 16 underground dancefloor tracks from the late 60s \/ early 70s. #nl# Groovy psychedelia, freakbeat, garage, hard funky-rock grooves...you can expect the usual dose of fuzz guitars, Hammond organs, drum breaks and psychedelic effects!! Including bands and artists from USA, South America, France, Spain... #nl# Listen to the crazy electro-psych sounds from ERASMO CARLOS, Elevators influenced garage-psych by THE HOBBITS, female garage by SONIA and ENCHANTED FOREST, Spanish soul-freakbeat by NINO BRAVO, JOHN WONDERLING with the original pop-sike version of &quot;Midway Down&quot;, later popularised by The Creation, heavy phasing-psych by GIANT CRAB, brazilian fuzz-freakbeat by EDUARDO ARAUJO, hard psychedelic grooves by SKINS, THE BAG... and more! #nl# Fully remastered sound, great artwork, booklet with detailed liner notes and pictures. #nl# Tracklist: GIANT CRAB: E.S.P \/ ERASMO CARLOS: Agora ningu\u00e9m chora mais \/ PACIFIC OCEAN: I can&#039;t stand it \/ NINO BRAVO: Te amar\u00e9 \/ ENCHANTED FOREST: The word is love \/ JOHN WONDERLING: Midway down \/ THE HOBBITS: Artificial face \/ CAMELEON: Le chemin de la descente \/ BRYAN DUNKETTLE : I don&#039;t follow war no more \/ BERNARD JAMET: Raison l\u00e9gale \/ EDUARDO ARAUJO: Nem sim nem nao \/ SONIA: Aqu\u00ed en mi nube \/ FABULOUS FARQUAHR: Nite people \/ THE BAG: Red, purple &amp; blue \/ SKINS: Equiana \/ CAMILO SESTO: To be a man\" \/>\n<meta property=\"og:url\" content=\"https:\/\/wpguerssen-test.odoo.rgbconsulting.com\/es\/producto\/artificial-faces-cd\/\" \/>\n<meta property=\"og:site_name\" content=\"Guerssen records\" \/>\n<meta property=\"article:modified_time\" content=\"2025-01-31T12:53:02+00:00\" \/>\n<meta name=\"twitter:card\" content=\"summary_large_image\" \/>\n<meta name=\"twitter:title\" content=\"VARIOUS ARTISTS - Artificial faces (CD) -  (CD) | Guerssen\" \/>\n<meta name=\"twitter:label1\" content=\"Tiempo de lectura\" \/>\n\t<meta name=\"twitter:data1\" content=\"1 minuto\" \/>\n<script type=\"application\/ld+json\" class=\"yoast-schema-graph\">{\"@context\":\"https:\/\/schema.org\",\"@graph\":[{\"@type\":\"WebPage\",\"@id\":\"https:\/\/wpguerssen-test.odoo.rgbconsulting.com\/es\/producto\/artificial-faces-cd\/\",\"url\":\"https:\/\/wpguerssen-test.odoo.rgbconsulting.com\/es\/producto\/artificial-faces-cd\/\",\"name\":\"VARIOUS ARTISTS - Artificial faces (CD) - (CD) | Guerssen\",\"isPartOf\":{\"@id\":\"https:\/\/wpguerssen-test.odoo.rgbconsulting.com\/es\/#website\"},\"primaryImageOfPage\":{\"@id\":\"https:\/\/wpguerssen-test.odoo.rgbconsulting.com\/es\/producto\/artificial-faces-cd\/#primaryimage\"},\"image\":{\"@id\":\"https:\/\/wpguerssen-test.odoo.rgbconsulting.com\/es\/producto\/artificial-faces-cd\/#primaryimage\"},\"thumbnailUrl\":\"https:\/\/wpguerssen-test.odoo.rgbconsulting.com\/wp-content\/uploads\/2022\/03\/10416.jpg\",\"datePublished\":\"2009-05-26T22:00:00+00:00\",\"dateModified\":\"2025-01-31T12:53:02+00:00\",\"description\":\"First was \\\"Neurotic Reactions\\\", then \\\"Some Songs Stuck In My Mind\\\" and now it's \\\"Artificial Faces\\\"!! One of the most exciting and higher quality compilation labels is back with another eclectic comp featuring 16 underground dancefloor tracks from the late 60s \/ early 70s. #nl# Groovy psychedelia, freakbeat, garage, hard funky-rock grooves...you can expect the usual dose of fuzz guitars, Hammond organs, drum breaks and psychedelic effects!! Including bands and artists from USA, South America, France, Spain... #nl# Listen to the crazy electro-psych sounds from ERASMO CARLOS, Elevators influenced garage-psych by THE HOBBITS, female garage by SONIA and ENCHANTED FOREST, Spanish soul-freakbeat by NINO BRAVO, JOHN WONDERLING with the original pop-sike version of \\\"Midway Down\\\", later popularised by The Creation, heavy phasing-psych by GIANT CRAB, brazilian fuzz-freakbeat by EDUARDO ARAUJO, hard psychedelic grooves by SKINS, THE BAG... and more! #nl# Fully remastered sound, great artwork, booklet with detailed liner notes and pictures. #nl# Tracklist: GIANT CRAB: E.S.P \/ ERASMO CARLOS: Agora ningu\u00e9m chora mais \/ PACIFIC OCEAN: I can't stand it \/ NINO BRAVO: Te amar\u00e9 \/ ENCHANTED FOREST: The word is love \/ JOHN WONDERLING: Midway down \/ THE HOBBITS: Artificial face \/ CAMELEON: Le chemin de la descente \/ BRYAN DUNKETTLE : I don't follow war no more \/ BERNARD JAMET: Raison l\u00e9gale \/ EDUARDO ARAUJO: Nem sim nem nao \/ SONIA: Aqu\u00ed en mi nube \/ FABULOUS FARQUAHR: Nite people \/ THE BAG: Red, purple & blue \/ SKINS: Equiana \/ CAMILO SESTO: To be a man\",\"breadcrumb\":{\"@id\":\"https:\/\/wpguerssen-test.odoo.rgbconsulting.com\/es\/producto\/artificial-faces-cd\/#breadcrumb\"},\"inLanguage\":\"es\",\"potentialAction\":[{\"@type\":\"ReadAction\",\"target\":[\"https:\/\/wpguerssen-test.odoo.rgbconsulting.com\/es\/producto\/artificial-faces-cd\/\"]}]},{\"@type\":\"ImageObject\",\"inLanguage\":\"es\",\"@id\":\"https:\/\/wpguerssen-test.odoo.rgbconsulting.com\/es\/producto\/artificial-faces-cd\/#primaryimage\",\"url\":\"https:\/\/wpguerssen-test.odoo.rgbconsulting.com\/wp-content\/uploads\/2022\/03\/10416.jpg\",\"contentUrl\":\"https:\/\/wpguerssen-test.odoo.rgbconsulting.com\/wp-content\/uploads\/2022\/03\/10416.jpg\",\"width\":500,\"height\":500,\"caption\":\"VARIOUS ARTISTS - Artificial faces (CD) - CRAZY APPLE BOUTIQUE (CD) | Guerssen\"},{\"@type\":\"BreadcrumbList\",\"@id\":\"https:\/\/wpguerssen-test.odoo.rgbconsulting.com\/es\/producto\/artificial-faces-cd\/#breadcrumb\",\"itemListElement\":[{\"@type\":\"ListItem\",\"position\":1,\"name\":\"Inicio\",\"item\":\"https:\/\/wpguerssen-test.odoo.rgbconsulting.com\/es\/\"},{\"@type\":\"ListItem\",\"position\":2,\"name\":\"Shop\",\"item\":\"https:\/\/wpguerssen-test.odoo.rgbconsulting.com\/shop\/\"},{\"@type\":\"ListItem\",\"position\":3,\"name\":\"Artificial faces (CD)\"}]},{\"@type\":\"WebSite\",\"@id\":\"https:\/\/wpguerssen-test.odoo.rgbconsulting.com\/es\/#website\",\"url\":\"https:\/\/wpguerssen-test.odoo.rgbconsulting.com\/es\/\",\"name\":\"Guerssen records\",\"description\":\"psychedelia - progressive - folk - garage \",\"publisher\":{\"@id\":\"https:\/\/wpguerssen-test.odoo.rgbconsulting.com\/es\/#organization\"},\"potentialAction\":[{\"@type\":\"SearchAction\",\"target\":{\"@type\":\"EntryPoint\",\"urlTemplate\":\"https:\/\/wpguerssen-test.odoo.rgbconsulting.com\/es\/?s={search_term_string}\"},\"query-input\":{\"@type\":\"PropertyValueSpecification\",\"valueRequired\":true,\"valueName\":\"search_term_string\"}}],\"inLanguage\":\"es\"},{\"@type\":\"Organization\",\"@id\":\"https:\/\/wpguerssen-test.odoo.rgbconsulting.com\/es\/#organization\",\"name\":\"Guerssen records\",\"url\":\"https:\/\/wpguerssen-test.odoo.rgbconsulting.com\/es\/\",\"logo\":{\"@type\":\"ImageObject\",\"inLanguage\":\"es\",\"@id\":\"https:\/\/wpguerssen-test.odoo.rgbconsulting.com\/es\/#\/schema\/logo\/image\/\",\"url\":\"https:\/\/wpguerssen-test.odoo.rgbconsulting.com\/wp-content\/uploads\/2022\/04\/Logo_Guerssen_trans_100.png\",\"contentUrl\":\"https:\/\/wpguerssen-test.odoo.rgbconsulting.com\/wp-content\/uploads\/2022\/04\/Logo_Guerssen_trans_100.png\",\"width\":122,\"height\":100,\"caption\":\"Guerssen records\"},\"image\":{\"@id\":\"https:\/\/wpguerssen-test.odoo.rgbconsulting.com\/es\/#\/schema\/logo\/image\/\"}}]}<\/script>\n<!-- \/ Yoast SEO plugin. -->","yoast_head_json":{"title":"VARIOUS ARTISTS - Artificial faces (CD) -  (CD) | Guerssen","description":"First was \"Neurotic Reactions\", then \"Some Songs Stuck In My Mind\" and now it's \"Artificial Faces\"!! One of the most exciting and higher quality compilation labels is back with another eclectic comp featuring 16 underground dancefloor tracks from the late 60s \/ early 70s. #nl# Groovy psychedelia, freakbeat, garage, hard funky-rock grooves...you can expect the usual dose of fuzz guitars, Hammond organs, drum breaks and psychedelic effects!! Including bands and artists from USA, South America, France, Spain... #nl# Listen to the crazy electro-psych sounds from ERASMO CARLOS, Elevators influenced garage-psych by THE HOBBITS, female garage by SONIA and ENCHANTED FOREST, Spanish soul-freakbeat by NINO BRAVO, JOHN WONDERLING with the original pop-sike version of \"Midway Down\", later popularised by The Creation, heavy phasing-psych by GIANT CRAB, brazilian fuzz-freakbeat by EDUARDO ARAUJO, hard psychedelic grooves by SKINS, THE BAG... and more! #nl# Fully remastered sound, great artwork, booklet with detailed liner notes and pictures. #nl# Tracklist: GIANT CRAB: E.S.P \/ ERASMO CARLOS: Agora ningu\u00e9m chora mais \/ PACIFIC OCEAN: I can't stand it \/ NINO BRAVO: Te amar\u00e9 \/ ENCHANTED FOREST: The word is love \/ JOHN WONDERLING: Midway down \/ THE HOBBITS: Artificial face \/ CAMELEON: Le chemin de la descente \/ BRYAN DUNKETTLE : I don't follow war no more \/ BERNARD JAMET: Raison l\u00e9gale \/ EDUARDO ARAUJO: Nem sim nem nao \/ SONIA: Aqu\u00ed en mi nube \/ FABULOUS FARQUAHR: Nite people \/ THE BAG: Red, purple & blue \/ SKINS: Equiana \/ CAMILO SESTO: To be a man","robots":{"index":"index","follow":"follow","max-snippet":"max-snippet:-1","max-image-preview":"max-image-preview:large","max-video-preview":"max-video-preview:-1"},"canonical":"https:\/\/wpguerssen-test.odoo.rgbconsulting.com\/es\/producto\/artificial-faces-cd\/","og_locale":"es_ES","og_type":"article","og_title":"VARIOUS ARTISTS - Artificial faces (CD) -  (CD) | Guerssen","og_description":"First was \"Neurotic Reactions\", then \"Some Songs Stuck In My Mind\" and now it's \"Artificial Faces\"!! One of the most exciting and higher quality compilation labels is back with another eclectic comp featuring 16 underground dancefloor tracks from the late 60s \/ early 70s. #nl# Groovy psychedelia, freakbeat, garage, hard funky-rock grooves...you can expect the usual dose of fuzz guitars, Hammond organs, drum breaks and psychedelic effects!! Including bands and artists from USA, South America, France, Spain... #nl# Listen to the crazy electro-psych sounds from ERASMO CARLOS, Elevators influenced garage-psych by THE HOBBITS, female garage by SONIA and ENCHANTED FOREST, Spanish soul-freakbeat by NINO BRAVO, JOHN WONDERLING with the original pop-sike version of \"Midway Down\", later popularised by The Creation, heavy phasing-psych by GIANT CRAB, brazilian fuzz-freakbeat by EDUARDO ARAUJO, hard psychedelic grooves by SKINS, THE BAG... and more! #nl# Fully remastered sound, great artwork, booklet with detailed liner notes and pictures. #nl# Tracklist: GIANT CRAB: E.S.P \/ ERASMO CARLOS: Agora ningu\u00e9m chora mais \/ PACIFIC OCEAN: I can't stand it \/ NINO BRAVO: Te amar\u00e9 \/ ENCHANTED FOREST: The word is love \/ JOHN WONDERLING: Midway down \/ THE HOBBITS: Artificial face \/ CAMELEON: Le chemin de la descente \/ BRYAN DUNKETTLE : I don't follow war no more \/ BERNARD JAMET: Raison l\u00e9gale \/ EDUARDO ARAUJO: Nem sim nem nao \/ SONIA: Aqu\u00ed en mi nube \/ FABULOUS FARQUAHR: Nite people \/ THE BAG: Red, purple & blue \/ SKINS: Equiana \/ CAMILO SESTO: To be a man","og_url":"https:\/\/wpguerssen-test.odoo.rgbconsulting.com\/es\/producto\/artificial-faces-cd\/","og_site_name":"Guerssen records","article_modified_time":"2025-01-31T12:53:02+00:00","twitter_card":"summary_large_image","twitter_title":"VARIOUS ARTISTS - Artificial faces (CD) -  (CD) | Guerssen","twitter_misc":{"Tiempo de lectura":"1 minuto"},"schema":{"@context":"https:\/\/schema.org","@graph":[{"@type":"WebPage","@id":"https:\/\/wpguerssen-test.odoo.rgbconsulting.com\/es\/producto\/artificial-faces-cd\/","url":"https:\/\/wpguerssen-test.odoo.rgbconsulting.com\/es\/producto\/artificial-faces-cd\/","name":"VARIOUS ARTISTS - Artificial faces (CD) - (CD) | Guerssen","isPartOf":{"@id":"https:\/\/wpguerssen-test.odoo.rgbconsulting.com\/es\/#website"},"primaryImageOfPage":{"@id":"https:\/\/wpguerssen-test.odoo.rgbconsulting.com\/es\/producto\/artificial-faces-cd\/#primaryimage"},"image":{"@id":"https:\/\/wpguerssen-test.odoo.rgbconsulting.com\/es\/producto\/artificial-faces-cd\/#primaryimage"},"thumbnailUrl":"https:\/\/wpguerssen-test.odoo.rgbconsulting.com\/wp-content\/uploads\/2022\/03\/10416.jpg","datePublished":"2009-05-26T22:00:00+00:00","dateModified":"2025-01-31T12:53:02+00:00","description":"First was \"Neurotic Reactions\", then \"Some Songs Stuck In My Mind\" and now it's \"Artificial Faces\"!! One of the most exciting and higher quality compilation labels is back with another eclectic comp featuring 16 underground dancefloor tracks from the late 60s \/ early 70s. #nl# Groovy psychedelia, freakbeat, garage, hard funky-rock grooves...you can expect the usual dose of fuzz guitars, Hammond organs, drum breaks and psychedelic effects!! Including bands and artists from USA, South America, France, Spain... #nl# Listen to the crazy electro-psych sounds from ERASMO CARLOS, Elevators influenced garage-psych by THE HOBBITS, female garage by SONIA and ENCHANTED FOREST, Spanish soul-freakbeat by NINO BRAVO, JOHN WONDERLING with the original pop-sike version of \"Midway Down\", later popularised by The Creation, heavy phasing-psych by GIANT CRAB, brazilian fuzz-freakbeat by EDUARDO ARAUJO, hard psychedelic grooves by SKINS, THE BAG... and more! #nl# Fully remastered sound, great artwork, booklet with detailed liner notes and pictures. #nl# Tracklist: GIANT CRAB: E.S.P \/ ERASMO CARLOS: Agora ningu\u00e9m chora mais \/ PACIFIC OCEAN: I can't stand it \/ NINO BRAVO: Te amar\u00e9 \/ ENCHANTED FOREST: The word is love \/ JOHN WONDERLING: Midway down \/ THE HOBBITS: Artificial face \/ CAMELEON: Le chemin de la descente \/ BRYAN DUNKETTLE : I don't follow war no more \/ BERNARD JAMET: Raison l\u00e9gale \/ EDUARDO ARAUJO: Nem sim nem nao \/ SONIA: Aqu\u00ed en mi nube \/ FABULOUS FARQUAHR: Nite people \/ THE BAG: Red, purple & blue \/ SKINS: Equiana \/ CAMILO SESTO: To be a man","breadcrumb":{"@id":"https:\/\/wpguerssen-test.odoo.rgbconsulting.com\/es\/producto\/artificial-faces-cd\/#breadcrumb"},"inLanguage":"es","potentialAction":[{"@type":"ReadAction","target":["https:\/\/wpguerssen-test.odoo.rgbconsulting.com\/es\/producto\/artificial-faces-cd\/"]}]},{"@type":"ImageObject","inLanguage":"es","@id":"https:\/\/wpguerssen-test.odoo.rgbconsulting.com\/es\/producto\/artificial-faces-cd\/#primaryimage","url":"https:\/\/wpguerssen-test.odoo.rgbconsulting.com\/wp-content\/uploads\/2022\/03\/10416.jpg","contentUrl":"https:\/\/wpguerssen-test.odoo.rgbconsulting.com\/wp-content\/uploads\/2022\/03\/10416.jpg","width":500,"height":500,"caption":"VARIOUS ARTISTS - Artificial faces (CD) - CRAZY APPLE BOUTIQUE (CD) | Guerssen"},{"@type":"BreadcrumbList","@id":"https:\/\/wpguerssen-test.odoo.rgbconsulting.com\/es\/producto\/artificial-faces-cd\/#breadcrumb","itemListElement":[{"@type":"ListItem","position":1,"name":"Inicio","item":"https:\/\/wpguerssen-test.odoo.rgbconsulting.com\/es\/"},{"@type":"ListItem","position":2,"name":"Shop","item":"https:\/\/wpguerssen-test.odoo.rgbconsulting.com\/shop\/"},{"@type":"ListItem","position":3,"name":"Artificial faces (CD)"}]},{"@type":"WebSite","@id":"https:\/\/wpguerssen-test.odoo.rgbconsulting.com\/es\/#website","url":"https:\/\/wpguerssen-test.odoo.rgbconsulting.com\/es\/","name":"Guerssen records","description":"psychedelia - progressive - folk - garage ","publisher":{"@id":"https:\/\/wpguerssen-test.odoo.rgbconsulting.com\/es\/#organization"},"potentialAction":[{"@type":"SearchAction","target":{"@type":"EntryPoint","urlTemplate":"https:\/\/wpguerssen-test.odoo.rgbconsulting.com\/es\/?s={search_term_string}"},"query-input":{"@type":"PropertyValueSpecification","valueRequired":true,"valueName":"search_term_string"}}],"inLanguage":"es"},{"@type":"Organization","@id":"https:\/\/wpguerssen-test.odoo.rgbconsulting.com\/es\/#organization","name":"Guerssen records","url":"https:\/\/wpguerssen-test.odoo.rgbconsulting.com\/es\/","logo":{"@type":"ImageObject","inLanguage":"es","@id":"https:\/\/wpguerssen-test.odoo.rgbconsulting.com\/es\/#\/schema\/logo\/image\/","url":"https:\/\/wpguerssen-test.odoo.rgbconsulting.com\/wp-content\/uploads\/2022\/04\/Logo_Guerssen_trans_100.png","contentUrl":"https:\/\/wpguerssen-test.odoo.rgbconsulting.com\/wp-content\/uploads\/2022\/04\/Logo_Guerssen_trans_100.png","width":122,"height":100,"caption":"Guerssen records"},"image":{"@id":"https:\/\/wpguerssen-test.odoo.rgbconsulting.com\/es\/#\/schema\/logo\/image\/"}}]}},"_links":{"self":[{"href":"https:\/\/wpguerssen-test.odoo.rgbconsulting.com\/es\/wp-json\/wp\/v2\/product\/177700","targetHints":{"allow":["GET"]}}],"collection":[{"href":"https:\/\/wpguerssen-test.odoo.rgbconsulting.com\/es\/wp-json\/wp\/v2\/product"}],"about":[{"href":"https:\/\/wpguerssen-test.odoo.rgbconsulting.com\/es\/wp-json\/wp\/v2\/types\/product"}],"wp:featuredmedia":[{"embeddable":true,"href":"https:\/\/wpguerssen-test.odoo.rgbconsulting.com\/es\/wp-json\/wp\/v2\/media\/111847"}],"wp:attachment":[{"href":"https:\/\/wpguerssen-test.odoo.rgbconsulting.com\/es\/wp-json\/wp\/v2\/media?parent=177700"}],"wp:term":[{"taxonomy":"product_brand","embeddable":true,"href":"https:\/\/wpguerssen-test.odoo.rgbconsulting.com\/es\/wp-json\/wp\/v2\/product_brand?post=177700"},{"taxonomy":"product_cat","embeddable":true,"href":"https:\/\/wpguerssen-test.odoo.rgbconsulting.com\/es\/wp-json\/wp\/v2\/product_cat?post=177700"},{"taxonomy":"product_tag","embeddable":true,"href":"https:\/\/wpguerssen-test.odoo.rgbconsulting.com\/es\/wp-json\/wp\/v2\/product_tag?post=177700"}],"curies":[{"name":"wp","href":"https:\/\/api.w.org\/{rel}","templated":true}]}}