{"id":177705,"date":"2009-06-04T00:00:00","date_gmt":"2009-06-03T22:00:00","guid":{"rendered":"http:\/\/guerssen.hl1097.dinaserver.com\/product\/musica-urbana\/"},"modified":"2025-03-03T15:15:15","modified_gmt":"2025-03-03T14:15:15","slug":"musica-urbana","status":"publish","type":"product","link":"https:\/\/wpguerssen-test.odoo.rgbconsulting.com\/es\/producto\/musica-urbana\/","title":{"rendered":"M\u00fasica Urbana"},"content":{"rendered":"<p>Jazz rock layetano, uno de sus grupos m\u00e1s representativos, con dos ex-M\u00e1quina. Este es su primer \u00e1lbum, de 1976.<\/p>\n","protected":false},"excerpt":{"rendered":"<p>Jazz rock layetano, uno de sus grupos m\u00e1s representativos, con dos ex-M\u00e1quina. Este es su primer \u00e1lbum, de 1976.<\/p>\n","protected":false},"featured_media":111866,"template":"","meta":{"_acf_changed":false},"product_brand":[],"product_cat":[23229],"product_tag":[],"class_list":{"0":"post-177705","1":"product","2":"type-product","3":"status-publish","4":"has-post-thumbnail","6":"product_cat-jazz-rock-es","7":"pa_artist-musica-urbana-es","8":"pa_format-cd-2-es","9":"pa_gender-jazz-rock","10":"pa_label-picap","11":"pa_location-spain-es","13":"first","14":"instock","15":"taxable","16":"shipping-taxable","17":"purchasable","18":"product-type-simple"},"acf":[],"yoast_head":"<!-- This site is optimized with the Yoast SEO plugin v24.9 - https:\/\/yoast.com\/wordpress\/plugins\/seo\/ -->\n<title>MUSICA URBANA - M\u00fasica Urbana -  (CD) | Guerssen<\/title>\n<meta name=\"description\" content=\"This Catalan outfit was founded by two original Maquina! members, Enric Herrera and Luigi Cabanach, in 1975, together with Carles Benavent and Joan Albert Amarg\u00f3s, who actually wrote all these compositions. This is their debut album, from 1976, originally on the Edigsa-Zeleste label. Brilliant jazz-rock and one of the top names in the so called &quot;Rock Laiet\u00e0&quot; scene formed in Barcelona at the time.\" \/>\n<meta name=\"robots\" content=\"index, follow, max-snippet:-1, max-image-preview:large, max-video-preview:-1\" \/>\n<link rel=\"canonical\" href=\"https:\/\/wpguerssen-test.odoo.rgbconsulting.com\/es\/producto\/musica-urbana\/\" \/>\n<meta property=\"og:locale\" content=\"es_ES\" \/>\n<meta property=\"og:type\" content=\"article\" \/>\n<meta property=\"og:title\" content=\"MUSICA URBANA - M\u00fasica Urbana -  (CD) | Guerssen\" \/>\n<meta property=\"og:description\" content=\"This Catalan outfit was founded by two original Maquina! members, Enric Herrera and Luigi Cabanach, in 1975, together with Carles Benavent and Joan Albert Amarg\u00f3s, who actually wrote all these compositions. This is their debut album, from 1976, originally on the Edigsa-Zeleste label. Brilliant jazz-rock and one of the top names in the so called &quot;Rock Laiet\u00e0&quot; scene formed in Barcelona at the time.\" \/>\n<meta property=\"og:url\" content=\"https:\/\/wpguerssen-test.odoo.rgbconsulting.com\/es\/producto\/musica-urbana\/\" \/>\n<meta property=\"og:site_name\" content=\"Guerssen records\" \/>\n<meta property=\"article:modified_time\" content=\"2025-03-03T14:15:15+00:00\" \/>\n<meta property=\"og:image\" content=\"https:\/\/wpguerssen-test.odoo.rgbconsulting.com\/wp-content\/uploads\/2022\/03\/10450.jpg\" \/>\n\t<meta property=\"og:image:width\" content=\"118\" \/>\n\t<meta property=\"og:image:height\" content=\"114\" \/>\n\t<meta property=\"og:image:type\" content=\"image\/jpeg\" \/>\n<meta name=\"twitter:card\" content=\"summary_large_image\" \/>\n<meta name=\"twitter:title\" content=\"MUSICA URBANA - M\u00fasica Urbana -  (CD) | Guerssen\" \/>\n<script type=\"application\/ld+json\" class=\"yoast-schema-graph\">{\"@context\":\"https:\/\/schema.org\",\"@graph\":[{\"@type\":\"WebPage\",\"@id\":\"https:\/\/wpguerssen-test.odoo.rgbconsulting.com\/es\/producto\/musica-urbana\/\",\"url\":\"https:\/\/wpguerssen-test.odoo.rgbconsulting.com\/es\/producto\/musica-urbana\/\",\"name\":\"MUSICA URBANA - M\u00fasica Urbana - (CD) | Guerssen\",\"isPartOf\":{\"@id\":\"https:\/\/wpguerssen-test.odoo.rgbconsulting.com\/es\/#website\"},\"primaryImageOfPage\":{\"@id\":\"https:\/\/wpguerssen-test.odoo.rgbconsulting.com\/es\/producto\/musica-urbana\/#primaryimage\"},\"image\":{\"@id\":\"https:\/\/wpguerssen-test.odoo.rgbconsulting.com\/es\/producto\/musica-urbana\/#primaryimage\"},\"thumbnailUrl\":\"https:\/\/wpguerssen-test.odoo.rgbconsulting.com\/wp-content\/uploads\/2022\/03\/10450.jpg\",\"datePublished\":\"2009-06-03T22:00:00+00:00\",\"dateModified\":\"2025-03-03T14:15:15+00:00\",\"description\":\"This Catalan outfit was founded by two original Maquina! members, Enric Herrera and Luigi Cabanach, in 1975, together with Carles Benavent and Joan Albert Amarg\u00f3s, who actually wrote all these compositions. This is their debut album, from 1976, originally on the Edigsa-Zeleste label. Brilliant jazz-rock and one of the top names in the so called \\\"Rock Laiet\u00e0\\\" scene formed in Barcelona at the time.\",\"breadcrumb\":{\"@id\":\"https:\/\/wpguerssen-test.odoo.rgbconsulting.com\/es\/producto\/musica-urbana\/#breadcrumb\"},\"inLanguage\":\"es\",\"potentialAction\":[{\"@type\":\"ReadAction\",\"target\":[\"https:\/\/wpguerssen-test.odoo.rgbconsulting.com\/es\/producto\/musica-urbana\/\"]}]},{\"@type\":\"ImageObject\",\"inLanguage\":\"es\",\"@id\":\"https:\/\/wpguerssen-test.odoo.rgbconsulting.com\/es\/producto\/musica-urbana\/#primaryimage\",\"url\":\"https:\/\/wpguerssen-test.odoo.rgbconsulting.com\/wp-content\/uploads\/2022\/03\/10450.jpg\",\"contentUrl\":\"https:\/\/wpguerssen-test.odoo.rgbconsulting.com\/wp-content\/uploads\/2022\/03\/10450.jpg\",\"width\":118,\"height\":114,\"caption\":\"MUSICA URBANA - M\u00fasica Urbana - PICAP (CD) | Guerssen\"},{\"@type\":\"BreadcrumbList\",\"@id\":\"https:\/\/wpguerssen-test.odoo.rgbconsulting.com\/es\/producto\/musica-urbana\/#breadcrumb\",\"itemListElement\":[{\"@type\":\"ListItem\",\"position\":1,\"name\":\"Inicio\",\"item\":\"https:\/\/wpguerssen-test.odoo.rgbconsulting.com\/es\/\"},{\"@type\":\"ListItem\",\"position\":2,\"name\":\"Shop\",\"item\":\"https:\/\/wpguerssen-test.odoo.rgbconsulting.com\/shop\/\"},{\"@type\":\"ListItem\",\"position\":3,\"name\":\"M\u00fasica Urbana\"}]},{\"@type\":\"WebSite\",\"@id\":\"https:\/\/wpguerssen-test.odoo.rgbconsulting.com\/es\/#website\",\"url\":\"https:\/\/wpguerssen-test.odoo.rgbconsulting.com\/es\/\",\"name\":\"Guerssen records\",\"description\":\"psychedelia - progressive - folk - garage \",\"publisher\":{\"@id\":\"https:\/\/wpguerssen-test.odoo.rgbconsulting.com\/es\/#organization\"},\"potentialAction\":[{\"@type\":\"SearchAction\",\"target\":{\"@type\":\"EntryPoint\",\"urlTemplate\":\"https:\/\/wpguerssen-test.odoo.rgbconsulting.com\/es\/?s={search_term_string}\"},\"query-input\":{\"@type\":\"PropertyValueSpecification\",\"valueRequired\":true,\"valueName\":\"search_term_string\"}}],\"inLanguage\":\"es\"},{\"@type\":\"Organization\",\"@id\":\"https:\/\/wpguerssen-test.odoo.rgbconsulting.com\/es\/#organization\",\"name\":\"Guerssen records\",\"url\":\"https:\/\/wpguerssen-test.odoo.rgbconsulting.com\/es\/\",\"logo\":{\"@type\":\"ImageObject\",\"inLanguage\":\"es\",\"@id\":\"https:\/\/wpguerssen-test.odoo.rgbconsulting.com\/es\/#\/schema\/logo\/image\/\",\"url\":\"https:\/\/wpguerssen-test.odoo.rgbconsulting.com\/wp-content\/uploads\/2022\/04\/Logo_Guerssen_trans_100.png\",\"contentUrl\":\"https:\/\/wpguerssen-test.odoo.rgbconsulting.com\/wp-content\/uploads\/2022\/04\/Logo_Guerssen_trans_100.png\",\"width\":122,\"height\":100,\"caption\":\"Guerssen records\"},\"image\":{\"@id\":\"https:\/\/wpguerssen-test.odoo.rgbconsulting.com\/es\/#\/schema\/logo\/image\/\"}}]}<\/script>\n<!-- \/ Yoast SEO plugin. -->","yoast_head_json":{"title":"MUSICA URBANA - M\u00fasica Urbana -  (CD) | Guerssen","description":"This Catalan outfit was founded by two original Maquina! members, Enric Herrera and Luigi Cabanach, in 1975, together with Carles Benavent and Joan Albert Amarg\u00f3s, who actually wrote all these compositions. This is their debut album, from 1976, originally on the Edigsa-Zeleste label. Brilliant jazz-rock and one of the top names in the so called \"Rock Laiet\u00e0\" scene formed in Barcelona at the time.","robots":{"index":"index","follow":"follow","max-snippet":"max-snippet:-1","max-image-preview":"max-image-preview:large","max-video-preview":"max-video-preview:-1"},"canonical":"https:\/\/wpguerssen-test.odoo.rgbconsulting.com\/es\/producto\/musica-urbana\/","og_locale":"es_ES","og_type":"article","og_title":"MUSICA URBANA - M\u00fasica Urbana -  (CD) | Guerssen","og_description":"This Catalan outfit was founded by two original Maquina! members, Enric Herrera and Luigi Cabanach, in 1975, together with Carles Benavent and Joan Albert Amarg\u00f3s, who actually wrote all these compositions. This is their debut album, from 1976, originally on the Edigsa-Zeleste label. Brilliant jazz-rock and one of the top names in the so called \"Rock Laiet\u00e0\" scene formed in Barcelona at the time.","og_url":"https:\/\/wpguerssen-test.odoo.rgbconsulting.com\/es\/producto\/musica-urbana\/","og_site_name":"Guerssen records","article_modified_time":"2025-03-03T14:15:15+00:00","og_image":[{"width":118,"height":114,"url":"https:\/\/wpguerssen-test.odoo.rgbconsulting.com\/wp-content\/uploads\/2022\/03\/10450.jpg","type":"image\/jpeg"}],"twitter_card":"summary_large_image","twitter_title":"MUSICA URBANA - M\u00fasica Urbana -  (CD) | Guerssen","schema":{"@context":"https:\/\/schema.org","@graph":[{"@type":"WebPage","@id":"https:\/\/wpguerssen-test.odoo.rgbconsulting.com\/es\/producto\/musica-urbana\/","url":"https:\/\/wpguerssen-test.odoo.rgbconsulting.com\/es\/producto\/musica-urbana\/","name":"MUSICA URBANA - M\u00fasica Urbana - (CD) | Guerssen","isPartOf":{"@id":"https:\/\/wpguerssen-test.odoo.rgbconsulting.com\/es\/#website"},"primaryImageOfPage":{"@id":"https:\/\/wpguerssen-test.odoo.rgbconsulting.com\/es\/producto\/musica-urbana\/#primaryimage"},"image":{"@id":"https:\/\/wpguerssen-test.odoo.rgbconsulting.com\/es\/producto\/musica-urbana\/#primaryimage"},"thumbnailUrl":"https:\/\/wpguerssen-test.odoo.rgbconsulting.com\/wp-content\/uploads\/2022\/03\/10450.jpg","datePublished":"2009-06-03T22:00:00+00:00","dateModified":"2025-03-03T14:15:15+00:00","description":"This Catalan outfit was founded by two original Maquina! members, Enric Herrera and Luigi Cabanach, in 1975, together with Carles Benavent and Joan Albert Amarg\u00f3s, who actually wrote all these compositions. This is their debut album, from 1976, originally on the Edigsa-Zeleste label. Brilliant jazz-rock and one of the top names in the so called \"Rock Laiet\u00e0\" scene formed in Barcelona at the time.","breadcrumb":{"@id":"https:\/\/wpguerssen-test.odoo.rgbconsulting.com\/es\/producto\/musica-urbana\/#breadcrumb"},"inLanguage":"es","potentialAction":[{"@type":"ReadAction","target":["https:\/\/wpguerssen-test.odoo.rgbconsulting.com\/es\/producto\/musica-urbana\/"]}]},{"@type":"ImageObject","inLanguage":"es","@id":"https:\/\/wpguerssen-test.odoo.rgbconsulting.com\/es\/producto\/musica-urbana\/#primaryimage","url":"https:\/\/wpguerssen-test.odoo.rgbconsulting.com\/wp-content\/uploads\/2022\/03\/10450.jpg","contentUrl":"https:\/\/wpguerssen-test.odoo.rgbconsulting.com\/wp-content\/uploads\/2022\/03\/10450.jpg","width":118,"height":114,"caption":"MUSICA URBANA - M\u00fasica Urbana - PICAP (CD) | Guerssen"},{"@type":"BreadcrumbList","@id":"https:\/\/wpguerssen-test.odoo.rgbconsulting.com\/es\/producto\/musica-urbana\/#breadcrumb","itemListElement":[{"@type":"ListItem","position":1,"name":"Inicio","item":"https:\/\/wpguerssen-test.odoo.rgbconsulting.com\/es\/"},{"@type":"ListItem","position":2,"name":"Shop","item":"https:\/\/wpguerssen-test.odoo.rgbconsulting.com\/shop\/"},{"@type":"ListItem","position":3,"name":"M\u00fasica Urbana"}]},{"@type":"WebSite","@id":"https:\/\/wpguerssen-test.odoo.rgbconsulting.com\/es\/#website","url":"https:\/\/wpguerssen-test.odoo.rgbconsulting.com\/es\/","name":"Guerssen records","description":"psychedelia - progressive - folk - garage ","publisher":{"@id":"https:\/\/wpguerssen-test.odoo.rgbconsulting.com\/es\/#organization"},"potentialAction":[{"@type":"SearchAction","target":{"@type":"EntryPoint","urlTemplate":"https:\/\/wpguerssen-test.odoo.rgbconsulting.com\/es\/?s={search_term_string}"},"query-input":{"@type":"PropertyValueSpecification","valueRequired":true,"valueName":"search_term_string"}}],"inLanguage":"es"},{"@type":"Organization","@id":"https:\/\/wpguerssen-test.odoo.rgbconsulting.com\/es\/#organization","name":"Guerssen records","url":"https:\/\/wpguerssen-test.odoo.rgbconsulting.com\/es\/","logo":{"@type":"ImageObject","inLanguage":"es","@id":"https:\/\/wpguerssen-test.odoo.rgbconsulting.com\/es\/#\/schema\/logo\/image\/","url":"https:\/\/wpguerssen-test.odoo.rgbconsulting.com\/wp-content\/uploads\/2022\/04\/Logo_Guerssen_trans_100.png","contentUrl":"https:\/\/wpguerssen-test.odoo.rgbconsulting.com\/wp-content\/uploads\/2022\/04\/Logo_Guerssen_trans_100.png","width":122,"height":100,"caption":"Guerssen records"},"image":{"@id":"https:\/\/wpguerssen-test.odoo.rgbconsulting.com\/es\/#\/schema\/logo\/image\/"}}]}},"_links":{"self":[{"href":"https:\/\/wpguerssen-test.odoo.rgbconsulting.com\/es\/wp-json\/wp\/v2\/product\/177705","targetHints":{"allow":["GET"]}}],"collection":[{"href":"https:\/\/wpguerssen-test.odoo.rgbconsulting.com\/es\/wp-json\/wp\/v2\/product"}],"about":[{"href":"https:\/\/wpguerssen-test.odoo.rgbconsulting.com\/es\/wp-json\/wp\/v2\/types\/product"}],"wp:featuredmedia":[{"embeddable":true,"href":"https:\/\/wpguerssen-test.odoo.rgbconsulting.com\/es\/wp-json\/wp\/v2\/media\/111866"}],"wp:attachment":[{"href":"https:\/\/wpguerssen-test.odoo.rgbconsulting.com\/es\/wp-json\/wp\/v2\/media?parent=177705"}],"wp:term":[{"taxonomy":"product_brand","embeddable":true,"href":"https:\/\/wpguerssen-test.odoo.rgbconsulting.com\/es\/wp-json\/wp\/v2\/product_brand?post=177705"},{"taxonomy":"product_cat","embeddable":true,"href":"https:\/\/wpguerssen-test.odoo.rgbconsulting.com\/es\/wp-json\/wp\/v2\/product_cat?post=177705"},{"taxonomy":"product_tag","embeddable":true,"href":"https:\/\/wpguerssen-test.odoo.rgbconsulting.com\/es\/wp-json\/wp\/v2\/product_tag?post=177705"}],"curies":[{"name":"wp","href":"https:\/\/api.w.org\/{rel}","templated":true}]}}