{"id":177708,"date":"2025-03-04T00:00:00","date_gmt":"2025-03-03T23:00:00","guid":{"rendered":"http:\/\/guerssen.hl1097.dinaserver.com\/product\/lightman-aaron\/"},"modified":"2025-03-26T16:23:52","modified_gmt":"2025-03-26T15:23:52","slug":"lightman-aaron","status":"publish","type":"product","link":"https:\/\/wpguerssen-test.odoo.rgbconsulting.com\/es\/producto\/lightman-aaron\/","title":{"rendered":"Lightman, Aaron"},"content":{"rendered":"<p>Este fant\u00e1stico LP de 1969 es una de las m\u00e1s deliciosas joyas ocultas en el terreno de los cantautores con arreglos de pop orquestado. Originalmente editado en Poppy Records, el sello editor de los psicod\u00e9licos Mandrake Memorial entre otros, el \u00fanico disco de Aaron Lightman merece ser conocido por todos los fans del soft rock y de los sonidos con trabajados arreglos de orquesta. Suena como la respuesta americana a los primeros trabajos de Duncan Browne, Bill Fay, Nick Garrie o incluso al Donovan en su grabaciones m\u00e1s popsike. Los fans de los primeros Bee Gees tambi\u00e9n disfrutar\u00e1n de lo lindo con este LP! Los arreglos y producci\u00f3n son obra del gran Ron Frangipane y de David Christopher, \u00e9ste \u00faltimo firma junto a Aaron Lightman las composiciones que forman el disco. <\/p>\n<p> El disco se enfunda en una preciosa portada obra del m\u00edtico Milton Glaser (principal dise\u00f1ador de las portadas de Poppy en aquella \u00e9poca) y lleva el inserto con las letras. Portada de alta calidad y prensaje en vinilo negro de 180 gr. para satisfacer a los audi\u00f3filos m\u00e1s exigentes.<\/p>\n","protected":false},"excerpt":{"rendered":"<p>Este fant\u00e1stico LP de 1969 es una de las m\u00e1s deliciosas joyas ocultas en el terreno de los cantautores con arreglos de pop orquestado. Originalmente editado en Poppy<a class=\"read\" href=\"https:\/\/wpguerssen-test.odoo.rgbconsulting.com\/es\/producto\/lightman-aaron\/\"> (...)<\/a>","protected":false},"featured_media":111875,"template":"","meta":{"_acf_changed":false},"product_brand":[],"product_cat":[23274],"product_tag":[24185],"class_list":{"0":"post-177708","1":"product","2":"type-product","3":"status-publish","4":"has-post-thumbnail","6":"product_cat-folk-rock-60s-70s-es","7":"product_tag-de-nuevo-en-existencia","8":"pa_artist-lightman-aaron-es","9":"pa_format-lp-es","10":"pa_gender-folk-rock-60s-70s","11":"pa_label-wah-wah-es-2","12":"pa_location-north-america-es","13":"pa_other-filters-vinyl-only-es","15":"first","16":"instock","17":"taxable","18":"shipping-taxable","19":"purchasable","20":"product-type-simple"},"acf":[],"yoast_head":"<!-- This site is optimized with the Yoast SEO plugin v24.9 - https:\/\/yoast.com\/wordpress\/plugins\/seo\/ -->\n<title>LIGHTMAN, Aaron - Lightman, Aaron -  (LP) | Guerssen<\/title>\n<meta name=\"description\" content=\"This amazing LP from 1969 is one of the most beautiful hidden gems in the field of pop arranged singer-songwriters. Originally issued on Poppy Records, home of psych heads The Mandrake Memorial among others, Lightman&#039;s deserves to be discovered by all the fans of the soft rock, orchestra arranged sounds. Think of an american reply to the early works of Duncan Browne, Bill Fay, Nick Garrie or even Donovan at his most posike recordings. Fans of the eraly Bee Gees will also enjoy this LP! Credit for the arrangements and production goes to the great Ron Frangipane and David Christopher, who is also credited as a co-writer of the albums songs. #nl# The album came housed in a beautiful Milton Glaser sleeve (Glaser was the main designer at Poppy at that time) which the Wah Wah reissue respects, and featured an insert with the lyrics which is also reproduced on our reissue. Housed in quality sleeves and pressed in 180 gr thick black vinyl for the delight of the most discriminating audiophiles. Limited to 500 copies.\" \/>\n<meta name=\"robots\" content=\"index, follow, max-snippet:-1, max-image-preview:large, max-video-preview:-1\" \/>\n<link rel=\"canonical\" href=\"https:\/\/wpguerssen-test.odoo.rgbconsulting.com\/es\/producto\/lightman-aaron\/\" \/>\n<meta property=\"og:locale\" content=\"es_ES\" \/>\n<meta property=\"og:type\" content=\"article\" \/>\n<meta property=\"og:title\" content=\"LIGHTMAN, Aaron - Lightman, Aaron -  (LP) | Guerssen\" \/>\n<meta property=\"og:description\" content=\"This amazing LP from 1969 is one of the most beautiful hidden gems in the field of pop arranged singer-songwriters. Originally issued on Poppy Records, home of psych heads The Mandrake Memorial among others, Lightman&#039;s deserves to be discovered by all the fans of the soft rock, orchestra arranged sounds. Think of an american reply to the early works of Duncan Browne, Bill Fay, Nick Garrie or even Donovan at his most posike recordings. Fans of the eraly Bee Gees will also enjoy this LP! Credit for the arrangements and production goes to the great Ron Frangipane and David Christopher, who is also credited as a co-writer of the albums songs. #nl# The album came housed in a beautiful Milton Glaser sleeve (Glaser was the main designer at Poppy at that time) which the Wah Wah reissue respects, and featured an insert with the lyrics which is also reproduced on our reissue. Housed in quality sleeves and pressed in 180 gr thick black vinyl for the delight of the most discriminating audiophiles. Limited to 500 copies.\" \/>\n<meta property=\"og:url\" content=\"https:\/\/wpguerssen-test.odoo.rgbconsulting.com\/es\/producto\/lightman-aaron\/\" \/>\n<meta property=\"og:site_name\" content=\"Guerssen records\" \/>\n<meta property=\"article:modified_time\" content=\"2025-03-26T15:23:52+00:00\" \/>\n<meta name=\"twitter:card\" content=\"summary_large_image\" \/>\n<meta name=\"twitter:title\" content=\"LIGHTMAN, Aaron - Lightman, Aaron -  (LP) | Guerssen\" \/>\n<meta name=\"twitter:label1\" content=\"Tiempo de lectura\" \/>\n\t<meta name=\"twitter:data1\" content=\"1 minuto\" \/>\n<script type=\"application\/ld+json\" class=\"yoast-schema-graph\">{\"@context\":\"https:\/\/schema.org\",\"@graph\":[{\"@type\":\"WebPage\",\"@id\":\"https:\/\/wpguerssen-test.odoo.rgbconsulting.com\/es\/producto\/lightman-aaron\/\",\"url\":\"https:\/\/wpguerssen-test.odoo.rgbconsulting.com\/es\/producto\/lightman-aaron\/\",\"name\":\"LIGHTMAN, Aaron - Lightman, Aaron - (LP) | Guerssen\",\"isPartOf\":{\"@id\":\"https:\/\/wpguerssen-test.odoo.rgbconsulting.com\/es\/#website\"},\"primaryImageOfPage\":{\"@id\":\"https:\/\/wpguerssen-test.odoo.rgbconsulting.com\/es\/producto\/lightman-aaron\/#primaryimage\"},\"image\":{\"@id\":\"https:\/\/wpguerssen-test.odoo.rgbconsulting.com\/es\/producto\/lightman-aaron\/#primaryimage\"},\"thumbnailUrl\":\"https:\/\/wpguerssen-test.odoo.rgbconsulting.com\/wp-content\/uploads\/2022\/03\/10454.jpg\",\"datePublished\":\"2025-03-03T23:00:00+00:00\",\"dateModified\":\"2025-03-26T15:23:52+00:00\",\"description\":\"This amazing LP from 1969 is one of the most beautiful hidden gems in the field of pop arranged singer-songwriters. Originally issued on Poppy Records, home of psych heads The Mandrake Memorial among others, Lightman's deserves to be discovered by all the fans of the soft rock, orchestra arranged sounds. Think of an american reply to the early works of Duncan Browne, Bill Fay, Nick Garrie or even Donovan at his most posike recordings. Fans of the eraly Bee Gees will also enjoy this LP! Credit for the arrangements and production goes to the great Ron Frangipane and David Christopher, who is also credited as a co-writer of the albums songs. #nl# The album came housed in a beautiful Milton Glaser sleeve (Glaser was the main designer at Poppy at that time) which the Wah Wah reissue respects, and featured an insert with the lyrics which is also reproduced on our reissue. Housed in quality sleeves and pressed in 180 gr thick black vinyl for the delight of the most discriminating audiophiles. Limited to 500 copies.\",\"breadcrumb\":{\"@id\":\"https:\/\/wpguerssen-test.odoo.rgbconsulting.com\/es\/producto\/lightman-aaron\/#breadcrumb\"},\"inLanguage\":\"es\",\"potentialAction\":[{\"@type\":\"ReadAction\",\"target\":[\"https:\/\/wpguerssen-test.odoo.rgbconsulting.com\/es\/producto\/lightman-aaron\/\"]}]},{\"@type\":\"ImageObject\",\"inLanguage\":\"es\",\"@id\":\"https:\/\/wpguerssen-test.odoo.rgbconsulting.com\/es\/producto\/lightman-aaron\/#primaryimage\",\"url\":\"https:\/\/wpguerssen-test.odoo.rgbconsulting.com\/wp-content\/uploads\/2022\/03\/10454.jpg\",\"contentUrl\":\"https:\/\/wpguerssen-test.odoo.rgbconsulting.com\/wp-content\/uploads\/2022\/03\/10454.jpg\",\"width\":591,\"height\":591,\"caption\":\"Aaron - Lightman\"},{\"@type\":\"BreadcrumbList\",\"@id\":\"https:\/\/wpguerssen-test.odoo.rgbconsulting.com\/es\/producto\/lightman-aaron\/#breadcrumb\",\"itemListElement\":[{\"@type\":\"ListItem\",\"position\":1,\"name\":\"Inicio\",\"item\":\"https:\/\/wpguerssen-test.odoo.rgbconsulting.com\/es\/\"},{\"@type\":\"ListItem\",\"position\":2,\"name\":\"Shop\",\"item\":\"https:\/\/wpguerssen-test.odoo.rgbconsulting.com\/shop\/\"},{\"@type\":\"ListItem\",\"position\":3,\"name\":\"Lightman, Aaron\"}]},{\"@type\":\"WebSite\",\"@id\":\"https:\/\/wpguerssen-test.odoo.rgbconsulting.com\/es\/#website\",\"url\":\"https:\/\/wpguerssen-test.odoo.rgbconsulting.com\/es\/\",\"name\":\"Guerssen records\",\"description\":\"psychedelia - progressive - folk - garage \",\"publisher\":{\"@id\":\"https:\/\/wpguerssen-test.odoo.rgbconsulting.com\/es\/#organization\"},\"potentialAction\":[{\"@type\":\"SearchAction\",\"target\":{\"@type\":\"EntryPoint\",\"urlTemplate\":\"https:\/\/wpguerssen-test.odoo.rgbconsulting.com\/es\/?s={search_term_string}\"},\"query-input\":{\"@type\":\"PropertyValueSpecification\",\"valueRequired\":true,\"valueName\":\"search_term_string\"}}],\"inLanguage\":\"es\"},{\"@type\":\"Organization\",\"@id\":\"https:\/\/wpguerssen-test.odoo.rgbconsulting.com\/es\/#organization\",\"name\":\"Guerssen records\",\"url\":\"https:\/\/wpguerssen-test.odoo.rgbconsulting.com\/es\/\",\"logo\":{\"@type\":\"ImageObject\",\"inLanguage\":\"es\",\"@id\":\"https:\/\/wpguerssen-test.odoo.rgbconsulting.com\/es\/#\/schema\/logo\/image\/\",\"url\":\"https:\/\/wpguerssen-test.odoo.rgbconsulting.com\/wp-content\/uploads\/2022\/04\/Logo_Guerssen_trans_100.png\",\"contentUrl\":\"https:\/\/wpguerssen-test.odoo.rgbconsulting.com\/wp-content\/uploads\/2022\/04\/Logo_Guerssen_trans_100.png\",\"width\":122,\"height\":100,\"caption\":\"Guerssen records\"},\"image\":{\"@id\":\"https:\/\/wpguerssen-test.odoo.rgbconsulting.com\/es\/#\/schema\/logo\/image\/\"}}]}<\/script>\n<!-- \/ Yoast SEO plugin. -->","yoast_head_json":{"title":"LIGHTMAN, Aaron - Lightman, Aaron -  (LP) | Guerssen","description":"This amazing LP from 1969 is one of the most beautiful hidden gems in the field of pop arranged singer-songwriters. Originally issued on Poppy Records, home of psych heads The Mandrake Memorial among others, Lightman's deserves to be discovered by all the fans of the soft rock, orchestra arranged sounds. Think of an american reply to the early works of Duncan Browne, Bill Fay, Nick Garrie or even Donovan at his most posike recordings. Fans of the eraly Bee Gees will also enjoy this LP! Credit for the arrangements and production goes to the great Ron Frangipane and David Christopher, who is also credited as a co-writer of the albums songs. #nl# The album came housed in a beautiful Milton Glaser sleeve (Glaser was the main designer at Poppy at that time) which the Wah Wah reissue respects, and featured an insert with the lyrics which is also reproduced on our reissue. Housed in quality sleeves and pressed in 180 gr thick black vinyl for the delight of the most discriminating audiophiles. Limited to 500 copies.","robots":{"index":"index","follow":"follow","max-snippet":"max-snippet:-1","max-image-preview":"max-image-preview:large","max-video-preview":"max-video-preview:-1"},"canonical":"https:\/\/wpguerssen-test.odoo.rgbconsulting.com\/es\/producto\/lightman-aaron\/","og_locale":"es_ES","og_type":"article","og_title":"LIGHTMAN, Aaron - Lightman, Aaron -  (LP) | Guerssen","og_description":"This amazing LP from 1969 is one of the most beautiful hidden gems in the field of pop arranged singer-songwriters. Originally issued on Poppy Records, home of psych heads The Mandrake Memorial among others, Lightman's deserves to be discovered by all the fans of the soft rock, orchestra arranged sounds. Think of an american reply to the early works of Duncan Browne, Bill Fay, Nick Garrie or even Donovan at his most posike recordings. Fans of the eraly Bee Gees will also enjoy this LP! Credit for the arrangements and production goes to the great Ron Frangipane and David Christopher, who is also credited as a co-writer of the albums songs. #nl# The album came housed in a beautiful Milton Glaser sleeve (Glaser was the main designer at Poppy at that time) which the Wah Wah reissue respects, and featured an insert with the lyrics which is also reproduced on our reissue. Housed in quality sleeves and pressed in 180 gr thick black vinyl for the delight of the most discriminating audiophiles. Limited to 500 copies.","og_url":"https:\/\/wpguerssen-test.odoo.rgbconsulting.com\/es\/producto\/lightman-aaron\/","og_site_name":"Guerssen records","article_modified_time":"2025-03-26T15:23:52+00:00","twitter_card":"summary_large_image","twitter_title":"LIGHTMAN, Aaron - Lightman, Aaron -  (LP) | Guerssen","twitter_misc":{"Tiempo de lectura":"1 minuto"},"schema":{"@context":"https:\/\/schema.org","@graph":[{"@type":"WebPage","@id":"https:\/\/wpguerssen-test.odoo.rgbconsulting.com\/es\/producto\/lightman-aaron\/","url":"https:\/\/wpguerssen-test.odoo.rgbconsulting.com\/es\/producto\/lightman-aaron\/","name":"LIGHTMAN, Aaron - Lightman, Aaron - (LP) | Guerssen","isPartOf":{"@id":"https:\/\/wpguerssen-test.odoo.rgbconsulting.com\/es\/#website"},"primaryImageOfPage":{"@id":"https:\/\/wpguerssen-test.odoo.rgbconsulting.com\/es\/producto\/lightman-aaron\/#primaryimage"},"image":{"@id":"https:\/\/wpguerssen-test.odoo.rgbconsulting.com\/es\/producto\/lightman-aaron\/#primaryimage"},"thumbnailUrl":"https:\/\/wpguerssen-test.odoo.rgbconsulting.com\/wp-content\/uploads\/2022\/03\/10454.jpg","datePublished":"2025-03-03T23:00:00+00:00","dateModified":"2025-03-26T15:23:52+00:00","description":"This amazing LP from 1969 is one of the most beautiful hidden gems in the field of pop arranged singer-songwriters. Originally issued on Poppy Records, home of psych heads The Mandrake Memorial among others, Lightman's deserves to be discovered by all the fans of the soft rock, orchestra arranged sounds. Think of an american reply to the early works of Duncan Browne, Bill Fay, Nick Garrie or even Donovan at his most posike recordings. Fans of the eraly Bee Gees will also enjoy this LP! Credit for the arrangements and production goes to the great Ron Frangipane and David Christopher, who is also credited as a co-writer of the albums songs. #nl# The album came housed in a beautiful Milton Glaser sleeve (Glaser was the main designer at Poppy at that time) which the Wah Wah reissue respects, and featured an insert with the lyrics which is also reproduced on our reissue. Housed in quality sleeves and pressed in 180 gr thick black vinyl for the delight of the most discriminating audiophiles. Limited to 500 copies.","breadcrumb":{"@id":"https:\/\/wpguerssen-test.odoo.rgbconsulting.com\/es\/producto\/lightman-aaron\/#breadcrumb"},"inLanguage":"es","potentialAction":[{"@type":"ReadAction","target":["https:\/\/wpguerssen-test.odoo.rgbconsulting.com\/es\/producto\/lightman-aaron\/"]}]},{"@type":"ImageObject","inLanguage":"es","@id":"https:\/\/wpguerssen-test.odoo.rgbconsulting.com\/es\/producto\/lightman-aaron\/#primaryimage","url":"https:\/\/wpguerssen-test.odoo.rgbconsulting.com\/wp-content\/uploads\/2022\/03\/10454.jpg","contentUrl":"https:\/\/wpguerssen-test.odoo.rgbconsulting.com\/wp-content\/uploads\/2022\/03\/10454.jpg","width":591,"height":591,"caption":"Aaron - Lightman"},{"@type":"BreadcrumbList","@id":"https:\/\/wpguerssen-test.odoo.rgbconsulting.com\/es\/producto\/lightman-aaron\/#breadcrumb","itemListElement":[{"@type":"ListItem","position":1,"name":"Inicio","item":"https:\/\/wpguerssen-test.odoo.rgbconsulting.com\/es\/"},{"@type":"ListItem","position":2,"name":"Shop","item":"https:\/\/wpguerssen-test.odoo.rgbconsulting.com\/shop\/"},{"@type":"ListItem","position":3,"name":"Lightman, Aaron"}]},{"@type":"WebSite","@id":"https:\/\/wpguerssen-test.odoo.rgbconsulting.com\/es\/#website","url":"https:\/\/wpguerssen-test.odoo.rgbconsulting.com\/es\/","name":"Guerssen records","description":"psychedelia - progressive - folk - garage ","publisher":{"@id":"https:\/\/wpguerssen-test.odoo.rgbconsulting.com\/es\/#organization"},"potentialAction":[{"@type":"SearchAction","target":{"@type":"EntryPoint","urlTemplate":"https:\/\/wpguerssen-test.odoo.rgbconsulting.com\/es\/?s={search_term_string}"},"query-input":{"@type":"PropertyValueSpecification","valueRequired":true,"valueName":"search_term_string"}}],"inLanguage":"es"},{"@type":"Organization","@id":"https:\/\/wpguerssen-test.odoo.rgbconsulting.com\/es\/#organization","name":"Guerssen records","url":"https:\/\/wpguerssen-test.odoo.rgbconsulting.com\/es\/","logo":{"@type":"ImageObject","inLanguage":"es","@id":"https:\/\/wpguerssen-test.odoo.rgbconsulting.com\/es\/#\/schema\/logo\/image\/","url":"https:\/\/wpguerssen-test.odoo.rgbconsulting.com\/wp-content\/uploads\/2022\/04\/Logo_Guerssen_trans_100.png","contentUrl":"https:\/\/wpguerssen-test.odoo.rgbconsulting.com\/wp-content\/uploads\/2022\/04\/Logo_Guerssen_trans_100.png","width":122,"height":100,"caption":"Guerssen records"},"image":{"@id":"https:\/\/wpguerssen-test.odoo.rgbconsulting.com\/es\/#\/schema\/logo\/image\/"}}]}},"_links":{"self":[{"href":"https:\/\/wpguerssen-test.odoo.rgbconsulting.com\/es\/wp-json\/wp\/v2\/product\/177708","targetHints":{"allow":["GET"]}}],"collection":[{"href":"https:\/\/wpguerssen-test.odoo.rgbconsulting.com\/es\/wp-json\/wp\/v2\/product"}],"about":[{"href":"https:\/\/wpguerssen-test.odoo.rgbconsulting.com\/es\/wp-json\/wp\/v2\/types\/product"}],"wp:featuredmedia":[{"embeddable":true,"href":"https:\/\/wpguerssen-test.odoo.rgbconsulting.com\/es\/wp-json\/wp\/v2\/media\/111875"}],"wp:attachment":[{"href":"https:\/\/wpguerssen-test.odoo.rgbconsulting.com\/es\/wp-json\/wp\/v2\/media?parent=177708"}],"wp:term":[{"taxonomy":"product_brand","embeddable":true,"href":"https:\/\/wpguerssen-test.odoo.rgbconsulting.com\/es\/wp-json\/wp\/v2\/product_brand?post=177708"},{"taxonomy":"product_cat","embeddable":true,"href":"https:\/\/wpguerssen-test.odoo.rgbconsulting.com\/es\/wp-json\/wp\/v2\/product_cat?post=177708"},{"taxonomy":"product_tag","embeddable":true,"href":"https:\/\/wpguerssen-test.odoo.rgbconsulting.com\/es\/wp-json\/wp\/v2\/product_tag?post=177708"}],"curies":[{"name":"wp","href":"https:\/\/api.w.org\/{rel}","templated":true}]}}