{"id":177709,"date":"2009-07-27T00:00:00","date_gmt":"2009-07-26T22:00:00","guid":{"rendered":"http:\/\/guerssen.hl1097.dinaserver.com\/product\/white-room-with-disintegrating-walls\/"},"modified":"2025-03-03T15:15:32","modified_gmt":"2025-03-03T14:15:32","slug":"white-room-with-disintegrating-walls","status":"publish","type":"product","link":"https:\/\/wpguerssen-test.odoo.rgbconsulting.com\/es\/producto\/white-room-with-disintegrating-walls\/","title":{"rendered":"White room with disintegrating walls"},"content":{"rendered":"<p>Ton Vlasman grab\u00f3 esta impresionante pieza de euro folk \u00e1cido en 1970, sonando como un Bob Dylan en \u00e1cido llegado del espacio exterior con la ayuda de Frans Schoonen (\u00f3rgano, flauta y harmonica) y Leo van Vugt (chincha tumba y pandereta). Las siete composiciones originales del \u00e1lbum, temazos de acid folk psicod\u00e9lico de fuerte inspiraci\u00f3n psicotr\u00f3pica, mezclan Dylan con ragas indias e incluso con unas gotas de Pink Floyd, aunque sonando m\u00e1s ac\u00fastico. Incluye tambi\u00e9n una gran versi\u00f3n del \u00abPale Blue Eyes\u00bb de la Velvet Underground. <\/p>\n<p> Si alguna vez te has preguntado c\u00f3mo sonar\u00eda Dylan versioneando a la Velvet aqu\u00ed tienes lo m\u00e1s cercano a un ejemplo de ello que encontrar\u00e1s. Originalmente editado en el peque\u00f1o sello independiente Flame, de Amsterdam, el LP apenas vendi\u00f3 copias en los 70, convirti\u00e9ndose por ello en una cotizada pieza entre coleccionistas cuando fue redescubierto ya entrados los ochenta. Desde entonces ha ido creciendo el n\u00famero de conversos que ofrecen peque\u00f1as fortunas por copias originales del disco. Nunca hasta ahora reeditado, tenemos ahora la oportunidad de hacernos con una de las 500 copias prensadas por Wah Wah. <\/p>\n<p> La preciosa portada y el bonito inserto\/poster con las letras fueron obra de Leendert Le Duc y se reproducen fielmente en la edici\u00f3n de Wah Wah, que adem\u00e1s incluye un segundo inserto extra con textos del reputado coleccionista holand\u00e9s Jean J\u00f6bses y un par de raras fotograf\u00edas de la \u00e9poca procedentes de los archivos personales de Frans Schoonen y Leo van Vugt. <\/p>\n<p> Ha sido cuidadosamente remasterizado por el mago del sonido Denis Blackham en Skye Mastering, suena como nunca antes.<\/p>\n","protected":false},"excerpt":{"rendered":"<p>Ton Vlasman grab\u00f3 esta impresionante pieza de euro folk \u00e1cido en 1970, sonando como un Bob Dylan en \u00e1cido llegado del espacio exterior con la ayuda de Frans Schoonen<a class=\"read\" href=\"https:\/\/wpguerssen-test.odoo.rgbconsulting.com\/es\/producto\/white-room-with-disintegrating-walls\/\"> (...)<\/a>","protected":false},"featured_media":111878,"template":"","meta":{"_acf_changed":false},"product_brand":[],"product_cat":[21639,23274],"product_tag":[],"class_list":{"0":"post-177709","1":"product","2":"type-product","3":"status-publish","4":"has-post-thumbnail","6":"product_cat-psychedelic60s-70s-es","7":"product_cat-folk-rock-60s-70s-es","8":"pa_artist-vlasman-ton-es","9":"pa_format-lp-es","10":"pa_gender-folk-rock-60s-70s-psychedelic60s-70s","11":"pa_label-wah-wah-es-2","12":"pa_location-europe-es","13":"pa_other-filters-vinyl-only-es","15":"first","16":"instock","17":"taxable","18":"shipping-taxable","19":"purchasable","20":"product-type-simple"},"acf":[],"yoast_head":"<!-- This site is optimized with the Yoast SEO plugin v24.9 - https:\/\/yoast.com\/wordpress\/plugins\/seo\/ -->\n<title>VLASMAN, Ton - White room with disintegrating walls -  (LP) | Guerssen<\/title>\n<meta name=\"description\" content=\"Ton Vlasman recorded this amazing piece of acid euro folk back in 1970, making it sound like an outter space freaked out Bob Dylan with the help of Frans Schoonen (organ, flute and harmonica) and Leo van Vugt (chincha tumba and tambourine). The seven original compositions are stunning, drug inspired psychedelic pieces of acid folk that mix Dylan with Indian ragas and even add some Pink Floyd overtones, yet from an acoustic rather than electric point of view. And the album contains also a very cool version of The Velvet Underground&#039;s &quot;Pale Blue Eyes&quot;. #nl# If you evered wondered how would Dylan have sounded covering The V.U., here&#039;s a close example! The album, originally released on the small Flame label from Amsterdam, sold poorly back in the seventies - thus becoming a collector&#039;s piece when it was rediscovered in the eighties. Since then it has been gathering new fans that pay small fortunes for a copy, no reissue has been available until now that Wah Wah offers 500 copies in a lavish edition that will probably sell out soon, so grab your copy before it&#039;s too late! #nl# The beautiful cover art and full color poster insert with the lyrics are the work of Leendert Le Duc, and both are here faithfully reproduced as they deserve. The Wah Wah reissue also features an extra insert with a text by reputed dutch collector Jean J\u00f6bses and a couple of rare unseen period photos courtesi of the Frans Schoonen and Leo van Vugt archives. #nl# The album has been carefully remastered by sound wizard Denis Blackham @ Skye Mastering, making these songs sound like never before.\" \/>\n<meta name=\"robots\" content=\"index, follow, max-snippet:-1, max-image-preview:large, max-video-preview:-1\" \/>\n<link rel=\"canonical\" href=\"https:\/\/wpguerssen-test.odoo.rgbconsulting.com\/es\/producto\/white-room-with-disintegrating-walls\/\" \/>\n<meta property=\"og:locale\" content=\"es_ES\" \/>\n<meta property=\"og:type\" content=\"article\" \/>\n<meta property=\"og:title\" content=\"VLASMAN, Ton - White room with disintegrating walls -  (LP) | Guerssen\" \/>\n<meta property=\"og:description\" content=\"Ton Vlasman recorded this amazing piece of acid euro folk back in 1970, making it sound like an outter space freaked out Bob Dylan with the help of Frans Schoonen (organ, flute and harmonica) and Leo van Vugt (chincha tumba and tambourine). The seven original compositions are stunning, drug inspired psychedelic pieces of acid folk that mix Dylan with Indian ragas and even add some Pink Floyd overtones, yet from an acoustic rather than electric point of view. And the album contains also a very cool version of The Velvet Underground&#039;s &quot;Pale Blue Eyes&quot;. #nl# If you evered wondered how would Dylan have sounded covering The V.U., here&#039;s a close example! The album, originally released on the small Flame label from Amsterdam, sold poorly back in the seventies - thus becoming a collector&#039;s piece when it was rediscovered in the eighties. Since then it has been gathering new fans that pay small fortunes for a copy, no reissue has been available until now that Wah Wah offers 500 copies in a lavish edition that will probably sell out soon, so grab your copy before it&#039;s too late! #nl# The beautiful cover art and full color poster insert with the lyrics are the work of Leendert Le Duc, and both are here faithfully reproduced as they deserve. The Wah Wah reissue also features an extra insert with a text by reputed dutch collector Jean J\u00f6bses and a couple of rare unseen period photos courtesi of the Frans Schoonen and Leo van Vugt archives. #nl# The album has been carefully remastered by sound wizard Denis Blackham @ Skye Mastering, making these songs sound like never before.\" \/>\n<meta property=\"og:url\" content=\"https:\/\/wpguerssen-test.odoo.rgbconsulting.com\/es\/producto\/white-room-with-disintegrating-walls\/\" \/>\n<meta property=\"og:site_name\" content=\"Guerssen records\" \/>\n<meta property=\"article:modified_time\" content=\"2025-03-03T14:15:32+00:00\" \/>\n<meta name=\"twitter:card\" content=\"summary_large_image\" \/>\n<meta name=\"twitter:title\" content=\"VLASMAN, Ton - White room with disintegrating walls -  (LP) | Guerssen\" \/>\n<meta name=\"twitter:label1\" content=\"Tiempo de lectura\" \/>\n\t<meta name=\"twitter:data1\" content=\"1 minuto\" \/>\n<script type=\"application\/ld+json\" class=\"yoast-schema-graph\">{\"@context\":\"https:\/\/schema.org\",\"@graph\":[{\"@type\":\"WebPage\",\"@id\":\"https:\/\/wpguerssen-test.odoo.rgbconsulting.com\/es\/producto\/white-room-with-disintegrating-walls\/\",\"url\":\"https:\/\/wpguerssen-test.odoo.rgbconsulting.com\/es\/producto\/white-room-with-disintegrating-walls\/\",\"name\":\"VLASMAN, Ton - White room with disintegrating walls - (LP) | Guerssen\",\"isPartOf\":{\"@id\":\"https:\/\/wpguerssen-test.odoo.rgbconsulting.com\/es\/#website\"},\"primaryImageOfPage\":{\"@id\":\"https:\/\/wpguerssen-test.odoo.rgbconsulting.com\/es\/producto\/white-room-with-disintegrating-walls\/#primaryimage\"},\"image\":{\"@id\":\"https:\/\/wpguerssen-test.odoo.rgbconsulting.com\/es\/producto\/white-room-with-disintegrating-walls\/#primaryimage\"},\"thumbnailUrl\":\"https:\/\/wpguerssen-test.odoo.rgbconsulting.com\/wp-content\/uploads\/2022\/03\/10455.jpg\",\"datePublished\":\"2009-07-26T22:00:00+00:00\",\"dateModified\":\"2025-03-03T14:15:32+00:00\",\"description\":\"Ton Vlasman recorded this amazing piece of acid euro folk back in 1970, making it sound like an outter space freaked out Bob Dylan with the help of Frans Schoonen (organ, flute and harmonica) and Leo van Vugt (chincha tumba and tambourine). The seven original compositions are stunning, drug inspired psychedelic pieces of acid folk that mix Dylan with Indian ragas and even add some Pink Floyd overtones, yet from an acoustic rather than electric point of view. And the album contains also a very cool version of The Velvet Underground's \\\"Pale Blue Eyes\\\". #nl# If you evered wondered how would Dylan have sounded covering The V.U., here's a close example! The album, originally released on the small Flame label from Amsterdam, sold poorly back in the seventies - thus becoming a collector's piece when it was rediscovered in the eighties. Since then it has been gathering new fans that pay small fortunes for a copy, no reissue has been available until now that Wah Wah offers 500 copies in a lavish edition that will probably sell out soon, so grab your copy before it's too late! #nl# The beautiful cover art and full color poster insert with the lyrics are the work of Leendert Le Duc, and both are here faithfully reproduced as they deserve. The Wah Wah reissue also features an extra insert with a text by reputed dutch collector Jean J\u00f6bses and a couple of rare unseen period photos courtesi of the Frans Schoonen and Leo van Vugt archives. #nl# The album has been carefully remastered by sound wizard Denis Blackham @ Skye Mastering, making these songs sound like never before.\",\"breadcrumb\":{\"@id\":\"https:\/\/wpguerssen-test.odoo.rgbconsulting.com\/es\/producto\/white-room-with-disintegrating-walls\/#breadcrumb\"},\"inLanguage\":\"es\",\"potentialAction\":[{\"@type\":\"ReadAction\",\"target\":[\"https:\/\/wpguerssen-test.odoo.rgbconsulting.com\/es\/producto\/white-room-with-disintegrating-walls\/\"]}]},{\"@type\":\"ImageObject\",\"inLanguage\":\"es\",\"@id\":\"https:\/\/wpguerssen-test.odoo.rgbconsulting.com\/es\/producto\/white-room-with-disintegrating-walls\/#primaryimage\",\"url\":\"https:\/\/wpguerssen-test.odoo.rgbconsulting.com\/wp-content\/uploads\/2022\/03\/10455.jpg\",\"contentUrl\":\"https:\/\/wpguerssen-test.odoo.rgbconsulting.com\/wp-content\/uploads\/2022\/03\/10455.jpg\",\"width\":591,\"height\":591,\"caption\":\"Ton - White room with disintegrating walls - WAH WAH (LP) | Guerssen\"},{\"@type\":\"BreadcrumbList\",\"@id\":\"https:\/\/wpguerssen-test.odoo.rgbconsulting.com\/es\/producto\/white-room-with-disintegrating-walls\/#breadcrumb\",\"itemListElement\":[{\"@type\":\"ListItem\",\"position\":1,\"name\":\"Inicio\",\"item\":\"https:\/\/wpguerssen-test.odoo.rgbconsulting.com\/es\/\"},{\"@type\":\"ListItem\",\"position\":2,\"name\":\"Shop\",\"item\":\"https:\/\/wpguerssen-test.odoo.rgbconsulting.com\/shop\/\"},{\"@type\":\"ListItem\",\"position\":3,\"name\":\"White room with disintegrating walls\"}]},{\"@type\":\"WebSite\",\"@id\":\"https:\/\/wpguerssen-test.odoo.rgbconsulting.com\/es\/#website\",\"url\":\"https:\/\/wpguerssen-test.odoo.rgbconsulting.com\/es\/\",\"name\":\"Guerssen records\",\"description\":\"psychedelia - progressive - folk - garage \",\"publisher\":{\"@id\":\"https:\/\/wpguerssen-test.odoo.rgbconsulting.com\/es\/#organization\"},\"potentialAction\":[{\"@type\":\"SearchAction\",\"target\":{\"@type\":\"EntryPoint\",\"urlTemplate\":\"https:\/\/wpguerssen-test.odoo.rgbconsulting.com\/es\/?s={search_term_string}\"},\"query-input\":{\"@type\":\"PropertyValueSpecification\",\"valueRequired\":true,\"valueName\":\"search_term_string\"}}],\"inLanguage\":\"es\"},{\"@type\":\"Organization\",\"@id\":\"https:\/\/wpguerssen-test.odoo.rgbconsulting.com\/es\/#organization\",\"name\":\"Guerssen records\",\"url\":\"https:\/\/wpguerssen-test.odoo.rgbconsulting.com\/es\/\",\"logo\":{\"@type\":\"ImageObject\",\"inLanguage\":\"es\",\"@id\":\"https:\/\/wpguerssen-test.odoo.rgbconsulting.com\/es\/#\/schema\/logo\/image\/\",\"url\":\"https:\/\/wpguerssen-test.odoo.rgbconsulting.com\/wp-content\/uploads\/2022\/04\/Logo_Guerssen_trans_100.png\",\"contentUrl\":\"https:\/\/wpguerssen-test.odoo.rgbconsulting.com\/wp-content\/uploads\/2022\/04\/Logo_Guerssen_trans_100.png\",\"width\":122,\"height\":100,\"caption\":\"Guerssen records\"},\"image\":{\"@id\":\"https:\/\/wpguerssen-test.odoo.rgbconsulting.com\/es\/#\/schema\/logo\/image\/\"}}]}<\/script>\n<!-- \/ Yoast SEO plugin. -->","yoast_head_json":{"title":"VLASMAN, Ton - White room with disintegrating walls -  (LP) | Guerssen","description":"Ton Vlasman recorded this amazing piece of acid euro folk back in 1970, making it sound like an outter space freaked out Bob Dylan with the help of Frans Schoonen (organ, flute and harmonica) and Leo van Vugt (chincha tumba and tambourine). The seven original compositions are stunning, drug inspired psychedelic pieces of acid folk that mix Dylan with Indian ragas and even add some Pink Floyd overtones, yet from an acoustic rather than electric point of view. And the album contains also a very cool version of The Velvet Underground's \"Pale Blue Eyes\". #nl# If you evered wondered how would Dylan have sounded covering The V.U., here's a close example! The album, originally released on the small Flame label from Amsterdam, sold poorly back in the seventies - thus becoming a collector's piece when it was rediscovered in the eighties. Since then it has been gathering new fans that pay small fortunes for a copy, no reissue has been available until now that Wah Wah offers 500 copies in a lavish edition that will probably sell out soon, so grab your copy before it's too late! #nl# The beautiful cover art and full color poster insert with the lyrics are the work of Leendert Le Duc, and both are here faithfully reproduced as they deserve. The Wah Wah reissue also features an extra insert with a text by reputed dutch collector Jean J\u00f6bses and a couple of rare unseen period photos courtesi of the Frans Schoonen and Leo van Vugt archives. #nl# The album has been carefully remastered by sound wizard Denis Blackham @ Skye Mastering, making these songs sound like never before.","robots":{"index":"index","follow":"follow","max-snippet":"max-snippet:-1","max-image-preview":"max-image-preview:large","max-video-preview":"max-video-preview:-1"},"canonical":"https:\/\/wpguerssen-test.odoo.rgbconsulting.com\/es\/producto\/white-room-with-disintegrating-walls\/","og_locale":"es_ES","og_type":"article","og_title":"VLASMAN, Ton - White room with disintegrating walls -  (LP) | Guerssen","og_description":"Ton Vlasman recorded this amazing piece of acid euro folk back in 1970, making it sound like an outter space freaked out Bob Dylan with the help of Frans Schoonen (organ, flute and harmonica) and Leo van Vugt (chincha tumba and tambourine). The seven original compositions are stunning, drug inspired psychedelic pieces of acid folk that mix Dylan with Indian ragas and even add some Pink Floyd overtones, yet from an acoustic rather than electric point of view. And the album contains also a very cool version of The Velvet Underground's \"Pale Blue Eyes\". #nl# If you evered wondered how would Dylan have sounded covering The V.U., here's a close example! The album, originally released on the small Flame label from Amsterdam, sold poorly back in the seventies - thus becoming a collector's piece when it was rediscovered in the eighties. Since then it has been gathering new fans that pay small fortunes for a copy, no reissue has been available until now that Wah Wah offers 500 copies in a lavish edition that will probably sell out soon, so grab your copy before it's too late! #nl# The beautiful cover art and full color poster insert with the lyrics are the work of Leendert Le Duc, and both are here faithfully reproduced as they deserve. The Wah Wah reissue also features an extra insert with a text by reputed dutch collector Jean J\u00f6bses and a couple of rare unseen period photos courtesi of the Frans Schoonen and Leo van Vugt archives. #nl# The album has been carefully remastered by sound wizard Denis Blackham @ Skye Mastering, making these songs sound like never before.","og_url":"https:\/\/wpguerssen-test.odoo.rgbconsulting.com\/es\/producto\/white-room-with-disintegrating-walls\/","og_site_name":"Guerssen records","article_modified_time":"2025-03-03T14:15:32+00:00","twitter_card":"summary_large_image","twitter_title":"VLASMAN, Ton - White room with disintegrating walls -  (LP) | Guerssen","twitter_misc":{"Tiempo de lectura":"1 minuto"},"schema":{"@context":"https:\/\/schema.org","@graph":[{"@type":"WebPage","@id":"https:\/\/wpguerssen-test.odoo.rgbconsulting.com\/es\/producto\/white-room-with-disintegrating-walls\/","url":"https:\/\/wpguerssen-test.odoo.rgbconsulting.com\/es\/producto\/white-room-with-disintegrating-walls\/","name":"VLASMAN, Ton - White room with disintegrating walls - (LP) | Guerssen","isPartOf":{"@id":"https:\/\/wpguerssen-test.odoo.rgbconsulting.com\/es\/#website"},"primaryImageOfPage":{"@id":"https:\/\/wpguerssen-test.odoo.rgbconsulting.com\/es\/producto\/white-room-with-disintegrating-walls\/#primaryimage"},"image":{"@id":"https:\/\/wpguerssen-test.odoo.rgbconsulting.com\/es\/producto\/white-room-with-disintegrating-walls\/#primaryimage"},"thumbnailUrl":"https:\/\/wpguerssen-test.odoo.rgbconsulting.com\/wp-content\/uploads\/2022\/03\/10455.jpg","datePublished":"2009-07-26T22:00:00+00:00","dateModified":"2025-03-03T14:15:32+00:00","description":"Ton Vlasman recorded this amazing piece of acid euro folk back in 1970, making it sound like an outter space freaked out Bob Dylan with the help of Frans Schoonen (organ, flute and harmonica) and Leo van Vugt (chincha tumba and tambourine). The seven original compositions are stunning, drug inspired psychedelic pieces of acid folk that mix Dylan with Indian ragas and even add some Pink Floyd overtones, yet from an acoustic rather than electric point of view. And the album contains also a very cool version of The Velvet Underground's \"Pale Blue Eyes\". #nl# If you evered wondered how would Dylan have sounded covering The V.U., here's a close example! The album, originally released on the small Flame label from Amsterdam, sold poorly back in the seventies - thus becoming a collector's piece when it was rediscovered in the eighties. Since then it has been gathering new fans that pay small fortunes for a copy, no reissue has been available until now that Wah Wah offers 500 copies in a lavish edition that will probably sell out soon, so grab your copy before it's too late! #nl# The beautiful cover art and full color poster insert with the lyrics are the work of Leendert Le Duc, and both are here faithfully reproduced as they deserve. The Wah Wah reissue also features an extra insert with a text by reputed dutch collector Jean J\u00f6bses and a couple of rare unseen period photos courtesi of the Frans Schoonen and Leo van Vugt archives. #nl# The album has been carefully remastered by sound wizard Denis Blackham @ Skye Mastering, making these songs sound like never before.","breadcrumb":{"@id":"https:\/\/wpguerssen-test.odoo.rgbconsulting.com\/es\/producto\/white-room-with-disintegrating-walls\/#breadcrumb"},"inLanguage":"es","potentialAction":[{"@type":"ReadAction","target":["https:\/\/wpguerssen-test.odoo.rgbconsulting.com\/es\/producto\/white-room-with-disintegrating-walls\/"]}]},{"@type":"ImageObject","inLanguage":"es","@id":"https:\/\/wpguerssen-test.odoo.rgbconsulting.com\/es\/producto\/white-room-with-disintegrating-walls\/#primaryimage","url":"https:\/\/wpguerssen-test.odoo.rgbconsulting.com\/wp-content\/uploads\/2022\/03\/10455.jpg","contentUrl":"https:\/\/wpguerssen-test.odoo.rgbconsulting.com\/wp-content\/uploads\/2022\/03\/10455.jpg","width":591,"height":591,"caption":"Ton - White room with disintegrating walls - WAH WAH (LP) | Guerssen"},{"@type":"BreadcrumbList","@id":"https:\/\/wpguerssen-test.odoo.rgbconsulting.com\/es\/producto\/white-room-with-disintegrating-walls\/#breadcrumb","itemListElement":[{"@type":"ListItem","position":1,"name":"Inicio","item":"https:\/\/wpguerssen-test.odoo.rgbconsulting.com\/es\/"},{"@type":"ListItem","position":2,"name":"Shop","item":"https:\/\/wpguerssen-test.odoo.rgbconsulting.com\/shop\/"},{"@type":"ListItem","position":3,"name":"White room with disintegrating walls"}]},{"@type":"WebSite","@id":"https:\/\/wpguerssen-test.odoo.rgbconsulting.com\/es\/#website","url":"https:\/\/wpguerssen-test.odoo.rgbconsulting.com\/es\/","name":"Guerssen records","description":"psychedelia - progressive - folk - garage ","publisher":{"@id":"https:\/\/wpguerssen-test.odoo.rgbconsulting.com\/es\/#organization"},"potentialAction":[{"@type":"SearchAction","target":{"@type":"EntryPoint","urlTemplate":"https:\/\/wpguerssen-test.odoo.rgbconsulting.com\/es\/?s={search_term_string}"},"query-input":{"@type":"PropertyValueSpecification","valueRequired":true,"valueName":"search_term_string"}}],"inLanguage":"es"},{"@type":"Organization","@id":"https:\/\/wpguerssen-test.odoo.rgbconsulting.com\/es\/#organization","name":"Guerssen records","url":"https:\/\/wpguerssen-test.odoo.rgbconsulting.com\/es\/","logo":{"@type":"ImageObject","inLanguage":"es","@id":"https:\/\/wpguerssen-test.odoo.rgbconsulting.com\/es\/#\/schema\/logo\/image\/","url":"https:\/\/wpguerssen-test.odoo.rgbconsulting.com\/wp-content\/uploads\/2022\/04\/Logo_Guerssen_trans_100.png","contentUrl":"https:\/\/wpguerssen-test.odoo.rgbconsulting.com\/wp-content\/uploads\/2022\/04\/Logo_Guerssen_trans_100.png","width":122,"height":100,"caption":"Guerssen records"},"image":{"@id":"https:\/\/wpguerssen-test.odoo.rgbconsulting.com\/es\/#\/schema\/logo\/image\/"}}]}},"_links":{"self":[{"href":"https:\/\/wpguerssen-test.odoo.rgbconsulting.com\/es\/wp-json\/wp\/v2\/product\/177709","targetHints":{"allow":["GET"]}}],"collection":[{"href":"https:\/\/wpguerssen-test.odoo.rgbconsulting.com\/es\/wp-json\/wp\/v2\/product"}],"about":[{"href":"https:\/\/wpguerssen-test.odoo.rgbconsulting.com\/es\/wp-json\/wp\/v2\/types\/product"}],"wp:featuredmedia":[{"embeddable":true,"href":"https:\/\/wpguerssen-test.odoo.rgbconsulting.com\/es\/wp-json\/wp\/v2\/media\/111878"}],"wp:attachment":[{"href":"https:\/\/wpguerssen-test.odoo.rgbconsulting.com\/es\/wp-json\/wp\/v2\/media?parent=177709"}],"wp:term":[{"taxonomy":"product_brand","embeddable":true,"href":"https:\/\/wpguerssen-test.odoo.rgbconsulting.com\/es\/wp-json\/wp\/v2\/product_brand?post=177709"},{"taxonomy":"product_cat","embeddable":true,"href":"https:\/\/wpguerssen-test.odoo.rgbconsulting.com\/es\/wp-json\/wp\/v2\/product_cat?post=177709"},{"taxonomy":"product_tag","embeddable":true,"href":"https:\/\/wpguerssen-test.odoo.rgbconsulting.com\/es\/wp-json\/wp\/v2\/product_tag?post=177709"}],"curies":[{"name":"wp","href":"https:\/\/api.w.org\/{rel}","templated":true}]}}