{"id":177712,"date":"2009-06-16T00:00:00","date_gmt":"2009-06-15T22:00:00","guid":{"rendered":"http:\/\/guerssen.hl1097.dinaserver.com\/product\/cazumbi-vol-2-papersleeve\/"},"modified":"2025-03-26T16:23:56","modified_gmt":"2025-03-26T15:23:56","slug":"cazumbi-vol-2-papersleeve","status":"publish","type":"product","link":"https:\/\/wpguerssen-test.odoo.rgbconsulting.com\/es\/producto\/cazumbi-vol-2-papersleeve\/","title":{"rendered":"Cazumbi Vol. 2 (papersleeve)"},"content":{"rendered":"<p>60&#8217;s garage rock y jerk desde Sud\u00e1frica, Angola, Mozambique, Ghana, Madagascar y Camer\u00fan!! S\u00ed, todav\u00edas hay mucho por ofrecer! Si flip\u00e1steis con el primer volumen de Cazumbi, esperad a escuchar este segundo&#8230;es incluso m\u00e1s bueno!! <\/p>\n<p> 21 temas que van desde los sonidos salvajes llenos de fuzz de grupos sudafricanos como The Gonks, Birds of a Feather, Them o The Invaders (con una ACOJONANTE versi\u00f3n del \u00abPainter man\u00bb de los Creation), a garage ultra-primitivo por Tall Emma &#038; His Skipper (de Ghana con el killer \u00abHammatan\u00bb),Vum Vum y Os Rocks de Angola, Les Kilts de Camer\u00fan, Les Safari y Les Jokers de Madagascar, y un buen n\u00famero de grupos de Mozambique. <\/p>\n<p> Incluye insert con notas y fotos, limitado a 500 copias en portada de cart\u00f3n mini-r\u00e9plica del LP! Sonido remasterizado. <\/p>\n<p> Tracklisting: SIDE 1: 01 &#8211; THE GONKS &#8211; WOMAN YEAH (S.A) 02 &#8211; TALL EMMA &#038; HIS SKIPPER &#8211; HAMMATAN (GHANA) 03 &#8211; OS IMPACTO &#8211; UMA VELHA FOI A FEIRA (MOZAMBIQUE) 04 &#8211; VUM VUM &#8211; XE XE XE KANGRIMA (ANGOLA) 05 &#8211; BIRDS OF A FEATHER &#8211; COME ON UP (S.A) 06 &#8211; LES KILTS &#8211; JERK BASTOS (CAMARONS) 07 &#8211; LES SAFARI &#8211; LES JEUNES TIGRES (MADAGASCAR) 08 &#8211; SIMIAO &#8211; WASATI WALOMU (MOZAMBIQUE) 09 &#8211; THE HOBOS &#8211; HASIE (S.A) 010 &#8211; CONJUNTO NIGHT STARS &#8211; YEAH (MOZAMBIQUE) 011 &#8211; OS INFLEXOS &#8211; I FEEL FINE (MOZAMBIQUE) <\/p>\n<p> SIDE 2 01 &#8211; THE INVADERS &#8211; PAINTER MAN (S.A) 02 &#8211; OS IMPACTO &#8211; THATS WHAT I WANT (MOZAMBIQUE) 03 &#8211; LES SAFARI &#8211; ELLE AVAIT TOUT (MADAGASCAR) 04 &#8211; MAD-MUNKS &#8211; LUCILLE (S.A) 05 &#8211; LES JOKERS &#8211; DIVIDI JANE (MADAGASCAR) 06 &#8211; THEM &#8211; ONE TIME TOO MANY (S.A) 07 &#8211; VUM VUM &#8211; MONAMI (ANGOLA) 08 &#8211; OS ROCKS &#8211; I PUT A SPELL ON YOU (ANGOLA) 09 &#8211; CONJUNTO OLIVEIRA MUGE -PIANGE CON ME (MOZAMBIQUE) 010 &#8211; H2O &#8211; DEATH OF A CLOWN(MOZAMBIQUE)<\/p>\n","protected":false},"excerpt":{"rendered":"<p>60&#8217;s garage rock y jerk desde Sud\u00e1frica, Angola, Mozambique, Ghana, Madagascar y Camer\u00fan!! S\u00ed, todav\u00edas hay mucho por ofrecer! Si flip\u00e1steis con el primer<a class=\"read\" href=\"https:\/\/wpguerssen-test.odoo.rgbconsulting.com\/es\/producto\/cazumbi-vol-2-papersleeve\/\"> (...)<\/a>","protected":false},"featured_media":111885,"template":"","meta":{"_acf_changed":false},"product_brand":[],"product_cat":[23281],"product_tag":[],"class_list":{"0":"post-177712","1":"product","2":"type-product","3":"status-publish","4":"has-post-thumbnail","6":"product_cat-garagebeatrnb60-70-es","7":"pa_artist-various-artists-es","8":"pa_format-cd-2-es","9":"pa_gender-garage-beat-rnb60-70-garagebeatrnb60-70","10":"pa_label-nosmokerecords","11":"pa_location-africa-es","13":"first","14":"instock","15":"taxable","16":"shipping-taxable","17":"purchasable","18":"product-type-simple"},"acf":[],"yoast_head":"<!-- This site is optimized with the Yoast SEO plugin v24.9 - https:\/\/yoast.com\/wordpress\/plugins\/seo\/ -->\n<title>VARIOUS ARTISTS - Cazumbi Vol. 2 (papersleeve) -  (CD) | Guerssen<\/title>\n<meta name=\"description\" content=\"60&#039;s garage rock and jerk out of South Africa, Angola, Mozambique, Ghana, Madagascar and Cameroun!!! #nl# Yes guys, there&#039;s still much more to offer!!! If you were raving on Cazumbi vol. 1, wait to hear the second.I swear, it&#039;s much, MUCH better than the first! Absolutely stunning collection of 21 tracks, ranging from the more sophisticatedly produced (but hell, WILD!!!!) fuzzy garage sounds of South African groups like The Gonks, Birds of a Feather, Them or The Invaders, to the primitive raw garage, beat and jerk of Tall Emma &amp; His Skipper (from Ghana with their killer Hammatan),Vum Vum and Os Rocks from Angola, Les Kilts from Cameroun, Les Safari and Les Jokers from Madagascar, and a good number of Mozambique combos. #nl# This brilliant release comes with great artwork, and an insert is included with photos and information on some of the groups and the African 60&#039;s rock scene. Limited vinyl release of 700 copies, and 500 papersleeve CDs. Fully remastered sound. #nl# Tracklisting: SIDE 1: 01 - THE GONKS - WOMAN YEAH (S.A) 02 - TALL EMMA &amp; HIS SKIPPER - HAMMATAN (GHANA) 03 - OS IMPACTO - UMA VELHA FOI A FEIRA (MOZAMBIQUE) 04 - VUM VUM - XE XE XE KANGRIMA (ANGOLA) 05 - BIRDS OF A FEATHER - COME ON UP (S.A) 06 - LES KILTS - JERK BASTOS (CAMARONS) 07 - LES SAFARI - LES JEUNES TIGRES (MADAGASCAR) 08 - SIMIAO - WASATI WALOMU (MOZAMBIQUE) 09 - THE HOBOS - HASIE (S.A) 010 - CONJUNTO NIGHT STARS - YEAH (MOZAMBIQUE) 011 - OS INFLEXOS - I FEEL FINE (MOZAMBIQUE) #nl# SIDE 2 01 - THE INVADERS - PAINTER MAN (S.A) 02 - OS IMPACTO - THATS WHAT I WANT (MOZAMBIQUE) 03 - LES SAFARI - ELLE AVAIT TOUT (MADAGASCAR) 04 - MAD-MUNKS - LUCILLE (S.A) 05 - LES JOKERS - DIVIDI JANE (MADAGASCAR) 06 - THEM - ONE TIME TOO MANY (S.A) 07 - VUM VUM - MONAMI (ANGOLA) 08 - OS ROCKS - I PUT A SPELL ON YOU (ANGOLA) 09 - CONJUNTO OLIVEIRA MUGE -PIANGE CON ME (MOZAMBIQUE) 010 - H2O - DEATH OF A CLOWN(MOZAMBIQUE)\" \/>\n<meta name=\"robots\" content=\"index, follow, max-snippet:-1, max-image-preview:large, max-video-preview:-1\" \/>\n<link rel=\"canonical\" href=\"https:\/\/wpguerssen-test.odoo.rgbconsulting.com\/es\/producto\/cazumbi-vol-2-papersleeve\/\" \/>\n<meta property=\"og:locale\" content=\"es_ES\" \/>\n<meta property=\"og:type\" content=\"article\" \/>\n<meta property=\"og:title\" content=\"VARIOUS ARTISTS - Cazumbi Vol. 2 (papersleeve) -  (CD) | Guerssen\" \/>\n<meta property=\"og:description\" content=\"60&#039;s garage rock and jerk out of South Africa, Angola, Mozambique, Ghana, Madagascar and Cameroun!!! #nl# Yes guys, there&#039;s still much more to offer!!! If you were raving on Cazumbi vol. 1, wait to hear the second.I swear, it&#039;s much, MUCH better than the first! Absolutely stunning collection of 21 tracks, ranging from the more sophisticatedly produced (but hell, WILD!!!!) fuzzy garage sounds of South African groups like The Gonks, Birds of a Feather, Them or The Invaders, to the primitive raw garage, beat and jerk of Tall Emma &amp; His Skipper (from Ghana with their killer Hammatan),Vum Vum and Os Rocks from Angola, Les Kilts from Cameroun, Les Safari and Les Jokers from Madagascar, and a good number of Mozambique combos. #nl# This brilliant release comes with great artwork, and an insert is included with photos and information on some of the groups and the African 60&#039;s rock scene. Limited vinyl release of 700 copies, and 500 papersleeve CDs. Fully remastered sound. #nl# Tracklisting: SIDE 1: 01 - THE GONKS - WOMAN YEAH (S.A) 02 - TALL EMMA &amp; HIS SKIPPER - HAMMATAN (GHANA) 03 - OS IMPACTO - UMA VELHA FOI A FEIRA (MOZAMBIQUE) 04 - VUM VUM - XE XE XE KANGRIMA (ANGOLA) 05 - BIRDS OF A FEATHER - COME ON UP (S.A) 06 - LES KILTS - JERK BASTOS (CAMARONS) 07 - LES SAFARI - LES JEUNES TIGRES (MADAGASCAR) 08 - SIMIAO - WASATI WALOMU (MOZAMBIQUE) 09 - THE HOBOS - HASIE (S.A) 010 - CONJUNTO NIGHT STARS - YEAH (MOZAMBIQUE) 011 - OS INFLEXOS - I FEEL FINE (MOZAMBIQUE) #nl# SIDE 2 01 - THE INVADERS - PAINTER MAN (S.A) 02 - OS IMPACTO - THATS WHAT I WANT (MOZAMBIQUE) 03 - LES SAFARI - ELLE AVAIT TOUT (MADAGASCAR) 04 - MAD-MUNKS - LUCILLE (S.A) 05 - LES JOKERS - DIVIDI JANE (MADAGASCAR) 06 - THEM - ONE TIME TOO MANY (S.A) 07 - VUM VUM - MONAMI (ANGOLA) 08 - OS ROCKS - I PUT A SPELL ON YOU (ANGOLA) 09 - CONJUNTO OLIVEIRA MUGE -PIANGE CON ME (MOZAMBIQUE) 010 - H2O - DEATH OF A CLOWN(MOZAMBIQUE)\" \/>\n<meta property=\"og:url\" content=\"https:\/\/wpguerssen-test.odoo.rgbconsulting.com\/es\/producto\/cazumbi-vol-2-papersleeve\/\" \/>\n<meta property=\"og:site_name\" content=\"Guerssen records\" \/>\n<meta property=\"article:modified_time\" content=\"2025-03-26T15:23:56+00:00\" \/>\n<meta property=\"og:image\" content=\"https:\/\/wpguerssen-test.odoo.rgbconsulting.com\/wp-content\/uploads\/2022\/03\/10472.jpg\" \/>\n\t<meta property=\"og:image:width\" content=\"885\" \/>\n\t<meta property=\"og:image:height\" content=\"887\" \/>\n\t<meta property=\"og:image:type\" content=\"image\/jpeg\" \/>\n<meta name=\"twitter:card\" content=\"summary_large_image\" \/>\n<meta name=\"twitter:title\" content=\"VARIOUS ARTISTS - Cazumbi Vol. 2 (papersleeve) -  (CD) | Guerssen\" \/>\n<meta name=\"twitter:label1\" content=\"Tiempo de lectura\" \/>\n\t<meta name=\"twitter:data1\" content=\"2 minutos\" \/>\n<script type=\"application\/ld+json\" class=\"yoast-schema-graph\">{\"@context\":\"https:\/\/schema.org\",\"@graph\":[{\"@type\":\"WebPage\",\"@id\":\"https:\/\/wpguerssen-test.odoo.rgbconsulting.com\/es\/producto\/cazumbi-vol-2-papersleeve\/\",\"url\":\"https:\/\/wpguerssen-test.odoo.rgbconsulting.com\/es\/producto\/cazumbi-vol-2-papersleeve\/\",\"name\":\"VARIOUS ARTISTS - Cazumbi Vol. 2 (papersleeve) - (CD) | Guerssen\",\"isPartOf\":{\"@id\":\"https:\/\/wpguerssen-test.odoo.rgbconsulting.com\/es\/#website\"},\"primaryImageOfPage\":{\"@id\":\"https:\/\/wpguerssen-test.odoo.rgbconsulting.com\/es\/producto\/cazumbi-vol-2-papersleeve\/#primaryimage\"},\"image\":{\"@id\":\"https:\/\/wpguerssen-test.odoo.rgbconsulting.com\/es\/producto\/cazumbi-vol-2-papersleeve\/#primaryimage\"},\"thumbnailUrl\":\"https:\/\/wpguerssen-test.odoo.rgbconsulting.com\/wp-content\/uploads\/2022\/03\/10472.jpg\",\"datePublished\":\"2009-06-15T22:00:00+00:00\",\"dateModified\":\"2025-03-26T15:23:56+00:00\",\"description\":\"60's garage rock and jerk out of South Africa, Angola, Mozambique, Ghana, Madagascar and Cameroun!!! #nl# Yes guys, there's still much more to offer!!! If you were raving on Cazumbi vol. 1, wait to hear the second.I swear, it's much, MUCH better than the first! Absolutely stunning collection of 21 tracks, ranging from the more sophisticatedly produced (but hell, WILD!!!!) fuzzy garage sounds of South African groups like The Gonks, Birds of a Feather, Them or The Invaders, to the primitive raw garage, beat and jerk of Tall Emma & His Skipper (from Ghana with their killer Hammatan),Vum Vum and Os Rocks from Angola, Les Kilts from Cameroun, Les Safari and Les Jokers from Madagascar, and a good number of Mozambique combos. #nl# This brilliant release comes with great artwork, and an insert is included with photos and information on some of the groups and the African 60's rock scene. Limited vinyl release of 700 copies, and 500 papersleeve CDs. Fully remastered sound. #nl# Tracklisting: SIDE 1: 01 - THE GONKS - WOMAN YEAH (S.A) 02 - TALL EMMA & HIS SKIPPER - HAMMATAN (GHANA) 03 - OS IMPACTO - UMA VELHA FOI A FEIRA (MOZAMBIQUE) 04 - VUM VUM - XE XE XE KANGRIMA (ANGOLA) 05 - BIRDS OF A FEATHER - COME ON UP (S.A) 06 - LES KILTS - JERK BASTOS (CAMARONS) 07 - LES SAFARI - LES JEUNES TIGRES (MADAGASCAR) 08 - SIMIAO - WASATI WALOMU (MOZAMBIQUE) 09 - THE HOBOS - HASIE (S.A) 010 - CONJUNTO NIGHT STARS - YEAH (MOZAMBIQUE) 011 - OS INFLEXOS - I FEEL FINE (MOZAMBIQUE) #nl# SIDE 2 01 - THE INVADERS - PAINTER MAN (S.A) 02 - OS IMPACTO - THATS WHAT I WANT (MOZAMBIQUE) 03 - LES SAFARI - ELLE AVAIT TOUT (MADAGASCAR) 04 - MAD-MUNKS - LUCILLE (S.A) 05 - LES JOKERS - DIVIDI JANE (MADAGASCAR) 06 - THEM - ONE TIME TOO MANY (S.A) 07 - VUM VUM - MONAMI (ANGOLA) 08 - OS ROCKS - I PUT A SPELL ON YOU (ANGOLA) 09 - CONJUNTO OLIVEIRA MUGE -PIANGE CON ME (MOZAMBIQUE) 010 - H2O - DEATH OF A CLOWN(MOZAMBIQUE)\",\"breadcrumb\":{\"@id\":\"https:\/\/wpguerssen-test.odoo.rgbconsulting.com\/es\/producto\/cazumbi-vol-2-papersleeve\/#breadcrumb\"},\"inLanguage\":\"es\",\"potentialAction\":[{\"@type\":\"ReadAction\",\"target\":[\"https:\/\/wpguerssen-test.odoo.rgbconsulting.com\/es\/producto\/cazumbi-vol-2-papersleeve\/\"]}]},{\"@type\":\"ImageObject\",\"inLanguage\":\"es\",\"@id\":\"https:\/\/wpguerssen-test.odoo.rgbconsulting.com\/es\/producto\/cazumbi-vol-2-papersleeve\/#primaryimage\",\"url\":\"https:\/\/wpguerssen-test.odoo.rgbconsulting.com\/wp-content\/uploads\/2022\/03\/10472.jpg\",\"contentUrl\":\"https:\/\/wpguerssen-test.odoo.rgbconsulting.com\/wp-content\/uploads\/2022\/03\/10472.jpg\",\"width\":885,\"height\":887,\"caption\":\"VARIOUS ARTISTS - Cazumbi Vol. 2 (papersleeve) - NOSMOKERECORDS (CD) | Guerssen\"},{\"@type\":\"BreadcrumbList\",\"@id\":\"https:\/\/wpguerssen-test.odoo.rgbconsulting.com\/es\/producto\/cazumbi-vol-2-papersleeve\/#breadcrumb\",\"itemListElement\":[{\"@type\":\"ListItem\",\"position\":1,\"name\":\"Inicio\",\"item\":\"https:\/\/wpguerssen-test.odoo.rgbconsulting.com\/es\/\"},{\"@type\":\"ListItem\",\"position\":2,\"name\":\"Shop\",\"item\":\"https:\/\/wpguerssen-test.odoo.rgbconsulting.com\/shop\/\"},{\"@type\":\"ListItem\",\"position\":3,\"name\":\"Cazumbi Vol. 2 (papersleeve)\"}]},{\"@type\":\"WebSite\",\"@id\":\"https:\/\/wpguerssen-test.odoo.rgbconsulting.com\/es\/#website\",\"url\":\"https:\/\/wpguerssen-test.odoo.rgbconsulting.com\/es\/\",\"name\":\"Guerssen records\",\"description\":\"psychedelia - progressive - folk - garage \",\"publisher\":{\"@id\":\"https:\/\/wpguerssen-test.odoo.rgbconsulting.com\/es\/#organization\"},\"potentialAction\":[{\"@type\":\"SearchAction\",\"target\":{\"@type\":\"EntryPoint\",\"urlTemplate\":\"https:\/\/wpguerssen-test.odoo.rgbconsulting.com\/es\/?s={search_term_string}\"},\"query-input\":{\"@type\":\"PropertyValueSpecification\",\"valueRequired\":true,\"valueName\":\"search_term_string\"}}],\"inLanguage\":\"es\"},{\"@type\":\"Organization\",\"@id\":\"https:\/\/wpguerssen-test.odoo.rgbconsulting.com\/es\/#organization\",\"name\":\"Guerssen records\",\"url\":\"https:\/\/wpguerssen-test.odoo.rgbconsulting.com\/es\/\",\"logo\":{\"@type\":\"ImageObject\",\"inLanguage\":\"es\",\"@id\":\"https:\/\/wpguerssen-test.odoo.rgbconsulting.com\/es\/#\/schema\/logo\/image\/\",\"url\":\"https:\/\/wpguerssen-test.odoo.rgbconsulting.com\/wp-content\/uploads\/2022\/04\/Logo_Guerssen_trans_100.png\",\"contentUrl\":\"https:\/\/wpguerssen-test.odoo.rgbconsulting.com\/wp-content\/uploads\/2022\/04\/Logo_Guerssen_trans_100.png\",\"width\":122,\"height\":100,\"caption\":\"Guerssen records\"},\"image\":{\"@id\":\"https:\/\/wpguerssen-test.odoo.rgbconsulting.com\/es\/#\/schema\/logo\/image\/\"}}]}<\/script>\n<!-- \/ Yoast SEO plugin. -->","yoast_head_json":{"title":"VARIOUS ARTISTS - Cazumbi Vol. 2 (papersleeve) -  (CD) | Guerssen","description":"60's garage rock and jerk out of South Africa, Angola, Mozambique, Ghana, Madagascar and Cameroun!!! #nl# Yes guys, there's still much more to offer!!! If you were raving on Cazumbi vol. 1, wait to hear the second.I swear, it's much, MUCH better than the first! Absolutely stunning collection of 21 tracks, ranging from the more sophisticatedly produced (but hell, WILD!!!!) fuzzy garage sounds of South African groups like The Gonks, Birds of a Feather, Them or The Invaders, to the primitive raw garage, beat and jerk of Tall Emma & His Skipper (from Ghana with their killer Hammatan),Vum Vum and Os Rocks from Angola, Les Kilts from Cameroun, Les Safari and Les Jokers from Madagascar, and a good number of Mozambique combos. #nl# This brilliant release comes with great artwork, and an insert is included with photos and information on some of the groups and the African 60's rock scene. Limited vinyl release of 700 copies, and 500 papersleeve CDs. Fully remastered sound. #nl# Tracklisting: SIDE 1: 01 - THE GONKS - WOMAN YEAH (S.A) 02 - TALL EMMA & HIS SKIPPER - HAMMATAN (GHANA) 03 - OS IMPACTO - UMA VELHA FOI A FEIRA (MOZAMBIQUE) 04 - VUM VUM - XE XE XE KANGRIMA (ANGOLA) 05 - BIRDS OF A FEATHER - COME ON UP (S.A) 06 - LES KILTS - JERK BASTOS (CAMARONS) 07 - LES SAFARI - LES JEUNES TIGRES (MADAGASCAR) 08 - SIMIAO - WASATI WALOMU (MOZAMBIQUE) 09 - THE HOBOS - HASIE (S.A) 010 - CONJUNTO NIGHT STARS - YEAH (MOZAMBIQUE) 011 - OS INFLEXOS - I FEEL FINE (MOZAMBIQUE) #nl# SIDE 2 01 - THE INVADERS - PAINTER MAN (S.A) 02 - OS IMPACTO - THATS WHAT I WANT (MOZAMBIQUE) 03 - LES SAFARI - ELLE AVAIT TOUT (MADAGASCAR) 04 - MAD-MUNKS - LUCILLE (S.A) 05 - LES JOKERS - DIVIDI JANE (MADAGASCAR) 06 - THEM - ONE TIME TOO MANY (S.A) 07 - VUM VUM - MONAMI (ANGOLA) 08 - OS ROCKS - I PUT A SPELL ON YOU (ANGOLA) 09 - CONJUNTO OLIVEIRA MUGE -PIANGE CON ME (MOZAMBIQUE) 010 - H2O - DEATH OF A CLOWN(MOZAMBIQUE)","robots":{"index":"index","follow":"follow","max-snippet":"max-snippet:-1","max-image-preview":"max-image-preview:large","max-video-preview":"max-video-preview:-1"},"canonical":"https:\/\/wpguerssen-test.odoo.rgbconsulting.com\/es\/producto\/cazumbi-vol-2-papersleeve\/","og_locale":"es_ES","og_type":"article","og_title":"VARIOUS ARTISTS - Cazumbi Vol. 2 (papersleeve) -  (CD) | Guerssen","og_description":"60's garage rock and jerk out of South Africa, Angola, Mozambique, Ghana, Madagascar and Cameroun!!! #nl# Yes guys, there's still much more to offer!!! If you were raving on Cazumbi vol. 1, wait to hear the second.I swear, it's much, MUCH better than the first! Absolutely stunning collection of 21 tracks, ranging from the more sophisticatedly produced (but hell, WILD!!!!) fuzzy garage sounds of South African groups like The Gonks, Birds of a Feather, Them or The Invaders, to the primitive raw garage, beat and jerk of Tall Emma & His Skipper (from Ghana with their killer Hammatan),Vum Vum and Os Rocks from Angola, Les Kilts from Cameroun, Les Safari and Les Jokers from Madagascar, and a good number of Mozambique combos. #nl# This brilliant release comes with great artwork, and an insert is included with photos and information on some of the groups and the African 60's rock scene. Limited vinyl release of 700 copies, and 500 papersleeve CDs. Fully remastered sound. #nl# Tracklisting: SIDE 1: 01 - THE GONKS - WOMAN YEAH (S.A) 02 - TALL EMMA & HIS SKIPPER - HAMMATAN (GHANA) 03 - OS IMPACTO - UMA VELHA FOI A FEIRA (MOZAMBIQUE) 04 - VUM VUM - XE XE XE KANGRIMA (ANGOLA) 05 - BIRDS OF A FEATHER - COME ON UP (S.A) 06 - LES KILTS - JERK BASTOS (CAMARONS) 07 - LES SAFARI - LES JEUNES TIGRES (MADAGASCAR) 08 - SIMIAO - WASATI WALOMU (MOZAMBIQUE) 09 - THE HOBOS - HASIE (S.A) 010 - CONJUNTO NIGHT STARS - YEAH (MOZAMBIQUE) 011 - OS INFLEXOS - I FEEL FINE (MOZAMBIQUE) #nl# SIDE 2 01 - THE INVADERS - PAINTER MAN (S.A) 02 - OS IMPACTO - THATS WHAT I WANT (MOZAMBIQUE) 03 - LES SAFARI - ELLE AVAIT TOUT (MADAGASCAR) 04 - MAD-MUNKS - LUCILLE (S.A) 05 - LES JOKERS - DIVIDI JANE (MADAGASCAR) 06 - THEM - ONE TIME TOO MANY (S.A) 07 - VUM VUM - MONAMI (ANGOLA) 08 - OS ROCKS - I PUT A SPELL ON YOU (ANGOLA) 09 - CONJUNTO OLIVEIRA MUGE -PIANGE CON ME (MOZAMBIQUE) 010 - H2O - DEATH OF A CLOWN(MOZAMBIQUE)","og_url":"https:\/\/wpguerssen-test.odoo.rgbconsulting.com\/es\/producto\/cazumbi-vol-2-papersleeve\/","og_site_name":"Guerssen records","article_modified_time":"2025-03-26T15:23:56+00:00","og_image":[{"width":885,"height":887,"url":"https:\/\/wpguerssen-test.odoo.rgbconsulting.com\/wp-content\/uploads\/2022\/03\/10472.jpg","type":"image\/jpeg"}],"twitter_card":"summary_large_image","twitter_title":"VARIOUS ARTISTS - Cazumbi Vol. 2 (papersleeve) -  (CD) | Guerssen","twitter_misc":{"Tiempo de lectura":"2 minutos"},"schema":{"@context":"https:\/\/schema.org","@graph":[{"@type":"WebPage","@id":"https:\/\/wpguerssen-test.odoo.rgbconsulting.com\/es\/producto\/cazumbi-vol-2-papersleeve\/","url":"https:\/\/wpguerssen-test.odoo.rgbconsulting.com\/es\/producto\/cazumbi-vol-2-papersleeve\/","name":"VARIOUS ARTISTS - Cazumbi Vol. 2 (papersleeve) - (CD) | Guerssen","isPartOf":{"@id":"https:\/\/wpguerssen-test.odoo.rgbconsulting.com\/es\/#website"},"primaryImageOfPage":{"@id":"https:\/\/wpguerssen-test.odoo.rgbconsulting.com\/es\/producto\/cazumbi-vol-2-papersleeve\/#primaryimage"},"image":{"@id":"https:\/\/wpguerssen-test.odoo.rgbconsulting.com\/es\/producto\/cazumbi-vol-2-papersleeve\/#primaryimage"},"thumbnailUrl":"https:\/\/wpguerssen-test.odoo.rgbconsulting.com\/wp-content\/uploads\/2022\/03\/10472.jpg","datePublished":"2009-06-15T22:00:00+00:00","dateModified":"2025-03-26T15:23:56+00:00","description":"60's garage rock and jerk out of South Africa, Angola, Mozambique, Ghana, Madagascar and Cameroun!!! #nl# Yes guys, there's still much more to offer!!! If you were raving on Cazumbi vol. 1, wait to hear the second.I swear, it's much, MUCH better than the first! Absolutely stunning collection of 21 tracks, ranging from the more sophisticatedly produced (but hell, WILD!!!!) fuzzy garage sounds of South African groups like The Gonks, Birds of a Feather, Them or The Invaders, to the primitive raw garage, beat and jerk of Tall Emma & His Skipper (from Ghana with their killer Hammatan),Vum Vum and Os Rocks from Angola, Les Kilts from Cameroun, Les Safari and Les Jokers from Madagascar, and a good number of Mozambique combos. #nl# This brilliant release comes with great artwork, and an insert is included with photos and information on some of the groups and the African 60's rock scene. Limited vinyl release of 700 copies, and 500 papersleeve CDs. Fully remastered sound. #nl# Tracklisting: SIDE 1: 01 - THE GONKS - WOMAN YEAH (S.A) 02 - TALL EMMA & HIS SKIPPER - HAMMATAN (GHANA) 03 - OS IMPACTO - UMA VELHA FOI A FEIRA (MOZAMBIQUE) 04 - VUM VUM - XE XE XE KANGRIMA (ANGOLA) 05 - BIRDS OF A FEATHER - COME ON UP (S.A) 06 - LES KILTS - JERK BASTOS (CAMARONS) 07 - LES SAFARI - LES JEUNES TIGRES (MADAGASCAR) 08 - SIMIAO - WASATI WALOMU (MOZAMBIQUE) 09 - THE HOBOS - HASIE (S.A) 010 - CONJUNTO NIGHT STARS - YEAH (MOZAMBIQUE) 011 - OS INFLEXOS - I FEEL FINE (MOZAMBIQUE) #nl# SIDE 2 01 - THE INVADERS - PAINTER MAN (S.A) 02 - OS IMPACTO - THATS WHAT I WANT (MOZAMBIQUE) 03 - LES SAFARI - ELLE AVAIT TOUT (MADAGASCAR) 04 - MAD-MUNKS - LUCILLE (S.A) 05 - LES JOKERS - DIVIDI JANE (MADAGASCAR) 06 - THEM - ONE TIME TOO MANY (S.A) 07 - VUM VUM - MONAMI (ANGOLA) 08 - OS ROCKS - I PUT A SPELL ON YOU (ANGOLA) 09 - CONJUNTO OLIVEIRA MUGE -PIANGE CON ME (MOZAMBIQUE) 010 - H2O - DEATH OF A CLOWN(MOZAMBIQUE)","breadcrumb":{"@id":"https:\/\/wpguerssen-test.odoo.rgbconsulting.com\/es\/producto\/cazumbi-vol-2-papersleeve\/#breadcrumb"},"inLanguage":"es","potentialAction":[{"@type":"ReadAction","target":["https:\/\/wpguerssen-test.odoo.rgbconsulting.com\/es\/producto\/cazumbi-vol-2-papersleeve\/"]}]},{"@type":"ImageObject","inLanguage":"es","@id":"https:\/\/wpguerssen-test.odoo.rgbconsulting.com\/es\/producto\/cazumbi-vol-2-papersleeve\/#primaryimage","url":"https:\/\/wpguerssen-test.odoo.rgbconsulting.com\/wp-content\/uploads\/2022\/03\/10472.jpg","contentUrl":"https:\/\/wpguerssen-test.odoo.rgbconsulting.com\/wp-content\/uploads\/2022\/03\/10472.jpg","width":885,"height":887,"caption":"VARIOUS ARTISTS - Cazumbi Vol. 2 (papersleeve) - NOSMOKERECORDS (CD) | Guerssen"},{"@type":"BreadcrumbList","@id":"https:\/\/wpguerssen-test.odoo.rgbconsulting.com\/es\/producto\/cazumbi-vol-2-papersleeve\/#breadcrumb","itemListElement":[{"@type":"ListItem","position":1,"name":"Inicio","item":"https:\/\/wpguerssen-test.odoo.rgbconsulting.com\/es\/"},{"@type":"ListItem","position":2,"name":"Shop","item":"https:\/\/wpguerssen-test.odoo.rgbconsulting.com\/shop\/"},{"@type":"ListItem","position":3,"name":"Cazumbi Vol. 2 (papersleeve)"}]},{"@type":"WebSite","@id":"https:\/\/wpguerssen-test.odoo.rgbconsulting.com\/es\/#website","url":"https:\/\/wpguerssen-test.odoo.rgbconsulting.com\/es\/","name":"Guerssen records","description":"psychedelia - progressive - folk - garage ","publisher":{"@id":"https:\/\/wpguerssen-test.odoo.rgbconsulting.com\/es\/#organization"},"potentialAction":[{"@type":"SearchAction","target":{"@type":"EntryPoint","urlTemplate":"https:\/\/wpguerssen-test.odoo.rgbconsulting.com\/es\/?s={search_term_string}"},"query-input":{"@type":"PropertyValueSpecification","valueRequired":true,"valueName":"search_term_string"}}],"inLanguage":"es"},{"@type":"Organization","@id":"https:\/\/wpguerssen-test.odoo.rgbconsulting.com\/es\/#organization","name":"Guerssen records","url":"https:\/\/wpguerssen-test.odoo.rgbconsulting.com\/es\/","logo":{"@type":"ImageObject","inLanguage":"es","@id":"https:\/\/wpguerssen-test.odoo.rgbconsulting.com\/es\/#\/schema\/logo\/image\/","url":"https:\/\/wpguerssen-test.odoo.rgbconsulting.com\/wp-content\/uploads\/2022\/04\/Logo_Guerssen_trans_100.png","contentUrl":"https:\/\/wpguerssen-test.odoo.rgbconsulting.com\/wp-content\/uploads\/2022\/04\/Logo_Guerssen_trans_100.png","width":122,"height":100,"caption":"Guerssen records"},"image":{"@id":"https:\/\/wpguerssen-test.odoo.rgbconsulting.com\/es\/#\/schema\/logo\/image\/"}}]}},"_links":{"self":[{"href":"https:\/\/wpguerssen-test.odoo.rgbconsulting.com\/es\/wp-json\/wp\/v2\/product\/177712","targetHints":{"allow":["GET"]}}],"collection":[{"href":"https:\/\/wpguerssen-test.odoo.rgbconsulting.com\/es\/wp-json\/wp\/v2\/product"}],"about":[{"href":"https:\/\/wpguerssen-test.odoo.rgbconsulting.com\/es\/wp-json\/wp\/v2\/types\/product"}],"wp:featuredmedia":[{"embeddable":true,"href":"https:\/\/wpguerssen-test.odoo.rgbconsulting.com\/es\/wp-json\/wp\/v2\/media\/111885"}],"wp:attachment":[{"href":"https:\/\/wpguerssen-test.odoo.rgbconsulting.com\/es\/wp-json\/wp\/v2\/media?parent=177712"}],"wp:term":[{"taxonomy":"product_brand","embeddable":true,"href":"https:\/\/wpguerssen-test.odoo.rgbconsulting.com\/es\/wp-json\/wp\/v2\/product_brand?post=177712"},{"taxonomy":"product_cat","embeddable":true,"href":"https:\/\/wpguerssen-test.odoo.rgbconsulting.com\/es\/wp-json\/wp\/v2\/product_cat?post=177712"},{"taxonomy":"product_tag","embeddable":true,"href":"https:\/\/wpguerssen-test.odoo.rgbconsulting.com\/es\/wp-json\/wp\/v2\/product_tag?post=177712"}],"curies":[{"name":"wp","href":"https:\/\/api.w.org\/{rel}","templated":true}]}}