{"id":177770,"date":"2009-11-30T00:00:00","date_gmt":"2009-11-29T23:00:00","guid":{"rendered":"http:\/\/guerssen.hl1097.dinaserver.com\/product\/livin-free-cd\/"},"modified":"2025-04-29T13:28:10","modified_gmt":"2025-04-29T11:28:10","slug":"livin-free-cd","status":"publish","type":"product","link":"https:\/\/wpguerssen-test.odoo.rgbconsulting.com\/es\/producto\/livin-free-cd\/","title":{"rendered":"Livin&#8217; free (CD)"},"content":{"rendered":"<p>En 1967, unos chicos norteamericanos y argentinos grabaron un \u00e1lbum m\u00e1gico que ha permanecido oculto durante muchos a\u00f1os debido a su extrema rareza. Solo unas pocas copias originales se conocen actualmente.<BR>Editado en 1968 por el sello local argentino Phonexa, el disco de Schibbinz podr\u00eda ser considerado como el \u00e1lbum definitivo de teen garage folk-rock jam\u00e1s grabado. Un disco de belleza fr\u00e1gil, adelantado a su tiempo, con sonido lo-fi, repleto de m\u00e1gicas e inocentes voces, \u00abjangly guitars\u00bb a lo Byrds y atm\u00f3sfera misteriosa. Tiene la clase de sonido que s\u00f3lo se se puede encontrar en contados discos privados USA 60s como Rising Storm o Summer Sounds. Pero la m\u00fasica de Schibbinz va m\u00e1s all\u00e1. <\/p>\n<p> Estamos muy orgullosos de poder ofrecer este maravilloso y ultra-raro disco reeditado por vez primera, contando con la ayuda de los miembros del grupo. Las cintas originales se perdieron, as\u00ed que el sonido ha sido cuidadosamente remasterizado de una copia original en estado casi nuevo. Incluye extensas notas y un mont\u00f3n de fotos extra\u00eddas de los archivos personales de los miembros del grupo, adem\u00e1s de 3 raros bonus tracks in\u00e9ditos. <\/p>\n<p> \u00abComo lleg\u00f3 este grupo, con esa corta edad, a grabar uno de los manifiestos m\u00e1s bellos de pop-psych \/ garaje de los Sesenta? El sentimiento de urgencia de las canciones es palpable en cada escucha, y la s\u00edntesis de garaje \/ pop nunca fue tan perfecto. Este disco es esencial.\u00bb The Strange Experience Of Music Blog<\/p>\n","protected":false},"excerpt":{"rendered":"<p>En 1967, unos chicos norteamericanos y argentinos grabaron un \u00e1lbum m\u00e1gico que ha permanecido oculto durante muchos a\u00f1os debido a su extrema rareza. Solo unas pocas<a class=\"read\" href=\"https:\/\/wpguerssen-test.odoo.rgbconsulting.com\/es\/producto\/livin-free-cd\/\"> (...)<\/a>","protected":false},"featured_media":112012,"template":"","meta":{"_acf_changed":false},"product_brand":[],"product_cat":[23281,23274],"product_tag":[29138,24190],"class_list":{"0":"post-177770","1":"product","2":"type-product","3":"status-publish","4":"has-post-thumbnail","6":"product_cat-garagebeatrnb60-70-es","7":"product_cat-folk-rock-60s-70s-es","8":"product_tag-cd-es","9":"product_tag-sales-es","10":"pa_artist-schibbinz-es","11":"pa_format-cd-2-es","12":"pa_gender-garage-beat-rnb60-70-folk-rock-60s-70s","13":"pa_label-guerssen-es","14":"pa_location-south-america-caribbean-es","16":"first","17":"instock","18":"taxable","19":"shipping-taxable","20":"purchasable","21":"product-type-simple"},"acf":[],"yoast_head":"<!-- This site is optimized with the Yoast SEO plugin v24.9 - https:\/\/yoast.com\/wordpress\/plugins\/seo\/ -->\n<title>SCHIBBINZ - Livin&#039; free (CD) -  (CD) | Guerssen<\/title>\n<meta name=\"description\" content=\"In 1967, a bunch of US and Argentinean kids recorded a magical album which has remained unknown for many years due to its extreme rarity, with less than a handful known copies to exist. Released in 1968 in Argentina by a label called Phonexa, the Schibbinz album could be regarded as the ultimate teen garage folk-rock album ever. An album of fragile beauty, full of teen charm, innocent vocals, jangly guitars, charming lo-fi sound and lost-in-time atmosphere. It has the look and sound that can only be found on some USA 60s private pressings like Rising Storm or Summer Sounds. But Schibbinz music is something else. #nl# So now we&#039;re proud to present this wonderful and mega-rare album to the world, in a production counting with the band&#039;s involvement and assistance. Master tapes are lost, but the sound has been carefully remastered from an original near mint copy. Extensive, detailed liner notes and lots of cool pictures from the band&#039;s archives are all included in the booklet.Also, 3 unreleased bonus tracks are included here, not in the vinyl version.\" \/>\n<meta name=\"robots\" content=\"index, follow, max-snippet:-1, max-image-preview:large, max-video-preview:-1\" \/>\n<link rel=\"canonical\" href=\"https:\/\/wpguerssen-test.odoo.rgbconsulting.com\/es\/producto\/livin-free-cd\/\" \/>\n<meta property=\"og:locale\" content=\"es_ES\" \/>\n<meta property=\"og:type\" content=\"article\" \/>\n<meta property=\"og:title\" content=\"SCHIBBINZ - Livin&#039; free (CD) -  (CD) | Guerssen\" \/>\n<meta property=\"og:description\" content=\"In 1967, a bunch of US and Argentinean kids recorded a magical album which has remained unknown for many years due to its extreme rarity, with less than a handful known copies to exist. Released in 1968 in Argentina by a label called Phonexa, the Schibbinz album could be regarded as the ultimate teen garage folk-rock album ever. An album of fragile beauty, full of teen charm, innocent vocals, jangly guitars, charming lo-fi sound and lost-in-time atmosphere. It has the look and sound that can only be found on some USA 60s private pressings like Rising Storm or Summer Sounds. But Schibbinz music is something else. #nl# So now we&#039;re proud to present this wonderful and mega-rare album to the world, in a production counting with the band&#039;s involvement and assistance. Master tapes are lost, but the sound has been carefully remastered from an original near mint copy. Extensive, detailed liner notes and lots of cool pictures from the band&#039;s archives are all included in the booklet.Also, 3 unreleased bonus tracks are included here, not in the vinyl version.\" \/>\n<meta property=\"og:url\" content=\"https:\/\/wpguerssen-test.odoo.rgbconsulting.com\/es\/producto\/livin-free-cd\/\" \/>\n<meta property=\"og:site_name\" content=\"Guerssen records\" \/>\n<meta property=\"article:modified_time\" content=\"2025-04-29T11:28:10+00:00\" \/>\n<meta property=\"og:image\" content=\"https:\/\/wpguerssen-test.odoo.rgbconsulting.com\/wp-content\/uploads\/2022\/03\/10844.jpg\" \/>\n\t<meta property=\"og:image:width\" content=\"500\" \/>\n\t<meta property=\"og:image:height\" content=\"500\" \/>\n\t<meta property=\"og:image:type\" content=\"image\/jpeg\" \/>\n<meta name=\"twitter:card\" content=\"summary_large_image\" \/>\n<meta name=\"twitter:title\" content=\"SCHIBBINZ - Livin&#039; free (CD) -  (CD) | Guerssen\" \/>\n<meta name=\"twitter:label1\" content=\"Tiempo de lectura\" \/>\n\t<meta name=\"twitter:data1\" content=\"1 minuto\" \/>\n<script type=\"application\/ld+json\" class=\"yoast-schema-graph\">{\"@context\":\"https:\/\/schema.org\",\"@graph\":[{\"@type\":\"WebPage\",\"@id\":\"https:\/\/wpguerssen-test.odoo.rgbconsulting.com\/es\/producto\/livin-free-cd\/\",\"url\":\"https:\/\/wpguerssen-test.odoo.rgbconsulting.com\/es\/producto\/livin-free-cd\/\",\"name\":\"SCHIBBINZ - Livin' free (CD) - (CD) | Guerssen\",\"isPartOf\":{\"@id\":\"https:\/\/wpguerssen-test.odoo.rgbconsulting.com\/es\/#website\"},\"primaryImageOfPage\":{\"@id\":\"https:\/\/wpguerssen-test.odoo.rgbconsulting.com\/es\/producto\/livin-free-cd\/#primaryimage\"},\"image\":{\"@id\":\"https:\/\/wpguerssen-test.odoo.rgbconsulting.com\/es\/producto\/livin-free-cd\/#primaryimage\"},\"thumbnailUrl\":\"https:\/\/wpguerssen-test.odoo.rgbconsulting.com\/wp-content\/uploads\/2022\/03\/10844.jpg\",\"datePublished\":\"2009-11-29T23:00:00+00:00\",\"dateModified\":\"2025-04-29T11:28:10+00:00\",\"description\":\"In 1967, a bunch of US and Argentinean kids recorded a magical album which has remained unknown for many years due to its extreme rarity, with less than a handful known copies to exist. Released in 1968 in Argentina by a label called Phonexa, the Schibbinz album could be regarded as the ultimate teen garage folk-rock album ever. An album of fragile beauty, full of teen charm, innocent vocals, jangly guitars, charming lo-fi sound and lost-in-time atmosphere. It has the look and sound that can only be found on some USA 60s private pressings like Rising Storm or Summer Sounds. But Schibbinz music is something else. #nl# So now we're proud to present this wonderful and mega-rare album to the world, in a production counting with the band's involvement and assistance. Master tapes are lost, but the sound has been carefully remastered from an original near mint copy. Extensive, detailed liner notes and lots of cool pictures from the band's archives are all included in the booklet.Also, 3 unreleased bonus tracks are included here, not in the vinyl version.\",\"breadcrumb\":{\"@id\":\"https:\/\/wpguerssen-test.odoo.rgbconsulting.com\/es\/producto\/livin-free-cd\/#breadcrumb\"},\"inLanguage\":\"es\",\"potentialAction\":[{\"@type\":\"ReadAction\",\"target\":[\"https:\/\/wpguerssen-test.odoo.rgbconsulting.com\/es\/producto\/livin-free-cd\/\"]}]},{\"@type\":\"ImageObject\",\"inLanguage\":\"es\",\"@id\":\"https:\/\/wpguerssen-test.odoo.rgbconsulting.com\/es\/producto\/livin-free-cd\/#primaryimage\",\"url\":\"https:\/\/wpguerssen-test.odoo.rgbconsulting.com\/wp-content\/uploads\/2022\/03\/10844.jpg\",\"contentUrl\":\"https:\/\/wpguerssen-test.odoo.rgbconsulting.com\/wp-content\/uploads\/2022\/03\/10844.jpg\",\"width\":500,\"height\":500,\"caption\":\"SCHIBBINZ - Livin' free (CD) - GUERSSEN (CD) | Guerssen\"},{\"@type\":\"BreadcrumbList\",\"@id\":\"https:\/\/wpguerssen-test.odoo.rgbconsulting.com\/es\/producto\/livin-free-cd\/#breadcrumb\",\"itemListElement\":[{\"@type\":\"ListItem\",\"position\":1,\"name\":\"Inicio\",\"item\":\"https:\/\/wpguerssen-test.odoo.rgbconsulting.com\/es\/\"},{\"@type\":\"ListItem\",\"position\":2,\"name\":\"Shop\",\"item\":\"https:\/\/wpguerssen-test.odoo.rgbconsulting.com\/shop\/\"},{\"@type\":\"ListItem\",\"position\":3,\"name\":\"Livin&#8217; free (CD)\"}]},{\"@type\":\"WebSite\",\"@id\":\"https:\/\/wpguerssen-test.odoo.rgbconsulting.com\/es\/#website\",\"url\":\"https:\/\/wpguerssen-test.odoo.rgbconsulting.com\/es\/\",\"name\":\"Guerssen records\",\"description\":\"psychedelia - progressive - folk - garage \",\"publisher\":{\"@id\":\"https:\/\/wpguerssen-test.odoo.rgbconsulting.com\/es\/#organization\"},\"potentialAction\":[{\"@type\":\"SearchAction\",\"target\":{\"@type\":\"EntryPoint\",\"urlTemplate\":\"https:\/\/wpguerssen-test.odoo.rgbconsulting.com\/es\/?s={search_term_string}\"},\"query-input\":{\"@type\":\"PropertyValueSpecification\",\"valueRequired\":true,\"valueName\":\"search_term_string\"}}],\"inLanguage\":\"es\"},{\"@type\":\"Organization\",\"@id\":\"https:\/\/wpguerssen-test.odoo.rgbconsulting.com\/es\/#organization\",\"name\":\"Guerssen records\",\"url\":\"https:\/\/wpguerssen-test.odoo.rgbconsulting.com\/es\/\",\"logo\":{\"@type\":\"ImageObject\",\"inLanguage\":\"es\",\"@id\":\"https:\/\/wpguerssen-test.odoo.rgbconsulting.com\/es\/#\/schema\/logo\/image\/\",\"url\":\"https:\/\/wpguerssen-test.odoo.rgbconsulting.com\/wp-content\/uploads\/2022\/04\/Logo_Guerssen_trans_100.png\",\"contentUrl\":\"https:\/\/wpguerssen-test.odoo.rgbconsulting.com\/wp-content\/uploads\/2022\/04\/Logo_Guerssen_trans_100.png\",\"width\":122,\"height\":100,\"caption\":\"Guerssen records\"},\"image\":{\"@id\":\"https:\/\/wpguerssen-test.odoo.rgbconsulting.com\/es\/#\/schema\/logo\/image\/\"}}]}<\/script>\n<!-- \/ Yoast SEO plugin. -->","yoast_head_json":{"title":"SCHIBBINZ - Livin' free (CD) -  (CD) | Guerssen","description":"In 1967, a bunch of US and Argentinean kids recorded a magical album which has remained unknown for many years due to its extreme rarity, with less than a handful known copies to exist. Released in 1968 in Argentina by a label called Phonexa, the Schibbinz album could be regarded as the ultimate teen garage folk-rock album ever. An album of fragile beauty, full of teen charm, innocent vocals, jangly guitars, charming lo-fi sound and lost-in-time atmosphere. It has the look and sound that can only be found on some USA 60s private pressings like Rising Storm or Summer Sounds. But Schibbinz music is something else. #nl# So now we're proud to present this wonderful and mega-rare album to the world, in a production counting with the band's involvement and assistance. Master tapes are lost, but the sound has been carefully remastered from an original near mint copy. Extensive, detailed liner notes and lots of cool pictures from the band's archives are all included in the booklet.Also, 3 unreleased bonus tracks are included here, not in the vinyl version.","robots":{"index":"index","follow":"follow","max-snippet":"max-snippet:-1","max-image-preview":"max-image-preview:large","max-video-preview":"max-video-preview:-1"},"canonical":"https:\/\/wpguerssen-test.odoo.rgbconsulting.com\/es\/producto\/livin-free-cd\/","og_locale":"es_ES","og_type":"article","og_title":"SCHIBBINZ - Livin' free (CD) -  (CD) | Guerssen","og_description":"In 1967, a bunch of US and Argentinean kids recorded a magical album which has remained unknown for many years due to its extreme rarity, with less than a handful known copies to exist. Released in 1968 in Argentina by a label called Phonexa, the Schibbinz album could be regarded as the ultimate teen garage folk-rock album ever. An album of fragile beauty, full of teen charm, innocent vocals, jangly guitars, charming lo-fi sound and lost-in-time atmosphere. It has the look and sound that can only be found on some USA 60s private pressings like Rising Storm or Summer Sounds. But Schibbinz music is something else. #nl# So now we're proud to present this wonderful and mega-rare album to the world, in a production counting with the band's involvement and assistance. Master tapes are lost, but the sound has been carefully remastered from an original near mint copy. Extensive, detailed liner notes and lots of cool pictures from the band's archives are all included in the booklet.Also, 3 unreleased bonus tracks are included here, not in the vinyl version.","og_url":"https:\/\/wpguerssen-test.odoo.rgbconsulting.com\/es\/producto\/livin-free-cd\/","og_site_name":"Guerssen records","article_modified_time":"2025-04-29T11:28:10+00:00","og_image":[{"width":500,"height":500,"url":"https:\/\/wpguerssen-test.odoo.rgbconsulting.com\/wp-content\/uploads\/2022\/03\/10844.jpg","type":"image\/jpeg"}],"twitter_card":"summary_large_image","twitter_title":"SCHIBBINZ - Livin' free (CD) -  (CD) | Guerssen","twitter_misc":{"Tiempo de lectura":"1 minuto"},"schema":{"@context":"https:\/\/schema.org","@graph":[{"@type":"WebPage","@id":"https:\/\/wpguerssen-test.odoo.rgbconsulting.com\/es\/producto\/livin-free-cd\/","url":"https:\/\/wpguerssen-test.odoo.rgbconsulting.com\/es\/producto\/livin-free-cd\/","name":"SCHIBBINZ - Livin' free (CD) - (CD) | Guerssen","isPartOf":{"@id":"https:\/\/wpguerssen-test.odoo.rgbconsulting.com\/es\/#website"},"primaryImageOfPage":{"@id":"https:\/\/wpguerssen-test.odoo.rgbconsulting.com\/es\/producto\/livin-free-cd\/#primaryimage"},"image":{"@id":"https:\/\/wpguerssen-test.odoo.rgbconsulting.com\/es\/producto\/livin-free-cd\/#primaryimage"},"thumbnailUrl":"https:\/\/wpguerssen-test.odoo.rgbconsulting.com\/wp-content\/uploads\/2022\/03\/10844.jpg","datePublished":"2009-11-29T23:00:00+00:00","dateModified":"2025-04-29T11:28:10+00:00","description":"In 1967, a bunch of US and Argentinean kids recorded a magical album which has remained unknown for many years due to its extreme rarity, with less than a handful known copies to exist. Released in 1968 in Argentina by a label called Phonexa, the Schibbinz album could be regarded as the ultimate teen garage folk-rock album ever. An album of fragile beauty, full of teen charm, innocent vocals, jangly guitars, charming lo-fi sound and lost-in-time atmosphere. It has the look and sound that can only be found on some USA 60s private pressings like Rising Storm or Summer Sounds. But Schibbinz music is something else. #nl# So now we're proud to present this wonderful and mega-rare album to the world, in a production counting with the band's involvement and assistance. Master tapes are lost, but the sound has been carefully remastered from an original near mint copy. Extensive, detailed liner notes and lots of cool pictures from the band's archives are all included in the booklet.Also, 3 unreleased bonus tracks are included here, not in the vinyl version.","breadcrumb":{"@id":"https:\/\/wpguerssen-test.odoo.rgbconsulting.com\/es\/producto\/livin-free-cd\/#breadcrumb"},"inLanguage":"es","potentialAction":[{"@type":"ReadAction","target":["https:\/\/wpguerssen-test.odoo.rgbconsulting.com\/es\/producto\/livin-free-cd\/"]}]},{"@type":"ImageObject","inLanguage":"es","@id":"https:\/\/wpguerssen-test.odoo.rgbconsulting.com\/es\/producto\/livin-free-cd\/#primaryimage","url":"https:\/\/wpguerssen-test.odoo.rgbconsulting.com\/wp-content\/uploads\/2022\/03\/10844.jpg","contentUrl":"https:\/\/wpguerssen-test.odoo.rgbconsulting.com\/wp-content\/uploads\/2022\/03\/10844.jpg","width":500,"height":500,"caption":"SCHIBBINZ - Livin' free (CD) - GUERSSEN (CD) | Guerssen"},{"@type":"BreadcrumbList","@id":"https:\/\/wpguerssen-test.odoo.rgbconsulting.com\/es\/producto\/livin-free-cd\/#breadcrumb","itemListElement":[{"@type":"ListItem","position":1,"name":"Inicio","item":"https:\/\/wpguerssen-test.odoo.rgbconsulting.com\/es\/"},{"@type":"ListItem","position":2,"name":"Shop","item":"https:\/\/wpguerssen-test.odoo.rgbconsulting.com\/shop\/"},{"@type":"ListItem","position":3,"name":"Livin&#8217; free (CD)"}]},{"@type":"WebSite","@id":"https:\/\/wpguerssen-test.odoo.rgbconsulting.com\/es\/#website","url":"https:\/\/wpguerssen-test.odoo.rgbconsulting.com\/es\/","name":"Guerssen records","description":"psychedelia - progressive - folk - garage ","publisher":{"@id":"https:\/\/wpguerssen-test.odoo.rgbconsulting.com\/es\/#organization"},"potentialAction":[{"@type":"SearchAction","target":{"@type":"EntryPoint","urlTemplate":"https:\/\/wpguerssen-test.odoo.rgbconsulting.com\/es\/?s={search_term_string}"},"query-input":{"@type":"PropertyValueSpecification","valueRequired":true,"valueName":"search_term_string"}}],"inLanguage":"es"},{"@type":"Organization","@id":"https:\/\/wpguerssen-test.odoo.rgbconsulting.com\/es\/#organization","name":"Guerssen records","url":"https:\/\/wpguerssen-test.odoo.rgbconsulting.com\/es\/","logo":{"@type":"ImageObject","inLanguage":"es","@id":"https:\/\/wpguerssen-test.odoo.rgbconsulting.com\/es\/#\/schema\/logo\/image\/","url":"https:\/\/wpguerssen-test.odoo.rgbconsulting.com\/wp-content\/uploads\/2022\/04\/Logo_Guerssen_trans_100.png","contentUrl":"https:\/\/wpguerssen-test.odoo.rgbconsulting.com\/wp-content\/uploads\/2022\/04\/Logo_Guerssen_trans_100.png","width":122,"height":100,"caption":"Guerssen records"},"image":{"@id":"https:\/\/wpguerssen-test.odoo.rgbconsulting.com\/es\/#\/schema\/logo\/image\/"}}]}},"_links":{"self":[{"href":"https:\/\/wpguerssen-test.odoo.rgbconsulting.com\/es\/wp-json\/wp\/v2\/product\/177770","targetHints":{"allow":["GET"]}}],"collection":[{"href":"https:\/\/wpguerssen-test.odoo.rgbconsulting.com\/es\/wp-json\/wp\/v2\/product"}],"about":[{"href":"https:\/\/wpguerssen-test.odoo.rgbconsulting.com\/es\/wp-json\/wp\/v2\/types\/product"}],"wp:featuredmedia":[{"embeddable":true,"href":"https:\/\/wpguerssen-test.odoo.rgbconsulting.com\/es\/wp-json\/wp\/v2\/media\/112012"}],"wp:attachment":[{"href":"https:\/\/wpguerssen-test.odoo.rgbconsulting.com\/es\/wp-json\/wp\/v2\/media?parent=177770"}],"wp:term":[{"taxonomy":"product_brand","embeddable":true,"href":"https:\/\/wpguerssen-test.odoo.rgbconsulting.com\/es\/wp-json\/wp\/v2\/product_brand?post=177770"},{"taxonomy":"product_cat","embeddable":true,"href":"https:\/\/wpguerssen-test.odoo.rgbconsulting.com\/es\/wp-json\/wp\/v2\/product_cat?post=177770"},{"taxonomy":"product_tag","embeddable":true,"href":"https:\/\/wpguerssen-test.odoo.rgbconsulting.com\/es\/wp-json\/wp\/v2\/product_tag?post=177770"}],"curies":[{"name":"wp","href":"https:\/\/api.w.org\/{rel}","templated":true}]}}