{"id":177808,"date":"2010-02-25T00:00:00","date_gmt":"2010-02-24T23:00:00","guid":{"rendered":"http:\/\/guerssen.hl1097.dinaserver.com\/product\/chichoneras-cat-2\/"},"modified":"2025-03-03T15:16:06","modified_gmt":"2025-03-03T14:16:06","slug":"chichoneras-cat-2","status":"publish","type":"product","link":"https:\/\/wpguerssen-test.odoo.rgbconsulting.com\/es\/producto\/chichoneras-cat-2\/","title":{"rendered":"Chichonera&#8217;s cat"},"content":{"rendered":"<p>Despu\u00e9s de si impresionante LP de debut, Ia-Batiste llevaron su talento un paso adelante y combinando complejas estructiuras de rock progresivo con su habitual facilidad para las pegadizas melod\u00edas pop facturaron una sofisticada colecci\u00f3n de encantadoras canciones de folk-pop progresivo.<BR>Grabadas en los estudios de EMI entre mayo y junio de 1975, cuentan con la colaboraci\u00f3n de Jordi Clua al bajo, Francis Rabassa a la bater\u00eda, Max Sunyer (Tapiman, Iceberg) a la guitarra y una buena carga de sintetizadores (Elka &#038; Moog) cortes\u00eda de Kitflus (Proyecto A, Iceberg, Pegasus). <\/p>\n<p> Edici\u00f3n limitada a 500 copias. Portada doble en cart\u00f3n de calidad reproduciendo el artwork original, y con inserto con notas informativas a cargo de Ferm\u00ed Puig.<\/p>\n","protected":false},"excerpt":{"rendered":"<p>Despu\u00e9s de si impresionante LP de debut, Ia-Batiste llevaron su talento un paso adelante y combinando complejas estructiuras de rock progresivo con su habitual facilidad<a class=\"read\" href=\"https:\/\/wpguerssen-test.odoo.rgbconsulting.com\/es\/producto\/chichoneras-cat-2\/\"> (...)<\/a>","protected":false},"featured_media":112192,"template":"","meta":{"_acf_changed":false},"product_brand":[],"product_cat":[21639,23271],"product_tag":[],"class_list":{"0":"post-177808","1":"product","2":"type-product","3":"status-publish","4":"has-post-thumbnail","6":"product_cat-psychedelic60s-70s-es","7":"product_cat-folk-60s-70s-es","8":"pa_artist-ia-batiste-es","9":"pa_format-lp-es","10":"pa_gender-folk-60s-70s-psychedelic60s-70s","11":"pa_label-wah-wah-es-2","12":"pa_location-spain-es","13":"pa_other-filters-vinyl-only-es","15":"first","16":"instock","17":"taxable","18":"shipping-taxable","19":"purchasable","20":"product-type-simple"},"acf":[],"yoast_head":"<!-- This site is optimized with the Yoast SEO plugin v24.9 - https:\/\/yoast.com\/wordpress\/plugins\/seo\/ -->\n<title>IA - BATISTE - Chichonera&#039;s cat -  (LP) | Guerssen<\/title>\n<meta name=\"description\" content=\"After their astonishing debut, Ia-Batiste took their songwriting talent one step further. Combining complex prog rock arrangements with their trademark catchy pop harmonies they create a sophisticated collection of charming progressive folk tunes. Recorded at EMI studios between May and June 1975, it features Jordi Clua on bass, Francis Rabassa on drums, Max Sunyer (Tapiman, Iceberg) on guitar plus plenty of synth action (Elka &amp; Moog) courtesy of Kitflus (Proyecto A, Iceberg, Pegasus). The sophisticated musical backing includes also percussion, piano, sax, choir, children&#039;s voices and pre-recorded tape. An essential record from the catalan scene recommended to all lover&#039;s of 70&#039;s prog! #nl# Strictly limited to 500 copies - High quality gatefold sleeves reproducing the original artwork from 1975&#039;s first press on \u00d2liba\/Edigsa - Includes an insert with liner notes by Ferm\u00ed Puig including some cool, previously unseen, photos.\" \/>\n<meta name=\"robots\" content=\"index, follow, max-snippet:-1, max-image-preview:large, max-video-preview:-1\" \/>\n<link rel=\"canonical\" href=\"https:\/\/wpguerssen-test.odoo.rgbconsulting.com\/es\/producto\/chichoneras-cat-2\/\" \/>\n<meta property=\"og:locale\" content=\"es_ES\" \/>\n<meta property=\"og:type\" content=\"article\" \/>\n<meta property=\"og:title\" content=\"IA - BATISTE - Chichonera&#039;s cat -  (LP) | Guerssen\" \/>\n<meta property=\"og:description\" content=\"After their astonishing debut, Ia-Batiste took their songwriting talent one step further. Combining complex prog rock arrangements with their trademark catchy pop harmonies they create a sophisticated collection of charming progressive folk tunes. Recorded at EMI studios between May and June 1975, it features Jordi Clua on bass, Francis Rabassa on drums, Max Sunyer (Tapiman, Iceberg) on guitar plus plenty of synth action (Elka &amp; Moog) courtesy of Kitflus (Proyecto A, Iceberg, Pegasus). The sophisticated musical backing includes also percussion, piano, sax, choir, children&#039;s voices and pre-recorded tape. An essential record from the catalan scene recommended to all lover&#039;s of 70&#039;s prog! #nl# Strictly limited to 500 copies - High quality gatefold sleeves reproducing the original artwork from 1975&#039;s first press on \u00d2liba\/Edigsa - Includes an insert with liner notes by Ferm\u00ed Puig including some cool, previously unseen, photos.\" \/>\n<meta property=\"og:url\" content=\"https:\/\/wpguerssen-test.odoo.rgbconsulting.com\/es\/producto\/chichoneras-cat-2\/\" \/>\n<meta property=\"og:site_name\" content=\"Guerssen records\" \/>\n<meta property=\"article:modified_time\" content=\"2025-03-03T14:16:06+00:00\" \/>\n<meta name=\"twitter:card\" content=\"summary_large_image\" \/>\n<meta name=\"twitter:title\" content=\"IA - BATISTE - Chichonera&#039;s cat -  (LP) | Guerssen\" \/>\n<meta name=\"twitter:label1\" content=\"Tiempo de lectura\" \/>\n\t<meta name=\"twitter:data1\" content=\"1 minuto\" \/>\n<script type=\"application\/ld+json\" class=\"yoast-schema-graph\">{\"@context\":\"https:\/\/schema.org\",\"@graph\":[{\"@type\":\"WebPage\",\"@id\":\"https:\/\/wpguerssen-test.odoo.rgbconsulting.com\/es\/producto\/chichoneras-cat-2\/\",\"url\":\"https:\/\/wpguerssen-test.odoo.rgbconsulting.com\/es\/producto\/chichoneras-cat-2\/\",\"name\":\"IA - BATISTE - Chichonera's cat - (LP) | Guerssen\",\"isPartOf\":{\"@id\":\"https:\/\/wpguerssen-test.odoo.rgbconsulting.com\/es\/#website\"},\"primaryImageOfPage\":{\"@id\":\"https:\/\/wpguerssen-test.odoo.rgbconsulting.com\/es\/producto\/chichoneras-cat-2\/#primaryimage\"},\"image\":{\"@id\":\"https:\/\/wpguerssen-test.odoo.rgbconsulting.com\/es\/producto\/chichoneras-cat-2\/#primaryimage\"},\"thumbnailUrl\":\"https:\/\/wpguerssen-test.odoo.rgbconsulting.com\/wp-content\/uploads\/2022\/03\/11070.jpg\",\"datePublished\":\"2010-02-24T23:00:00+00:00\",\"dateModified\":\"2025-03-03T14:16:06+00:00\",\"description\":\"After their astonishing debut, Ia-Batiste took their songwriting talent one step further. Combining complex prog rock arrangements with their trademark catchy pop harmonies they create a sophisticated collection of charming progressive folk tunes. Recorded at EMI studios between May and June 1975, it features Jordi Clua on bass, Francis Rabassa on drums, Max Sunyer (Tapiman, Iceberg) on guitar plus plenty of synth action (Elka & Moog) courtesy of Kitflus (Proyecto A, Iceberg, Pegasus). The sophisticated musical backing includes also percussion, piano, sax, choir, children's voices and pre-recorded tape. An essential record from the catalan scene recommended to all lover's of 70's prog! #nl# Strictly limited to 500 copies - High quality gatefold sleeves reproducing the original artwork from 1975's first press on \u00d2liba\/Edigsa - Includes an insert with liner notes by Ferm\u00ed Puig including some cool, previously unseen, photos.\",\"breadcrumb\":{\"@id\":\"https:\/\/wpguerssen-test.odoo.rgbconsulting.com\/es\/producto\/chichoneras-cat-2\/#breadcrumb\"},\"inLanguage\":\"es\",\"potentialAction\":[{\"@type\":\"ReadAction\",\"target\":[\"https:\/\/wpguerssen-test.odoo.rgbconsulting.com\/es\/producto\/chichoneras-cat-2\/\"]}]},{\"@type\":\"ImageObject\",\"inLanguage\":\"es\",\"@id\":\"https:\/\/wpguerssen-test.odoo.rgbconsulting.com\/es\/producto\/chichoneras-cat-2\/#primaryimage\",\"url\":\"https:\/\/wpguerssen-test.odoo.rgbconsulting.com\/wp-content\/uploads\/2022\/03\/11070.jpg\",\"contentUrl\":\"https:\/\/wpguerssen-test.odoo.rgbconsulting.com\/wp-content\/uploads\/2022\/03\/11070.jpg\",\"width\":500,\"height\":500,\"caption\":\"IA - BATISTE - Chichonera's cat - WAH WAH (LP) | Guerssen\"},{\"@type\":\"BreadcrumbList\",\"@id\":\"https:\/\/wpguerssen-test.odoo.rgbconsulting.com\/es\/producto\/chichoneras-cat-2\/#breadcrumb\",\"itemListElement\":[{\"@type\":\"ListItem\",\"position\":1,\"name\":\"Inicio\",\"item\":\"https:\/\/wpguerssen-test.odoo.rgbconsulting.com\/es\/\"},{\"@type\":\"ListItem\",\"position\":2,\"name\":\"Shop\",\"item\":\"https:\/\/wpguerssen-test.odoo.rgbconsulting.com\/shop\/\"},{\"@type\":\"ListItem\",\"position\":3,\"name\":\"Chichonera&#8217;s cat\"}]},{\"@type\":\"WebSite\",\"@id\":\"https:\/\/wpguerssen-test.odoo.rgbconsulting.com\/es\/#website\",\"url\":\"https:\/\/wpguerssen-test.odoo.rgbconsulting.com\/es\/\",\"name\":\"Guerssen records\",\"description\":\"psychedelia - progressive - folk - garage \",\"publisher\":{\"@id\":\"https:\/\/wpguerssen-test.odoo.rgbconsulting.com\/es\/#organization\"},\"potentialAction\":[{\"@type\":\"SearchAction\",\"target\":{\"@type\":\"EntryPoint\",\"urlTemplate\":\"https:\/\/wpguerssen-test.odoo.rgbconsulting.com\/es\/?s={search_term_string}\"},\"query-input\":{\"@type\":\"PropertyValueSpecification\",\"valueRequired\":true,\"valueName\":\"search_term_string\"}}],\"inLanguage\":\"es\"},{\"@type\":\"Organization\",\"@id\":\"https:\/\/wpguerssen-test.odoo.rgbconsulting.com\/es\/#organization\",\"name\":\"Guerssen records\",\"url\":\"https:\/\/wpguerssen-test.odoo.rgbconsulting.com\/es\/\",\"logo\":{\"@type\":\"ImageObject\",\"inLanguage\":\"es\",\"@id\":\"https:\/\/wpguerssen-test.odoo.rgbconsulting.com\/es\/#\/schema\/logo\/image\/\",\"url\":\"https:\/\/wpguerssen-test.odoo.rgbconsulting.com\/wp-content\/uploads\/2022\/04\/Logo_Guerssen_trans_100.png\",\"contentUrl\":\"https:\/\/wpguerssen-test.odoo.rgbconsulting.com\/wp-content\/uploads\/2022\/04\/Logo_Guerssen_trans_100.png\",\"width\":122,\"height\":100,\"caption\":\"Guerssen records\"},\"image\":{\"@id\":\"https:\/\/wpguerssen-test.odoo.rgbconsulting.com\/es\/#\/schema\/logo\/image\/\"}}]}<\/script>\n<!-- \/ Yoast SEO plugin. -->","yoast_head_json":{"title":"IA - BATISTE - Chichonera's cat -  (LP) | Guerssen","description":"After their astonishing debut, Ia-Batiste took their songwriting talent one step further. Combining complex prog rock arrangements with their trademark catchy pop harmonies they create a sophisticated collection of charming progressive folk tunes. Recorded at EMI studios between May and June 1975, it features Jordi Clua on bass, Francis Rabassa on drums, Max Sunyer (Tapiman, Iceberg) on guitar plus plenty of synth action (Elka & Moog) courtesy of Kitflus (Proyecto A, Iceberg, Pegasus). The sophisticated musical backing includes also percussion, piano, sax, choir, children's voices and pre-recorded tape. An essential record from the catalan scene recommended to all lover's of 70's prog! #nl# Strictly limited to 500 copies - High quality gatefold sleeves reproducing the original artwork from 1975's first press on \u00d2liba\/Edigsa - Includes an insert with liner notes by Ferm\u00ed Puig including some cool, previously unseen, photos.","robots":{"index":"index","follow":"follow","max-snippet":"max-snippet:-1","max-image-preview":"max-image-preview:large","max-video-preview":"max-video-preview:-1"},"canonical":"https:\/\/wpguerssen-test.odoo.rgbconsulting.com\/es\/producto\/chichoneras-cat-2\/","og_locale":"es_ES","og_type":"article","og_title":"IA - BATISTE - Chichonera's cat -  (LP) | Guerssen","og_description":"After their astonishing debut, Ia-Batiste took their songwriting talent one step further. Combining complex prog rock arrangements with their trademark catchy pop harmonies they create a sophisticated collection of charming progressive folk tunes. Recorded at EMI studios between May and June 1975, it features Jordi Clua on bass, Francis Rabassa on drums, Max Sunyer (Tapiman, Iceberg) on guitar plus plenty of synth action (Elka & Moog) courtesy of Kitflus (Proyecto A, Iceberg, Pegasus). The sophisticated musical backing includes also percussion, piano, sax, choir, children's voices and pre-recorded tape. An essential record from the catalan scene recommended to all lover's of 70's prog! #nl# Strictly limited to 500 copies - High quality gatefold sleeves reproducing the original artwork from 1975's first press on \u00d2liba\/Edigsa - Includes an insert with liner notes by Ferm\u00ed Puig including some cool, previously unseen, photos.","og_url":"https:\/\/wpguerssen-test.odoo.rgbconsulting.com\/es\/producto\/chichoneras-cat-2\/","og_site_name":"Guerssen records","article_modified_time":"2025-03-03T14:16:06+00:00","twitter_card":"summary_large_image","twitter_title":"IA - BATISTE - Chichonera's cat -  (LP) | Guerssen","twitter_misc":{"Tiempo de lectura":"1 minuto"},"schema":{"@context":"https:\/\/schema.org","@graph":[{"@type":"WebPage","@id":"https:\/\/wpguerssen-test.odoo.rgbconsulting.com\/es\/producto\/chichoneras-cat-2\/","url":"https:\/\/wpguerssen-test.odoo.rgbconsulting.com\/es\/producto\/chichoneras-cat-2\/","name":"IA - BATISTE - Chichonera's cat - (LP) | Guerssen","isPartOf":{"@id":"https:\/\/wpguerssen-test.odoo.rgbconsulting.com\/es\/#website"},"primaryImageOfPage":{"@id":"https:\/\/wpguerssen-test.odoo.rgbconsulting.com\/es\/producto\/chichoneras-cat-2\/#primaryimage"},"image":{"@id":"https:\/\/wpguerssen-test.odoo.rgbconsulting.com\/es\/producto\/chichoneras-cat-2\/#primaryimage"},"thumbnailUrl":"https:\/\/wpguerssen-test.odoo.rgbconsulting.com\/wp-content\/uploads\/2022\/03\/11070.jpg","datePublished":"2010-02-24T23:00:00+00:00","dateModified":"2025-03-03T14:16:06+00:00","description":"After their astonishing debut, Ia-Batiste took their songwriting talent one step further. Combining complex prog rock arrangements with their trademark catchy pop harmonies they create a sophisticated collection of charming progressive folk tunes. Recorded at EMI studios between May and June 1975, it features Jordi Clua on bass, Francis Rabassa on drums, Max Sunyer (Tapiman, Iceberg) on guitar plus plenty of synth action (Elka & Moog) courtesy of Kitflus (Proyecto A, Iceberg, Pegasus). The sophisticated musical backing includes also percussion, piano, sax, choir, children's voices and pre-recorded tape. An essential record from the catalan scene recommended to all lover's of 70's prog! #nl# Strictly limited to 500 copies - High quality gatefold sleeves reproducing the original artwork from 1975's first press on \u00d2liba\/Edigsa - Includes an insert with liner notes by Ferm\u00ed Puig including some cool, previously unseen, photos.","breadcrumb":{"@id":"https:\/\/wpguerssen-test.odoo.rgbconsulting.com\/es\/producto\/chichoneras-cat-2\/#breadcrumb"},"inLanguage":"es","potentialAction":[{"@type":"ReadAction","target":["https:\/\/wpguerssen-test.odoo.rgbconsulting.com\/es\/producto\/chichoneras-cat-2\/"]}]},{"@type":"ImageObject","inLanguage":"es","@id":"https:\/\/wpguerssen-test.odoo.rgbconsulting.com\/es\/producto\/chichoneras-cat-2\/#primaryimage","url":"https:\/\/wpguerssen-test.odoo.rgbconsulting.com\/wp-content\/uploads\/2022\/03\/11070.jpg","contentUrl":"https:\/\/wpguerssen-test.odoo.rgbconsulting.com\/wp-content\/uploads\/2022\/03\/11070.jpg","width":500,"height":500,"caption":"IA - BATISTE - Chichonera's cat - WAH WAH (LP) | Guerssen"},{"@type":"BreadcrumbList","@id":"https:\/\/wpguerssen-test.odoo.rgbconsulting.com\/es\/producto\/chichoneras-cat-2\/#breadcrumb","itemListElement":[{"@type":"ListItem","position":1,"name":"Inicio","item":"https:\/\/wpguerssen-test.odoo.rgbconsulting.com\/es\/"},{"@type":"ListItem","position":2,"name":"Shop","item":"https:\/\/wpguerssen-test.odoo.rgbconsulting.com\/shop\/"},{"@type":"ListItem","position":3,"name":"Chichonera&#8217;s cat"}]},{"@type":"WebSite","@id":"https:\/\/wpguerssen-test.odoo.rgbconsulting.com\/es\/#website","url":"https:\/\/wpguerssen-test.odoo.rgbconsulting.com\/es\/","name":"Guerssen records","description":"psychedelia - progressive - folk - garage ","publisher":{"@id":"https:\/\/wpguerssen-test.odoo.rgbconsulting.com\/es\/#organization"},"potentialAction":[{"@type":"SearchAction","target":{"@type":"EntryPoint","urlTemplate":"https:\/\/wpguerssen-test.odoo.rgbconsulting.com\/es\/?s={search_term_string}"},"query-input":{"@type":"PropertyValueSpecification","valueRequired":true,"valueName":"search_term_string"}}],"inLanguage":"es"},{"@type":"Organization","@id":"https:\/\/wpguerssen-test.odoo.rgbconsulting.com\/es\/#organization","name":"Guerssen records","url":"https:\/\/wpguerssen-test.odoo.rgbconsulting.com\/es\/","logo":{"@type":"ImageObject","inLanguage":"es","@id":"https:\/\/wpguerssen-test.odoo.rgbconsulting.com\/es\/#\/schema\/logo\/image\/","url":"https:\/\/wpguerssen-test.odoo.rgbconsulting.com\/wp-content\/uploads\/2022\/04\/Logo_Guerssen_trans_100.png","contentUrl":"https:\/\/wpguerssen-test.odoo.rgbconsulting.com\/wp-content\/uploads\/2022\/04\/Logo_Guerssen_trans_100.png","width":122,"height":100,"caption":"Guerssen records"},"image":{"@id":"https:\/\/wpguerssen-test.odoo.rgbconsulting.com\/es\/#\/schema\/logo\/image\/"}}]}},"_links":{"self":[{"href":"https:\/\/wpguerssen-test.odoo.rgbconsulting.com\/es\/wp-json\/wp\/v2\/product\/177808","targetHints":{"allow":["GET"]}}],"collection":[{"href":"https:\/\/wpguerssen-test.odoo.rgbconsulting.com\/es\/wp-json\/wp\/v2\/product"}],"about":[{"href":"https:\/\/wpguerssen-test.odoo.rgbconsulting.com\/es\/wp-json\/wp\/v2\/types\/product"}],"wp:featuredmedia":[{"embeddable":true,"href":"https:\/\/wpguerssen-test.odoo.rgbconsulting.com\/es\/wp-json\/wp\/v2\/media\/112192"}],"wp:attachment":[{"href":"https:\/\/wpguerssen-test.odoo.rgbconsulting.com\/es\/wp-json\/wp\/v2\/media?parent=177808"}],"wp:term":[{"taxonomy":"product_brand","embeddable":true,"href":"https:\/\/wpguerssen-test.odoo.rgbconsulting.com\/es\/wp-json\/wp\/v2\/product_brand?post=177808"},{"taxonomy":"product_cat","embeddable":true,"href":"https:\/\/wpguerssen-test.odoo.rgbconsulting.com\/es\/wp-json\/wp\/v2\/product_cat?post=177808"},{"taxonomy":"product_tag","embeddable":true,"href":"https:\/\/wpguerssen-test.odoo.rgbconsulting.com\/es\/wp-json\/wp\/v2\/product_tag?post=177808"}],"curies":[{"name":"wp","href":"https:\/\/api.w.org\/{rel}","templated":true}]}}