{"id":177877,"date":"2010-05-25T00:00:00","date_gmt":"2010-05-24T22:00:00","guid":{"rendered":"http:\/\/guerssen.hl1097.dinaserver.com\/product\/zulu-stomp-south-africa-garage-beats-papersleev\/"},"modified":"2025-03-26T16:24:18","modified_gmt":"2025-03-26T15:24:18","slug":"zulu-stomp-south-africa-garage-beats-papersleev","status":"publish","type":"product","link":"https:\/\/wpguerssen-test.odoo.rgbconsulting.com\/es\/producto\/zulu-stomp-south-africa-garage-beats-papersleev\/","title":{"rendered":"Zulu Stomp!! South Africa Garage Beats (papersleev"},"content":{"rendered":"<p>Despu\u00e9s del \u00e9xito de Cazumbi, aqu\u00ed tienes otra fant\u00e1stica recopilaci\u00f3n dedicada a los sonidos m\u00e1s salvajes hechos en los 60 en Sud\u00e1frica, sin lugar el duda el pa\u00eds que pose\u00eda la escena m\u00e1s importante de toda \u00c1frica. Garage rockers cargados de fuzz y ritmos salvajes!! Incluye insert con notas y sonido remasterizado. Con: A-Cads, Freedom&#8217;s Children, Invaders, The Kynd, The Zeros, Upsetters, Navarones, Hoochie Coochies&#8230;y m\u00e1s!!<\/p>\n","protected":false},"excerpt":{"rendered":"<p>Despu\u00e9s del \u00e9xito de Cazumbi, aqu\u00ed tienes otra fant\u00e1stica recopilaci\u00f3n dedicada a los sonidos m\u00e1s salvajes hechos en los 60 en Sud\u00e1frica, sin lugar el duda<a class=\"read\" href=\"https:\/\/wpguerssen-test.odoo.rgbconsulting.com\/es\/producto\/zulu-stomp-south-africa-garage-beats-papersleev\/\"> (...)<\/a>","protected":false},"featured_media":112614,"template":"","meta":{"_acf_changed":false},"product_brand":[],"product_cat":[23281],"product_tag":[24190],"class_list":{"0":"post-177877","1":"product","2":"type-product","3":"status-publish","4":"has-post-thumbnail","6":"product_cat-garagebeatrnb60-70-es","7":"product_tag-sales-es","8":"pa_artist-various-artists-es","9":"pa_format-cd-2-es","10":"pa_gender-garage-beat-rnb60-70-garagebeatrnb60-70","11":"pa_label-nosmokerecords","12":"pa_location-africa-es","14":"first","15":"instock","16":"taxable","17":"shipping-taxable","18":"purchasable","19":"product-type-simple"},"acf":[],"yoast_head":"<!-- This site is optimized with the Yoast SEO plugin v24.9 - https:\/\/yoast.com\/wordpress\/plugins\/seo\/ -->\n<title>VARIOUS ARTISTS - Zulu Stomp!! South Africa Garage Beats (papersleev -  (CD) | Guerssen<\/title>\n<meta name=\"description\" content=\"While national newspapers portrayed them as &quot;hordes of sloppy, aggressive, be-jeaned louts and their girlfriends who cause so much trouble in South Africa&quot;, a whole new generation of garage rockers was flooding the clubs with savage, primitive fuzz sounds. No doubt South Africa was the in-place in Mother Africa in the 60&#039;s, with a strong scene as can be heard on the Cazumbi compilations and this new Zulu Stomp that is exclusively dedicated to that country. Expect some of the best garage music you&#039;ve ever heard from Africa, and don&#039;t miss this one if you liked these Cazumbis, or you&#039;ll regret!!! #nl# This release includes as insert with linernotes plus a bunch of rare photos. Great remastered sound as well.Featuring: A-Cads, Freedom&#039;s Children, Invaders, The Kynd, The Zeros, Upsetters, Navarones, Hoochie Coochies...and more!!\" \/>\n<meta name=\"robots\" content=\"index, follow, max-snippet:-1, max-image-preview:large, max-video-preview:-1\" \/>\n<link rel=\"canonical\" href=\"https:\/\/wpguerssen-test.odoo.rgbconsulting.com\/es\/producto\/zulu-stomp-south-africa-garage-beats-papersleev\/\" \/>\n<meta property=\"og:locale\" content=\"es_ES\" \/>\n<meta property=\"og:type\" content=\"article\" \/>\n<meta property=\"og:title\" content=\"VARIOUS ARTISTS - Zulu Stomp!! South Africa Garage Beats (papersleev -  (CD) | Guerssen\" \/>\n<meta property=\"og:description\" content=\"While national newspapers portrayed them as &quot;hordes of sloppy, aggressive, be-jeaned louts and their girlfriends who cause so much trouble in South Africa&quot;, a whole new generation of garage rockers was flooding the clubs with savage, primitive fuzz sounds. No doubt South Africa was the in-place in Mother Africa in the 60&#039;s, with a strong scene as can be heard on the Cazumbi compilations and this new Zulu Stomp that is exclusively dedicated to that country. Expect some of the best garage music you&#039;ve ever heard from Africa, and don&#039;t miss this one if you liked these Cazumbis, or you&#039;ll regret!!! #nl# This release includes as insert with linernotes plus a bunch of rare photos. Great remastered sound as well.Featuring: A-Cads, Freedom&#039;s Children, Invaders, The Kynd, The Zeros, Upsetters, Navarones, Hoochie Coochies...and more!!\" \/>\n<meta property=\"og:url\" content=\"https:\/\/wpguerssen-test.odoo.rgbconsulting.com\/es\/producto\/zulu-stomp-south-africa-garage-beats-papersleev\/\" \/>\n<meta property=\"og:site_name\" content=\"Guerssen records\" \/>\n<meta property=\"article:modified_time\" content=\"2025-03-26T15:24:18+00:00\" \/>\n<meta name=\"twitter:card\" content=\"summary_large_image\" \/>\n<meta name=\"twitter:title\" content=\"VARIOUS ARTISTS - Zulu Stomp!! South Africa Garage Beats (papersleev -  (CD) | Guerssen\" \/>\n<script type=\"application\/ld+json\" class=\"yoast-schema-graph\">{\"@context\":\"https:\/\/schema.org\",\"@graph\":[{\"@type\":\"WebPage\",\"@id\":\"https:\/\/wpguerssen-test.odoo.rgbconsulting.com\/es\/producto\/zulu-stomp-south-africa-garage-beats-papersleev\/\",\"url\":\"https:\/\/wpguerssen-test.odoo.rgbconsulting.com\/es\/producto\/zulu-stomp-south-africa-garage-beats-papersleev\/\",\"name\":\"VARIOUS ARTISTS - Zulu Stomp!! South Africa Garage Beats (papersleev - (CD) | Guerssen\",\"isPartOf\":{\"@id\":\"https:\/\/wpguerssen-test.odoo.rgbconsulting.com\/es\/#website\"},\"primaryImageOfPage\":{\"@id\":\"https:\/\/wpguerssen-test.odoo.rgbconsulting.com\/es\/producto\/zulu-stomp-south-africa-garage-beats-papersleev\/#primaryimage\"},\"image\":{\"@id\":\"https:\/\/wpguerssen-test.odoo.rgbconsulting.com\/es\/producto\/zulu-stomp-south-africa-garage-beats-papersleev\/#primaryimage\"},\"thumbnailUrl\":\"https:\/\/wpguerssen-test.odoo.rgbconsulting.com\/wp-content\/uploads\/2022\/03\/11496.jpg\",\"datePublished\":\"2010-05-24T22:00:00+00:00\",\"dateModified\":\"2025-03-26T15:24:18+00:00\",\"description\":\"While national newspapers portrayed them as \\\"hordes of sloppy, aggressive, be-jeaned louts and their girlfriends who cause so much trouble in South Africa\\\", a whole new generation of garage rockers was flooding the clubs with savage, primitive fuzz sounds. No doubt South Africa was the in-place in Mother Africa in the 60's, with a strong scene as can be heard on the Cazumbi compilations and this new Zulu Stomp that is exclusively dedicated to that country. Expect some of the best garage music you've ever heard from Africa, and don't miss this one if you liked these Cazumbis, or you'll regret!!! #nl# This release includes as insert with linernotes plus a bunch of rare photos. Great remastered sound as well.Featuring: A-Cads, Freedom's Children, Invaders, The Kynd, The Zeros, Upsetters, Navarones, Hoochie Coochies...and more!!\",\"breadcrumb\":{\"@id\":\"https:\/\/wpguerssen-test.odoo.rgbconsulting.com\/es\/producto\/zulu-stomp-south-africa-garage-beats-papersleev\/#breadcrumb\"},\"inLanguage\":\"es\",\"potentialAction\":[{\"@type\":\"ReadAction\",\"target\":[\"https:\/\/wpguerssen-test.odoo.rgbconsulting.com\/es\/producto\/zulu-stomp-south-africa-garage-beats-papersleev\/\"]}]},{\"@type\":\"ImageObject\",\"inLanguage\":\"es\",\"@id\":\"https:\/\/wpguerssen-test.odoo.rgbconsulting.com\/es\/producto\/zulu-stomp-south-africa-garage-beats-papersleev\/#primaryimage\",\"url\":\"https:\/\/wpguerssen-test.odoo.rgbconsulting.com\/wp-content\/uploads\/2022\/03\/11496.jpg\",\"contentUrl\":\"https:\/\/wpguerssen-test.odoo.rgbconsulting.com\/wp-content\/uploads\/2022\/03\/11496.jpg\",\"width\":510,\"height\":510,\"caption\":\"VARIOUS ARTISTS - Zulu Stomp!! South Africa Garage Beats (papersleev - NOSMOKERECORDS (CD) | Guerssen\"},{\"@type\":\"BreadcrumbList\",\"@id\":\"https:\/\/wpguerssen-test.odoo.rgbconsulting.com\/es\/producto\/zulu-stomp-south-africa-garage-beats-papersleev\/#breadcrumb\",\"itemListElement\":[{\"@type\":\"ListItem\",\"position\":1,\"name\":\"Inicio\",\"item\":\"https:\/\/wpguerssen-test.odoo.rgbconsulting.com\/es\/\"},{\"@type\":\"ListItem\",\"position\":2,\"name\":\"Shop\",\"item\":\"https:\/\/wpguerssen-test.odoo.rgbconsulting.com\/shop\/\"},{\"@type\":\"ListItem\",\"position\":3,\"name\":\"Zulu Stomp!! South Africa Garage Beats (papersleev\"}]},{\"@type\":\"WebSite\",\"@id\":\"https:\/\/wpguerssen-test.odoo.rgbconsulting.com\/es\/#website\",\"url\":\"https:\/\/wpguerssen-test.odoo.rgbconsulting.com\/es\/\",\"name\":\"Guerssen records\",\"description\":\"psychedelia - progressive - folk - garage \",\"publisher\":{\"@id\":\"https:\/\/wpguerssen-test.odoo.rgbconsulting.com\/es\/#organization\"},\"potentialAction\":[{\"@type\":\"SearchAction\",\"target\":{\"@type\":\"EntryPoint\",\"urlTemplate\":\"https:\/\/wpguerssen-test.odoo.rgbconsulting.com\/es\/?s={search_term_string}\"},\"query-input\":{\"@type\":\"PropertyValueSpecification\",\"valueRequired\":true,\"valueName\":\"search_term_string\"}}],\"inLanguage\":\"es\"},{\"@type\":\"Organization\",\"@id\":\"https:\/\/wpguerssen-test.odoo.rgbconsulting.com\/es\/#organization\",\"name\":\"Guerssen records\",\"url\":\"https:\/\/wpguerssen-test.odoo.rgbconsulting.com\/es\/\",\"logo\":{\"@type\":\"ImageObject\",\"inLanguage\":\"es\",\"@id\":\"https:\/\/wpguerssen-test.odoo.rgbconsulting.com\/es\/#\/schema\/logo\/image\/\",\"url\":\"https:\/\/wpguerssen-test.odoo.rgbconsulting.com\/wp-content\/uploads\/2022\/04\/Logo_Guerssen_trans_100.png\",\"contentUrl\":\"https:\/\/wpguerssen-test.odoo.rgbconsulting.com\/wp-content\/uploads\/2022\/04\/Logo_Guerssen_trans_100.png\",\"width\":122,\"height\":100,\"caption\":\"Guerssen records\"},\"image\":{\"@id\":\"https:\/\/wpguerssen-test.odoo.rgbconsulting.com\/es\/#\/schema\/logo\/image\/\"}}]}<\/script>\n<!-- \/ Yoast SEO plugin. -->","yoast_head_json":{"title":"VARIOUS ARTISTS - Zulu Stomp!! South Africa Garage Beats (papersleev -  (CD) | Guerssen","description":"While national newspapers portrayed them as \"hordes of sloppy, aggressive, be-jeaned louts and their girlfriends who cause so much trouble in South Africa\", a whole new generation of garage rockers was flooding the clubs with savage, primitive fuzz sounds. No doubt South Africa was the in-place in Mother Africa in the 60's, with a strong scene as can be heard on the Cazumbi compilations and this new Zulu Stomp that is exclusively dedicated to that country. Expect some of the best garage music you've ever heard from Africa, and don't miss this one if you liked these Cazumbis, or you'll regret!!! #nl# This release includes as insert with linernotes plus a bunch of rare photos. Great remastered sound as well.Featuring: A-Cads, Freedom's Children, Invaders, The Kynd, The Zeros, Upsetters, Navarones, Hoochie Coochies...and more!!","robots":{"index":"index","follow":"follow","max-snippet":"max-snippet:-1","max-image-preview":"max-image-preview:large","max-video-preview":"max-video-preview:-1"},"canonical":"https:\/\/wpguerssen-test.odoo.rgbconsulting.com\/es\/producto\/zulu-stomp-south-africa-garage-beats-papersleev\/","og_locale":"es_ES","og_type":"article","og_title":"VARIOUS ARTISTS - Zulu Stomp!! South Africa Garage Beats (papersleev -  (CD) | Guerssen","og_description":"While national newspapers portrayed them as \"hordes of sloppy, aggressive, be-jeaned louts and their girlfriends who cause so much trouble in South Africa\", a whole new generation of garage rockers was flooding the clubs with savage, primitive fuzz sounds. No doubt South Africa was the in-place in Mother Africa in the 60's, with a strong scene as can be heard on the Cazumbi compilations and this new Zulu Stomp that is exclusively dedicated to that country. Expect some of the best garage music you've ever heard from Africa, and don't miss this one if you liked these Cazumbis, or you'll regret!!! #nl# This release includes as insert with linernotes plus a bunch of rare photos. Great remastered sound as well.Featuring: A-Cads, Freedom's Children, Invaders, The Kynd, The Zeros, Upsetters, Navarones, Hoochie Coochies...and more!!","og_url":"https:\/\/wpguerssen-test.odoo.rgbconsulting.com\/es\/producto\/zulu-stomp-south-africa-garage-beats-papersleev\/","og_site_name":"Guerssen records","article_modified_time":"2025-03-26T15:24:18+00:00","twitter_card":"summary_large_image","twitter_title":"VARIOUS ARTISTS - Zulu Stomp!! South Africa Garage Beats (papersleev -  (CD) | Guerssen","schema":{"@context":"https:\/\/schema.org","@graph":[{"@type":"WebPage","@id":"https:\/\/wpguerssen-test.odoo.rgbconsulting.com\/es\/producto\/zulu-stomp-south-africa-garage-beats-papersleev\/","url":"https:\/\/wpguerssen-test.odoo.rgbconsulting.com\/es\/producto\/zulu-stomp-south-africa-garage-beats-papersleev\/","name":"VARIOUS ARTISTS - Zulu Stomp!! South Africa Garage Beats (papersleev - (CD) | Guerssen","isPartOf":{"@id":"https:\/\/wpguerssen-test.odoo.rgbconsulting.com\/es\/#website"},"primaryImageOfPage":{"@id":"https:\/\/wpguerssen-test.odoo.rgbconsulting.com\/es\/producto\/zulu-stomp-south-africa-garage-beats-papersleev\/#primaryimage"},"image":{"@id":"https:\/\/wpguerssen-test.odoo.rgbconsulting.com\/es\/producto\/zulu-stomp-south-africa-garage-beats-papersleev\/#primaryimage"},"thumbnailUrl":"https:\/\/wpguerssen-test.odoo.rgbconsulting.com\/wp-content\/uploads\/2022\/03\/11496.jpg","datePublished":"2010-05-24T22:00:00+00:00","dateModified":"2025-03-26T15:24:18+00:00","description":"While national newspapers portrayed them as \"hordes of sloppy, aggressive, be-jeaned louts and their girlfriends who cause so much trouble in South Africa\", a whole new generation of garage rockers was flooding the clubs with savage, primitive fuzz sounds. No doubt South Africa was the in-place in Mother Africa in the 60's, with a strong scene as can be heard on the Cazumbi compilations and this new Zulu Stomp that is exclusively dedicated to that country. Expect some of the best garage music you've ever heard from Africa, and don't miss this one if you liked these Cazumbis, or you'll regret!!! #nl# This release includes as insert with linernotes plus a bunch of rare photos. Great remastered sound as well.Featuring: A-Cads, Freedom's Children, Invaders, The Kynd, The Zeros, Upsetters, Navarones, Hoochie Coochies...and more!!","breadcrumb":{"@id":"https:\/\/wpguerssen-test.odoo.rgbconsulting.com\/es\/producto\/zulu-stomp-south-africa-garage-beats-papersleev\/#breadcrumb"},"inLanguage":"es","potentialAction":[{"@type":"ReadAction","target":["https:\/\/wpguerssen-test.odoo.rgbconsulting.com\/es\/producto\/zulu-stomp-south-africa-garage-beats-papersleev\/"]}]},{"@type":"ImageObject","inLanguage":"es","@id":"https:\/\/wpguerssen-test.odoo.rgbconsulting.com\/es\/producto\/zulu-stomp-south-africa-garage-beats-papersleev\/#primaryimage","url":"https:\/\/wpguerssen-test.odoo.rgbconsulting.com\/wp-content\/uploads\/2022\/03\/11496.jpg","contentUrl":"https:\/\/wpguerssen-test.odoo.rgbconsulting.com\/wp-content\/uploads\/2022\/03\/11496.jpg","width":510,"height":510,"caption":"VARIOUS ARTISTS - Zulu Stomp!! South Africa Garage Beats (papersleev - NOSMOKERECORDS (CD) | Guerssen"},{"@type":"BreadcrumbList","@id":"https:\/\/wpguerssen-test.odoo.rgbconsulting.com\/es\/producto\/zulu-stomp-south-africa-garage-beats-papersleev\/#breadcrumb","itemListElement":[{"@type":"ListItem","position":1,"name":"Inicio","item":"https:\/\/wpguerssen-test.odoo.rgbconsulting.com\/es\/"},{"@type":"ListItem","position":2,"name":"Shop","item":"https:\/\/wpguerssen-test.odoo.rgbconsulting.com\/shop\/"},{"@type":"ListItem","position":3,"name":"Zulu Stomp!! South Africa Garage Beats (papersleev"}]},{"@type":"WebSite","@id":"https:\/\/wpguerssen-test.odoo.rgbconsulting.com\/es\/#website","url":"https:\/\/wpguerssen-test.odoo.rgbconsulting.com\/es\/","name":"Guerssen records","description":"psychedelia - progressive - folk - garage ","publisher":{"@id":"https:\/\/wpguerssen-test.odoo.rgbconsulting.com\/es\/#organization"},"potentialAction":[{"@type":"SearchAction","target":{"@type":"EntryPoint","urlTemplate":"https:\/\/wpguerssen-test.odoo.rgbconsulting.com\/es\/?s={search_term_string}"},"query-input":{"@type":"PropertyValueSpecification","valueRequired":true,"valueName":"search_term_string"}}],"inLanguage":"es"},{"@type":"Organization","@id":"https:\/\/wpguerssen-test.odoo.rgbconsulting.com\/es\/#organization","name":"Guerssen records","url":"https:\/\/wpguerssen-test.odoo.rgbconsulting.com\/es\/","logo":{"@type":"ImageObject","inLanguage":"es","@id":"https:\/\/wpguerssen-test.odoo.rgbconsulting.com\/es\/#\/schema\/logo\/image\/","url":"https:\/\/wpguerssen-test.odoo.rgbconsulting.com\/wp-content\/uploads\/2022\/04\/Logo_Guerssen_trans_100.png","contentUrl":"https:\/\/wpguerssen-test.odoo.rgbconsulting.com\/wp-content\/uploads\/2022\/04\/Logo_Guerssen_trans_100.png","width":122,"height":100,"caption":"Guerssen records"},"image":{"@id":"https:\/\/wpguerssen-test.odoo.rgbconsulting.com\/es\/#\/schema\/logo\/image\/"}}]}},"_links":{"self":[{"href":"https:\/\/wpguerssen-test.odoo.rgbconsulting.com\/es\/wp-json\/wp\/v2\/product\/177877","targetHints":{"allow":["GET"]}}],"collection":[{"href":"https:\/\/wpguerssen-test.odoo.rgbconsulting.com\/es\/wp-json\/wp\/v2\/product"}],"about":[{"href":"https:\/\/wpguerssen-test.odoo.rgbconsulting.com\/es\/wp-json\/wp\/v2\/types\/product"}],"wp:featuredmedia":[{"embeddable":true,"href":"https:\/\/wpguerssen-test.odoo.rgbconsulting.com\/es\/wp-json\/wp\/v2\/media\/112614"}],"wp:attachment":[{"href":"https:\/\/wpguerssen-test.odoo.rgbconsulting.com\/es\/wp-json\/wp\/v2\/media?parent=177877"}],"wp:term":[{"taxonomy":"product_brand","embeddable":true,"href":"https:\/\/wpguerssen-test.odoo.rgbconsulting.com\/es\/wp-json\/wp\/v2\/product_brand?post=177877"},{"taxonomy":"product_cat","embeddable":true,"href":"https:\/\/wpguerssen-test.odoo.rgbconsulting.com\/es\/wp-json\/wp\/v2\/product_cat?post=177877"},{"taxonomy":"product_tag","embeddable":true,"href":"https:\/\/wpguerssen-test.odoo.rgbconsulting.com\/es\/wp-json\/wp\/v2\/product_tag?post=177877"}],"curies":[{"name":"wp","href":"https:\/\/api.w.org\/{rel}","templated":true}]}}