{"id":177885,"date":"2010-07-21T00:00:00","date_gmt":"2010-07-20T22:00:00","guid":{"rendered":"http:\/\/guerssen.hl1097.dinaserver.com\/product\/jeanne-dayme-cd\/"},"modified":"2025-01-31T13:53:07","modified_gmt":"2025-01-31T12:53:07","slug":"jeanne-dayme-cd","status":"publish","type":"product","link":"https:\/\/wpguerssen-test.odoo.rgbconsulting.com\/es\/producto\/jeanne-dayme-cd\/","title":{"rendered":"Jeanne d&#8217;Aym\u00e9 (CD)"},"content":{"rendered":"<p>Desde su formaci\u00f3n en 1972 en el Norte de Francia, Sourdeline han sido un tesoro oculto durante d\u00e9cadas.<br \/>Muy influidos por Pentangle, editaron un par de excelentes discos, con un sonido folk barroco que se basaba en canciones folk tradicionales francesas y temas propios, con gran uso de instrumentos tradicionales. <\/p>\n<p> Su segundo \u00e1lbum, \u00abJeanne d&#8217;Aym\u00e9\u00bb, editado en 1977 y el menos conocido de los dos, es para nosotros su disco definitivo, una obra maestra esperando a ser descubierta. <\/p>\n<p> Esta es la primera vez que se reedita y a todo lujo! Sonido cuidadosamente remasterizado, arte original y un fant\u00e1stico booklet con fotos in\u00e9ditas y notas por el experto en folk Gerad Van Waes, as\u00ed como la historia del grupo contada por su l\u00edder, Jean-Pierre Danielsen.<\/p>\n","protected":false},"excerpt":{"rendered":"<p>Desde su formaci\u00f3n en 1972 en el Norte de Francia, Sourdeline han sido un tesoro oculto durante d\u00e9cadas.<br \/>Muy influidos por Pentangle, editaron un par de excelentes<a class=\"read\" href=\"https:\/\/wpguerssen-test.odoo.rgbconsulting.com\/es\/producto\/jeanne-dayme-cd\/\"> (...)<\/a>","protected":false},"featured_media":112634,"template":"","meta":{"_acf_changed":false},"product_brand":[],"product_cat":[23215,23274],"product_tag":[29138],"class_list":{"0":"post-177885","1":"product","2":"type-product","3":"status-publish","4":"has-post-thumbnail","6":"product_cat-progressive60s-70s-es","7":"product_cat-folk-rock-60s-70s-es","8":"product_tag-cd-es","9":"pa_artist-sourdeline-es","10":"pa_format-cd-2-es","11":"pa_gender-folk-rock-60s-70s-progressive60s-70s","12":"pa_label-guerssen-es","13":"pa_location-europe-es","15":"first","16":"instock","17":"taxable","18":"shipping-taxable","19":"purchasable","20":"product-type-simple"},"acf":[],"yoast_head":"<!-- This site is optimized with the Yoast SEO plugin v24.9 - https:\/\/yoast.com\/wordpress\/plugins\/seo\/ -->\n<title>SOURDELINE - Jeanne d&#039;Aym\u00e9 (CD) -  (CD) | Guerssen<\/title>\n<meta name=\"description\" content=\"Formed in 1972 in Northern France, Sourdeline has remained as a hidden treasure for decades. #nl# With a strong Pentangle influence in their works, the guys released a couple of astounding albums during the next few years, acquiring a wonderful baroque folk sound based in some traditional French folk songs and many originals, with the use of a large number of traditional instruments. #nl# Their second and last album &quot;Jeanne d&#039;Aym\u00e9&quot; is from 1977 and, though being the lesser known of them both, is for us at Guerssen their definitive work, a truly major discovery waiting for you who are not yet in the know. #nl# This is the first ever reissue. #nl# Remastered sound, and a fantastic booklet with unseen photos and liners by Gerald Van Waes, as well as Sourdeline&#039;s story written by the band&#039;s leader Jean-Pierre Danielsen.\" \/>\n<meta name=\"robots\" content=\"index, follow, max-snippet:-1, max-image-preview:large, max-video-preview:-1\" \/>\n<link rel=\"canonical\" href=\"https:\/\/wpguerssen-test.odoo.rgbconsulting.com\/es\/producto\/jeanne-dayme-cd\/\" \/>\n<meta property=\"og:locale\" content=\"es_ES\" \/>\n<meta property=\"og:type\" content=\"article\" \/>\n<meta property=\"og:title\" content=\"SOURDELINE - Jeanne d&#039;Aym\u00e9 (CD) -  (CD) | Guerssen\" \/>\n<meta property=\"og:description\" content=\"Formed in 1972 in Northern France, Sourdeline has remained as a hidden treasure for decades. #nl# With a strong Pentangle influence in their works, the guys released a couple of astounding albums during the next few years, acquiring a wonderful baroque folk sound based in some traditional French folk songs and many originals, with the use of a large number of traditional instruments. #nl# Their second and last album &quot;Jeanne d&#039;Aym\u00e9&quot; is from 1977 and, though being the lesser known of them both, is for us at Guerssen their definitive work, a truly major discovery waiting for you who are not yet in the know. #nl# This is the first ever reissue. #nl# Remastered sound, and a fantastic booklet with unseen photos and liners by Gerald Van Waes, as well as Sourdeline&#039;s story written by the band&#039;s leader Jean-Pierre Danielsen.\" \/>\n<meta property=\"og:url\" content=\"https:\/\/wpguerssen-test.odoo.rgbconsulting.com\/es\/producto\/jeanne-dayme-cd\/\" \/>\n<meta property=\"og:site_name\" content=\"Guerssen records\" \/>\n<meta property=\"article:modified_time\" content=\"2025-01-31T12:53:07+00:00\" \/>\n<meta property=\"og:image\" content=\"https:\/\/wpguerssen-test.odoo.rgbconsulting.com\/wp-content\/uploads\/2022\/03\/11521.jpg\" \/>\n\t<meta property=\"og:image:width\" content=\"600\" \/>\n\t<meta property=\"og:image:height\" content=\"600\" \/>\n\t<meta property=\"og:image:type\" content=\"image\/jpeg\" \/>\n<meta name=\"twitter:card\" content=\"summary_large_image\" \/>\n<meta name=\"twitter:title\" content=\"SOURDELINE - Jeanne d&#039;Aym\u00e9 (CD) -  (CD) | Guerssen\" \/>\n<meta name=\"twitter:label1\" content=\"Tiempo de lectura\" \/>\n\t<meta name=\"twitter:data1\" content=\"1 minuto\" \/>\n<script type=\"application\/ld+json\" class=\"yoast-schema-graph\">{\"@context\":\"https:\/\/schema.org\",\"@graph\":[{\"@type\":\"WebPage\",\"@id\":\"https:\/\/wpguerssen-test.odoo.rgbconsulting.com\/es\/producto\/jeanne-dayme-cd\/\",\"url\":\"https:\/\/wpguerssen-test.odoo.rgbconsulting.com\/es\/producto\/jeanne-dayme-cd\/\",\"name\":\"SOURDELINE - Jeanne d'Aym\u00e9 (CD) - (CD) | Guerssen\",\"isPartOf\":{\"@id\":\"https:\/\/wpguerssen-test.odoo.rgbconsulting.com\/es\/#website\"},\"primaryImageOfPage\":{\"@id\":\"https:\/\/wpguerssen-test.odoo.rgbconsulting.com\/es\/producto\/jeanne-dayme-cd\/#primaryimage\"},\"image\":{\"@id\":\"https:\/\/wpguerssen-test.odoo.rgbconsulting.com\/es\/producto\/jeanne-dayme-cd\/#primaryimage\"},\"thumbnailUrl\":\"https:\/\/wpguerssen-test.odoo.rgbconsulting.com\/wp-content\/uploads\/2022\/03\/11521.jpg\",\"datePublished\":\"2010-07-20T22:00:00+00:00\",\"dateModified\":\"2025-01-31T12:53:07+00:00\",\"description\":\"Formed in 1972 in Northern France, Sourdeline has remained as a hidden treasure for decades. #nl# With a strong Pentangle influence in their works, the guys released a couple of astounding albums during the next few years, acquiring a wonderful baroque folk sound based in some traditional French folk songs and many originals, with the use of a large number of traditional instruments. #nl# Their second and last album \\\"Jeanne d'Aym\u00e9\\\" is from 1977 and, though being the lesser known of them both, is for us at Guerssen their definitive work, a truly major discovery waiting for you who are not yet in the know. #nl# This is the first ever reissue. #nl# Remastered sound, and a fantastic booklet with unseen photos and liners by Gerald Van Waes, as well as Sourdeline's story written by the band's leader Jean-Pierre Danielsen.\",\"breadcrumb\":{\"@id\":\"https:\/\/wpguerssen-test.odoo.rgbconsulting.com\/es\/producto\/jeanne-dayme-cd\/#breadcrumb\"},\"inLanguage\":\"es\",\"potentialAction\":[{\"@type\":\"ReadAction\",\"target\":[\"https:\/\/wpguerssen-test.odoo.rgbconsulting.com\/es\/producto\/jeanne-dayme-cd\/\"]}]},{\"@type\":\"ImageObject\",\"inLanguage\":\"es\",\"@id\":\"https:\/\/wpguerssen-test.odoo.rgbconsulting.com\/es\/producto\/jeanne-dayme-cd\/#primaryimage\",\"url\":\"https:\/\/wpguerssen-test.odoo.rgbconsulting.com\/wp-content\/uploads\/2022\/03\/11521.jpg\",\"contentUrl\":\"https:\/\/wpguerssen-test.odoo.rgbconsulting.com\/wp-content\/uploads\/2022\/03\/11521.jpg\",\"width\":600,\"height\":600,\"caption\":\"SOURDELINE - Jeanne d'Aym\u00e9 (CD) - GUERSSEN (CD) | Guerssen\"},{\"@type\":\"BreadcrumbList\",\"@id\":\"https:\/\/wpguerssen-test.odoo.rgbconsulting.com\/es\/producto\/jeanne-dayme-cd\/#breadcrumb\",\"itemListElement\":[{\"@type\":\"ListItem\",\"position\":1,\"name\":\"Inicio\",\"item\":\"https:\/\/wpguerssen-test.odoo.rgbconsulting.com\/es\/\"},{\"@type\":\"ListItem\",\"position\":2,\"name\":\"Shop\",\"item\":\"https:\/\/wpguerssen-test.odoo.rgbconsulting.com\/shop\/\"},{\"@type\":\"ListItem\",\"position\":3,\"name\":\"Jeanne d&#8217;Aym\u00e9 (CD)\"}]},{\"@type\":\"WebSite\",\"@id\":\"https:\/\/wpguerssen-test.odoo.rgbconsulting.com\/es\/#website\",\"url\":\"https:\/\/wpguerssen-test.odoo.rgbconsulting.com\/es\/\",\"name\":\"Guerssen records\",\"description\":\"psychedelia - progressive - folk - garage \",\"publisher\":{\"@id\":\"https:\/\/wpguerssen-test.odoo.rgbconsulting.com\/es\/#organization\"},\"potentialAction\":[{\"@type\":\"SearchAction\",\"target\":{\"@type\":\"EntryPoint\",\"urlTemplate\":\"https:\/\/wpguerssen-test.odoo.rgbconsulting.com\/es\/?s={search_term_string}\"},\"query-input\":{\"@type\":\"PropertyValueSpecification\",\"valueRequired\":true,\"valueName\":\"search_term_string\"}}],\"inLanguage\":\"es\"},{\"@type\":\"Organization\",\"@id\":\"https:\/\/wpguerssen-test.odoo.rgbconsulting.com\/es\/#organization\",\"name\":\"Guerssen records\",\"url\":\"https:\/\/wpguerssen-test.odoo.rgbconsulting.com\/es\/\",\"logo\":{\"@type\":\"ImageObject\",\"inLanguage\":\"es\",\"@id\":\"https:\/\/wpguerssen-test.odoo.rgbconsulting.com\/es\/#\/schema\/logo\/image\/\",\"url\":\"https:\/\/wpguerssen-test.odoo.rgbconsulting.com\/wp-content\/uploads\/2022\/04\/Logo_Guerssen_trans_100.png\",\"contentUrl\":\"https:\/\/wpguerssen-test.odoo.rgbconsulting.com\/wp-content\/uploads\/2022\/04\/Logo_Guerssen_trans_100.png\",\"width\":122,\"height\":100,\"caption\":\"Guerssen records\"},\"image\":{\"@id\":\"https:\/\/wpguerssen-test.odoo.rgbconsulting.com\/es\/#\/schema\/logo\/image\/\"}}]}<\/script>\n<!-- \/ Yoast SEO plugin. -->","yoast_head_json":{"title":"SOURDELINE - Jeanne d'Aym\u00e9 (CD) -  (CD) | Guerssen","description":"Formed in 1972 in Northern France, Sourdeline has remained as a hidden treasure for decades. #nl# With a strong Pentangle influence in their works, the guys released a couple of astounding albums during the next few years, acquiring a wonderful baroque folk sound based in some traditional French folk songs and many originals, with the use of a large number of traditional instruments. #nl# Their second and last album \"Jeanne d'Aym\u00e9\" is from 1977 and, though being the lesser known of them both, is for us at Guerssen their definitive work, a truly major discovery waiting for you who are not yet in the know. #nl# This is the first ever reissue. #nl# Remastered sound, and a fantastic booklet with unseen photos and liners by Gerald Van Waes, as well as Sourdeline's story written by the band's leader Jean-Pierre Danielsen.","robots":{"index":"index","follow":"follow","max-snippet":"max-snippet:-1","max-image-preview":"max-image-preview:large","max-video-preview":"max-video-preview:-1"},"canonical":"https:\/\/wpguerssen-test.odoo.rgbconsulting.com\/es\/producto\/jeanne-dayme-cd\/","og_locale":"es_ES","og_type":"article","og_title":"SOURDELINE - Jeanne d'Aym\u00e9 (CD) -  (CD) | Guerssen","og_description":"Formed in 1972 in Northern France, Sourdeline has remained as a hidden treasure for decades. #nl# With a strong Pentangle influence in their works, the guys released a couple of astounding albums during the next few years, acquiring a wonderful baroque folk sound based in some traditional French folk songs and many originals, with the use of a large number of traditional instruments. #nl# Their second and last album \"Jeanne d'Aym\u00e9\" is from 1977 and, though being the lesser known of them both, is for us at Guerssen their definitive work, a truly major discovery waiting for you who are not yet in the know. #nl# This is the first ever reissue. #nl# Remastered sound, and a fantastic booklet with unseen photos and liners by Gerald Van Waes, as well as Sourdeline's story written by the band's leader Jean-Pierre Danielsen.","og_url":"https:\/\/wpguerssen-test.odoo.rgbconsulting.com\/es\/producto\/jeanne-dayme-cd\/","og_site_name":"Guerssen records","article_modified_time":"2025-01-31T12:53:07+00:00","og_image":[{"width":600,"height":600,"url":"https:\/\/wpguerssen-test.odoo.rgbconsulting.com\/wp-content\/uploads\/2022\/03\/11521.jpg","type":"image\/jpeg"}],"twitter_card":"summary_large_image","twitter_title":"SOURDELINE - Jeanne d'Aym\u00e9 (CD) -  (CD) | Guerssen","twitter_misc":{"Tiempo de lectura":"1 minuto"},"schema":{"@context":"https:\/\/schema.org","@graph":[{"@type":"WebPage","@id":"https:\/\/wpguerssen-test.odoo.rgbconsulting.com\/es\/producto\/jeanne-dayme-cd\/","url":"https:\/\/wpguerssen-test.odoo.rgbconsulting.com\/es\/producto\/jeanne-dayme-cd\/","name":"SOURDELINE - Jeanne d'Aym\u00e9 (CD) - (CD) | Guerssen","isPartOf":{"@id":"https:\/\/wpguerssen-test.odoo.rgbconsulting.com\/es\/#website"},"primaryImageOfPage":{"@id":"https:\/\/wpguerssen-test.odoo.rgbconsulting.com\/es\/producto\/jeanne-dayme-cd\/#primaryimage"},"image":{"@id":"https:\/\/wpguerssen-test.odoo.rgbconsulting.com\/es\/producto\/jeanne-dayme-cd\/#primaryimage"},"thumbnailUrl":"https:\/\/wpguerssen-test.odoo.rgbconsulting.com\/wp-content\/uploads\/2022\/03\/11521.jpg","datePublished":"2010-07-20T22:00:00+00:00","dateModified":"2025-01-31T12:53:07+00:00","description":"Formed in 1972 in Northern France, Sourdeline has remained as a hidden treasure for decades. #nl# With a strong Pentangle influence in their works, the guys released a couple of astounding albums during the next few years, acquiring a wonderful baroque folk sound based in some traditional French folk songs and many originals, with the use of a large number of traditional instruments. #nl# Their second and last album \"Jeanne d'Aym\u00e9\" is from 1977 and, though being the lesser known of them both, is for us at Guerssen their definitive work, a truly major discovery waiting for you who are not yet in the know. #nl# This is the first ever reissue. #nl# Remastered sound, and a fantastic booklet with unseen photos and liners by Gerald Van Waes, as well as Sourdeline's story written by the band's leader Jean-Pierre Danielsen.","breadcrumb":{"@id":"https:\/\/wpguerssen-test.odoo.rgbconsulting.com\/es\/producto\/jeanne-dayme-cd\/#breadcrumb"},"inLanguage":"es","potentialAction":[{"@type":"ReadAction","target":["https:\/\/wpguerssen-test.odoo.rgbconsulting.com\/es\/producto\/jeanne-dayme-cd\/"]}]},{"@type":"ImageObject","inLanguage":"es","@id":"https:\/\/wpguerssen-test.odoo.rgbconsulting.com\/es\/producto\/jeanne-dayme-cd\/#primaryimage","url":"https:\/\/wpguerssen-test.odoo.rgbconsulting.com\/wp-content\/uploads\/2022\/03\/11521.jpg","contentUrl":"https:\/\/wpguerssen-test.odoo.rgbconsulting.com\/wp-content\/uploads\/2022\/03\/11521.jpg","width":600,"height":600,"caption":"SOURDELINE - Jeanne d'Aym\u00e9 (CD) - GUERSSEN (CD) | Guerssen"},{"@type":"BreadcrumbList","@id":"https:\/\/wpguerssen-test.odoo.rgbconsulting.com\/es\/producto\/jeanne-dayme-cd\/#breadcrumb","itemListElement":[{"@type":"ListItem","position":1,"name":"Inicio","item":"https:\/\/wpguerssen-test.odoo.rgbconsulting.com\/es\/"},{"@type":"ListItem","position":2,"name":"Shop","item":"https:\/\/wpguerssen-test.odoo.rgbconsulting.com\/shop\/"},{"@type":"ListItem","position":3,"name":"Jeanne d&#8217;Aym\u00e9 (CD)"}]},{"@type":"WebSite","@id":"https:\/\/wpguerssen-test.odoo.rgbconsulting.com\/es\/#website","url":"https:\/\/wpguerssen-test.odoo.rgbconsulting.com\/es\/","name":"Guerssen records","description":"psychedelia - progressive - folk - garage ","publisher":{"@id":"https:\/\/wpguerssen-test.odoo.rgbconsulting.com\/es\/#organization"},"potentialAction":[{"@type":"SearchAction","target":{"@type":"EntryPoint","urlTemplate":"https:\/\/wpguerssen-test.odoo.rgbconsulting.com\/es\/?s={search_term_string}"},"query-input":{"@type":"PropertyValueSpecification","valueRequired":true,"valueName":"search_term_string"}}],"inLanguage":"es"},{"@type":"Organization","@id":"https:\/\/wpguerssen-test.odoo.rgbconsulting.com\/es\/#organization","name":"Guerssen records","url":"https:\/\/wpguerssen-test.odoo.rgbconsulting.com\/es\/","logo":{"@type":"ImageObject","inLanguage":"es","@id":"https:\/\/wpguerssen-test.odoo.rgbconsulting.com\/es\/#\/schema\/logo\/image\/","url":"https:\/\/wpguerssen-test.odoo.rgbconsulting.com\/wp-content\/uploads\/2022\/04\/Logo_Guerssen_trans_100.png","contentUrl":"https:\/\/wpguerssen-test.odoo.rgbconsulting.com\/wp-content\/uploads\/2022\/04\/Logo_Guerssen_trans_100.png","width":122,"height":100,"caption":"Guerssen records"},"image":{"@id":"https:\/\/wpguerssen-test.odoo.rgbconsulting.com\/es\/#\/schema\/logo\/image\/"}}]}},"_links":{"self":[{"href":"https:\/\/wpguerssen-test.odoo.rgbconsulting.com\/es\/wp-json\/wp\/v2\/product\/177885","targetHints":{"allow":["GET"]}}],"collection":[{"href":"https:\/\/wpguerssen-test.odoo.rgbconsulting.com\/es\/wp-json\/wp\/v2\/product"}],"about":[{"href":"https:\/\/wpguerssen-test.odoo.rgbconsulting.com\/es\/wp-json\/wp\/v2\/types\/product"}],"wp:featuredmedia":[{"embeddable":true,"href":"https:\/\/wpguerssen-test.odoo.rgbconsulting.com\/es\/wp-json\/wp\/v2\/media\/112634"}],"wp:attachment":[{"href":"https:\/\/wpguerssen-test.odoo.rgbconsulting.com\/es\/wp-json\/wp\/v2\/media?parent=177885"}],"wp:term":[{"taxonomy":"product_brand","embeddable":true,"href":"https:\/\/wpguerssen-test.odoo.rgbconsulting.com\/es\/wp-json\/wp\/v2\/product_brand?post=177885"},{"taxonomy":"product_cat","embeddable":true,"href":"https:\/\/wpguerssen-test.odoo.rgbconsulting.com\/es\/wp-json\/wp\/v2\/product_cat?post=177885"},{"taxonomy":"product_tag","embeddable":true,"href":"https:\/\/wpguerssen-test.odoo.rgbconsulting.com\/es\/wp-json\/wp\/v2\/product_tag?post=177885"}],"curies":[{"name":"wp","href":"https:\/\/api.w.org\/{rel}","templated":true}]}}