{"id":177887,"date":"2010-07-21T00:00:00","date_gmt":"2010-07-20T22:00:00","guid":{"rendered":"http:\/\/guerssen.hl1097.dinaserver.com\/product\/its-my-story-cd\/"},"modified":"2025-01-08T15:28:37","modified_gmt":"2025-01-08T14:28:37","slug":"its-my-story-cd","status":"publish","type":"product","link":"https:\/\/wpguerssen-test.odoo.rgbconsulting.com\/es\/producto\/its-my-story-cd\/","title":{"rendered":"It&#8217;s my story  (CD)"},"content":{"rendered":"<p>Los padres y pioneros del movimiento freak\/folk psicod\u00e9lico lo han vuelto a hacer! Despu\u00e9s de editar un par de tremendos discos a finales de los 70 y principios de los 80, vuelven con un nuevo disco y el mismo sonido de hace 30 a\u00f1os! <\/p>\n<p> Podr\u00eda ser su mejor trabajo: sonido suave y freak-folk con guitarras ac\u00fasticas, doble bajo, flauta, percusi\u00f3n&#8230;Once nuevos temas y una nueva versi\u00f3n de \u00abSpace Heater\u00bb, originalmente en su \u00e1lbum debut de 1979.<br \/>Incluye booklet con fotos y notas por su l\u00edder Stephen Cohen y el experto en m\u00fasica folk-psych Gerald Van Waes.<\/p>\n","protected":false},"excerpt":{"rendered":"<p>Los padres y pioneros del movimiento freak\/folk psicod\u00e9lico lo han vuelto a hacer! Despu\u00e9s de editar un par de tremendos discos a finales de los 70 y principios<a class=\"read\" href=\"https:\/\/wpguerssen-test.odoo.rgbconsulting.com\/es\/producto\/its-my-story-cd\/\"> (...)<\/a>","protected":false},"featured_media":112640,"template":"","meta":{"_acf_changed":false},"product_brand":[],"product_cat":[21688,23217],"product_tag":[29138,24190],"class_list":{"0":"post-177887","1":"product","2":"type-product","3":"status-publish","4":"has-post-thumbnail","6":"product_cat-psychedelic80s-90s-es","7":"product_cat-folk-rock-80s-90s-es","8":"product_tag-cd-es","9":"product_tag-sales-es","10":"pa_artist-tree-people-es","11":"pa_format-cd-2-es","12":"pa_gender-folk-rock-80s-90s-psychedelic80s-90s","13":"pa_label-guerssen-es","14":"pa_location-north-america-es","16":"first","17":"instock","18":"taxable","19":"shipping-taxable","20":"purchasable","21":"product-type-simple"},"acf":[],"yoast_head":"<!-- This site is optimized with the Yoast SEO plugin v24.9 - https:\/\/yoast.com\/wordpress\/plugins\/seo\/ -->\n<title>TREE PEOPLE - It&#039;s my story (CD) -  (CD) | Guerssen<\/title>\n<meta name=\"description\" content=\"Fathers of freak folk \/ folk psych pioneers The Tree People have incredibly made it again. #nl# Responsible of two awesome works in the late 70&#039;s and early 80&#039;s, here they are now with a new album and we can tell you sound exactly as they did 30 years ago. This could be their best work ever. Mellow, tender freak folk with acoustic guitar, double bass, recorder, flute and percussion. #nl# Eleven new tracks, plus a new version of &quot;Space heater&quot; which was in their 1979 debut. #nl# Includes booklet with photos and liners both by band leader Stephen Cohen and folk-psych connoisseur Gerald Van Waes.\" \/>\n<meta name=\"robots\" content=\"index, follow, max-snippet:-1, max-image-preview:large, max-video-preview:-1\" \/>\n<link rel=\"canonical\" href=\"https:\/\/wpguerssen-test.odoo.rgbconsulting.com\/es\/producto\/its-my-story-cd\/\" \/>\n<meta property=\"og:locale\" content=\"es_ES\" \/>\n<meta property=\"og:type\" content=\"article\" \/>\n<meta property=\"og:title\" content=\"TREE PEOPLE - It&#039;s my story (CD) -  (CD) | Guerssen\" \/>\n<meta property=\"og:description\" content=\"Fathers of freak folk \/ folk psych pioneers The Tree People have incredibly made it again. #nl# Responsible of two awesome works in the late 70&#039;s and early 80&#039;s, here they are now with a new album and we can tell you sound exactly as they did 30 years ago. This could be their best work ever. Mellow, tender freak folk with acoustic guitar, double bass, recorder, flute and percussion. #nl# Eleven new tracks, plus a new version of &quot;Space heater&quot; which was in their 1979 debut. #nl# Includes booklet with photos and liners both by band leader Stephen Cohen and folk-psych connoisseur Gerald Van Waes.\" \/>\n<meta property=\"og:url\" content=\"https:\/\/wpguerssen-test.odoo.rgbconsulting.com\/es\/producto\/its-my-story-cd\/\" \/>\n<meta property=\"og:site_name\" content=\"Guerssen records\" \/>\n<meta property=\"article:modified_time\" content=\"2025-01-08T14:28:37+00:00\" \/>\n<meta property=\"og:image\" content=\"https:\/\/wpguerssen-test.odoo.rgbconsulting.com\/wp-content\/uploads\/2022\/03\/11526.jpg\" \/>\n\t<meta property=\"og:image:width\" content=\"180\" \/>\n\t<meta property=\"og:image:height\" content=\"180\" \/>\n\t<meta property=\"og:image:type\" content=\"image\/jpeg\" \/>\n<meta name=\"twitter:card\" content=\"summary_large_image\" \/>\n<meta name=\"twitter:title\" content=\"TREE PEOPLE - It&#039;s my story (CD) -  (CD) | Guerssen\" \/>\n<meta name=\"twitter:label1\" content=\"Tiempo de lectura\" \/>\n\t<meta name=\"twitter:data1\" content=\"1 minuto\" \/>\n<script type=\"application\/ld+json\" class=\"yoast-schema-graph\">{\"@context\":\"https:\/\/schema.org\",\"@graph\":[{\"@type\":\"WebPage\",\"@id\":\"https:\/\/wpguerssen-test.odoo.rgbconsulting.com\/es\/producto\/its-my-story-cd\/\",\"url\":\"https:\/\/wpguerssen-test.odoo.rgbconsulting.com\/es\/producto\/its-my-story-cd\/\",\"name\":\"TREE PEOPLE - It's my story (CD) - (CD) | Guerssen\",\"isPartOf\":{\"@id\":\"https:\/\/wpguerssen-test.odoo.rgbconsulting.com\/es\/#website\"},\"primaryImageOfPage\":{\"@id\":\"https:\/\/wpguerssen-test.odoo.rgbconsulting.com\/es\/producto\/its-my-story-cd\/#primaryimage\"},\"image\":{\"@id\":\"https:\/\/wpguerssen-test.odoo.rgbconsulting.com\/es\/producto\/its-my-story-cd\/#primaryimage\"},\"thumbnailUrl\":\"https:\/\/wpguerssen-test.odoo.rgbconsulting.com\/wp-content\/uploads\/2022\/03\/11526.jpg\",\"datePublished\":\"2010-07-20T22:00:00+00:00\",\"dateModified\":\"2025-01-08T14:28:37+00:00\",\"description\":\"Fathers of freak folk \/ folk psych pioneers The Tree People have incredibly made it again. #nl# Responsible of two awesome works in the late 70's and early 80's, here they are now with a new album and we can tell you sound exactly as they did 30 years ago. This could be their best work ever. Mellow, tender freak folk with acoustic guitar, double bass, recorder, flute and percussion. #nl# Eleven new tracks, plus a new version of \\\"Space heater\\\" which was in their 1979 debut. #nl# Includes booklet with photos and liners both by band leader Stephen Cohen and folk-psych connoisseur Gerald Van Waes.\",\"breadcrumb\":{\"@id\":\"https:\/\/wpguerssen-test.odoo.rgbconsulting.com\/es\/producto\/its-my-story-cd\/#breadcrumb\"},\"inLanguage\":\"es\",\"potentialAction\":[{\"@type\":\"ReadAction\",\"target\":[\"https:\/\/wpguerssen-test.odoo.rgbconsulting.com\/es\/producto\/its-my-story-cd\/\"]}]},{\"@type\":\"ImageObject\",\"inLanguage\":\"es\",\"@id\":\"https:\/\/wpguerssen-test.odoo.rgbconsulting.com\/es\/producto\/its-my-story-cd\/#primaryimage\",\"url\":\"https:\/\/wpguerssen-test.odoo.rgbconsulting.com\/wp-content\/uploads\/2022\/03\/11526.jpg\",\"contentUrl\":\"https:\/\/wpguerssen-test.odoo.rgbconsulting.com\/wp-content\/uploads\/2022\/03\/11526.jpg\",\"width\":180,\"height\":180,\"caption\":\"TREE PEOPLE - It's my story (CD) - GUERSSEN (CD) | Guerssen\"},{\"@type\":\"BreadcrumbList\",\"@id\":\"https:\/\/wpguerssen-test.odoo.rgbconsulting.com\/es\/producto\/its-my-story-cd\/#breadcrumb\",\"itemListElement\":[{\"@type\":\"ListItem\",\"position\":1,\"name\":\"Inicio\",\"item\":\"https:\/\/wpguerssen-test.odoo.rgbconsulting.com\/es\/\"},{\"@type\":\"ListItem\",\"position\":2,\"name\":\"Shop\",\"item\":\"https:\/\/wpguerssen-test.odoo.rgbconsulting.com\/shop\/\"},{\"@type\":\"ListItem\",\"position\":3,\"name\":\"It&#8217;s my story (CD)\"}]},{\"@type\":\"WebSite\",\"@id\":\"https:\/\/wpguerssen-test.odoo.rgbconsulting.com\/es\/#website\",\"url\":\"https:\/\/wpguerssen-test.odoo.rgbconsulting.com\/es\/\",\"name\":\"Guerssen records\",\"description\":\"psychedelia - progressive - folk - garage \",\"publisher\":{\"@id\":\"https:\/\/wpguerssen-test.odoo.rgbconsulting.com\/es\/#organization\"},\"potentialAction\":[{\"@type\":\"SearchAction\",\"target\":{\"@type\":\"EntryPoint\",\"urlTemplate\":\"https:\/\/wpguerssen-test.odoo.rgbconsulting.com\/es\/?s={search_term_string}\"},\"query-input\":{\"@type\":\"PropertyValueSpecification\",\"valueRequired\":true,\"valueName\":\"search_term_string\"}}],\"inLanguage\":\"es\"},{\"@type\":\"Organization\",\"@id\":\"https:\/\/wpguerssen-test.odoo.rgbconsulting.com\/es\/#organization\",\"name\":\"Guerssen records\",\"url\":\"https:\/\/wpguerssen-test.odoo.rgbconsulting.com\/es\/\",\"logo\":{\"@type\":\"ImageObject\",\"inLanguage\":\"es\",\"@id\":\"https:\/\/wpguerssen-test.odoo.rgbconsulting.com\/es\/#\/schema\/logo\/image\/\",\"url\":\"https:\/\/wpguerssen-test.odoo.rgbconsulting.com\/wp-content\/uploads\/2022\/04\/Logo_Guerssen_trans_100.png\",\"contentUrl\":\"https:\/\/wpguerssen-test.odoo.rgbconsulting.com\/wp-content\/uploads\/2022\/04\/Logo_Guerssen_trans_100.png\",\"width\":122,\"height\":100,\"caption\":\"Guerssen records\"},\"image\":{\"@id\":\"https:\/\/wpguerssen-test.odoo.rgbconsulting.com\/es\/#\/schema\/logo\/image\/\"}}]}<\/script>\n<!-- \/ Yoast SEO plugin. -->","yoast_head_json":{"title":"TREE PEOPLE - It's my story (CD) -  (CD) | Guerssen","description":"Fathers of freak folk \/ folk psych pioneers The Tree People have incredibly made it again. #nl# Responsible of two awesome works in the late 70's and early 80's, here they are now with a new album and we can tell you sound exactly as they did 30 years ago. This could be their best work ever. Mellow, tender freak folk with acoustic guitar, double bass, recorder, flute and percussion. #nl# Eleven new tracks, plus a new version of \"Space heater\" which was in their 1979 debut. #nl# Includes booklet with photos and liners both by band leader Stephen Cohen and folk-psych connoisseur Gerald Van Waes.","robots":{"index":"index","follow":"follow","max-snippet":"max-snippet:-1","max-image-preview":"max-image-preview:large","max-video-preview":"max-video-preview:-1"},"canonical":"https:\/\/wpguerssen-test.odoo.rgbconsulting.com\/es\/producto\/its-my-story-cd\/","og_locale":"es_ES","og_type":"article","og_title":"TREE PEOPLE - It's my story (CD) -  (CD) | Guerssen","og_description":"Fathers of freak folk \/ folk psych pioneers The Tree People have incredibly made it again. #nl# Responsible of two awesome works in the late 70's and early 80's, here they are now with a new album and we can tell you sound exactly as they did 30 years ago. This could be their best work ever. Mellow, tender freak folk with acoustic guitar, double bass, recorder, flute and percussion. #nl# Eleven new tracks, plus a new version of \"Space heater\" which was in their 1979 debut. #nl# Includes booklet with photos and liners both by band leader Stephen Cohen and folk-psych connoisseur Gerald Van Waes.","og_url":"https:\/\/wpguerssen-test.odoo.rgbconsulting.com\/es\/producto\/its-my-story-cd\/","og_site_name":"Guerssen records","article_modified_time":"2025-01-08T14:28:37+00:00","og_image":[{"width":180,"height":180,"url":"https:\/\/wpguerssen-test.odoo.rgbconsulting.com\/wp-content\/uploads\/2022\/03\/11526.jpg","type":"image\/jpeg"}],"twitter_card":"summary_large_image","twitter_title":"TREE PEOPLE - It's my story (CD) -  (CD) | Guerssen","twitter_misc":{"Tiempo de lectura":"1 minuto"},"schema":{"@context":"https:\/\/schema.org","@graph":[{"@type":"WebPage","@id":"https:\/\/wpguerssen-test.odoo.rgbconsulting.com\/es\/producto\/its-my-story-cd\/","url":"https:\/\/wpguerssen-test.odoo.rgbconsulting.com\/es\/producto\/its-my-story-cd\/","name":"TREE PEOPLE - It's my story (CD) - (CD) | Guerssen","isPartOf":{"@id":"https:\/\/wpguerssen-test.odoo.rgbconsulting.com\/es\/#website"},"primaryImageOfPage":{"@id":"https:\/\/wpguerssen-test.odoo.rgbconsulting.com\/es\/producto\/its-my-story-cd\/#primaryimage"},"image":{"@id":"https:\/\/wpguerssen-test.odoo.rgbconsulting.com\/es\/producto\/its-my-story-cd\/#primaryimage"},"thumbnailUrl":"https:\/\/wpguerssen-test.odoo.rgbconsulting.com\/wp-content\/uploads\/2022\/03\/11526.jpg","datePublished":"2010-07-20T22:00:00+00:00","dateModified":"2025-01-08T14:28:37+00:00","description":"Fathers of freak folk \/ folk psych pioneers The Tree People have incredibly made it again. #nl# Responsible of two awesome works in the late 70's and early 80's, here they are now with a new album and we can tell you sound exactly as they did 30 years ago. This could be their best work ever. Mellow, tender freak folk with acoustic guitar, double bass, recorder, flute and percussion. #nl# Eleven new tracks, plus a new version of \"Space heater\" which was in their 1979 debut. #nl# Includes booklet with photos and liners both by band leader Stephen Cohen and folk-psych connoisseur Gerald Van Waes.","breadcrumb":{"@id":"https:\/\/wpguerssen-test.odoo.rgbconsulting.com\/es\/producto\/its-my-story-cd\/#breadcrumb"},"inLanguage":"es","potentialAction":[{"@type":"ReadAction","target":["https:\/\/wpguerssen-test.odoo.rgbconsulting.com\/es\/producto\/its-my-story-cd\/"]}]},{"@type":"ImageObject","inLanguage":"es","@id":"https:\/\/wpguerssen-test.odoo.rgbconsulting.com\/es\/producto\/its-my-story-cd\/#primaryimage","url":"https:\/\/wpguerssen-test.odoo.rgbconsulting.com\/wp-content\/uploads\/2022\/03\/11526.jpg","contentUrl":"https:\/\/wpguerssen-test.odoo.rgbconsulting.com\/wp-content\/uploads\/2022\/03\/11526.jpg","width":180,"height":180,"caption":"TREE PEOPLE - It's my story (CD) - GUERSSEN (CD) | Guerssen"},{"@type":"BreadcrumbList","@id":"https:\/\/wpguerssen-test.odoo.rgbconsulting.com\/es\/producto\/its-my-story-cd\/#breadcrumb","itemListElement":[{"@type":"ListItem","position":1,"name":"Inicio","item":"https:\/\/wpguerssen-test.odoo.rgbconsulting.com\/es\/"},{"@type":"ListItem","position":2,"name":"Shop","item":"https:\/\/wpguerssen-test.odoo.rgbconsulting.com\/shop\/"},{"@type":"ListItem","position":3,"name":"It&#8217;s my story (CD)"}]},{"@type":"WebSite","@id":"https:\/\/wpguerssen-test.odoo.rgbconsulting.com\/es\/#website","url":"https:\/\/wpguerssen-test.odoo.rgbconsulting.com\/es\/","name":"Guerssen records","description":"psychedelia - progressive - folk - garage ","publisher":{"@id":"https:\/\/wpguerssen-test.odoo.rgbconsulting.com\/es\/#organization"},"potentialAction":[{"@type":"SearchAction","target":{"@type":"EntryPoint","urlTemplate":"https:\/\/wpguerssen-test.odoo.rgbconsulting.com\/es\/?s={search_term_string}"},"query-input":{"@type":"PropertyValueSpecification","valueRequired":true,"valueName":"search_term_string"}}],"inLanguage":"es"},{"@type":"Organization","@id":"https:\/\/wpguerssen-test.odoo.rgbconsulting.com\/es\/#organization","name":"Guerssen records","url":"https:\/\/wpguerssen-test.odoo.rgbconsulting.com\/es\/","logo":{"@type":"ImageObject","inLanguage":"es","@id":"https:\/\/wpguerssen-test.odoo.rgbconsulting.com\/es\/#\/schema\/logo\/image\/","url":"https:\/\/wpguerssen-test.odoo.rgbconsulting.com\/wp-content\/uploads\/2022\/04\/Logo_Guerssen_trans_100.png","contentUrl":"https:\/\/wpguerssen-test.odoo.rgbconsulting.com\/wp-content\/uploads\/2022\/04\/Logo_Guerssen_trans_100.png","width":122,"height":100,"caption":"Guerssen records"},"image":{"@id":"https:\/\/wpguerssen-test.odoo.rgbconsulting.com\/es\/#\/schema\/logo\/image\/"}}]}},"_links":{"self":[{"href":"https:\/\/wpguerssen-test.odoo.rgbconsulting.com\/es\/wp-json\/wp\/v2\/product\/177887","targetHints":{"allow":["GET"]}}],"collection":[{"href":"https:\/\/wpguerssen-test.odoo.rgbconsulting.com\/es\/wp-json\/wp\/v2\/product"}],"about":[{"href":"https:\/\/wpguerssen-test.odoo.rgbconsulting.com\/es\/wp-json\/wp\/v2\/types\/product"}],"wp:featuredmedia":[{"embeddable":true,"href":"https:\/\/wpguerssen-test.odoo.rgbconsulting.com\/es\/wp-json\/wp\/v2\/media\/112640"}],"wp:attachment":[{"href":"https:\/\/wpguerssen-test.odoo.rgbconsulting.com\/es\/wp-json\/wp\/v2\/media?parent=177887"}],"wp:term":[{"taxonomy":"product_brand","embeddable":true,"href":"https:\/\/wpguerssen-test.odoo.rgbconsulting.com\/es\/wp-json\/wp\/v2\/product_brand?post=177887"},{"taxonomy":"product_cat","embeddable":true,"href":"https:\/\/wpguerssen-test.odoo.rgbconsulting.com\/es\/wp-json\/wp\/v2\/product_cat?post=177887"},{"taxonomy":"product_tag","embeddable":true,"href":"https:\/\/wpguerssen-test.odoo.rgbconsulting.com\/es\/wp-json\/wp\/v2\/product_tag?post=177887"}],"curies":[{"name":"wp","href":"https:\/\/api.w.org\/{rel}","templated":true}]}}