{"id":177925,"date":"2011-01-20T00:00:00","date_gmt":"2011-01-19T23:00:00","guid":{"rendered":"http:\/\/guerssen.hl1097.dinaserver.com\/product\/visa-de-censure-nox-ost\/"},"modified":"2024-02-15T17:44:44","modified_gmt":"2024-02-15T16:44:44","slug":"visa-de-censure-nox-ost","status":"publish","type":"product","link":"https:\/\/wpguerssen-test.odoo.rgbconsulting.com\/es\/producto\/visa-de-censure-nox-ost\/","title":{"rendered":"Visa de censure noX (OST)"},"content":{"rendered":"<p>Otra joya perdida del underground musical franc\u00e9s, Delired Cameleon Family fue originalmente concebido como la banda sonora del filme de Pierre Cl\u00e9menti \u00abVisa de censure no X\u00bb y editado originalmente en formato LP en 1975. <\/p>\n<p> Un grupo de reputados experimentalistas fueron los encargados de proporcionar la banda sonora a \u00abVisa de censure\u00bb.<BR>Bajo la direcci\u00f3n de Cyrille Verdeaux e Yvan Coaquette (Musica Electr\u00f3nica Viva, Spacecraft&#8230;), encontramos nombres tan ilustres como Gilbert Artman (Lard Free, Urban Sax&#8230;), Christian Boul\u00e9, Tim Blake (Gong, solo recordings&#8230;), Ariel Kalma (Heldon, solo recordings&#8230;), Jean-Claude d&#8217;Agostini, Fran\u00e7ois Jeanneau, Jean Padovani, Olivier Pamela, Jo\u00ebl Dugrenot, Antoine Duvernet, Aude Cornillac y Val\u00e9rie Lagrange. <\/p>\n<p> Cyrille Verdeaux fue, naturalmente, la fuerza principal tras el m\u00e1s conocido proyecto Clear Light. Verdeaux, nacido el 31 de julio de 1949 en Paris, entr\u00f3 a los 15 a\u00f1os en el Conservatorio Nacional de M\u00fasica de Francia d\u00f3nde se especializ\u00f3 en harmonia, composici\u00f3n y piano.<BR>Gan\u00f3 tres veces el primer premio a la mejor composici\u00f3n estudiantil. Tras las revueltas de 1968 dej\u00f3 el Conservatorio y se uni\u00f3 a una banda como teclista. En 1972 edit\u00f3 Clearlight Symphony, y form\u00f3 la banda Clear Light para girar por toda Europa. Clear Light gabar\u00edan tres LPs m\u00e1s en los setenta, y la banda sonora objeto de nuestra reedici\u00f3n. <\/p>\n<p> La m\u00fasica de Delirec Cemeleon Family, como se ha dicho en alg\u00fan medio, es \u00abla sint\u00e9sis de t\u00e9cnicas de piano, escalas \u00e9picas, sonidos de wah wahs psicod\u00e9licos y arreglos \u00abc\u00f3smicos\u00bb de maquinas electr\u00f3nicas moleculares\u00bb. <\/p>\n<p> Nos enorgullece a\u00f1adir \u00e9sta fant\u00e1stica banda sonora lis\u00e9rgica experimental al cat\u00e1logo de Wah Wah, reeditada ahora en vinilo, con sonido remasterizado, enfundada en una fiel reproducci\u00f3n de la carpeta original y con un inserto con notas y fotograf\u00edas. Edici\u00f3n de s\u00f3lo 500 copias, \u00a1consigue la tuya antes de que se agote!<\/p>\n","protected":false},"excerpt":{"rendered":"<p>Otra joya perdida del underground musical franc\u00e9s, Delired Cameleon Family fue originalmente concebido como la banda sonora del filme de Pierre Cl\u00e9menti \u00abVisa de<a class=\"read\" href=\"https:\/\/wpguerssen-test.odoo.rgbconsulting.com\/es\/producto\/visa-de-censure-nox-ost\/\"> (...)<\/a>","protected":false},"featured_media":112771,"template":"","meta":{"_acf_changed":false},"product_brand":[],"product_cat":[21639,21641],"product_tag":[],"class_list":{"0":"post-177925","1":"product","2":"type-product","3":"status-publish","4":"has-post-thumbnail","6":"product_cat-psychedelic60s-70s-es","7":"product_cat-soundtracks-es","8":"pa_artist-delired-cameleon-family-es","9":"pa_format-lp-es","10":"pa_gender-psychedelic60s-70s-soundtracks","11":"pa_label-wah-wah-es-2","12":"pa_location-europe-es","13":"pa_other-filters-vinyl-only-es","15":"first","16":"instock","17":"taxable","18":"shipping-taxable","19":"purchasable","20":"product-type-simple"},"acf":[],"yoast_head":"<!-- This site is optimized with the Yoast SEO plugin v24.9 - https:\/\/yoast.com\/wordpress\/plugins\/seo\/ -->\n<title>DELIRED CAMELEON FAMILY - Visa de censure noX (OST) -  (LP) | Guerssen<\/title>\n<meta name=\"description\" content=\"Another lost gem of French underground music, Delired Cameleon Family was originally conceived as the soundtrack to Pierre Cl\u00e9menti&#039;s &quot;Visa de censure no X&quot;, and was originally released as an LP in 1975. #nl# It was a host of reputed experimentalists who took charge of producing this soundtrack.Under the direction of Cyrille Verdeaux we found the likes of Yvan Coaquette (M\u00fasica Electr\u00f3nica Viva, Spacecraft...), Gilbert Artman (Lard Free, Urban Sax...), Christian Boul\u00e9, Tim Blake (Gong, solo recordings...), Ariel Kalma (Heldon, solo recordings), Jean-Claude d&#039;Agostini, Fran\u00e7ois Jeanneau, Jean Padovani, Olivier Pamela, Jo\u00ebl Dugrenot, Antoine Duvernet, Aude Cornillac and Val\u00e9rie Lagrange. #nl# Cyrille Verdeaux was, of course, the main force behind the better known French band Clear Light. Verdeaux was born the 31st of July of 1949 in Paris.At the age of 15 he became a student at the French National Conservatory of Music, specialising in studies of harmony, composition and piano. He won three times the first prize in student composition. After the 1968 student riots he left the Conservatory to join a band as a keyboardist. In 1972 he released &quot;Clearlight Symphony&quot;, thus forming the band Clear Light to tour through Europe perfroming his symphony. Clear Light would release three more LPs through the 70&#039;s, and also the soundtrack to &quot;Visa de censure&quot;. #nl# The music form Delired Cameleon Family, as it has been told somewhere, &quot;is the synthesis of piano&#039;s technical, epic scales, psychedelic wah wah guitar sounds and electronic &lt;&gt;, molecular machines arrangements.&quot; #nl# We are proud to add this great experimental trippy soundtrack to the Wah Wah catalogue, reissued in cool vinyl, with remastered sound, housed in a faithfull reproduction of the original sleeve and complete with an insert with liner notes and photos. Only 500 copies pressed, so better get yours before they are gone!\" \/>\n<meta name=\"robots\" content=\"index, follow, max-snippet:-1, max-image-preview:large, max-video-preview:-1\" \/>\n<link rel=\"canonical\" href=\"https:\/\/wpguerssen-test.odoo.rgbconsulting.com\/es\/producto\/visa-de-censure-nox-ost\/\" \/>\n<meta property=\"og:locale\" content=\"es_ES\" \/>\n<meta property=\"og:type\" content=\"article\" \/>\n<meta property=\"og:title\" content=\"DELIRED CAMELEON FAMILY - Visa de censure noX (OST) -  (LP) | Guerssen\" \/>\n<meta property=\"og:description\" content=\"Another lost gem of French underground music, Delired Cameleon Family was originally conceived as the soundtrack to Pierre Cl\u00e9menti&#039;s &quot;Visa de censure no X&quot;, and was originally released as an LP in 1975. #nl# It was a host of reputed experimentalists who took charge of producing this soundtrack.Under the direction of Cyrille Verdeaux we found the likes of Yvan Coaquette (M\u00fasica Electr\u00f3nica Viva, Spacecraft...), Gilbert Artman (Lard Free, Urban Sax...), Christian Boul\u00e9, Tim Blake (Gong, solo recordings...), Ariel Kalma (Heldon, solo recordings), Jean-Claude d&#039;Agostini, Fran\u00e7ois Jeanneau, Jean Padovani, Olivier Pamela, Jo\u00ebl Dugrenot, Antoine Duvernet, Aude Cornillac and Val\u00e9rie Lagrange. #nl# Cyrille Verdeaux was, of course, the main force behind the better known French band Clear Light. Verdeaux was born the 31st of July of 1949 in Paris.At the age of 15 he became a student at the French National Conservatory of Music, specialising in studies of harmony, composition and piano. He won three times the first prize in student composition. After the 1968 student riots he left the Conservatory to join a band as a keyboardist. In 1972 he released &quot;Clearlight Symphony&quot;, thus forming the band Clear Light to tour through Europe perfroming his symphony. Clear Light would release three more LPs through the 70&#039;s, and also the soundtrack to &quot;Visa de censure&quot;. #nl# The music form Delired Cameleon Family, as it has been told somewhere, &quot;is the synthesis of piano&#039;s technical, epic scales, psychedelic wah wah guitar sounds and electronic &lt;&gt;, molecular machines arrangements.&quot; #nl# We are proud to add this great experimental trippy soundtrack to the Wah Wah catalogue, reissued in cool vinyl, with remastered sound, housed in a faithfull reproduction of the original sleeve and complete with an insert with liner notes and photos. Only 500 copies pressed, so better get yours before they are gone!\" \/>\n<meta property=\"og:url\" content=\"https:\/\/wpguerssen-test.odoo.rgbconsulting.com\/es\/producto\/visa-de-censure-nox-ost\/\" \/>\n<meta property=\"og:site_name\" content=\"Guerssen records\" \/>\n<meta property=\"article:modified_time\" content=\"2024-02-15T16:44:44+00:00\" \/>\n<meta name=\"twitter:card\" content=\"summary_large_image\" \/>\n<meta name=\"twitter:title\" content=\"DELIRED CAMELEON FAMILY - Visa de censure noX (OST) -  (LP) | Guerssen\" \/>\n<meta name=\"twitter:label1\" content=\"Tiempo de lectura\" \/>\n\t<meta name=\"twitter:data1\" content=\"2 minutos\" \/>\n<script type=\"application\/ld+json\" class=\"yoast-schema-graph\">{\"@context\":\"https:\/\/schema.org\",\"@graph\":[{\"@type\":\"WebPage\",\"@id\":\"https:\/\/wpguerssen-test.odoo.rgbconsulting.com\/es\/producto\/visa-de-censure-nox-ost\/\",\"url\":\"https:\/\/wpguerssen-test.odoo.rgbconsulting.com\/es\/producto\/visa-de-censure-nox-ost\/\",\"name\":\"DELIRED CAMELEON FAMILY - Visa de censure noX (OST) - (LP) | Guerssen\",\"isPartOf\":{\"@id\":\"https:\/\/wpguerssen-test.odoo.rgbconsulting.com\/es\/#website\"},\"primaryImageOfPage\":{\"@id\":\"https:\/\/wpguerssen-test.odoo.rgbconsulting.com\/es\/producto\/visa-de-censure-nox-ost\/#primaryimage\"},\"image\":{\"@id\":\"https:\/\/wpguerssen-test.odoo.rgbconsulting.com\/es\/producto\/visa-de-censure-nox-ost\/#primaryimage\"},\"thumbnailUrl\":\"https:\/\/wpguerssen-test.odoo.rgbconsulting.com\/wp-content\/uploads\/2022\/03\/11802.jpg\",\"datePublished\":\"2011-01-19T23:00:00+00:00\",\"dateModified\":\"2024-02-15T16:44:44+00:00\",\"description\":\"Another lost gem of French underground music, Delired Cameleon Family was originally conceived as the soundtrack to Pierre Cl\u00e9menti's \\\"Visa de censure no X\\\", and was originally released as an LP in 1975. #nl# It was a host of reputed experimentalists who took charge of producing this soundtrack.Under the direction of Cyrille Verdeaux we found the likes of Yvan Coaquette (M\u00fasica Electr\u00f3nica Viva, Spacecraft...), Gilbert Artman (Lard Free, Urban Sax...), Christian Boul\u00e9, Tim Blake (Gong, solo recordings...), Ariel Kalma (Heldon, solo recordings), Jean-Claude d'Agostini, Fran\u00e7ois Jeanneau, Jean Padovani, Olivier Pamela, Jo\u00ebl Dugrenot, Antoine Duvernet, Aude Cornillac and Val\u00e9rie Lagrange. #nl# Cyrille Verdeaux was, of course, the main force behind the better known French band Clear Light. Verdeaux was born the 31st of July of 1949 in Paris.At the age of 15 he became a student at the French National Conservatory of Music, specialising in studies of harmony, composition and piano. He won three times the first prize in student composition. After the 1968 student riots he left the Conservatory to join a band as a keyboardist. In 1972 he released \\\"Clearlight Symphony\\\", thus forming the band Clear Light to tour through Europe perfroming his symphony. Clear Light would release three more LPs through the 70's, and also the soundtrack to \\\"Visa de censure\\\". #nl# The music form Delired Cameleon Family, as it has been told somewhere, \\\"is the synthesis of piano's technical, epic scales, psychedelic wah wah guitar sounds and electronic &lt;>, molecular machines arrangements.\\\" #nl# We are proud to add this great experimental trippy soundtrack to the Wah Wah catalogue, reissued in cool vinyl, with remastered sound, housed in a faithfull reproduction of the original sleeve and complete with an insert with liner notes and photos. Only 500 copies pressed, so better get yours before they are gone!\",\"breadcrumb\":{\"@id\":\"https:\/\/wpguerssen-test.odoo.rgbconsulting.com\/es\/producto\/visa-de-censure-nox-ost\/#breadcrumb\"},\"inLanguage\":\"es\",\"potentialAction\":[{\"@type\":\"ReadAction\",\"target\":[\"https:\/\/wpguerssen-test.odoo.rgbconsulting.com\/es\/producto\/visa-de-censure-nox-ost\/\"]}]},{\"@type\":\"ImageObject\",\"inLanguage\":\"es\",\"@id\":\"https:\/\/wpguerssen-test.odoo.rgbconsulting.com\/es\/producto\/visa-de-censure-nox-ost\/#primaryimage\",\"url\":\"https:\/\/wpguerssen-test.odoo.rgbconsulting.com\/wp-content\/uploads\/2022\/03\/11802.jpg\",\"contentUrl\":\"https:\/\/wpguerssen-test.odoo.rgbconsulting.com\/wp-content\/uploads\/2022\/03\/11802.jpg\",\"width\":400,\"height\":400,\"caption\":\"DELIRED CAMELEON FAMILY - Visa de censure noX (OST) - WAH WAH (LP) | Guerssen\"},{\"@type\":\"BreadcrumbList\",\"@id\":\"https:\/\/wpguerssen-test.odoo.rgbconsulting.com\/es\/producto\/visa-de-censure-nox-ost\/#breadcrumb\",\"itemListElement\":[{\"@type\":\"ListItem\",\"position\":1,\"name\":\"Inicio\",\"item\":\"https:\/\/wpguerssen-test.odoo.rgbconsulting.com\/es\/\"},{\"@type\":\"ListItem\",\"position\":2,\"name\":\"Shop\",\"item\":\"https:\/\/wpguerssen-test.odoo.rgbconsulting.com\/shop\/\"},{\"@type\":\"ListItem\",\"position\":3,\"name\":\"Visa de censure noX (OST)\"}]},{\"@type\":\"WebSite\",\"@id\":\"https:\/\/wpguerssen-test.odoo.rgbconsulting.com\/es\/#website\",\"url\":\"https:\/\/wpguerssen-test.odoo.rgbconsulting.com\/es\/\",\"name\":\"Guerssen records\",\"description\":\"psychedelia - progressive - folk - garage \",\"publisher\":{\"@id\":\"https:\/\/wpguerssen-test.odoo.rgbconsulting.com\/es\/#organization\"},\"potentialAction\":[{\"@type\":\"SearchAction\",\"target\":{\"@type\":\"EntryPoint\",\"urlTemplate\":\"https:\/\/wpguerssen-test.odoo.rgbconsulting.com\/es\/?s={search_term_string}\"},\"query-input\":{\"@type\":\"PropertyValueSpecification\",\"valueRequired\":true,\"valueName\":\"search_term_string\"}}],\"inLanguage\":\"es\"},{\"@type\":\"Organization\",\"@id\":\"https:\/\/wpguerssen-test.odoo.rgbconsulting.com\/es\/#organization\",\"name\":\"Guerssen records\",\"url\":\"https:\/\/wpguerssen-test.odoo.rgbconsulting.com\/es\/\",\"logo\":{\"@type\":\"ImageObject\",\"inLanguage\":\"es\",\"@id\":\"https:\/\/wpguerssen-test.odoo.rgbconsulting.com\/es\/#\/schema\/logo\/image\/\",\"url\":\"https:\/\/wpguerssen-test.odoo.rgbconsulting.com\/wp-content\/uploads\/2022\/04\/Logo_Guerssen_trans_100.png\",\"contentUrl\":\"https:\/\/wpguerssen-test.odoo.rgbconsulting.com\/wp-content\/uploads\/2022\/04\/Logo_Guerssen_trans_100.png\",\"width\":122,\"height\":100,\"caption\":\"Guerssen records\"},\"image\":{\"@id\":\"https:\/\/wpguerssen-test.odoo.rgbconsulting.com\/es\/#\/schema\/logo\/image\/\"}}]}<\/script>\n<!-- \/ Yoast SEO plugin. -->","yoast_head_json":{"title":"DELIRED CAMELEON FAMILY - Visa de censure noX (OST) -  (LP) | Guerssen","description":"Another lost gem of French underground music, Delired Cameleon Family was originally conceived as the soundtrack to Pierre Cl\u00e9menti's \"Visa de censure no X\", and was originally released as an LP in 1975. #nl# It was a host of reputed experimentalists who took charge of producing this soundtrack.Under the direction of Cyrille Verdeaux we found the likes of Yvan Coaquette (M\u00fasica Electr\u00f3nica Viva, Spacecraft...), Gilbert Artman (Lard Free, Urban Sax...), Christian Boul\u00e9, Tim Blake (Gong, solo recordings...), Ariel Kalma (Heldon, solo recordings), Jean-Claude d'Agostini, Fran\u00e7ois Jeanneau, Jean Padovani, Olivier Pamela, Jo\u00ebl Dugrenot, Antoine Duvernet, Aude Cornillac and Val\u00e9rie Lagrange. #nl# Cyrille Verdeaux was, of course, the main force behind the better known French band Clear Light. Verdeaux was born the 31st of July of 1949 in Paris.At the age of 15 he became a student at the French National Conservatory of Music, specialising in studies of harmony, composition and piano. He won three times the first prize in student composition. After the 1968 student riots he left the Conservatory to join a band as a keyboardist. In 1972 he released \"Clearlight Symphony\", thus forming the band Clear Light to tour through Europe perfroming his symphony. Clear Light would release three more LPs through the 70's, and also the soundtrack to \"Visa de censure\". #nl# The music form Delired Cameleon Family, as it has been told somewhere, \"is the synthesis of piano's technical, epic scales, psychedelic wah wah guitar sounds and electronic &lt;>, molecular machines arrangements.\" #nl# We are proud to add this great experimental trippy soundtrack to the Wah Wah catalogue, reissued in cool vinyl, with remastered sound, housed in a faithfull reproduction of the original sleeve and complete with an insert with liner notes and photos. Only 500 copies pressed, so better get yours before they are gone!","robots":{"index":"index","follow":"follow","max-snippet":"max-snippet:-1","max-image-preview":"max-image-preview:large","max-video-preview":"max-video-preview:-1"},"canonical":"https:\/\/wpguerssen-test.odoo.rgbconsulting.com\/es\/producto\/visa-de-censure-nox-ost\/","og_locale":"es_ES","og_type":"article","og_title":"DELIRED CAMELEON FAMILY - Visa de censure noX (OST) -  (LP) | Guerssen","og_description":"Another lost gem of French underground music, Delired Cameleon Family was originally conceived as the soundtrack to Pierre Cl\u00e9menti's \"Visa de censure no X\", and was originally released as an LP in 1975. #nl# It was a host of reputed experimentalists who took charge of producing this soundtrack.Under the direction of Cyrille Verdeaux we found the likes of Yvan Coaquette (M\u00fasica Electr\u00f3nica Viva, Spacecraft...), Gilbert Artman (Lard Free, Urban Sax...), Christian Boul\u00e9, Tim Blake (Gong, solo recordings...), Ariel Kalma (Heldon, solo recordings), Jean-Claude d'Agostini, Fran\u00e7ois Jeanneau, Jean Padovani, Olivier Pamela, Jo\u00ebl Dugrenot, Antoine Duvernet, Aude Cornillac and Val\u00e9rie Lagrange. #nl# Cyrille Verdeaux was, of course, the main force behind the better known French band Clear Light. Verdeaux was born the 31st of July of 1949 in Paris.At the age of 15 he became a student at the French National Conservatory of Music, specialising in studies of harmony, composition and piano. He won three times the first prize in student composition. After the 1968 student riots he left the Conservatory to join a band as a keyboardist. In 1972 he released \"Clearlight Symphony\", thus forming the band Clear Light to tour through Europe perfroming his symphony. Clear Light would release three more LPs through the 70's, and also the soundtrack to \"Visa de censure\". #nl# The music form Delired Cameleon Family, as it has been told somewhere, \"is the synthesis of piano's technical, epic scales, psychedelic wah wah guitar sounds and electronic &lt;>, molecular machines arrangements.\" #nl# We are proud to add this great experimental trippy soundtrack to the Wah Wah catalogue, reissued in cool vinyl, with remastered sound, housed in a faithfull reproduction of the original sleeve and complete with an insert with liner notes and photos. Only 500 copies pressed, so better get yours before they are gone!","og_url":"https:\/\/wpguerssen-test.odoo.rgbconsulting.com\/es\/producto\/visa-de-censure-nox-ost\/","og_site_name":"Guerssen records","article_modified_time":"2024-02-15T16:44:44+00:00","twitter_card":"summary_large_image","twitter_title":"DELIRED CAMELEON FAMILY - Visa de censure noX (OST) -  (LP) | Guerssen","twitter_misc":{"Tiempo de lectura":"2 minutos"},"schema":{"@context":"https:\/\/schema.org","@graph":[{"@type":"WebPage","@id":"https:\/\/wpguerssen-test.odoo.rgbconsulting.com\/es\/producto\/visa-de-censure-nox-ost\/","url":"https:\/\/wpguerssen-test.odoo.rgbconsulting.com\/es\/producto\/visa-de-censure-nox-ost\/","name":"DELIRED CAMELEON FAMILY - Visa de censure noX (OST) - (LP) | Guerssen","isPartOf":{"@id":"https:\/\/wpguerssen-test.odoo.rgbconsulting.com\/es\/#website"},"primaryImageOfPage":{"@id":"https:\/\/wpguerssen-test.odoo.rgbconsulting.com\/es\/producto\/visa-de-censure-nox-ost\/#primaryimage"},"image":{"@id":"https:\/\/wpguerssen-test.odoo.rgbconsulting.com\/es\/producto\/visa-de-censure-nox-ost\/#primaryimage"},"thumbnailUrl":"https:\/\/wpguerssen-test.odoo.rgbconsulting.com\/wp-content\/uploads\/2022\/03\/11802.jpg","datePublished":"2011-01-19T23:00:00+00:00","dateModified":"2024-02-15T16:44:44+00:00","description":"Another lost gem of French underground music, Delired Cameleon Family was originally conceived as the soundtrack to Pierre Cl\u00e9menti's \"Visa de censure no X\", and was originally released as an LP in 1975. #nl# It was a host of reputed experimentalists who took charge of producing this soundtrack.Under the direction of Cyrille Verdeaux we found the likes of Yvan Coaquette (M\u00fasica Electr\u00f3nica Viva, Spacecraft...), Gilbert Artman (Lard Free, Urban Sax...), Christian Boul\u00e9, Tim Blake (Gong, solo recordings...), Ariel Kalma (Heldon, solo recordings), Jean-Claude d'Agostini, Fran\u00e7ois Jeanneau, Jean Padovani, Olivier Pamela, Jo\u00ebl Dugrenot, Antoine Duvernet, Aude Cornillac and Val\u00e9rie Lagrange. #nl# Cyrille Verdeaux was, of course, the main force behind the better known French band Clear Light. Verdeaux was born the 31st of July of 1949 in Paris.At the age of 15 he became a student at the French National Conservatory of Music, specialising in studies of harmony, composition and piano. He won three times the first prize in student composition. After the 1968 student riots he left the Conservatory to join a band as a keyboardist. In 1972 he released \"Clearlight Symphony\", thus forming the band Clear Light to tour through Europe perfroming his symphony. Clear Light would release three more LPs through the 70's, and also the soundtrack to \"Visa de censure\". #nl# The music form Delired Cameleon Family, as it has been told somewhere, \"is the synthesis of piano's technical, epic scales, psychedelic wah wah guitar sounds and electronic &lt;>, molecular machines arrangements.\" #nl# We are proud to add this great experimental trippy soundtrack to the Wah Wah catalogue, reissued in cool vinyl, with remastered sound, housed in a faithfull reproduction of the original sleeve and complete with an insert with liner notes and photos. Only 500 copies pressed, so better get yours before they are gone!","breadcrumb":{"@id":"https:\/\/wpguerssen-test.odoo.rgbconsulting.com\/es\/producto\/visa-de-censure-nox-ost\/#breadcrumb"},"inLanguage":"es","potentialAction":[{"@type":"ReadAction","target":["https:\/\/wpguerssen-test.odoo.rgbconsulting.com\/es\/producto\/visa-de-censure-nox-ost\/"]}]},{"@type":"ImageObject","inLanguage":"es","@id":"https:\/\/wpguerssen-test.odoo.rgbconsulting.com\/es\/producto\/visa-de-censure-nox-ost\/#primaryimage","url":"https:\/\/wpguerssen-test.odoo.rgbconsulting.com\/wp-content\/uploads\/2022\/03\/11802.jpg","contentUrl":"https:\/\/wpguerssen-test.odoo.rgbconsulting.com\/wp-content\/uploads\/2022\/03\/11802.jpg","width":400,"height":400,"caption":"DELIRED CAMELEON FAMILY - Visa de censure noX (OST) - WAH WAH (LP) | Guerssen"},{"@type":"BreadcrumbList","@id":"https:\/\/wpguerssen-test.odoo.rgbconsulting.com\/es\/producto\/visa-de-censure-nox-ost\/#breadcrumb","itemListElement":[{"@type":"ListItem","position":1,"name":"Inicio","item":"https:\/\/wpguerssen-test.odoo.rgbconsulting.com\/es\/"},{"@type":"ListItem","position":2,"name":"Shop","item":"https:\/\/wpguerssen-test.odoo.rgbconsulting.com\/shop\/"},{"@type":"ListItem","position":3,"name":"Visa de censure noX (OST)"}]},{"@type":"WebSite","@id":"https:\/\/wpguerssen-test.odoo.rgbconsulting.com\/es\/#website","url":"https:\/\/wpguerssen-test.odoo.rgbconsulting.com\/es\/","name":"Guerssen records","description":"psychedelia - progressive - folk - garage ","publisher":{"@id":"https:\/\/wpguerssen-test.odoo.rgbconsulting.com\/es\/#organization"},"potentialAction":[{"@type":"SearchAction","target":{"@type":"EntryPoint","urlTemplate":"https:\/\/wpguerssen-test.odoo.rgbconsulting.com\/es\/?s={search_term_string}"},"query-input":{"@type":"PropertyValueSpecification","valueRequired":true,"valueName":"search_term_string"}}],"inLanguage":"es"},{"@type":"Organization","@id":"https:\/\/wpguerssen-test.odoo.rgbconsulting.com\/es\/#organization","name":"Guerssen records","url":"https:\/\/wpguerssen-test.odoo.rgbconsulting.com\/es\/","logo":{"@type":"ImageObject","inLanguage":"es","@id":"https:\/\/wpguerssen-test.odoo.rgbconsulting.com\/es\/#\/schema\/logo\/image\/","url":"https:\/\/wpguerssen-test.odoo.rgbconsulting.com\/wp-content\/uploads\/2022\/04\/Logo_Guerssen_trans_100.png","contentUrl":"https:\/\/wpguerssen-test.odoo.rgbconsulting.com\/wp-content\/uploads\/2022\/04\/Logo_Guerssen_trans_100.png","width":122,"height":100,"caption":"Guerssen records"},"image":{"@id":"https:\/\/wpguerssen-test.odoo.rgbconsulting.com\/es\/#\/schema\/logo\/image\/"}}]}},"_links":{"self":[{"href":"https:\/\/wpguerssen-test.odoo.rgbconsulting.com\/es\/wp-json\/wp\/v2\/product\/177925","targetHints":{"allow":["GET"]}}],"collection":[{"href":"https:\/\/wpguerssen-test.odoo.rgbconsulting.com\/es\/wp-json\/wp\/v2\/product"}],"about":[{"href":"https:\/\/wpguerssen-test.odoo.rgbconsulting.com\/es\/wp-json\/wp\/v2\/types\/product"}],"wp:featuredmedia":[{"embeddable":true,"href":"https:\/\/wpguerssen-test.odoo.rgbconsulting.com\/es\/wp-json\/wp\/v2\/media\/112771"}],"wp:attachment":[{"href":"https:\/\/wpguerssen-test.odoo.rgbconsulting.com\/es\/wp-json\/wp\/v2\/media?parent=177925"}],"wp:term":[{"taxonomy":"product_brand","embeddable":true,"href":"https:\/\/wpguerssen-test.odoo.rgbconsulting.com\/es\/wp-json\/wp\/v2\/product_brand?post=177925"},{"taxonomy":"product_cat","embeddable":true,"href":"https:\/\/wpguerssen-test.odoo.rgbconsulting.com\/es\/wp-json\/wp\/v2\/product_cat?post=177925"},{"taxonomy":"product_tag","embeddable":true,"href":"https:\/\/wpguerssen-test.odoo.rgbconsulting.com\/es\/wp-json\/wp\/v2\/product_tag?post=177925"}],"curies":[{"name":"wp","href":"https:\/\/api.w.org\/{rel}","templated":true}]}}