{"id":177934,"date":"2011-01-24T00:00:00","date_gmt":"2011-01-23T23:00:00","guid":{"rendered":"http:\/\/guerssen.hl1097.dinaserver.com\/product\/electric-silence\/"},"modified":"2025-04-16T17:43:34","modified_gmt":"2025-04-16T15:43:34","slug":"electric-silence","status":"publish","type":"product","link":"https:\/\/wpguerssen-test.odoo.rgbconsulting.com\/es\/producto\/electric-silence\/","title":{"rendered":"Electric silence"},"content":{"rendered":"<p>Tercer \u00e1lbum de este grupo kraut, originalmente editado en 1974 para el sello Bacillus. Considerado uno de los mejores discos kraut de todos los tiempos, sonido progresivo y experimental con elementos \u00e9tnicos. Remasterizado de m\u00e1sters, insert de 4 p\u00e1g. con notas y fotos.<\/p>\n","protected":false},"excerpt":{"rendered":"<p>Tercer \u00e1lbum de este grupo kraut, originalmente editado en 1974 para el sello Bacillus. Considerado uno de los mejores discos kraut de todos los tiempos, sonido progresivo<a class=\"read\" href=\"https:\/\/wpguerssen-test.odoo.rgbconsulting.com\/es\/producto\/electric-silence\/\"> (...)<\/a>","protected":false},"featured_media":156031,"template":"","meta":{"_acf_changed":false},"product_brand":[],"product_cat":[23230,23229],"product_tag":[],"class_list":{"0":"post-177934","1":"product","2":"type-product","3":"status-publish","4":"has-post-thumbnail","6":"product_cat-krautrock-es-2","7":"product_cat-jazz-rock-es","8":"pa_artist-dzyan-es","9":"pa_format-lp-es","10":"pa_gender-krautrock-jazz-rock","11":"pa_label-long-hair-es","12":"pa_location-europe-es","13":"pa_other-filters-vinyl-only-es","15":"first","16":"instock","17":"taxable","18":"shipping-taxable","19":"purchasable","20":"product-type-simple"},"acf":[],"yoast_head":"<!-- This site is optimized with the Yoast SEO plugin v24.9 - https:\/\/yoast.com\/wordpress\/plugins\/seo\/ -->\n<title>DZYAN - Electric silence -  (LP) | Guerssen<\/title>\n<meta name=\"description\" content=\"Originally released in 1974 on famous German label Bacillus, Dzyans third and final album, ELECTRIC SILENCE is recognized for its daring world beat elements, and totally acidic album cover art. Dzyan refined their sound even further into improvisation and exotic sounds, mixed with weird experimentations and mysticism. ELECTRIC SILENCE offers other-worldly music of incredible beauty and strangeness, influenced by the music of Asia but taking it into far more original realms. #nl# Multi-instrumentalists Marron and Karwatky experimented with sitar, saz, tambura, mellotron, synthesizers, bass-violin, and a mysterious invented instrument called &quot;super-string&quot;, all merged in an extreme melting pot of styles, ideas and fertile imagination, interacting into a &quot;psychedelic worldgroove&quot;; while Giger, bursting with creative power and virtuosity, holds it together with his fantastic drumming. From the weird opium-den trancesoundtrack of &quot;Khali&quot; to the more funky &quot;For Earthly Thinking&quot;, to the even wilder tracks like &quot;The Road Not Taken&quot;, Dzyan crafted one of the finest and most unique works of the Krautrock era. #nl# ELECTRIC SILENCE, an amazing work on its own, rhythmically adventurous and unique jazzprog, is indeed one of the landmarks in experimental rock, a masterpiece. A highlight in German rock history.Dont miss this first vinyl-reissue transferred from original mastertape with 4 pages insert, band history, unseen photos et. al. Limited edition.\" \/>\n<meta name=\"robots\" content=\"index, follow, max-snippet:-1, max-image-preview:large, max-video-preview:-1\" \/>\n<link rel=\"canonical\" href=\"https:\/\/wpguerssen-test.odoo.rgbconsulting.com\/es\/producto\/electric-silence\/\" \/>\n<meta property=\"og:locale\" content=\"es_ES\" \/>\n<meta property=\"og:type\" content=\"article\" \/>\n<meta property=\"og:title\" content=\"DZYAN - Electric silence -  (LP) | Guerssen\" \/>\n<meta property=\"og:description\" content=\"Originally released in 1974 on famous German label Bacillus, Dzyans third and final album, ELECTRIC SILENCE is recognized for its daring world beat elements, and totally acidic album cover art. Dzyan refined their sound even further into improvisation and exotic sounds, mixed with weird experimentations and mysticism. ELECTRIC SILENCE offers other-worldly music of incredible beauty and strangeness, influenced by the music of Asia but taking it into far more original realms. #nl# Multi-instrumentalists Marron and Karwatky experimented with sitar, saz, tambura, mellotron, synthesizers, bass-violin, and a mysterious invented instrument called &quot;super-string&quot;, all merged in an extreme melting pot of styles, ideas and fertile imagination, interacting into a &quot;psychedelic worldgroove&quot;; while Giger, bursting with creative power and virtuosity, holds it together with his fantastic drumming. From the weird opium-den trancesoundtrack of &quot;Khali&quot; to the more funky &quot;For Earthly Thinking&quot;, to the even wilder tracks like &quot;The Road Not Taken&quot;, Dzyan crafted one of the finest and most unique works of the Krautrock era. #nl# ELECTRIC SILENCE, an amazing work on its own, rhythmically adventurous and unique jazzprog, is indeed one of the landmarks in experimental rock, a masterpiece. A highlight in German rock history.Dont miss this first vinyl-reissue transferred from original mastertape with 4 pages insert, band history, unseen photos et. al. Limited edition.\" \/>\n<meta property=\"og:url\" content=\"https:\/\/wpguerssen-test.odoo.rgbconsulting.com\/es\/producto\/electric-silence\/\" \/>\n<meta property=\"og:site_name\" content=\"Guerssen records\" \/>\n<meta property=\"article:modified_time\" content=\"2025-04-16T15:43:34+00:00\" \/>\n<meta property=\"og:image\" content=\"https:\/\/wpguerssen-test.odoo.rgbconsulting.com\/wp-content\/uploads\/2022\/03\/11849.jpg\" \/>\n\t<meta property=\"og:image:width\" content=\"180\" \/>\n\t<meta property=\"og:image:height\" content=\"180\" \/>\n\t<meta property=\"og:image:type\" content=\"image\/jpeg\" \/>\n<meta name=\"twitter:card\" content=\"summary_large_image\" \/>\n<meta name=\"twitter:title\" content=\"DZYAN - Electric silence -  (LP) | Guerssen\" \/>\n<script type=\"application\/ld+json\" class=\"yoast-schema-graph\">{\"@context\":\"https:\/\/schema.org\",\"@graph\":[{\"@type\":\"WebPage\",\"@id\":\"https:\/\/wpguerssen-test.odoo.rgbconsulting.com\/es\/producto\/electric-silence\/\",\"url\":\"https:\/\/wpguerssen-test.odoo.rgbconsulting.com\/es\/producto\/electric-silence\/\",\"name\":\"DZYAN - Electric silence - (LP) | Guerssen\",\"isPartOf\":{\"@id\":\"https:\/\/wpguerssen-test.odoo.rgbconsulting.com\/es\/#website\"},\"primaryImageOfPage\":{\"@id\":\"https:\/\/wpguerssen-test.odoo.rgbconsulting.com\/es\/producto\/electric-silence\/#primaryimage\"},\"image\":{\"@id\":\"https:\/\/wpguerssen-test.odoo.rgbconsulting.com\/es\/producto\/electric-silence\/#primaryimage\"},\"thumbnailUrl\":\"https:\/\/wpguerssen-test.odoo.rgbconsulting.com\/wp-content\/uploads\/2022\/03\/11849.jpg\",\"datePublished\":\"2011-01-23T23:00:00+00:00\",\"dateModified\":\"2025-04-16T15:43:34+00:00\",\"description\":\"Originally released in 1974 on famous German label Bacillus, Dzyans third and final album, ELECTRIC SILENCE is recognized for its daring world beat elements, and totally acidic album cover art. Dzyan refined their sound even further into improvisation and exotic sounds, mixed with weird experimentations and mysticism. ELECTRIC SILENCE offers other-worldly music of incredible beauty and strangeness, influenced by the music of Asia but taking it into far more original realms. #nl# Multi-instrumentalists Marron and Karwatky experimented with sitar, saz, tambura, mellotron, synthesizers, bass-violin, and a mysterious invented instrument called \\\"super-string\\\", all merged in an extreme melting pot of styles, ideas and fertile imagination, interacting into a \\\"psychedelic worldgroove\\\"; while Giger, bursting with creative power and virtuosity, holds it together with his fantastic drumming. From the weird opium-den trancesoundtrack of \\\"Khali\\\" to the more funky \\\"For Earthly Thinking\\\", to the even wilder tracks like \\\"The Road Not Taken\\\", Dzyan crafted one of the finest and most unique works of the Krautrock era. #nl# ELECTRIC SILENCE, an amazing work on its own, rhythmically adventurous and unique jazzprog, is indeed one of the landmarks in experimental rock, a masterpiece. A highlight in German rock history.Dont miss this first vinyl-reissue transferred from original mastertape with 4 pages insert, band history, unseen photos et. al. Limited edition.\",\"breadcrumb\":{\"@id\":\"https:\/\/wpguerssen-test.odoo.rgbconsulting.com\/es\/producto\/electric-silence\/#breadcrumb\"},\"inLanguage\":\"es\",\"potentialAction\":[{\"@type\":\"ReadAction\",\"target\":[\"https:\/\/wpguerssen-test.odoo.rgbconsulting.com\/es\/producto\/electric-silence\/\"]}]},{\"@type\":\"ImageObject\",\"inLanguage\":\"es\",\"@id\":\"https:\/\/wpguerssen-test.odoo.rgbconsulting.com\/es\/producto\/electric-silence\/#primaryimage\",\"url\":\"https:\/\/wpguerssen-test.odoo.rgbconsulting.com\/wp-content\/uploads\/2022\/03\/11849.jpg\",\"contentUrl\":\"https:\/\/wpguerssen-test.odoo.rgbconsulting.com\/wp-content\/uploads\/2022\/03\/11849.jpg\",\"width\":180,\"height\":180,\"caption\":\"DZYAN - Electric silence - LONG HAIR (LP) | Guerssen\"},{\"@type\":\"BreadcrumbList\",\"@id\":\"https:\/\/wpguerssen-test.odoo.rgbconsulting.com\/es\/producto\/electric-silence\/#breadcrumb\",\"itemListElement\":[{\"@type\":\"ListItem\",\"position\":1,\"name\":\"Inicio\",\"item\":\"https:\/\/wpguerssen-test.odoo.rgbconsulting.com\/es\/\"},{\"@type\":\"ListItem\",\"position\":2,\"name\":\"Shop\",\"item\":\"https:\/\/wpguerssen-test.odoo.rgbconsulting.com\/shop\/\"},{\"@type\":\"ListItem\",\"position\":3,\"name\":\"Electric silence\"}]},{\"@type\":\"WebSite\",\"@id\":\"https:\/\/wpguerssen-test.odoo.rgbconsulting.com\/es\/#website\",\"url\":\"https:\/\/wpguerssen-test.odoo.rgbconsulting.com\/es\/\",\"name\":\"Guerssen records\",\"description\":\"psychedelia - progressive - folk - garage \",\"publisher\":{\"@id\":\"https:\/\/wpguerssen-test.odoo.rgbconsulting.com\/es\/#organization\"},\"potentialAction\":[{\"@type\":\"SearchAction\",\"target\":{\"@type\":\"EntryPoint\",\"urlTemplate\":\"https:\/\/wpguerssen-test.odoo.rgbconsulting.com\/es\/?s={search_term_string}\"},\"query-input\":{\"@type\":\"PropertyValueSpecification\",\"valueRequired\":true,\"valueName\":\"search_term_string\"}}],\"inLanguage\":\"es\"},{\"@type\":\"Organization\",\"@id\":\"https:\/\/wpguerssen-test.odoo.rgbconsulting.com\/es\/#organization\",\"name\":\"Guerssen records\",\"url\":\"https:\/\/wpguerssen-test.odoo.rgbconsulting.com\/es\/\",\"logo\":{\"@type\":\"ImageObject\",\"inLanguage\":\"es\",\"@id\":\"https:\/\/wpguerssen-test.odoo.rgbconsulting.com\/es\/#\/schema\/logo\/image\/\",\"url\":\"https:\/\/wpguerssen-test.odoo.rgbconsulting.com\/wp-content\/uploads\/2022\/04\/Logo_Guerssen_trans_100.png\",\"contentUrl\":\"https:\/\/wpguerssen-test.odoo.rgbconsulting.com\/wp-content\/uploads\/2022\/04\/Logo_Guerssen_trans_100.png\",\"width\":122,\"height\":100,\"caption\":\"Guerssen records\"},\"image\":{\"@id\":\"https:\/\/wpguerssen-test.odoo.rgbconsulting.com\/es\/#\/schema\/logo\/image\/\"}}]}<\/script>\n<!-- \/ Yoast SEO plugin. -->","yoast_head_json":{"title":"DZYAN - Electric silence -  (LP) | Guerssen","description":"Originally released in 1974 on famous German label Bacillus, Dzyans third and final album, ELECTRIC SILENCE is recognized for its daring world beat elements, and totally acidic album cover art. Dzyan refined their sound even further into improvisation and exotic sounds, mixed with weird experimentations and mysticism. ELECTRIC SILENCE offers other-worldly music of incredible beauty and strangeness, influenced by the music of Asia but taking it into far more original realms. #nl# Multi-instrumentalists Marron and Karwatky experimented with sitar, saz, tambura, mellotron, synthesizers, bass-violin, and a mysterious invented instrument called \"super-string\", all merged in an extreme melting pot of styles, ideas and fertile imagination, interacting into a \"psychedelic worldgroove\"; while Giger, bursting with creative power and virtuosity, holds it together with his fantastic drumming. From the weird opium-den trancesoundtrack of \"Khali\" to the more funky \"For Earthly Thinking\", to the even wilder tracks like \"The Road Not Taken\", Dzyan crafted one of the finest and most unique works of the Krautrock era. #nl# ELECTRIC SILENCE, an amazing work on its own, rhythmically adventurous and unique jazzprog, is indeed one of the landmarks in experimental rock, a masterpiece. A highlight in German rock history.Dont miss this first vinyl-reissue transferred from original mastertape with 4 pages insert, band history, unseen photos et. al. Limited edition.","robots":{"index":"index","follow":"follow","max-snippet":"max-snippet:-1","max-image-preview":"max-image-preview:large","max-video-preview":"max-video-preview:-1"},"canonical":"https:\/\/wpguerssen-test.odoo.rgbconsulting.com\/es\/producto\/electric-silence\/","og_locale":"es_ES","og_type":"article","og_title":"DZYAN - Electric silence -  (LP) | Guerssen","og_description":"Originally released in 1974 on famous German label Bacillus, Dzyans third and final album, ELECTRIC SILENCE is recognized for its daring world beat elements, and totally acidic album cover art. Dzyan refined their sound even further into improvisation and exotic sounds, mixed with weird experimentations and mysticism. ELECTRIC SILENCE offers other-worldly music of incredible beauty and strangeness, influenced by the music of Asia but taking it into far more original realms. #nl# Multi-instrumentalists Marron and Karwatky experimented with sitar, saz, tambura, mellotron, synthesizers, bass-violin, and a mysterious invented instrument called \"super-string\", all merged in an extreme melting pot of styles, ideas and fertile imagination, interacting into a \"psychedelic worldgroove\"; while Giger, bursting with creative power and virtuosity, holds it together with his fantastic drumming. From the weird opium-den trancesoundtrack of \"Khali\" to the more funky \"For Earthly Thinking\", to the even wilder tracks like \"The Road Not Taken\", Dzyan crafted one of the finest and most unique works of the Krautrock era. #nl# ELECTRIC SILENCE, an amazing work on its own, rhythmically adventurous and unique jazzprog, is indeed one of the landmarks in experimental rock, a masterpiece. A highlight in German rock history.Dont miss this first vinyl-reissue transferred from original mastertape with 4 pages insert, band history, unseen photos et. al. Limited edition.","og_url":"https:\/\/wpguerssen-test.odoo.rgbconsulting.com\/es\/producto\/electric-silence\/","og_site_name":"Guerssen records","article_modified_time":"2025-04-16T15:43:34+00:00","og_image":[{"width":180,"height":180,"url":"https:\/\/wpguerssen-test.odoo.rgbconsulting.com\/wp-content\/uploads\/2022\/03\/11849.jpg","type":"image\/jpeg"}],"twitter_card":"summary_large_image","twitter_title":"DZYAN - Electric silence -  (LP) | Guerssen","schema":{"@context":"https:\/\/schema.org","@graph":[{"@type":"WebPage","@id":"https:\/\/wpguerssen-test.odoo.rgbconsulting.com\/es\/producto\/electric-silence\/","url":"https:\/\/wpguerssen-test.odoo.rgbconsulting.com\/es\/producto\/electric-silence\/","name":"DZYAN - Electric silence - (LP) | Guerssen","isPartOf":{"@id":"https:\/\/wpguerssen-test.odoo.rgbconsulting.com\/es\/#website"},"primaryImageOfPage":{"@id":"https:\/\/wpguerssen-test.odoo.rgbconsulting.com\/es\/producto\/electric-silence\/#primaryimage"},"image":{"@id":"https:\/\/wpguerssen-test.odoo.rgbconsulting.com\/es\/producto\/electric-silence\/#primaryimage"},"thumbnailUrl":"https:\/\/wpguerssen-test.odoo.rgbconsulting.com\/wp-content\/uploads\/2022\/03\/11849.jpg","datePublished":"2011-01-23T23:00:00+00:00","dateModified":"2025-04-16T15:43:34+00:00","description":"Originally released in 1974 on famous German label Bacillus, Dzyans third and final album, ELECTRIC SILENCE is recognized for its daring world beat elements, and totally acidic album cover art. Dzyan refined their sound even further into improvisation and exotic sounds, mixed with weird experimentations and mysticism. ELECTRIC SILENCE offers other-worldly music of incredible beauty and strangeness, influenced by the music of Asia but taking it into far more original realms. #nl# Multi-instrumentalists Marron and Karwatky experimented with sitar, saz, tambura, mellotron, synthesizers, bass-violin, and a mysterious invented instrument called \"super-string\", all merged in an extreme melting pot of styles, ideas and fertile imagination, interacting into a \"psychedelic worldgroove\"; while Giger, bursting with creative power and virtuosity, holds it together with his fantastic drumming. From the weird opium-den trancesoundtrack of \"Khali\" to the more funky \"For Earthly Thinking\", to the even wilder tracks like \"The Road Not Taken\", Dzyan crafted one of the finest and most unique works of the Krautrock era. #nl# ELECTRIC SILENCE, an amazing work on its own, rhythmically adventurous and unique jazzprog, is indeed one of the landmarks in experimental rock, a masterpiece. A highlight in German rock history.Dont miss this first vinyl-reissue transferred from original mastertape with 4 pages insert, band history, unseen photos et. al. Limited edition.","breadcrumb":{"@id":"https:\/\/wpguerssen-test.odoo.rgbconsulting.com\/es\/producto\/electric-silence\/#breadcrumb"},"inLanguage":"es","potentialAction":[{"@type":"ReadAction","target":["https:\/\/wpguerssen-test.odoo.rgbconsulting.com\/es\/producto\/electric-silence\/"]}]},{"@type":"ImageObject","inLanguage":"es","@id":"https:\/\/wpguerssen-test.odoo.rgbconsulting.com\/es\/producto\/electric-silence\/#primaryimage","url":"https:\/\/wpguerssen-test.odoo.rgbconsulting.com\/wp-content\/uploads\/2022\/03\/11849.jpg","contentUrl":"https:\/\/wpguerssen-test.odoo.rgbconsulting.com\/wp-content\/uploads\/2022\/03\/11849.jpg","width":180,"height":180,"caption":"DZYAN - Electric silence - LONG HAIR (LP) | Guerssen"},{"@type":"BreadcrumbList","@id":"https:\/\/wpguerssen-test.odoo.rgbconsulting.com\/es\/producto\/electric-silence\/#breadcrumb","itemListElement":[{"@type":"ListItem","position":1,"name":"Inicio","item":"https:\/\/wpguerssen-test.odoo.rgbconsulting.com\/es\/"},{"@type":"ListItem","position":2,"name":"Shop","item":"https:\/\/wpguerssen-test.odoo.rgbconsulting.com\/shop\/"},{"@type":"ListItem","position":3,"name":"Electric silence"}]},{"@type":"WebSite","@id":"https:\/\/wpguerssen-test.odoo.rgbconsulting.com\/es\/#website","url":"https:\/\/wpguerssen-test.odoo.rgbconsulting.com\/es\/","name":"Guerssen records","description":"psychedelia - progressive - folk - garage ","publisher":{"@id":"https:\/\/wpguerssen-test.odoo.rgbconsulting.com\/es\/#organization"},"potentialAction":[{"@type":"SearchAction","target":{"@type":"EntryPoint","urlTemplate":"https:\/\/wpguerssen-test.odoo.rgbconsulting.com\/es\/?s={search_term_string}"},"query-input":{"@type":"PropertyValueSpecification","valueRequired":true,"valueName":"search_term_string"}}],"inLanguage":"es"},{"@type":"Organization","@id":"https:\/\/wpguerssen-test.odoo.rgbconsulting.com\/es\/#organization","name":"Guerssen records","url":"https:\/\/wpguerssen-test.odoo.rgbconsulting.com\/es\/","logo":{"@type":"ImageObject","inLanguage":"es","@id":"https:\/\/wpguerssen-test.odoo.rgbconsulting.com\/es\/#\/schema\/logo\/image\/","url":"https:\/\/wpguerssen-test.odoo.rgbconsulting.com\/wp-content\/uploads\/2022\/04\/Logo_Guerssen_trans_100.png","contentUrl":"https:\/\/wpguerssen-test.odoo.rgbconsulting.com\/wp-content\/uploads\/2022\/04\/Logo_Guerssen_trans_100.png","width":122,"height":100,"caption":"Guerssen records"},"image":{"@id":"https:\/\/wpguerssen-test.odoo.rgbconsulting.com\/es\/#\/schema\/logo\/image\/"}}]}},"_links":{"self":[{"href":"https:\/\/wpguerssen-test.odoo.rgbconsulting.com\/es\/wp-json\/wp\/v2\/product\/177934","targetHints":{"allow":["GET"]}}],"collection":[{"href":"https:\/\/wpguerssen-test.odoo.rgbconsulting.com\/es\/wp-json\/wp\/v2\/product"}],"about":[{"href":"https:\/\/wpguerssen-test.odoo.rgbconsulting.com\/es\/wp-json\/wp\/v2\/types\/product"}],"wp:featuredmedia":[{"embeddable":true,"href":"https:\/\/wpguerssen-test.odoo.rgbconsulting.com\/es\/wp-json\/wp\/v2\/media\/156031"}],"wp:attachment":[{"href":"https:\/\/wpguerssen-test.odoo.rgbconsulting.com\/es\/wp-json\/wp\/v2\/media?parent=177934"}],"wp:term":[{"taxonomy":"product_brand","embeddable":true,"href":"https:\/\/wpguerssen-test.odoo.rgbconsulting.com\/es\/wp-json\/wp\/v2\/product_brand?post=177934"},{"taxonomy":"product_cat","embeddable":true,"href":"https:\/\/wpguerssen-test.odoo.rgbconsulting.com\/es\/wp-json\/wp\/v2\/product_cat?post=177934"},{"taxonomy":"product_tag","embeddable":true,"href":"https:\/\/wpguerssen-test.odoo.rgbconsulting.com\/es\/wp-json\/wp\/v2\/product_tag?post=177934"}],"curies":[{"name":"wp","href":"https:\/\/api.w.org\/{rel}","templated":true}]}}