{"id":177936,"date":"2010-11-12T00:00:00","date_gmt":"2010-11-11T23:00:00","guid":{"rendered":"http:\/\/guerssen.hl1097.dinaserver.com\/product\/echoes-of-loves-reality\/"},"modified":"2025-04-15T13:44:37","modified_gmt":"2025-04-15T11:44:37","slug":"echoes-of-loves-reality","status":"publish","type":"product","link":"https:\/\/wpguerssen-test.odoo.rgbconsulting.com\/es\/producto\/echoes-of-loves-reality\/","title":{"rendered":"Echoes of love&#8217;s reality"},"content":{"rendered":"<p>Trmendo descubrimiento! Excelente privado USA de 1981 pero en onda totalmente folk-rock psicod\u00e9lico de finales de los 60. Voces chico\/chica, tablas, mellotron, flauta, buena y \u00e1cida guitarra y deliciosa atm\u00f3sfera. Considerado uno de los mejores LPs psicod\u00e9licos de los 80 junto a Bobb Trimble por Acid Archives. RE limitada a 500 copias, arte original, masterizaci\u00f3n de lujo a 24 bit, s\u00faper insert de 16 p\u00e1ginas con dibujos y notas como el original.<\/p>\n","protected":false},"excerpt":{"rendered":"<p>Trmendo descubrimiento! Excelente privado USA de 1981 pero en onda totalmente folk-rock psicod\u00e9lico de finales de los 60. Voces chico\/chica, tablas, mellotron, flauta,<a class=\"read\" href=\"https:\/\/wpguerssen-test.odoo.rgbconsulting.com\/es\/producto\/echoes-of-loves-reality\/\"> (...)<\/a>","protected":false},"featured_media":112809,"template":"","meta":{"_acf_changed":false},"product_brand":[],"product_cat":[21688,23217],"product_tag":[],"class_list":{"0":"post-177936","1":"product","2":"type-product","3":"status-publish","4":"has-post-thumbnail","6":"product_cat-psychedelic80s-90s-es","7":"product_cat-folk-rock-80s-90s-es","8":"pa_artist-blackburn-johnny-mary-lauren-es","9":"pa_format-lp-es","10":"pa_gender-folk-rock-80s-90s-psychedelic80s-90s","11":"pa_label-guerssen-es","12":"pa_location-north-america-es","13":"pa_other-filters-vinyl-only-es","15":"first","16":"instock","17":"taxable","18":"shipping-taxable","19":"purchasable","20":"product-type-simple"},"acf":[],"yoast_head":"<!-- This site is optimized with the Yoast SEO plugin v24.9 - https:\/\/yoast.com\/wordpress\/plugins\/seo\/ -->\n<title>BLACKBURN, Johnny &amp; Mary Lauren - Echoes of love&#039;s reality -  (LP) | Guerssen<\/title>\n<meta name=\"description\" content=\"&quot;Most would probably agree that this is one of the very best psych-style LPs from the 1980s. Not retro at all but (like Bobb Trimble) a piece of the late 1960s preserved from time&#039;s rust.Male\/female vocals lament and serenade the quest for knowledge of love and beauty in an appealing soundscape, with lyrical guitar leads throughout, good use of mellotron, occasional tablas, flute and bells. #nl# The recording has a definite 1981 sound but (again, like Bobb Trimble) this somehow becomes an advantage. There&#039;s not a questionable song on this album, recommended to anyone open for a soft, dreamy trip inside the melancholy and bliss of an acid-tinted romance.&quot; (The Acid Archives). #nl# High-quality reissue in 180g vinyl, nice carton with original artwork, unbeatable remastered sound quality and also including the huge 16-paged booklet with lyrics and drawings.500 copies limited release.\" \/>\n<meta name=\"robots\" content=\"index, follow, max-snippet:-1, max-image-preview:large, max-video-preview:-1\" \/>\n<link rel=\"canonical\" href=\"https:\/\/wpguerssen-test.odoo.rgbconsulting.com\/es\/producto\/echoes-of-loves-reality\/\" \/>\n<meta property=\"og:locale\" content=\"es_ES\" \/>\n<meta property=\"og:type\" content=\"article\" \/>\n<meta property=\"og:title\" content=\"BLACKBURN, Johnny &amp; Mary Lauren - Echoes of love&#039;s reality -  (LP) | Guerssen\" \/>\n<meta property=\"og:description\" content=\"&quot;Most would probably agree that this is one of the very best psych-style LPs from the 1980s. Not retro at all but (like Bobb Trimble) a piece of the late 1960s preserved from time&#039;s rust.Male\/female vocals lament and serenade the quest for knowledge of love and beauty in an appealing soundscape, with lyrical guitar leads throughout, good use of mellotron, occasional tablas, flute and bells. #nl# The recording has a definite 1981 sound but (again, like Bobb Trimble) this somehow becomes an advantage. There&#039;s not a questionable song on this album, recommended to anyone open for a soft, dreamy trip inside the melancholy and bliss of an acid-tinted romance.&quot; (The Acid Archives). #nl# High-quality reissue in 180g vinyl, nice carton with original artwork, unbeatable remastered sound quality and also including the huge 16-paged booklet with lyrics and drawings.500 copies limited release.\" \/>\n<meta property=\"og:url\" content=\"https:\/\/wpguerssen-test.odoo.rgbconsulting.com\/es\/producto\/echoes-of-loves-reality\/\" \/>\n<meta property=\"og:site_name\" content=\"Guerssen records\" \/>\n<meta property=\"article:modified_time\" content=\"2025-04-15T11:44:37+00:00\" \/>\n<meta name=\"twitter:card\" content=\"summary_large_image\" \/>\n<meta name=\"twitter:title\" content=\"BLACKBURN, Johnny &amp; Mary Lauren - Echoes of love&#039;s reality -  (LP) | Guerssen\" \/>\n<script type=\"application\/ld+json\" class=\"yoast-schema-graph\">{\"@context\":\"https:\/\/schema.org\",\"@graph\":[{\"@type\":\"WebPage\",\"@id\":\"https:\/\/wpguerssen-test.odoo.rgbconsulting.com\/es\/producto\/echoes-of-loves-reality\/\",\"url\":\"https:\/\/wpguerssen-test.odoo.rgbconsulting.com\/es\/producto\/echoes-of-loves-reality\/\",\"name\":\"BLACKBURN, Johnny & Mary Lauren - Echoes of love's reality - (LP) | Guerssen\",\"isPartOf\":{\"@id\":\"https:\/\/wpguerssen-test.odoo.rgbconsulting.com\/es\/#website\"},\"primaryImageOfPage\":{\"@id\":\"https:\/\/wpguerssen-test.odoo.rgbconsulting.com\/es\/producto\/echoes-of-loves-reality\/#primaryimage\"},\"image\":{\"@id\":\"https:\/\/wpguerssen-test.odoo.rgbconsulting.com\/es\/producto\/echoes-of-loves-reality\/#primaryimage\"},\"thumbnailUrl\":\"https:\/\/wpguerssen-test.odoo.rgbconsulting.com\/wp-content\/uploads\/2022\/03\/11882.jpg\",\"datePublished\":\"2010-11-11T23:00:00+00:00\",\"dateModified\":\"2025-04-15T11:44:37+00:00\",\"description\":\"\\\"Most would probably agree that this is one of the very best psych-style LPs from the 1980s. Not retro at all but (like Bobb Trimble) a piece of the late 1960s preserved from time's rust.Male\/female vocals lament and serenade the quest for knowledge of love and beauty in an appealing soundscape, with lyrical guitar leads throughout, good use of mellotron, occasional tablas, flute and bells. #nl# The recording has a definite 1981 sound but (again, like Bobb Trimble) this somehow becomes an advantage. There's not a questionable song on this album, recommended to anyone open for a soft, dreamy trip inside the melancholy and bliss of an acid-tinted romance.\\\" (The Acid Archives). #nl# High-quality reissue in 180g vinyl, nice carton with original artwork, unbeatable remastered sound quality and also including the huge 16-paged booklet with lyrics and drawings.500 copies limited release.\",\"breadcrumb\":{\"@id\":\"https:\/\/wpguerssen-test.odoo.rgbconsulting.com\/es\/producto\/echoes-of-loves-reality\/#breadcrumb\"},\"inLanguage\":\"es\",\"potentialAction\":[{\"@type\":\"ReadAction\",\"target\":[\"https:\/\/wpguerssen-test.odoo.rgbconsulting.com\/es\/producto\/echoes-of-loves-reality\/\"]}]},{\"@type\":\"ImageObject\",\"inLanguage\":\"es\",\"@id\":\"https:\/\/wpguerssen-test.odoo.rgbconsulting.com\/es\/producto\/echoes-of-loves-reality\/#primaryimage\",\"url\":\"https:\/\/wpguerssen-test.odoo.rgbconsulting.com\/wp-content\/uploads\/2022\/03\/11882.jpg\",\"contentUrl\":\"https:\/\/wpguerssen-test.odoo.rgbconsulting.com\/wp-content\/uploads\/2022\/03\/11882.jpg\",\"width\":180,\"height\":180,\"caption\":\"Johnny & Mary Lauren - Echoes of love's reality - GUERSSEN (LP) | Guerssen\"},{\"@type\":\"BreadcrumbList\",\"@id\":\"https:\/\/wpguerssen-test.odoo.rgbconsulting.com\/es\/producto\/echoes-of-loves-reality\/#breadcrumb\",\"itemListElement\":[{\"@type\":\"ListItem\",\"position\":1,\"name\":\"Inicio\",\"item\":\"https:\/\/wpguerssen-test.odoo.rgbconsulting.com\/es\/\"},{\"@type\":\"ListItem\",\"position\":2,\"name\":\"Shop\",\"item\":\"https:\/\/wpguerssen-test.odoo.rgbconsulting.com\/shop\/\"},{\"@type\":\"ListItem\",\"position\":3,\"name\":\"Echoes of love&#8217;s reality\"}]},{\"@type\":\"WebSite\",\"@id\":\"https:\/\/wpguerssen-test.odoo.rgbconsulting.com\/es\/#website\",\"url\":\"https:\/\/wpguerssen-test.odoo.rgbconsulting.com\/es\/\",\"name\":\"Guerssen records\",\"description\":\"psychedelia - progressive - folk - garage \",\"publisher\":{\"@id\":\"https:\/\/wpguerssen-test.odoo.rgbconsulting.com\/es\/#organization\"},\"potentialAction\":[{\"@type\":\"SearchAction\",\"target\":{\"@type\":\"EntryPoint\",\"urlTemplate\":\"https:\/\/wpguerssen-test.odoo.rgbconsulting.com\/es\/?s={search_term_string}\"},\"query-input\":{\"@type\":\"PropertyValueSpecification\",\"valueRequired\":true,\"valueName\":\"search_term_string\"}}],\"inLanguage\":\"es\"},{\"@type\":\"Organization\",\"@id\":\"https:\/\/wpguerssen-test.odoo.rgbconsulting.com\/es\/#organization\",\"name\":\"Guerssen records\",\"url\":\"https:\/\/wpguerssen-test.odoo.rgbconsulting.com\/es\/\",\"logo\":{\"@type\":\"ImageObject\",\"inLanguage\":\"es\",\"@id\":\"https:\/\/wpguerssen-test.odoo.rgbconsulting.com\/es\/#\/schema\/logo\/image\/\",\"url\":\"https:\/\/wpguerssen-test.odoo.rgbconsulting.com\/wp-content\/uploads\/2022\/04\/Logo_Guerssen_trans_100.png\",\"contentUrl\":\"https:\/\/wpguerssen-test.odoo.rgbconsulting.com\/wp-content\/uploads\/2022\/04\/Logo_Guerssen_trans_100.png\",\"width\":122,\"height\":100,\"caption\":\"Guerssen records\"},\"image\":{\"@id\":\"https:\/\/wpguerssen-test.odoo.rgbconsulting.com\/es\/#\/schema\/logo\/image\/\"}}]}<\/script>\n<!-- \/ Yoast SEO plugin. -->","yoast_head_json":{"title":"BLACKBURN, Johnny & Mary Lauren - Echoes of love's reality -  (LP) | Guerssen","description":"\"Most would probably agree that this is one of the very best psych-style LPs from the 1980s. Not retro at all but (like Bobb Trimble) a piece of the late 1960s preserved from time's rust.Male\/female vocals lament and serenade the quest for knowledge of love and beauty in an appealing soundscape, with lyrical guitar leads throughout, good use of mellotron, occasional tablas, flute and bells. #nl# The recording has a definite 1981 sound but (again, like Bobb Trimble) this somehow becomes an advantage. There's not a questionable song on this album, recommended to anyone open for a soft, dreamy trip inside the melancholy and bliss of an acid-tinted romance.\" (The Acid Archives). #nl# High-quality reissue in 180g vinyl, nice carton with original artwork, unbeatable remastered sound quality and also including the huge 16-paged booklet with lyrics and drawings.500 copies limited release.","robots":{"index":"index","follow":"follow","max-snippet":"max-snippet:-1","max-image-preview":"max-image-preview:large","max-video-preview":"max-video-preview:-1"},"canonical":"https:\/\/wpguerssen-test.odoo.rgbconsulting.com\/es\/producto\/echoes-of-loves-reality\/","og_locale":"es_ES","og_type":"article","og_title":"BLACKBURN, Johnny & Mary Lauren - Echoes of love's reality -  (LP) | Guerssen","og_description":"\"Most would probably agree that this is one of the very best psych-style LPs from the 1980s. Not retro at all but (like Bobb Trimble) a piece of the late 1960s preserved from time's rust.Male\/female vocals lament and serenade the quest for knowledge of love and beauty in an appealing soundscape, with lyrical guitar leads throughout, good use of mellotron, occasional tablas, flute and bells. #nl# The recording has a definite 1981 sound but (again, like Bobb Trimble) this somehow becomes an advantage. There's not a questionable song on this album, recommended to anyone open for a soft, dreamy trip inside the melancholy and bliss of an acid-tinted romance.\" (The Acid Archives). #nl# High-quality reissue in 180g vinyl, nice carton with original artwork, unbeatable remastered sound quality and also including the huge 16-paged booklet with lyrics and drawings.500 copies limited release.","og_url":"https:\/\/wpguerssen-test.odoo.rgbconsulting.com\/es\/producto\/echoes-of-loves-reality\/","og_site_name":"Guerssen records","article_modified_time":"2025-04-15T11:44:37+00:00","twitter_card":"summary_large_image","twitter_title":"BLACKBURN, Johnny & Mary Lauren - Echoes of love's reality -  (LP) | Guerssen","schema":{"@context":"https:\/\/schema.org","@graph":[{"@type":"WebPage","@id":"https:\/\/wpguerssen-test.odoo.rgbconsulting.com\/es\/producto\/echoes-of-loves-reality\/","url":"https:\/\/wpguerssen-test.odoo.rgbconsulting.com\/es\/producto\/echoes-of-loves-reality\/","name":"BLACKBURN, Johnny & Mary Lauren - Echoes of love's reality - (LP) | Guerssen","isPartOf":{"@id":"https:\/\/wpguerssen-test.odoo.rgbconsulting.com\/es\/#website"},"primaryImageOfPage":{"@id":"https:\/\/wpguerssen-test.odoo.rgbconsulting.com\/es\/producto\/echoes-of-loves-reality\/#primaryimage"},"image":{"@id":"https:\/\/wpguerssen-test.odoo.rgbconsulting.com\/es\/producto\/echoes-of-loves-reality\/#primaryimage"},"thumbnailUrl":"https:\/\/wpguerssen-test.odoo.rgbconsulting.com\/wp-content\/uploads\/2022\/03\/11882.jpg","datePublished":"2010-11-11T23:00:00+00:00","dateModified":"2025-04-15T11:44:37+00:00","description":"\"Most would probably agree that this is one of the very best psych-style LPs from the 1980s. Not retro at all but (like Bobb Trimble) a piece of the late 1960s preserved from time's rust.Male\/female vocals lament and serenade the quest for knowledge of love and beauty in an appealing soundscape, with lyrical guitar leads throughout, good use of mellotron, occasional tablas, flute and bells. #nl# The recording has a definite 1981 sound but (again, like Bobb Trimble) this somehow becomes an advantage. There's not a questionable song on this album, recommended to anyone open for a soft, dreamy trip inside the melancholy and bliss of an acid-tinted romance.\" (The Acid Archives). #nl# High-quality reissue in 180g vinyl, nice carton with original artwork, unbeatable remastered sound quality and also including the huge 16-paged booklet with lyrics and drawings.500 copies limited release.","breadcrumb":{"@id":"https:\/\/wpguerssen-test.odoo.rgbconsulting.com\/es\/producto\/echoes-of-loves-reality\/#breadcrumb"},"inLanguage":"es","potentialAction":[{"@type":"ReadAction","target":["https:\/\/wpguerssen-test.odoo.rgbconsulting.com\/es\/producto\/echoes-of-loves-reality\/"]}]},{"@type":"ImageObject","inLanguage":"es","@id":"https:\/\/wpguerssen-test.odoo.rgbconsulting.com\/es\/producto\/echoes-of-loves-reality\/#primaryimage","url":"https:\/\/wpguerssen-test.odoo.rgbconsulting.com\/wp-content\/uploads\/2022\/03\/11882.jpg","contentUrl":"https:\/\/wpguerssen-test.odoo.rgbconsulting.com\/wp-content\/uploads\/2022\/03\/11882.jpg","width":180,"height":180,"caption":"Johnny & Mary Lauren - Echoes of love's reality - GUERSSEN (LP) | Guerssen"},{"@type":"BreadcrumbList","@id":"https:\/\/wpguerssen-test.odoo.rgbconsulting.com\/es\/producto\/echoes-of-loves-reality\/#breadcrumb","itemListElement":[{"@type":"ListItem","position":1,"name":"Inicio","item":"https:\/\/wpguerssen-test.odoo.rgbconsulting.com\/es\/"},{"@type":"ListItem","position":2,"name":"Shop","item":"https:\/\/wpguerssen-test.odoo.rgbconsulting.com\/shop\/"},{"@type":"ListItem","position":3,"name":"Echoes of love&#8217;s reality"}]},{"@type":"WebSite","@id":"https:\/\/wpguerssen-test.odoo.rgbconsulting.com\/es\/#website","url":"https:\/\/wpguerssen-test.odoo.rgbconsulting.com\/es\/","name":"Guerssen records","description":"psychedelia - progressive - folk - garage ","publisher":{"@id":"https:\/\/wpguerssen-test.odoo.rgbconsulting.com\/es\/#organization"},"potentialAction":[{"@type":"SearchAction","target":{"@type":"EntryPoint","urlTemplate":"https:\/\/wpguerssen-test.odoo.rgbconsulting.com\/es\/?s={search_term_string}"},"query-input":{"@type":"PropertyValueSpecification","valueRequired":true,"valueName":"search_term_string"}}],"inLanguage":"es"},{"@type":"Organization","@id":"https:\/\/wpguerssen-test.odoo.rgbconsulting.com\/es\/#organization","name":"Guerssen records","url":"https:\/\/wpguerssen-test.odoo.rgbconsulting.com\/es\/","logo":{"@type":"ImageObject","inLanguage":"es","@id":"https:\/\/wpguerssen-test.odoo.rgbconsulting.com\/es\/#\/schema\/logo\/image\/","url":"https:\/\/wpguerssen-test.odoo.rgbconsulting.com\/wp-content\/uploads\/2022\/04\/Logo_Guerssen_trans_100.png","contentUrl":"https:\/\/wpguerssen-test.odoo.rgbconsulting.com\/wp-content\/uploads\/2022\/04\/Logo_Guerssen_trans_100.png","width":122,"height":100,"caption":"Guerssen records"},"image":{"@id":"https:\/\/wpguerssen-test.odoo.rgbconsulting.com\/es\/#\/schema\/logo\/image\/"}}]}},"_links":{"self":[{"href":"https:\/\/wpguerssen-test.odoo.rgbconsulting.com\/es\/wp-json\/wp\/v2\/product\/177936","targetHints":{"allow":["GET"]}}],"collection":[{"href":"https:\/\/wpguerssen-test.odoo.rgbconsulting.com\/es\/wp-json\/wp\/v2\/product"}],"about":[{"href":"https:\/\/wpguerssen-test.odoo.rgbconsulting.com\/es\/wp-json\/wp\/v2\/types\/product"}],"wp:featuredmedia":[{"embeddable":true,"href":"https:\/\/wpguerssen-test.odoo.rgbconsulting.com\/es\/wp-json\/wp\/v2\/media\/112809"}],"wp:attachment":[{"href":"https:\/\/wpguerssen-test.odoo.rgbconsulting.com\/es\/wp-json\/wp\/v2\/media?parent=177936"}],"wp:term":[{"taxonomy":"product_brand","embeddable":true,"href":"https:\/\/wpguerssen-test.odoo.rgbconsulting.com\/es\/wp-json\/wp\/v2\/product_brand?post=177936"},{"taxonomy":"product_cat","embeddable":true,"href":"https:\/\/wpguerssen-test.odoo.rgbconsulting.com\/es\/wp-json\/wp\/v2\/product_cat?post=177936"},{"taxonomy":"product_tag","embeddable":true,"href":"https:\/\/wpguerssen-test.odoo.rgbconsulting.com\/es\/wp-json\/wp\/v2\/product_tag?post=177936"}],"curies":[{"name":"wp","href":"https:\/\/api.w.org\/{rel}","templated":true}]}}