{"id":177973,"date":"2011-02-16T00:00:00","date_gmt":"2011-02-15T23:00:00","guid":{"rendered":"http:\/\/guerssen.hl1097.dinaserver.com\/product\/neurotic-reactions-vol-2\/"},"modified":"2025-02-17T16:27:39","modified_gmt":"2025-02-17T15:27:39","slug":"neurotic-reactions-vol-2","status":"publish","type":"product","link":"https:\/\/wpguerssen-test.odoo.rgbconsulting.com\/es\/producto\/neurotic-reactions-vol-2\/","title":{"rendered":"Neurotic Reactions Vol. 2"},"content":{"rendered":"<p>En el 2008, cuando el primer volumen de \u00abNeurotic Reactions\u00bb fue publicado, se recibi\u00f3 con gran sensaci\u00f3n dentro de la escena Euro Sixties. Oscuros singles de los 60 y 70 eran rescatados y diferentes g\u00e9neros como freakbeat, psicodelia, hard rock y garage se mezclaban para dar forma una banda sonora imaginaria repleta de hits bailables. <\/p>\n<p> Ahora sus responsables vuelven a la acci\u00f3n con un segundo volumen. Esta vez se centra en sonidos estrictamente mod 60s: beat, freakbeat, garage, salvaje R&#038;B, mod-soul, ye-ye&#8230; <\/p>\n<p> Encontraras la dosis usual de oscuros temas y bombazos bailables. Destaca el tremendo garage de Don &#038; Jerry, crudo R&#038;B por The Sting Rays y Measles, mod-soul dancers por Barry Window y Combinations, freakbeat-fuzz por Sparklings y Norma, ye-y\u00e9 de los m\u00e1s groovy por Katty Line (versi\u00f3n de Los Bravos!) y Jack Treese ; himnos mod por Virgil Murray, Dave Peace Union&#8230;y m\u00e1s!. Remasterizado, notas detalladas y fotos.Tracklisting: <\/p>\n<p> SIDE A: 1. BARRY WINDOW: End of our road (UK, 1969)  2. COMBINATIONS: Bump ball (USA, 1968)  3. JACK TREESE : Je suis un \u00e9l\u00e9phant (France, 1969)  4. VIRGIL MURRAY&#8217;S TOMORROW&#8217;S YESTERDAY: I still care (USA, 1968) 5. THE GOODIES: Such a good time (Australia, 1966)  6. LOS TIBURONES: Me has cazado (Spain, 1965)  7. THE STING RAYS: I&#8217;m gonna surprise you (USA, 1965) 8. CELEST: Sweet Wine (Sweden, 1967) <\/p>\n<p> SIDE B  1. DON &#038; JERRY with The Fugitives: In the cover of night (USA, 1965)  2. NORMA: Quiero amor (Mexico, 1968)  3. THE MEASLES: Bye birdie fly (UK, 1965)   4. SPARKLINGS: Seven jump (Holland, 1967) 5. THE DAVE PEACE UNION : Seventh son (UK\/Spain, 1970) 6. THE PEDDLERS: Delicious lady (UK, 1967) 7. KATTY LINE: Un petit peu d&#8217;amour (France, 1968)  8. JOHN O&#8217;BRIEN DOCKER: Get wise, girl  (Germany, 1969)<\/p>\n","protected":false},"excerpt":{"rendered":"<p>En el 2008, cuando el primer volumen de \u00abNeurotic Reactions\u00bb fue publicado, se recibi\u00f3 con gran sensaci\u00f3n dentro de la escena Euro Sixties. Oscuros singles de<a class=\"read\" href=\"https:\/\/wpguerssen-test.odoo.rgbconsulting.com\/es\/producto\/neurotic-reactions-vol-2\/\"> (...)<\/a>","protected":false},"featured_media":112907,"template":"","meta":{"_acf_changed":false},"product_brand":[],"product_cat":[21639,23234],"product_tag":[],"class_list":{"0":"post-177973","1":"product","2":"type-product","3":"status-publish","4":"has-post-thumbnail","6":"product_cat-psychedelic60s-70s-es","7":"product_cat-pop-rock-es","8":"pa_artist-various-artists-es","9":"pa_format-lp-es","10":"pa_gender-psychedelic60s-70s-pop-rock","11":"pa_label-crazy-apple-boutique","12":"pa_location-europe-es","13":"pa_other-filters-vinyl-only-es","15":"first","16":"instock","17":"taxable","18":"shipping-taxable","19":"purchasable","20":"product-type-simple"},"acf":[],"yoast_head":"<!-- This site is optimized with the Yoast SEO plugin v24.9 - https:\/\/yoast.com\/wordpress\/plugins\/seo\/ -->\n<title>VARIOUS ARTISTS - Neurotic Reactions Vol. 2 -  (LP) | Guerssen<\/title>\n<meta name=\"description\" content=\"In 2008, the first volume of &quot;Neurotic Reactions&quot; was released. It was received with great success and it was a good example of the kind of sounds that were spinned in the Euro Sixties scene. Obscure singles from the 60s and 70s were rescued and different genres like freakbeat, garage, psych and hard rock mixed to create the ultimate dancefloor soundtrack. #nl# Now we&#039;re back at action with a brand new second volume. This time the focus is in 60s mod sounds: beat, freakbeat, garage, wild R&amp;B, mod-soul, groovie ye-ye... #nl# You&#039;ll find the usual dose of obscure gems and dancefloor friendly tracks. Highlights include the terrific garage sounds of Don &amp; Jerry, killer R&amp;B by The Sting Rays and Measles, mod-soul dancers by Barry Window and Combinations, fuzzy freakbeat by Sparklings and Norma, psychedelic ye-ye sounds by Katty Line and Jack Treese, mod anthems by Virgil Murray, Dave Peace Union and Goodies...and much more! #nl# Professionally remastered sound and liner notes about each artist.Tracklisting: #nl# SIDE A: 1. BARRY WINDOW: End of our road (UK, 1969) 2. COMBINATIONS: Bump ball (USA, 1968) 3. JACK TREESE : Je suis un \u00e9l\u00e9phant (France, 1969) 4. VIRGIL MURRAY&#039;S TOMORROW&#039;S YESTERDAY: I still care (USA, 1968) 5. THE GOODIES: Such a good time (Australia, 1966) 6. LOS TIBURONES: Me has cazado (Spain, 1965) 7. THE STING RAYS: I&#039;m gonna surprise you (USA, 1965) 8. CELEST: Sweet Wine (Sweden, 1967) #nl# SIDE B 1. DON &amp; JERRY with The Fugitives: In the cover of night (USA, 1965) 2. NORMA: Quiero amor (Mexico, 1968) 3. THE MEASLES: Bye birdie fly (UK, 1965) 4. SPARKLINGS: Seven jump (Holland, 1967) 5. THE DAVE PEACE UNION : Seventh son (UK\/Spain, 1970) 6. THE PEDDLERS: Delicious lady (UK, 1967) 7. KATTY LINE: Un petit peu d&#039;amour (France, 1968) 8. JOHN O&#039;BRIEN DOCKER: Get wise, girl (Germany, 1969)\" \/>\n<meta name=\"robots\" content=\"index, follow, max-snippet:-1, max-image-preview:large, max-video-preview:-1\" \/>\n<link rel=\"canonical\" href=\"https:\/\/wpguerssen-test.odoo.rgbconsulting.com\/es\/producto\/neurotic-reactions-vol-2\/\" \/>\n<meta property=\"og:locale\" content=\"es_ES\" \/>\n<meta property=\"og:type\" content=\"article\" \/>\n<meta property=\"og:title\" content=\"VARIOUS ARTISTS - Neurotic Reactions Vol. 2 -  (LP) | Guerssen\" \/>\n<meta property=\"og:description\" content=\"In 2008, the first volume of &quot;Neurotic Reactions&quot; was released. It was received with great success and it was a good example of the kind of sounds that were spinned in the Euro Sixties scene. Obscure singles from the 60s and 70s were rescued and different genres like freakbeat, garage, psych and hard rock mixed to create the ultimate dancefloor soundtrack. #nl# Now we&#039;re back at action with a brand new second volume. This time the focus is in 60s mod sounds: beat, freakbeat, garage, wild R&amp;B, mod-soul, groovie ye-ye... #nl# You&#039;ll find the usual dose of obscure gems and dancefloor friendly tracks. Highlights include the terrific garage sounds of Don &amp; Jerry, killer R&amp;B by The Sting Rays and Measles, mod-soul dancers by Barry Window and Combinations, fuzzy freakbeat by Sparklings and Norma, psychedelic ye-ye sounds by Katty Line and Jack Treese, mod anthems by Virgil Murray, Dave Peace Union and Goodies...and much more! #nl# Professionally remastered sound and liner notes about each artist.Tracklisting: #nl# SIDE A: 1. BARRY WINDOW: End of our road (UK, 1969) 2. COMBINATIONS: Bump ball (USA, 1968) 3. JACK TREESE : Je suis un \u00e9l\u00e9phant (France, 1969) 4. VIRGIL MURRAY&#039;S TOMORROW&#039;S YESTERDAY: I still care (USA, 1968) 5. THE GOODIES: Such a good time (Australia, 1966) 6. LOS TIBURONES: Me has cazado (Spain, 1965) 7. THE STING RAYS: I&#039;m gonna surprise you (USA, 1965) 8. CELEST: Sweet Wine (Sweden, 1967) #nl# SIDE B 1. DON &amp; JERRY with The Fugitives: In the cover of night (USA, 1965) 2. NORMA: Quiero amor (Mexico, 1968) 3. THE MEASLES: Bye birdie fly (UK, 1965) 4. SPARKLINGS: Seven jump (Holland, 1967) 5. THE DAVE PEACE UNION : Seventh son (UK\/Spain, 1970) 6. THE PEDDLERS: Delicious lady (UK, 1967) 7. KATTY LINE: Un petit peu d&#039;amour (France, 1968) 8. JOHN O&#039;BRIEN DOCKER: Get wise, girl (Germany, 1969)\" \/>\n<meta property=\"og:url\" content=\"https:\/\/wpguerssen-test.odoo.rgbconsulting.com\/es\/producto\/neurotic-reactions-vol-2\/\" \/>\n<meta property=\"og:site_name\" content=\"Guerssen records\" \/>\n<meta property=\"article:modified_time\" content=\"2025-02-17T15:27:39+00:00\" \/>\n<meta name=\"twitter:card\" content=\"summary_large_image\" \/>\n<meta name=\"twitter:title\" content=\"VARIOUS ARTISTS - Neurotic Reactions Vol. 2 -  (LP) | Guerssen\" \/>\n<meta name=\"twitter:label1\" content=\"Tiempo de lectura\" \/>\n\t<meta name=\"twitter:data1\" content=\"1 minuto\" \/>\n<script type=\"application\/ld+json\" class=\"yoast-schema-graph\">{\"@context\":\"https:\/\/schema.org\",\"@graph\":[{\"@type\":\"WebPage\",\"@id\":\"https:\/\/wpguerssen-test.odoo.rgbconsulting.com\/es\/producto\/neurotic-reactions-vol-2\/\",\"url\":\"https:\/\/wpguerssen-test.odoo.rgbconsulting.com\/es\/producto\/neurotic-reactions-vol-2\/\",\"name\":\"VARIOUS ARTISTS - Neurotic Reactions Vol. 2 - (LP) | Guerssen\",\"isPartOf\":{\"@id\":\"https:\/\/wpguerssen-test.odoo.rgbconsulting.com\/es\/#website\"},\"primaryImageOfPage\":{\"@id\":\"https:\/\/wpguerssen-test.odoo.rgbconsulting.com\/es\/producto\/neurotic-reactions-vol-2\/#primaryimage\"},\"image\":{\"@id\":\"https:\/\/wpguerssen-test.odoo.rgbconsulting.com\/es\/producto\/neurotic-reactions-vol-2\/#primaryimage\"},\"thumbnailUrl\":\"https:\/\/wpguerssen-test.odoo.rgbconsulting.com\/wp-content\/uploads\/2022\/03\/12053.jpg\",\"datePublished\":\"2011-02-15T23:00:00+00:00\",\"dateModified\":\"2025-02-17T15:27:39+00:00\",\"description\":\"In 2008, the first volume of \\\"Neurotic Reactions\\\" was released. It was received with great success and it was a good example of the kind of sounds that were spinned in the Euro Sixties scene. Obscure singles from the 60s and 70s were rescued and different genres like freakbeat, garage, psych and hard rock mixed to create the ultimate dancefloor soundtrack. #nl# Now we're back at action with a brand new second volume. This time the focus is in 60s mod sounds: beat, freakbeat, garage, wild R&B, mod-soul, groovie ye-ye... #nl# You'll find the usual dose of obscure gems and dancefloor friendly tracks. Highlights include the terrific garage sounds of Don & Jerry, killer R&B by The Sting Rays and Measles, mod-soul dancers by Barry Window and Combinations, fuzzy freakbeat by Sparklings and Norma, psychedelic ye-ye sounds by Katty Line and Jack Treese, mod anthems by Virgil Murray, Dave Peace Union and Goodies...and much more! #nl# Professionally remastered sound and liner notes about each artist.Tracklisting: #nl# SIDE A: 1. BARRY WINDOW: End of our road (UK, 1969) 2. COMBINATIONS: Bump ball (USA, 1968) 3. JACK TREESE : Je suis un \u00e9l\u00e9phant (France, 1969) 4. VIRGIL MURRAY'S TOMORROW'S YESTERDAY: I still care (USA, 1968) 5. THE GOODIES: Such a good time (Australia, 1966) 6. LOS TIBURONES: Me has cazado (Spain, 1965) 7. THE STING RAYS: I'm gonna surprise you (USA, 1965) 8. CELEST: Sweet Wine (Sweden, 1967) #nl# SIDE B 1. DON & JERRY with The Fugitives: In the cover of night (USA, 1965) 2. NORMA: Quiero amor (Mexico, 1968) 3. THE MEASLES: Bye birdie fly (UK, 1965) 4. SPARKLINGS: Seven jump (Holland, 1967) 5. THE DAVE PEACE UNION : Seventh son (UK\/Spain, 1970) 6. THE PEDDLERS: Delicious lady (UK, 1967) 7. KATTY LINE: Un petit peu d'amour (France, 1968) 8. JOHN O'BRIEN DOCKER: Get wise, girl (Germany, 1969)\",\"breadcrumb\":{\"@id\":\"https:\/\/wpguerssen-test.odoo.rgbconsulting.com\/es\/producto\/neurotic-reactions-vol-2\/#breadcrumb\"},\"inLanguage\":\"es\",\"potentialAction\":[{\"@type\":\"ReadAction\",\"target\":[\"https:\/\/wpguerssen-test.odoo.rgbconsulting.com\/es\/producto\/neurotic-reactions-vol-2\/\"]}]},{\"@type\":\"ImageObject\",\"inLanguage\":\"es\",\"@id\":\"https:\/\/wpguerssen-test.odoo.rgbconsulting.com\/es\/producto\/neurotic-reactions-vol-2\/#primaryimage\",\"url\":\"https:\/\/wpguerssen-test.odoo.rgbconsulting.com\/wp-content\/uploads\/2022\/03\/12053.jpg\",\"contentUrl\":\"https:\/\/wpguerssen-test.odoo.rgbconsulting.com\/wp-content\/uploads\/2022\/03\/12053.jpg\",\"width\":500,\"height\":500,\"caption\":\"VARIOUS ARTISTS - Neurotic Reactions Vol. 2 - CRAZY APPLE BOUTIQUE (LP) | Guerssen\"},{\"@type\":\"BreadcrumbList\",\"@id\":\"https:\/\/wpguerssen-test.odoo.rgbconsulting.com\/es\/producto\/neurotic-reactions-vol-2\/#breadcrumb\",\"itemListElement\":[{\"@type\":\"ListItem\",\"position\":1,\"name\":\"Inicio\",\"item\":\"https:\/\/wpguerssen-test.odoo.rgbconsulting.com\/es\/\"},{\"@type\":\"ListItem\",\"position\":2,\"name\":\"Shop\",\"item\":\"https:\/\/wpguerssen-test.odoo.rgbconsulting.com\/shop\/\"},{\"@type\":\"ListItem\",\"position\":3,\"name\":\"Neurotic Reactions Vol. 2\"}]},{\"@type\":\"WebSite\",\"@id\":\"https:\/\/wpguerssen-test.odoo.rgbconsulting.com\/es\/#website\",\"url\":\"https:\/\/wpguerssen-test.odoo.rgbconsulting.com\/es\/\",\"name\":\"Guerssen records\",\"description\":\"psychedelia - progressive - folk - garage \",\"publisher\":{\"@id\":\"https:\/\/wpguerssen-test.odoo.rgbconsulting.com\/es\/#organization\"},\"potentialAction\":[{\"@type\":\"SearchAction\",\"target\":{\"@type\":\"EntryPoint\",\"urlTemplate\":\"https:\/\/wpguerssen-test.odoo.rgbconsulting.com\/es\/?s={search_term_string}\"},\"query-input\":{\"@type\":\"PropertyValueSpecification\",\"valueRequired\":true,\"valueName\":\"search_term_string\"}}],\"inLanguage\":\"es\"},{\"@type\":\"Organization\",\"@id\":\"https:\/\/wpguerssen-test.odoo.rgbconsulting.com\/es\/#organization\",\"name\":\"Guerssen records\",\"url\":\"https:\/\/wpguerssen-test.odoo.rgbconsulting.com\/es\/\",\"logo\":{\"@type\":\"ImageObject\",\"inLanguage\":\"es\",\"@id\":\"https:\/\/wpguerssen-test.odoo.rgbconsulting.com\/es\/#\/schema\/logo\/image\/\",\"url\":\"https:\/\/wpguerssen-test.odoo.rgbconsulting.com\/wp-content\/uploads\/2022\/04\/Logo_Guerssen_trans_100.png\",\"contentUrl\":\"https:\/\/wpguerssen-test.odoo.rgbconsulting.com\/wp-content\/uploads\/2022\/04\/Logo_Guerssen_trans_100.png\",\"width\":122,\"height\":100,\"caption\":\"Guerssen records\"},\"image\":{\"@id\":\"https:\/\/wpguerssen-test.odoo.rgbconsulting.com\/es\/#\/schema\/logo\/image\/\"}}]}<\/script>\n<!-- \/ Yoast SEO plugin. -->","yoast_head_json":{"title":"VARIOUS ARTISTS - Neurotic Reactions Vol. 2 -  (LP) | Guerssen","description":"In 2008, the first volume of \"Neurotic Reactions\" was released. It was received with great success and it was a good example of the kind of sounds that were spinned in the Euro Sixties scene. Obscure singles from the 60s and 70s were rescued and different genres like freakbeat, garage, psych and hard rock mixed to create the ultimate dancefloor soundtrack. #nl# Now we're back at action with a brand new second volume. This time the focus is in 60s mod sounds: beat, freakbeat, garage, wild R&B, mod-soul, groovie ye-ye... #nl# You'll find the usual dose of obscure gems and dancefloor friendly tracks. Highlights include the terrific garage sounds of Don & Jerry, killer R&B by The Sting Rays and Measles, mod-soul dancers by Barry Window and Combinations, fuzzy freakbeat by Sparklings and Norma, psychedelic ye-ye sounds by Katty Line and Jack Treese, mod anthems by Virgil Murray, Dave Peace Union and Goodies...and much more! #nl# Professionally remastered sound and liner notes about each artist.Tracklisting: #nl# SIDE A: 1. BARRY WINDOW: End of our road (UK, 1969) 2. COMBINATIONS: Bump ball (USA, 1968) 3. JACK TREESE : Je suis un \u00e9l\u00e9phant (France, 1969) 4. VIRGIL MURRAY'S TOMORROW'S YESTERDAY: I still care (USA, 1968) 5. THE GOODIES: Such a good time (Australia, 1966) 6. LOS TIBURONES: Me has cazado (Spain, 1965) 7. THE STING RAYS: I'm gonna surprise you (USA, 1965) 8. CELEST: Sweet Wine (Sweden, 1967) #nl# SIDE B 1. DON & JERRY with The Fugitives: In the cover of night (USA, 1965) 2. NORMA: Quiero amor (Mexico, 1968) 3. THE MEASLES: Bye birdie fly (UK, 1965) 4. SPARKLINGS: Seven jump (Holland, 1967) 5. THE DAVE PEACE UNION : Seventh son (UK\/Spain, 1970) 6. THE PEDDLERS: Delicious lady (UK, 1967) 7. KATTY LINE: Un petit peu d'amour (France, 1968) 8. JOHN O'BRIEN DOCKER: Get wise, girl (Germany, 1969)","robots":{"index":"index","follow":"follow","max-snippet":"max-snippet:-1","max-image-preview":"max-image-preview:large","max-video-preview":"max-video-preview:-1"},"canonical":"https:\/\/wpguerssen-test.odoo.rgbconsulting.com\/es\/producto\/neurotic-reactions-vol-2\/","og_locale":"es_ES","og_type":"article","og_title":"VARIOUS ARTISTS - Neurotic Reactions Vol. 2 -  (LP) | Guerssen","og_description":"In 2008, the first volume of \"Neurotic Reactions\" was released. It was received with great success and it was a good example of the kind of sounds that were spinned in the Euro Sixties scene. Obscure singles from the 60s and 70s were rescued and different genres like freakbeat, garage, psych and hard rock mixed to create the ultimate dancefloor soundtrack. #nl# Now we're back at action with a brand new second volume. This time the focus is in 60s mod sounds: beat, freakbeat, garage, wild R&B, mod-soul, groovie ye-ye... #nl# You'll find the usual dose of obscure gems and dancefloor friendly tracks. Highlights include the terrific garage sounds of Don & Jerry, killer R&B by The Sting Rays and Measles, mod-soul dancers by Barry Window and Combinations, fuzzy freakbeat by Sparklings and Norma, psychedelic ye-ye sounds by Katty Line and Jack Treese, mod anthems by Virgil Murray, Dave Peace Union and Goodies...and much more! #nl# Professionally remastered sound and liner notes about each artist.Tracklisting: #nl# SIDE A: 1. BARRY WINDOW: End of our road (UK, 1969) 2. COMBINATIONS: Bump ball (USA, 1968) 3. JACK TREESE : Je suis un \u00e9l\u00e9phant (France, 1969) 4. VIRGIL MURRAY'S TOMORROW'S YESTERDAY: I still care (USA, 1968) 5. THE GOODIES: Such a good time (Australia, 1966) 6. LOS TIBURONES: Me has cazado (Spain, 1965) 7. THE STING RAYS: I'm gonna surprise you (USA, 1965) 8. CELEST: Sweet Wine (Sweden, 1967) #nl# SIDE B 1. DON & JERRY with The Fugitives: In the cover of night (USA, 1965) 2. NORMA: Quiero amor (Mexico, 1968) 3. THE MEASLES: Bye birdie fly (UK, 1965) 4. SPARKLINGS: Seven jump (Holland, 1967) 5. THE DAVE PEACE UNION : Seventh son (UK\/Spain, 1970) 6. THE PEDDLERS: Delicious lady (UK, 1967) 7. KATTY LINE: Un petit peu d'amour (France, 1968) 8. JOHN O'BRIEN DOCKER: Get wise, girl (Germany, 1969)","og_url":"https:\/\/wpguerssen-test.odoo.rgbconsulting.com\/es\/producto\/neurotic-reactions-vol-2\/","og_site_name":"Guerssen records","article_modified_time":"2025-02-17T15:27:39+00:00","twitter_card":"summary_large_image","twitter_title":"VARIOUS ARTISTS - Neurotic Reactions Vol. 2 -  (LP) | Guerssen","twitter_misc":{"Tiempo de lectura":"1 minuto"},"schema":{"@context":"https:\/\/schema.org","@graph":[{"@type":"WebPage","@id":"https:\/\/wpguerssen-test.odoo.rgbconsulting.com\/es\/producto\/neurotic-reactions-vol-2\/","url":"https:\/\/wpguerssen-test.odoo.rgbconsulting.com\/es\/producto\/neurotic-reactions-vol-2\/","name":"VARIOUS ARTISTS - Neurotic Reactions Vol. 2 - (LP) | Guerssen","isPartOf":{"@id":"https:\/\/wpguerssen-test.odoo.rgbconsulting.com\/es\/#website"},"primaryImageOfPage":{"@id":"https:\/\/wpguerssen-test.odoo.rgbconsulting.com\/es\/producto\/neurotic-reactions-vol-2\/#primaryimage"},"image":{"@id":"https:\/\/wpguerssen-test.odoo.rgbconsulting.com\/es\/producto\/neurotic-reactions-vol-2\/#primaryimage"},"thumbnailUrl":"https:\/\/wpguerssen-test.odoo.rgbconsulting.com\/wp-content\/uploads\/2022\/03\/12053.jpg","datePublished":"2011-02-15T23:00:00+00:00","dateModified":"2025-02-17T15:27:39+00:00","description":"In 2008, the first volume of \"Neurotic Reactions\" was released. It was received with great success and it was a good example of the kind of sounds that were spinned in the Euro Sixties scene. Obscure singles from the 60s and 70s were rescued and different genres like freakbeat, garage, psych and hard rock mixed to create the ultimate dancefloor soundtrack. #nl# Now we're back at action with a brand new second volume. This time the focus is in 60s mod sounds: beat, freakbeat, garage, wild R&B, mod-soul, groovie ye-ye... #nl# You'll find the usual dose of obscure gems and dancefloor friendly tracks. Highlights include the terrific garage sounds of Don & Jerry, killer R&B by The Sting Rays and Measles, mod-soul dancers by Barry Window and Combinations, fuzzy freakbeat by Sparklings and Norma, psychedelic ye-ye sounds by Katty Line and Jack Treese, mod anthems by Virgil Murray, Dave Peace Union and Goodies...and much more! #nl# Professionally remastered sound and liner notes about each artist.Tracklisting: #nl# SIDE A: 1. BARRY WINDOW: End of our road (UK, 1969) 2. COMBINATIONS: Bump ball (USA, 1968) 3. JACK TREESE : Je suis un \u00e9l\u00e9phant (France, 1969) 4. VIRGIL MURRAY'S TOMORROW'S YESTERDAY: I still care (USA, 1968) 5. THE GOODIES: Such a good time (Australia, 1966) 6. LOS TIBURONES: Me has cazado (Spain, 1965) 7. THE STING RAYS: I'm gonna surprise you (USA, 1965) 8. CELEST: Sweet Wine (Sweden, 1967) #nl# SIDE B 1. DON & JERRY with The Fugitives: In the cover of night (USA, 1965) 2. NORMA: Quiero amor (Mexico, 1968) 3. THE MEASLES: Bye birdie fly (UK, 1965) 4. SPARKLINGS: Seven jump (Holland, 1967) 5. THE DAVE PEACE UNION : Seventh son (UK\/Spain, 1970) 6. THE PEDDLERS: Delicious lady (UK, 1967) 7. KATTY LINE: Un petit peu d'amour (France, 1968) 8. JOHN O'BRIEN DOCKER: Get wise, girl (Germany, 1969)","breadcrumb":{"@id":"https:\/\/wpguerssen-test.odoo.rgbconsulting.com\/es\/producto\/neurotic-reactions-vol-2\/#breadcrumb"},"inLanguage":"es","potentialAction":[{"@type":"ReadAction","target":["https:\/\/wpguerssen-test.odoo.rgbconsulting.com\/es\/producto\/neurotic-reactions-vol-2\/"]}]},{"@type":"ImageObject","inLanguage":"es","@id":"https:\/\/wpguerssen-test.odoo.rgbconsulting.com\/es\/producto\/neurotic-reactions-vol-2\/#primaryimage","url":"https:\/\/wpguerssen-test.odoo.rgbconsulting.com\/wp-content\/uploads\/2022\/03\/12053.jpg","contentUrl":"https:\/\/wpguerssen-test.odoo.rgbconsulting.com\/wp-content\/uploads\/2022\/03\/12053.jpg","width":500,"height":500,"caption":"VARIOUS ARTISTS - Neurotic Reactions Vol. 2 - CRAZY APPLE BOUTIQUE (LP) | Guerssen"},{"@type":"BreadcrumbList","@id":"https:\/\/wpguerssen-test.odoo.rgbconsulting.com\/es\/producto\/neurotic-reactions-vol-2\/#breadcrumb","itemListElement":[{"@type":"ListItem","position":1,"name":"Inicio","item":"https:\/\/wpguerssen-test.odoo.rgbconsulting.com\/es\/"},{"@type":"ListItem","position":2,"name":"Shop","item":"https:\/\/wpguerssen-test.odoo.rgbconsulting.com\/shop\/"},{"@type":"ListItem","position":3,"name":"Neurotic Reactions Vol. 2"}]},{"@type":"WebSite","@id":"https:\/\/wpguerssen-test.odoo.rgbconsulting.com\/es\/#website","url":"https:\/\/wpguerssen-test.odoo.rgbconsulting.com\/es\/","name":"Guerssen records","description":"psychedelia - progressive - folk - garage ","publisher":{"@id":"https:\/\/wpguerssen-test.odoo.rgbconsulting.com\/es\/#organization"},"potentialAction":[{"@type":"SearchAction","target":{"@type":"EntryPoint","urlTemplate":"https:\/\/wpguerssen-test.odoo.rgbconsulting.com\/es\/?s={search_term_string}"},"query-input":{"@type":"PropertyValueSpecification","valueRequired":true,"valueName":"search_term_string"}}],"inLanguage":"es"},{"@type":"Organization","@id":"https:\/\/wpguerssen-test.odoo.rgbconsulting.com\/es\/#organization","name":"Guerssen records","url":"https:\/\/wpguerssen-test.odoo.rgbconsulting.com\/es\/","logo":{"@type":"ImageObject","inLanguage":"es","@id":"https:\/\/wpguerssen-test.odoo.rgbconsulting.com\/es\/#\/schema\/logo\/image\/","url":"https:\/\/wpguerssen-test.odoo.rgbconsulting.com\/wp-content\/uploads\/2022\/04\/Logo_Guerssen_trans_100.png","contentUrl":"https:\/\/wpguerssen-test.odoo.rgbconsulting.com\/wp-content\/uploads\/2022\/04\/Logo_Guerssen_trans_100.png","width":122,"height":100,"caption":"Guerssen records"},"image":{"@id":"https:\/\/wpguerssen-test.odoo.rgbconsulting.com\/es\/#\/schema\/logo\/image\/"}}]}},"_links":{"self":[{"href":"https:\/\/wpguerssen-test.odoo.rgbconsulting.com\/es\/wp-json\/wp\/v2\/product\/177973","targetHints":{"allow":["GET"]}}],"collection":[{"href":"https:\/\/wpguerssen-test.odoo.rgbconsulting.com\/es\/wp-json\/wp\/v2\/product"}],"about":[{"href":"https:\/\/wpguerssen-test.odoo.rgbconsulting.com\/es\/wp-json\/wp\/v2\/types\/product"}],"wp:featuredmedia":[{"embeddable":true,"href":"https:\/\/wpguerssen-test.odoo.rgbconsulting.com\/es\/wp-json\/wp\/v2\/media\/112907"}],"wp:attachment":[{"href":"https:\/\/wpguerssen-test.odoo.rgbconsulting.com\/es\/wp-json\/wp\/v2\/media?parent=177973"}],"wp:term":[{"taxonomy":"product_brand","embeddable":true,"href":"https:\/\/wpguerssen-test.odoo.rgbconsulting.com\/es\/wp-json\/wp\/v2\/product_brand?post=177973"},{"taxonomy":"product_cat","embeddable":true,"href":"https:\/\/wpguerssen-test.odoo.rgbconsulting.com\/es\/wp-json\/wp\/v2\/product_cat?post=177973"},{"taxonomy":"product_tag","embeddable":true,"href":"https:\/\/wpguerssen-test.odoo.rgbconsulting.com\/es\/wp-json\/wp\/v2\/product_tag?post=177973"}],"curies":[{"name":"wp","href":"https:\/\/api.w.org\/{rel}","templated":true}]}}