{"id":177975,"date":"2011-02-16T00:00:00","date_gmt":"2011-02-15T23:00:00","guid":{"rendered":"http:\/\/guerssen.hl1097.dinaserver.com\/product\/on-the-road-to-ys\/"},"modified":"2025-01-07T18:33:50","modified_gmt":"2025-01-07T17:33:50","slug":"on-the-road-to-ys","status":"publish","type":"product","link":"https:\/\/wpguerssen-test.odoo.rgbconsulting.com\/es\/producto\/on-the-road-to-ys\/","title":{"rendered":"On the road to YS"},"content":{"rendered":"<p>Por primera vez editado en vinilo este extraordinario documento fechado en 1971 por esta legendaria banda de italo-prog. \u00abOn the road to YS\u00bb es esencial para cualquier aficionado al grupo. <\/p>\n<p> Se trata de unas maquetas grabadas en los estudios de Phonogram de Mil\u00e1n y que contienen versiones primerizas de dos canciones que luego se incluyeron en \u00abYS\u00bb, cantadas en ingl\u00e9s y con arreglos diferentes a las versiones finales. Esta es la grabaci\u00f3n que convenci\u00f3 a Phonogram para fichar al grupo, editando en 1972 \u00abYS\u00bb&#8230;y el resto es historia. Sonido de m\u00e1sters.<br \/>Incluye un bonus track: una versi\u00f3n in\u00e9dita en directo de \u00ab\u00bbLa tua casa comoda \u00ab.<\/p>\n","protected":false},"excerpt":{"rendered":"<p>Por primera vez editado en vinilo este extraordinario documento fechado en 1971 por esta legendaria banda de italo-prog. \u00abOn the road to YS\u00bb es esencial para cualquier<a class=\"read\" href=\"https:\/\/wpguerssen-test.odoo.rgbconsulting.com\/es\/producto\/on-the-road-to-ys\/\"> (...)<\/a>","protected":false},"featured_media":112913,"template":"","meta":{"_acf_changed":false},"product_brand":[],"product_cat":[21639,23215],"product_tag":[],"class_list":{"0":"post-177975","1":"product","2":"type-product","3":"status-publish","4":"has-post-thumbnail","6":"product_cat-psychedelic60s-70s-es","7":"product_cat-progressive60s-70s-es","8":"pa_artist-balletto-di-bronzo-es","9":"pa_format-lp-es","10":"pa_gender-psychedelic60s-70s-progressive60s-70s","11":"pa_label-ams","12":"pa_location-europe-es","13":"pa_other-filters-vinyl-only-es","15":"first","16":"instock","17":"taxable","18":"shipping-taxable","19":"purchasable","20":"product-type-simple"},"acf":[],"yoast_head":"<!-- This site is optimized with the Yoast SEO plugin v24.9 - https:\/\/yoast.com\/wordpress\/plugins\/seo\/ -->\n<title>BALLETTO DI BRONZO - On the road to YS -  (LP) | Guerssen<\/title>\n<meta name=\"description\" content=\"First time ever vinyl release of two extraordinary documents, dated 1971, by the legendary &quot;Balletto di Bronzo&quot;. #nl# &quot;On the Road to Ys, &quot; is a landmark in Balletto di Bronzo&#039;s history, because it is the demo recording made by the band in 1971 at Phonogram studios Milan, featuring the embryonic versions of two songs that would later be merged into YS (Introduzione and Secondo Incontro), with English vocals, and arrangements that are quite different than the final tracks. However, these demos will convince Phonogram to offer the band a record deal. In 1972 they released YS. The rest is history. #nl# Taken form master tapes, and remastered by Gianni Leone and Nicola di Gia in 2010. Also featuring a bonus track: an unreleased live version of &quot;La tua casa comoda &quot;.\" \/>\n<meta name=\"robots\" content=\"index, follow, max-snippet:-1, max-image-preview:large, max-video-preview:-1\" \/>\n<link rel=\"canonical\" href=\"https:\/\/wpguerssen-test.odoo.rgbconsulting.com\/es\/producto\/on-the-road-to-ys\/\" \/>\n<meta property=\"og:locale\" content=\"es_ES\" \/>\n<meta property=\"og:type\" content=\"article\" \/>\n<meta property=\"og:title\" content=\"BALLETTO DI BRONZO - On the road to YS -  (LP) | Guerssen\" \/>\n<meta property=\"og:description\" content=\"First time ever vinyl release of two extraordinary documents, dated 1971, by the legendary &quot;Balletto di Bronzo&quot;. #nl# &quot;On the Road to Ys, &quot; is a landmark in Balletto di Bronzo&#039;s history, because it is the demo recording made by the band in 1971 at Phonogram studios Milan, featuring the embryonic versions of two songs that would later be merged into YS (Introduzione and Secondo Incontro), with English vocals, and arrangements that are quite different than the final tracks. However, these demos will convince Phonogram to offer the band a record deal. In 1972 they released YS. The rest is history. #nl# Taken form master tapes, and remastered by Gianni Leone and Nicola di Gia in 2010. Also featuring a bonus track: an unreleased live version of &quot;La tua casa comoda &quot;.\" \/>\n<meta property=\"og:url\" content=\"https:\/\/wpguerssen-test.odoo.rgbconsulting.com\/es\/producto\/on-the-road-to-ys\/\" \/>\n<meta property=\"og:site_name\" content=\"Guerssen records\" \/>\n<meta property=\"article:modified_time\" content=\"2025-01-07T17:33:50+00:00\" \/>\n<meta name=\"twitter:card\" content=\"summary_large_image\" \/>\n<meta name=\"twitter:title\" content=\"BALLETTO DI BRONZO - On the road to YS -  (LP) | Guerssen\" \/>\n<meta name=\"twitter:label1\" content=\"Tiempo de lectura\" \/>\n\t<meta name=\"twitter:data1\" content=\"1 minuto\" \/>\n<script type=\"application\/ld+json\" class=\"yoast-schema-graph\">{\"@context\":\"https:\/\/schema.org\",\"@graph\":[{\"@type\":\"WebPage\",\"@id\":\"https:\/\/wpguerssen-test.odoo.rgbconsulting.com\/es\/producto\/on-the-road-to-ys\/\",\"url\":\"https:\/\/wpguerssen-test.odoo.rgbconsulting.com\/es\/producto\/on-the-road-to-ys\/\",\"name\":\"BALLETTO DI BRONZO - On the road to YS - (LP) | Guerssen\",\"isPartOf\":{\"@id\":\"https:\/\/wpguerssen-test.odoo.rgbconsulting.com\/es\/#website\"},\"primaryImageOfPage\":{\"@id\":\"https:\/\/wpguerssen-test.odoo.rgbconsulting.com\/es\/producto\/on-the-road-to-ys\/#primaryimage\"},\"image\":{\"@id\":\"https:\/\/wpguerssen-test.odoo.rgbconsulting.com\/es\/producto\/on-the-road-to-ys\/#primaryimage\"},\"thumbnailUrl\":\"https:\/\/wpguerssen-test.odoo.rgbconsulting.com\/wp-content\/uploads\/2022\/03\/12071.jpg\",\"datePublished\":\"2011-02-15T23:00:00+00:00\",\"dateModified\":\"2025-01-07T17:33:50+00:00\",\"description\":\"First time ever vinyl release of two extraordinary documents, dated 1971, by the legendary \\\"Balletto di Bronzo\\\". #nl# \\\"On the Road to Ys, \\\" is a landmark in Balletto di Bronzo's history, because it is the demo recording made by the band in 1971 at Phonogram studios Milan, featuring the embryonic versions of two songs that would later be merged into YS (Introduzione and Secondo Incontro), with English vocals, and arrangements that are quite different than the final tracks. However, these demos will convince Phonogram to offer the band a record deal. In 1972 they released YS. The rest is history. #nl# Taken form master tapes, and remastered by Gianni Leone and Nicola di Gia in 2010. Also featuring a bonus track: an unreleased live version of \\\"La tua casa comoda \\\".\",\"breadcrumb\":{\"@id\":\"https:\/\/wpguerssen-test.odoo.rgbconsulting.com\/es\/producto\/on-the-road-to-ys\/#breadcrumb\"},\"inLanguage\":\"es\",\"potentialAction\":[{\"@type\":\"ReadAction\",\"target\":[\"https:\/\/wpguerssen-test.odoo.rgbconsulting.com\/es\/producto\/on-the-road-to-ys\/\"]}]},{\"@type\":\"ImageObject\",\"inLanguage\":\"es\",\"@id\":\"https:\/\/wpguerssen-test.odoo.rgbconsulting.com\/es\/producto\/on-the-road-to-ys\/#primaryimage\",\"url\":\"https:\/\/wpguerssen-test.odoo.rgbconsulting.com\/wp-content\/uploads\/2022\/03\/12071.jpg\",\"contentUrl\":\"https:\/\/wpguerssen-test.odoo.rgbconsulting.com\/wp-content\/uploads\/2022\/03\/12071.jpg\",\"width\":347,\"height\":351,\"caption\":\"BALLETTO DI BRONZO - On the road to YS - AMS (LP) | Guerssen\"},{\"@type\":\"BreadcrumbList\",\"@id\":\"https:\/\/wpguerssen-test.odoo.rgbconsulting.com\/es\/producto\/on-the-road-to-ys\/#breadcrumb\",\"itemListElement\":[{\"@type\":\"ListItem\",\"position\":1,\"name\":\"Inicio\",\"item\":\"https:\/\/wpguerssen-test.odoo.rgbconsulting.com\/es\/\"},{\"@type\":\"ListItem\",\"position\":2,\"name\":\"Shop\",\"item\":\"https:\/\/wpguerssen-test.odoo.rgbconsulting.com\/shop\/\"},{\"@type\":\"ListItem\",\"position\":3,\"name\":\"On the road to YS\"}]},{\"@type\":\"WebSite\",\"@id\":\"https:\/\/wpguerssen-test.odoo.rgbconsulting.com\/es\/#website\",\"url\":\"https:\/\/wpguerssen-test.odoo.rgbconsulting.com\/es\/\",\"name\":\"Guerssen records\",\"description\":\"psychedelia - progressive - folk - garage \",\"publisher\":{\"@id\":\"https:\/\/wpguerssen-test.odoo.rgbconsulting.com\/es\/#organization\"},\"potentialAction\":[{\"@type\":\"SearchAction\",\"target\":{\"@type\":\"EntryPoint\",\"urlTemplate\":\"https:\/\/wpguerssen-test.odoo.rgbconsulting.com\/es\/?s={search_term_string}\"},\"query-input\":{\"@type\":\"PropertyValueSpecification\",\"valueRequired\":true,\"valueName\":\"search_term_string\"}}],\"inLanguage\":\"es\"},{\"@type\":\"Organization\",\"@id\":\"https:\/\/wpguerssen-test.odoo.rgbconsulting.com\/es\/#organization\",\"name\":\"Guerssen records\",\"url\":\"https:\/\/wpguerssen-test.odoo.rgbconsulting.com\/es\/\",\"logo\":{\"@type\":\"ImageObject\",\"inLanguage\":\"es\",\"@id\":\"https:\/\/wpguerssen-test.odoo.rgbconsulting.com\/es\/#\/schema\/logo\/image\/\",\"url\":\"https:\/\/wpguerssen-test.odoo.rgbconsulting.com\/wp-content\/uploads\/2022\/04\/Logo_Guerssen_trans_100.png\",\"contentUrl\":\"https:\/\/wpguerssen-test.odoo.rgbconsulting.com\/wp-content\/uploads\/2022\/04\/Logo_Guerssen_trans_100.png\",\"width\":122,\"height\":100,\"caption\":\"Guerssen records\"},\"image\":{\"@id\":\"https:\/\/wpguerssen-test.odoo.rgbconsulting.com\/es\/#\/schema\/logo\/image\/\"}}]}<\/script>\n<!-- \/ Yoast SEO plugin. -->","yoast_head_json":{"title":"BALLETTO DI BRONZO - On the road to YS -  (LP) | Guerssen","description":"First time ever vinyl release of two extraordinary documents, dated 1971, by the legendary \"Balletto di Bronzo\". #nl# \"On the Road to Ys, \" is a landmark in Balletto di Bronzo's history, because it is the demo recording made by the band in 1971 at Phonogram studios Milan, featuring the embryonic versions of two songs that would later be merged into YS (Introduzione and Secondo Incontro), with English vocals, and arrangements that are quite different than the final tracks. However, these demos will convince Phonogram to offer the band a record deal. In 1972 they released YS. The rest is history. #nl# Taken form master tapes, and remastered by Gianni Leone and Nicola di Gia in 2010. Also featuring a bonus track: an unreleased live version of \"La tua casa comoda \".","robots":{"index":"index","follow":"follow","max-snippet":"max-snippet:-1","max-image-preview":"max-image-preview:large","max-video-preview":"max-video-preview:-1"},"canonical":"https:\/\/wpguerssen-test.odoo.rgbconsulting.com\/es\/producto\/on-the-road-to-ys\/","og_locale":"es_ES","og_type":"article","og_title":"BALLETTO DI BRONZO - On the road to YS -  (LP) | Guerssen","og_description":"First time ever vinyl release of two extraordinary documents, dated 1971, by the legendary \"Balletto di Bronzo\". #nl# \"On the Road to Ys, \" is a landmark in Balletto di Bronzo's history, because it is the demo recording made by the band in 1971 at Phonogram studios Milan, featuring the embryonic versions of two songs that would later be merged into YS (Introduzione and Secondo Incontro), with English vocals, and arrangements that are quite different than the final tracks. However, these demos will convince Phonogram to offer the band a record deal. In 1972 they released YS. The rest is history. #nl# Taken form master tapes, and remastered by Gianni Leone and Nicola di Gia in 2010. Also featuring a bonus track: an unreleased live version of \"La tua casa comoda \".","og_url":"https:\/\/wpguerssen-test.odoo.rgbconsulting.com\/es\/producto\/on-the-road-to-ys\/","og_site_name":"Guerssen records","article_modified_time":"2025-01-07T17:33:50+00:00","twitter_card":"summary_large_image","twitter_title":"BALLETTO DI BRONZO - On the road to YS -  (LP) | Guerssen","twitter_misc":{"Tiempo de lectura":"1 minuto"},"schema":{"@context":"https:\/\/schema.org","@graph":[{"@type":"WebPage","@id":"https:\/\/wpguerssen-test.odoo.rgbconsulting.com\/es\/producto\/on-the-road-to-ys\/","url":"https:\/\/wpguerssen-test.odoo.rgbconsulting.com\/es\/producto\/on-the-road-to-ys\/","name":"BALLETTO DI BRONZO - On the road to YS - (LP) | Guerssen","isPartOf":{"@id":"https:\/\/wpguerssen-test.odoo.rgbconsulting.com\/es\/#website"},"primaryImageOfPage":{"@id":"https:\/\/wpguerssen-test.odoo.rgbconsulting.com\/es\/producto\/on-the-road-to-ys\/#primaryimage"},"image":{"@id":"https:\/\/wpguerssen-test.odoo.rgbconsulting.com\/es\/producto\/on-the-road-to-ys\/#primaryimage"},"thumbnailUrl":"https:\/\/wpguerssen-test.odoo.rgbconsulting.com\/wp-content\/uploads\/2022\/03\/12071.jpg","datePublished":"2011-02-15T23:00:00+00:00","dateModified":"2025-01-07T17:33:50+00:00","description":"First time ever vinyl release of two extraordinary documents, dated 1971, by the legendary \"Balletto di Bronzo\". #nl# \"On the Road to Ys, \" is a landmark in Balletto di Bronzo's history, because it is the demo recording made by the band in 1971 at Phonogram studios Milan, featuring the embryonic versions of two songs that would later be merged into YS (Introduzione and Secondo Incontro), with English vocals, and arrangements that are quite different than the final tracks. However, these demos will convince Phonogram to offer the band a record deal. In 1972 they released YS. The rest is history. #nl# Taken form master tapes, and remastered by Gianni Leone and Nicola di Gia in 2010. Also featuring a bonus track: an unreleased live version of \"La tua casa comoda \".","breadcrumb":{"@id":"https:\/\/wpguerssen-test.odoo.rgbconsulting.com\/es\/producto\/on-the-road-to-ys\/#breadcrumb"},"inLanguage":"es","potentialAction":[{"@type":"ReadAction","target":["https:\/\/wpguerssen-test.odoo.rgbconsulting.com\/es\/producto\/on-the-road-to-ys\/"]}]},{"@type":"ImageObject","inLanguage":"es","@id":"https:\/\/wpguerssen-test.odoo.rgbconsulting.com\/es\/producto\/on-the-road-to-ys\/#primaryimage","url":"https:\/\/wpguerssen-test.odoo.rgbconsulting.com\/wp-content\/uploads\/2022\/03\/12071.jpg","contentUrl":"https:\/\/wpguerssen-test.odoo.rgbconsulting.com\/wp-content\/uploads\/2022\/03\/12071.jpg","width":347,"height":351,"caption":"BALLETTO DI BRONZO - On the road to YS - AMS (LP) | Guerssen"},{"@type":"BreadcrumbList","@id":"https:\/\/wpguerssen-test.odoo.rgbconsulting.com\/es\/producto\/on-the-road-to-ys\/#breadcrumb","itemListElement":[{"@type":"ListItem","position":1,"name":"Inicio","item":"https:\/\/wpguerssen-test.odoo.rgbconsulting.com\/es\/"},{"@type":"ListItem","position":2,"name":"Shop","item":"https:\/\/wpguerssen-test.odoo.rgbconsulting.com\/shop\/"},{"@type":"ListItem","position":3,"name":"On the road to YS"}]},{"@type":"WebSite","@id":"https:\/\/wpguerssen-test.odoo.rgbconsulting.com\/es\/#website","url":"https:\/\/wpguerssen-test.odoo.rgbconsulting.com\/es\/","name":"Guerssen records","description":"psychedelia - progressive - folk - garage ","publisher":{"@id":"https:\/\/wpguerssen-test.odoo.rgbconsulting.com\/es\/#organization"},"potentialAction":[{"@type":"SearchAction","target":{"@type":"EntryPoint","urlTemplate":"https:\/\/wpguerssen-test.odoo.rgbconsulting.com\/es\/?s={search_term_string}"},"query-input":{"@type":"PropertyValueSpecification","valueRequired":true,"valueName":"search_term_string"}}],"inLanguage":"es"},{"@type":"Organization","@id":"https:\/\/wpguerssen-test.odoo.rgbconsulting.com\/es\/#organization","name":"Guerssen records","url":"https:\/\/wpguerssen-test.odoo.rgbconsulting.com\/es\/","logo":{"@type":"ImageObject","inLanguage":"es","@id":"https:\/\/wpguerssen-test.odoo.rgbconsulting.com\/es\/#\/schema\/logo\/image\/","url":"https:\/\/wpguerssen-test.odoo.rgbconsulting.com\/wp-content\/uploads\/2022\/04\/Logo_Guerssen_trans_100.png","contentUrl":"https:\/\/wpguerssen-test.odoo.rgbconsulting.com\/wp-content\/uploads\/2022\/04\/Logo_Guerssen_trans_100.png","width":122,"height":100,"caption":"Guerssen records"},"image":{"@id":"https:\/\/wpguerssen-test.odoo.rgbconsulting.com\/es\/#\/schema\/logo\/image\/"}}]}},"_links":{"self":[{"href":"https:\/\/wpguerssen-test.odoo.rgbconsulting.com\/es\/wp-json\/wp\/v2\/product\/177975","targetHints":{"allow":["GET"]}}],"collection":[{"href":"https:\/\/wpguerssen-test.odoo.rgbconsulting.com\/es\/wp-json\/wp\/v2\/product"}],"about":[{"href":"https:\/\/wpguerssen-test.odoo.rgbconsulting.com\/es\/wp-json\/wp\/v2\/types\/product"}],"wp:featuredmedia":[{"embeddable":true,"href":"https:\/\/wpguerssen-test.odoo.rgbconsulting.com\/es\/wp-json\/wp\/v2\/media\/112913"}],"wp:attachment":[{"href":"https:\/\/wpguerssen-test.odoo.rgbconsulting.com\/es\/wp-json\/wp\/v2\/media?parent=177975"}],"wp:term":[{"taxonomy":"product_brand","embeddable":true,"href":"https:\/\/wpguerssen-test.odoo.rgbconsulting.com\/es\/wp-json\/wp\/v2\/product_brand?post=177975"},{"taxonomy":"product_cat","embeddable":true,"href":"https:\/\/wpguerssen-test.odoo.rgbconsulting.com\/es\/wp-json\/wp\/v2\/product_cat?post=177975"},{"taxonomy":"product_tag","embeddable":true,"href":"https:\/\/wpguerssen-test.odoo.rgbconsulting.com\/es\/wp-json\/wp\/v2\/product_tag?post=177975"}],"curies":[{"name":"wp","href":"https:\/\/api.w.org\/{rel}","templated":true}]}}