{"id":178022,"date":"2011-08-29T00:00:00","date_gmt":"2011-08-28T22:00:00","guid":{"rendered":"http:\/\/guerssen.hl1097.dinaserver.com\/product\/kardaslar-apaslar-cd\/"},"modified":"2025-04-25T13:30:35","modified_gmt":"2025-04-25T11:30:35","slug":"kardaslar-apaslar-cd","status":"publish","type":"product","link":"https:\/\/wpguerssen-test.odoo.rgbconsulting.com\/es\/producto\/kardaslar-apaslar-cd\/","title":{"rendered":"Kardaslar &#038; Apaslar (CD)"},"content":{"rendered":"<p>Cem Karaca fue uno de los pioneros (si no EL PIONERO) en mezclar rock occidental con m\u00fasica folk turca, sentando la base de lo que luego se conoci\u00f3 como Anatolian Rock.<br \/>Este es su disco debut en que se inclu\u00edan temas de singles editados entre 1969 y 1975, acompa\u00f1ado por los grupos Kardaslar y Apaslar. Disfruta del sonido Anatolian Rock en toda su gloria! <\/p>\n<p> Incluye booklet con extensas notas y fotos. <\/p>\n<p> Tracklist: L\u00fcm\u00fcne &#8211; Demedimmi &#8211; Kara Sevda &#8211; Tatl\u00fd Dillim &#8211; Niksar &#8211; Kalender &#8211; Oy G\u00fcl\u00fcm Oy &#8211; Dadalo\u00f0lu &#8211; Felek Beni &#8211; Zeyno &#8211; Kara Y\u00fdlan &#8211; Bu Son Olsun<\/p>\n","protected":false},"excerpt":{"rendered":"<p>Cem Karaca fue uno de los pioneros (si no EL PIONERO) en mezclar rock occidental con m\u00fasica folk turca, sentando la base de lo que luego se conoci\u00f3 como Anatolian<a class=\"read\" href=\"https:\/\/wpguerssen-test.odoo.rgbconsulting.com\/es\/producto\/kardaslar-apaslar-cd\/\"> (...)<\/a>","protected":false},"featured_media":113083,"template":"","meta":{"_acf_changed":false},"product_brand":[],"product_cat":[21639],"product_tag":[29138,24190],"class_list":{"0":"post-178022","1":"product","2":"type-product","3":"status-publish","4":"has-post-thumbnail","6":"product_cat-psychedelic60s-70s-es","7":"product_tag-cd-es","8":"product_tag-sales-es","9":"pa_artist-karaca-cem-es","10":"pa_format-cd-2-es","11":"pa_gender-psychedelic60s-70s","12":"pa_label-guerssen-es","13":"pa_location-eastern-es","15":"first","16":"instock","17":"taxable","18":"shipping-taxable","19":"purchasable","20":"product-type-simple"},"acf":[],"yoast_head":"<!-- This site is optimized with the Yoast SEO plugin v24.9 - https:\/\/yoast.com\/wordpress\/plugins\/seo\/ -->\n<title>KARACA, Cem - Kardaslar &amp; Apaslar (CD) -  (CD) | Guerssen<\/title>\n<meta name=\"description\" content=\"Cem Karaca was one of the pioneers (if not THE pioneer) blending Western rock music with traditional Turkish folk, giving birth to the succesful and acclaimed Anatolian Rock. This record is his debut album, actually comprising songs previously released in 45s, backed by the bands Kardaslar and Apaslar between 1969 and 1971. Enjoy Anatolian Rock in its full glory! #nl# Jewelcase CD comes with booklet including extensive liners and photos. #nl# Tracklist: L\u00fcm\u00fcne - Demedimmi - Kara Sevda - Tatl\u00fd Dillim - Niksar - Kalender - Oy G\u00fcl\u00fcm Oy - Dadalo\u00f0lu - Felek Beni - Zeyno - Kara Y\u00fdlan - Bu Son Olsun\" \/>\n<meta name=\"robots\" content=\"index, follow, max-snippet:-1, max-image-preview:large, max-video-preview:-1\" \/>\n<link rel=\"canonical\" href=\"https:\/\/wpguerssen-test.odoo.rgbconsulting.com\/es\/producto\/kardaslar-apaslar-cd\/\" \/>\n<meta property=\"og:locale\" content=\"es_ES\" \/>\n<meta property=\"og:type\" content=\"article\" \/>\n<meta property=\"og:title\" content=\"KARACA, Cem - Kardaslar &amp; Apaslar (CD) -  (CD) | Guerssen\" \/>\n<meta property=\"og:description\" content=\"Cem Karaca was one of the pioneers (if not THE pioneer) blending Western rock music with traditional Turkish folk, giving birth to the succesful and acclaimed Anatolian Rock. This record is his debut album, actually comprising songs previously released in 45s, backed by the bands Kardaslar and Apaslar between 1969 and 1971. Enjoy Anatolian Rock in its full glory! #nl# Jewelcase CD comes with booklet including extensive liners and photos. #nl# Tracklist: L\u00fcm\u00fcne - Demedimmi - Kara Sevda - Tatl\u00fd Dillim - Niksar - Kalender - Oy G\u00fcl\u00fcm Oy - Dadalo\u00f0lu - Felek Beni - Zeyno - Kara Y\u00fdlan - Bu Son Olsun\" \/>\n<meta property=\"og:url\" content=\"https:\/\/wpguerssen-test.odoo.rgbconsulting.com\/es\/producto\/kardaslar-apaslar-cd\/\" \/>\n<meta property=\"og:site_name\" content=\"Guerssen records\" \/>\n<meta property=\"article:modified_time\" content=\"2025-04-25T11:30:35+00:00\" \/>\n<meta name=\"twitter:card\" content=\"summary_large_image\" \/>\n<meta name=\"twitter:title\" content=\"KARACA, Cem - Kardaslar &amp; Apaslar (CD) -  (CD) | Guerssen\" \/>\n<meta name=\"twitter:label1\" content=\"Tiempo de lectura\" \/>\n\t<meta name=\"twitter:data1\" content=\"1 minuto\" \/>\n<script type=\"application\/ld+json\" class=\"yoast-schema-graph\">{\"@context\":\"https:\/\/schema.org\",\"@graph\":[{\"@type\":\"WebPage\",\"@id\":\"https:\/\/wpguerssen-test.odoo.rgbconsulting.com\/es\/producto\/kardaslar-apaslar-cd\/\",\"url\":\"https:\/\/wpguerssen-test.odoo.rgbconsulting.com\/es\/producto\/kardaslar-apaslar-cd\/\",\"name\":\"KARACA, Cem - Kardaslar & Apaslar (CD) - (CD) | Guerssen\",\"isPartOf\":{\"@id\":\"https:\/\/wpguerssen-test.odoo.rgbconsulting.com\/es\/#website\"},\"primaryImageOfPage\":{\"@id\":\"https:\/\/wpguerssen-test.odoo.rgbconsulting.com\/es\/producto\/kardaslar-apaslar-cd\/#primaryimage\"},\"image\":{\"@id\":\"https:\/\/wpguerssen-test.odoo.rgbconsulting.com\/es\/producto\/kardaslar-apaslar-cd\/#primaryimage\"},\"thumbnailUrl\":\"https:\/\/wpguerssen-test.odoo.rgbconsulting.com\/wp-content\/uploads\/2022\/03\/12441.jpg\",\"datePublished\":\"2011-08-28T22:00:00+00:00\",\"dateModified\":\"2025-04-25T11:30:35+00:00\",\"description\":\"Cem Karaca was one of the pioneers (if not THE pioneer) blending Western rock music with traditional Turkish folk, giving birth to the succesful and acclaimed Anatolian Rock. This record is his debut album, actually comprising songs previously released in 45s, backed by the bands Kardaslar and Apaslar between 1969 and 1971. Enjoy Anatolian Rock in its full glory! #nl# Jewelcase CD comes with booklet including extensive liners and photos. #nl# Tracklist: L\u00fcm\u00fcne - Demedimmi - Kara Sevda - Tatl\u00fd Dillim - Niksar - Kalender - Oy G\u00fcl\u00fcm Oy - Dadalo\u00f0lu - Felek Beni - Zeyno - Kara Y\u00fdlan - Bu Son Olsun\",\"breadcrumb\":{\"@id\":\"https:\/\/wpguerssen-test.odoo.rgbconsulting.com\/es\/producto\/kardaslar-apaslar-cd\/#breadcrumb\"},\"inLanguage\":\"es\",\"potentialAction\":[{\"@type\":\"ReadAction\",\"target\":[\"https:\/\/wpguerssen-test.odoo.rgbconsulting.com\/es\/producto\/kardaslar-apaslar-cd\/\"]}]},{\"@type\":\"ImageObject\",\"inLanguage\":\"es\",\"@id\":\"https:\/\/wpguerssen-test.odoo.rgbconsulting.com\/es\/producto\/kardaslar-apaslar-cd\/#primaryimage\",\"url\":\"https:\/\/wpguerssen-test.odoo.rgbconsulting.com\/wp-content\/uploads\/2022\/03\/12441.jpg\",\"contentUrl\":\"https:\/\/wpguerssen-test.odoo.rgbconsulting.com\/wp-content\/uploads\/2022\/03\/12441.jpg\",\"width\":347,\"height\":347,\"caption\":\"Cem - Kardaslar & Apaslar (CD) - GUERSSEN (CD) | Guerssen\"},{\"@type\":\"BreadcrumbList\",\"@id\":\"https:\/\/wpguerssen-test.odoo.rgbconsulting.com\/es\/producto\/kardaslar-apaslar-cd\/#breadcrumb\",\"itemListElement\":[{\"@type\":\"ListItem\",\"position\":1,\"name\":\"Inicio\",\"item\":\"https:\/\/wpguerssen-test.odoo.rgbconsulting.com\/es\/\"},{\"@type\":\"ListItem\",\"position\":2,\"name\":\"Shop\",\"item\":\"https:\/\/wpguerssen-test.odoo.rgbconsulting.com\/shop\/\"},{\"@type\":\"ListItem\",\"position\":3,\"name\":\"Kardaslar &#038; Apaslar (CD)\"}]},{\"@type\":\"WebSite\",\"@id\":\"https:\/\/wpguerssen-test.odoo.rgbconsulting.com\/es\/#website\",\"url\":\"https:\/\/wpguerssen-test.odoo.rgbconsulting.com\/es\/\",\"name\":\"Guerssen records\",\"description\":\"psychedelia - progressive - folk - garage \",\"publisher\":{\"@id\":\"https:\/\/wpguerssen-test.odoo.rgbconsulting.com\/es\/#organization\"},\"potentialAction\":[{\"@type\":\"SearchAction\",\"target\":{\"@type\":\"EntryPoint\",\"urlTemplate\":\"https:\/\/wpguerssen-test.odoo.rgbconsulting.com\/es\/?s={search_term_string}\"},\"query-input\":{\"@type\":\"PropertyValueSpecification\",\"valueRequired\":true,\"valueName\":\"search_term_string\"}}],\"inLanguage\":\"es\"},{\"@type\":\"Organization\",\"@id\":\"https:\/\/wpguerssen-test.odoo.rgbconsulting.com\/es\/#organization\",\"name\":\"Guerssen records\",\"url\":\"https:\/\/wpguerssen-test.odoo.rgbconsulting.com\/es\/\",\"logo\":{\"@type\":\"ImageObject\",\"inLanguage\":\"es\",\"@id\":\"https:\/\/wpguerssen-test.odoo.rgbconsulting.com\/es\/#\/schema\/logo\/image\/\",\"url\":\"https:\/\/wpguerssen-test.odoo.rgbconsulting.com\/wp-content\/uploads\/2022\/04\/Logo_Guerssen_trans_100.png\",\"contentUrl\":\"https:\/\/wpguerssen-test.odoo.rgbconsulting.com\/wp-content\/uploads\/2022\/04\/Logo_Guerssen_trans_100.png\",\"width\":122,\"height\":100,\"caption\":\"Guerssen records\"},\"image\":{\"@id\":\"https:\/\/wpguerssen-test.odoo.rgbconsulting.com\/es\/#\/schema\/logo\/image\/\"}}]}<\/script>\n<!-- \/ Yoast SEO plugin. -->","yoast_head_json":{"title":"KARACA, Cem - Kardaslar & Apaslar (CD) -  (CD) | Guerssen","description":"Cem Karaca was one of the pioneers (if not THE pioneer) blending Western rock music with traditional Turkish folk, giving birth to the succesful and acclaimed Anatolian Rock. This record is his debut album, actually comprising songs previously released in 45s, backed by the bands Kardaslar and Apaslar between 1969 and 1971. Enjoy Anatolian Rock in its full glory! #nl# Jewelcase CD comes with booklet including extensive liners and photos. #nl# Tracklist: L\u00fcm\u00fcne - Demedimmi - Kara Sevda - Tatl\u00fd Dillim - Niksar - Kalender - Oy G\u00fcl\u00fcm Oy - Dadalo\u00f0lu - Felek Beni - Zeyno - Kara Y\u00fdlan - Bu Son Olsun","robots":{"index":"index","follow":"follow","max-snippet":"max-snippet:-1","max-image-preview":"max-image-preview:large","max-video-preview":"max-video-preview:-1"},"canonical":"https:\/\/wpguerssen-test.odoo.rgbconsulting.com\/es\/producto\/kardaslar-apaslar-cd\/","og_locale":"es_ES","og_type":"article","og_title":"KARACA, Cem - Kardaslar & Apaslar (CD) -  (CD) | Guerssen","og_description":"Cem Karaca was one of the pioneers (if not THE pioneer) blending Western rock music with traditional Turkish folk, giving birth to the succesful and acclaimed Anatolian Rock. This record is his debut album, actually comprising songs previously released in 45s, backed by the bands Kardaslar and Apaslar between 1969 and 1971. Enjoy Anatolian Rock in its full glory! #nl# Jewelcase CD comes with booklet including extensive liners and photos. #nl# Tracklist: L\u00fcm\u00fcne - Demedimmi - Kara Sevda - Tatl\u00fd Dillim - Niksar - Kalender - Oy G\u00fcl\u00fcm Oy - Dadalo\u00f0lu - Felek Beni - Zeyno - Kara Y\u00fdlan - Bu Son Olsun","og_url":"https:\/\/wpguerssen-test.odoo.rgbconsulting.com\/es\/producto\/kardaslar-apaslar-cd\/","og_site_name":"Guerssen records","article_modified_time":"2025-04-25T11:30:35+00:00","twitter_card":"summary_large_image","twitter_title":"KARACA, Cem - Kardaslar & Apaslar (CD) -  (CD) | Guerssen","twitter_misc":{"Tiempo de lectura":"1 minuto"},"schema":{"@context":"https:\/\/schema.org","@graph":[{"@type":"WebPage","@id":"https:\/\/wpguerssen-test.odoo.rgbconsulting.com\/es\/producto\/kardaslar-apaslar-cd\/","url":"https:\/\/wpguerssen-test.odoo.rgbconsulting.com\/es\/producto\/kardaslar-apaslar-cd\/","name":"KARACA, Cem - Kardaslar & Apaslar (CD) - (CD) | Guerssen","isPartOf":{"@id":"https:\/\/wpguerssen-test.odoo.rgbconsulting.com\/es\/#website"},"primaryImageOfPage":{"@id":"https:\/\/wpguerssen-test.odoo.rgbconsulting.com\/es\/producto\/kardaslar-apaslar-cd\/#primaryimage"},"image":{"@id":"https:\/\/wpguerssen-test.odoo.rgbconsulting.com\/es\/producto\/kardaslar-apaslar-cd\/#primaryimage"},"thumbnailUrl":"https:\/\/wpguerssen-test.odoo.rgbconsulting.com\/wp-content\/uploads\/2022\/03\/12441.jpg","datePublished":"2011-08-28T22:00:00+00:00","dateModified":"2025-04-25T11:30:35+00:00","description":"Cem Karaca was one of the pioneers (if not THE pioneer) blending Western rock music with traditional Turkish folk, giving birth to the succesful and acclaimed Anatolian Rock. This record is his debut album, actually comprising songs previously released in 45s, backed by the bands Kardaslar and Apaslar between 1969 and 1971. Enjoy Anatolian Rock in its full glory! #nl# Jewelcase CD comes with booklet including extensive liners and photos. #nl# Tracklist: L\u00fcm\u00fcne - Demedimmi - Kara Sevda - Tatl\u00fd Dillim - Niksar - Kalender - Oy G\u00fcl\u00fcm Oy - Dadalo\u00f0lu - Felek Beni - Zeyno - Kara Y\u00fdlan - Bu Son Olsun","breadcrumb":{"@id":"https:\/\/wpguerssen-test.odoo.rgbconsulting.com\/es\/producto\/kardaslar-apaslar-cd\/#breadcrumb"},"inLanguage":"es","potentialAction":[{"@type":"ReadAction","target":["https:\/\/wpguerssen-test.odoo.rgbconsulting.com\/es\/producto\/kardaslar-apaslar-cd\/"]}]},{"@type":"ImageObject","inLanguage":"es","@id":"https:\/\/wpguerssen-test.odoo.rgbconsulting.com\/es\/producto\/kardaslar-apaslar-cd\/#primaryimage","url":"https:\/\/wpguerssen-test.odoo.rgbconsulting.com\/wp-content\/uploads\/2022\/03\/12441.jpg","contentUrl":"https:\/\/wpguerssen-test.odoo.rgbconsulting.com\/wp-content\/uploads\/2022\/03\/12441.jpg","width":347,"height":347,"caption":"Cem - Kardaslar & Apaslar (CD) - GUERSSEN (CD) | Guerssen"},{"@type":"BreadcrumbList","@id":"https:\/\/wpguerssen-test.odoo.rgbconsulting.com\/es\/producto\/kardaslar-apaslar-cd\/#breadcrumb","itemListElement":[{"@type":"ListItem","position":1,"name":"Inicio","item":"https:\/\/wpguerssen-test.odoo.rgbconsulting.com\/es\/"},{"@type":"ListItem","position":2,"name":"Shop","item":"https:\/\/wpguerssen-test.odoo.rgbconsulting.com\/shop\/"},{"@type":"ListItem","position":3,"name":"Kardaslar &#038; Apaslar (CD)"}]},{"@type":"WebSite","@id":"https:\/\/wpguerssen-test.odoo.rgbconsulting.com\/es\/#website","url":"https:\/\/wpguerssen-test.odoo.rgbconsulting.com\/es\/","name":"Guerssen records","description":"psychedelia - progressive - folk - garage ","publisher":{"@id":"https:\/\/wpguerssen-test.odoo.rgbconsulting.com\/es\/#organization"},"potentialAction":[{"@type":"SearchAction","target":{"@type":"EntryPoint","urlTemplate":"https:\/\/wpguerssen-test.odoo.rgbconsulting.com\/es\/?s={search_term_string}"},"query-input":{"@type":"PropertyValueSpecification","valueRequired":true,"valueName":"search_term_string"}}],"inLanguage":"es"},{"@type":"Organization","@id":"https:\/\/wpguerssen-test.odoo.rgbconsulting.com\/es\/#organization","name":"Guerssen records","url":"https:\/\/wpguerssen-test.odoo.rgbconsulting.com\/es\/","logo":{"@type":"ImageObject","inLanguage":"es","@id":"https:\/\/wpguerssen-test.odoo.rgbconsulting.com\/es\/#\/schema\/logo\/image\/","url":"https:\/\/wpguerssen-test.odoo.rgbconsulting.com\/wp-content\/uploads\/2022\/04\/Logo_Guerssen_trans_100.png","contentUrl":"https:\/\/wpguerssen-test.odoo.rgbconsulting.com\/wp-content\/uploads\/2022\/04\/Logo_Guerssen_trans_100.png","width":122,"height":100,"caption":"Guerssen records"},"image":{"@id":"https:\/\/wpguerssen-test.odoo.rgbconsulting.com\/es\/#\/schema\/logo\/image\/"}}]}},"_links":{"self":[{"href":"https:\/\/wpguerssen-test.odoo.rgbconsulting.com\/es\/wp-json\/wp\/v2\/product\/178022","targetHints":{"allow":["GET"]}}],"collection":[{"href":"https:\/\/wpguerssen-test.odoo.rgbconsulting.com\/es\/wp-json\/wp\/v2\/product"}],"about":[{"href":"https:\/\/wpguerssen-test.odoo.rgbconsulting.com\/es\/wp-json\/wp\/v2\/types\/product"}],"wp:featuredmedia":[{"embeddable":true,"href":"https:\/\/wpguerssen-test.odoo.rgbconsulting.com\/es\/wp-json\/wp\/v2\/media\/113083"}],"wp:attachment":[{"href":"https:\/\/wpguerssen-test.odoo.rgbconsulting.com\/es\/wp-json\/wp\/v2\/media?parent=178022"}],"wp:term":[{"taxonomy":"product_brand","embeddable":true,"href":"https:\/\/wpguerssen-test.odoo.rgbconsulting.com\/es\/wp-json\/wp\/v2\/product_brand?post=178022"},{"taxonomy":"product_cat","embeddable":true,"href":"https:\/\/wpguerssen-test.odoo.rgbconsulting.com\/es\/wp-json\/wp\/v2\/product_cat?post=178022"},{"taxonomy":"product_tag","embeddable":true,"href":"https:\/\/wpguerssen-test.odoo.rgbconsulting.com\/es\/wp-json\/wp\/v2\/product_tag?post=178022"}],"curies":[{"name":"wp","href":"https:\/\/api.w.org\/{rel}","templated":true}]}}