{"id":178024,"date":"2011-06-16T00:00:00","date_gmt":"2011-06-15T22:00:00","guid":{"rendered":"http:\/\/guerssen.hl1097.dinaserver.com\/product\/soul-braza-brazilian-60s-70s-soul-psych\/"},"modified":"2024-02-15T17:50:48","modified_gmt":"2024-02-15T16:50:48","slug":"soul-braza-brazilian-60s-70s-soul-psych","status":"publish","type":"product","link":"https:\/\/wpguerssen-test.odoo.rgbconsulting.com\/es\/producto\/soul-braza-brazilian-60s-70s-soul-psych\/","title":{"rendered":"Soul Braza &#8211; Brazilian 60&#8217;s &#038; 70&#8217;s Soul Psych"},"content":{"rendered":"<p>Recopilaci\u00f3n con bailables temas de soul-funk-psicodelia brasile\u00f1os 60s-70s. Al igual que con el rock, los sonidos de James Brown, Otis Redding y Aretha Franklin tuvieron un gran impacto en Brasil. Aqu\u00ed encontrar\u00e1s temazos de funk-fuzz y soul psicod\u00e9lico y ex\u00f3tico. Con: O Incrivel Manito, The Pops, Tony e Frankye, Trio Ternura, Vanusa, Eduardo Araujo&#8230;Portada papersleeve.<\/p>\n","protected":false},"excerpt":{"rendered":"<p>Recopilaci\u00f3n con bailables temas de soul-funk-psicodelia brasile\u00f1os 60s-70s. Al igual que con el rock, los sonidos de James Brown, Otis Redding y Aretha Franklin<a class=\"read\" href=\"https:\/\/wpguerssen-test.odoo.rgbconsulting.com\/es\/producto\/soul-braza-brazilian-60s-70s-soul-psych\/\"> (...)<\/a>","protected":false},"featured_media":113089,"template":"","meta":{"_acf_changed":false},"product_brand":[],"product_cat":[21649,23231],"product_tag":[],"class_list":{"0":"post-178024","1":"product","2":"type-product","3":"status-publish","4":"has-post-thumbnail","6":"product_cat-soul-rnb-es","7":"product_cat-latin-brazilian-es","8":"pa_artist-various-artists-es","9":"pa_format-cd-2-es","10":"pa_gender-latin-brazilian-soul-rnb","11":"pa_location-south-america-caribbean-es","13":"first","14":"instock","15":"taxable","16":"shipping-taxable","17":"purchasable","18":"product-type-simple"},"acf":[],"yoast_head":"<!-- This site is optimized with the Yoast SEO plugin v24.9 - https:\/\/yoast.com\/wordpress\/plugins\/seo\/ -->\n<title>VARIOUS ARTISTS - Soul Braza - Brazilian 60&#039;s &amp; 70&#039;s Soul Psych -  (CD) | Guerssen<\/title>\n<meta name=\"description\" content=\"NOSMOKE RECORDS strikes again, this new compilation gonna make your summer even more hot .As well as rock, soul music by the likes of James Brown, Otis Redding, and Aretha Franklin also had a big impact in the Brazilian music scene of the 60s. #nl# Soul music was introduced in Brazil by singers such as Gerson King Combo, who released in 1969 the record Gerson Combo Brazilian Soul, featuring Brazilian hits like Asa Branca performed with a US-imported beat. Tim Maia, Carlos Daf\u00e9, and Tony Tornado started playing soul hits too and took on the attitude and style of US Black Power, establishing the Black Rio movement. The great muse of that period was Lady Zu from S\u00e3o Paulo. #nl# Traces of the black US rhythm can also be detected in some of the first songs by Jorge Ben Jor (Agora Ningu\u00e9m Mais Chora, Negro \u00c9 Lindo, Que Nega \u00c9 Essa), and, even more so, in others by Wilson Simonal during his Pilantragem phase (such as Mam\u00e3e Passou A\u00e7\u00facar em Mim, Pa\u00eds Tropical, Tributo a Martin Luther King). #nl# Other more obscure bands and artists also had their moment and importance in the history of Brazilian soul.Musicians like O Incrivel Manito, The Pops, fusing soul, samba rock, and psychedelic music, Tony e Frankye, Trio Ternura, and, of course, a few others like Vanusa or Eduardo Araujo, who released some of the best Brazilian music records in the 60s and 70s. #nl# This compilation is a summary of what went on during that dictatorship period when soul music was everywhere, from the favelas to the most fashionable and popular parties in Brazilian cities. #nl# Here you will find some of the best tracks of Brazilian psychedelic soul music, a fusion of fuzz, sweat and dancing...\" \/>\n<meta name=\"robots\" content=\"index, follow, max-snippet:-1, max-image-preview:large, max-video-preview:-1\" \/>\n<link rel=\"canonical\" href=\"https:\/\/wpguerssen-test.odoo.rgbconsulting.com\/es\/producto\/soul-braza-brazilian-60s-70s-soul-psych\/\" \/>\n<meta property=\"og:locale\" content=\"es_ES\" \/>\n<meta property=\"og:type\" content=\"article\" \/>\n<meta property=\"og:title\" content=\"VARIOUS ARTISTS - Soul Braza - Brazilian 60&#039;s &amp; 70&#039;s Soul Psych -  (CD) | Guerssen\" \/>\n<meta property=\"og:description\" content=\"NOSMOKE RECORDS strikes again, this new compilation gonna make your summer even more hot .As well as rock, soul music by the likes of James Brown, Otis Redding, and Aretha Franklin also had a big impact in the Brazilian music scene of the 60s. #nl# Soul music was introduced in Brazil by singers such as Gerson King Combo, who released in 1969 the record Gerson Combo Brazilian Soul, featuring Brazilian hits like Asa Branca performed with a US-imported beat. Tim Maia, Carlos Daf\u00e9, and Tony Tornado started playing soul hits too and took on the attitude and style of US Black Power, establishing the Black Rio movement. The great muse of that period was Lady Zu from S\u00e3o Paulo. #nl# Traces of the black US rhythm can also be detected in some of the first songs by Jorge Ben Jor (Agora Ningu\u00e9m Mais Chora, Negro \u00c9 Lindo, Que Nega \u00c9 Essa), and, even more so, in others by Wilson Simonal during his Pilantragem phase (such as Mam\u00e3e Passou A\u00e7\u00facar em Mim, Pa\u00eds Tropical, Tributo a Martin Luther King). #nl# Other more obscure bands and artists also had their moment and importance in the history of Brazilian soul.Musicians like O Incrivel Manito, The Pops, fusing soul, samba rock, and psychedelic music, Tony e Frankye, Trio Ternura, and, of course, a few others like Vanusa or Eduardo Araujo, who released some of the best Brazilian music records in the 60s and 70s. #nl# This compilation is a summary of what went on during that dictatorship period when soul music was everywhere, from the favelas to the most fashionable and popular parties in Brazilian cities. #nl# Here you will find some of the best tracks of Brazilian psychedelic soul music, a fusion of fuzz, sweat and dancing...\" \/>\n<meta property=\"og:url\" content=\"https:\/\/wpguerssen-test.odoo.rgbconsulting.com\/es\/producto\/soul-braza-brazilian-60s-70s-soul-psych\/\" \/>\n<meta property=\"og:site_name\" content=\"Guerssen records\" \/>\n<meta property=\"article:modified_time\" content=\"2024-02-15T16:50:48+00:00\" \/>\n<meta property=\"og:image\" content=\"https:\/\/wpguerssen-test.odoo.rgbconsulting.com\/wp-content\/uploads\/2022\/03\/12454.jpg\" \/>\n\t<meta property=\"og:image:width\" content=\"180\" \/>\n\t<meta property=\"og:image:height\" content=\"180\" \/>\n\t<meta property=\"og:image:type\" content=\"image\/jpeg\" \/>\n<meta name=\"twitter:card\" content=\"summary_large_image\" \/>\n<meta name=\"twitter:title\" content=\"VARIOUS ARTISTS - Soul Braza - Brazilian 60&#039;s &amp; 70&#039;s Soul Psych -  (CD) | Guerssen\" \/>\n<script type=\"application\/ld+json\" class=\"yoast-schema-graph\">{\"@context\":\"https:\/\/schema.org\",\"@graph\":[{\"@type\":\"WebPage\",\"@id\":\"https:\/\/wpguerssen-test.odoo.rgbconsulting.com\/es\/producto\/soul-braza-brazilian-60s-70s-soul-psych\/\",\"url\":\"https:\/\/wpguerssen-test.odoo.rgbconsulting.com\/es\/producto\/soul-braza-brazilian-60s-70s-soul-psych\/\",\"name\":\"VARIOUS ARTISTS - Soul Braza - Brazilian 60's & 70's Soul Psych - (CD) | Guerssen\",\"isPartOf\":{\"@id\":\"https:\/\/wpguerssen-test.odoo.rgbconsulting.com\/es\/#website\"},\"primaryImageOfPage\":{\"@id\":\"https:\/\/wpguerssen-test.odoo.rgbconsulting.com\/es\/producto\/soul-braza-brazilian-60s-70s-soul-psych\/#primaryimage\"},\"image\":{\"@id\":\"https:\/\/wpguerssen-test.odoo.rgbconsulting.com\/es\/producto\/soul-braza-brazilian-60s-70s-soul-psych\/#primaryimage\"},\"thumbnailUrl\":\"https:\/\/wpguerssen-test.odoo.rgbconsulting.com\/wp-content\/uploads\/2022\/03\/12454.jpg\",\"datePublished\":\"2011-06-15T22:00:00+00:00\",\"dateModified\":\"2024-02-15T16:50:48+00:00\",\"description\":\"NOSMOKE RECORDS strikes again, this new compilation gonna make your summer even more hot .As well as rock, soul music by the likes of James Brown, Otis Redding, and Aretha Franklin also had a big impact in the Brazilian music scene of the 60s. #nl# Soul music was introduced in Brazil by singers such as Gerson King Combo, who released in 1969 the record Gerson Combo Brazilian Soul, featuring Brazilian hits like Asa Branca performed with a US-imported beat. Tim Maia, Carlos Daf\u00e9, and Tony Tornado started playing soul hits too and took on the attitude and style of US Black Power, establishing the Black Rio movement. The great muse of that period was Lady Zu from S\u00e3o Paulo. #nl# Traces of the black US rhythm can also be detected in some of the first songs by Jorge Ben Jor (Agora Ningu\u00e9m Mais Chora, Negro \u00c9 Lindo, Que Nega \u00c9 Essa), and, even more so, in others by Wilson Simonal during his Pilantragem phase (such as Mam\u00e3e Passou A\u00e7\u00facar em Mim, Pa\u00eds Tropical, Tributo a Martin Luther King). #nl# Other more obscure bands and artists also had their moment and importance in the history of Brazilian soul.Musicians like O Incrivel Manito, The Pops, fusing soul, samba rock, and psychedelic music, Tony e Frankye, Trio Ternura, and, of course, a few others like Vanusa or Eduardo Araujo, who released some of the best Brazilian music records in the 60s and 70s. #nl# This compilation is a summary of what went on during that dictatorship period when soul music was everywhere, from the favelas to the most fashionable and popular parties in Brazilian cities. #nl# Here you will find some of the best tracks of Brazilian psychedelic soul music, a fusion of fuzz, sweat and dancing...\",\"breadcrumb\":{\"@id\":\"https:\/\/wpguerssen-test.odoo.rgbconsulting.com\/es\/producto\/soul-braza-brazilian-60s-70s-soul-psych\/#breadcrumb\"},\"inLanguage\":\"es\",\"potentialAction\":[{\"@type\":\"ReadAction\",\"target\":[\"https:\/\/wpguerssen-test.odoo.rgbconsulting.com\/es\/producto\/soul-braza-brazilian-60s-70s-soul-psych\/\"]}]},{\"@type\":\"ImageObject\",\"inLanguage\":\"es\",\"@id\":\"https:\/\/wpguerssen-test.odoo.rgbconsulting.com\/es\/producto\/soul-braza-brazilian-60s-70s-soul-psych\/#primaryimage\",\"url\":\"https:\/\/wpguerssen-test.odoo.rgbconsulting.com\/wp-content\/uploads\/2022\/03\/12454.jpg\",\"contentUrl\":\"https:\/\/wpguerssen-test.odoo.rgbconsulting.com\/wp-content\/uploads\/2022\/03\/12454.jpg\",\"width\":180,\"height\":180,\"caption\":\"VARIOUS ARTISTS - Soul Braza - Brazilian 60's & 70's Soul Psych - NOSMOKERECORDS (CD) | Guerssen\"},{\"@type\":\"BreadcrumbList\",\"@id\":\"https:\/\/wpguerssen-test.odoo.rgbconsulting.com\/es\/producto\/soul-braza-brazilian-60s-70s-soul-psych\/#breadcrumb\",\"itemListElement\":[{\"@type\":\"ListItem\",\"position\":1,\"name\":\"Inicio\",\"item\":\"https:\/\/wpguerssen-test.odoo.rgbconsulting.com\/es\/\"},{\"@type\":\"ListItem\",\"position\":2,\"name\":\"Shop\",\"item\":\"https:\/\/wpguerssen-test.odoo.rgbconsulting.com\/shop\/\"},{\"@type\":\"ListItem\",\"position\":3,\"name\":\"Soul Braza &#8211; Brazilian 60&#8217;s &#038; 70&#8217;s Soul Psych\"}]},{\"@type\":\"WebSite\",\"@id\":\"https:\/\/wpguerssen-test.odoo.rgbconsulting.com\/es\/#website\",\"url\":\"https:\/\/wpguerssen-test.odoo.rgbconsulting.com\/es\/\",\"name\":\"Guerssen records\",\"description\":\"psychedelia - progressive - folk - garage \",\"publisher\":{\"@id\":\"https:\/\/wpguerssen-test.odoo.rgbconsulting.com\/es\/#organization\"},\"potentialAction\":[{\"@type\":\"SearchAction\",\"target\":{\"@type\":\"EntryPoint\",\"urlTemplate\":\"https:\/\/wpguerssen-test.odoo.rgbconsulting.com\/es\/?s={search_term_string}\"},\"query-input\":{\"@type\":\"PropertyValueSpecification\",\"valueRequired\":true,\"valueName\":\"search_term_string\"}}],\"inLanguage\":\"es\"},{\"@type\":\"Organization\",\"@id\":\"https:\/\/wpguerssen-test.odoo.rgbconsulting.com\/es\/#organization\",\"name\":\"Guerssen records\",\"url\":\"https:\/\/wpguerssen-test.odoo.rgbconsulting.com\/es\/\",\"logo\":{\"@type\":\"ImageObject\",\"inLanguage\":\"es\",\"@id\":\"https:\/\/wpguerssen-test.odoo.rgbconsulting.com\/es\/#\/schema\/logo\/image\/\",\"url\":\"https:\/\/wpguerssen-test.odoo.rgbconsulting.com\/wp-content\/uploads\/2022\/04\/Logo_Guerssen_trans_100.png\",\"contentUrl\":\"https:\/\/wpguerssen-test.odoo.rgbconsulting.com\/wp-content\/uploads\/2022\/04\/Logo_Guerssen_trans_100.png\",\"width\":122,\"height\":100,\"caption\":\"Guerssen records\"},\"image\":{\"@id\":\"https:\/\/wpguerssen-test.odoo.rgbconsulting.com\/es\/#\/schema\/logo\/image\/\"}}]}<\/script>\n<!-- \/ Yoast SEO plugin. -->","yoast_head_json":{"title":"VARIOUS ARTISTS - Soul Braza - Brazilian 60's & 70's Soul Psych -  (CD) | Guerssen","description":"NOSMOKE RECORDS strikes again, this new compilation gonna make your summer even more hot .As well as rock, soul music by the likes of James Brown, Otis Redding, and Aretha Franklin also had a big impact in the Brazilian music scene of the 60s. #nl# Soul music was introduced in Brazil by singers such as Gerson King Combo, who released in 1969 the record Gerson Combo Brazilian Soul, featuring Brazilian hits like Asa Branca performed with a US-imported beat. Tim Maia, Carlos Daf\u00e9, and Tony Tornado started playing soul hits too and took on the attitude and style of US Black Power, establishing the Black Rio movement. The great muse of that period was Lady Zu from S\u00e3o Paulo. #nl# Traces of the black US rhythm can also be detected in some of the first songs by Jorge Ben Jor (Agora Ningu\u00e9m Mais Chora, Negro \u00c9 Lindo, Que Nega \u00c9 Essa), and, even more so, in others by Wilson Simonal during his Pilantragem phase (such as Mam\u00e3e Passou A\u00e7\u00facar em Mim, Pa\u00eds Tropical, Tributo a Martin Luther King). #nl# Other more obscure bands and artists also had their moment and importance in the history of Brazilian soul.Musicians like O Incrivel Manito, The Pops, fusing soul, samba rock, and psychedelic music, Tony e Frankye, Trio Ternura, and, of course, a few others like Vanusa or Eduardo Araujo, who released some of the best Brazilian music records in the 60s and 70s. #nl# This compilation is a summary of what went on during that dictatorship period when soul music was everywhere, from the favelas to the most fashionable and popular parties in Brazilian cities. #nl# Here you will find some of the best tracks of Brazilian psychedelic soul music, a fusion of fuzz, sweat and dancing...","robots":{"index":"index","follow":"follow","max-snippet":"max-snippet:-1","max-image-preview":"max-image-preview:large","max-video-preview":"max-video-preview:-1"},"canonical":"https:\/\/wpguerssen-test.odoo.rgbconsulting.com\/es\/producto\/soul-braza-brazilian-60s-70s-soul-psych\/","og_locale":"es_ES","og_type":"article","og_title":"VARIOUS ARTISTS - Soul Braza - Brazilian 60's & 70's Soul Psych -  (CD) | Guerssen","og_description":"NOSMOKE RECORDS strikes again, this new compilation gonna make your summer even more hot .As well as rock, soul music by the likes of James Brown, Otis Redding, and Aretha Franklin also had a big impact in the Brazilian music scene of the 60s. #nl# Soul music was introduced in Brazil by singers such as Gerson King Combo, who released in 1969 the record Gerson Combo Brazilian Soul, featuring Brazilian hits like Asa Branca performed with a US-imported beat. Tim Maia, Carlos Daf\u00e9, and Tony Tornado started playing soul hits too and took on the attitude and style of US Black Power, establishing the Black Rio movement. The great muse of that period was Lady Zu from S\u00e3o Paulo. #nl# Traces of the black US rhythm can also be detected in some of the first songs by Jorge Ben Jor (Agora Ningu\u00e9m Mais Chora, Negro \u00c9 Lindo, Que Nega \u00c9 Essa), and, even more so, in others by Wilson Simonal during his Pilantragem phase (such as Mam\u00e3e Passou A\u00e7\u00facar em Mim, Pa\u00eds Tropical, Tributo a Martin Luther King). #nl# Other more obscure bands and artists also had their moment and importance in the history of Brazilian soul.Musicians like O Incrivel Manito, The Pops, fusing soul, samba rock, and psychedelic music, Tony e Frankye, Trio Ternura, and, of course, a few others like Vanusa or Eduardo Araujo, who released some of the best Brazilian music records in the 60s and 70s. #nl# This compilation is a summary of what went on during that dictatorship period when soul music was everywhere, from the favelas to the most fashionable and popular parties in Brazilian cities. #nl# Here you will find some of the best tracks of Brazilian psychedelic soul music, a fusion of fuzz, sweat and dancing...","og_url":"https:\/\/wpguerssen-test.odoo.rgbconsulting.com\/es\/producto\/soul-braza-brazilian-60s-70s-soul-psych\/","og_site_name":"Guerssen records","article_modified_time":"2024-02-15T16:50:48+00:00","og_image":[{"width":180,"height":180,"url":"https:\/\/wpguerssen-test.odoo.rgbconsulting.com\/wp-content\/uploads\/2022\/03\/12454.jpg","type":"image\/jpeg"}],"twitter_card":"summary_large_image","twitter_title":"VARIOUS ARTISTS - Soul Braza - Brazilian 60's & 70's Soul Psych -  (CD) | Guerssen","schema":{"@context":"https:\/\/schema.org","@graph":[{"@type":"WebPage","@id":"https:\/\/wpguerssen-test.odoo.rgbconsulting.com\/es\/producto\/soul-braza-brazilian-60s-70s-soul-psych\/","url":"https:\/\/wpguerssen-test.odoo.rgbconsulting.com\/es\/producto\/soul-braza-brazilian-60s-70s-soul-psych\/","name":"VARIOUS ARTISTS - Soul Braza - Brazilian 60's & 70's Soul Psych - (CD) | Guerssen","isPartOf":{"@id":"https:\/\/wpguerssen-test.odoo.rgbconsulting.com\/es\/#website"},"primaryImageOfPage":{"@id":"https:\/\/wpguerssen-test.odoo.rgbconsulting.com\/es\/producto\/soul-braza-brazilian-60s-70s-soul-psych\/#primaryimage"},"image":{"@id":"https:\/\/wpguerssen-test.odoo.rgbconsulting.com\/es\/producto\/soul-braza-brazilian-60s-70s-soul-psych\/#primaryimage"},"thumbnailUrl":"https:\/\/wpguerssen-test.odoo.rgbconsulting.com\/wp-content\/uploads\/2022\/03\/12454.jpg","datePublished":"2011-06-15T22:00:00+00:00","dateModified":"2024-02-15T16:50:48+00:00","description":"NOSMOKE RECORDS strikes again, this new compilation gonna make your summer even more hot .As well as rock, soul music by the likes of James Brown, Otis Redding, and Aretha Franklin also had a big impact in the Brazilian music scene of the 60s. #nl# Soul music was introduced in Brazil by singers such as Gerson King Combo, who released in 1969 the record Gerson Combo Brazilian Soul, featuring Brazilian hits like Asa Branca performed with a US-imported beat. Tim Maia, Carlos Daf\u00e9, and Tony Tornado started playing soul hits too and took on the attitude and style of US Black Power, establishing the Black Rio movement. The great muse of that period was Lady Zu from S\u00e3o Paulo. #nl# Traces of the black US rhythm can also be detected in some of the first songs by Jorge Ben Jor (Agora Ningu\u00e9m Mais Chora, Negro \u00c9 Lindo, Que Nega \u00c9 Essa), and, even more so, in others by Wilson Simonal during his Pilantragem phase (such as Mam\u00e3e Passou A\u00e7\u00facar em Mim, Pa\u00eds Tropical, Tributo a Martin Luther King). #nl# Other more obscure bands and artists also had their moment and importance in the history of Brazilian soul.Musicians like O Incrivel Manito, The Pops, fusing soul, samba rock, and psychedelic music, Tony e Frankye, Trio Ternura, and, of course, a few others like Vanusa or Eduardo Araujo, who released some of the best Brazilian music records in the 60s and 70s. #nl# This compilation is a summary of what went on during that dictatorship period when soul music was everywhere, from the favelas to the most fashionable and popular parties in Brazilian cities. #nl# Here you will find some of the best tracks of Brazilian psychedelic soul music, a fusion of fuzz, sweat and dancing...","breadcrumb":{"@id":"https:\/\/wpguerssen-test.odoo.rgbconsulting.com\/es\/producto\/soul-braza-brazilian-60s-70s-soul-psych\/#breadcrumb"},"inLanguage":"es","potentialAction":[{"@type":"ReadAction","target":["https:\/\/wpguerssen-test.odoo.rgbconsulting.com\/es\/producto\/soul-braza-brazilian-60s-70s-soul-psych\/"]}]},{"@type":"ImageObject","inLanguage":"es","@id":"https:\/\/wpguerssen-test.odoo.rgbconsulting.com\/es\/producto\/soul-braza-brazilian-60s-70s-soul-psych\/#primaryimage","url":"https:\/\/wpguerssen-test.odoo.rgbconsulting.com\/wp-content\/uploads\/2022\/03\/12454.jpg","contentUrl":"https:\/\/wpguerssen-test.odoo.rgbconsulting.com\/wp-content\/uploads\/2022\/03\/12454.jpg","width":180,"height":180,"caption":"VARIOUS ARTISTS - Soul Braza - Brazilian 60's & 70's Soul Psych - NOSMOKERECORDS (CD) | Guerssen"},{"@type":"BreadcrumbList","@id":"https:\/\/wpguerssen-test.odoo.rgbconsulting.com\/es\/producto\/soul-braza-brazilian-60s-70s-soul-psych\/#breadcrumb","itemListElement":[{"@type":"ListItem","position":1,"name":"Inicio","item":"https:\/\/wpguerssen-test.odoo.rgbconsulting.com\/es\/"},{"@type":"ListItem","position":2,"name":"Shop","item":"https:\/\/wpguerssen-test.odoo.rgbconsulting.com\/shop\/"},{"@type":"ListItem","position":3,"name":"Soul Braza &#8211; Brazilian 60&#8217;s &#038; 70&#8217;s Soul Psych"}]},{"@type":"WebSite","@id":"https:\/\/wpguerssen-test.odoo.rgbconsulting.com\/es\/#website","url":"https:\/\/wpguerssen-test.odoo.rgbconsulting.com\/es\/","name":"Guerssen records","description":"psychedelia - progressive - folk - garage ","publisher":{"@id":"https:\/\/wpguerssen-test.odoo.rgbconsulting.com\/es\/#organization"},"potentialAction":[{"@type":"SearchAction","target":{"@type":"EntryPoint","urlTemplate":"https:\/\/wpguerssen-test.odoo.rgbconsulting.com\/es\/?s={search_term_string}"},"query-input":{"@type":"PropertyValueSpecification","valueRequired":true,"valueName":"search_term_string"}}],"inLanguage":"es"},{"@type":"Organization","@id":"https:\/\/wpguerssen-test.odoo.rgbconsulting.com\/es\/#organization","name":"Guerssen records","url":"https:\/\/wpguerssen-test.odoo.rgbconsulting.com\/es\/","logo":{"@type":"ImageObject","inLanguage":"es","@id":"https:\/\/wpguerssen-test.odoo.rgbconsulting.com\/es\/#\/schema\/logo\/image\/","url":"https:\/\/wpguerssen-test.odoo.rgbconsulting.com\/wp-content\/uploads\/2022\/04\/Logo_Guerssen_trans_100.png","contentUrl":"https:\/\/wpguerssen-test.odoo.rgbconsulting.com\/wp-content\/uploads\/2022\/04\/Logo_Guerssen_trans_100.png","width":122,"height":100,"caption":"Guerssen records"},"image":{"@id":"https:\/\/wpguerssen-test.odoo.rgbconsulting.com\/es\/#\/schema\/logo\/image\/"}}]}},"_links":{"self":[{"href":"https:\/\/wpguerssen-test.odoo.rgbconsulting.com\/es\/wp-json\/wp\/v2\/product\/178024","targetHints":{"allow":["GET"]}}],"collection":[{"href":"https:\/\/wpguerssen-test.odoo.rgbconsulting.com\/es\/wp-json\/wp\/v2\/product"}],"about":[{"href":"https:\/\/wpguerssen-test.odoo.rgbconsulting.com\/es\/wp-json\/wp\/v2\/types\/product"}],"wp:featuredmedia":[{"embeddable":true,"href":"https:\/\/wpguerssen-test.odoo.rgbconsulting.com\/es\/wp-json\/wp\/v2\/media\/113089"}],"wp:attachment":[{"href":"https:\/\/wpguerssen-test.odoo.rgbconsulting.com\/es\/wp-json\/wp\/v2\/media?parent=178024"}],"wp:term":[{"taxonomy":"product_brand","embeddable":true,"href":"https:\/\/wpguerssen-test.odoo.rgbconsulting.com\/es\/wp-json\/wp\/v2\/product_brand?post=178024"},{"taxonomy":"product_cat","embeddable":true,"href":"https:\/\/wpguerssen-test.odoo.rgbconsulting.com\/es\/wp-json\/wp\/v2\/product_cat?post=178024"},{"taxonomy":"product_tag","embeddable":true,"href":"https:\/\/wpguerssen-test.odoo.rgbconsulting.com\/es\/wp-json\/wp\/v2\/product_tag?post=178024"}],"curies":[{"name":"wp","href":"https:\/\/api.w.org\/{rel}","templated":true}]}}