{"id":178027,"date":"2011-09-01T00:00:00","date_gmt":"2011-08-31T22:00:00","guid":{"rendered":"http:\/\/guerssen.hl1097.dinaserver.com\/product\/finding-peace-of-mind\/"},"modified":"2024-02-15T17:51:04","modified_gmt":"2024-02-15T16:51:04","slug":"finding-peace-of-mind","status":"publish","type":"product","link":"https:\/\/wpguerssen-test.odoo.rgbconsulting.com\/es\/producto\/finding-peace-of-mind\/","title":{"rendered":"Finding peace of mind"},"content":{"rendered":"<p>Por primera vez en LP, el \u00e1lbum americano de 1972. Suave psicodelia con toques folk y \u00e1cidas guitarras fuzz junto con jangles ala Byrds. Edici\u00f3n limitada, portada abierta, insert, vinilo de 180 gr.<\/p>\n","protected":false},"excerpt":{"rendered":"<p>Por primera vez en LP, el \u00e1lbum americano de 1972. Suave psicodelia con toques folk y \u00e1cidas guitarras fuzz junto con jangles ala Byrds. Edici\u00f3n limitada, portada<a class=\"read\" href=\"https:\/\/wpguerssen-test.odoo.rgbconsulting.com\/es\/producto\/finding-peace-of-mind\/\"> (...)<\/a>","protected":false},"featured_media":113098,"template":"","meta":{"_acf_changed":false},"product_brand":[],"product_cat":[21639],"product_tag":[],"class_list":{"0":"post-178027","1":"product","2":"type-product","3":"status-publish","4":"has-post-thumbnail","6":"product_cat-psychedelic60s-70s-es","7":"pa_artist-peace-joe-es","8":"pa_format-lp-es","9":"pa_gender-psychedelic60s-70s","10":"pa_label-world-in-sound-es-2","11":"pa_location-north-america-es","12":"pa_other-filters-vinyl-only-es","14":"first","15":"instock","16":"taxable","17":"shipping-taxable","18":"purchasable","19":"product-type-simple"},"acf":[],"yoast_head":"<!-- This site is optimized with the Yoast SEO plugin v24.9 - https:\/\/yoast.com\/wordpress\/plugins\/seo\/ -->\n<title>PEACE, Joe - Finding peace of mind -  (LP) | Guerssen<\/title>\n<meta name=\"description\" content=\"Joe Peace is a Singer \/ Songwriter who recorded and released his only album privately in OHIO in 1972, after being a long time on road. Original albums nowadays became very rare and have in the meantime reached cult status among collectors. #nl# Inspired by Johnny Rivers, Buffalo Springfield but also by his reflections he made on road, he created ten catchy original songs. The musical spectrum ranges from westcoast, loner-folk to heavy psychedelic garage rock with an intense groove, deep and energetic vocals backed by stunning fuzz guitars. #nl# Truly an atmospheric album, first time available as vinyl-reissue! (ltd. Edition, heavy\/handmade gatefold cover, insert, 180 g vinyl)\" \/>\n<meta name=\"robots\" content=\"index, follow, max-snippet:-1, max-image-preview:large, max-video-preview:-1\" \/>\n<link rel=\"canonical\" href=\"https:\/\/wpguerssen-test.odoo.rgbconsulting.com\/es\/producto\/finding-peace-of-mind\/\" \/>\n<meta property=\"og:locale\" content=\"es_ES\" \/>\n<meta property=\"og:type\" content=\"article\" \/>\n<meta property=\"og:title\" content=\"PEACE, Joe - Finding peace of mind -  (LP) | Guerssen\" \/>\n<meta property=\"og:description\" content=\"Joe Peace is a Singer \/ Songwriter who recorded and released his only album privately in OHIO in 1972, after being a long time on road. Original albums nowadays became very rare and have in the meantime reached cult status among collectors. #nl# Inspired by Johnny Rivers, Buffalo Springfield but also by his reflections he made on road, he created ten catchy original songs. The musical spectrum ranges from westcoast, loner-folk to heavy psychedelic garage rock with an intense groove, deep and energetic vocals backed by stunning fuzz guitars. #nl# Truly an atmospheric album, first time available as vinyl-reissue! (ltd. Edition, heavy\/handmade gatefold cover, insert, 180 g vinyl)\" \/>\n<meta property=\"og:url\" content=\"https:\/\/wpguerssen-test.odoo.rgbconsulting.com\/es\/producto\/finding-peace-of-mind\/\" \/>\n<meta property=\"og:site_name\" content=\"Guerssen records\" \/>\n<meta property=\"article:modified_time\" content=\"2024-02-15T16:51:04+00:00\" \/>\n<meta property=\"og:image\" content=\"https:\/\/wpguerssen-test.odoo.rgbconsulting.com\/wp-content\/uploads\/2022\/03\/12479.jpg\" \/>\n\t<meta property=\"og:image:width\" content=\"180\" \/>\n\t<meta property=\"og:image:height\" content=\"180\" \/>\n\t<meta property=\"og:image:type\" content=\"image\/jpeg\" \/>\n<meta name=\"twitter:card\" content=\"summary_large_image\" \/>\n<meta name=\"twitter:title\" content=\"PEACE, Joe - Finding peace of mind -  (LP) | Guerssen\" \/>\n<script type=\"application\/ld+json\" class=\"yoast-schema-graph\">{\"@context\":\"https:\/\/schema.org\",\"@graph\":[{\"@type\":\"WebPage\",\"@id\":\"https:\/\/wpguerssen-test.odoo.rgbconsulting.com\/es\/producto\/finding-peace-of-mind\/\",\"url\":\"https:\/\/wpguerssen-test.odoo.rgbconsulting.com\/es\/producto\/finding-peace-of-mind\/\",\"name\":\"PEACE, Joe - Finding peace of mind - (LP) | Guerssen\",\"isPartOf\":{\"@id\":\"https:\/\/wpguerssen-test.odoo.rgbconsulting.com\/es\/#website\"},\"primaryImageOfPage\":{\"@id\":\"https:\/\/wpguerssen-test.odoo.rgbconsulting.com\/es\/producto\/finding-peace-of-mind\/#primaryimage\"},\"image\":{\"@id\":\"https:\/\/wpguerssen-test.odoo.rgbconsulting.com\/es\/producto\/finding-peace-of-mind\/#primaryimage\"},\"thumbnailUrl\":\"https:\/\/wpguerssen-test.odoo.rgbconsulting.com\/wp-content\/uploads\/2022\/03\/12479.jpg\",\"datePublished\":\"2011-08-31T22:00:00+00:00\",\"dateModified\":\"2024-02-15T16:51:04+00:00\",\"description\":\"Joe Peace is a Singer \/ Songwriter who recorded and released his only album privately in OHIO in 1972, after being a long time on road. Original albums nowadays became very rare and have in the meantime reached cult status among collectors. #nl# Inspired by Johnny Rivers, Buffalo Springfield but also by his reflections he made on road, he created ten catchy original songs. The musical spectrum ranges from westcoast, loner-folk to heavy psychedelic garage rock with an intense groove, deep and energetic vocals backed by stunning fuzz guitars. #nl# Truly an atmospheric album, first time available as vinyl-reissue! (ltd. Edition, heavy\/handmade gatefold cover, insert, 180 g vinyl)\",\"breadcrumb\":{\"@id\":\"https:\/\/wpguerssen-test.odoo.rgbconsulting.com\/es\/producto\/finding-peace-of-mind\/#breadcrumb\"},\"inLanguage\":\"es\",\"potentialAction\":[{\"@type\":\"ReadAction\",\"target\":[\"https:\/\/wpguerssen-test.odoo.rgbconsulting.com\/es\/producto\/finding-peace-of-mind\/\"]}]},{\"@type\":\"ImageObject\",\"inLanguage\":\"es\",\"@id\":\"https:\/\/wpguerssen-test.odoo.rgbconsulting.com\/es\/producto\/finding-peace-of-mind\/#primaryimage\",\"url\":\"https:\/\/wpguerssen-test.odoo.rgbconsulting.com\/wp-content\/uploads\/2022\/03\/12479.jpg\",\"contentUrl\":\"https:\/\/wpguerssen-test.odoo.rgbconsulting.com\/wp-content\/uploads\/2022\/03\/12479.jpg\",\"width\":180,\"height\":180,\"caption\":\"Joe - Finding peace of mind - WORLD IN SOUND (LP) | Guerssen\"},{\"@type\":\"BreadcrumbList\",\"@id\":\"https:\/\/wpguerssen-test.odoo.rgbconsulting.com\/es\/producto\/finding-peace-of-mind\/#breadcrumb\",\"itemListElement\":[{\"@type\":\"ListItem\",\"position\":1,\"name\":\"Inicio\",\"item\":\"https:\/\/wpguerssen-test.odoo.rgbconsulting.com\/es\/\"},{\"@type\":\"ListItem\",\"position\":2,\"name\":\"Shop\",\"item\":\"https:\/\/wpguerssen-test.odoo.rgbconsulting.com\/shop\/\"},{\"@type\":\"ListItem\",\"position\":3,\"name\":\"Finding peace of mind\"}]},{\"@type\":\"WebSite\",\"@id\":\"https:\/\/wpguerssen-test.odoo.rgbconsulting.com\/es\/#website\",\"url\":\"https:\/\/wpguerssen-test.odoo.rgbconsulting.com\/es\/\",\"name\":\"Guerssen records\",\"description\":\"psychedelia - progressive - folk - garage \",\"publisher\":{\"@id\":\"https:\/\/wpguerssen-test.odoo.rgbconsulting.com\/es\/#organization\"},\"potentialAction\":[{\"@type\":\"SearchAction\",\"target\":{\"@type\":\"EntryPoint\",\"urlTemplate\":\"https:\/\/wpguerssen-test.odoo.rgbconsulting.com\/es\/?s={search_term_string}\"},\"query-input\":{\"@type\":\"PropertyValueSpecification\",\"valueRequired\":true,\"valueName\":\"search_term_string\"}}],\"inLanguage\":\"es\"},{\"@type\":\"Organization\",\"@id\":\"https:\/\/wpguerssen-test.odoo.rgbconsulting.com\/es\/#organization\",\"name\":\"Guerssen records\",\"url\":\"https:\/\/wpguerssen-test.odoo.rgbconsulting.com\/es\/\",\"logo\":{\"@type\":\"ImageObject\",\"inLanguage\":\"es\",\"@id\":\"https:\/\/wpguerssen-test.odoo.rgbconsulting.com\/es\/#\/schema\/logo\/image\/\",\"url\":\"https:\/\/wpguerssen-test.odoo.rgbconsulting.com\/wp-content\/uploads\/2022\/04\/Logo_Guerssen_trans_100.png\",\"contentUrl\":\"https:\/\/wpguerssen-test.odoo.rgbconsulting.com\/wp-content\/uploads\/2022\/04\/Logo_Guerssen_trans_100.png\",\"width\":122,\"height\":100,\"caption\":\"Guerssen records\"},\"image\":{\"@id\":\"https:\/\/wpguerssen-test.odoo.rgbconsulting.com\/es\/#\/schema\/logo\/image\/\"}}]}<\/script>\n<!-- \/ Yoast SEO plugin. -->","yoast_head_json":{"title":"PEACE, Joe - Finding peace of mind -  (LP) | Guerssen","description":"Joe Peace is a Singer \/ Songwriter who recorded and released his only album privately in OHIO in 1972, after being a long time on road. Original albums nowadays became very rare and have in the meantime reached cult status among collectors. #nl# Inspired by Johnny Rivers, Buffalo Springfield but also by his reflections he made on road, he created ten catchy original songs. The musical spectrum ranges from westcoast, loner-folk to heavy psychedelic garage rock with an intense groove, deep and energetic vocals backed by stunning fuzz guitars. #nl# Truly an atmospheric album, first time available as vinyl-reissue! (ltd. Edition, heavy\/handmade gatefold cover, insert, 180 g vinyl)","robots":{"index":"index","follow":"follow","max-snippet":"max-snippet:-1","max-image-preview":"max-image-preview:large","max-video-preview":"max-video-preview:-1"},"canonical":"https:\/\/wpguerssen-test.odoo.rgbconsulting.com\/es\/producto\/finding-peace-of-mind\/","og_locale":"es_ES","og_type":"article","og_title":"PEACE, Joe - Finding peace of mind -  (LP) | Guerssen","og_description":"Joe Peace is a Singer \/ Songwriter who recorded and released his only album privately in OHIO in 1972, after being a long time on road. Original albums nowadays became very rare and have in the meantime reached cult status among collectors. #nl# Inspired by Johnny Rivers, Buffalo Springfield but also by his reflections he made on road, he created ten catchy original songs. The musical spectrum ranges from westcoast, loner-folk to heavy psychedelic garage rock with an intense groove, deep and energetic vocals backed by stunning fuzz guitars. #nl# Truly an atmospheric album, first time available as vinyl-reissue! (ltd. Edition, heavy\/handmade gatefold cover, insert, 180 g vinyl)","og_url":"https:\/\/wpguerssen-test.odoo.rgbconsulting.com\/es\/producto\/finding-peace-of-mind\/","og_site_name":"Guerssen records","article_modified_time":"2024-02-15T16:51:04+00:00","og_image":[{"width":180,"height":180,"url":"https:\/\/wpguerssen-test.odoo.rgbconsulting.com\/wp-content\/uploads\/2022\/03\/12479.jpg","type":"image\/jpeg"}],"twitter_card":"summary_large_image","twitter_title":"PEACE, Joe - Finding peace of mind -  (LP) | Guerssen","schema":{"@context":"https:\/\/schema.org","@graph":[{"@type":"WebPage","@id":"https:\/\/wpguerssen-test.odoo.rgbconsulting.com\/es\/producto\/finding-peace-of-mind\/","url":"https:\/\/wpguerssen-test.odoo.rgbconsulting.com\/es\/producto\/finding-peace-of-mind\/","name":"PEACE, Joe - Finding peace of mind - (LP) | Guerssen","isPartOf":{"@id":"https:\/\/wpguerssen-test.odoo.rgbconsulting.com\/es\/#website"},"primaryImageOfPage":{"@id":"https:\/\/wpguerssen-test.odoo.rgbconsulting.com\/es\/producto\/finding-peace-of-mind\/#primaryimage"},"image":{"@id":"https:\/\/wpguerssen-test.odoo.rgbconsulting.com\/es\/producto\/finding-peace-of-mind\/#primaryimage"},"thumbnailUrl":"https:\/\/wpguerssen-test.odoo.rgbconsulting.com\/wp-content\/uploads\/2022\/03\/12479.jpg","datePublished":"2011-08-31T22:00:00+00:00","dateModified":"2024-02-15T16:51:04+00:00","description":"Joe Peace is a Singer \/ Songwriter who recorded and released his only album privately in OHIO in 1972, after being a long time on road. Original albums nowadays became very rare and have in the meantime reached cult status among collectors. #nl# Inspired by Johnny Rivers, Buffalo Springfield but also by his reflections he made on road, he created ten catchy original songs. The musical spectrum ranges from westcoast, loner-folk to heavy psychedelic garage rock with an intense groove, deep and energetic vocals backed by stunning fuzz guitars. #nl# Truly an atmospheric album, first time available as vinyl-reissue! (ltd. Edition, heavy\/handmade gatefold cover, insert, 180 g vinyl)","breadcrumb":{"@id":"https:\/\/wpguerssen-test.odoo.rgbconsulting.com\/es\/producto\/finding-peace-of-mind\/#breadcrumb"},"inLanguage":"es","potentialAction":[{"@type":"ReadAction","target":["https:\/\/wpguerssen-test.odoo.rgbconsulting.com\/es\/producto\/finding-peace-of-mind\/"]}]},{"@type":"ImageObject","inLanguage":"es","@id":"https:\/\/wpguerssen-test.odoo.rgbconsulting.com\/es\/producto\/finding-peace-of-mind\/#primaryimage","url":"https:\/\/wpguerssen-test.odoo.rgbconsulting.com\/wp-content\/uploads\/2022\/03\/12479.jpg","contentUrl":"https:\/\/wpguerssen-test.odoo.rgbconsulting.com\/wp-content\/uploads\/2022\/03\/12479.jpg","width":180,"height":180,"caption":"Joe - Finding peace of mind - WORLD IN SOUND (LP) | Guerssen"},{"@type":"BreadcrumbList","@id":"https:\/\/wpguerssen-test.odoo.rgbconsulting.com\/es\/producto\/finding-peace-of-mind\/#breadcrumb","itemListElement":[{"@type":"ListItem","position":1,"name":"Inicio","item":"https:\/\/wpguerssen-test.odoo.rgbconsulting.com\/es\/"},{"@type":"ListItem","position":2,"name":"Shop","item":"https:\/\/wpguerssen-test.odoo.rgbconsulting.com\/shop\/"},{"@type":"ListItem","position":3,"name":"Finding peace of mind"}]},{"@type":"WebSite","@id":"https:\/\/wpguerssen-test.odoo.rgbconsulting.com\/es\/#website","url":"https:\/\/wpguerssen-test.odoo.rgbconsulting.com\/es\/","name":"Guerssen records","description":"psychedelia - progressive - folk - garage ","publisher":{"@id":"https:\/\/wpguerssen-test.odoo.rgbconsulting.com\/es\/#organization"},"potentialAction":[{"@type":"SearchAction","target":{"@type":"EntryPoint","urlTemplate":"https:\/\/wpguerssen-test.odoo.rgbconsulting.com\/es\/?s={search_term_string}"},"query-input":{"@type":"PropertyValueSpecification","valueRequired":true,"valueName":"search_term_string"}}],"inLanguage":"es"},{"@type":"Organization","@id":"https:\/\/wpguerssen-test.odoo.rgbconsulting.com\/es\/#organization","name":"Guerssen records","url":"https:\/\/wpguerssen-test.odoo.rgbconsulting.com\/es\/","logo":{"@type":"ImageObject","inLanguage":"es","@id":"https:\/\/wpguerssen-test.odoo.rgbconsulting.com\/es\/#\/schema\/logo\/image\/","url":"https:\/\/wpguerssen-test.odoo.rgbconsulting.com\/wp-content\/uploads\/2022\/04\/Logo_Guerssen_trans_100.png","contentUrl":"https:\/\/wpguerssen-test.odoo.rgbconsulting.com\/wp-content\/uploads\/2022\/04\/Logo_Guerssen_trans_100.png","width":122,"height":100,"caption":"Guerssen records"},"image":{"@id":"https:\/\/wpguerssen-test.odoo.rgbconsulting.com\/es\/#\/schema\/logo\/image\/"}}]}},"_links":{"self":[{"href":"https:\/\/wpguerssen-test.odoo.rgbconsulting.com\/es\/wp-json\/wp\/v2\/product\/178027","targetHints":{"allow":["GET"]}}],"collection":[{"href":"https:\/\/wpguerssen-test.odoo.rgbconsulting.com\/es\/wp-json\/wp\/v2\/product"}],"about":[{"href":"https:\/\/wpguerssen-test.odoo.rgbconsulting.com\/es\/wp-json\/wp\/v2\/types\/product"}],"wp:featuredmedia":[{"embeddable":true,"href":"https:\/\/wpguerssen-test.odoo.rgbconsulting.com\/es\/wp-json\/wp\/v2\/media\/113098"}],"wp:attachment":[{"href":"https:\/\/wpguerssen-test.odoo.rgbconsulting.com\/es\/wp-json\/wp\/v2\/media?parent=178027"}],"wp:term":[{"taxonomy":"product_brand","embeddable":true,"href":"https:\/\/wpguerssen-test.odoo.rgbconsulting.com\/es\/wp-json\/wp\/v2\/product_brand?post=178027"},{"taxonomy":"product_cat","embeddable":true,"href":"https:\/\/wpguerssen-test.odoo.rgbconsulting.com\/es\/wp-json\/wp\/v2\/product_cat?post=178027"},{"taxonomy":"product_tag","embeddable":true,"href":"https:\/\/wpguerssen-test.odoo.rgbconsulting.com\/es\/wp-json\/wp\/v2\/product_tag?post=178027"}],"curies":[{"name":"wp","href":"https:\/\/api.w.org\/{rel}","templated":true}]}}