{"id":178069,"date":"2011-11-29T00:00:00","date_gmt":"2011-11-28T23:00:00","guid":{"rendered":"http:\/\/guerssen.hl1097.dinaserver.com\/product\/nadal\/"},"modified":"2025-04-15T13:44:44","modified_gmt":"2025-04-15T11:44:44","slug":"nadal","status":"publish","type":"product","link":"https:\/\/wpguerssen-test.odoo.rgbconsulting.com\/es\/producto\/nadal\/","title":{"rendered":"Nadal"},"content":{"rendered":"<p>Se hace dif\u00edcil cr\u00e9er que esto fuera parte de un disco catal\u00e1n de villancicos en el a\u00f1o 1973, pero as\u00ed es. El grupo de estudio GRUP ESTEL registr\u00f3 para este \u00e1lbum un pu\u00f1ado de canciones de psicod\u00e9lico acid-folk y folk-rock, con incre\u00edbles guitarras fuzz y wah-wah, moog y preciosas armon\u00edas vocales, adaptando cl\u00e1sicos villancicos catalanes a un moderno sonido folk-rock. <\/p>\n<p> Estamos encantados de introduciros en este sorprendente episodio de la historia del rock catal\u00e1n. En esta exclusiva edici\u00f3n encontrar\u00e9is cuatro canciones alucinantes que forman el conjunto de delirios psicod\u00e9licos del Grup Estel, en los que colabor\u00f3 de forma importante uno de los mejores guitarristas catalanes, Josep Maria Bardag\u00ed. <\/p>\n<p> Remasterizado a partir de las cintas originales, prensado en vinilo de 180g, con nuevo y exclusivo dise\u00f1o de portada, carpeta en cart\u00f3n de 350g, notas en Catal\u00e1n, Castellano e Ingl\u00e9s, y fotos in\u00e9ditas extra\u00eddas de los archivos personales de las cantantes, las hermanas Ros. Edici\u00f3n limitada a 500 copias.br><br \/>Tracklist: Sant Josep i la Mare de D\u00e9u &#8211; Fum, Fum, Fum &#8211; La Mare de D\u00e9u &#8211; El Noi de la Mare<\/p>\n","protected":false},"excerpt":{"rendered":"<p>Se hace dif\u00edcil cr\u00e9er que esto fuera parte de un disco catal\u00e1n de villancicos en el a\u00f1o 1973, pero as\u00ed es. El grupo de estudio GRUP ESTEL registr\u00f3 para este<a class=\"read\" href=\"https:\/\/wpguerssen-test.odoo.rgbconsulting.com\/es\/producto\/nadal\/\"> (...)<\/a>","protected":false},"featured_media":113209,"template":"","meta":{"_acf_changed":false},"product_brand":[],"product_cat":[21639,23271],"product_tag":[24190],"class_list":{"0":"post-178069","1":"product","2":"type-product","3":"status-publish","4":"has-post-thumbnail","6":"product_cat-psychedelic60s-70s-es","7":"product_cat-folk-60s-70s-es","8":"product_tag-sales-es","9":"pa_artist-grup-estel-es","10":"pa_format-maxi","11":"pa_gender-folk-60s-70s-psychedelic60s-70s","12":"pa_label-guerssen-es","13":"pa_location-spain-es","14":"pa_other-filters-vinyl-only-es","16":"first","17":"instock","18":"taxable","19":"shipping-taxable","20":"purchasable","21":"product-type-simple"},"acf":[],"yoast_head":"<!-- This site is optimized with the Yoast SEO plugin v24.9 - https:\/\/yoast.com\/wordpress\/plugins\/seo\/ -->\n<title>GRUP ESTEL - Nadal -  (MAXI) | Guerssen<\/title>\n<meta name=\"description\" content=\"Hard to believe this was part of a Catalan Christmas album back in 1973!!! Psychedelic acid-folk and folk-rock with stunning fuzz-wah guitar, moog and incredible vocal harmonies, revisiting classic old Christmas songs from Catalonia!!! #nl# We&#039;re glad to introduce you all to this major discovery with this very special release that includes four astounding tracks which are the Grup Estel psychedelic deliriums in full. #nl# Remastered from the original mastertapes, pressed in 180g vinyl, with new exclusive artwork printed in 350g carton covers, brief linernotes in Catalan, Spanish and English languages, and unseen photos from the personal archives of some members!!! Limited to 500 copies. #nl# Tracklist: Sant Josep i la Mare de D\u00e9u - Fum, Fum, Fum - La Mare de D\u00e9u - El Noi de la Mare\" \/>\n<meta name=\"robots\" content=\"index, follow, max-snippet:-1, max-image-preview:large, max-video-preview:-1\" \/>\n<link rel=\"canonical\" href=\"https:\/\/wpguerssen-test.odoo.rgbconsulting.com\/es\/producto\/nadal\/\" \/>\n<meta property=\"og:locale\" content=\"es_ES\" \/>\n<meta property=\"og:type\" content=\"article\" \/>\n<meta property=\"og:title\" content=\"GRUP ESTEL - Nadal -  (MAXI) | Guerssen\" \/>\n<meta property=\"og:description\" content=\"Hard to believe this was part of a Catalan Christmas album back in 1973!!! Psychedelic acid-folk and folk-rock with stunning fuzz-wah guitar, moog and incredible vocal harmonies, revisiting classic old Christmas songs from Catalonia!!! #nl# We&#039;re glad to introduce you all to this major discovery with this very special release that includes four astounding tracks which are the Grup Estel psychedelic deliriums in full. #nl# Remastered from the original mastertapes, pressed in 180g vinyl, with new exclusive artwork printed in 350g carton covers, brief linernotes in Catalan, Spanish and English languages, and unseen photos from the personal archives of some members!!! Limited to 500 copies. #nl# Tracklist: Sant Josep i la Mare de D\u00e9u - Fum, Fum, Fum - La Mare de D\u00e9u - El Noi de la Mare\" \/>\n<meta property=\"og:url\" content=\"https:\/\/wpguerssen-test.odoo.rgbconsulting.com\/es\/producto\/nadal\/\" \/>\n<meta property=\"og:site_name\" content=\"Guerssen records\" \/>\n<meta property=\"article:modified_time\" content=\"2025-04-15T11:44:44+00:00\" \/>\n<meta property=\"og:image\" content=\"https:\/\/wpguerssen-test.odoo.rgbconsulting.com\/wp-content\/uploads\/2022\/03\/12692.jpg\" \/>\n\t<meta property=\"og:image:width\" content=\"600\" \/>\n\t<meta property=\"og:image:height\" content=\"600\" \/>\n\t<meta property=\"og:image:type\" content=\"image\/jpeg\" \/>\n<meta name=\"twitter:card\" content=\"summary_large_image\" \/>\n<meta name=\"twitter:title\" content=\"GRUP ESTEL - Nadal -  (MAXI) | Guerssen\" \/>\n<meta name=\"twitter:label1\" content=\"Tiempo de lectura\" \/>\n\t<meta name=\"twitter:data1\" content=\"1 minuto\" \/>\n<script type=\"application\/ld+json\" class=\"yoast-schema-graph\">{\"@context\":\"https:\/\/schema.org\",\"@graph\":[{\"@type\":\"WebPage\",\"@id\":\"https:\/\/wpguerssen-test.odoo.rgbconsulting.com\/es\/producto\/nadal\/\",\"url\":\"https:\/\/wpguerssen-test.odoo.rgbconsulting.com\/es\/producto\/nadal\/\",\"name\":\"GRUP ESTEL - Nadal - (MAXI) | Guerssen\",\"isPartOf\":{\"@id\":\"https:\/\/wpguerssen-test.odoo.rgbconsulting.com\/es\/#website\"},\"primaryImageOfPage\":{\"@id\":\"https:\/\/wpguerssen-test.odoo.rgbconsulting.com\/es\/producto\/nadal\/#primaryimage\"},\"image\":{\"@id\":\"https:\/\/wpguerssen-test.odoo.rgbconsulting.com\/es\/producto\/nadal\/#primaryimage\"},\"thumbnailUrl\":\"https:\/\/wpguerssen-test.odoo.rgbconsulting.com\/wp-content\/uploads\/2022\/03\/12692.jpg\",\"datePublished\":\"2011-11-28T23:00:00+00:00\",\"dateModified\":\"2025-04-15T11:44:44+00:00\",\"description\":\"Hard to believe this was part of a Catalan Christmas album back in 1973!!! Psychedelic acid-folk and folk-rock with stunning fuzz-wah guitar, moog and incredible vocal harmonies, revisiting classic old Christmas songs from Catalonia!!! #nl# We're glad to introduce you all to this major discovery with this very special release that includes four astounding tracks which are the Grup Estel psychedelic deliriums in full. #nl# Remastered from the original mastertapes, pressed in 180g vinyl, with new exclusive artwork printed in 350g carton covers, brief linernotes in Catalan, Spanish and English languages, and unseen photos from the personal archives of some members!!! Limited to 500 copies. #nl# Tracklist: Sant Josep i la Mare de D\u00e9u - Fum, Fum, Fum - La Mare de D\u00e9u - El Noi de la Mare\",\"breadcrumb\":{\"@id\":\"https:\/\/wpguerssen-test.odoo.rgbconsulting.com\/es\/producto\/nadal\/#breadcrumb\"},\"inLanguage\":\"es\",\"potentialAction\":[{\"@type\":\"ReadAction\",\"target\":[\"https:\/\/wpguerssen-test.odoo.rgbconsulting.com\/es\/producto\/nadal\/\"]}]},{\"@type\":\"ImageObject\",\"inLanguage\":\"es\",\"@id\":\"https:\/\/wpguerssen-test.odoo.rgbconsulting.com\/es\/producto\/nadal\/#primaryimage\",\"url\":\"https:\/\/wpguerssen-test.odoo.rgbconsulting.com\/wp-content\/uploads\/2022\/03\/12692.jpg\",\"contentUrl\":\"https:\/\/wpguerssen-test.odoo.rgbconsulting.com\/wp-content\/uploads\/2022\/03\/12692.jpg\",\"width\":600,\"height\":600,\"caption\":\"GRUP ESTEL - Nadal - GUERSSEN (MAXI) | Guerssen\"},{\"@type\":\"BreadcrumbList\",\"@id\":\"https:\/\/wpguerssen-test.odoo.rgbconsulting.com\/es\/producto\/nadal\/#breadcrumb\",\"itemListElement\":[{\"@type\":\"ListItem\",\"position\":1,\"name\":\"Inicio\",\"item\":\"https:\/\/wpguerssen-test.odoo.rgbconsulting.com\/es\/\"},{\"@type\":\"ListItem\",\"position\":2,\"name\":\"Shop\",\"item\":\"https:\/\/wpguerssen-test.odoo.rgbconsulting.com\/shop\/\"},{\"@type\":\"ListItem\",\"position\":3,\"name\":\"Nadal\"}]},{\"@type\":\"WebSite\",\"@id\":\"https:\/\/wpguerssen-test.odoo.rgbconsulting.com\/es\/#website\",\"url\":\"https:\/\/wpguerssen-test.odoo.rgbconsulting.com\/es\/\",\"name\":\"Guerssen records\",\"description\":\"psychedelia - progressive - folk - garage \",\"publisher\":{\"@id\":\"https:\/\/wpguerssen-test.odoo.rgbconsulting.com\/es\/#organization\"},\"potentialAction\":[{\"@type\":\"SearchAction\",\"target\":{\"@type\":\"EntryPoint\",\"urlTemplate\":\"https:\/\/wpguerssen-test.odoo.rgbconsulting.com\/es\/?s={search_term_string}\"},\"query-input\":{\"@type\":\"PropertyValueSpecification\",\"valueRequired\":true,\"valueName\":\"search_term_string\"}}],\"inLanguage\":\"es\"},{\"@type\":\"Organization\",\"@id\":\"https:\/\/wpguerssen-test.odoo.rgbconsulting.com\/es\/#organization\",\"name\":\"Guerssen records\",\"url\":\"https:\/\/wpguerssen-test.odoo.rgbconsulting.com\/es\/\",\"logo\":{\"@type\":\"ImageObject\",\"inLanguage\":\"es\",\"@id\":\"https:\/\/wpguerssen-test.odoo.rgbconsulting.com\/es\/#\/schema\/logo\/image\/\",\"url\":\"https:\/\/wpguerssen-test.odoo.rgbconsulting.com\/wp-content\/uploads\/2022\/04\/Logo_Guerssen_trans_100.png\",\"contentUrl\":\"https:\/\/wpguerssen-test.odoo.rgbconsulting.com\/wp-content\/uploads\/2022\/04\/Logo_Guerssen_trans_100.png\",\"width\":122,\"height\":100,\"caption\":\"Guerssen records\"},\"image\":{\"@id\":\"https:\/\/wpguerssen-test.odoo.rgbconsulting.com\/es\/#\/schema\/logo\/image\/\"}}]}<\/script>\n<!-- \/ Yoast SEO plugin. -->","yoast_head_json":{"title":"GRUP ESTEL - Nadal -  (MAXI) | Guerssen","description":"Hard to believe this was part of a Catalan Christmas album back in 1973!!! Psychedelic acid-folk and folk-rock with stunning fuzz-wah guitar, moog and incredible vocal harmonies, revisiting classic old Christmas songs from Catalonia!!! #nl# We're glad to introduce you all to this major discovery with this very special release that includes four astounding tracks which are the Grup Estel psychedelic deliriums in full. #nl# Remastered from the original mastertapes, pressed in 180g vinyl, with new exclusive artwork printed in 350g carton covers, brief linernotes in Catalan, Spanish and English languages, and unseen photos from the personal archives of some members!!! Limited to 500 copies. #nl# Tracklist: Sant Josep i la Mare de D\u00e9u - Fum, Fum, Fum - La Mare de D\u00e9u - El Noi de la Mare","robots":{"index":"index","follow":"follow","max-snippet":"max-snippet:-1","max-image-preview":"max-image-preview:large","max-video-preview":"max-video-preview:-1"},"canonical":"https:\/\/wpguerssen-test.odoo.rgbconsulting.com\/es\/producto\/nadal\/","og_locale":"es_ES","og_type":"article","og_title":"GRUP ESTEL - Nadal -  (MAXI) | Guerssen","og_description":"Hard to believe this was part of a Catalan Christmas album back in 1973!!! Psychedelic acid-folk and folk-rock with stunning fuzz-wah guitar, moog and incredible vocal harmonies, revisiting classic old Christmas songs from Catalonia!!! #nl# We're glad to introduce you all to this major discovery with this very special release that includes four astounding tracks which are the Grup Estel psychedelic deliriums in full. #nl# Remastered from the original mastertapes, pressed in 180g vinyl, with new exclusive artwork printed in 350g carton covers, brief linernotes in Catalan, Spanish and English languages, and unseen photos from the personal archives of some members!!! Limited to 500 copies. #nl# Tracklist: Sant Josep i la Mare de D\u00e9u - Fum, Fum, Fum - La Mare de D\u00e9u - El Noi de la Mare","og_url":"https:\/\/wpguerssen-test.odoo.rgbconsulting.com\/es\/producto\/nadal\/","og_site_name":"Guerssen records","article_modified_time":"2025-04-15T11:44:44+00:00","og_image":[{"width":600,"height":600,"url":"https:\/\/wpguerssen-test.odoo.rgbconsulting.com\/wp-content\/uploads\/2022\/03\/12692.jpg","type":"image\/jpeg"}],"twitter_card":"summary_large_image","twitter_title":"GRUP ESTEL - Nadal -  (MAXI) | Guerssen","twitter_misc":{"Tiempo de lectura":"1 minuto"},"schema":{"@context":"https:\/\/schema.org","@graph":[{"@type":"WebPage","@id":"https:\/\/wpguerssen-test.odoo.rgbconsulting.com\/es\/producto\/nadal\/","url":"https:\/\/wpguerssen-test.odoo.rgbconsulting.com\/es\/producto\/nadal\/","name":"GRUP ESTEL - Nadal - (MAXI) | Guerssen","isPartOf":{"@id":"https:\/\/wpguerssen-test.odoo.rgbconsulting.com\/es\/#website"},"primaryImageOfPage":{"@id":"https:\/\/wpguerssen-test.odoo.rgbconsulting.com\/es\/producto\/nadal\/#primaryimage"},"image":{"@id":"https:\/\/wpguerssen-test.odoo.rgbconsulting.com\/es\/producto\/nadal\/#primaryimage"},"thumbnailUrl":"https:\/\/wpguerssen-test.odoo.rgbconsulting.com\/wp-content\/uploads\/2022\/03\/12692.jpg","datePublished":"2011-11-28T23:00:00+00:00","dateModified":"2025-04-15T11:44:44+00:00","description":"Hard to believe this was part of a Catalan Christmas album back in 1973!!! Psychedelic acid-folk and folk-rock with stunning fuzz-wah guitar, moog and incredible vocal harmonies, revisiting classic old Christmas songs from Catalonia!!! #nl# We're glad to introduce you all to this major discovery with this very special release that includes four astounding tracks which are the Grup Estel psychedelic deliriums in full. #nl# Remastered from the original mastertapes, pressed in 180g vinyl, with new exclusive artwork printed in 350g carton covers, brief linernotes in Catalan, Spanish and English languages, and unseen photos from the personal archives of some members!!! Limited to 500 copies. #nl# Tracklist: Sant Josep i la Mare de D\u00e9u - Fum, Fum, Fum - La Mare de D\u00e9u - El Noi de la Mare","breadcrumb":{"@id":"https:\/\/wpguerssen-test.odoo.rgbconsulting.com\/es\/producto\/nadal\/#breadcrumb"},"inLanguage":"es","potentialAction":[{"@type":"ReadAction","target":["https:\/\/wpguerssen-test.odoo.rgbconsulting.com\/es\/producto\/nadal\/"]}]},{"@type":"ImageObject","inLanguage":"es","@id":"https:\/\/wpguerssen-test.odoo.rgbconsulting.com\/es\/producto\/nadal\/#primaryimage","url":"https:\/\/wpguerssen-test.odoo.rgbconsulting.com\/wp-content\/uploads\/2022\/03\/12692.jpg","contentUrl":"https:\/\/wpguerssen-test.odoo.rgbconsulting.com\/wp-content\/uploads\/2022\/03\/12692.jpg","width":600,"height":600,"caption":"GRUP ESTEL - Nadal - GUERSSEN (MAXI) | Guerssen"},{"@type":"BreadcrumbList","@id":"https:\/\/wpguerssen-test.odoo.rgbconsulting.com\/es\/producto\/nadal\/#breadcrumb","itemListElement":[{"@type":"ListItem","position":1,"name":"Inicio","item":"https:\/\/wpguerssen-test.odoo.rgbconsulting.com\/es\/"},{"@type":"ListItem","position":2,"name":"Shop","item":"https:\/\/wpguerssen-test.odoo.rgbconsulting.com\/shop\/"},{"@type":"ListItem","position":3,"name":"Nadal"}]},{"@type":"WebSite","@id":"https:\/\/wpguerssen-test.odoo.rgbconsulting.com\/es\/#website","url":"https:\/\/wpguerssen-test.odoo.rgbconsulting.com\/es\/","name":"Guerssen records","description":"psychedelia - progressive - folk - garage ","publisher":{"@id":"https:\/\/wpguerssen-test.odoo.rgbconsulting.com\/es\/#organization"},"potentialAction":[{"@type":"SearchAction","target":{"@type":"EntryPoint","urlTemplate":"https:\/\/wpguerssen-test.odoo.rgbconsulting.com\/es\/?s={search_term_string}"},"query-input":{"@type":"PropertyValueSpecification","valueRequired":true,"valueName":"search_term_string"}}],"inLanguage":"es"},{"@type":"Organization","@id":"https:\/\/wpguerssen-test.odoo.rgbconsulting.com\/es\/#organization","name":"Guerssen records","url":"https:\/\/wpguerssen-test.odoo.rgbconsulting.com\/es\/","logo":{"@type":"ImageObject","inLanguage":"es","@id":"https:\/\/wpguerssen-test.odoo.rgbconsulting.com\/es\/#\/schema\/logo\/image\/","url":"https:\/\/wpguerssen-test.odoo.rgbconsulting.com\/wp-content\/uploads\/2022\/04\/Logo_Guerssen_trans_100.png","contentUrl":"https:\/\/wpguerssen-test.odoo.rgbconsulting.com\/wp-content\/uploads\/2022\/04\/Logo_Guerssen_trans_100.png","width":122,"height":100,"caption":"Guerssen records"},"image":{"@id":"https:\/\/wpguerssen-test.odoo.rgbconsulting.com\/es\/#\/schema\/logo\/image\/"}}]}},"_links":{"self":[{"href":"https:\/\/wpguerssen-test.odoo.rgbconsulting.com\/es\/wp-json\/wp\/v2\/product\/178069","targetHints":{"allow":["GET"]}}],"collection":[{"href":"https:\/\/wpguerssen-test.odoo.rgbconsulting.com\/es\/wp-json\/wp\/v2\/product"}],"about":[{"href":"https:\/\/wpguerssen-test.odoo.rgbconsulting.com\/es\/wp-json\/wp\/v2\/types\/product"}],"wp:featuredmedia":[{"embeddable":true,"href":"https:\/\/wpguerssen-test.odoo.rgbconsulting.com\/es\/wp-json\/wp\/v2\/media\/113209"}],"wp:attachment":[{"href":"https:\/\/wpguerssen-test.odoo.rgbconsulting.com\/es\/wp-json\/wp\/v2\/media?parent=178069"}],"wp:term":[{"taxonomy":"product_brand","embeddable":true,"href":"https:\/\/wpguerssen-test.odoo.rgbconsulting.com\/es\/wp-json\/wp\/v2\/product_brand?post=178069"},{"taxonomy":"product_cat","embeddable":true,"href":"https:\/\/wpguerssen-test.odoo.rgbconsulting.com\/es\/wp-json\/wp\/v2\/product_cat?post=178069"},{"taxonomy":"product_tag","embeddable":true,"href":"https:\/\/wpguerssen-test.odoo.rgbconsulting.com\/es\/wp-json\/wp\/v2\/product_tag?post=178069"}],"curies":[{"name":"wp","href":"https:\/\/api.w.org\/{rel}","templated":true}]}}